{"id":8301,"date":"2025-08-27T10:56:06","date_gmt":"2025-08-27T09:56:06","guid":{"rendered":"https:\/\/uk-gb.net\/north-coast-500-road-trip\/"},"modified":"2025-08-27T12:01:29","modified_gmt":"2025-08-27T11:01:29","slug":"north-coast-500-road-trip","status":"publish","type":"page","link":"https:\/\/uk-gb.net\/pt-pt\/north-coast-500-road-trip\/","title":{"rendered":"North Coast 500: guia completo de viagem pela Esc\u00f3cia"},"content":{"rendered":"\n<h1 class=\"wp-block-heading\">A viagem de carro brit\u00e2nica North Coast 500<\/h1>\n\n<p>A North Coast 500, muitas vezes referida como a &#8220;Rota 66 da Esc\u00f3cia&#8221;, \u00e9 uma das rotas de viagem mais bonitas da Europa. Esta rota de 830 quil\u00f3metros circunavega as Terras Altas do norte da Esc\u00f3cia, come\u00e7ando em <a href=\"https:\/\/uk-gb.net\/pt-pt\/visita-inverness-escocia\/\">Inverness<\/a> e seguindo costas selvagens, lagos misteriosos e castelos hist\u00f3ricos. Para os viajantes em busca de aventura, paisagens deslumbrantes e autenticidade escocesa, a NC500 tornou-se um itiner\u00e1rio obrigat\u00f3rio.  <\/p>\n\n<h2 class=\"wp-block-heading\">Porqu\u00ea escolher a North Coast 500?<\/h2>\n\n<p>Esta viagem \u00e9 \u00fanica na medida em que combina v\u00e1rias experi\u00eancias numa \u00fanica viagem:<\/p>\n\n<ul class=\"wp-block-list\">\n<li>panoramas espectaculares com fal\u00e9sias, praias de areia branca e montanhas majestosas<\/li>\n\n\n\n<li>estradas sinuosas ideais para os amantes da condu\u00e7\u00e3o<\/li>\n\n\n\n<li>paragens culturais com castelos, destilarias de whisky e aldeias piscat\u00f3rias<\/li>\n\n\n\n<li>a possibilidade de observar animais selvagens raros: veados, golfinhos, focas e, por vezes, at\u00e9 \u00e1guias-reais<\/li>\n<\/ul>\n\n<p>\u00c9 um percurso que agrada tanto aos entusiastas da natureza como aos amantes da hist\u00f3ria e das tradi\u00e7\u00f5es locais.<\/p>\n\n<figure class=\"wp-block-image size-large\"><img decoding=\"async\" src=\"https:\/\/uk-gb.net\/wp-content\/uploads\/2025\/06\/north-coast-500-road-trip-1024x576.jpeg\" alt=\"Viagem de carro North Coast 500\" class=\"wp-image-7715\"\/><figcaption class=\"wp-element-caption\">Imagem da viagem de carro North Coast 500<\/figcaption><\/figure>\n\n<h2 class=\"wp-block-heading\">O itiner\u00e1rio em pormenor<\/h2>\n\n<p>O ponto de partida \u00e9 geralmente <a href=\"https:\/\/uk-gb.net\/pt-pt\/visita-inverness-escocia\/\">Inverness<\/a>, a capital das Highlands. A partir da\u00ed, o itiner\u00e1rio toma a forma de um circuito: <\/p>\n\n<ul class=\"wp-block-list\">\n<li><strong>Costa leste<\/strong>: <a href=\"https:\/\/www.dunrobincastle.co.uk\/\">castelos de Dunrobin<\/a>, penhascos \u00edngremes e aldeias piscat\u00f3rias<\/li>\n\n\n\n<li><strong>Costa norte<\/strong>: paisagens selvagens, praias isoladas e estradas com pouco tr\u00e2nsito<\/li>\n\n\n\n<li><strong>Costa oeste<\/strong>: montanhas, lagos, estradas estreitas e vistas espectaculares<\/li>\n\n\n\n<li><strong>Regresso a Inverness<\/strong>: via a <a href=\"https:\/\/www.akissfromuk.com\/visiter-torridon-wester-ross-ecosse\">regi\u00e3o de Torridon<\/a> e a sua paisagem impressionante<\/li>\n<\/ul>\n\n<p>Em m\u00e9dia, precisas de <strong>7 a 10 dias<\/strong> para desfrutar ao m\u00e1ximo da Costa Norte 500, embora alguns viajantes optem por explor\u00e1-la em quinze dias para fazer o maior n\u00famero poss\u00edvel de paragens.<\/p>\n\n<h2 class=\"wp-block-heading\">Quando \u00e9 que deves levar a NC500 numa viagem de carro?<\/h2>\n\n<p>O per\u00edodo ideal depende do tipo de experi\u00eancia que procuras:<\/p>\n\n<ul class=\"wp-block-list\">\n<li><strong>ver\u00e3o<\/strong>: \u00e9 a \u00e9poca alta do turismo, com dias longos (at\u00e9 18 horas de luz do dia em junho) e temperaturas agrad\u00e1veis. \u00c9 a altura ideal para fazer caminhadas, praticar desportos aqu\u00e1ticos e desfrutar ao m\u00e1ximo da paisagem. Por outro lado, as estradas e os alojamentos s\u00e3o mais movimentados.  <\/li>\n\n\n\n<li><strong>abril e outubro<\/strong>: estes meses de meia esta\u00e7\u00e3o oferecem uma excelente alternativa, com menos pessoas e um ambiente mais selvagem. As cores outonais de outubro conferem um encanto especial \u00e0s Highlands. No entanto, o clima pode ser inst\u00e1vel, com mais chuva e vento.  <\/li>\n\n\n\n<li><strong>inverno<\/strong>: os dias s\u00e3o curtos e algumas estradas podem ser dif\u00edceis, mas a experi\u00eancia \u00e9 \u00fanica para os amantes da solid\u00e3o e das paisagens cobertas de neve. \u00c9 tamb\u00e9m uma \u00f3ptima altura para ver as Luzes do Norte no norte da Esc\u00f3cia, desde que estejas bem preparado. <\/li>\n<\/ul>\n\n<h2 class=\"wp-block-heading\">O imperd\u00edvel North Coast 500<\/h2>\n\n<p>Entre as muitas etapas poss\u00edveis, algumas s\u00e3o absolutamente imperd\u00edveis:<\/p>\n\n<ul class=\"wp-block-list\">\n<li><a href=\"https:\/\/www.dunrobincastle.co.uk\/\">Castelo de Dunrobin<\/a> e os seus jardins inspirados em Versalhes<\/li>\n\n\n\n<li>As <a href=\"https:\/\/scotland.nordicvisitor.com\/travel-guide\/attractions\/northern-highlands\/durness-beach\/\">praias de areia branca de Durness<\/a><\/li>\n\n\n\n<li>A pitoresca aldeia de <a href=\"https:\/\/www.ullapool.com\/\">Ullapool<\/a><\/li>\n\n\n\n<li>As estradas espectaculares de <a href=\"https:\/\/en.wikipedia.org\/wiki\/Bealach_na_B%C3%A0\">Bealach na B\u00e0<\/a> (Passo de Applecross)<\/li>\n\n\n\n<li>Destilarias de whisky escoc\u00eas na costa leste<\/li>\n<\/ul>\n\n<div style=\"height:10px\" aria-hidden=\"true\" class=\"wp-block-spacer\"><\/div>\n\n<h2 class=\"wp-block-heading\">Conselhos pr\u00e1ticos para uma viagem de carro bem sucedida<\/h2>\n\n<p>Uma viagem de carro na Costa Norte 500 exige um m\u00ednimo de organiza\u00e7\u00e3o para a aproveitares ao m\u00e1ximo. Aqui tens algumas recomenda\u00e7\u00f5es \u00fateis: <\/p>\n\n<ol class=\"wp-block-list\">\n<li><strong>Escolher o ve\u00edculo certo<\/strong>: um carro convencional \u00e9 suficiente, mas uma carrinha ou autocaravana d\u00e1-te mais liberdade. Tem em conta que algumas estradas s\u00e3o muito estreitas e sinuosas. <\/li>\n\n\n\n<li><strong>Reserva com anteced\u00eancia na \u00e9poca alta<\/strong>: os alojamentos (hot\u00e9is, B&amp;B, pousadas) esgotam-se rapidamente no ver\u00e3o. Para uma maior flexibilidade, os parques de campismo e de autocaravanas s\u00e3o uma boa alternativa. <\/li>\n\n\n\n<li>Certifica-te <strong>de que tens uma liga\u00e7\u00e3o offline<\/strong>: algumas zonas das Highlands n\u00e3o t\u00eam cobertura de rede. Descarrega mapas GPS com anteced\u00eancia ou leva um mapa em papel contigo. <\/li>\n\n\n\n<li><strong>Traz roupa adequada<\/strong>: o clima escoc\u00eas \u00e9 imprevis\u00edvel. N\u00e3o \u00e9 invulgar experimentar as quatro esta\u00e7\u00f5es num s\u00f3 dia. \u00c9 essencial trazer roupa de chuva, velo e botas de caminhada.  <\/li>\n\n\n\n<li><strong>N\u00e3o<\/strong> tenhas <strong>pressa<\/strong>: algumas estradas s\u00e3o de via \u00fanica, com locais de passagem para outros ve\u00edculos. \u00c9 melhor conduzires devagar e apreciares as vistas. <\/li>\n\n\n\n<li><strong>Respeita a natureza e a popula\u00e7\u00e3o local<\/strong>: a NC500 passa por zonas fr\u00e1geis e comunidades locais. Apanha o teu lixo, evita acampar sem autoriza\u00e7\u00e3o e tem respeito pelas pequenas aldeias. <\/li>\n\n\n\n<li><strong>Formalidades de viagem<\/strong>: Os viajantes devem apresentar um visto ou obter uma <a href=\"https:\/\/uk-gb.net\/pt-pt\/eta-inglaterra-reino-unido\/\">ETA para o Reino Unido<\/a> antes de embarcarem.<\/li>\n<\/ol>\n\n<p><\/p>\n","protected":false},"excerpt":{"rendered":"<p>A viagem de carro brit\u00e2nica North Coast 500 A North Coast 500, muitas vezes referida como a &#8220;Rota 66 da Esc\u00f3cia&#8221;, \u00e9 uma das rotas de viagem mais bonitas da Europa. Esta rota de 830 quil\u00f3metros circunavega as Terras Altas do norte da Esc\u00f3cia, come\u00e7ando em Inverness e seguindo costas selvagens, lagos misteriosos e castelos [&hellip;]<\/p>\n","protected":false},"author":1,"featured_media":0,"parent":0,"menu_order":0,"comment_status":"closed","ping_status":"closed","template":"","meta":{"footnotes":""},"class_list":["post-8301","page","type-page","status-publish","hentry"],"yoast_head":"<!-- This site is optimized with the Yoast SEO plugin v27.3 - https:\/\/yoast.com\/product\/yoast-seo-wordpress\/ -->\n<title>North Coast 500: guia completo de viagem pela Esc\u00f3cia - UK GB<\/title>\n<meta name=\"description\" content=\"Descobre a North Coast 500, a lend\u00e1ria viagem de carro pelas Terras Altas da Esc\u00f3cia. Itiner\u00e1rio e conselhos pr\u00e1ticos para uma viagem bem sucedida.\" \/>\n<meta name=\"robots\" content=\"index, follow, max-snippet:-1, max-image-preview:large, max-video-preview:-1\" \/>\n<link rel=\"canonical\" href=\"https:\/\/uk-gb.net\/pt-pt\/north-coast-500-road-trip\/\" \/>\n<meta property=\"og:locale\" content=\"pt_PT\" \/>\n<meta property=\"og:type\" content=\"article\" \/>\n<meta property=\"og:title\" content=\"North Coast 500: guia completo de viagem pela Esc\u00f3cia - UK GB\" \/>\n<meta property=\"og:description\" content=\"Descobre a North Coast 500, a lend\u00e1ria viagem de carro pelas Terras Altas da Esc\u00f3cia. Itiner\u00e1rio e conselhos pr\u00e1ticos para uma viagem bem sucedida.\" \/>\n<meta property=\"og:url\" content=\"https:\/\/uk-gb.net\/pt-pt\/north-coast-500-road-trip\/\" \/>\n<meta property=\"og:site_name\" content=\"UK GB\" \/>\n<meta property=\"article:modified_time\" content=\"2025-08-27T11:01:29+00:00\" \/>\n<meta property=\"og:image\" content=\"https:\/\/uk-gb.net\/wp-content\/uploads\/2025\/06\/north-coast-500-road-trip-e1750836403638.jpeg\" \/>\n\t<meta property=\"og:image:width\" content=\"1103\" \/>\n\t<meta property=\"og:image:height\" content=\"553\" \/>\n\t<meta property=\"og:image:type\" content=\"image\/jpeg\" \/>\n<meta name=\"twitter:card\" content=\"summary_large_image\" \/>\n<meta name=\"twitter:label1\" content=\"Tempo estimado de leitura\" \/>\n\t<meta name=\"twitter:data1\" content=\"4 minutos\" \/>\n<script type=\"application\/ld+json\" class=\"yoast-schema-graph\">{\"@context\":\"https:\\\/\\\/schema.org\",\"@graph\":[{\"@type\":\"WebPage\",\"@id\":\"https:\\\/\\\/uk-gb.net\\\/pt-pt\\\/north-coast-500-road-trip\\\/\",\"url\":\"https:\\\/\\\/uk-gb.net\\\/pt-pt\\\/north-coast-500-road-trip\\\/\",\"name\":\"North Coast 500: guia completo de viagem pela Esc\u00f3cia - UK GB\",\"isPartOf\":{\"@id\":\"https:\\\/\\\/uk-gb.net\\\/pt-pt\\\/#website\"},\"primaryImageOfPage\":{\"@id\":\"https:\\\/\\\/uk-gb.net\\\/pt-pt\\\/north-coast-500-road-trip\\\/#primaryimage\"},\"image\":{\"@id\":\"https:\\\/\\\/uk-gb.net\\\/pt-pt\\\/north-coast-500-road-trip\\\/#primaryimage\"},\"thumbnailUrl\":\"https:\\\/\\\/uk-gb.net\\\/wp-content\\\/uploads\\\/2025\\\/06\\\/north-coast-500-road-trip-1024x576.jpeg\",\"datePublished\":\"2025-08-27T09:56:06+00:00\",\"dateModified\":\"2025-08-27T11:01:29+00:00\",\"description\":\"Descobre a North Coast 500, a lend\u00e1ria viagem de carro pelas Terras Altas da Esc\u00f3cia. Itiner\u00e1rio e conselhos pr\u00e1ticos para uma viagem bem sucedida.\",\"inLanguage\":\"pt-PT\",\"potentialAction\":[{\"@type\":\"ReadAction\",\"target\":[\"https:\\\/\\\/uk-gb.net\\\/pt-pt\\\/north-coast-500-road-trip\\\/\"]}]},{\"@type\":\"ImageObject\",\"inLanguage\":\"pt-PT\",\"@id\":\"https:\\\/\\\/uk-gb.net\\\/pt-pt\\\/north-coast-500-road-trip\\\/#primaryimage\",\"url\":\"https:\\\/\\\/uk-gb.net\\\/wp-content\\\/uploads\\\/2025\\\/06\\\/north-coast-500-road-trip-1024x576.jpeg\",\"contentUrl\":\"https:\\\/\\\/uk-gb.net\\\/wp-content\\\/uploads\\\/2025\\\/06\\\/north-coast-500-road-trip-1024x576.jpeg\"},{\"@type\":\"WebSite\",\"@id\":\"https:\\\/\\\/uk-gb.net\\\/pt-pt\\\/#website\",\"url\":\"https:\\\/\\\/uk-gb.net\\\/pt-pt\\\/\",\"name\":\"UK GB\",\"description\":\"Travel to the UK\",\"potentialAction\":[{\"@type\":\"SearchAction\",\"target\":{\"@type\":\"EntryPoint\",\"urlTemplate\":\"https:\\\/\\\/uk-gb.net\\\/pt-pt\\\/?s={search_term_string}\"},\"query-input\":{\"@type\":\"PropertyValueSpecification\",\"valueRequired\":true,\"valueName\":\"search_term_string\"}}],\"inLanguage\":\"pt-PT\"}]}<\/script>\n<!-- \/ Yoast SEO plugin. -->","yoast_head_json":{"title":"North Coast 500: guia completo de viagem pela Esc\u00f3cia - UK GB","description":"Descobre a North Coast 500, a lend\u00e1ria viagem de carro pelas Terras Altas da Esc\u00f3cia. Itiner\u00e1rio e conselhos pr\u00e1ticos para uma viagem bem sucedida.","robots":{"index":"index","follow":"follow","max-snippet":"max-snippet:-1","max-image-preview":"max-image-preview:large","max-video-preview":"max-video-preview:-1"},"canonical":"https:\/\/uk-gb.net\/pt-pt\/north-coast-500-road-trip\/","og_locale":"pt_PT","og_type":"article","og_title":"North Coast 500: guia completo de viagem pela Esc\u00f3cia - UK GB","og_description":"Descobre a North Coast 500, a lend\u00e1ria viagem de carro pelas Terras Altas da Esc\u00f3cia. Itiner\u00e1rio e conselhos pr\u00e1ticos para uma viagem bem sucedida.","og_url":"https:\/\/uk-gb.net\/pt-pt\/north-coast-500-road-trip\/","og_site_name":"UK GB","article_modified_time":"2025-08-27T11:01:29+00:00","og_image":[{"width":1103,"height":553,"url":"https:\/\/uk-gb.net\/wp-content\/uploads\/2025\/06\/north-coast-500-road-trip-e1750836403638.jpeg","type":"image\/jpeg"}],"twitter_card":"summary_large_image","twitter_misc":{"Tempo estimado de leitura":"4 minutos"},"schema":{"@context":"https:\/\/schema.org","@graph":[{"@type":"WebPage","@id":"https:\/\/uk-gb.net\/pt-pt\/north-coast-500-road-trip\/","url":"https:\/\/uk-gb.net\/pt-pt\/north-coast-500-road-trip\/","name":"North Coast 500: guia completo de viagem pela Esc\u00f3cia - UK GB","isPartOf":{"@id":"https:\/\/uk-gb.net\/pt-pt\/#website"},"primaryImageOfPage":{"@id":"https:\/\/uk-gb.net\/pt-pt\/north-coast-500-road-trip\/#primaryimage"},"image":{"@id":"https:\/\/uk-gb.net\/pt-pt\/north-coast-500-road-trip\/#primaryimage"},"thumbnailUrl":"https:\/\/uk-gb.net\/wp-content\/uploads\/2025\/06\/north-coast-500-road-trip-1024x576.jpeg","datePublished":"2025-08-27T09:56:06+00:00","dateModified":"2025-08-27T11:01:29+00:00","description":"Descobre a North Coast 500, a lend\u00e1ria viagem de carro pelas Terras Altas da Esc\u00f3cia. Itiner\u00e1rio e conselhos pr\u00e1ticos para uma viagem bem sucedida.","inLanguage":"pt-PT","potentialAction":[{"@type":"ReadAction","target":["https:\/\/uk-gb.net\/pt-pt\/north-coast-500-road-trip\/"]}]},{"@type":"ImageObject","inLanguage":"pt-PT","@id":"https:\/\/uk-gb.net\/pt-pt\/north-coast-500-road-trip\/#primaryimage","url":"https:\/\/uk-gb.net\/wp-content\/uploads\/2025\/06\/north-coast-500-road-trip-1024x576.jpeg","contentUrl":"https:\/\/uk-gb.net\/wp-content\/uploads\/2025\/06\/north-coast-500-road-trip-1024x576.jpeg"},{"@type":"WebSite","@id":"https:\/\/uk-gb.net\/pt-pt\/#website","url":"https:\/\/uk-gb.net\/pt-pt\/","name":"UK GB","description":"Travel to the UK","potentialAction":[{"@type":"SearchAction","target":{"@type":"EntryPoint","urlTemplate":"https:\/\/uk-gb.net\/pt-pt\/?s={search_term_string}"},"query-input":{"@type":"PropertyValueSpecification","valueRequired":true,"valueName":"search_term_string"}}],"inLanguage":"pt-PT"}]}},"_links":{"self":[{"href":"https:\/\/uk-gb.net\/pt-pt\/wp-json\/wp\/v2\/pages\/8301","targetHints":{"allow":["GET"]}}],"collection":[{"href":"https:\/\/uk-gb.net\/pt-pt\/wp-json\/wp\/v2\/pages"}],"about":[{"href":"https:\/\/uk-gb.net\/pt-pt\/wp-json\/wp\/v2\/types\/page"}],"author":[{"embeddable":true,"href":"https:\/\/uk-gb.net\/pt-pt\/wp-json\/wp\/v2\/users\/1"}],"replies":[{"embeddable":true,"href":"https:\/\/uk-gb.net\/pt-pt\/wp-json\/wp\/v2\/comments?post=8301"}],"version-history":[{"count":0,"href":"https:\/\/uk-gb.net\/pt-pt\/wp-json\/wp\/v2\/pages\/8301\/revisions"}],"wp:attachment":[{"href":"https:\/\/uk-gb.net\/pt-pt\/wp-json\/wp\/v2\/media?parent=8301"}],"curies":[{"name":"wp","href":"https:\/\/api.w.org\/{rel}","templated":true}]}}