{"id":825,"date":"2023-12-07T14:52:18","date_gmt":"2023-12-07T14:52:18","guid":{"rendered":"https:\/\/uk-gb.net\/sistema-de-pontos-visto-para-inglaterra-pbs\/"},"modified":"2025-07-17T15:22:03","modified_gmt":"2025-07-17T14:22:03","slug":"sistema-de-pontos-visto-para-inglaterra-pbs","status":"publish","type":"page","link":"https:\/\/uk-gb.net\/pt-pt\/sistema-de-pontos-visto-para-inglaterra-pbs\/","title":{"rendered":"Sistema de pontos PBS para obter um visto para Inglaterra"},"content":{"rendered":"\n<h1 class=\"wp-block-heading\">O sistema de pontos PBS para obter um visto para o Reino Unido<\/h1>\n\n<p>Desde que deixou a Uni\u00e3o Europeia, o Reino Unido introduziu um <strong>sistema de imigra\u00e7\u00e3o baseado em pontos<\/strong>, tamb\u00e9m conhecido como <strong>PBS (Points-Based System)<\/strong>. O PBS refor\u00e7a o <a href=\"https:\/\/uk-gb.net\/pt-pt\/procedimento-visto-reino-unido\/\">processo de pedido de visto no Reino Unido<\/a>. O sistema aplica-se aos cidad\u00e3os estrangeiros que pretendam trabalhar, estudar ou viver no Reino Unido, independentemente da sua nacionalidade.  <\/p>\n\n<h2 class=\"wp-block-heading\">O que \u00e9 o sistema baseado em pontos do Reino Unido?<\/h2>\n\n<p>O <a href=\"https:\/\/www.gov.uk\/government\/publications\/uk-points-based-immigration-system-employer-information\/the-uks-points-based-immigration-system-an-introduction-for-employers\">sistema de pontos PBS<\/a> \u00e9 um sistema de avalia\u00e7\u00e3o que atribui um n\u00famero de pontos a cada requerente de um <a href=\"https:\/\/uk-gb.net\/pt-pt\/diferentes-tipos-de-vistos-britanicos\/\">visto para o Reino Unido<\/a>, de acordo com crit\u00e9rios claramente definidos. Para obter um visto, os requerentes devem atingir um <strong>limite m\u00ednimo de pontos<\/strong>, geralmente fixado em <strong>70 pontos<\/strong>. <\/p>\n\n<p>O objetivo deste sistema \u00e9 favorecer perfis qualificados e independentes que respondam \u00e0s necessidades econ\u00f3micas do pa\u00eds, nomeadamente nos sectores com escassez de m\u00e3o de obra (sa\u00fade, tecnologia, engenharia, etc.).<\/p>\n\n<h2 class=\"wp-block-heading\">Quem \u00e9 afetado pelo sistema PBS?<\/h2>\n\n<p>O sistema baseado em pontos aplica-se a v\u00e1rios tipos de vistos, incluindo :<\/p>\n\n<ul class=\"wp-block-list\">\n<li>Visto de trabalhador <strong>qualificado<\/strong> <\/li>\n\n\n\n<li>O <strong>visto de Talento Global<\/strong><\/li>\n\n\n\n<li><strong>Visto de estudante<\/strong><\/li>\n\n\n\n<li>O <strong>visto do Fundador Inovador<\/strong><\/li>\n\n\n\n<li>O visto de trabalhador <strong>tempor\u00e1rio<\/strong> <\/li>\n<\/ul>\n\n<div style=\"height:10px\" aria-hidden=\"true\" class=\"wp-block-spacer\"><\/div>\n\n<p>Cada tipo de visto tem os seus pr\u00f3prios crit\u00e9rios e limiares de pontos.<\/p>\n\n<h2 class=\"wp-block-heading\">Como \u00e9 que os pontos s\u00e3o atribu\u00eddos?<\/h2>\n\n<p>Os pontos s\u00e3o atribu\u00eddos com base numa s\u00e9rie de factores, incluindo :<\/p>\n\n<figure class=\"wp-block-table\"><table><thead><tr><th class=\"has-text-align-left\" data-align=\"left\"><strong>Crit\u00e9rios<\/strong><\/th><th class=\"has-text-align-center\" data-align=\"center\"><strong>N\u00famero de pontos<\/strong><\/th><th class=\"has-text-align-center\" data-align=\"center\"><strong>\u00c9 obrigat\u00f3rio?<\/strong><\/th><\/tr><\/thead><tbody><tr><td class=\"has-text-align-left\" data-align=\"left\">Oferta de emprego validada por um patrocinador<\/td><td class=\"has-text-align-center\" data-align=\"center\">20 pontos<\/td><td class=\"has-text-align-center\" data-align=\"center\">Sim<\/td><\/tr><tr><td class=\"has-text-align-left\" data-align=\"left\">N\u00edvel de qualifica\u00e7\u00e3o profissional<\/td><td class=\"has-text-align-center\" data-align=\"center\">20 pontos<\/td><td class=\"has-text-align-center\" data-align=\"center\">Sim<\/td><\/tr><tr><td class=\"has-text-align-left\" data-align=\"left\">Conhecimentos de ingl\u00eas (n\u00edvel B1)<\/td><td class=\"has-text-align-center\" data-align=\"center\">10 pontos<\/td><td class=\"has-text-align-center\" data-align=\"center\">Sim<\/td><\/tr><tr><td class=\"has-text-align-left\" data-align=\"left\">Sal\u00e1rio anual de \u00a326.200 ou mais<\/td><td class=\"has-text-align-center\" data-align=\"center\">20 pontos<\/td><td class=\"has-text-align-center\" data-align=\"center\">Sim (com algumas excep\u00e7\u00f5es)<\/td><\/tr><tr><td class=\"has-text-align-left\" data-align=\"left\">Ocupa\u00e7\u00e3o em falta<\/td><td class=\"has-text-align-center\" data-align=\"center\">20 pontos<\/td><td class=\"has-text-align-center\" data-align=\"center\">N\u00e3o<\/td><\/tr><tr><td class=\"has-text-align-left\" data-align=\"left\">Doutoramento (STEM)<\/td><td class=\"has-text-align-center\" data-align=\"center\">10 a 20 pontos<\/td><td class=\"has-text-align-center\" data-align=\"center\">N\u00e3o<\/td><\/tr><\/tbody><\/table><figcaption class=\"wp-element-caption\">Exemplo: Um trabalhador qualificado com uma oferta de emprego numa profiss\u00e3o em r\u00e1pido crescimento, um bom n\u00edvel de ingl\u00eas e um sal\u00e1rio superior a \u00a326.200 consegue facilmente os 70 pontos necess\u00e1rios.<\/figcaption><\/figure>\n\n<h2 class=\"wp-block-heading\">Quais s\u00e3o os passos necess\u00e1rios para te candidatares atrav\u00e9s do sistema PBS?<\/h2>\n\n<ol class=\"wp-block-list\">\n<li>Identificar o <a href=\"https:\/\/uk-gb.net\/pt-pt\/diferentes-tipos-de-vistos-britanicos\/\">tipo de visto para o Reino Unido<\/a> que corresponde ao teu perfil<\/li>\n\n\n\n<li>Verifica os crit\u00e9rios de elegibilidade e calcula os teus pontos<\/li>\n\n\n\n<li>Obt\u00e9m um patrocinador ou uma carta de patroc\u00ednio (empregador, universidade, etc.)<\/li>\n\n\n\n<li>Re\u00fane os documentos comprovativos necess\u00e1rios (contrato de trabalho, certificado de ingl\u00eas, comprovativos financeiros, etc.)<\/li>\n\n\n\n<li>Preenche o formul\u00e1rio em linha em <a href=\"https:\/\/www.gov.uk\/\">gov.uk<\/a><\/li>\n\n\n\n<li>Paga <a href=\"https:\/\/uk-gb.net\/pt-pt\/preco-do-visto-para-inglaterra\/\">as taxas de visto<\/a> e a taxa de sa\u00fade (IHS)<\/li>\n\n\n\n<li>Marca <a href=\"https:\/\/uk-gb.net\/pt-pt\/nomeacao-de-visto-embaixada-inglaterra\/\">uma entrevista na embaixada<\/a><\/li>\n<\/ol>\n\n<div style=\"height:10px\" aria-hidden=\"true\" class=\"wp-block-spacer\"><\/div>\n\n<h2 class=\"wp-block-heading\">Especificidades do visto de estudante no sistema PBS<\/h2>\n\n<p>Para um <a href=\"https:\/\/uk-gb.net\/pt-pt\/visto-de-estudante-para-inglaterra\/\">visto de estudante<\/a>, os pontos s\u00e3o atribu\u00eddos da seguinte forma:<\/p>\n\n<ul class=\"wp-block-list\">\n<li>50 pontos: confirma\u00e7\u00e3o da aceita\u00e7\u00e3o dos estudos (CAS) por uma institui\u00e7\u00e3o acreditada<\/li>\n\n\n\n<li>10 pontos: prova de recursos financeiros suficientes<\/li>\n\n\n\n<li>10 pontos: profici\u00eancia em ingl\u00eas (n\u00edvel B2, no m\u00ednimo, na maioria dos casos)<\/li>\n<\/ul>\n\n<div style=\"height:10px\" aria-hidden=\"true\" class=\"wp-block-spacer\"><\/div>\n\n<p>Tamb\u00e9m precisas de <strong>70 pontos<\/strong> para obteres um visto de estudante.<\/p>\n","protected":false},"excerpt":{"rendered":"<p>O sistema de pontos PBS para obter um visto para o Reino Unido Desde que deixou a Uni\u00e3o Europeia, o Reino Unido introduziu um sistema de imigra\u00e7\u00e3o baseado em pontos, tamb\u00e9m conhecido como PBS (Points-Based System). O PBS refor\u00e7a o processo de pedido de visto no Reino Unido. O sistema aplica-se aos cidad\u00e3os estrangeiros que [&hellip;]<\/p>\n","protected":false},"author":1,"featured_media":0,"parent":0,"menu_order":0,"comment_status":"closed","ping_status":"closed","template":"","meta":{"footnotes":""},"class_list":["post-825","page","type-page","status-publish","hentry"],"yoast_head":"<!-- This site is optimized with the Yoast SEO plugin v27.3 - https:\/\/yoast.com\/product\/yoast-seo-wordpress\/ -->\n<title>Sistema de pontos PBS para obter um visto para Inglaterra - UK GB<\/title>\n<meta name=\"description\" content=\"O sistema PBS destina-se a trabalhadores qualificados, estudantes internacionais e perfis inovadores que pretendam trabalhar no Reino Unido.\" \/>\n<meta name=\"robots\" content=\"index, follow, max-snippet:-1, max-image-preview:large, max-video-preview:-1\" \/>\n<link rel=\"canonical\" href=\"https:\/\/uk-gb.net\/pt-pt\/sistema-de-pontos-visto-para-inglaterra-pbs\/\" \/>\n<meta property=\"og:locale\" content=\"pt_PT\" \/>\n<meta property=\"og:type\" content=\"article\" \/>\n<meta property=\"og:title\" content=\"Sistema de pontos PBS para obter um visto para Inglaterra - UK GB\" \/>\n<meta property=\"og:description\" content=\"O sistema PBS destina-se a trabalhadores qualificados, estudantes internacionais e perfis inovadores que pretendam trabalhar no Reino Unido.\" \/>\n<meta property=\"og:url\" content=\"https:\/\/uk-gb.net\/pt-pt\/sistema-de-pontos-visto-para-inglaterra-pbs\/\" \/>\n<meta property=\"og:site_name\" content=\"UK GB\" \/>\n<meta property=\"article:modified_time\" content=\"2025-07-17T14:22:03+00:00\" \/>\n<meta name=\"twitter:card\" content=\"summary_large_image\" \/>\n<meta name=\"twitter:label1\" content=\"Tempo estimado de leitura\" \/>\n\t<meta name=\"twitter:data1\" content=\"2 minutos\" \/>\n<script type=\"application\/ld+json\" class=\"yoast-schema-graph\">{\"@context\":\"https:\\\/\\\/schema.org\",\"@graph\":[{\"@type\":\"WebPage\",\"@id\":\"https:\\\/\\\/uk-gb.net\\\/pt-pt\\\/sistema-de-pontos-visto-para-inglaterra-pbs\\\/\",\"url\":\"https:\\\/\\\/uk-gb.net\\\/pt-pt\\\/sistema-de-pontos-visto-para-inglaterra-pbs\\\/\",\"name\":\"Sistema de pontos PBS para obter um visto para Inglaterra - UK GB\",\"isPartOf\":{\"@id\":\"https:\\\/\\\/uk-gb.net\\\/pt-pt\\\/#website\"},\"datePublished\":\"2023-12-07T14:52:18+00:00\",\"dateModified\":\"2025-07-17T14:22:03+00:00\",\"description\":\"O sistema PBS destina-se a trabalhadores qualificados, estudantes internacionais e perfis inovadores que pretendam trabalhar no Reino Unido.\",\"inLanguage\":\"pt-PT\",\"potentialAction\":[{\"@type\":\"ReadAction\",\"target\":[\"https:\\\/\\\/uk-gb.net\\\/pt-pt\\\/sistema-de-pontos-visto-para-inglaterra-pbs\\\/\"]}]},{\"@type\":\"WebSite\",\"@id\":\"https:\\\/\\\/uk-gb.net\\\/pt-pt\\\/#website\",\"url\":\"https:\\\/\\\/uk-gb.net\\\/pt-pt\\\/\",\"name\":\"UK GB\",\"description\":\"Travel to the UK\",\"potentialAction\":[{\"@type\":\"SearchAction\",\"target\":{\"@type\":\"EntryPoint\",\"urlTemplate\":\"https:\\\/\\\/uk-gb.net\\\/pt-pt\\\/?s={search_term_string}\"},\"query-input\":{\"@type\":\"PropertyValueSpecification\",\"valueRequired\":true,\"valueName\":\"search_term_string\"}}],\"inLanguage\":\"pt-PT\"}]}<\/script>\n<!-- \/ Yoast SEO plugin. -->","yoast_head_json":{"title":"Sistema de pontos PBS para obter um visto para Inglaterra - UK GB","description":"O sistema PBS destina-se a trabalhadores qualificados, estudantes internacionais e perfis inovadores que pretendam trabalhar no Reino Unido.","robots":{"index":"index","follow":"follow","max-snippet":"max-snippet:-1","max-image-preview":"max-image-preview:large","max-video-preview":"max-video-preview:-1"},"canonical":"https:\/\/uk-gb.net\/pt-pt\/sistema-de-pontos-visto-para-inglaterra-pbs\/","og_locale":"pt_PT","og_type":"article","og_title":"Sistema de pontos PBS para obter um visto para Inglaterra - UK GB","og_description":"O sistema PBS destina-se a trabalhadores qualificados, estudantes internacionais e perfis inovadores que pretendam trabalhar no Reino Unido.","og_url":"https:\/\/uk-gb.net\/pt-pt\/sistema-de-pontos-visto-para-inglaterra-pbs\/","og_site_name":"UK GB","article_modified_time":"2025-07-17T14:22:03+00:00","twitter_card":"summary_large_image","twitter_misc":{"Tempo estimado de leitura":"2 minutos"},"schema":{"@context":"https:\/\/schema.org","@graph":[{"@type":"WebPage","@id":"https:\/\/uk-gb.net\/pt-pt\/sistema-de-pontos-visto-para-inglaterra-pbs\/","url":"https:\/\/uk-gb.net\/pt-pt\/sistema-de-pontos-visto-para-inglaterra-pbs\/","name":"Sistema de pontos PBS para obter um visto para Inglaterra - UK GB","isPartOf":{"@id":"https:\/\/uk-gb.net\/pt-pt\/#website"},"datePublished":"2023-12-07T14:52:18+00:00","dateModified":"2025-07-17T14:22:03+00:00","description":"O sistema PBS destina-se a trabalhadores qualificados, estudantes internacionais e perfis inovadores que pretendam trabalhar no Reino Unido.","inLanguage":"pt-PT","potentialAction":[{"@type":"ReadAction","target":["https:\/\/uk-gb.net\/pt-pt\/sistema-de-pontos-visto-para-inglaterra-pbs\/"]}]},{"@type":"WebSite","@id":"https:\/\/uk-gb.net\/pt-pt\/#website","url":"https:\/\/uk-gb.net\/pt-pt\/","name":"UK GB","description":"Travel to the UK","potentialAction":[{"@type":"SearchAction","target":{"@type":"EntryPoint","urlTemplate":"https:\/\/uk-gb.net\/pt-pt\/?s={search_term_string}"},"query-input":{"@type":"PropertyValueSpecification","valueRequired":true,"valueName":"search_term_string"}}],"inLanguage":"pt-PT"}]}},"_links":{"self":[{"href":"https:\/\/uk-gb.net\/pt-pt\/wp-json\/wp\/v2\/pages\/825","targetHints":{"allow":["GET"]}}],"collection":[{"href":"https:\/\/uk-gb.net\/pt-pt\/wp-json\/wp\/v2\/pages"}],"about":[{"href":"https:\/\/uk-gb.net\/pt-pt\/wp-json\/wp\/v2\/types\/page"}],"author":[{"embeddable":true,"href":"https:\/\/uk-gb.net\/pt-pt\/wp-json\/wp\/v2\/users\/1"}],"replies":[{"embeddable":true,"href":"https:\/\/uk-gb.net\/pt-pt\/wp-json\/wp\/v2\/comments?post=825"}],"version-history":[{"count":0,"href":"https:\/\/uk-gb.net\/pt-pt\/wp-json\/wp\/v2\/pages\/825\/revisions"}],"wp:attachment":[{"href":"https:\/\/uk-gb.net\/pt-pt\/wp-json\/wp\/v2\/media?parent=825"}],"curies":[{"name":"wp","href":"https:\/\/api.w.org\/{rel}","templated":true}]}}