{"id":819,"date":"2023-12-07T16:48:46","date_gmt":"2023-12-07T16:48:46","guid":{"rendered":"https:\/\/uk-gb.net\/nomeacao-de-visto-embaixada-inglaterra\/"},"modified":"2025-12-02T07:53:06","modified_gmt":"2025-12-02T07:53:06","slug":"nomeacao-de-visto-embaixada-inglaterra","status":"publish","type":"page","link":"https:\/\/uk-gb.net\/pt-pt\/nomeacao-de-visto-embaixada-inglaterra\/","title":{"rendered":"Entrevista na embaixada do Reino Unido para pedir um visto"},"content":{"rendered":"\n<h1 class=\"wp-block-heading\">Visita a Embaixada do Reino Unido para pedir um visto<\/h1>\n\n<p>Os cidad\u00e3os estrangeiros que pretendam viajar para o Reino Unido e que n\u00e3o sejam eleg\u00edveis para a ETA devem obter um visto. Para o efeito, \u00e9 geralmente necess\u00e1ria <g id=\"gid_0\">uma entrevista consular<\/g>. Esta entrevista tem lugar num <strong>centro de pedidos de visto aprovado<\/strong> ou diretamente numa <a href=\"https:\/\/uk-gb.net\/pt-pt\/embaixada-britanica-em-portugal\/\">embaixada brit\u00e2nica<\/a>, dependendo do pa\u00eds de resid\u00eancia.   Podes consultar a <a href=\"https:\/\/www.gov.uk\/find-a-visa-application-centre\">lista dos centros de pedido de visto por pa\u00eds<\/a> para marcar uma entrevista no centro mais pr\u00f3ximo de ti.<\/p>\n\n<p><strong>Para uma estadia de curta dura\u00e7\u00e3o<\/strong>: N\u00e3o \u00e9 necess\u00e1rio obter um visto; basta preencher o <a href=\"https:\/\/uk-gb.net\/pt-pt\/formulario-visto-eta-online-inglaterra\/\">formul\u00e1rio ETA em linha<\/a>.<\/p>\n\n<div style=\"height:10px\" aria-hidden=\"true\" class=\"wp-block-spacer\"><\/div>\n\n<h2 class=\"wp-block-heading\">Porque \u00e9 que a manuten\u00e7\u00e3o \u00e9 necess\u00e1ria?<\/h2>\n\n<p>A entrevista consular \u00e9 uma fase crucial do processo de pedido de visto. Permite \u00e0s autoridades brit\u00e2nicas : <\/p>\n\n<ul class=\"wp-block-list\">\n<li>Verifica a identidade do requerente<\/li>\n\n\n\n<li>Avaliar a sinceridade dos teus planos de viagem<\/li>\n\n\n\n<li>Assegura que o requerente cumpre as condi\u00e7\u00f5es de entrada e que sair\u00e1 do Reino Unido quando o seu visto caducar<\/li>\n<\/ul>\n\n<p>Esta entrevista ajuda a <strong>evitar fraudes<\/strong> e a garantir que apenas as pessoas que preenchem os crit\u00e9rios de elegibilidade recebem um visto.<\/p>\n\n<h2 class=\"wp-block-heading\">Documentos a trazer no dia da entrevista<\/h2>\n\n<p>No dia da tua consulta, deves trazer os seguintes documentos:<\/p>\n\n<ul class=\"wp-block-list\">\n<li><strong>Confirma\u00e7\u00e3o impressa da marca\u00e7\u00e3o<\/strong> recebida por correio eletr\u00f3nico<\/li>\n\n\n\n<li><strong>Recibo de pagamento<\/strong> dos <a href=\"https:\/\/uk-gb.net\/pt-pt\/preco-do-visto-para-inglaterra\/\">emolumentos pelo pedido de visto<\/a><\/li>\n\n\n\n<li><strong>Passaporte v\u00e1lido<\/strong> (ou autoriza\u00e7\u00e3o de resid\u00eancia original, se aplic\u00e1vel)<\/li>\n\n\n\n<li>Todos os <strong>documentos comprovativos necess\u00e1rios<\/strong>, com c\u00f3pias para o processo<\/li>\n\n\n\n<li>A <strong>p\u00e1gina de rosto<\/strong> impressa <strong>do formul\u00e1rio de pedido de visto<\/strong> <\/li>\n<\/ul>\n\n<div style=\"height:10px\" aria-hidden=\"true\" class=\"wp-block-spacer\"><\/div>\n\n<p>Certifica-te de que todos os documentos s\u00e3o <strong>originais<\/strong>, claros e est\u00e3o actualizados. A falta de documentos pode atrasar ou mesmo cancelar o teu processo. <\/p>\n\n<h2 class=\"wp-block-heading\">Como \u00e9 que funciona uma marca\u00e7\u00e3o na embaixada?<\/h2>\n\n<p>\u00c9 aconselh\u00e1vel chegar ao centro <strong>pelo menos 15 minutos antes da hora marcada<\/strong>, a fim de passar pelos controlos de seguran\u00e7a. Depois de entrares no centro, segues geralmente os passos seguintes: <\/p>\n\n<ol class=\"wp-block-list\">\n<li><strong>Verifica\u00e7\u00e3o da identidade e dos documentos<\/strong><\/li>\n\n\n\n<li><strong>Impress\u00e3o digital e fotografia biom\u00e9trica<\/strong><\/li>\n\n\n\n<li><strong>Entrevista com um funcion\u00e1rio consular<\/strong><\/li>\n<\/ol>\n\n<div style=\"height:10px\" aria-hidden=\"true\" class=\"wp-block-spacer\"><\/div>\n\n<p>A entrevista \u00e9 geralmente efectuada em <strong>ingl\u00eas<\/strong>. Em certos casos, o agente pode exprimir-se na l\u00edngua local, se a dominar. As perguntas feitas destinam-se a esclarecer :  <\/p>\n\n<ul class=\"wp-block-list\">\n<li>O <strong>motivo da tua estadia<\/strong> no Reino Unido<\/li>\n\n\n\n<li>O <strong>programa de viagem<\/strong>: datas, locais, alojamento<\/li>\n\n\n\n<li><strong>Capacidade financeira<\/strong> para cobrir os custos da estadia e da viagem de regresso<\/li>\n<\/ul>\n\n<div style=\"height:10px\" aria-hidden=\"true\" class=\"wp-block-spacer\"><\/div>\n\n<h2 class=\"wp-block-heading\">Quanto tempo dura a entrevista?<\/h2>\n\n<p>Em m\u00e9dia, a entrevista para obter um visto para o Reino Unido dura cerca de <strong>30 minutos<\/strong>, mas este tempo pode variar consoante a complexidade do caso. Se o funcion\u00e1rio consular considerar necess\u00e1rio aprofundar determinados pontos, a entrevista pode durar <strong>at\u00e9 uma hora ou mais<\/strong>. <\/p>\n\n<h2 class=\"wp-block-heading\">E depois da consulta?<\/h2>\n\n<p>Uma vez terminada a entrevista, o centro reter\u00e1 o teu passaporte enquanto o pedido \u00e9 processado. Receber\u00e1s <g id=\"gid_0\">uma notifica\u00e7\u00e3o por correio eletr\u00f3nico ou mensagem de texto<\/g> assim que a decis\u00e3o for tomada. O passaporte ser-te-\u00e1 ent\u00e3o devolvido por correio ou recolhido no centro, consoante a op\u00e7\u00e3o que escolheste ao marcar a entrevista.  <\/p>\n\n<p><strong>Nota<\/strong>: Em caso de emerg\u00eancia ou de prazos curtos, alguns centros oferecem <strong>servi\u00e7os acelerados<\/strong> mediante um custo adicional.<\/p>\n","protected":false},"excerpt":{"rendered":"<p>Visita a Embaixada do Reino Unido para pedir um visto Os cidad\u00e3os estrangeiros que pretendam viajar para o Reino Unido e que n\u00e3o sejam eleg\u00edveis para a ETA devem obter um visto. Para o efeito, \u00e9 geralmente necess\u00e1ria uma entrevista consular. Esta entrevista tem lugar num centro de pedidos de visto aprovado ou diretamente numa [&hellip;]<\/p>\n","protected":false},"author":1,"featured_media":0,"parent":0,"menu_order":0,"comment_status":"closed","ping_status":"closed","template":"","meta":{"footnotes":""},"class_list":["post-819","page","type-page","status-publish","hentry"],"yoast_head":"<!-- This site is optimized with the Yoast SEO plugin v27.3 - https:\/\/yoast.com\/product\/yoast-seo-wordpress\/ -->\n<title>Entrevista na embaixada do Reino Unido para pedir um visto - UK GB<\/title>\n<meta name=\"description\" content=\"Como marcar uma entrevista com a Embaixada Brit\u00e2nica para finalizar o seu pedido de visto para o Reino Unido\" \/>\n<meta name=\"robots\" content=\"index, follow, max-snippet:-1, max-image-preview:large, max-video-preview:-1\" \/>\n<link rel=\"canonical\" href=\"https:\/\/uk-gb.net\/pt-pt\/nomeacao-de-visto-embaixada-inglaterra\/\" \/>\n<meta property=\"og:locale\" content=\"pt_PT\" \/>\n<meta property=\"og:type\" content=\"article\" \/>\n<meta property=\"og:title\" content=\"Entrevista na embaixada do Reino Unido para pedir um visto - UK GB\" \/>\n<meta property=\"og:description\" content=\"Como marcar uma entrevista com a Embaixada Brit\u00e2nica para finalizar o seu pedido de visto para o Reino Unido\" \/>\n<meta property=\"og:url\" content=\"https:\/\/uk-gb.net\/pt-pt\/nomeacao-de-visto-embaixada-inglaterra\/\" \/>\n<meta property=\"og:site_name\" content=\"UK GB\" \/>\n<meta property=\"article:modified_time\" content=\"2025-12-02T07:53:06+00:00\" \/>\n<meta name=\"twitter:card\" content=\"summary_large_image\" \/>\n<meta name=\"twitter:label1\" content=\"Tempo estimado de leitura\" \/>\n\t<meta name=\"twitter:data1\" content=\"3 minutos\" \/>\n<script type=\"application\/ld+json\" class=\"yoast-schema-graph\">{\"@context\":\"https:\\\/\\\/schema.org\",\"@graph\":[{\"@type\":\"WebPage\",\"@id\":\"https:\\\/\\\/uk-gb.net\\\/pt-pt\\\/nomeacao-de-visto-embaixada-inglaterra\\\/\",\"url\":\"https:\\\/\\\/uk-gb.net\\\/pt-pt\\\/nomeacao-de-visto-embaixada-inglaterra\\\/\",\"name\":\"Entrevista na embaixada do Reino Unido para pedir um visto - UK GB\",\"isPartOf\":{\"@id\":\"https:\\\/\\\/uk-gb.net\\\/pt-pt\\\/#website\"},\"datePublished\":\"2023-12-07T16:48:46+00:00\",\"dateModified\":\"2025-12-02T07:53:06+00:00\",\"description\":\"Como marcar uma entrevista com a Embaixada Brit\u00e2nica para finalizar o seu pedido de visto para o Reino Unido\",\"inLanguage\":\"pt-PT\",\"potentialAction\":[{\"@type\":\"ReadAction\",\"target\":[\"https:\\\/\\\/uk-gb.net\\\/pt-pt\\\/nomeacao-de-visto-embaixada-inglaterra\\\/\"]}]},{\"@type\":\"WebSite\",\"@id\":\"https:\\\/\\\/uk-gb.net\\\/pt-pt\\\/#website\",\"url\":\"https:\\\/\\\/uk-gb.net\\\/pt-pt\\\/\",\"name\":\"UK GB\",\"description\":\"Travel to the UK\",\"potentialAction\":[{\"@type\":\"SearchAction\",\"target\":{\"@type\":\"EntryPoint\",\"urlTemplate\":\"https:\\\/\\\/uk-gb.net\\\/pt-pt\\\/?s={search_term_string}\"},\"query-input\":{\"@type\":\"PropertyValueSpecification\",\"valueRequired\":true,\"valueName\":\"search_term_string\"}}],\"inLanguage\":\"pt-PT\"}]}<\/script>\n<!-- \/ Yoast SEO plugin. -->","yoast_head_json":{"title":"Entrevista na embaixada do Reino Unido para pedir um visto - UK GB","description":"Como marcar uma entrevista com a Embaixada Brit\u00e2nica para finalizar o seu pedido de visto para o Reino Unido","robots":{"index":"index","follow":"follow","max-snippet":"max-snippet:-1","max-image-preview":"max-image-preview:large","max-video-preview":"max-video-preview:-1"},"canonical":"https:\/\/uk-gb.net\/pt-pt\/nomeacao-de-visto-embaixada-inglaterra\/","og_locale":"pt_PT","og_type":"article","og_title":"Entrevista na embaixada do Reino Unido para pedir um visto - UK GB","og_description":"Como marcar uma entrevista com a Embaixada Brit\u00e2nica para finalizar o seu pedido de visto para o Reino Unido","og_url":"https:\/\/uk-gb.net\/pt-pt\/nomeacao-de-visto-embaixada-inglaterra\/","og_site_name":"UK GB","article_modified_time":"2025-12-02T07:53:06+00:00","twitter_card":"summary_large_image","twitter_misc":{"Tempo estimado de leitura":"3 minutos"},"schema":{"@context":"https:\/\/schema.org","@graph":[{"@type":"WebPage","@id":"https:\/\/uk-gb.net\/pt-pt\/nomeacao-de-visto-embaixada-inglaterra\/","url":"https:\/\/uk-gb.net\/pt-pt\/nomeacao-de-visto-embaixada-inglaterra\/","name":"Entrevista na embaixada do Reino Unido para pedir um visto - UK GB","isPartOf":{"@id":"https:\/\/uk-gb.net\/pt-pt\/#website"},"datePublished":"2023-12-07T16:48:46+00:00","dateModified":"2025-12-02T07:53:06+00:00","description":"Como marcar uma entrevista com a Embaixada Brit\u00e2nica para finalizar o seu pedido de visto para o Reino Unido","inLanguage":"pt-PT","potentialAction":[{"@type":"ReadAction","target":["https:\/\/uk-gb.net\/pt-pt\/nomeacao-de-visto-embaixada-inglaterra\/"]}]},{"@type":"WebSite","@id":"https:\/\/uk-gb.net\/pt-pt\/#website","url":"https:\/\/uk-gb.net\/pt-pt\/","name":"UK GB","description":"Travel to the UK","potentialAction":[{"@type":"SearchAction","target":{"@type":"EntryPoint","urlTemplate":"https:\/\/uk-gb.net\/pt-pt\/?s={search_term_string}"},"query-input":{"@type":"PropertyValueSpecification","valueRequired":true,"valueName":"search_term_string"}}],"inLanguage":"pt-PT"}]}},"_links":{"self":[{"href":"https:\/\/uk-gb.net\/pt-pt\/wp-json\/wp\/v2\/pages\/819","targetHints":{"allow":["GET"]}}],"collection":[{"href":"https:\/\/uk-gb.net\/pt-pt\/wp-json\/wp\/v2\/pages"}],"about":[{"href":"https:\/\/uk-gb.net\/pt-pt\/wp-json\/wp\/v2\/types\/page"}],"author":[{"embeddable":true,"href":"https:\/\/uk-gb.net\/pt-pt\/wp-json\/wp\/v2\/users\/1"}],"replies":[{"embeddable":true,"href":"https:\/\/uk-gb.net\/pt-pt\/wp-json\/wp\/v2\/comments?post=819"}],"version-history":[{"count":0,"href":"https:\/\/uk-gb.net\/pt-pt\/wp-json\/wp\/v2\/pages\/819\/revisions"}],"wp:attachment":[{"href":"https:\/\/uk-gb.net\/pt-pt\/wp-json\/wp\/v2\/media?parent=819"}],"curies":[{"name":"wp","href":"https:\/\/api.w.org\/{rel}","templated":true}]}}