{"id":810,"date":"2023-12-07T16:41:44","date_gmt":"2023-12-07T16:41:44","guid":{"rendered":"https:\/\/uk-gb.net\/preco-do-visto-para-inglaterra\/"},"modified":"2025-11-17T16:55:32","modified_gmt":"2025-11-17T16:55:32","slug":"preco-do-visto-para-inglaterra","status":"publish","type":"page","link":"https:\/\/uk-gb.net\/pt-pt\/preco-do-visto-para-inglaterra\/","title":{"rendered":"Custo da obten\u00e7\u00e3o de um visto para viajar para Inglaterra"},"content":{"rendered":"\n<h1 class=\"wp-block-heading\">Quanto custa um visto para viajar para o Reino Unido?<\/h1>\n\n<p>Todos os pedidos de visto para o Reino Unido est\u00e3o sujeitos a uma taxa obrigat\u00f3ria. Esta taxa cobre os custos administrativos da an\u00e1lise e do tratamento dos pedidos. A taxa varia consoante o <strong>tipo de visto solicitado<\/strong>, a <strong>dura\u00e7\u00e3o da estada<\/strong> e <strong>o pa\u00eds de resid\u00eancia do requerente<\/strong>.  <\/p>\n\n<p><strong>Para uma estadia tur\u00edstica <\/strong>: N\u00e3o \u00e9 necess\u00e1rio obter um visto; basta preencher o <a href=\"https:\/\/uk-gb.net\/pt-pt\/formulario-visto-eta-online-inglaterra\/\">formul\u00e1rio ETA em linha<\/a>.<\/p>\n\n<div style=\"height:10px\" aria-hidden=\"true\" class=\"wp-block-spacer\"><\/div>\n\n<p>Para o ano <strong>de 2025<\/strong>, eis alguns exemplos indicativos:<\/p>\n\n<figure class=\"wp-block-table\"><table><tbody><tr><td><strong>Visto de Visitante<\/strong><\/td><td class=\"has-text-align-center\" data-align=\"center\"><strong>Taxas de visto<\/strong><\/td><\/tr><tr><td><a href=\"https:\/\/uk-gb.net\/pt-pt\/visto-turista-inglaterra-reino-unido\/\">Visto de turista<\/a> de curta dura\u00e7\u00e3o, at\u00e9 6 meses<\/td><td class=\"has-text-align-center\" data-align=\"center\">\u00a3 115<\/td><\/tr><tr><td>Visto de visitante de longa dura\u00e7\u00e3o (2 anos)<\/td><td class=\"has-text-align-center\" data-align=\"center\">\u00a3 400<\/td><\/tr><tr><td>Visto de visitante de longa dura\u00e7\u00e3o (5 anos)<\/td><td class=\"has-text-align-center\" data-align=\"center\">\u00a3 771<\/td><\/tr><tr><td>Visto de visitante de longa dura\u00e7\u00e3o (10 anos)<\/td><td class=\"has-text-align-center\" data-align=\"center\">\u00a3 963<\/td><\/tr><\/tbody><\/table><figcaption class=\"wp-element-caption\">Tabela de emolumentos para vistos de visitantes<\/figcaption><\/figure>\n\n<figure class=\"wp-block-table\"><table><tbody><tr><td><strong>Visto de tr\u00e2nsito<\/strong><\/td><td class=\"has-text-align-center\" data-align=\"center\"><strong><strong>Taxas de visto<\/strong><\/strong><\/td><\/tr><tr><td>Visto de tr\u00e2nsito aeroportu\u00e1rio direto (DATV) para os passageiros que permanecem na zona internacional<\/td><td class=\"has-text-align-center\" data-align=\"center\">\u00a3 39<\/td><\/tr><tr><td>Visto de visitante em tr\u00e2nsito: para passageiros que t\u00eam de passar pelo controlo fronteiri\u00e7o<\/td><td class=\"has-text-align-center\" data-align=\"center\">\u00a3 64<\/td><\/tr><\/tbody><\/table><figcaption class=\"wp-element-caption\">Estes vistos permitem uma estadia m\u00e1xima de 48 horas no Reino Unido.<\/figcaption><\/figure>\n\n<div style=\"height:10px\" aria-hidden=\"true\" class=\"wp-block-spacer\"><\/div>\n\n<h2 class=\"wp-block-heading\">Taxas de visto de estudante para o Reino Unido<\/h2>\n\n<p>Os estudantes internacionais que pretendam estudar no Reino Unido devem obter um <a href=\"https:\/\/uk-gb.net\/pt-pt\/visto-de-estudante-para-inglaterra\/\">visto de estudante<\/a>.<\/p>\n\n<figure class=\"wp-block-table\"><table><tbody><tr><td><strong>Visto de estudante de curta dura\u00e7\u00e3o<\/strong><\/td><td class=\"has-text-align-center\" data-align=\"center\"><strong><strong>Taxas de visto<\/strong><\/strong><\/td><\/tr><tr><td>Taxa de pedido de visto<\/td><td class=\"has-text-align-center\" data-align=\"center\">\u00a3 524<\/td><\/tr><tr><td>Sobretaxa de sa\u00fade dos imigrantes por ano<\/td><td class=\"has-text-align-center\" data-align=\"center\">\u00a3 776<\/td><\/tr><\/tbody><\/table><figcaption class=\"wp-element-caption\">O pagamento do IHS \u00e9 obrigat\u00f3rio e d\u00e1 acesso ao Servi\u00e7o Nacional de Sa\u00fade durante toda a tua estadia.<\/figcaption><\/figure>\n\n<div style=\"height:10px\" aria-hidden=\"true\" class=\"wp-block-spacer\"><\/div>\n\n<h2 class=\"wp-block-heading\">Os custos do visto para o Reino Unido podem ser pagos na moeda local?<\/h2>\n\n<p>As taxas de visto s\u00e3o fixadas em <strong>libras esterlinas (\u00a3)<\/strong>. No entanto, o pagamento pode normalmente ser efectuado na <g id=\"gid_1\">moeda local<\/g> do pa\u00eds de resid\u00eancia, com base na taxa de c\u00e2mbio aplicada pelo governo do Reino Unido. Esta taxa \u00e9 actualizada regularmente e \u00e9 aplicada automaticamente quando fazes o pagamento em linha.  <\/p>\n","protected":false},"excerpt":{"rendered":"<p>Quanto custa um visto para viajar para o Reino Unido? Todos os pedidos de visto para o Reino Unido est\u00e3o sujeitos a uma taxa obrigat\u00f3ria. Esta taxa cobre os custos administrativos da an\u00e1lise e do tratamento dos pedidos. A taxa varia consoante o tipo de visto solicitado, a dura\u00e7\u00e3o da estada e o pa\u00eds de [&hellip;]<\/p>\n","protected":false},"author":1,"featured_media":0,"parent":0,"menu_order":0,"comment_status":"closed","ping_status":"closed","template":"","meta":{"footnotes":""},"class_list":["post-810","page","type-page","status-publish","hentry"],"yoast_head":"<!-- This site is optimized with the Yoast SEO plugin v27.3 - https:\/\/yoast.com\/product\/yoast-seo-wordpress\/ -->\n<title>Custo da obten\u00e7\u00e3o de um visto para viajar para Inglaterra - UK GB<\/title>\n<meta name=\"description\" content=\"Quais s\u00e3o os emolumentos administrativos para requerer um visto para viajar no Reino Unido?\" \/>\n<meta name=\"robots\" content=\"index, follow, max-snippet:-1, max-image-preview:large, max-video-preview:-1\" \/>\n<link rel=\"canonical\" href=\"https:\/\/uk-gb.net\/pt-pt\/preco-do-visto-para-inglaterra\/\" \/>\n<meta property=\"og:locale\" content=\"pt_PT\" \/>\n<meta property=\"og:type\" content=\"article\" \/>\n<meta property=\"og:title\" content=\"Custo da obten\u00e7\u00e3o de um visto para viajar para Inglaterra - UK GB\" \/>\n<meta property=\"og:description\" content=\"Quais s\u00e3o os emolumentos administrativos para requerer um visto para viajar no Reino Unido?\" \/>\n<meta property=\"og:url\" content=\"https:\/\/uk-gb.net\/pt-pt\/preco-do-visto-para-inglaterra\/\" \/>\n<meta property=\"og:site_name\" content=\"UK GB\" \/>\n<meta property=\"article:modified_time\" content=\"2025-11-17T16:55:32+00:00\" \/>\n<meta name=\"twitter:card\" content=\"summary_large_image\" \/>\n<meta name=\"twitter:label1\" content=\"Tempo estimado de leitura\" \/>\n\t<meta name=\"twitter:data1\" content=\"2 minutos\" \/>\n<script type=\"application\/ld+json\" class=\"yoast-schema-graph\">{\"@context\":\"https:\\\/\\\/schema.org\",\"@graph\":[{\"@type\":\"WebPage\",\"@id\":\"https:\\\/\\\/uk-gb.net\\\/pt-pt\\\/preco-do-visto-para-inglaterra\\\/\",\"url\":\"https:\\\/\\\/uk-gb.net\\\/pt-pt\\\/preco-do-visto-para-inglaterra\\\/\",\"name\":\"Custo da obten\u00e7\u00e3o de um visto para viajar para Inglaterra - UK GB\",\"isPartOf\":{\"@id\":\"https:\\\/\\\/uk-gb.net\\\/pt-pt\\\/#website\"},\"datePublished\":\"2023-12-07T16:41:44+00:00\",\"dateModified\":\"2025-11-17T16:55:32+00:00\",\"description\":\"Quais s\u00e3o os emolumentos administrativos para requerer um visto para viajar no Reino Unido?\",\"inLanguage\":\"pt-PT\",\"potentialAction\":[{\"@type\":\"ReadAction\",\"target\":[\"https:\\\/\\\/uk-gb.net\\\/pt-pt\\\/preco-do-visto-para-inglaterra\\\/\"]}]},{\"@type\":\"WebSite\",\"@id\":\"https:\\\/\\\/uk-gb.net\\\/pt-pt\\\/#website\",\"url\":\"https:\\\/\\\/uk-gb.net\\\/pt-pt\\\/\",\"name\":\"UK GB\",\"description\":\"Travel to the UK\",\"potentialAction\":[{\"@type\":\"SearchAction\",\"target\":{\"@type\":\"EntryPoint\",\"urlTemplate\":\"https:\\\/\\\/uk-gb.net\\\/pt-pt\\\/?s={search_term_string}\"},\"query-input\":{\"@type\":\"PropertyValueSpecification\",\"valueRequired\":true,\"valueName\":\"search_term_string\"}}],\"inLanguage\":\"pt-PT\"}]}<\/script>\n<!-- \/ Yoast SEO plugin. -->","yoast_head_json":{"title":"Custo da obten\u00e7\u00e3o de um visto para viajar para Inglaterra - UK GB","description":"Quais s\u00e3o os emolumentos administrativos para requerer um visto para viajar no Reino Unido?","robots":{"index":"index","follow":"follow","max-snippet":"max-snippet:-1","max-image-preview":"max-image-preview:large","max-video-preview":"max-video-preview:-1"},"canonical":"https:\/\/uk-gb.net\/pt-pt\/preco-do-visto-para-inglaterra\/","og_locale":"pt_PT","og_type":"article","og_title":"Custo da obten\u00e7\u00e3o de um visto para viajar para Inglaterra - UK GB","og_description":"Quais s\u00e3o os emolumentos administrativos para requerer um visto para viajar no Reino Unido?","og_url":"https:\/\/uk-gb.net\/pt-pt\/preco-do-visto-para-inglaterra\/","og_site_name":"UK GB","article_modified_time":"2025-11-17T16:55:32+00:00","twitter_card":"summary_large_image","twitter_misc":{"Tempo estimado de leitura":"2 minutos"},"schema":{"@context":"https:\/\/schema.org","@graph":[{"@type":"WebPage","@id":"https:\/\/uk-gb.net\/pt-pt\/preco-do-visto-para-inglaterra\/","url":"https:\/\/uk-gb.net\/pt-pt\/preco-do-visto-para-inglaterra\/","name":"Custo da obten\u00e7\u00e3o de um visto para viajar para Inglaterra - UK GB","isPartOf":{"@id":"https:\/\/uk-gb.net\/pt-pt\/#website"},"datePublished":"2023-12-07T16:41:44+00:00","dateModified":"2025-11-17T16:55:32+00:00","description":"Quais s\u00e3o os emolumentos administrativos para requerer um visto para viajar no Reino Unido?","inLanguage":"pt-PT","potentialAction":[{"@type":"ReadAction","target":["https:\/\/uk-gb.net\/pt-pt\/preco-do-visto-para-inglaterra\/"]}]},{"@type":"WebSite","@id":"https:\/\/uk-gb.net\/pt-pt\/#website","url":"https:\/\/uk-gb.net\/pt-pt\/","name":"UK GB","description":"Travel to the UK","potentialAction":[{"@type":"SearchAction","target":{"@type":"EntryPoint","urlTemplate":"https:\/\/uk-gb.net\/pt-pt\/?s={search_term_string}"},"query-input":{"@type":"PropertyValueSpecification","valueRequired":true,"valueName":"search_term_string"}}],"inLanguage":"pt-PT"}]}},"_links":{"self":[{"href":"https:\/\/uk-gb.net\/pt-pt\/wp-json\/wp\/v2\/pages\/810","targetHints":{"allow":["GET"]}}],"collection":[{"href":"https:\/\/uk-gb.net\/pt-pt\/wp-json\/wp\/v2\/pages"}],"about":[{"href":"https:\/\/uk-gb.net\/pt-pt\/wp-json\/wp\/v2\/types\/page"}],"author":[{"embeddable":true,"href":"https:\/\/uk-gb.net\/pt-pt\/wp-json\/wp\/v2\/users\/1"}],"replies":[{"embeddable":true,"href":"https:\/\/uk-gb.net\/pt-pt\/wp-json\/wp\/v2\/comments?post=810"}],"version-history":[{"count":0,"href":"https:\/\/uk-gb.net\/pt-pt\/wp-json\/wp\/v2\/pages\/810\/revisions"}],"wp:attachment":[{"href":"https:\/\/uk-gb.net\/pt-pt\/wp-json\/wp\/v2\/media?parent=810"}],"curies":[{"name":"wp","href":"https:\/\/api.w.org\/{rel}","templated":true}]}}