{"id":785,"date":"2023-12-19T19:58:55","date_gmt":"2023-12-19T19:58:55","guid":{"rendered":"https:\/\/uk-gb.net\/paises-que-podem-solicitar-eta-reino-unido\/"},"modified":"2025-06-05T16:23:36","modified_gmt":"2025-06-05T15:23:36","slug":"paises-que-podem-solicitar-eta-reino-unido","status":"publish","type":"page","link":"https:\/\/uk-gb.net\/pt-pt\/paises-que-podem-solicitar-eta-reino-unido\/","title":{"rendered":"Pa\u00edses eleg\u00edveis para a ETA no Reino Unido"},"content":{"rendered":"\n<h1 class=\"wp-block-heading\">Que pa\u00edses podem obter uma ETA? Reino Unido<\/h1>\n\n<p>Segue-se a lista dos pa\u00edses cujos cidad\u00e3os podem beneficiar da ETA para viajar para o Reino Unido, juntamente com as datas em que o regime foi introduzido:<\/p>\n\n<figure class=\"wp-block-table\"><table><tbody><tr><td><strong>Pa\u00edses eleg\u00edveis para a ETA e datas de candidatura<\/strong><\/td><td><strong>Data de in\u00edcio da obriga\u00e7\u00e3o de ter uma ETA para viajar<\/strong><\/td><\/tr><tr><td>Qatar<\/td><td>15 de novembro de 2023<\/td><\/tr><tr><td>Ar\u00e1bia Saudita, Bar\u00e9m, Emirados \u00c1rabes Unidos, Kuwait, Om\u00e3<\/td><td>22 de fevereiro de 2024<\/td><\/tr><tr><td>Ant\u00edgua e Barbuda, Argentina, Austr\u00e1lia, Bahamas, Barbados, Belize, Botsuana, Brasil, Brunei, Canad\u00e1, Chile, Costa Rica, Granada, Guatemala, Guiana, Hong Kong, Israel, Jap\u00e3o, Kiribati, Macau, Mal\u00e1sia, Maldivas, Ilhas Marshall, Maur\u00edcia, M\u00e9xico, Estados Federados da Micron\u00e9sia, Nauru, Nova Zel\u00e2ndia, Nicar\u00e1gua, Palau, Panam\u00e1, Papua Nova Guin\u00e9, Paraguai, Peru, Samoa, Seicheles, Singapura, Ilhas Salom\u00e3o, Coreia do Sul, S\u00e3o Crist\u00f3v\u00e3o e Nevis, Santa L\u00facia, S\u00e3o Vicente e Granadinas, Taiwan, Tonga, Trindade e Tobago, Tuvalu, Estados Unidos, Uruguai.<\/td><td>8 de janeiro de 2025<\/td><\/tr><tr><td><strong>Pa\u00edses europeus<\/strong>: Andorra, \u00c1ustria, B\u00e9lgica, Bulg\u00e1ria, Cro\u00e1cia, Chipre, Rep\u00fablica Checa, Dinamarca, Est\u00f3nia, Finl\u00e2ndia, Fran\u00e7a, Alemanha, Gr\u00e9cia, Hungria, Isl\u00e2ndia, It\u00e1lia, Let\u00f3nia, Liechtenstein, Litu\u00e2nia, Luxemburgo, Malta, M\u00f3naco, Pa\u00edses Baixos, Noruega, Pol\u00f3nia, Portugal, Rom\u00e9nia, S\u00e3o Marino, Eslov\u00e1quia, Eslov\u00e9nia, Espanha, Su\u00e9cia, Su\u00ed\u00e7a, Cidade do Vaticano.<\/td><td>2 de abril de 2025<\/td><\/tr><\/tbody><\/table><figcaption class=\"wp-element-caption\">Lista de pa\u00edses autorizados a solicitar uma ETA para o Reino Unido<\/figcaption><\/figure>\n\n<p>Os cidad\u00e3os da UE devem, por conseguinte, viajar com uma ETA do Reino Unido a partir de 2 de abril de 2025. Para tal, devem <a href=\"https:\/\/uk-gb.net\/pt-pt\/formulario-visto-eta-online-inglaterra\/\">solicitar uma ETA brit\u00e2nica em linha<\/a>. <\/p>\n\n<h2 class=\"wp-block-heading\">Isen\u00e7\u00f5es da ETA<\/h2>\n\n<p>As seguintes pessoas n\u00e3o precisam de solicitar uma ETA:<\/p>\n\n<ul class=\"wp-block-list\">\n<li>Cidad\u00e3os brit\u00e2nicos ou irlandeses<\/li>\n\n\n\n<li>Titular de um visto v\u00e1lido do Reino Unido<\/li>\n\n\n\n<li>Residentes permanentes ou tempor\u00e1rios no Reino Unido (estatuto de residente permanente ou pr\u00e9-estabelecido)<\/li>\n\n\n\n<li>Residentes legais da Irlanda que viajem a partir da Irlanda ou das Ilhas do Canal<\/li>\n\n\n\n<li>Crian\u00e7as com menos de 18 anos que participem numa viagem escolar organizada (sujeito a determinadas condi\u00e7\u00f5es)<\/li>\n<\/ul>\n","protected":false},"excerpt":{"rendered":"<p>Que pa\u00edses podem obter uma ETA? Reino Unido Segue-se a lista dos pa\u00edses cujos cidad\u00e3os podem beneficiar da ETA para viajar para o Reino Unido, juntamente com as datas em que o regime foi introduzido: Os cidad\u00e3os da UE devem, por conseguinte, viajar com uma ETA do Reino Unido a partir de 2 de abril [&hellip;]<\/p>\n","protected":false},"author":1,"featured_media":0,"parent":0,"menu_order":0,"comment_status":"closed","ping_status":"closed","template":"","meta":{"footnotes":""},"class_list":["post-785","page","type-page","status-publish","hentry"],"yoast_head":"<!-- This site is optimized with the Yoast SEO plugin v27.3 - https:\/\/yoast.com\/product\/yoast-seo-wordpress\/ -->\n<title>Pa\u00edses eleg\u00edveis para a ETA no Reino Unido - UK GB<\/title>\n<meta name=\"description\" content=\"Eis a lista dos pa\u00edses cujos cidad\u00e3os podem solicitar uma ETA para viajar para o Reino Unido sem necessidade de visto\" \/>\n<meta name=\"robots\" content=\"index, follow, max-snippet:-1, max-image-preview:large, max-video-preview:-1\" \/>\n<link rel=\"canonical\" href=\"https:\/\/uk-gb.net\/pt-pt\/paises-que-podem-solicitar-eta-reino-unido\/\" \/>\n<meta property=\"og:locale\" content=\"pt_PT\" \/>\n<meta property=\"og:type\" content=\"article\" \/>\n<meta property=\"og:title\" content=\"Pa\u00edses eleg\u00edveis para a ETA no Reino Unido - UK GB\" \/>\n<meta property=\"og:description\" content=\"Eis a lista dos pa\u00edses cujos cidad\u00e3os podem solicitar uma ETA para viajar para o Reino Unido sem necessidade de visto\" \/>\n<meta property=\"og:url\" content=\"https:\/\/uk-gb.net\/pt-pt\/paises-que-podem-solicitar-eta-reino-unido\/\" \/>\n<meta property=\"og:site_name\" content=\"UK GB\" \/>\n<meta property=\"article:modified_time\" content=\"2025-06-05T15:23:36+00:00\" \/>\n<meta name=\"twitter:card\" content=\"summary_large_image\" \/>\n<meta name=\"twitter:label1\" content=\"Tempo estimado de leitura\" \/>\n\t<meta name=\"twitter:data1\" content=\"1 minuto\" \/>\n<script type=\"application\/ld+json\" class=\"yoast-schema-graph\">{\"@context\":\"https:\\\/\\\/schema.org\",\"@graph\":[{\"@type\":\"WebPage\",\"@id\":\"https:\\\/\\\/uk-gb.net\\\/pt-pt\\\/paises-que-podem-solicitar-eta-reino-unido\\\/\",\"url\":\"https:\\\/\\\/uk-gb.net\\\/pt-pt\\\/paises-que-podem-solicitar-eta-reino-unido\\\/\",\"name\":\"Pa\u00edses eleg\u00edveis para a ETA no Reino Unido - UK GB\",\"isPartOf\":{\"@id\":\"https:\\\/\\\/uk-gb.net\\\/pt-pt\\\/#website\"},\"datePublished\":\"2023-12-19T19:58:55+00:00\",\"dateModified\":\"2025-06-05T15:23:36+00:00\",\"description\":\"Eis a lista dos pa\u00edses cujos cidad\u00e3os podem solicitar uma ETA para viajar para o Reino Unido sem necessidade de visto\",\"inLanguage\":\"pt-PT\",\"potentialAction\":[{\"@type\":\"ReadAction\",\"target\":[\"https:\\\/\\\/uk-gb.net\\\/pt-pt\\\/paises-que-podem-solicitar-eta-reino-unido\\\/\"]}]},{\"@type\":\"WebSite\",\"@id\":\"https:\\\/\\\/uk-gb.net\\\/pt-pt\\\/#website\",\"url\":\"https:\\\/\\\/uk-gb.net\\\/pt-pt\\\/\",\"name\":\"UK GB\",\"description\":\"Travel to the UK\",\"potentialAction\":[{\"@type\":\"SearchAction\",\"target\":{\"@type\":\"EntryPoint\",\"urlTemplate\":\"https:\\\/\\\/uk-gb.net\\\/pt-pt\\\/?s={search_term_string}\"},\"query-input\":{\"@type\":\"PropertyValueSpecification\",\"valueRequired\":true,\"valueName\":\"search_term_string\"}}],\"inLanguage\":\"pt-PT\"}]}<\/script>\n<!-- \/ Yoast SEO plugin. -->","yoast_head_json":{"title":"Pa\u00edses eleg\u00edveis para a ETA no Reino Unido - UK GB","description":"Eis a lista dos pa\u00edses cujos cidad\u00e3os podem solicitar uma ETA para viajar para o Reino Unido sem necessidade de visto","robots":{"index":"index","follow":"follow","max-snippet":"max-snippet:-1","max-image-preview":"max-image-preview:large","max-video-preview":"max-video-preview:-1"},"canonical":"https:\/\/uk-gb.net\/pt-pt\/paises-que-podem-solicitar-eta-reino-unido\/","og_locale":"pt_PT","og_type":"article","og_title":"Pa\u00edses eleg\u00edveis para a ETA no Reino Unido - UK GB","og_description":"Eis a lista dos pa\u00edses cujos cidad\u00e3os podem solicitar uma ETA para viajar para o Reino Unido sem necessidade de visto","og_url":"https:\/\/uk-gb.net\/pt-pt\/paises-que-podem-solicitar-eta-reino-unido\/","og_site_name":"UK GB","article_modified_time":"2025-06-05T15:23:36+00:00","twitter_card":"summary_large_image","twitter_misc":{"Tempo estimado de leitura":"1 minuto"},"schema":{"@context":"https:\/\/schema.org","@graph":[{"@type":"WebPage","@id":"https:\/\/uk-gb.net\/pt-pt\/paises-que-podem-solicitar-eta-reino-unido\/","url":"https:\/\/uk-gb.net\/pt-pt\/paises-que-podem-solicitar-eta-reino-unido\/","name":"Pa\u00edses eleg\u00edveis para a ETA no Reino Unido - UK GB","isPartOf":{"@id":"https:\/\/uk-gb.net\/pt-pt\/#website"},"datePublished":"2023-12-19T19:58:55+00:00","dateModified":"2025-06-05T15:23:36+00:00","description":"Eis a lista dos pa\u00edses cujos cidad\u00e3os podem solicitar uma ETA para viajar para o Reino Unido sem necessidade de visto","inLanguage":"pt-PT","potentialAction":[{"@type":"ReadAction","target":["https:\/\/uk-gb.net\/pt-pt\/paises-que-podem-solicitar-eta-reino-unido\/"]}]},{"@type":"WebSite","@id":"https:\/\/uk-gb.net\/pt-pt\/#website","url":"https:\/\/uk-gb.net\/pt-pt\/","name":"UK GB","description":"Travel to the UK","potentialAction":[{"@type":"SearchAction","target":{"@type":"EntryPoint","urlTemplate":"https:\/\/uk-gb.net\/pt-pt\/?s={search_term_string}"},"query-input":{"@type":"PropertyValueSpecification","valueRequired":true,"valueName":"search_term_string"}}],"inLanguage":"pt-PT"}]}},"_links":{"self":[{"href":"https:\/\/uk-gb.net\/pt-pt\/wp-json\/wp\/v2\/pages\/785","targetHints":{"allow":["GET"]}}],"collection":[{"href":"https:\/\/uk-gb.net\/pt-pt\/wp-json\/wp\/v2\/pages"}],"about":[{"href":"https:\/\/uk-gb.net\/pt-pt\/wp-json\/wp\/v2\/types\/page"}],"author":[{"embeddable":true,"href":"https:\/\/uk-gb.net\/pt-pt\/wp-json\/wp\/v2\/users\/1"}],"replies":[{"embeddable":true,"href":"https:\/\/uk-gb.net\/pt-pt\/wp-json\/wp\/v2\/comments?post=785"}],"version-history":[{"count":0,"href":"https:\/\/uk-gb.net\/pt-pt\/wp-json\/wp\/v2\/pages\/785\/revisions"}],"wp:attachment":[{"href":"https:\/\/uk-gb.net\/pt-pt\/wp-json\/wp\/v2\/media?parent=785"}],"curies":[{"name":"wp","href":"https:\/\/api.w.org\/{rel}","templated":true}]}}