{"id":769,"date":"2023-12-07T14:55:09","date_gmt":"2023-12-07T14:55:09","guid":{"rendered":"https:\/\/uk-gb.net\/diferentes-tipos-de-vistos-britanicos\/"},"modified":"2026-01-06T13:07:16","modified_gmt":"2026-01-06T13:07:16","slug":"diferentes-tipos-de-vistos-britanicos","status":"publish","type":"page","link":"https:\/\/uk-gb.net\/pt-pt\/diferentes-tipos-de-vistos-britanicos\/","title":{"rendered":"Os diferentes vistos para viajar para o Reino Unido"},"content":{"rendered":"\n<h1 class=\"wp-block-heading\">Os principais vistos para o Reino Unido<\/h1>\n\n<p>O Reino Unido oferece v\u00e1rios tipos de vistos, adaptados aos diferentes perfis de viajantes: turistas em tr\u00e2nsito, estudantes, profissionais ou familiares que se juntam a um ente querido. Cada visto preenche condi\u00e7\u00f5es espec\u00edficas e permite uma estadia de dura\u00e7\u00e3o vari\u00e1vel no Reino Unido. <\/p>\n\n<p>Apresentamos-te um resumo dos <strong>principais vistos emitidos pelo Reino Unido<\/strong>:<\/p>\n\n<ul class=\"wp-block-list\">\n<li><strong>Visto de tr\u00e2nsito<\/strong>: para os viajantes que fazem uma escala ou mudam de aeroporto.<\/li>\n\n\n\n<li><strong>Visto de fam\u00edlia<\/strong>: para te juntares a um c\u00f4njuge, filho ou pai que vive no Reino Unido.<\/li>\n\n\n\n<li><strong>Visto de estudante<\/strong>: para frequentar o ensino superior num estabelecimento brit\u00e2nico.<\/li>\n\n\n\n<li><strong>Visto de neg\u00f3cios<\/strong>: para participar em reuni\u00f5es, confer\u00eancias ou eventos profissionais.<\/li>\n<\/ul>\n\n<div style=\"height:10px\" aria-hidden=\"true\" class=\"wp-block-spacer\"><\/div>\n\n<p>A partir de 2024, o Reino Unido introduziu uma autoriza\u00e7\u00e3o eletr\u00f3nica de viagem (ETA) para os nacionais de determinados pa\u00edses isentos de visto.<\/p>\n\n<p><strong>Para fazer um pedido de ETA em linha<\/strong>, basta preencher o <a href=\"https:\/\/uk-gb.net\/pt-pt\/formulario-visto-eta-online-inglaterra\/\">formul\u00e1rio ETA em linha<\/a>.<\/p>\n\n<div style=\"height:10px\" aria-hidden=\"true\" class=\"wp-block-spacer\"><\/div>\n\n<h2 class=\"wp-block-heading\">Preciso de um visto para transitar no Reino Unido?<\/h2>\n\n<p>\u00c9 necess\u00e1rio um <a href=\"https:\/\/uk-gb.net\/pt-pt\/visto-de-transito-na-inglaterra-reino-unido\/\">visto de visitante em tr\u00e2nsito<\/a> para os viajantes que t\u00eam de passar pelo controlo fronteiri\u00e7o quando mudam de terminal ou de aeroporto. Permite-te tamb\u00e9m fazer uma <strong>escala prolongada<\/strong> e abandonar temporariamente o aeroporto antes de retomares o teu voo para outro destino.<\/p>\n\n<h2 class=\"wp-block-heading\">Estudar no Reino Unido: que visto devo obter?<\/h2>\n\n<p>Se est\u00e1s a planear seguir um programa de estudos de longa dura\u00e7\u00e3o no Reino Unido, ter\u00e1s de pedir um <a href=\"https:\/\/uk-gb.net\/pt-pt\/visto-de-estudante-para-inglaterra\/\">visto de estudante<\/a>. Para o obteres, tens geralmente de :<\/p>\n\n<ul class=\"wp-block-list\">\n<li>Apresenta uma <strong>carta de patroc\u00ednio (CAS)<\/strong> emitida pela universidade ou escola.<\/li>\n\n\n\n<li>Prova de um <strong>n\u00edvel suficiente de ingl\u00eas<\/strong> (\u00e9 necess\u00e1rio um teste reconhecido).<\/li>\n\n\n\n<li>Apresentar <strong>prova de recursos financeiros<\/strong> para cobrir as propinas e as despesas de subsist\u00eancia.<\/li>\n<\/ul>\n\n<div style=\"height:10px\" aria-hidden=\"true\" class=\"wp-block-spacer\"><\/div>\n\n<h2 class=\"wp-block-heading\">Juntar-se a um membro da fam\u00edlia: visto de fam\u00edlia<\/h2>\n\n<p>O <a href=\"https:\/\/uk-gb.net\/pt-pt\/visto-de-familia-para-inglaterra\/\">visto de fam\u00edlia do Reino Unido<\/a> permite-te residir no Reino Unido por um per\u00edodo superior a seis meses com um familiar pr\u00f3ximo: c\u00f4njuge, filho, pai ou outro membro da fam\u00edlia. Este tipo de visto est\u00e1 sujeito a crit\u00e9rios de la\u00e7os familiares, de rendimentos e, por vezes, de alojamento. Existe tamb\u00e9m um <a href=\"https:\/\/uk-gb.net\/pt-pt\/visto-de-crianca-para-inglaterra\/\">visto para crian\u00e7as no Reino Unido<\/a>.  <\/p>\n\n<h2 class=\"wp-block-heading\">Viagens de neg\u00f3cios: quando \u00e9 que deves pedir um visto de neg\u00f3cios?<\/h2>\n\n<p>O <a href=\"https:\/\/uk-gb.net\/pt-pt\/visto-de-negocios-para-inglaterra-reino-unido\/\">visto de neg\u00f3cios<\/a> destina-se a profissionais estrangeiros que se deslocam ao Reino Unido para <strong>actividades ocasionais n\u00e3o remuneradas localmente<\/strong>, tais como :<\/p>\n\n<ul class=\"wp-block-list\">\n<li>Participa numa reuni\u00e3o ou confer\u00eancia<\/li>\n\n\n\n<li>Negociar um contrato<\/li>\n\n\n\n<li>Realiza\u00e7\u00e3o de investiga\u00e7\u00e3o ou apresenta\u00e7\u00e3o de um projeto acad\u00e9mico<\/li>\n<\/ul>\n\n<div style=\"height:10px\" aria-hidden=\"true\" class=\"wp-block-spacer\"><\/div>\n\n<p>Este visto <strong>n\u00e3o te permite trabalhar para uma empresa brit\u00e2nica<\/strong> ou estabelecer-se permanentemente no Reino Unido.<\/p>\n","protected":false},"excerpt":{"rendered":"<p>Os principais vistos para o Reino Unido O Reino Unido oferece v\u00e1rios tipos de vistos, adaptados aos diferentes perfis de viajantes: turistas em tr\u00e2nsito, estudantes, profissionais ou familiares que se juntam a um ente querido. Cada visto preenche condi\u00e7\u00f5es espec\u00edficas e permite uma estadia de dura\u00e7\u00e3o vari\u00e1vel no Reino Unido. Apresentamos-te um resumo dos principais [&hellip;]<\/p>\n","protected":false},"author":1,"featured_media":0,"parent":0,"menu_order":0,"comment_status":"closed","ping_status":"closed","template":"","meta":{"footnotes":""},"class_list":["post-769","page","type-page","status-publish","hentry"],"yoast_head":"<!-- This site is optimized with the Yoast SEO plugin v27.4 - https:\/\/yoast.com\/product\/yoast-seo-wordpress\/ -->\n<title>Os diferentes vistos para viajar para o Reino Unido - UK GB<\/title>\n<meta name=\"description\" content=\"Que vistos est\u00e3o dispon\u00edveis para os viajantes estrangeiros que pretendam visitar o Reino Unido?\" \/>\n<meta name=\"robots\" content=\"index, follow, max-snippet:-1, max-image-preview:large, max-video-preview:-1\" \/>\n<link rel=\"canonical\" href=\"https:\/\/uk-gb.net\/pt-pt\/diferentes-tipos-de-vistos-britanicos\/\" \/>\n<meta property=\"og:locale\" content=\"pt_PT\" \/>\n<meta property=\"og:type\" content=\"article\" \/>\n<meta property=\"og:title\" content=\"Os diferentes vistos para viajar para o Reino Unido - UK GB\" \/>\n<meta property=\"og:description\" content=\"Que vistos est\u00e3o dispon\u00edveis para os viajantes estrangeiros que pretendam visitar o Reino Unido?\" \/>\n<meta property=\"og:url\" content=\"https:\/\/uk-gb.net\/pt-pt\/diferentes-tipos-de-vistos-britanicos\/\" \/>\n<meta property=\"og:site_name\" content=\"UK GB\" \/>\n<meta property=\"article:modified_time\" content=\"2026-01-06T13:07:16+00:00\" \/>\n<meta name=\"twitter:card\" content=\"summary_large_image\" \/>\n<meta name=\"twitter:label1\" content=\"Tempo estimado de leitura\" \/>\n\t<meta name=\"twitter:data1\" content=\"2 minutos\" \/>\n<script type=\"application\/ld+json\" class=\"yoast-schema-graph\">{\"@context\":\"https:\\\/\\\/schema.org\",\"@graph\":[{\"@type\":\"WebPage\",\"@id\":\"https:\\\/\\\/uk-gb.net\\\/pt-pt\\\/diferentes-tipos-de-vistos-britanicos\\\/\",\"url\":\"https:\\\/\\\/uk-gb.net\\\/pt-pt\\\/diferentes-tipos-de-vistos-britanicos\\\/\",\"name\":\"Os diferentes vistos para viajar para o Reino Unido - UK GB\",\"isPartOf\":{\"@id\":\"https:\\\/\\\/uk-gb.net\\\/pt-pt\\\/#website\"},\"datePublished\":\"2023-12-07T14:55:09+00:00\",\"dateModified\":\"2026-01-06T13:07:16+00:00\",\"description\":\"Que vistos est\u00e3o dispon\u00edveis para os viajantes estrangeiros que pretendam visitar o Reino Unido?\",\"inLanguage\":\"pt-PT\",\"potentialAction\":[{\"@type\":\"ReadAction\",\"target\":[\"https:\\\/\\\/uk-gb.net\\\/pt-pt\\\/diferentes-tipos-de-vistos-britanicos\\\/\"]}]},{\"@type\":\"WebSite\",\"@id\":\"https:\\\/\\\/uk-gb.net\\\/pt-pt\\\/#website\",\"url\":\"https:\\\/\\\/uk-gb.net\\\/pt-pt\\\/\",\"name\":\"UK GB\",\"description\":\"Travel to the UK\",\"potentialAction\":[{\"@type\":\"SearchAction\",\"target\":{\"@type\":\"EntryPoint\",\"urlTemplate\":\"https:\\\/\\\/uk-gb.net\\\/pt-pt\\\/?s={search_term_string}\"},\"query-input\":{\"@type\":\"PropertyValueSpecification\",\"valueRequired\":true,\"valueName\":\"search_term_string\"}}],\"inLanguage\":\"pt-PT\"}]}<\/script>\n<!-- \/ Yoast SEO plugin. -->","yoast_head_json":{"title":"Os diferentes vistos para viajar para o Reino Unido - UK GB","description":"Que vistos est\u00e3o dispon\u00edveis para os viajantes estrangeiros que pretendam visitar o Reino Unido?","robots":{"index":"index","follow":"follow","max-snippet":"max-snippet:-1","max-image-preview":"max-image-preview:large","max-video-preview":"max-video-preview:-1"},"canonical":"https:\/\/uk-gb.net\/pt-pt\/diferentes-tipos-de-vistos-britanicos\/","og_locale":"pt_PT","og_type":"article","og_title":"Os diferentes vistos para viajar para o Reino Unido - UK GB","og_description":"Que vistos est\u00e3o dispon\u00edveis para os viajantes estrangeiros que pretendam visitar o Reino Unido?","og_url":"https:\/\/uk-gb.net\/pt-pt\/diferentes-tipos-de-vistos-britanicos\/","og_site_name":"UK GB","article_modified_time":"2026-01-06T13:07:16+00:00","twitter_card":"summary_large_image","twitter_misc":{"Tempo estimado de leitura":"2 minutos"},"schema":{"@context":"https:\/\/schema.org","@graph":[{"@type":"WebPage","@id":"https:\/\/uk-gb.net\/pt-pt\/diferentes-tipos-de-vistos-britanicos\/","url":"https:\/\/uk-gb.net\/pt-pt\/diferentes-tipos-de-vistos-britanicos\/","name":"Os diferentes vistos para viajar para o Reino Unido - UK GB","isPartOf":{"@id":"https:\/\/uk-gb.net\/pt-pt\/#website"},"datePublished":"2023-12-07T14:55:09+00:00","dateModified":"2026-01-06T13:07:16+00:00","description":"Que vistos est\u00e3o dispon\u00edveis para os viajantes estrangeiros que pretendam visitar o Reino Unido?","inLanguage":"pt-PT","potentialAction":[{"@type":"ReadAction","target":["https:\/\/uk-gb.net\/pt-pt\/diferentes-tipos-de-vistos-britanicos\/"]}]},{"@type":"WebSite","@id":"https:\/\/uk-gb.net\/pt-pt\/#website","url":"https:\/\/uk-gb.net\/pt-pt\/","name":"UK GB","description":"Travel to the UK","potentialAction":[{"@type":"SearchAction","target":{"@type":"EntryPoint","urlTemplate":"https:\/\/uk-gb.net\/pt-pt\/?s={search_term_string}"},"query-input":{"@type":"PropertyValueSpecification","valueRequired":true,"valueName":"search_term_string"}}],"inLanguage":"pt-PT"}]}},"_links":{"self":[{"href":"https:\/\/uk-gb.net\/pt-pt\/wp-json\/wp\/v2\/pages\/769","targetHints":{"allow":["GET"]}}],"collection":[{"href":"https:\/\/uk-gb.net\/pt-pt\/wp-json\/wp\/v2\/pages"}],"about":[{"href":"https:\/\/uk-gb.net\/pt-pt\/wp-json\/wp\/v2\/types\/page"}],"author":[{"embeddable":true,"href":"https:\/\/uk-gb.net\/pt-pt\/wp-json\/wp\/v2\/users\/1"}],"replies":[{"embeddable":true,"href":"https:\/\/uk-gb.net\/pt-pt\/wp-json\/wp\/v2\/comments?post=769"}],"version-history":[{"count":0,"href":"https:\/\/uk-gb.net\/pt-pt\/wp-json\/wp\/v2\/pages\/769\/revisions"}],"wp:attachment":[{"href":"https:\/\/uk-gb.net\/pt-pt\/wp-json\/wp\/v2\/media?parent=769"}],"curies":[{"name":"wp","href":"https:\/\/api.w.org\/{rel}","templated":true}]}}