{"id":762,"date":"2023-12-07T16:45:33","date_gmt":"2023-12-07T16:45:33","guid":{"rendered":"https:\/\/uk-gb.net\/embaixada-britanica-em-portugal\/"},"modified":"2025-07-17T13:52:52","modified_gmt":"2025-07-17T12:52:52","slug":"embaixada-britanica-em-portugal","status":"publish","type":"page","link":"https:\/\/uk-gb.net\/pt-pt\/embaixada-britanica-em-portugal\/","title":{"rendered":"Embaixada do Reino Unido em Portugal"},"content":{"rendered":"\n<h1 class=\"wp-block-heading\">O que \u00e9 a Embaixada do Reino Unido?<\/h1>\n\n<p>As embaixadas do Reino Unido, que est\u00e3o presentes na maioria dos pa\u00edses, asseguram a representa\u00e7\u00e3o oficial dos interesses brit\u00e2nicos no estrangeiro. A sua principal miss\u00e3o \u00e9 proteger os cidad\u00e3os brit\u00e2nicos no estrangeiro, promovendo simultaneamente as prioridades diplom\u00e1ticas, econ\u00f3micas e culturais do Reino Unido. Prestam tamb\u00e9m apoio consular aos cidad\u00e3os que viajam ou vivem no estrangeiro.  <\/p>\n\n<p>Em termos de mobilidade, estas representa\u00e7\u00f5es desempenham um papel central no tratamento dos <a href=\"https:\/\/uk-gb.net\/pt-pt\/procedimento-visto-reino-unido\/\">pedidos de visto<\/a> das pessoas que pretendem viajar para o Reino Unido. No entanto, a partir de 2024, os nacionais de certos <a href=\"https:\/\/uk-gb.net\/pt-pt\/paises-que-podem-solicitar-eta-reino-unido\/\">pa\u00edses eleg\u00edveis para o programa de isen\u00e7\u00e3o de vistos<\/a> deixam de ter de solicitar um <a href=\"https:\/\/uk-gb.net\/pt-pt\/visto-turista-inglaterra-reino-unido\/\">visto de turista<\/a> para estadias de curta dura\u00e7\u00e3o. <\/p>\n\n<p><strong>Podes obter<\/strong> um <a href=\"https:\/\/uk-gb.net\/pt-pt\/eta-inglaterra-reino-unido\/\">eTA para o Reino Unido<\/a> <strong>em linha<\/strong> para uma estadia tur\u00edstica de menos de 6 meses.<\/p>\n\n<div style=\"height:10px\" aria-hidden=\"true\" class=\"wp-block-spacer\"><\/div>\n\n<h2 class=\"wp-block-heading\">Onde fica a embaixada do Reino Unido?<\/h2>\n\n<p>Para localizar a embaixada ou consulado brit\u00e2nico mais pr\u00f3ximo de ti, podes consultar <a href=\"https:\/\/www.gov.uk\/world\/embassies\">esta p\u00e1gina dedicada<\/a>, que enumera todas as representa\u00e7\u00f5es diplom\u00e1ticas do Reino Unido no mundo.<\/p>\n\n<p><strong>A Embaixada do Reino Unido em Portugal est\u00e1 situada em R. de S\u00e3o Bernardo 33, 1249-082 Lisboa. <\/strong><\/p>\n\n<h2 class=\"wp-block-heading\">Como posso fazer uma marca\u00e7\u00e3o numa embaixada brit\u00e2nica?<\/h2>\n\n<p>Quando pedem um visto para o Reino Unido, os requerentes s\u00e3o normalmente obrigados a comparecer numa entrevista consular. Para marcar esta entrevista, os requerentes devem visitar o s\u00edtio Web oficial do Governo do Reino Unido (gov.uk) e selecionar uma <a href=\"https:\/\/uk-gb.net\/pt-pt\/nomeacao-de-visto-embaixada-inglaterra\/\">data para a entrevista na embaixada<\/a> ou no centro de pedidos de visto em causa. <\/p>\n\n<p>Uma vez confirmada a marca\u00e7\u00e3o, podes descarregar um convite oficial. Este documento deve ser impresso e apresentado juntamente com todos os documentos comprovativos necess\u00e1rios para a entrevista. <\/p>\n","protected":false},"excerpt":{"rendered":"<p>O que \u00e9 a Embaixada do Reino Unido? As embaixadas do Reino Unido, que est\u00e3o presentes na maioria dos pa\u00edses, asseguram a representa\u00e7\u00e3o oficial dos interesses brit\u00e2nicos no estrangeiro. A sua principal miss\u00e3o \u00e9 proteger os cidad\u00e3os brit\u00e2nicos no estrangeiro, promovendo simultaneamente as prioridades diplom\u00e1ticas, econ\u00f3micas e culturais do Reino Unido. Prestam tamb\u00e9m apoio consular [&hellip;]<\/p>\n","protected":false},"author":1,"featured_media":0,"parent":0,"menu_order":0,"comment_status":"closed","ping_status":"closed","template":"","meta":{"footnotes":""},"class_list":["post-762","page","type-page","status-publish","hentry"],"yoast_head":"<!-- This site is optimized with the Yoast SEO plugin v27.3 - https:\/\/yoast.com\/product\/yoast-seo-wordpress\/ -->\n<title>Embaixada do Reino Unido em Portugal - UK GB<\/title>\n<meta name=\"description\" content=\"Contactar a embaixada do Reino Unido ou o consulado brit\u00e2nico representante no seu pa\u00eds de resid\u00eancia\" \/>\n<meta name=\"robots\" content=\"index, follow, max-snippet:-1, max-image-preview:large, max-video-preview:-1\" \/>\n<link rel=\"canonical\" href=\"https:\/\/uk-gb.net\/pt-pt\/embaixada-britanica-em-portugal\/\" \/>\n<meta property=\"og:locale\" content=\"pt_PT\" \/>\n<meta property=\"og:type\" content=\"article\" \/>\n<meta property=\"og:title\" content=\"Embaixada do Reino Unido em Portugal - UK GB\" \/>\n<meta property=\"og:description\" content=\"Contactar a embaixada do Reino Unido ou o consulado brit\u00e2nico representante no seu pa\u00eds de resid\u00eancia\" \/>\n<meta property=\"og:url\" content=\"https:\/\/uk-gb.net\/pt-pt\/embaixada-britanica-em-portugal\/\" \/>\n<meta property=\"og:site_name\" content=\"UK GB\" \/>\n<meta property=\"article:modified_time\" content=\"2025-07-17T12:52:52+00:00\" \/>\n<meta name=\"twitter:card\" content=\"summary_large_image\" \/>\n<meta name=\"twitter:label1\" content=\"Tempo estimado de leitura\" \/>\n\t<meta name=\"twitter:data1\" content=\"2 minutos\" \/>\n<script type=\"application\/ld+json\" class=\"yoast-schema-graph\">{\"@context\":\"https:\\\/\\\/schema.org\",\"@graph\":[{\"@type\":\"WebPage\",\"@id\":\"https:\\\/\\\/uk-gb.net\\\/pt-pt\\\/embaixada-britanica-em-portugal\\\/\",\"url\":\"https:\\\/\\\/uk-gb.net\\\/pt-pt\\\/embaixada-britanica-em-portugal\\\/\",\"name\":\"Embaixada do Reino Unido em Portugal - UK GB\",\"isPartOf\":{\"@id\":\"https:\\\/\\\/uk-gb.net\\\/pt-pt\\\/#website\"},\"datePublished\":\"2023-12-07T16:45:33+00:00\",\"dateModified\":\"2025-07-17T12:52:52+00:00\",\"description\":\"Contactar a embaixada do Reino Unido ou o consulado brit\u00e2nico representante no seu pa\u00eds de resid\u00eancia\",\"inLanguage\":\"pt-PT\",\"potentialAction\":[{\"@type\":\"ReadAction\",\"target\":[\"https:\\\/\\\/uk-gb.net\\\/pt-pt\\\/embaixada-britanica-em-portugal\\\/\"]}]},{\"@type\":\"WebSite\",\"@id\":\"https:\\\/\\\/uk-gb.net\\\/pt-pt\\\/#website\",\"url\":\"https:\\\/\\\/uk-gb.net\\\/pt-pt\\\/\",\"name\":\"UK GB\",\"description\":\"Travel to the UK\",\"potentialAction\":[{\"@type\":\"SearchAction\",\"target\":{\"@type\":\"EntryPoint\",\"urlTemplate\":\"https:\\\/\\\/uk-gb.net\\\/pt-pt\\\/?s={search_term_string}\"},\"query-input\":{\"@type\":\"PropertyValueSpecification\",\"valueRequired\":true,\"valueName\":\"search_term_string\"}}],\"inLanguage\":\"pt-PT\"}]}<\/script>\n<!-- \/ Yoast SEO plugin. -->","yoast_head_json":{"title":"Embaixada do Reino Unido em Portugal - UK GB","description":"Contactar a embaixada do Reino Unido ou o consulado brit\u00e2nico representante no seu pa\u00eds de resid\u00eancia","robots":{"index":"index","follow":"follow","max-snippet":"max-snippet:-1","max-image-preview":"max-image-preview:large","max-video-preview":"max-video-preview:-1"},"canonical":"https:\/\/uk-gb.net\/pt-pt\/embaixada-britanica-em-portugal\/","og_locale":"pt_PT","og_type":"article","og_title":"Embaixada do Reino Unido em Portugal - UK GB","og_description":"Contactar a embaixada do Reino Unido ou o consulado brit\u00e2nico representante no seu pa\u00eds de resid\u00eancia","og_url":"https:\/\/uk-gb.net\/pt-pt\/embaixada-britanica-em-portugal\/","og_site_name":"UK GB","article_modified_time":"2025-07-17T12:52:52+00:00","twitter_card":"summary_large_image","twitter_misc":{"Tempo estimado de leitura":"2 minutos"},"schema":{"@context":"https:\/\/schema.org","@graph":[{"@type":"WebPage","@id":"https:\/\/uk-gb.net\/pt-pt\/embaixada-britanica-em-portugal\/","url":"https:\/\/uk-gb.net\/pt-pt\/embaixada-britanica-em-portugal\/","name":"Embaixada do Reino Unido em Portugal - UK GB","isPartOf":{"@id":"https:\/\/uk-gb.net\/pt-pt\/#website"},"datePublished":"2023-12-07T16:45:33+00:00","dateModified":"2025-07-17T12:52:52+00:00","description":"Contactar a embaixada do Reino Unido ou o consulado brit\u00e2nico representante no seu pa\u00eds de resid\u00eancia","inLanguage":"pt-PT","potentialAction":[{"@type":"ReadAction","target":["https:\/\/uk-gb.net\/pt-pt\/embaixada-britanica-em-portugal\/"]}]},{"@type":"WebSite","@id":"https:\/\/uk-gb.net\/pt-pt\/#website","url":"https:\/\/uk-gb.net\/pt-pt\/","name":"UK GB","description":"Travel to the UK","potentialAction":[{"@type":"SearchAction","target":{"@type":"EntryPoint","urlTemplate":"https:\/\/uk-gb.net\/pt-pt\/?s={search_term_string}"},"query-input":{"@type":"PropertyValueSpecification","valueRequired":true,"valueName":"search_term_string"}}],"inLanguage":"pt-PT"}]}},"_links":{"self":[{"href":"https:\/\/uk-gb.net\/pt-pt\/wp-json\/wp\/v2\/pages\/762","targetHints":{"allow":["GET"]}}],"collection":[{"href":"https:\/\/uk-gb.net\/pt-pt\/wp-json\/wp\/v2\/pages"}],"about":[{"href":"https:\/\/uk-gb.net\/pt-pt\/wp-json\/wp\/v2\/types\/page"}],"author":[{"embeddable":true,"href":"https:\/\/uk-gb.net\/pt-pt\/wp-json\/wp\/v2\/users\/1"}],"replies":[{"embeddable":true,"href":"https:\/\/uk-gb.net\/pt-pt\/wp-json\/wp\/v2\/comments?post=762"}],"version-history":[{"count":0,"href":"https:\/\/uk-gb.net\/pt-pt\/wp-json\/wp\/v2\/pages\/762\/revisions"}],"wp:attachment":[{"href":"https:\/\/uk-gb.net\/pt-pt\/wp-json\/wp\/v2\/media?parent=762"}],"curies":[{"name":"wp","href":"https:\/\/api.w.org\/{rel}","templated":true}]}}