{"id":754,"date":"2023-12-19T16:07:33","date_gmt":"2023-12-19T16:07:33","guid":{"rendered":"https:\/\/uk-gb.net\/aplicativo-iphone-visto-eta-inglaterra\/"},"modified":"2025-11-13T17:50:23","modified_gmt":"2025-11-13T17:50:23","slug":"aplicativo-iphone-visto-eta-inglaterra","status":"publish","type":"page","link":"https:\/\/uk-gb.net\/pt-pt\/aplicativo-iphone-visto-eta-inglaterra\/","title":{"rendered":"Pedido oficial de ETA para o Reino Unido"},"content":{"rendered":"\n<h1 class=\"wp-block-heading\">Aplica\u00e7\u00e3o da ETA Reino Unido<\/h1>\n\n<p>O Reino Unido lan\u00e7ou uma aplica\u00e7\u00e3o m\u00f3vel dedicada \u00e0 gest\u00e3o dos pedidos de <a href=\"https:\/\/uk-gb.net\/pt-pt\/eta-inglaterra-reino-unido\/\">eTA para o Reino Unido<\/a>. Esta aplica\u00e7\u00e3o digital oferece uma solu\u00e7\u00e3o pr\u00e1tica e eficiente para os viajantes de <a href=\"https:\/\/uk-gb.net\/pt-pt\/paises-que-podem-solicitar-eta-reino-unido\/\">pa\u00edses eleg\u00edveis para uma eTA para o Reino Unido<\/a>.<\/p>\n\n<p><strong>Para obter esta autoriza\u00e7\u00e3o de viagem em apenas alguns minutos<\/strong>, preenche o <a href=\"https:\/\/uk-gb.net\/pt-pt\/formulario-visto-eta-online-inglaterra\/\">formul\u00e1rio ETA em linha<\/a>.<\/p>\n\n<h2 class=\"wp-block-heading\">O que \u00e9 o pedido de ETA para o Reino Unido?<\/h2>\n\n<p>A aplica\u00e7\u00e3o foi criada pelo Governo brit\u00e2nico para facilitar a apresenta\u00e7\u00e3o de um pedido de ETA para entrar no Reino Unido. Destina-se a <g id=\"gid_0\">viajantes que s\u00e3o eleg\u00edveis para a isen\u00e7\u00e3o de visto<\/g> e que desejam permanecer no Reino Unido por um curto per\u00edodo. F\u00e1cil de utilizar e 100% m\u00f3vel, a aplica\u00e7\u00e3o entrou em funcionamento em 2024.  <\/p>\n\n<h2 class=\"wp-block-heading\">Como funciona o pedido de ETA para o Reino Unido?<\/h2>\n\n<p>A aplica\u00e7\u00e3o pode ser descarregada gratuitamente a partir das lojas Android e iOS. Permite-te apresentar um pedido de autoriza\u00e7\u00e3o de viagem em apenas alguns minutos. Os viajantes devem :  <\/p>\n\n<ul class=\"wp-block-list\">\n<li>Preenche os teus dados pessoais e os dados do passaporte<\/li>\n\n\n\n<li>Responde a um breve question\u00e1rio de seguran\u00e7a<\/li>\n\n\n\n<li>Pagamento seguro das taxas ETA<\/li>\n<\/ul>\n\n<div style=\"height:10px\" aria-hidden=\"true\" class=\"wp-block-spacer\"><\/div>\n\n<p>Uma vez validado o pedido, a ETA \u00e9 geralmente <strong>emitida no prazo de tr\u00eas dias \u00fateis<\/strong> e anexada eletronicamente ao passaporte do viajante. N\u00e3o s\u00e3o necess\u00e1rios documentos em papel. <\/p>\n\n<h2 class=\"wp-block-heading\">Quais s\u00e3o as vantagens do pedido de ETA para o Reino Unido?<\/h2>\n\n<p>A aplica\u00e7\u00e3o ETA para o Reino Unido \u00e9 r\u00e1pida, intuitiva e n\u00e3o necessita de papel. Evita os procedimentos morosos envolvidos na obten\u00e7\u00e3o de um <a href=\"https:\/\/uk-gb.net\/pt-pt\/visto-turista-inglaterra-reino-unido\/\">visto para visitas tur\u00edsticas no Reino Unido<\/a>.  <\/p>\n\n<p>Os viajantes podem acompanhar o estado do seu pedido em tempo real, receber notifica\u00e7\u00f5es e manter um registo digital da sua autoriza\u00e7\u00e3o de viagem. Reduz significativamente os tempos de espera e simplifica as <a href=\"https:\/\/uk-gb.net\/pt-pt\/visto-reino-unido\/\">formalidades de entrada no Reino Unido<\/a>. <\/p>\n\n<h2 class=\"wp-block-heading\">Existe um servi\u00e7o de apoio ao cliente online?<\/h2>\n\n<p>A aplica\u00e7\u00e3o oferece apoio online para ajudar os utilizadores em todas as fases do processo. Uma FAQ integrada responde \u00e0s perguntas mais frequentes, e um chatbot est\u00e1 dispon\u00edvel para fornecer respostas instant\u00e2neas em tempo real. <\/p>\n\n<p>Estas carater\u00edsticas tornam a aplica\u00e7\u00e3o eTA uma ferramenta essencial para os viajantes, simplificando o processo de candidatura e proporcionando uma experi\u00eancia de utiliza\u00e7\u00e3o segura e eficiente. \u00c9 muito mais simples do que <a href=\"https:\/\/uk-gb.net\/pt-pt\/procedimento-visto-reino-unido\/\">pedir um visto para o Reino Unido<\/a>. <\/p>\n\n<h2 class=\"wp-block-heading\">Aplica\u00e7\u00e3o eTA do Reino Unido na Apple App Store<\/h2>\n\n<p>Esta \u00e9 a aplica\u00e7\u00e3o oficial das autoridades brit\u00e2nicas que permite aos viajantes solicitarem a eTA no seu telem\u00f3vel.<\/p>\n\n<figure class=\"wp-block-image size-full\"><img fetchpriority=\"high\" decoding=\"async\" width=\"486\" height=\"822\" src=\"https:\/\/uk-gb.net\/wp-content\/uploads\/2024\/05\/uk-esta-app.jpg\" alt=\"Aplica&#xE7;&#xE3;o eTA UK para iPhone\" class=\"wp-image-2351\" srcset=\"https:\/\/uk-gb.net\/wp-content\/uploads\/2024\/05\/uk-esta-app.jpg 486w, https:\/\/uk-gb.net\/wp-content\/uploads\/2024\/05\/uk-esta-app-177x300.jpg 177w\" sizes=\"(max-width: 486px) 100vw, 486px\" \/><figcaption class=\"wp-element-caption\">Imagem da aplica\u00e7\u00e3o para IPhone na App Store para solicitar o eTA UK<\/figcaption><\/figure>\n\n<p><\/p>\n","protected":false},"excerpt":{"rendered":"<p>Aplica\u00e7\u00e3o da ETA Reino Unido O Reino Unido lan\u00e7ou uma aplica\u00e7\u00e3o m\u00f3vel dedicada \u00e0 gest\u00e3o dos pedidos de eTA para o Reino Unido. Esta aplica\u00e7\u00e3o digital oferece uma solu\u00e7\u00e3o pr\u00e1tica e eficiente para os viajantes de pa\u00edses eleg\u00edveis para uma eTA para o Reino Unido. Para obter esta autoriza\u00e7\u00e3o de viagem em apenas alguns minutos, [&hellip;]<\/p>\n","protected":false},"author":1,"featured_media":0,"parent":0,"menu_order":0,"comment_status":"closed","ping_status":"closed","template":"","meta":{"footnotes":""},"class_list":["post-754","page","type-page","status-publish","hentry"],"yoast_head":"<!-- This site is optimized with the Yoast SEO plugin v27.4 - https:\/\/yoast.com\/product\/yoast-seo-wordpress\/ -->\n<title>Pedido oficial de ETA para o Reino Unido - UK GB<\/title>\n<meta name=\"description\" content=\"Descobre a aplica\u00e7\u00e3o para iPhone que te permite gerir o teu pedido de eTA para viajar para o Reino Unido\" \/>\n<meta name=\"robots\" content=\"index, follow, max-snippet:-1, max-image-preview:large, max-video-preview:-1\" \/>\n<link rel=\"canonical\" href=\"https:\/\/uk-gb.net\/pt-pt\/aplicativo-iphone-visto-eta-inglaterra\/\" \/>\n<meta property=\"og:locale\" content=\"pt_PT\" \/>\n<meta property=\"og:type\" content=\"article\" \/>\n<meta property=\"og:title\" content=\"Pedido oficial de ETA para o Reino Unido - UK GB\" \/>\n<meta property=\"og:description\" content=\"Descobre a aplica\u00e7\u00e3o para iPhone que te permite gerir o teu pedido de eTA para viajar para o Reino Unido\" \/>\n<meta property=\"og:url\" content=\"https:\/\/uk-gb.net\/pt-pt\/aplicativo-iphone-visto-eta-inglaterra\/\" \/>\n<meta property=\"og:site_name\" content=\"UK GB\" \/>\n<meta property=\"article:modified_time\" content=\"2025-11-13T17:50:23+00:00\" \/>\n<meta property=\"og:image\" content=\"https:\/\/uk-gb.net\/wp-content\/uploads\/2024\/05\/uk-esta-app.jpg\" \/>\n\t<meta property=\"og:image:width\" content=\"486\" \/>\n\t<meta property=\"og:image:height\" content=\"822\" \/>\n\t<meta property=\"og:image:type\" content=\"image\/jpeg\" \/>\n<meta name=\"twitter:card\" content=\"summary_large_image\" \/>\n<meta name=\"twitter:label1\" content=\"Tempo estimado de leitura\" \/>\n\t<meta name=\"twitter:data1\" content=\"2 minutos\" \/>\n<script type=\"application\/ld+json\" class=\"yoast-schema-graph\">{\"@context\":\"https:\\\/\\\/schema.org\",\"@graph\":[{\"@type\":\"WebPage\",\"@id\":\"https:\\\/\\\/uk-gb.net\\\/pt-pt\\\/aplicativo-iphone-visto-eta-inglaterra\\\/\",\"url\":\"https:\\\/\\\/uk-gb.net\\\/pt-pt\\\/aplicativo-iphone-visto-eta-inglaterra\\\/\",\"name\":\"Pedido oficial de ETA para o Reino Unido - UK GB\",\"isPartOf\":{\"@id\":\"https:\\\/\\\/uk-gb.net\\\/pt-pt\\\/#website\"},\"primaryImageOfPage\":{\"@id\":\"https:\\\/\\\/uk-gb.net\\\/pt-pt\\\/aplicativo-iphone-visto-eta-inglaterra\\\/#primaryimage\"},\"image\":{\"@id\":\"https:\\\/\\\/uk-gb.net\\\/pt-pt\\\/aplicativo-iphone-visto-eta-inglaterra\\\/#primaryimage\"},\"thumbnailUrl\":\"https:\\\/\\\/uk-gb.net\\\/wp-content\\\/uploads\\\/2024\\\/05\\\/uk-esta-app.jpg\",\"datePublished\":\"2023-12-19T16:07:33+00:00\",\"dateModified\":\"2025-11-13T17:50:23+00:00\",\"description\":\"Descobre a aplica\u00e7\u00e3o para iPhone que te permite gerir o teu pedido de eTA para viajar para o Reino Unido\",\"inLanguage\":\"pt-PT\",\"potentialAction\":[{\"@type\":\"ReadAction\",\"target\":[\"https:\\\/\\\/uk-gb.net\\\/pt-pt\\\/aplicativo-iphone-visto-eta-inglaterra\\\/\"]}]},{\"@type\":\"ImageObject\",\"inLanguage\":\"pt-PT\",\"@id\":\"https:\\\/\\\/uk-gb.net\\\/pt-pt\\\/aplicativo-iphone-visto-eta-inglaterra\\\/#primaryimage\",\"url\":\"https:\\\/\\\/uk-gb.net\\\/wp-content\\\/uploads\\\/2024\\\/05\\\/uk-esta-app.jpg\",\"contentUrl\":\"https:\\\/\\\/uk-gb.net\\\/wp-content\\\/uploads\\\/2024\\\/05\\\/uk-esta-app.jpg\"},{\"@type\":\"WebSite\",\"@id\":\"https:\\\/\\\/uk-gb.net\\\/pt-pt\\\/#website\",\"url\":\"https:\\\/\\\/uk-gb.net\\\/pt-pt\\\/\",\"name\":\"UK GB\",\"description\":\"Travel to the UK\",\"potentialAction\":[{\"@type\":\"SearchAction\",\"target\":{\"@type\":\"EntryPoint\",\"urlTemplate\":\"https:\\\/\\\/uk-gb.net\\\/pt-pt\\\/?s={search_term_string}\"},\"query-input\":{\"@type\":\"PropertyValueSpecification\",\"valueRequired\":true,\"valueName\":\"search_term_string\"}}],\"inLanguage\":\"pt-PT\"}]}<\/script>\n<!-- \/ Yoast SEO plugin. -->","yoast_head_json":{"title":"Pedido oficial de ETA para o Reino Unido - UK GB","description":"Descobre a aplica\u00e7\u00e3o para iPhone que te permite gerir o teu pedido de eTA para viajar para o Reino Unido","robots":{"index":"index","follow":"follow","max-snippet":"max-snippet:-1","max-image-preview":"max-image-preview:large","max-video-preview":"max-video-preview:-1"},"canonical":"https:\/\/uk-gb.net\/pt-pt\/aplicativo-iphone-visto-eta-inglaterra\/","og_locale":"pt_PT","og_type":"article","og_title":"Pedido oficial de ETA para o Reino Unido - UK GB","og_description":"Descobre a aplica\u00e7\u00e3o para iPhone que te permite gerir o teu pedido de eTA para viajar para o Reino Unido","og_url":"https:\/\/uk-gb.net\/pt-pt\/aplicativo-iphone-visto-eta-inglaterra\/","og_site_name":"UK GB","article_modified_time":"2025-11-13T17:50:23+00:00","og_image":[{"width":486,"height":822,"url":"https:\/\/uk-gb.net\/wp-content\/uploads\/2024\/05\/uk-esta-app.jpg","type":"image\/jpeg"}],"twitter_card":"summary_large_image","twitter_misc":{"Tempo estimado de leitura":"2 minutos"},"schema":{"@context":"https:\/\/schema.org","@graph":[{"@type":"WebPage","@id":"https:\/\/uk-gb.net\/pt-pt\/aplicativo-iphone-visto-eta-inglaterra\/","url":"https:\/\/uk-gb.net\/pt-pt\/aplicativo-iphone-visto-eta-inglaterra\/","name":"Pedido oficial de ETA para o Reino Unido - UK GB","isPartOf":{"@id":"https:\/\/uk-gb.net\/pt-pt\/#website"},"primaryImageOfPage":{"@id":"https:\/\/uk-gb.net\/pt-pt\/aplicativo-iphone-visto-eta-inglaterra\/#primaryimage"},"image":{"@id":"https:\/\/uk-gb.net\/pt-pt\/aplicativo-iphone-visto-eta-inglaterra\/#primaryimage"},"thumbnailUrl":"https:\/\/uk-gb.net\/wp-content\/uploads\/2024\/05\/uk-esta-app.jpg","datePublished":"2023-12-19T16:07:33+00:00","dateModified":"2025-11-13T17:50:23+00:00","description":"Descobre a aplica\u00e7\u00e3o para iPhone que te permite gerir o teu pedido de eTA para viajar para o Reino Unido","inLanguage":"pt-PT","potentialAction":[{"@type":"ReadAction","target":["https:\/\/uk-gb.net\/pt-pt\/aplicativo-iphone-visto-eta-inglaterra\/"]}]},{"@type":"ImageObject","inLanguage":"pt-PT","@id":"https:\/\/uk-gb.net\/pt-pt\/aplicativo-iphone-visto-eta-inglaterra\/#primaryimage","url":"https:\/\/uk-gb.net\/wp-content\/uploads\/2024\/05\/uk-esta-app.jpg","contentUrl":"https:\/\/uk-gb.net\/wp-content\/uploads\/2024\/05\/uk-esta-app.jpg"},{"@type":"WebSite","@id":"https:\/\/uk-gb.net\/pt-pt\/#website","url":"https:\/\/uk-gb.net\/pt-pt\/","name":"UK GB","description":"Travel to the UK","potentialAction":[{"@type":"SearchAction","target":{"@type":"EntryPoint","urlTemplate":"https:\/\/uk-gb.net\/pt-pt\/?s={search_term_string}"},"query-input":{"@type":"PropertyValueSpecification","valueRequired":true,"valueName":"search_term_string"}}],"inLanguage":"pt-PT"}]}},"_links":{"self":[{"href":"https:\/\/uk-gb.net\/pt-pt\/wp-json\/wp\/v2\/pages\/754","targetHints":{"allow":["GET"]}}],"collection":[{"href":"https:\/\/uk-gb.net\/pt-pt\/wp-json\/wp\/v2\/pages"}],"about":[{"href":"https:\/\/uk-gb.net\/pt-pt\/wp-json\/wp\/v2\/types\/page"}],"author":[{"embeddable":true,"href":"https:\/\/uk-gb.net\/pt-pt\/wp-json\/wp\/v2\/users\/1"}],"replies":[{"embeddable":true,"href":"https:\/\/uk-gb.net\/pt-pt\/wp-json\/wp\/v2\/comments?post=754"}],"version-history":[{"count":0,"href":"https:\/\/uk-gb.net\/pt-pt\/wp-json\/wp\/v2\/pages\/754\/revisions"}],"wp:attachment":[{"href":"https:\/\/uk-gb.net\/pt-pt\/wp-json\/wp\/v2\/media?parent=754"}],"curies":[{"name":"wp","href":"https:\/\/api.w.org\/{rel}","templated":true}]}}