{"id":6165,"date":"2025-05-22T08:36:16","date_gmt":"2025-05-22T07:36:16","guid":{"rendered":"https:\/\/uk-gb.net\/visita-stirling\/"},"modified":"2025-05-22T08:48:53","modified_gmt":"2025-05-22T07:48:53","slug":"visita-stirling","status":"publish","type":"page","link":"https:\/\/uk-gb.net\/pt-pt\/visita-stirling\/","title":{"rendered":"Visita a cidade escocesa de Stirling"},"content":{"rendered":"\n<h1 class=\"wp-block-heading\">Guia tur\u00edstico da cidade de Stirling<\/h1>\n\n<p>Stirling, no cora\u00e7\u00e3o da Esc\u00f3cia, \u00e9 uma cidade hist\u00f3rica com um rico patrim\u00f3nio, muitas vezes referida como a \u201cPorta de Entrada para as Terras Altas\u201d. Outrora capital do Reino da Esc\u00f3cia, \u00e9 conhecida pelo seu papel central nas Guerras de Independ\u00eancia Escocesas e pelo seu impressionante castelo, que domina a cidade a partir de um promont\u00f3rio rochoso. Uma mistura de hist\u00f3ria, natureza e cultura, Stirling \u00e9 um destino obrigat\u00f3rio para os f\u00e3s do passado da Esc\u00f3cia.  <\/p>\n\n<figure class=\"wp-block-image size-large\"><img fetchpriority=\"high\" decoding=\"async\" width=\"1024\" height=\"631\" src=\"https:\/\/uk-gb.net\/wp-content\/uploads\/2025\/05\/stirling-1024x631.jpg\" alt=\"Cidade de Stirling\" class=\"wp-image-5953\" srcset=\"https:\/\/uk-gb.net\/wp-content\/uploads\/2025\/05\/stirling-1024x631.jpg 1024w, https:\/\/uk-gb.net\/wp-content\/uploads\/2025\/05\/stirling-300x185.jpg 300w, https:\/\/uk-gb.net\/wp-content\/uploads\/2025\/05\/stirling-768x473.jpg 768w, https:\/\/uk-gb.net\/wp-content\/uploads\/2025\/05\/stirling.jpg 1131w\" sizes=\"(max-width: 1024px) 100vw, 1024px\" \/><figcaption class=\"wp-element-caption\">Cidade escocesa de Stirling<\/figcaption><\/figure>\n\n<h2 class=\"wp-block-heading\">Porqu\u00ea visitar Stirling?<\/h2>\n\n<p>Stirling \u00e9 uma cidade \u00e0 escala humana, com uma densidade rara de locais hist\u00f3ricos importantes. O seu castelo \u00e9 um dos mais importantes da Esc\u00f3cia e o monumento Wallace, situado numa colina pr\u00f3xima, presta homenagem a um dos her\u00f3is nacionais da Esc\u00f3cia. Para al\u00e9m do seu interesse hist\u00f3rico, Stirling oferece um magn\u00edfico cen\u00e1rio natural, com colinas, rios e trilhos para caminhadas nas imedia\u00e7\u00f5es. \u00c9 tamb\u00e9m um excelente ponto de partida para explorar tanto as Lowlands como as Highlands.   <\/p>\n\n<h2 class=\"wp-block-heading\">O que tens de ter<\/h2>\n\n<ul class=\"wp-block-list\">\n<li><a href=\"https:\/\/en.wikipedia.org\/wiki\/Stirling_Castle\">Castelo de Stirling<\/a>: Um dos castelos mais emblem\u00e1ticos do pa\u00eds, ricamente decorado e repleto de hist\u00f3ria.<\/li>\n\n\n\n<li><a href=\"https:\/\/www.nationalwallacemonument.com\/\">Monumento Wallace<\/a>: Uma torre neo-g\u00f3tica dedicada a William Wallace, com vistas deslumbrantes sobre a regi\u00e3o.<\/li>\n\n\n\n<li><a href=\"https:\/\/www.churchoftheholyrude.co.uk\/legends-at-cowanes\/\">Cidade Velha<\/a>: O centro medieval da cidade, com as suas ruas calcetadas e edif\u00edcios antigos.<\/li>\n\n\n\n<li><a href=\"https:\/\/www.nts.org.uk\/visit\/places\/bannockburn\">Bannockburn Heritage Centre<\/a>: Um museu interativo dedicado \u00e0 famosa Batalha de Bannockburn.<\/li>\n\n\n\n<li><a href=\"https:\/\/www.smithartgalleryandmuseum.co.uk\/\">Stirling Smith Art Gallery and Museum<\/a>: Uma cole\u00e7\u00e3o de objectos e obras de arte que tra\u00e7am a hist\u00f3ria local.<\/li>\n\n\n\n<li><a href=\"https:\/\/www.churchoftheholyrude.co.uk\/\">Igreja do Santo Rude<\/a>: Uma igreja hist\u00f3rica onde Tiago VI da Esc\u00f3cia foi coroado.<\/li>\n<\/ul>\n\n<h2 class=\"wp-block-heading\">Bairros a explorar<\/h2>\n\n<ul class=\"wp-block-list\">\n<li><strong>Cidade Velha<\/strong>: Um bairro hist\u00f3rico com encanto medieval, vistas panor\u00e2micas e uma atmosfera aut\u00eantica.<\/li>\n\n\n\n<li><strong>Zona ribeirinha<\/strong>: rodeada pelo rio Forth, perfeita para um passeio tranquilo.<\/li>\n\n\n\n<li><strong>Bridge of Allan<\/strong>: Uma pequena cidade vizinha conhecida pela sua atmosfera elegante, caf\u00e9s e caminhos arborizados.<\/li>\n\n\n\n<li><strong>Kings Park<\/strong>: Uma zona residencial arborizada, ideal para relaxar.<\/li>\n<\/ul>\n\n<h2 class=\"wp-block-heading\">Conselhos pr\u00e1ticos<\/h2>\n\n<figure class=\"wp-block-table\"><table><tbody><tr><th>Aspeto<\/th><th>Detalhes<\/th><\/tr><tr><td><strong>Transporte<\/strong><\/td><td>Acess\u00edvel de comboio ou de carro a partir de Edimburgo ou Glasgow, o centro da cidade \u00e9 facilmente visitado a p\u00e9.<\/td><\/tr><tr><td><strong>Alojamento<\/strong><\/td><td>Hot\u00e9is, B&amp;Bs e pousadas dispon\u00edveis na cidade e arredores.<\/td><\/tr><tr><td><strong>Moeda<\/strong><\/td><td>Libra esterlina (\u00a3). Os cart\u00f5es de cr\u00e9dito s\u00e3o aceites em todo o lado. <\/td><\/tr><tr><td><strong>L\u00edngua<\/strong><\/td><td>Possibilidade de falar ingl\u00eas com um forte sotaque escoc\u00eas.<\/td><\/tr><tr><td><strong>Tempo<\/strong><\/td><td>Vari\u00e1vel: usa roupa imperme\u00e1vel em qualquer esta\u00e7\u00e3o do ano.<\/td><\/tr><\/tbody><\/table><\/figure>\n\n<h2 class=\"wp-block-heading\">Onde vais comer?<\/h2>\n\n<ul class=\"wp-block-list\">\n<li><a href=\"https:\/\/www.thebirdsandthebees-stirling.com\/\">The Birds and the Bees<\/a>: Um pub-restaurante local conhecido pela sua cozinha tradicional escocesa.<\/li>\n\n\n\n<li><a href=\"https:\/\/www.theportcullishotel.com\/\">The Portcullis<\/a>: Situado perto do castelo, \u00e9 ideal para uma refei\u00e7\u00e3o num ambiente acolhedor.<\/li>\n\n\n\n<li><a href=\"https:\/\/www.brea-stirling.co.uk\/\">Brea<\/a>: cozinha escocesa moderna com produtos regionais.<\/li>\n\n\n\n<li><a href=\"https:\/\/cafeaina.com\/\">Caf\u00e9 Aina<\/a>: Um caf\u00e9 acolhedor que serve bons pequenos-almo\u00e7os e pastelaria caseira.<\/li>\n\n\n\n<li><a href=\"https:\/\/www.allanwatercafe.com\/\">The Allanwater Caf\u00e9<\/a>: Famoso pelo seu peixe e batatas fritas, na vizinha Bridge of Allan.<\/li>\n<\/ul>\n\n<h2 class=\"wp-block-heading\">Quando ir?<\/h2>\n\n<p>Stirling pode ser visitada durante todo o ano. A primavera e o ver\u00e3o s\u00e3o ideais para visitar os locais ao ar livre e apreciar as vistas desafogadas do castelo ou do monumento Wallace. O outono revela as magn\u00edficas cores das florestas circundantes, enquanto o inverno, mais calmo, d\u00e1 \u00e0 cidade uma atmosfera tranquila para explorar a sua hist\u00f3ria.  <\/p>\n\n<h2 class=\"wp-block-heading\">Conclus\u00e3o<\/h2>\n\n<p>Stirling \u00e9 uma joia escocesa onde a hist\u00f3ria nacional se encontra com uma paisagem soberba. Menos tur\u00edstica do que cidades como Edimburgo ou <a href=\"https:\/\/uk-gb.net\/pt-pt\/visita-inverness-escocia\/\">Inverness<\/a>, oferece uma aut\u00eantica imers\u00e3o no passado da Esc\u00f3cia, sem as multid\u00f5es. Para os entusiastas da hist\u00f3ria, \u00e9 um destino obrigat\u00f3rio, simultaneamente majestoso e acess\u00edvel. Stirling \u00e9 tamb\u00e9m a liga\u00e7\u00e3o perfeita entre as grandes cidades do sul e as terras selvagens do norte.   <\/p>\n\n<p><\/p>\n","protected":false},"excerpt":{"rendered":"<p>Guia tur\u00edstico da cidade de Stirling Stirling, no cora\u00e7\u00e3o da Esc\u00f3cia, \u00e9 uma cidade hist\u00f3rica com um rico patrim\u00f3nio, muitas vezes referida como a \u201cPorta de Entrada para as Terras Altas\u201d. Outrora capital do Reino da Esc\u00f3cia, \u00e9 conhecida pelo seu papel central nas Guerras de Independ\u00eancia Escocesas e pelo seu impressionante castelo, que domina [&hellip;]<\/p>\n","protected":false},"author":1,"featured_media":0,"parent":0,"menu_order":0,"comment_status":"closed","ping_status":"closed","template":"","meta":{"footnotes":""},"class_list":["post-6165","page","type-page","status-publish","hentry"],"yoast_head":"<!-- This site is optimized with the Yoast SEO plugin v27.4 - https:\/\/yoast.com\/product\/yoast-seo-wordpress\/ -->\n<title>Visita a cidade escocesa de Stirling - UK GB<\/title>\n<meta name=\"description\" content=\"Stirling \u00e9 uma magn\u00edfica cidade hist\u00f3rica escocesa, apelidada de Porta de Entrada para as Terras Altas. \u00c9 a antiga capital do Reino da Esc\u00f3cia.\" \/>\n<meta name=\"robots\" content=\"index, follow, max-snippet:-1, max-image-preview:large, max-video-preview:-1\" \/>\n<link rel=\"canonical\" href=\"https:\/\/uk-gb.net\/pt-pt\/visita-stirling\/\" \/>\n<meta property=\"og:locale\" content=\"pt_PT\" \/>\n<meta property=\"og:type\" content=\"article\" \/>\n<meta property=\"og:title\" content=\"Visita a cidade escocesa de Stirling - UK GB\" \/>\n<meta property=\"og:description\" content=\"Stirling \u00e9 uma magn\u00edfica cidade hist\u00f3rica escocesa, apelidada de Porta de Entrada para as Terras Altas. \u00c9 a antiga capital do Reino da Esc\u00f3cia.\" \/>\n<meta property=\"og:url\" content=\"https:\/\/uk-gb.net\/pt-pt\/visita-stirling\/\" \/>\n<meta property=\"og:site_name\" content=\"UK GB\" \/>\n<meta property=\"article:modified_time\" content=\"2025-05-22T07:48:53+00:00\" \/>\n<meta property=\"og:image\" content=\"https:\/\/uk-gb.net\/wp-content\/uploads\/2025\/05\/stirling.jpg\" \/>\n\t<meta property=\"og:image:width\" content=\"1131\" \/>\n\t<meta property=\"og:image:height\" content=\"697\" \/>\n\t<meta property=\"og:image:type\" content=\"image\/jpeg\" \/>\n<meta name=\"twitter:card\" content=\"summary_large_image\" \/>\n<meta name=\"twitter:label1\" content=\"Tempo estimado de leitura\" \/>\n\t<meta name=\"twitter:data1\" content=\"3 minutos\" \/>\n<script type=\"application\/ld+json\" class=\"yoast-schema-graph\">{\"@context\":\"https:\\\/\\\/schema.org\",\"@graph\":[{\"@type\":\"WebPage\",\"@id\":\"https:\\\/\\\/uk-gb.net\\\/pt-pt\\\/visita-stirling\\\/\",\"url\":\"https:\\\/\\\/uk-gb.net\\\/pt-pt\\\/visita-stirling\\\/\",\"name\":\"Visita a cidade escocesa de Stirling - UK GB\",\"isPartOf\":{\"@id\":\"https:\\\/\\\/uk-gb.net\\\/pt-pt\\\/#website\"},\"primaryImageOfPage\":{\"@id\":\"https:\\\/\\\/uk-gb.net\\\/pt-pt\\\/visita-stirling\\\/#primaryimage\"},\"image\":{\"@id\":\"https:\\\/\\\/uk-gb.net\\\/pt-pt\\\/visita-stirling\\\/#primaryimage\"},\"thumbnailUrl\":\"https:\\\/\\\/uk-gb.net\\\/wp-content\\\/uploads\\\/2025\\\/05\\\/stirling-1024x631.jpg\",\"datePublished\":\"2025-05-22T07:36:16+00:00\",\"dateModified\":\"2025-05-22T07:48:53+00:00\",\"description\":\"Stirling \u00e9 uma magn\u00edfica cidade hist\u00f3rica escocesa, apelidada de Porta de Entrada para as Terras Altas. \u00c9 a antiga capital do Reino da Esc\u00f3cia.\",\"inLanguage\":\"pt-PT\",\"potentialAction\":[{\"@type\":\"ReadAction\",\"target\":[\"https:\\\/\\\/uk-gb.net\\\/pt-pt\\\/visita-stirling\\\/\"]}]},{\"@type\":\"ImageObject\",\"inLanguage\":\"pt-PT\",\"@id\":\"https:\\\/\\\/uk-gb.net\\\/pt-pt\\\/visita-stirling\\\/#primaryimage\",\"url\":\"https:\\\/\\\/uk-gb.net\\\/wp-content\\\/uploads\\\/2025\\\/05\\\/stirling-1024x631.jpg\",\"contentUrl\":\"https:\\\/\\\/uk-gb.net\\\/wp-content\\\/uploads\\\/2025\\\/05\\\/stirling-1024x631.jpg\"},{\"@type\":\"WebSite\",\"@id\":\"https:\\\/\\\/uk-gb.net\\\/pt-pt\\\/#website\",\"url\":\"https:\\\/\\\/uk-gb.net\\\/pt-pt\\\/\",\"name\":\"UK GB\",\"description\":\"Travel to the UK\",\"potentialAction\":[{\"@type\":\"SearchAction\",\"target\":{\"@type\":\"EntryPoint\",\"urlTemplate\":\"https:\\\/\\\/uk-gb.net\\\/pt-pt\\\/?s={search_term_string}\"},\"query-input\":{\"@type\":\"PropertyValueSpecification\",\"valueRequired\":true,\"valueName\":\"search_term_string\"}}],\"inLanguage\":\"pt-PT\"}]}<\/script>\n<!-- \/ Yoast SEO plugin. -->","yoast_head_json":{"title":"Visita a cidade escocesa de Stirling - UK GB","description":"Stirling \u00e9 uma magn\u00edfica cidade hist\u00f3rica escocesa, apelidada de Porta de Entrada para as Terras Altas. \u00c9 a antiga capital do Reino da Esc\u00f3cia.","robots":{"index":"index","follow":"follow","max-snippet":"max-snippet:-1","max-image-preview":"max-image-preview:large","max-video-preview":"max-video-preview:-1"},"canonical":"https:\/\/uk-gb.net\/pt-pt\/visita-stirling\/","og_locale":"pt_PT","og_type":"article","og_title":"Visita a cidade escocesa de Stirling - UK GB","og_description":"Stirling \u00e9 uma magn\u00edfica cidade hist\u00f3rica escocesa, apelidada de Porta de Entrada para as Terras Altas. \u00c9 a antiga capital do Reino da Esc\u00f3cia.","og_url":"https:\/\/uk-gb.net\/pt-pt\/visita-stirling\/","og_site_name":"UK GB","article_modified_time":"2025-05-22T07:48:53+00:00","og_image":[{"width":1131,"height":697,"url":"https:\/\/uk-gb.net\/wp-content\/uploads\/2025\/05\/stirling.jpg","type":"image\/jpeg"}],"twitter_card":"summary_large_image","twitter_misc":{"Tempo estimado de leitura":"3 minutos"},"schema":{"@context":"https:\/\/schema.org","@graph":[{"@type":"WebPage","@id":"https:\/\/uk-gb.net\/pt-pt\/visita-stirling\/","url":"https:\/\/uk-gb.net\/pt-pt\/visita-stirling\/","name":"Visita a cidade escocesa de Stirling - UK GB","isPartOf":{"@id":"https:\/\/uk-gb.net\/pt-pt\/#website"},"primaryImageOfPage":{"@id":"https:\/\/uk-gb.net\/pt-pt\/visita-stirling\/#primaryimage"},"image":{"@id":"https:\/\/uk-gb.net\/pt-pt\/visita-stirling\/#primaryimage"},"thumbnailUrl":"https:\/\/uk-gb.net\/wp-content\/uploads\/2025\/05\/stirling-1024x631.jpg","datePublished":"2025-05-22T07:36:16+00:00","dateModified":"2025-05-22T07:48:53+00:00","description":"Stirling \u00e9 uma magn\u00edfica cidade hist\u00f3rica escocesa, apelidada de Porta de Entrada para as Terras Altas. \u00c9 a antiga capital do Reino da Esc\u00f3cia.","inLanguage":"pt-PT","potentialAction":[{"@type":"ReadAction","target":["https:\/\/uk-gb.net\/pt-pt\/visita-stirling\/"]}]},{"@type":"ImageObject","inLanguage":"pt-PT","@id":"https:\/\/uk-gb.net\/pt-pt\/visita-stirling\/#primaryimage","url":"https:\/\/uk-gb.net\/wp-content\/uploads\/2025\/05\/stirling-1024x631.jpg","contentUrl":"https:\/\/uk-gb.net\/wp-content\/uploads\/2025\/05\/stirling-1024x631.jpg"},{"@type":"WebSite","@id":"https:\/\/uk-gb.net\/pt-pt\/#website","url":"https:\/\/uk-gb.net\/pt-pt\/","name":"UK GB","description":"Travel to the UK","potentialAction":[{"@type":"SearchAction","target":{"@type":"EntryPoint","urlTemplate":"https:\/\/uk-gb.net\/pt-pt\/?s={search_term_string}"},"query-input":{"@type":"PropertyValueSpecification","valueRequired":true,"valueName":"search_term_string"}}],"inLanguage":"pt-PT"}]}},"_links":{"self":[{"href":"https:\/\/uk-gb.net\/pt-pt\/wp-json\/wp\/v2\/pages\/6165","targetHints":{"allow":["GET"]}}],"collection":[{"href":"https:\/\/uk-gb.net\/pt-pt\/wp-json\/wp\/v2\/pages"}],"about":[{"href":"https:\/\/uk-gb.net\/pt-pt\/wp-json\/wp\/v2\/types\/page"}],"author":[{"embeddable":true,"href":"https:\/\/uk-gb.net\/pt-pt\/wp-json\/wp\/v2\/users\/1"}],"replies":[{"embeddable":true,"href":"https:\/\/uk-gb.net\/pt-pt\/wp-json\/wp\/v2\/comments?post=6165"}],"version-history":[{"count":0,"href":"https:\/\/uk-gb.net\/pt-pt\/wp-json\/wp\/v2\/pages\/6165\/revisions"}],"wp:attachment":[{"href":"https:\/\/uk-gb.net\/pt-pt\/wp-json\/wp\/v2\/media?parent=6165"}],"curies":[{"name":"wp","href":"https:\/\/api.w.org\/{rel}","templated":true}]}}