{"id":6012,"date":"2025-05-21T14:52:45","date_gmt":"2025-05-21T13:52:45","guid":{"rendered":"https:\/\/uk-gb.net\/visita-inverness-escocia\/"},"modified":"2025-05-22T11:44:25","modified_gmt":"2025-05-22T10:44:25","slug":"visita-inverness-escocia","status":"publish","type":"page","link":"https:\/\/uk-gb.net\/pt-pt\/visita-inverness-escocia\/","title":{"rendered":"Visita Inverness na Esc\u00f3cia"},"content":{"rendered":"\n<h1 class=\"wp-block-heading\">Guia tur\u00edstico de Inverness<\/h1>\n\n<p>Inverness, apelidada de \u201ca capital das Terras Altas\u201d, \u00e9 uma encantadora cidade escocesa no norte do pa\u00eds. Rodeada por paisagens espectaculares, castelos misteriosos e lagos lend\u00e1rios, \u00e9 a base ideal para explorar uma das regi\u00f5es mais selvagens e aut\u00eanticas do Reino Unido. <\/p>\n\n<h2 class=\"wp-block-heading\">Porqu\u00ea visitar Inverness?<\/h2>\n\n<p>Inverness atrai os viajantes em busca de natureza, hist\u00f3ria e tranquilidade. Com o seu acolhedor centro da cidade, o seu castelo com vista para o rio Ness e a sua proximidade do m\u00edtico Loch Ness, esta cidade oferece um bom equil\u00edbrio entre a cultura escocesa, o patrim\u00f3nio hist\u00f3rico e panoramas de cortar a respira\u00e7\u00e3o. Inverness \u00e9 tamb\u00e9m uma excelente base para descobrir as Terras Altas, rotas c\u00e9nicas como a North Coast 500 e os muitos trilhos pedestres circundantes.  <\/p>\n\n<figure class=\"wp-block-image size-large\"><img fetchpriority=\"high\" decoding=\"async\" width=\"1024\" height=\"521\" src=\"https:\/\/uk-gb.net\/wp-content\/uploads\/2025\/05\/Inverness-1024x521.jpg\" alt=\"Cidade de Inverness\" class=\"wp-image-5938\" srcset=\"https:\/\/uk-gb.net\/wp-content\/uploads\/2025\/05\/Inverness-1024x521.jpg 1024w, https:\/\/uk-gb.net\/wp-content\/uploads\/2025\/05\/Inverness-300x153.jpg 300w, https:\/\/uk-gb.net\/wp-content\/uploads\/2025\/05\/Inverness-768x390.jpg 768w, https:\/\/uk-gb.net\/wp-content\/uploads\/2025\/05\/Inverness.jpg 1072w\" sizes=\"(max-width: 1024px) 100vw, 1024px\" \/><figcaption class=\"wp-element-caption\">Cidade escocesa de Inverness<\/figcaption><\/figure>\n\n<h2 class=\"wp-block-heading\">O que tens de ter<\/h2>\n\n<ul class=\"wp-block-list\">\n<li><a href=\"https:\/\/invernesscastle.scot\/\">Castelo de Inverness<\/a>: Um edif\u00edcio ic\u00f3nico que domina a cidade, com vistas deslumbrantes sobre o rio Ness.<\/li>\n\n\n\n<li><a href=\"https:\/\/www.visitinvernesslochness.com\/\">Loch Ness<\/a>: A poucos quil\u00f3metros de dist\u00e2ncia, vai em busca de Nessie e explora o Castelo de Urquhart.<\/li>\n\n\n\n<li><a href=\"https:\/\/www.highlifehighland.com\/inverness-museum-and-art-gallery\/\">Inverness Museum and Art Gallery<\/a>: Aprende mais sobre a hist\u00f3ria, cultura e tradi\u00e7\u00f5es das Highlands.<\/li>\n\n\n\n<li><a href=\"https:\/\/www.visitinvernesslochness.com\/listings\/ness-islands\">Ilhas Ness<\/a>: Pequenas ilhas arborizadas ligadas por pontes, perfeitas para um passeio tranquilo.<\/li>\n\n\n\n<li><a href=\"https:\/\/invernesscathedral.org\/\">Cath\u00e9drale Saint-Andr\u00e9<\/a>: Uma magn\u00edfica catedral g\u00f3tica nas margens do rio.<\/li>\n\n\n\n<li><a href=\"https:\/\/eden-court.co.uk\/\">Eden Court Theatre<\/a>: Um centro cultural din\u00e2mico que oferece espect\u00e1culos, filmes e concertos.<\/li>\n<\/ul>\n\n<div style=\"height:10px\" aria-hidden=\"true\" class=\"wp-block-spacer\"><\/div>\n\n<h2 class=\"wp-block-heading\">Bairros a explorar<\/h2>\n\n<ul class=\"wp-block-list\">\n<li><strong>Centro da cidade<\/strong>: Um bairro animado com lojas, pubs tradicionais e restaurantes.<\/li>\n\n\n\n<li><strong>Merkinch<\/strong>: Um bairro nas margens do Caledonian Canal, perfeito para um passeio.<\/li>\n\n\n\n<li><strong>Coroa<\/strong>: Zona residencial tranquila e arborizada, a dois passos do centro.<\/li>\n\n\n\n<li>Zona <strong>Sul<\/strong>: Uma zona tranquila para passeios \u00e0 beira-rio.<\/li>\n<\/ul>\n\n<div style=\"height:10px\" aria-hidden=\"true\" class=\"wp-block-spacer\"><\/div>\n\n<h2 class=\"wp-block-heading\">Conselhos pr\u00e1ticos<\/h2>\n\n<figure class=\"wp-block-table\"><table><tbody><tr><th>Aspeto<\/th><th>Detalhes<\/th><\/tr><tr><td><strong>Transporte<\/strong><\/td><td>F\u00e1cil acesso por comboio ou avi\u00e3o; autocarros e t\u00e1xis asseguram o transporte local.<\/td><\/tr><tr><td><strong>Alojamento<\/strong><\/td><td>Desde B&amp;Bs de gest\u00e3o familiar a hot\u00e9is de 4 estrelas e casas de campo encantadoras.<\/td><\/tr><tr><td><strong>Moeda<\/strong><\/td><td>Libra esterlina (\u00a3). Aceita largamente os pagamentos com cart\u00e3o. <\/td><\/tr><tr><td><strong>L\u00edngua<\/strong><\/td><td>Ingl\u00eas, com uma forte identidade cultural escocesa.<\/td><\/tr><tr><td><strong>Tempo<\/strong><\/td><td>Traz roupa imperme\u00e1vel, pois o clima \u00e9 vari\u00e1vel.<\/td><\/tr><\/tbody><\/table><\/figure>\n\n<h2 class=\"wp-block-heading\">Onde vais comer?<\/h2>\n\n<ul class=\"wp-block-list\">\n<li><a href=\"https:\/\/www.rocpoolrestaurant.com\/\">Restaurante Rocpool<\/a>: Cozinha moderna e requintada com vista para o Rio Ness.<\/li>\n\n\n\n<li><a href=\"https:\/\/www.mustardseedrestaurant.co.uk\/\">The Mustard Seed<\/a>: Instalado numa antiga igreja, este restaurante serve uma cozinha escocesa inventiva.<\/li>\n\n\n\n<li><a href=\"https:\/\/www.kitchenrestaurant.co.uk\/\">The Kitchen<\/a>: Um ambiente elegante para saborear pratos sazonais locais.<\/li>\n\n\n\n<li><a href=\"https:\/\/www.macgregorsbars.com\/\">MacGregor&#8217;s Bar<\/a>: Desfruta das especialidades escocesas num ambiente acolhedor.<\/li>\n<\/ul>\n\n<div style=\"height:10px\" aria-hidden=\"true\" class=\"wp-block-spacer\"><\/div>\n\n<h2 class=\"wp-block-heading\">Quando ir?<\/h2>\n\n<p>Inverness pode ser visitada durante todo o ano, mas os meses de maio a setembro s\u00e3o os melhores para desfrutar ao m\u00e1ximo das actividades ao ar livre. No ver\u00e3o, as Terras Altas podem ser exploradas com uma luz excecional, enquanto o outono oferece paisagens extravagantes. No inverno, a cidade torna-se mais tranquila, ideal para os amantes da paz e da natureza selvagem.  <\/p>\n\n<h2 class=\"wp-block-heading\">Coisas a ter em conta quando viajas para Inverness<\/h2>\n\n<p>Inverness \u00e9 muito mais do que apenas uma porta de entrada para o Loch Ness: \u00e9 um destino por si s\u00f3, combinando natureza, hist\u00f3ria e cultura. Em compara\u00e7\u00e3o com grandes cidades como Edimburgo ou Glasgow, Inverness oferece um ritmo mais calmo, ideal para te afastares de tudo. Menos urbana do que Londres ou Manchester, a sua autenticidade e a beleza crua do seu ambiente fazem dela um \u00f3timo local para visitar. Descobre as Highlands a partir de Inverness e deixa-te encantar pela magia do norte da Esc\u00f3cia.   <\/p>\n","protected":false},"excerpt":{"rendered":"<p>Guia tur\u00edstico de Inverness Inverness, apelidada de \u201ca capital das Terras Altas\u201d, \u00e9 uma encantadora cidade escocesa no norte do pa\u00eds. Rodeada por paisagens espectaculares, castelos misteriosos e lagos lend\u00e1rios, \u00e9 a base ideal para explorar uma das regi\u00f5es mais selvagens e aut\u00eanticas do Reino Unido. Porqu\u00ea visitar Inverness? Inverness atrai os viajantes em busca [&hellip;]<\/p>\n","protected":false},"author":1,"featured_media":0,"parent":0,"menu_order":0,"comment_status":"closed","ping_status":"closed","template":"","meta":{"footnotes":""},"class_list":["post-6012","page","type-page","status-publish","hentry"],"yoast_head":"<!-- This site is optimized with the Yoast SEO plugin v27.3 - https:\/\/yoast.com\/product\/yoast-seo-wordpress\/ -->\n<title>Visita Inverness na Esc\u00f3cia - UK GB<\/title>\n<meta name=\"description\" content=\"Visita a encantadora cidade de Inverness. Inverness \u00e9 a capital das Highlands, uma cidade escocesa no norte do pa\u00eds.\" \/>\n<meta name=\"robots\" content=\"index, follow, max-snippet:-1, max-image-preview:large, max-video-preview:-1\" \/>\n<link rel=\"canonical\" href=\"https:\/\/uk-gb.net\/pt-pt\/visita-inverness-escocia\/\" \/>\n<meta property=\"og:locale\" content=\"pt_PT\" \/>\n<meta property=\"og:type\" content=\"article\" \/>\n<meta property=\"og:title\" content=\"Visita Inverness na Esc\u00f3cia - UK GB\" \/>\n<meta property=\"og:description\" content=\"Visita a encantadora cidade de Inverness. Inverness \u00e9 a capital das Highlands, uma cidade escocesa no norte do pa\u00eds.\" \/>\n<meta property=\"og:url\" content=\"https:\/\/uk-gb.net\/pt-pt\/visita-inverness-escocia\/\" \/>\n<meta property=\"og:site_name\" content=\"UK GB\" \/>\n<meta property=\"article:modified_time\" content=\"2025-05-22T10:44:25+00:00\" \/>\n<meta property=\"og:image\" content=\"https:\/\/uk-gb.net\/wp-content\/uploads\/2025\/05\/Inverness.jpg\" \/>\n\t<meta property=\"og:image:width\" content=\"1072\" \/>\n\t<meta property=\"og:image:height\" content=\"545\" \/>\n\t<meta property=\"og:image:type\" content=\"image\/jpeg\" \/>\n<meta name=\"twitter:card\" content=\"summary_large_image\" \/>\n<meta name=\"twitter:label1\" content=\"Tempo estimado de leitura\" \/>\n\t<meta name=\"twitter:data1\" content=\"3 minutos\" \/>\n<script type=\"application\/ld+json\" class=\"yoast-schema-graph\">{\"@context\":\"https:\\\/\\\/schema.org\",\"@graph\":[{\"@type\":\"WebPage\",\"@id\":\"https:\\\/\\\/uk-gb.net\\\/pt-pt\\\/visita-inverness-escocia\\\/\",\"url\":\"https:\\\/\\\/uk-gb.net\\\/pt-pt\\\/visita-inverness-escocia\\\/\",\"name\":\"Visita Inverness na Esc\u00f3cia - UK GB\",\"isPartOf\":{\"@id\":\"https:\\\/\\\/uk-gb.net\\\/pt-pt\\\/#website\"},\"primaryImageOfPage\":{\"@id\":\"https:\\\/\\\/uk-gb.net\\\/pt-pt\\\/visita-inverness-escocia\\\/#primaryimage\"},\"image\":{\"@id\":\"https:\\\/\\\/uk-gb.net\\\/pt-pt\\\/visita-inverness-escocia\\\/#primaryimage\"},\"thumbnailUrl\":\"https:\\\/\\\/uk-gb.net\\\/wp-content\\\/uploads\\\/2025\\\/05\\\/Inverness-1024x521.jpg\",\"datePublished\":\"2025-05-21T13:52:45+00:00\",\"dateModified\":\"2025-05-22T10:44:25+00:00\",\"description\":\"Visita a encantadora cidade de Inverness. Inverness \u00e9 a capital das Highlands, uma cidade escocesa no norte do pa\u00eds.\",\"inLanguage\":\"pt-PT\",\"potentialAction\":[{\"@type\":\"ReadAction\",\"target\":[\"https:\\\/\\\/uk-gb.net\\\/pt-pt\\\/visita-inverness-escocia\\\/\"]}]},{\"@type\":\"ImageObject\",\"inLanguage\":\"pt-PT\",\"@id\":\"https:\\\/\\\/uk-gb.net\\\/pt-pt\\\/visita-inverness-escocia\\\/#primaryimage\",\"url\":\"https:\\\/\\\/uk-gb.net\\\/wp-content\\\/uploads\\\/2025\\\/05\\\/Inverness-1024x521.jpg\",\"contentUrl\":\"https:\\\/\\\/uk-gb.net\\\/wp-content\\\/uploads\\\/2025\\\/05\\\/Inverness-1024x521.jpg\"},{\"@type\":\"WebSite\",\"@id\":\"https:\\\/\\\/uk-gb.net\\\/pt-pt\\\/#website\",\"url\":\"https:\\\/\\\/uk-gb.net\\\/pt-pt\\\/\",\"name\":\"UK GB\",\"description\":\"Travel to the UK\",\"potentialAction\":[{\"@type\":\"SearchAction\",\"target\":{\"@type\":\"EntryPoint\",\"urlTemplate\":\"https:\\\/\\\/uk-gb.net\\\/pt-pt\\\/?s={search_term_string}\"},\"query-input\":{\"@type\":\"PropertyValueSpecification\",\"valueRequired\":true,\"valueName\":\"search_term_string\"}}],\"inLanguage\":\"pt-PT\"}]}<\/script>\n<!-- \/ Yoast SEO plugin. -->","yoast_head_json":{"title":"Visita Inverness na Esc\u00f3cia - UK GB","description":"Visita a encantadora cidade de Inverness. Inverness \u00e9 a capital das Highlands, uma cidade escocesa no norte do pa\u00eds.","robots":{"index":"index","follow":"follow","max-snippet":"max-snippet:-1","max-image-preview":"max-image-preview:large","max-video-preview":"max-video-preview:-1"},"canonical":"https:\/\/uk-gb.net\/pt-pt\/visita-inverness-escocia\/","og_locale":"pt_PT","og_type":"article","og_title":"Visita Inverness na Esc\u00f3cia - UK GB","og_description":"Visita a encantadora cidade de Inverness. Inverness \u00e9 a capital das Highlands, uma cidade escocesa no norte do pa\u00eds.","og_url":"https:\/\/uk-gb.net\/pt-pt\/visita-inverness-escocia\/","og_site_name":"UK GB","article_modified_time":"2025-05-22T10:44:25+00:00","og_image":[{"width":1072,"height":545,"url":"https:\/\/uk-gb.net\/wp-content\/uploads\/2025\/05\/Inverness.jpg","type":"image\/jpeg"}],"twitter_card":"summary_large_image","twitter_misc":{"Tempo estimado de leitura":"3 minutos"},"schema":{"@context":"https:\/\/schema.org","@graph":[{"@type":"WebPage","@id":"https:\/\/uk-gb.net\/pt-pt\/visita-inverness-escocia\/","url":"https:\/\/uk-gb.net\/pt-pt\/visita-inverness-escocia\/","name":"Visita Inverness na Esc\u00f3cia - UK GB","isPartOf":{"@id":"https:\/\/uk-gb.net\/pt-pt\/#website"},"primaryImageOfPage":{"@id":"https:\/\/uk-gb.net\/pt-pt\/visita-inverness-escocia\/#primaryimage"},"image":{"@id":"https:\/\/uk-gb.net\/pt-pt\/visita-inverness-escocia\/#primaryimage"},"thumbnailUrl":"https:\/\/uk-gb.net\/wp-content\/uploads\/2025\/05\/Inverness-1024x521.jpg","datePublished":"2025-05-21T13:52:45+00:00","dateModified":"2025-05-22T10:44:25+00:00","description":"Visita a encantadora cidade de Inverness. Inverness \u00e9 a capital das Highlands, uma cidade escocesa no norte do pa\u00eds.","inLanguage":"pt-PT","potentialAction":[{"@type":"ReadAction","target":["https:\/\/uk-gb.net\/pt-pt\/visita-inverness-escocia\/"]}]},{"@type":"ImageObject","inLanguage":"pt-PT","@id":"https:\/\/uk-gb.net\/pt-pt\/visita-inverness-escocia\/#primaryimage","url":"https:\/\/uk-gb.net\/wp-content\/uploads\/2025\/05\/Inverness-1024x521.jpg","contentUrl":"https:\/\/uk-gb.net\/wp-content\/uploads\/2025\/05\/Inverness-1024x521.jpg"},{"@type":"WebSite","@id":"https:\/\/uk-gb.net\/pt-pt\/#website","url":"https:\/\/uk-gb.net\/pt-pt\/","name":"UK GB","description":"Travel to the UK","potentialAction":[{"@type":"SearchAction","target":{"@type":"EntryPoint","urlTemplate":"https:\/\/uk-gb.net\/pt-pt\/?s={search_term_string}"},"query-input":{"@type":"PropertyValueSpecification","valueRequired":true,"valueName":"search_term_string"}}],"inLanguage":"pt-PT"}]}},"_links":{"self":[{"href":"https:\/\/uk-gb.net\/pt-pt\/wp-json\/wp\/v2\/pages\/6012","targetHints":{"allow":["GET"]}}],"collection":[{"href":"https:\/\/uk-gb.net\/pt-pt\/wp-json\/wp\/v2\/pages"}],"about":[{"href":"https:\/\/uk-gb.net\/pt-pt\/wp-json\/wp\/v2\/types\/page"}],"author":[{"embeddable":true,"href":"https:\/\/uk-gb.net\/pt-pt\/wp-json\/wp\/v2\/users\/1"}],"replies":[{"embeddable":true,"href":"https:\/\/uk-gb.net\/pt-pt\/wp-json\/wp\/v2\/comments?post=6012"}],"version-history":[{"count":0,"href":"https:\/\/uk-gb.net\/pt-pt\/wp-json\/wp\/v2\/pages\/6012\/revisions"}],"wp:attachment":[{"href":"https:\/\/uk-gb.net\/pt-pt\/wp-json\/wp\/v2\/media?parent=6012"}],"curies":[{"name":"wp","href":"https:\/\/api.w.org\/{rel}","templated":true}]}}