{"id":542,"date":"2023-11-21T14:15:17","date_gmt":"2023-11-21T14:15:17","guid":{"rendered":"https:\/\/uk-gb.net\/eta-inglaterra-reino-unido\/"},"modified":"2026-04-02T16:28:53","modified_gmt":"2026-04-02T15:28:53","slug":"eta-inglaterra-reino-unido","status":"publish","type":"page","link":"https:\/\/uk-gb.net\/pt-pt\/eta-inglaterra-reino-unido\/","title":{"rendered":"ETA Inglaterra para viajar para o Reino Unido"},"content":{"rendered":"\n<h1 class=\"wp-block-heading\">ETA Autoriza\u00e7\u00e3o Eletr\u00f3nica de Viagem do Reino Unido<\/h1>\n\n<p>A autoriza\u00e7\u00e3o eletr\u00f3nica de viagem (ETA) \u00e9 um sistema introduzido pelo Reino Unido para permitir que certos cidad\u00e3os estrangeiros permane\u00e7am no pa\u00eds sem necessitarem de um visto tradicional. Destinada a estadias de curta dura\u00e7\u00e3o, a ETA destina-se a viajantes de pa\u00edses que beneficiam de isen\u00e7\u00e3o de visto. <\/p>\n\n<p><strong>Para obter esta autoriza\u00e7\u00e3o de viagem em apenas alguns minutos<\/strong>, preenche o <a href=\"https:\/\/uk-gb.net\/pt-pt\/formulario-visto-eta-online-inglaterra\/\">formul\u00e1rio ETA em linha<\/a>.<\/p>\n\n<div style=\"height:10px\" aria-hidden=\"true\" class=\"wp-block-spacer\"><\/div>\n\n<h2 class=\"wp-block-heading\">O que significa a ETA para o Reino Unido?<\/h2>\n\n<p>A ETA \u00e9 uma autoriza\u00e7\u00e3o digital obrigat\u00f3ria para os nacionais de determinados pa\u00edses que pretendam visitar o Reino Unido em turismo, neg\u00f3cios ou para fazer uma escala. V\u00e1lida para estadias de curta dura\u00e7\u00e3o, esta autoriza\u00e7\u00e3o substitui parcialmente os procedimentos tradicionais de visto. O pedido \u00e9 feito em linha atrav\u00e9s de um portal seguro e fornece uma resposta r\u00e1pida, simplificando as formalidades de entrada no Reino Unido.  <\/p>\n\n<h2 class=\"wp-block-heading\">Quem pode obter uma ETA para o Reino Unido?<\/h2>\n\n<p>A ETA destina-se aos nacionais de pa\u00edses isentos de visto para entrar no Reino Unido. A <a href=\"https:\/\/uk-gb.net\/pt-pt\/paises-que-podem-solicitar-eta-reino-unido\/\">lista dos pa\u00edses eleg\u00edveis<\/a> \u00e9 actualizada regularmente pelas autoridades brit\u00e2nicas. Por conseguinte, \u00e9 essencial verificar se a tua nacionalidade te permite requerer uma ETA antes de planeares a tua estadia.  <\/p>\n\n<p>Cada passageiro deve apresentar o seu pedido individualmente, incluindo os menores e os beb\u00e9s. N\u00e3o \u00e9 permitida a entrada de nenhum passageiro sem autoriza\u00e7\u00e3o pr\u00e9via. <\/p>\n\n<h2 class=\"wp-block-heading\">Como posso solicitar uma ETA para o Reino Unido?<\/h2>\n\n<p>O pedido de ETA \u00e9 feito em linha atrav\u00e9s do <a href=\"https:\/\/www.gov.uk\/guidance\/apply-for-an-electronic-travel-authorisation-eta\">s\u00edtio Web oficial do Governo brit\u00e2nico<\/a>. O formul\u00e1rio deve ser preenchido cuidadosamente e incluir as seguintes informa\u00e7\u00f5es: <\/p>\n\n<ul class=\"wp-block-list\">\n<li>Dados pessoais (nome, data de nascimento, etc.)<\/li>\n\n\n\n<li>Dados do passaporte utilizado para a viagem<\/li>\n\n\n\n<li>Informa\u00e7\u00f5es sobre a tua estadia (objetivo, dura\u00e7\u00e3o, etc.)<\/li>\n<\/ul>\n\n<p>Ap\u00f3s a apresenta\u00e7\u00e3o do <a href=\"https:\/\/uk-gb.net\/pt-pt\/formulario-visto-eta-online-inglaterra\/\">formul\u00e1rio em linha<\/a>, \u00e9 necess\u00e1rio efetuar o pagamento da taxa para validar a candidatura.<\/p>\n\n<h2 class=\"wp-block-heading\">Descarregar a aplica\u00e7\u00e3o ETA para iPhone?<\/h2>\n\n<p>Para facilitar o processo, o governo brit\u00e2nico lan\u00e7ou uma <a href=\"https:\/\/uk-gb.net\/pt-pt\/aplicativo-iphone-visto-eta-inglaterra\/\">aplica\u00e7\u00e3o m\u00f3vel ETA espec\u00edfica<\/a>, dispon\u00edvel na<strong>App Store (iOS)<\/strong> nos pa\u00edses eleg\u00edveis para o Programa de Isen\u00e7\u00e3o de Vistos.  <\/p>\n\n<p>A aplica\u00e7\u00e3o permite-te preencher, apresentar e acompanhar o teu pedido diretamente a partir do teu telem\u00f3vel, com toda a seguran\u00e7a. Basta procurares por \u201cUK ETA\u201d na App Store e instal\u00e1-la gratuitamente para iniciares o procedimento a partir do teu iPhone. <\/p>\n\n<h2 class=\"wp-block-heading\">Quando \u00e9 que me devo inscrever online?<\/h2>\n\n<p>\u00c9 essencial que apresentes um pedido de ETA <strong>antes de partires<\/strong> para o Reino Unido. Embora a maioria dos pedidos seja processada em poucas horas, as autoridades aconselham-te a apresentar o teu pedido <strong>pelo menos 3 dias antes da viagem<\/strong>. Isto para que possas contar com eventuais atrasos no processamento.  <\/p>\n\n<p>Teoricamente, \u00e9 poss\u00edvel viajar enquanto o pedido est\u00e1 em curso, desde que tenha sido validamente apresentado antes do embarque. No entanto, existe um risco se a autoriza\u00e7\u00e3o for atrasada ou recusada. <\/p>\n\n<h2 class=\"wp-block-heading\">Quanto custa a ETA do Reino Unido?<\/h2>\n\n<p>O custo de uma ETA para o Reino Unido \u00e9 fixo, independentemente da idade do viajante. A taxa cobre os custos de processamento administrativo e deve ser paga diretamente no s\u00edtio Web oficial no momento do pedido. <\/p>\n\n<p>O pre\u00e7o que pagas muda regularmente, por isso verifica o <a href=\"https:\/\/uk-gb.net\/pt-pt\/preco-eta-reino-unido\/\">pre\u00e7o mais recente da ETA UK<\/a>.<\/p>\n\n<p>Esta taxa \u00e9 consideravelmente mais baixa do que a de um <a href=\"https:\/\/uk-gb.net\/pt-pt\/preco-do-visto-para-inglaterra\/\">visto do Reino Unido<\/a>, o que torna o ETA mais acess\u00edvel para estadias de curta dura\u00e7\u00e3o de turistas ou de neg\u00f3cios.<\/p>\n\n<h2 class=\"wp-block-heading\">Quanto tempo demora a obten\u00e7\u00e3o de uma ETA?<\/h2>\n\n<p>Em geral, os pedidos de ETA s\u00e3o tratados rapidamente. Na maioria dos casos, a resposta \u00e9 enviada poucas horas ap\u00f3s a apresenta\u00e7\u00e3o do <a href=\"https:\/\/uk-gb.net\/pt-pt\/formulario-visto-eta-online-inglaterra\/\">formul\u00e1rio ETA em linha<\/a>. No entanto, alguns pedidos podem exigir um exame mais aprofundado. Por conseguinte, \u00e9 aconselh\u00e1vel apresentar o teu pedido <strong>pelo menos 72 horas antes da partida<\/strong>, para limitar o risco de atrasos ou recusas de \u00faltima hora.   <\/p>\n\n<h2 class=\"wp-block-heading\">O que devo fazer se a minha ETA for recusada?<\/h2>\n\n<p>Se o teu pedido de ETA for recusado, isso pode dever-se a um erro nas informa\u00e7\u00f5es fornecidas. Neste caso, podes apresentar um <strong>novo pedido corrigido<\/strong>. <\/p>\n\n<p>No entanto, se <strong>n\u00e3o fores eleg\u00edvel para o<\/strong> programa ETA, ter\u00e1s de requerer um <a href=\"https:\/\/uk-gb.net\/pt-pt\/visto-turista-inglaterra-reino-unido\/\">visto para o Reino Unido<\/a>. Este procedimento \u00e9 mais demorado e inclui uma <a href=\"https:\/\/uk-gb.net\/pt-pt\/nomeacao-de-visto-embaixada-inglaterra\/\">entrevista consular obrigat\u00f3ria<\/a> na embaixada brit\u00e2nica mais pr\u00f3xima ou no centro de pedidos de visto. <\/p>\n","protected":false},"excerpt":{"rendered":"<p>ETA Autoriza\u00e7\u00e3o Eletr\u00f3nica de Viagem do Reino Unido A autoriza\u00e7\u00e3o eletr\u00f3nica de viagem (ETA) \u00e9 um sistema introduzido pelo Reino Unido para permitir que certos cidad\u00e3os estrangeiros permane\u00e7am no pa\u00eds sem necessitarem de um visto tradicional. Destinada a estadias de curta dura\u00e7\u00e3o, a ETA destina-se a viajantes de pa\u00edses que beneficiam de isen\u00e7\u00e3o de visto. [&hellip;]<\/p>\n","protected":false},"author":1,"featured_media":0,"parent":0,"menu_order":0,"comment_status":"closed","ping_status":"closed","template":"","meta":{"footnotes":""},"class_list":["post-542","page","type-page","status-publish","hentry"],"yoast_head":"<!-- This site is optimized with the Yoast SEO plugin v27.3 - https:\/\/yoast.com\/product\/yoast-seo-wordpress\/ -->\n<title>ETA Inglaterra para viajar para o Reino Unido<\/title>\n<meta name=\"description\" content=\"Solicite a sua ETA em linha para obter rapidamente a sua autoriza\u00e7\u00e3o de viagem para o Reino Unido\" \/>\n<meta name=\"robots\" content=\"index, follow, max-snippet:-1, max-image-preview:large, max-video-preview:-1\" \/>\n<link rel=\"canonical\" href=\"https:\/\/uk-gb.net\/pt-pt\/eta-inglaterra-reino-unido\/\" \/>\n<meta property=\"og:locale\" content=\"pt_PT\" \/>\n<meta property=\"og:type\" content=\"article\" \/>\n<meta property=\"og:title\" content=\"ETA Inglaterra para viajar para o Reino Unido\" \/>\n<meta property=\"og:description\" content=\"Solicite a sua ETA em linha para obter rapidamente a sua autoriza\u00e7\u00e3o de viagem para o Reino Unido\" \/>\n<meta property=\"og:url\" content=\"https:\/\/uk-gb.net\/pt-pt\/eta-inglaterra-reino-unido\/\" \/>\n<meta property=\"og:site_name\" content=\"UK GB\" \/>\n<meta property=\"article:modified_time\" content=\"2026-04-02T15:28:53+00:00\" \/>\n<meta name=\"twitter:card\" content=\"summary_large_image\" \/>\n<meta name=\"twitter:label1\" content=\"Tempo estimado de leitura\" \/>\n\t<meta name=\"twitter:data1\" content=\"4 minutos\" \/>\n<script type=\"application\/ld+json\" class=\"yoast-schema-graph\">{\"@context\":\"https:\\\/\\\/schema.org\",\"@graph\":[{\"@type\":\"WebPage\",\"@id\":\"https:\\\/\\\/uk-gb.net\\\/pt-pt\\\/eta-inglaterra-reino-unido\\\/\",\"url\":\"https:\\\/\\\/uk-gb.net\\\/pt-pt\\\/eta-inglaterra-reino-unido\\\/\",\"name\":\"ETA Inglaterra para viajar para o Reino Unido\",\"isPartOf\":{\"@id\":\"https:\\\/\\\/uk-gb.net\\\/pt-pt\\\/#website\"},\"datePublished\":\"2023-11-21T14:15:17+00:00\",\"dateModified\":\"2026-04-02T15:28:53+00:00\",\"description\":\"Solicite a sua ETA em linha para obter rapidamente a sua autoriza\u00e7\u00e3o de viagem para o Reino Unido\",\"inLanguage\":\"pt-PT\",\"potentialAction\":[{\"@type\":\"ReadAction\",\"target\":[\"https:\\\/\\\/uk-gb.net\\\/pt-pt\\\/eta-inglaterra-reino-unido\\\/\"]}]},{\"@type\":\"WebSite\",\"@id\":\"https:\\\/\\\/uk-gb.net\\\/pt-pt\\\/#website\",\"url\":\"https:\\\/\\\/uk-gb.net\\\/pt-pt\\\/\",\"name\":\"UK GB\",\"description\":\"Travel to the UK\",\"potentialAction\":[{\"@type\":\"SearchAction\",\"target\":{\"@type\":\"EntryPoint\",\"urlTemplate\":\"https:\\\/\\\/uk-gb.net\\\/pt-pt\\\/?s={search_term_string}\"},\"query-input\":{\"@type\":\"PropertyValueSpecification\",\"valueRequired\":true,\"valueName\":\"search_term_string\"}}],\"inLanguage\":\"pt-PT\"}]}<\/script>\n<!-- \/ Yoast SEO plugin. -->","yoast_head_json":{"title":"ETA Inglaterra para viajar para o Reino Unido","description":"Solicite a sua ETA em linha para obter rapidamente a sua autoriza\u00e7\u00e3o de viagem para o Reino Unido","robots":{"index":"index","follow":"follow","max-snippet":"max-snippet:-1","max-image-preview":"max-image-preview:large","max-video-preview":"max-video-preview:-1"},"canonical":"https:\/\/uk-gb.net\/pt-pt\/eta-inglaterra-reino-unido\/","og_locale":"pt_PT","og_type":"article","og_title":"ETA Inglaterra para viajar para o Reino Unido","og_description":"Solicite a sua ETA em linha para obter rapidamente a sua autoriza\u00e7\u00e3o de viagem para o Reino Unido","og_url":"https:\/\/uk-gb.net\/pt-pt\/eta-inglaterra-reino-unido\/","og_site_name":"UK GB","article_modified_time":"2026-04-02T15:28:53+00:00","twitter_card":"summary_large_image","twitter_misc":{"Tempo estimado de leitura":"4 minutos"},"schema":{"@context":"https:\/\/schema.org","@graph":[{"@type":"WebPage","@id":"https:\/\/uk-gb.net\/pt-pt\/eta-inglaterra-reino-unido\/","url":"https:\/\/uk-gb.net\/pt-pt\/eta-inglaterra-reino-unido\/","name":"ETA Inglaterra para viajar para o Reino Unido","isPartOf":{"@id":"https:\/\/uk-gb.net\/pt-pt\/#website"},"datePublished":"2023-11-21T14:15:17+00:00","dateModified":"2026-04-02T15:28:53+00:00","description":"Solicite a sua ETA em linha para obter rapidamente a sua autoriza\u00e7\u00e3o de viagem para o Reino Unido","inLanguage":"pt-PT","potentialAction":[{"@type":"ReadAction","target":["https:\/\/uk-gb.net\/pt-pt\/eta-inglaterra-reino-unido\/"]}]},{"@type":"WebSite","@id":"https:\/\/uk-gb.net\/pt-pt\/#website","url":"https:\/\/uk-gb.net\/pt-pt\/","name":"UK GB","description":"Travel to the UK","potentialAction":[{"@type":"SearchAction","target":{"@type":"EntryPoint","urlTemplate":"https:\/\/uk-gb.net\/pt-pt\/?s={search_term_string}"},"query-input":{"@type":"PropertyValueSpecification","valueRequired":true,"valueName":"search_term_string"}}],"inLanguage":"pt-PT"}]}},"_links":{"self":[{"href":"https:\/\/uk-gb.net\/pt-pt\/wp-json\/wp\/v2\/pages\/542","targetHints":{"allow":["GET"]}}],"collection":[{"href":"https:\/\/uk-gb.net\/pt-pt\/wp-json\/wp\/v2\/pages"}],"about":[{"href":"https:\/\/uk-gb.net\/pt-pt\/wp-json\/wp\/v2\/types\/page"}],"author":[{"embeddable":true,"href":"https:\/\/uk-gb.net\/pt-pt\/wp-json\/wp\/v2\/users\/1"}],"replies":[{"embeddable":true,"href":"https:\/\/uk-gb.net\/pt-pt\/wp-json\/wp\/v2\/comments?post=542"}],"version-history":[{"count":0,"href":"https:\/\/uk-gb.net\/pt-pt\/wp-json\/wp\/v2\/pages\/542\/revisions"}],"wp:attachment":[{"href":"https:\/\/uk-gb.net\/pt-pt\/wp-json\/wp\/v2\/media?parent=542"}],"curies":[{"name":"wp","href":"https:\/\/api.w.org\/{rel}","templated":true}]}}