{"id":536,"date":"2023-11-21T14:40:24","date_gmt":"2023-11-21T14:40:24","guid":{"rendered":"https:\/\/uk-gb.net\/formulario-visto-eta-online-inglaterra\/"},"modified":"2026-01-15T18:41:36","modified_gmt":"2026-01-15T18:41:36","slug":"formulario-visto-eta-online-inglaterra","status":"publish","type":"page","link":"https:\/\/uk-gb.net\/pt-pt\/formulario-visto-eta-online-inglaterra\/","title":{"rendered":"Formul\u00e1rio ETA em linha para Inglaterra"},"content":{"rendered":"\t\t<div data-elementor-type=\"wp-page\" data-elementor-id=\"536\" class=\"elementor elementor-536 elementor-520\" data-elementor-post-type=\"page\">\n\t\t\t\t\t\t<section class=\"elementor-section elementor-top-section elementor-element elementor-element-c2dd1d6 elementor-section-boxed elementor-section-height-default elementor-section-height-default\" data-id=\"c2dd1d6\" data-element_type=\"section\" data-e-type=\"section\">\n\t\t\t\t\t\t<div class=\"elementor-container elementor-column-gap-default\">\n\t\t\t\t\t<div class=\"elementor-column elementor-col-100 elementor-top-column elementor-element elementor-element-cbe591\" data-id=\"cbe591\" data-element_type=\"column\" data-e-type=\"column\">\n\t\t\t<div class=\"elementor-widget-wrap elementor-element-populated\">\n\t\t\t\t\t\t<div class=\"elementor-element elementor-element-2213ec2d elementor-widget elementor-widget-heading\" data-id=\"2213ec2d\" data-element_type=\"widget\" data-e-type=\"widget\" data-widget_type=\"heading.default\">\n\t\t\t\t<div class=\"elementor-widget-container\">\n\t\t\t\t\t<h1 class=\"elementor-heading-title elementor-size-default\">Formul\u00e1rio ETA online<\/h1>\t\t\t\t<\/div>\n\t\t\t\t<\/div>\n\t\t\t\t\t<\/div>\n\t\t<\/div>\n\t\t\t\t\t<\/div>\n\t\t<\/section>\n\t\t\t\t<section class=\"elementor-section elementor-top-section elementor-element elementor-element-70d757c3 elementor-section-boxed elementor-section-height-default elementor-section-height-default\" data-id=\"70d757c3\" data-element_type=\"section\" data-e-type=\"section\">\n\t\t\t\t\t\t<div class=\"elementor-container elementor-column-gap-default\">\n\t\t\t\t\t<div class=\"elementor-column elementor-col-100 elementor-top-column elementor-element elementor-element-411bf69e\" data-id=\"411bf69e\" data-element_type=\"column\" data-e-type=\"column\">\n\t\t\t<div class=\"elementor-widget-wrap elementor-element-populated\">\n\t\t\t\t\t\t<div class=\"elementor-element elementor-element-225ba8f6 elementor-widget elementor-widget-text-editor\" data-id=\"225ba8f6\" data-element_type=\"widget\" data-e-type=\"widget\" data-widget_type=\"text-editor.default\">\n\t\t\t\t<div class=\"elementor-widget-container\">\n\t\t\t\t\t\t\t\t\t<p>Para estadias de menos de 6 meses no Reino Unido, as formalidades de entrada podem ser cumpridas inteiramente em linha. N\u00e3o \u00e9 necess\u00e1rio marcar uma entrevista numa embaixada: basta uma simples autoriza\u00e7\u00e3o eletr\u00f3nica de viagem (ETA). Verifica se o teu <a href=\"https:\/\/uk-gb.net\/pt-pt\/paises-que-podem-solicitar-eta-reino-unido\/\">pa\u00eds \u00e9 um dos que podem beneficiar da ETA<\/a>.  <\/p>\t\t\t\t\t\t\t\t<\/div>\n\t\t\t\t<\/div>\n\t\t\t\t\t<\/div>\n\t\t<\/div>\n\t\t\t\t\t<\/div>\n\t\t<\/section>\n\t\t\t\t<section class=\"elementor-section elementor-top-section elementor-element elementor-element-70a7e55 elementor-section-boxed elementor-section-height-default elementor-section-height-default\" data-id=\"70a7e55\" data-element_type=\"section\" data-e-type=\"section\">\n\t\t\t\t\t\t<div class=\"elementor-container elementor-column-gap-default\">\n\t\t\t\t\t<div class=\"elementor-column elementor-col-100 elementor-top-column elementor-element elementor-element-8b7d2c5\" data-id=\"8b7d2c5\" data-element_type=\"column\" data-e-type=\"column\">\n\t\t\t<div class=\"elementor-widget-wrap elementor-element-populated\">\n\t\t\t\t\t\t<div class=\"elementor-element elementor-element-ef71c78 elementor-mobile-align-center elementor-widget elementor-widget-button\" data-id=\"ef71c78\" data-element_type=\"widget\" data-e-type=\"widget\" data-widget_type=\"button.default\">\n\t\t\t\t<div class=\"elementor-widget-container\">\n\t\t\t\t\t\t\t\t\t<div class=\"elementor-button-wrapper\">\n\t\t\t\t\t<a class=\"elementor-button elementor-button-link elementor-size-sm\" href=\"https:\/\/uk-gb.net\/fr\/recommends\/eta-uk-pt\/\">\n\t\t\t\t\t\t<span class=\"elementor-button-content-wrapper\">\n\t\t\t\t\t\t\t\t\t<span class=\"elementor-button-text\">Preenche o formul\u00e1rio<\/span>\n\t\t\t\t\t<\/span>\n\t\t\t\t\t<\/a>\n\t\t\t\t<\/div>\n\t\t\t\t\t\t\t\t<\/div>\n\t\t\t\t<\/div>\n\t\t\t\t\t<\/div>\n\t\t<\/div>\n\t\t\t\t\t<\/div>\n\t\t<\/section>\n\t\t\t\t<section class=\"elementor-section elementor-top-section elementor-element elementor-element-8041bbd elementor-section-boxed elementor-section-height-default elementor-section-height-default\" data-id=\"8041bbd\" data-element_type=\"section\" data-e-type=\"section\">\n\t\t\t\t\t\t<div class=\"elementor-container elementor-column-gap-default\">\n\t\t\t\t\t<div class=\"elementor-column elementor-col-100 elementor-top-column elementor-element elementor-element-c8c4ad6\" data-id=\"c8c4ad6\" data-element_type=\"column\" data-e-type=\"column\">\n\t\t\t<div class=\"elementor-widget-wrap elementor-element-populated\">\n\t\t\t\t\t\t<div class=\"elementor-element elementor-element-3b0a135 elementor-widget elementor-widget-spacer\" data-id=\"3b0a135\" data-element_type=\"widget\" data-e-type=\"widget\" data-widget_type=\"spacer.default\">\n\t\t\t\t<div class=\"elementor-widget-container\">\n\t\t\t\t\t\t\t<div class=\"elementor-spacer\">\n\t\t\t<div class=\"elementor-spacer-inner\"><\/div>\n\t\t<\/div>\n\t\t\t\t\t\t<\/div>\n\t\t\t\t<\/div>\n\t\t\t\t\t<\/div>\n\t\t<\/div>\n\t\t\t\t\t<\/div>\n\t\t<\/section>\n\t\t\t\t<section class=\"elementor-section elementor-top-section elementor-element elementor-element-38d3e578 elementor-section-boxed elementor-section-height-default elementor-section-height-default\" data-id=\"38d3e578\" data-element_type=\"section\" data-e-type=\"section\">\n\t\t\t\t\t\t<div class=\"elementor-container elementor-column-gap-default\">\n\t\t\t\t\t<div class=\"elementor-column elementor-col-100 elementor-top-column elementor-element elementor-element-1f487c15\" data-id=\"1f487c15\" data-element_type=\"column\" data-e-type=\"column\">\n\t\t\t<div class=\"elementor-widget-wrap elementor-element-populated\">\n\t\t\t\t\t\t<div class=\"elementor-element elementor-element-7ae26322 elementor-widget elementor-widget-text-editor\" data-id=\"7ae26322\" data-element_type=\"widget\" data-e-type=\"widget\" data-widget_type=\"text-editor.default\">\n\t\t\t\t<div class=\"elementor-widget-container\">\n\t\t\t\t\t\t\t\t\t<p>A candidatura em linha pode ser conclu\u00edda em apenas alguns minutos se tiver os seus documentos de viagem.\nDeve preencher os dados pessoais solicitados para obter a sua ETA.\nO pagamento \u00e9 efectuado em linha ap\u00f3s a valida\u00e7\u00e3o do formul\u00e1rio.\nReceber\u00e1 ent\u00e3o a confirma\u00e7\u00e3o da sua hora prevista de chegada ao destino por correio eletr\u00f3nico.   <\/p>\t\t\t\t\t\t\t\t<\/div>\n\t\t\t\t<\/div>\n\t\t\t\t<div class=\"elementor-element elementor-element-7e392ed elementor-widget elementor-widget-text-editor\" data-id=\"7e392ed\" data-element_type=\"widget\" data-e-type=\"widget\" data-widget_type=\"text-editor.default\">\n\t\t\t\t<div class=\"elementor-widget-container\">\n\t\t\t\t\t\t\t\t\t<p><strong>Se \u00e9s cidad\u00e3o de um pa\u00eds europeu<\/strong>, <span style=\"font-weight: 400;\">desde abril de 2025 que tens de obter uma autoriza\u00e7\u00e3o de viagem<\/span> <a href=\"https:\/\/uk-gb.net\/pt-pt\/eta-inglaterra-reino-unido\/\">ETA UK<\/a> antes de embarcares num voo para um pa\u00eds do Reino Unido. Tens de entrar no s\u00edtio Web oficial <a href=\"https:\/\/www.gov.uk\/\">do gov.uk<\/a> para pedir uma autoriza\u00e7\u00e3o eletr\u00f3nica de viagem.<\/p><p>Tamb\u00e9m podes descarregar <a href=\"https:\/\/uk-gb.net\/pt-pt\/aplicativo-iphone-visto-eta-inglaterra\/\">a aplica\u00e7\u00e3o ETA<\/a> para gerir o teu pedido de autoriza\u00e7\u00e3o para viajar para o Reino Unido.<\/p>\t\t\t\t\t\t\t\t<\/div>\n\t\t\t\t<\/div>\n\t\t\t\t\t<\/div>\n\t\t<\/div>\n\t\t\t\t\t<\/div>\n\t\t<\/section>\n\t\t\t\t<section class=\"elementor-section elementor-top-section elementor-element elementor-element-622708a2 elementor-section-boxed elementor-section-height-default elementor-section-height-default\" data-id=\"622708a2\" data-element_type=\"section\" data-e-type=\"section\">\n\t\t\t\t\t\t<div class=\"elementor-container elementor-column-gap-default\">\n\t\t\t\t\t<div class=\"elementor-column elementor-col-100 elementor-top-column elementor-element elementor-element-579ef83\" data-id=\"579ef83\" data-element_type=\"column\" data-e-type=\"column\">\n\t\t\t<div class=\"elementor-widget-wrap elementor-element-populated\">\n\t\t\t\t\t\t<div class=\"elementor-element elementor-element-198e42c1 elementor-widget elementor-widget-heading\" data-id=\"198e42c1\" data-element_type=\"widget\" data-e-type=\"widget\" data-widget_type=\"heading.default\">\n\t\t\t\t<div class=\"elementor-widget-container\">\n\t\t\t\t\t<h2 class=\"elementor-heading-title elementor-size-default\">Quanto tempo demora o processamento de um pedido de ETA?<\/h2>\t\t\t\t<\/div>\n\t\t\t\t<\/div>\n\t\t\t\t\t<\/div>\n\t\t<\/div>\n\t\t\t\t\t<\/div>\n\t\t<\/section>\n\t\t\t\t<section class=\"elementor-section elementor-top-section elementor-element elementor-element-7152df9 elementor-section-boxed elementor-section-height-default elementor-section-height-default\" data-id=\"7152df9\" data-element_type=\"section\" data-e-type=\"section\">\n\t\t\t\t\t\t<div class=\"elementor-container elementor-column-gap-default\">\n\t\t\t\t\t<div class=\"elementor-column elementor-col-100 elementor-top-column elementor-element elementor-element-3c28bea1\" data-id=\"3c28bea1\" data-element_type=\"column\" data-e-type=\"column\">\n\t\t\t<div class=\"elementor-widget-wrap elementor-element-populated\">\n\t\t\t\t\t\t<div class=\"elementor-element elementor-element-39ba44df elementor-widget elementor-widget-text-editor\" data-id=\"39ba44df\" data-element_type=\"widget\" data-e-type=\"widget\" data-widget_type=\"text-editor.default\">\n\t\t\t\t<div class=\"elementor-widget-container\">\n\t\t\t\t\t\t\t\t\t<p>Uma vez efectuado o pagamento, o pedido de ETA \u00e9 automaticamente enviado para processamento. Na maioria dos casos, o procedimento \u00e9 totalmente informatizado e a resposta \u00e9 <strong>enviada por correio eletr\u00f3nico em apenas alguns minutos<\/strong>. <\/p><p>No entanto, alguns pedidos podem exigir uma an\u00e1lise mais aprofundada. O governo do Reino Unido concede um prazo m\u00e1ximo de 3 dias para processar um pedido. Por conseguinte, recomenda-se vivamente que apresentes o teu pedido pelo menos 72 horas antes de partires para o Reino Unido.  <\/p>\t\t\t\t\t\t\t\t<\/div>\n\t\t\t\t<\/div>\n\t\t\t\t\t<\/div>\n\t\t<\/div>\n\t\t\t\t\t<\/div>\n\t\t<\/section>\n\t\t\t\t<section class=\"elementor-section elementor-top-section elementor-element elementor-element-3490f9f1 elementor-section-boxed elementor-section-height-default elementor-section-height-default\" data-id=\"3490f9f1\" data-element_type=\"section\" data-e-type=\"section\">\n\t\t\t\t\t\t<div class=\"elementor-container elementor-column-gap-default\">\n\t\t\t\t\t<div class=\"elementor-column elementor-col-100 elementor-top-column elementor-element elementor-element-4f4a9e0d\" data-id=\"4f4a9e0d\" data-element_type=\"column\" data-e-type=\"column\">\n\t\t\t<div class=\"elementor-widget-wrap elementor-element-populated\">\n\t\t\t\t\t\t<div class=\"elementor-element elementor-element-3d9782f1 elementor-widget elementor-widget-heading\" data-id=\"3d9782f1\" data-element_type=\"widget\" data-e-type=\"widget\" data-widget_type=\"heading.default\">\n\t\t\t\t<div class=\"elementor-widget-container\">\n\t\t\t\t\t<h2 class=\"elementor-heading-title elementor-size-default\">Qual o prazo de validade de uma ETA?<\/h2>\t\t\t\t<\/div>\n\t\t\t\t<\/div>\n\t\t\t\t\t<\/div>\n\t\t<\/div>\n\t\t\t\t\t<\/div>\n\t\t<\/section>\n\t\t\t\t<section class=\"elementor-section elementor-top-section elementor-element elementor-element-305c39ac elementor-section-boxed elementor-section-height-default elementor-section-height-default\" data-id=\"305c39ac\" data-element_type=\"section\" data-e-type=\"section\">\n\t\t\t\t\t\t<div class=\"elementor-container elementor-column-gap-default\">\n\t\t\t\t\t<div class=\"elementor-column elementor-col-100 elementor-top-column elementor-element elementor-element-4a39538\" data-id=\"4a39538\" data-element_type=\"column\" data-e-type=\"column\">\n\t\t\t<div class=\"elementor-widget-wrap elementor-element-populated\">\n\t\t\t\t\t\t<div class=\"elementor-element elementor-element-4fa20db5 elementor-widget elementor-widget-text-editor\" data-id=\"4fa20db5\" data-element_type=\"widget\" data-e-type=\"widget\" data-widget_type=\"text-editor.default\">\n\t\t\t\t<div class=\"elementor-widget-container\">\n\t\t\t\t\t\t\t\t\t<p>A autoriza\u00e7\u00e3o <a href=\"https:\/\/uk-gb.net\/pt-pt\/eta-inglaterra-reino-unido\/\">ETA para o Reino Unido<\/a> \u00e9 <strong>v\u00e1lida por dois anos<\/strong> a partir da data de aprova\u00e7\u00e3o. Durante este per\u00edodo, podes fazer quantas visitas quiseres, desde que <strong>cada visita n\u00e3o ultrapasse os 6 meses<\/strong>.<\/p><p>A ETA est\u00e1 ligada ao passaporte utilizado no momento do pedido. Se o teu passaporte caducar ou for renovado, ter\u00e1s de apresentar um novo pedido de ETA. Para estadias superiores a 6 meses, tens de pedir um <a href=\"https:\/\/uk-gb.net\/pt-pt\/diferentes-tipos-de-vistos-britanicos\/\">visto para o Reino Unido<\/a>.  <\/p>\t\t\t\t\t\t\t\t<\/div>\n\t\t\t\t<\/div>\n\t\t\t\t\t<\/div>\n\t\t<\/div>\n\t\t\t\t\t<\/div>\n\t\t<\/section>\n\t\t\t\t<section class=\"elementor-section elementor-top-section elementor-element elementor-element-c525af0 elementor-section-boxed elementor-section-height-default elementor-section-height-default\" data-id=\"c525af0\" data-element_type=\"section\" data-e-type=\"section\">\n\t\t\t\t\t\t<div class=\"elementor-container elementor-column-gap-default\">\n\t\t\t\t\t<div class=\"elementor-column elementor-col-100 elementor-top-column elementor-element elementor-element-0665078\" data-id=\"0665078\" data-element_type=\"column\" data-e-type=\"column\">\n\t\t\t<div class=\"elementor-widget-wrap elementor-element-populated\">\n\t\t\t\t\t\t<div class=\"elementor-element elementor-element-74c424d elementor-widget-divider--view-line elementor-widget elementor-widget-divider\" data-id=\"74c424d\" data-element_type=\"widget\" data-e-type=\"widget\" data-widget_type=\"divider.default\">\n\t\t\t\t<div class=\"elementor-widget-container\">\n\t\t\t\t\t\t\t<div class=\"elementor-divider\">\n\t\t\t<span class=\"elementor-divider-separator\">\n\t\t\t\t\t\t<\/span>\n\t\t<\/div>\n\t\t\t\t\t\t<\/div>\n\t\t\t\t<\/div>\n\t\t\t\t\t<\/div>\n\t\t<\/div>\n\t\t\t\t\t<\/div>\n\t\t<\/section>\n\t\t\t\t<\/div>\n\t\t","protected":false},"excerpt":{"rendered":"<p>Formul\u00e1rio ETA online Para estadias de menos de 6 meses no Reino Unido, as formalidades de entrada podem ser cumpridas inteiramente em linha. N\u00e3o \u00e9 necess\u00e1rio marcar uma entrevista numa embaixada: basta uma simples autoriza\u00e7\u00e3o eletr\u00f3nica de viagem (ETA). Verifica se o teu pa\u00eds \u00e9 um dos que podem beneficiar da ETA. Preenche o formul\u00e1rio [&hellip;]<\/p>\n","protected":false},"author":1,"featured_media":0,"parent":0,"menu_order":0,"comment_status":"closed","ping_status":"closed","template":"","meta":{"footnotes":""},"class_list":["post-536","page","type-page","status-publish","hentry"],"yoast_head":"<!-- This site is optimized with the Yoast SEO plugin v27.4 - https:\/\/yoast.com\/product\/yoast-seo-wordpress\/ -->\n<title>Formul\u00e1rio ETA em linha para Inglaterra - UK GB<\/title>\n<meta name=\"description\" content=\"Formul\u00e1rio de pedido de visto ETA em linha para uma estada em Inglaterra ou no Reino Unido para fins tur\u00edsticos ou de neg\u00f3cios\" \/>\n<meta name=\"robots\" content=\"index, follow, max-snippet:-1, max-image-preview:large, max-video-preview:-1\" \/>\n<link rel=\"canonical\" href=\"https:\/\/uk-gb.net\/pt-pt\/formulario-visto-eta-online-inglaterra\/\" \/>\n<meta property=\"og:locale\" content=\"pt_PT\" \/>\n<meta property=\"og:type\" content=\"article\" \/>\n<meta property=\"og:title\" content=\"Formul\u00e1rio ETA em linha para Inglaterra - UK GB\" \/>\n<meta property=\"og:description\" content=\"Formul\u00e1rio de pedido de visto ETA em linha para uma estada em Inglaterra ou no Reino Unido para fins tur\u00edsticos ou de neg\u00f3cios\" \/>\n<meta property=\"og:url\" content=\"https:\/\/uk-gb.net\/pt-pt\/formulario-visto-eta-online-inglaterra\/\" \/>\n<meta property=\"og:site_name\" content=\"UK GB\" \/>\n<meta property=\"article:modified_time\" content=\"2026-01-15T18:41:36+00:00\" \/>\n<meta name=\"twitter:card\" content=\"summary_large_image\" \/>\n<meta name=\"twitter:label1\" content=\"Tempo estimado de leitura\" \/>\n\t<meta name=\"twitter:data1\" content=\"2 minutos\" \/>\n<script type=\"application\/ld+json\" class=\"yoast-schema-graph\">{\"@context\":\"https:\\\/\\\/schema.org\",\"@graph\":[{\"@type\":\"WebPage\",\"@id\":\"https:\\\/\\\/uk-gb.net\\\/pt-pt\\\/formulario-visto-eta-online-inglaterra\\\/\",\"url\":\"https:\\\/\\\/uk-gb.net\\\/pt-pt\\\/formulario-visto-eta-online-inglaterra\\\/\",\"name\":\"Formul\u00e1rio ETA em linha para Inglaterra - UK GB\",\"isPartOf\":{\"@id\":\"https:\\\/\\\/uk-gb.net\\\/pt-pt\\\/#website\"},\"datePublished\":\"2023-11-21T14:40:24+00:00\",\"dateModified\":\"2026-01-15T18:41:36+00:00\",\"description\":\"Formul\u00e1rio de pedido de visto ETA em linha para uma estada em Inglaterra ou no Reino Unido para fins tur\u00edsticos ou de neg\u00f3cios\",\"inLanguage\":\"pt-PT\",\"potentialAction\":[{\"@type\":\"ReadAction\",\"target\":[\"https:\\\/\\\/uk-gb.net\\\/pt-pt\\\/formulario-visto-eta-online-inglaterra\\\/\"]}]},{\"@type\":\"WebSite\",\"@id\":\"https:\\\/\\\/uk-gb.net\\\/pt-pt\\\/#website\",\"url\":\"https:\\\/\\\/uk-gb.net\\\/pt-pt\\\/\",\"name\":\"UK GB\",\"description\":\"Travel to the UK\",\"potentialAction\":[{\"@type\":\"SearchAction\",\"target\":{\"@type\":\"EntryPoint\",\"urlTemplate\":\"https:\\\/\\\/uk-gb.net\\\/pt-pt\\\/?s={search_term_string}\"},\"query-input\":{\"@type\":\"PropertyValueSpecification\",\"valueRequired\":true,\"valueName\":\"search_term_string\"}}],\"inLanguage\":\"pt-PT\"}]}<\/script>\n<!-- \/ Yoast SEO plugin. -->","yoast_head_json":{"title":"Formul\u00e1rio ETA em linha para Inglaterra - UK GB","description":"Formul\u00e1rio de pedido de visto ETA em linha para uma estada em Inglaterra ou no Reino Unido para fins tur\u00edsticos ou de neg\u00f3cios","robots":{"index":"index","follow":"follow","max-snippet":"max-snippet:-1","max-image-preview":"max-image-preview:large","max-video-preview":"max-video-preview:-1"},"canonical":"https:\/\/uk-gb.net\/pt-pt\/formulario-visto-eta-online-inglaterra\/","og_locale":"pt_PT","og_type":"article","og_title":"Formul\u00e1rio ETA em linha para Inglaterra - UK GB","og_description":"Formul\u00e1rio de pedido de visto ETA em linha para uma estada em Inglaterra ou no Reino Unido para fins tur\u00edsticos ou de neg\u00f3cios","og_url":"https:\/\/uk-gb.net\/pt-pt\/formulario-visto-eta-online-inglaterra\/","og_site_name":"UK GB","article_modified_time":"2026-01-15T18:41:36+00:00","twitter_card":"summary_large_image","twitter_misc":{"Tempo estimado de leitura":"2 minutos"},"schema":{"@context":"https:\/\/schema.org","@graph":[{"@type":"WebPage","@id":"https:\/\/uk-gb.net\/pt-pt\/formulario-visto-eta-online-inglaterra\/","url":"https:\/\/uk-gb.net\/pt-pt\/formulario-visto-eta-online-inglaterra\/","name":"Formul\u00e1rio ETA em linha para Inglaterra - UK GB","isPartOf":{"@id":"https:\/\/uk-gb.net\/pt-pt\/#website"},"datePublished":"2023-11-21T14:40:24+00:00","dateModified":"2026-01-15T18:41:36+00:00","description":"Formul\u00e1rio de pedido de visto ETA em linha para uma estada em Inglaterra ou no Reino Unido para fins tur\u00edsticos ou de neg\u00f3cios","inLanguage":"pt-PT","potentialAction":[{"@type":"ReadAction","target":["https:\/\/uk-gb.net\/pt-pt\/formulario-visto-eta-online-inglaterra\/"]}]},{"@type":"WebSite","@id":"https:\/\/uk-gb.net\/pt-pt\/#website","url":"https:\/\/uk-gb.net\/pt-pt\/","name":"UK GB","description":"Travel to the UK","potentialAction":[{"@type":"SearchAction","target":{"@type":"EntryPoint","urlTemplate":"https:\/\/uk-gb.net\/pt-pt\/?s={search_term_string}"},"query-input":{"@type":"PropertyValueSpecification","valueRequired":true,"valueName":"search_term_string"}}],"inLanguage":"pt-PT"}]}},"_links":{"self":[{"href":"https:\/\/uk-gb.net\/pt-pt\/wp-json\/wp\/v2\/pages\/536","targetHints":{"allow":["GET"]}}],"collection":[{"href":"https:\/\/uk-gb.net\/pt-pt\/wp-json\/wp\/v2\/pages"}],"about":[{"href":"https:\/\/uk-gb.net\/pt-pt\/wp-json\/wp\/v2\/types\/page"}],"author":[{"embeddable":true,"href":"https:\/\/uk-gb.net\/pt-pt\/wp-json\/wp\/v2\/users\/1"}],"replies":[{"embeddable":true,"href":"https:\/\/uk-gb.net\/pt-pt\/wp-json\/wp\/v2\/comments?post=536"}],"version-history":[{"count":0,"href":"https:\/\/uk-gb.net\/pt-pt\/wp-json\/wp\/v2\/pages\/536\/revisions"}],"wp:attachment":[{"href":"https:\/\/uk-gb.net\/pt-pt\/wp-json\/wp\/v2\/media?parent=536"}],"curies":[{"name":"wp","href":"https:\/\/api.w.org\/{rel}","templated":true}]}}