{"id":529,"date":"2023-11-21T12:31:09","date_gmt":"2023-11-21T12:31:09","guid":{"rendered":"https:\/\/uk-gb.net\/visto-turista-inglaterra-reino-unido\/"},"modified":"2025-06-04T15:39:41","modified_gmt":"2025-06-04T14:39:41","slug":"visto-turista-inglaterra-reino-unido","status":"publish","type":"page","link":"https:\/\/uk-gb.net\/pt-pt\/visto-turista-inglaterra-reino-unido\/","title":{"rendered":"Visto de turismo para o Reino Unido"},"content":{"rendered":"\n<h1 class=\"wp-block-heading\">Visto de turista para viajar para Inglaterra<\/h1>\n\n<p>Se quiseres visitar <a href=\"https:\/\/uk-gb.net\/pt-pt\/londres\/\">Londres<\/a>, <a href=\"https:\/\/uk-gb.net\/pt-pt\/manchester\/\">Manchester<\/a>, <a href=\"https:\/\/uk-gb.net\/pt-pt\/glasgow\/\">Glasgow<\/a> ou explorar o interior do Pa\u00eds de Gales, podes precisar de um <strong>visto de turista para o Reino Unido<\/strong>. Este visto permite aos viajantes permanecer temporariamente no Reino Unido para f\u00e9rias, visitas a familiares ou visitas culturais ou m\u00e9dicas. <\/p>\n\n<p><strong>Para uma estadia tur\u00edstica inferior a 6 meses<\/strong>: N\u00e3o \u00e9 necess\u00e1rio obter um visto de turista brit\u00e2nico, basta solicitar uma autoriza\u00e7\u00e3o eletr\u00f3nica de viagem (ETA) preenchendo o <a href=\"https:\/\/uk-gb.net\/pt-pt\/formulario-visto-eta-online-inglaterra\/\">formul\u00e1rio ETA em linha<\/a>.<\/p>\n\n<div style=\"height:10px\" aria-hidden=\"true\" class=\"wp-block-spacer\"><\/div>\n\n<h2 class=\"wp-block-heading\">O que \u00e9 um visto de turista no Reino Unido?<\/h2>\n\n<p>O visto de turista, oficialmente designado por <strong>Standard Visitor Visa<\/strong>, destina-se a pessoas que pretendem entrar no Reino Unido para :<\/p>\n\n<ul class=\"wp-block-list\">\n<li><strong>f\u00e9rias<\/strong> ou <strong>turismo<\/strong><\/li>\n\n\n\n<li><strong>visita familiares ou amigos<\/strong><\/li>\n\n\n\n<li>assistir a um <strong>evento cultural, musical ou desportivo<\/strong><\/li>\n\n\n\n<li>recebe <strong>cuidados m\u00e9dicos<\/strong> n\u00e3o urgentes<\/li>\n\n\n\n<li>segue um <strong>curso de curta<\/strong> dura\u00e7\u00e3o (m\u00e1ximo 30 dias)<\/li>\n<\/ul>\n\n<div style=\"height:10px\" aria-hidden=\"true\" class=\"wp-block-spacer\"><\/div>\n\n<p>Este visto n\u00e3o autoriza <strong>trabalho<\/strong>, estudos de longa dura\u00e7\u00e3o ou resid\u00eancia permanente no Reino Unido.<\/p>\n\n<h2 class=\"wp-block-heading\">Precisas de um visto de turista?<\/h2>\n\n<p>O facto de precisares ou n\u00e3o de um visto de turista para o Reino Unido depende da <strong>tua nacionalidade<\/strong>:<\/p>\n\n<p><strong>N\u00e3o precisas de um visto de turista<\/strong>: se fores nacional de um <a href=\"https:\/\/uk-gb.net\/pt-pt\/paises-que-podem-solicitar-eta-reino-unido\/\">pa\u00eds eleg\u00edvel para a autoriza\u00e7\u00e3o eletr\u00f3nica de viagem ETA<\/a>, por exemplo: Canad\u00e1, EUA, Jap\u00e3o, Austr\u00e1lia e pa\u00edses da UE.<\/p>\n\n<p><strong>Precisas de um visto de turista<\/strong> se :<\/p>\n\n<ul class=\"wp-block-list\">\n<li>\u00c9s nacional de um pa\u00eds que exige visto (por exemplo, \u00cdndia, Marrocos, Arg\u00e9lia, Tun\u00edsia, China, Paquist\u00e3o, etc.)<\/li>\n\n\n\n<li>N\u00e3o satisfazes as condi\u00e7\u00f5es de isen\u00e7\u00e3o<\/li>\n\n\n\n<li>N\u00e3o podes requerer uma ETA ou j\u00e1 te foi recusada<\/li>\n<\/ul>\n\n<blockquote class=\"wp-block-quote is-layout-flow wp-block-quote-is-layout-flow\">\n<p>Para verificar se precisas de um visto ou de um ETA, visita o s\u00edtio oficial <a href=\"https:\/\/www.gov.uk\/check-uk-visa\">gov.uk\/check-uk-visa<\/a><\/p>\n<\/blockquote>\n\n<h2 class=\"wp-block-heading\">Como posso solicitar um visto para o Reino Unido?<\/h2>\n\n<p>O <a href=\"https:\/\/uk-gb.net\/pt-pt\/procedimento-visto-reino-unido\/\">processo de pedido de visto<\/a> \u00e9 efectuado em linha no s\u00edtio Web da Ag\u00eancia de Fronteiras do Reino Unido. Eis os passos a seguir para solicitar um visto em linha para o Reino Unido:<\/p>\n\n<ol class=\"wp-block-list\">\n<li>Visita o s\u00edtio Web oficial <a href=\"http:\/\/www.gov.uk\">www.gov.uk<\/a><\/li>\n\n\n\n<li>Escolhe o teu tipo de visto<\/li>\n\n\n\n<li>Cria uma conta e preenche o formul\u00e1rio online<\/li>\n\n\n\n<li>Paga os <a href=\"https:\/\/uk-gb.net\/pt-pt\/preco-do-visto-para-inglaterra\/\">emolumentos do visto<\/a><\/li>\n\n\n\n<li>Marca uma reuni\u00e3o num centro autorizado para fornecer os teus dados biom\u00e9tricos<\/li>\n\n\n\n<li>Apresenta os teus documentos comprovativos e aguarda a decis\u00e3o<\/li>\n<\/ol>\n\n<div style=\"height:10px\" aria-hidden=\"true\" class=\"wp-block-spacer\"><\/div>\n\n<h2 class=\"wp-block-heading\">Quanto custa um visto de turista para o Reino Unido?<\/h2>\n\n<p>A taxa administrativa para obter um visto para o Reino Unido \u00e9 de :<\/p>\n\n<figure class=\"wp-block-table\"><table><tbody><tr><td><strong>Tipo de visto para o Reino Unido<\/strong><\/td><td class=\"has-text-align-center\" data-align=\"center\"><strong>Taxas a pagar<\/strong><\/td><\/tr><tr><td>Visto normal at\u00e9 6 meses<\/td><td class=\"has-text-align-center\" data-align=\"center\">\u00a3 115<\/td><\/tr><tr><td>Visto de entradas m\u00faltiplas (2 anos), mas com um m\u00e1ximo de 6 meses por estadia<\/td><td class=\"has-text-align-center\" data-align=\"center\">\u00a3 400<\/td><\/tr><tr><td>Visto de entradas m\u00faltiplas (5 anos), mas com um m\u00e1ximo de 6 meses por estadia<\/td><td class=\"has-text-align-center\" data-align=\"center\">\u00a3 771<\/td><\/tr><tr><td>Visto de entradas m\u00faltiplas (10 anos), mas com um m\u00e1ximo de 6 meses por estadia<\/td><td class=\"has-text-align-center\" data-align=\"center\">\u00a3 963<\/td><\/tr><\/tbody><\/table><figcaption class=\"wp-element-caption\">Taxas para vistos de turismo<\/figcaption><\/figure>\n\n<h2 class=\"wp-block-heading\">ETA ou visto de turista: qual \u00e9 a diferen\u00e7a?<\/h2>\n\n<figure class=\"wp-block-table\"><table class=\"has-fixed-layout\"><thead><tr><th class=\"has-text-align-center\" data-align=\"center\">Crit\u00e9rios<\/th><th class=\"has-text-align-center\" data-align=\"center\">ETA<\/th><th class=\"has-text-align-center\" data-align=\"center\">Visto de turista<\/th><\/tr><\/thead><tbody><tr><td class=\"has-text-align-center\" data-align=\"center\">Custo<\/td><td class=\"has-text-align-center\" data-align=\"center\">16 \u00a3<\/td><td class=\"has-text-align-center\" data-align=\"center\">A partir de \u00a3115<\/td><\/tr><tr><td class=\"has-text-align-center\" data-align=\"center\">Prazo de entrega<\/td><td class=\"has-text-align-center\" data-align=\"center\">Resposta no prazo de 72 horas<\/td><td class=\"has-text-align-center\" data-align=\"center\">Aproximadamente 3 semanas<\/td><\/tr><tr><td class=\"has-text-align-center\" data-align=\"center\">Per\u00edodo de validade<\/td><td class=\"has-text-align-center\" data-align=\"center\">2 anos<\/td><td class=\"has-text-align-center\" data-align=\"center\">At\u00e9 10 anos (multi-entrada)<\/td><\/tr><tr><td class=\"has-text-align-center\" data-align=\"center\">Procedimento<\/td><td class=\"has-text-align-center\" data-align=\"center\">100% online<\/td><td class=\"has-text-align-center\" data-align=\"center\">Online + marca\u00e7\u00e3o consular<\/td><\/tr><tr><td class=\"has-text-align-center\" data-align=\"center\">Nacionalidades em causa<\/td><td class=\"has-text-align-center\" data-align=\"center\">Pa\u00edses sem visto<\/td><td class=\"has-text-align-center\" data-align=\"center\">Pa\u00edses sujeitos a visto<\/td><\/tr><\/tbody><\/table><\/figure>\n\n<h2 class=\"wp-block-heading\">Quanto tempo demora a pedir um visto para o Reino Unido?<\/h2>\n\n<ul class=\"wp-block-list\">\n<li>O tempo m\u00e9dio de processamento \u00e9 de <strong>3 semanas<\/strong> a partir da marca\u00e7\u00e3o biom\u00e9trica.<\/li>\n\n\n\n<li>Em certos pa\u00edses, est\u00e1 dispon\u00edvel um <strong>servi\u00e7o acelerado<\/strong> (Visto Priorit\u00e1rio) para obter uma resposta em 5 dias ou menos (com um custo adicional).<\/li>\n<\/ul>\n\n<div style=\"height:10px\" aria-hidden=\"true\" class=\"wp-block-spacer\"><\/div>\n\n<h2 class=\"wp-block-heading\">Imagem de um visto de turista para o Reino Unido<\/h2>\n\n<p>O visto de turista para o Reino Unido assume a forma de uma p\u00e1gina de passaporte com uma fotografia do titular, que obedece a dimens\u00f5es espec\u00edficas. A fotografia do passaporte deve ter menos de 6 meses no momento da apresenta\u00e7\u00e3o do visto.<\/p>\n\n<figure class=\"wp-block-image size-full is-resized\" id=\"image-visa-uk-c\"><img fetchpriority=\"high\" decoding=\"async\" width=\"564\" height=\"338\" src=\"https:\/\/uk-gb.net\/wp-content\/uploads\/2024\/03\/UK-visa-C.jpg\" alt=\"Visto fotogr&#xE1;fico Reino Unido\" class=\"wp-image-1890\" style=\"width:800px;height:auto\" title=\"Imagem do visto para o Reino Unido\" srcset=\"https:\/\/uk-gb.net\/wp-content\/uploads\/2024\/03\/UK-visa-C.jpg 564w, https:\/\/uk-gb.net\/wp-content\/uploads\/2024\/03\/UK-visa-C-300x180.jpg 300w\" sizes=\"(max-width: 564px) 100vw, 564px\" \/><\/figure>\n","protected":false},"excerpt":{"rendered":"<p>Visto de turista para viajar para Inglaterra Se quiseres visitar Londres, Manchester, Glasgow ou explorar o interior do Pa\u00eds de Gales, podes precisar de um visto de turista para o Reino Unido. Este visto permite aos viajantes permanecer temporariamente no Reino Unido para f\u00e9rias, visitas a familiares ou visitas culturais ou m\u00e9dicas. Para uma estadia [&hellip;]<\/p>\n","protected":false},"author":1,"featured_media":0,"parent":0,"menu_order":0,"comment_status":"closed","ping_status":"closed","template":"","meta":{"footnotes":""},"class_list":["post-529","page","type-page","status-publish","hentry"],"yoast_head":"<!-- This site is optimized with the Yoast SEO plugin v27.4 - https:\/\/yoast.com\/product\/yoast-seo-wordpress\/ -->\n<title>Visto de turismo para o Reino Unido<\/title>\n<meta name=\"description\" content=\"Descobre todas as regras para obter um visto de turismo para o Reino Unido\" \/>\n<meta name=\"robots\" content=\"index, follow, max-snippet:-1, max-image-preview:large, max-video-preview:-1\" \/>\n<link rel=\"canonical\" href=\"https:\/\/uk-gb.net\/pt-pt\/visto-turista-inglaterra-reino-unido\/\" \/>\n<meta property=\"og:locale\" content=\"pt_PT\" \/>\n<meta property=\"og:type\" content=\"article\" \/>\n<meta property=\"og:title\" content=\"Visto de turismo para o Reino Unido\" \/>\n<meta property=\"og:description\" content=\"Descobre todas as regras para obter um visto de turismo para o Reino Unido\" \/>\n<meta property=\"og:url\" content=\"https:\/\/uk-gb.net\/pt-pt\/visto-turista-inglaterra-reino-unido\/\" \/>\n<meta property=\"og:site_name\" content=\"UK GB\" \/>\n<meta property=\"article:modified_time\" content=\"2025-06-04T14:39:41+00:00\" \/>\n<meta property=\"og:image\" content=\"https:\/\/uk-gb.net\/wp-content\/uploads\/2024\/03\/UK-visa-C.jpg\" \/>\n<meta name=\"twitter:card\" content=\"summary_large_image\" \/>\n<meta name=\"twitter:label1\" content=\"Tempo estimado de leitura\" \/>\n\t<meta name=\"twitter:data1\" content=\"3 minutos\" \/>\n<script type=\"application\/ld+json\" class=\"yoast-schema-graph\">{\"@context\":\"https:\\\/\\\/schema.org\",\"@graph\":[{\"@type\":\"WebPage\",\"@id\":\"https:\\\/\\\/uk-gb.net\\\/pt-pt\\\/visto-turista-inglaterra-reino-unido\\\/\",\"url\":\"https:\\\/\\\/uk-gb.net\\\/pt-pt\\\/visto-turista-inglaterra-reino-unido\\\/\",\"name\":\"Visto de turismo para o Reino Unido\",\"isPartOf\":{\"@id\":\"https:\\\/\\\/uk-gb.net\\\/pt-pt\\\/#website\"},\"primaryImageOfPage\":{\"@id\":\"https:\\\/\\\/uk-gb.net\\\/pt-pt\\\/visto-turista-inglaterra-reino-unido\\\/#primaryimage\"},\"image\":{\"@id\":\"https:\\\/\\\/uk-gb.net\\\/pt-pt\\\/visto-turista-inglaterra-reino-unido\\\/#primaryimage\"},\"thumbnailUrl\":\"https:\\\/\\\/uk-gb.net\\\/wp-content\\\/uploads\\\/2024\\\/03\\\/UK-visa-C.jpg\",\"datePublished\":\"2023-11-21T12:31:09+00:00\",\"dateModified\":\"2025-06-04T14:39:41+00:00\",\"description\":\"Descobre todas as regras para obter um visto de turismo para o Reino Unido\",\"inLanguage\":\"pt-PT\",\"potentialAction\":[{\"@type\":\"ReadAction\",\"target\":[\"https:\\\/\\\/uk-gb.net\\\/pt-pt\\\/visto-turista-inglaterra-reino-unido\\\/\"]}]},{\"@type\":\"ImageObject\",\"inLanguage\":\"pt-PT\",\"@id\":\"https:\\\/\\\/uk-gb.net\\\/pt-pt\\\/visto-turista-inglaterra-reino-unido\\\/#primaryimage\",\"url\":\"https:\\\/\\\/uk-gb.net\\\/wp-content\\\/uploads\\\/2024\\\/03\\\/UK-visa-C.jpg\",\"contentUrl\":\"https:\\\/\\\/uk-gb.net\\\/wp-content\\\/uploads\\\/2024\\\/03\\\/UK-visa-C.jpg\"},{\"@type\":\"WebSite\",\"@id\":\"https:\\\/\\\/uk-gb.net\\\/pt-pt\\\/#website\",\"url\":\"https:\\\/\\\/uk-gb.net\\\/pt-pt\\\/\",\"name\":\"UK GB\",\"description\":\"Travel to the UK\",\"potentialAction\":[{\"@type\":\"SearchAction\",\"target\":{\"@type\":\"EntryPoint\",\"urlTemplate\":\"https:\\\/\\\/uk-gb.net\\\/pt-pt\\\/?s={search_term_string}\"},\"query-input\":{\"@type\":\"PropertyValueSpecification\",\"valueRequired\":true,\"valueName\":\"search_term_string\"}}],\"inLanguage\":\"pt-PT\"}]}<\/script>\n<!-- \/ Yoast SEO plugin. -->","yoast_head_json":{"title":"Visto de turismo para o Reino Unido","description":"Descobre todas as regras para obter um visto de turismo para o Reino Unido","robots":{"index":"index","follow":"follow","max-snippet":"max-snippet:-1","max-image-preview":"max-image-preview:large","max-video-preview":"max-video-preview:-1"},"canonical":"https:\/\/uk-gb.net\/pt-pt\/visto-turista-inglaterra-reino-unido\/","og_locale":"pt_PT","og_type":"article","og_title":"Visto de turismo para o Reino Unido","og_description":"Descobre todas as regras para obter um visto de turismo para o Reino Unido","og_url":"https:\/\/uk-gb.net\/pt-pt\/visto-turista-inglaterra-reino-unido\/","og_site_name":"UK GB","article_modified_time":"2025-06-04T14:39:41+00:00","og_image":[{"url":"https:\/\/uk-gb.net\/wp-content\/uploads\/2024\/03\/UK-visa-C.jpg","type":"","width":"","height":""}],"twitter_card":"summary_large_image","twitter_misc":{"Tempo estimado de leitura":"3 minutos"},"schema":{"@context":"https:\/\/schema.org","@graph":[{"@type":"WebPage","@id":"https:\/\/uk-gb.net\/pt-pt\/visto-turista-inglaterra-reino-unido\/","url":"https:\/\/uk-gb.net\/pt-pt\/visto-turista-inglaterra-reino-unido\/","name":"Visto de turismo para o Reino Unido","isPartOf":{"@id":"https:\/\/uk-gb.net\/pt-pt\/#website"},"primaryImageOfPage":{"@id":"https:\/\/uk-gb.net\/pt-pt\/visto-turista-inglaterra-reino-unido\/#primaryimage"},"image":{"@id":"https:\/\/uk-gb.net\/pt-pt\/visto-turista-inglaterra-reino-unido\/#primaryimage"},"thumbnailUrl":"https:\/\/uk-gb.net\/wp-content\/uploads\/2024\/03\/UK-visa-C.jpg","datePublished":"2023-11-21T12:31:09+00:00","dateModified":"2025-06-04T14:39:41+00:00","description":"Descobre todas as regras para obter um visto de turismo para o Reino Unido","inLanguage":"pt-PT","potentialAction":[{"@type":"ReadAction","target":["https:\/\/uk-gb.net\/pt-pt\/visto-turista-inglaterra-reino-unido\/"]}]},{"@type":"ImageObject","inLanguage":"pt-PT","@id":"https:\/\/uk-gb.net\/pt-pt\/visto-turista-inglaterra-reino-unido\/#primaryimage","url":"https:\/\/uk-gb.net\/wp-content\/uploads\/2024\/03\/UK-visa-C.jpg","contentUrl":"https:\/\/uk-gb.net\/wp-content\/uploads\/2024\/03\/UK-visa-C.jpg"},{"@type":"WebSite","@id":"https:\/\/uk-gb.net\/pt-pt\/#website","url":"https:\/\/uk-gb.net\/pt-pt\/","name":"UK GB","description":"Travel to the UK","potentialAction":[{"@type":"SearchAction","target":{"@type":"EntryPoint","urlTemplate":"https:\/\/uk-gb.net\/pt-pt\/?s={search_term_string}"},"query-input":{"@type":"PropertyValueSpecification","valueRequired":true,"valueName":"search_term_string"}}],"inLanguage":"pt-PT"}]}},"_links":{"self":[{"href":"https:\/\/uk-gb.net\/pt-pt\/wp-json\/wp\/v2\/pages\/529","targetHints":{"allow":["GET"]}}],"collection":[{"href":"https:\/\/uk-gb.net\/pt-pt\/wp-json\/wp\/v2\/pages"}],"about":[{"href":"https:\/\/uk-gb.net\/pt-pt\/wp-json\/wp\/v2\/types\/page"}],"author":[{"embeddable":true,"href":"https:\/\/uk-gb.net\/pt-pt\/wp-json\/wp\/v2\/users\/1"}],"replies":[{"embeddable":true,"href":"https:\/\/uk-gb.net\/pt-pt\/wp-json\/wp\/v2\/comments?post=529"}],"version-history":[{"count":0,"href":"https:\/\/uk-gb.net\/pt-pt\/wp-json\/wp\/v2\/pages\/529\/revisions"}],"wp:attachment":[{"href":"https:\/\/uk-gb.net\/pt-pt\/wp-json\/wp\/v2\/media?parent=529"}],"curies":[{"name":"wp","href":"https:\/\/api.w.org\/{rel}","templated":true}]}}