{"id":5056,"date":"2025-01-23T11:10:46","date_gmt":"2025-01-23T11:10:46","guid":{"rendered":"https:\/\/uk-gb.net\/glasgow\/"},"modified":"2025-08-27T17:25:13","modified_gmt":"2025-08-27T16:25:13","slug":"glasgow","status":"publish","type":"page","link":"https:\/\/uk-gb.net\/pt-pt\/glasgow\/","title":{"rendered":"Visita Glasgow na Esc\u00f3cia"},"content":{"rendered":"\n<h1 class=\"wp-block-heading\">Descobre a cidade de Glasgow<\/h1>\n\n<p>Glasgow cativa pela sua energia criativa, arquitetura vitoriana majestosa e atmosfera acolhedora. Ber\u00e7o de um importante patrim\u00f3nio industrial e art\u00edstico, a cidade \u00e9 agora um viveiro de cultura, m\u00fasica e design. \u00c9 um ponto de paragem essencial para explorar uma Esc\u00f3cia que \u00e9 moderna, vibrante e profundamente aut\u00eantica.  <\/p>\n\n<figure class=\"wp-block-image size-large\"><img fetchpriority=\"high\" decoding=\"async\" width=\"1024\" height=\"535\" src=\"https:\/\/uk-gb.net\/wp-content\/uploads\/2025\/01\/Glasgow-1024x535.jpg\" alt=\"\" class=\"wp-image-5016\" srcset=\"https:\/\/uk-gb.net\/wp-content\/uploads\/2025\/01\/Glasgow-1024x535.jpg 1024w, https:\/\/uk-gb.net\/wp-content\/uploads\/2025\/01\/Glasgow-300x157.jpg 300w, https:\/\/uk-gb.net\/wp-content\/uploads\/2025\/01\/Glasgow-768x401.jpg 768w, https:\/\/uk-gb.net\/wp-content\/uploads\/2025\/01\/Glasgow.jpg 1339w\" sizes=\"(max-width: 1024px) 100vw, 1024px\" \/><figcaption class=\"wp-element-caption\">Glasgow, Esc\u00f3cia<\/figcaption><\/figure>\n\n<h2 class=\"wp-block-heading\">Porqu\u00ea visitar Glasgow?<\/h2>\n\n<p><a href=\"https:\/\/en.wikipedia.org\/wiki\/Glasgow\">Glasgow<\/a> \u00e9 famosa pelos seus museus mundialmente famosos, edif\u00edcios vitorianos e cen\u00e1rio art\u00edstico. Quer gostes de hist\u00f3ria, de m\u00fasica ou de compras, Glasgow tem muitas coisas interessantes para fazer. Cada bairro revela uma faceta \u00fanica da cidade, sempre real\u00e7ada pelo calor e autenticidade das suas gentes.  <\/p>\n\n<h2 class=\"wp-block-heading\">Visitas obrigat\u00f3rias em Glasgow<\/h2>\n\n<ul class=\"wp-block-list\">\n<li><a href=\"https:\/\/www.historicenvironment.scot\/visit-a-place\/places\/glasgow-cathedral\/\">Catedral de Glasgow<\/a>: Uma magn\u00edfica catedral medieval do s\u00e9culo XII, um raro exemplo da arquitetura g\u00f3tica escocesa que ainda est\u00e1 intacta.<\/li>\n\n\n\n<li><a href=\"https:\/\/www.glasgowsciencecentre.org\/\">The Glasgow Science Centre<\/a>: centro de ci\u00eancia interativo com exposi\u00e7\u00f5es divertidas, planet\u00e1rio e cinema IMAX. Um passeio ideal em fam\u00edlia. <\/li>\n\n\n\n<li><a href=\"https:\/\/www.visitscotland.com\/info\/towns-villages\/george-square-p1976921\">George Square<\/a>: a pra\u00e7a central da cidade, ladeada por edif\u00edcios majestosos e repleta de eventos ao longo do ano.<\/li>\n\n\n\n<li><a href=\"https:\/\/www.glasgowlife.org.uk\/museums\/venues\/kelvingrove-art-gallery-and-museum\">Kelvingrove Art Gallery and Museum<\/a>: este museu ic\u00f3nico re\u00fane obras de arte, artefactos hist\u00f3ricos e curiosidades num cen\u00e1rio arquitet\u00f3nico not\u00e1vel.<\/li>\n\n\n\n<li><a href=\"https:\/\/www.glasgowlife.org.uk\/museums\/venues\/riverside-museum\">The Riverside Museum<\/a>: um museu premiado dedicado aos transportes e ao engenho tecnol\u00f3gico, perfeito para jovens e adultos.<\/li>\n\n\n\n<li><a href=\"https:\/\/glasgowshops.com\/buchanan-street\/\">Buchanan Street<\/a>: A rua comercial mais vibrante de Glasgow, com uma mistura de boutiques de designers, nomes de rua e artistas de rua.<\/li>\n<\/ul>\n\n<div style=\"height:10px\" aria-hidden=\"true\" class=\"wp-block-spacer\"><\/div>\n\n<h2 class=\"wp-block-heading\">Bairros a n\u00e3o perder<\/h2>\n\n<ul class=\"wp-block-list\">\n<li><strong>Merchant City<\/strong>: Uma zona moderna, chique e animada, com uma mistura de galerias de arte, restaurantes modernos e bares de design.<\/li>\n\n\n\n<li><strong>West End<\/strong>: Um bairro frondoso e bo\u00e9mio conhecido pelos seus parques, livrarias, caf\u00e9s e a Universidade de Glasgow.<\/li>\n\n\n\n<li><strong>Glasgow Green<\/strong>: Um dos parques p\u00fablicos mais antigos da cidade, ideal para um passeio \u00e0 beira-rio ou um piquenique.<\/li>\n\n\n\n<li><strong>Finnieston<\/strong>: O epicentro da comida criativa de Glasgow, com uma cena art\u00edstica pr\u00f3spera.<\/li>\n<\/ul>\n\n<div style=\"height:10px\" aria-hidden=\"true\" class=\"wp-block-spacer\"><\/div>\n\n<h2 class=\"wp-block-heading\">Dicas pr\u00e1ticas para a tua estadia em Glasgow<\/h2>\n\n<figure class=\"wp-block-table\"><table><tbody><tr><td><strong>Transporte<\/strong><\/td><td>Rede eficiente de autocarros e metro. Passes di\u00e1rios dispon\u00edveis para os visitantes. <\/td><\/tr><tr><td><strong>Alojamento<\/strong><\/td><td>Uma vasta escolha de hot\u00e9is, B&amp;Bs e hostels para todos os or\u00e7amentos.<\/td><\/tr><tr><td><strong>Moeda<\/strong><\/td><td>Libra esterlina (\u00a3). Aceita pagamentos com cart\u00e3o em quase todo o lado. <\/td><\/tr><tr><td><strong>L\u00edngua<\/strong><\/td><td>Ingl\u00eas, com um forte mas caloroso sotaque escoc\u00eas.<\/td><\/tr><tr><td><strong>Tempo<\/strong><\/td><td>Tempo vari\u00e1vel. Traz um mackintosh ou um guarda-chuva. <\/td><\/tr><tr><td><strong>Visto<\/strong><\/td><td>Verifica se precisas de um <a href=\"https:\/\/uk-gb.net\/pt-pt\/visto-para-glasgow\/\">visto para Glasgow<\/a> ou de uma <a href=\"https:\/\/uk-gb.net\/pt-pt\/eta-inglaterra-reino-unido\/\">autoriza\u00e7\u00e3o ETA<\/a> antes de partires.<\/td><\/tr><\/tbody><\/table><\/figure>\n\n<div style=\"height:10px\" aria-hidden=\"true\" class=\"wp-block-spacer\"><\/div>\n\n<h2 class=\"wp-block-heading\">Onde vais comer?<\/h2>\n\n<ul class=\"wp-block-list\">\n<li><a href=\"https:\/\/www.willowtearooms.co.uk\/\">The Willow Tea Rooms<\/a>: um sal\u00e3o de ch\u00e1 ic\u00f3nico concebido por Charles Rennie Mackintosh, perfeito para um t\u00edpico ch\u00e1 da tarde escoc\u00eas.<\/li>\n\n\n\n<li><a href=\"https:\/\/www.thegannetgla.com\/\">The Gannet<\/a>: restaurante gourmet premiado, com produtos locais num ambiente elegante.<\/li>\n\n\n\n<li><a href=\"https:\/\/ubiquitouschip.co.uk\/\">Ubiquitous Chip<\/a>: Uma institui\u00e7\u00e3o culin\u00e1ria do West End que oferece cozinha escocesa moderna num ambiente simp\u00e1tico e arborizado.<\/li>\n\n\n\n<li><a href=\"https:\/\/www.oxandfinch.com\/\">Ox and Finch<\/a>: pequenos pratos inventivos para partilhar, num ambiente contempor\u00e2neo e requintado.<\/li>\n\n\n\n<li><a href=\"https:\/\/www.paesanopizza.co.uk\/\">Paesano Pizza<\/a>: Uma das melhores pizzarias da cidade, adorada pelos seus pre\u00e7os acess\u00edveis e pelos aut\u00eanticos sabores napolitanos.<\/li>\n<\/ul>\n\n<h2 class=\"wp-block-heading\">Quando ir a Glasgow<\/h2>\n\n<p><a href=\"https:\/\/www.visitglasgow.com\/\">Glasgow<\/a> pode ser visitada durante todo o ano, mas <strong>maio a setembro s\u00e3o os melhores meses<\/strong> para desfrutar de temperaturas amenas e bom tempo. O ver\u00e3o \u00e9 tamb\u00e9m marcado por numerosos festivais culturais e concertos ao ar livre. O outono e o inverno s\u00e3o mais h\u00famidos, mas o ambiente continua quente, com museus, pubs acolhedores e ilumina\u00e7\u00f5es festivas em dezembro. N\u00e3o te esque\u00e7as de levar roupa imperme\u00e1vel, seja qual for a esta\u00e7\u00e3o do ano.   <\/p>\n\n<h2 class=\"wp-block-heading\">Finalmente<\/h2>\n\n<p>Em compara\u00e7\u00e3o com outras grandes cidades brit\u00e2nicas, <strong>Glasgow destaca-se pela sua atmosfera art\u00edstica, autenticidade local e cena musical lend\u00e1ria<\/strong>. Menos tur\u00edstica do que <a href=\"https:\/\/uk-gb.net\/pt-pt\/londres\/\">Londres<\/a> ou Edimburgo, a sua energia criativa, as pessoas simp\u00e1ticas e os bairros em r\u00e1pida muta\u00e7\u00e3o v\u00e3o conquistar-te. <\/p>\n\n<p>Se gostaste da eleg\u00e2ncia hist\u00f3rica de Oxford, da heran\u00e7a musical de <a href=\"https:\/\/uk-gb.net\/pt-pt\/liverpool\/\">Liverpool<\/a> ou do entusiasmo de <a href=\"https:\/\/uk-gb.net\/pt-pt\/manchester\/\">Manchester<\/a>, vais adorar o car\u00e1cter animado e envolvente de Glasgow.<\/p>\n\n<p>As formalidades para visitar Glasgow dependem da nacionalidade do viajante e da dura\u00e7\u00e3o da sua estadia. Para estadias curtas, os cidad\u00e3os da Uni\u00e3o Europeia, dos Estados Unidos, do Canad\u00e1 e de muitos outros pa\u00edses devem agora <a href=\"https:\/\/uk-gb.net\/pt-pt\/formulario-visto-eta-online-inglaterra\/\">obter uma ETA<\/a> se n\u00e3o dispuserem de um <a href=\"https:\/\/uk-gb.net\/pt-pt\/visto-reino-unido\/\">visto para Inglaterra<\/a>. <\/p>\n\n<p>Os ETAs do Reino Unido podem ser solicitados atrav\u00e9s da <a href=\"https:\/\/uk-gb.net\/pt-pt\/aplicativo-iphone-visto-eta-inglaterra\/\">aplica\u00e7\u00e3o oficial ETA do Reino Unido<\/a>. Os residentes no Reino Unido e os cidad\u00e3os irlandeses n\u00e3o s\u00e3o abrangidos. <\/p>\n","protected":false},"excerpt":{"rendered":"<p>Descobre a cidade de Glasgow Glasgow cativa pela sua energia criativa, arquitetura vitoriana majestosa e atmosfera acolhedora. Ber\u00e7o de um importante patrim\u00f3nio industrial e art\u00edstico, a cidade \u00e9 agora um viveiro de cultura, m\u00fasica e design. \u00c9 um ponto de paragem essencial para explorar uma Esc\u00f3cia que \u00e9 moderna, vibrante e profundamente aut\u00eantica. Porqu\u00ea visitar [&hellip;]<\/p>\n","protected":false},"author":1,"featured_media":0,"parent":0,"menu_order":0,"comment_status":"closed","ping_status":"closed","template":"","meta":{"footnotes":""},"class_list":["post-5056","page","type-page","status-publish","hentry"],"yoast_head":"<!-- This site is optimized with the Yoast SEO plugin v27.4 - https:\/\/yoast.com\/product\/yoast-seo-wordpress\/ -->\n<title>Visita Glasgow na Esc\u00f3cia - UK GB<\/title>\n<meta name=\"description\" content=\"Descobre Glasgow, uma das maiores cidades da Esc\u00f3cia, famosa pelos seus museus e edif\u00edcios hist\u00f3ricos vitorianos.\" \/>\n<meta name=\"robots\" content=\"index, follow, max-snippet:-1, max-image-preview:large, max-video-preview:-1\" \/>\n<link rel=\"canonical\" href=\"https:\/\/uk-gb.net\/pt-pt\/glasgow\/\" \/>\n<meta property=\"og:locale\" content=\"pt_PT\" \/>\n<meta property=\"og:type\" content=\"article\" \/>\n<meta property=\"og:title\" content=\"Visita Glasgow na Esc\u00f3cia - UK GB\" \/>\n<meta property=\"og:description\" content=\"Descobre Glasgow, uma das maiores cidades da Esc\u00f3cia, famosa pelos seus museus e edif\u00edcios hist\u00f3ricos vitorianos.\" \/>\n<meta property=\"og:url\" content=\"https:\/\/uk-gb.net\/pt-pt\/glasgow\/\" \/>\n<meta property=\"og:site_name\" content=\"UK GB\" \/>\n<meta property=\"article:modified_time\" content=\"2025-08-27T16:25:13+00:00\" \/>\n<meta property=\"og:image\" content=\"https:\/\/uk-gb.net\/wp-content\/uploads\/2025\/01\/Glasgow.jpg\" \/>\n\t<meta property=\"og:image:width\" content=\"1339\" \/>\n\t<meta property=\"og:image:height\" content=\"699\" \/>\n\t<meta property=\"og:image:type\" content=\"image\/jpeg\" \/>\n<meta name=\"twitter:card\" content=\"summary_large_image\" \/>\n<meta name=\"twitter:label1\" content=\"Tempo estimado de leitura\" \/>\n\t<meta name=\"twitter:data1\" content=\"4 minutos\" \/>\n<script type=\"application\/ld+json\" class=\"yoast-schema-graph\">{\"@context\":\"https:\\\/\\\/schema.org\",\"@graph\":[{\"@type\":\"WebPage\",\"@id\":\"https:\\\/\\\/uk-gb.net\\\/pt-pt\\\/glasgow\\\/\",\"url\":\"https:\\\/\\\/uk-gb.net\\\/pt-pt\\\/glasgow\\\/\",\"name\":\"Visita Glasgow na Esc\u00f3cia - UK GB\",\"isPartOf\":{\"@id\":\"https:\\\/\\\/uk-gb.net\\\/pt-pt\\\/#website\"},\"primaryImageOfPage\":{\"@id\":\"https:\\\/\\\/uk-gb.net\\\/pt-pt\\\/glasgow\\\/#primaryimage\"},\"image\":{\"@id\":\"https:\\\/\\\/uk-gb.net\\\/pt-pt\\\/glasgow\\\/#primaryimage\"},\"thumbnailUrl\":\"https:\\\/\\\/uk-gb.net\\\/wp-content\\\/uploads\\\/2025\\\/01\\\/Glasgow-1024x535.jpg\",\"datePublished\":\"2025-01-23T11:10:46+00:00\",\"dateModified\":\"2025-08-27T16:25:13+00:00\",\"description\":\"Descobre Glasgow, uma das maiores cidades da Esc\u00f3cia, famosa pelos seus museus e edif\u00edcios hist\u00f3ricos vitorianos.\",\"inLanguage\":\"pt-PT\",\"potentialAction\":[{\"@type\":\"ReadAction\",\"target\":[\"https:\\\/\\\/uk-gb.net\\\/pt-pt\\\/glasgow\\\/\"]}]},{\"@type\":\"ImageObject\",\"inLanguage\":\"pt-PT\",\"@id\":\"https:\\\/\\\/uk-gb.net\\\/pt-pt\\\/glasgow\\\/#primaryimage\",\"url\":\"https:\\\/\\\/uk-gb.net\\\/wp-content\\\/uploads\\\/2025\\\/01\\\/Glasgow-1024x535.jpg\",\"contentUrl\":\"https:\\\/\\\/uk-gb.net\\\/wp-content\\\/uploads\\\/2025\\\/01\\\/Glasgow-1024x535.jpg\"},{\"@type\":\"WebSite\",\"@id\":\"https:\\\/\\\/uk-gb.net\\\/pt-pt\\\/#website\",\"url\":\"https:\\\/\\\/uk-gb.net\\\/pt-pt\\\/\",\"name\":\"UK GB\",\"description\":\"Travel to the UK\",\"potentialAction\":[{\"@type\":\"SearchAction\",\"target\":{\"@type\":\"EntryPoint\",\"urlTemplate\":\"https:\\\/\\\/uk-gb.net\\\/pt-pt\\\/?s={search_term_string}\"},\"query-input\":{\"@type\":\"PropertyValueSpecification\",\"valueRequired\":true,\"valueName\":\"search_term_string\"}}],\"inLanguage\":\"pt-PT\"}]}<\/script>\n<!-- \/ Yoast SEO plugin. -->","yoast_head_json":{"title":"Visita Glasgow na Esc\u00f3cia - UK GB","description":"Descobre Glasgow, uma das maiores cidades da Esc\u00f3cia, famosa pelos seus museus e edif\u00edcios hist\u00f3ricos vitorianos.","robots":{"index":"index","follow":"follow","max-snippet":"max-snippet:-1","max-image-preview":"max-image-preview:large","max-video-preview":"max-video-preview:-1"},"canonical":"https:\/\/uk-gb.net\/pt-pt\/glasgow\/","og_locale":"pt_PT","og_type":"article","og_title":"Visita Glasgow na Esc\u00f3cia - UK GB","og_description":"Descobre Glasgow, uma das maiores cidades da Esc\u00f3cia, famosa pelos seus museus e edif\u00edcios hist\u00f3ricos vitorianos.","og_url":"https:\/\/uk-gb.net\/pt-pt\/glasgow\/","og_site_name":"UK GB","article_modified_time":"2025-08-27T16:25:13+00:00","og_image":[{"width":1339,"height":699,"url":"https:\/\/uk-gb.net\/wp-content\/uploads\/2025\/01\/Glasgow.jpg","type":"image\/jpeg"}],"twitter_card":"summary_large_image","twitter_misc":{"Tempo estimado de leitura":"4 minutos"},"schema":{"@context":"https:\/\/schema.org","@graph":[{"@type":"WebPage","@id":"https:\/\/uk-gb.net\/pt-pt\/glasgow\/","url":"https:\/\/uk-gb.net\/pt-pt\/glasgow\/","name":"Visita Glasgow na Esc\u00f3cia - UK GB","isPartOf":{"@id":"https:\/\/uk-gb.net\/pt-pt\/#website"},"primaryImageOfPage":{"@id":"https:\/\/uk-gb.net\/pt-pt\/glasgow\/#primaryimage"},"image":{"@id":"https:\/\/uk-gb.net\/pt-pt\/glasgow\/#primaryimage"},"thumbnailUrl":"https:\/\/uk-gb.net\/wp-content\/uploads\/2025\/01\/Glasgow-1024x535.jpg","datePublished":"2025-01-23T11:10:46+00:00","dateModified":"2025-08-27T16:25:13+00:00","description":"Descobre Glasgow, uma das maiores cidades da Esc\u00f3cia, famosa pelos seus museus e edif\u00edcios hist\u00f3ricos vitorianos.","inLanguage":"pt-PT","potentialAction":[{"@type":"ReadAction","target":["https:\/\/uk-gb.net\/pt-pt\/glasgow\/"]}]},{"@type":"ImageObject","inLanguage":"pt-PT","@id":"https:\/\/uk-gb.net\/pt-pt\/glasgow\/#primaryimage","url":"https:\/\/uk-gb.net\/wp-content\/uploads\/2025\/01\/Glasgow-1024x535.jpg","contentUrl":"https:\/\/uk-gb.net\/wp-content\/uploads\/2025\/01\/Glasgow-1024x535.jpg"},{"@type":"WebSite","@id":"https:\/\/uk-gb.net\/pt-pt\/#website","url":"https:\/\/uk-gb.net\/pt-pt\/","name":"UK GB","description":"Travel to the UK","potentialAction":[{"@type":"SearchAction","target":{"@type":"EntryPoint","urlTemplate":"https:\/\/uk-gb.net\/pt-pt\/?s={search_term_string}"},"query-input":{"@type":"PropertyValueSpecification","valueRequired":true,"valueName":"search_term_string"}}],"inLanguage":"pt-PT"}]}},"_links":{"self":[{"href":"https:\/\/uk-gb.net\/pt-pt\/wp-json\/wp\/v2\/pages\/5056","targetHints":{"allow":["GET"]}}],"collection":[{"href":"https:\/\/uk-gb.net\/pt-pt\/wp-json\/wp\/v2\/pages"}],"about":[{"href":"https:\/\/uk-gb.net\/pt-pt\/wp-json\/wp\/v2\/types\/page"}],"author":[{"embeddable":true,"href":"https:\/\/uk-gb.net\/pt-pt\/wp-json\/wp\/v2\/users\/1"}],"replies":[{"embeddable":true,"href":"https:\/\/uk-gb.net\/pt-pt\/wp-json\/wp\/v2\/comments?post=5056"}],"version-history":[{"count":0,"href":"https:\/\/uk-gb.net\/pt-pt\/wp-json\/wp\/v2\/pages\/5056\/revisions"}],"wp:attachment":[{"href":"https:\/\/uk-gb.net\/pt-pt\/wp-json\/wp\/v2\/media?parent=5056"}],"curies":[{"name":"wp","href":"https:\/\/api.w.org\/{rel}","templated":true}]}}