{"id":4572,"date":"2025-01-15T13:03:38","date_gmt":"2025-01-15T13:03:38","guid":{"rendered":"https:\/\/uk-gb.net\/cambridge\/"},"modified":"2026-02-06T12:28:32","modified_gmt":"2026-02-06T12:28:32","slug":"cambridge","status":"publish","type":"page","link":"https:\/\/uk-gb.net\/pt-pt\/cambridge\/","title":{"rendered":"Visita Cambridge e a sua arquitetura medieval"},"content":{"rendered":"\n<h1 class=\"wp-block-heading\">Visita Cambridge no Leste de Inglaterra<\/h1>\n\n<p><a href=\"https:\/\/en.wikipedia.org\/wiki\/Cambridge\">Cambridge<\/a>, no leste de Inglaterra, \u00e9 uma cidade famosa pela sua universidade de renome mundial e pela sua arquitetura medieval. Com os seus majestosos col\u00e9gios, jardins tranquilos e actividades culturais variadas, Cambridge \u00e9 um destino obrigat\u00f3rio para os amantes da hist\u00f3ria, do conhecimento e da beleza natural.<\/p>\n\n<figure class=\"wp-block-image size-full\"><img fetchpriority=\"high\" decoding=\"async\" width=\"1025\" height=\"476\" src=\"https:\/\/uk-gb.net\/wp-content\/uploads\/2025\/01\/Cambridge.jpg\" alt=\"\" class=\"wp-image-4533\" srcset=\"https:\/\/uk-gb.net\/wp-content\/uploads\/2025\/01\/Cambridge.jpg 1025w, https:\/\/uk-gb.net\/wp-content\/uploads\/2025\/01\/Cambridge-300x139.jpg 300w, https:\/\/uk-gb.net\/wp-content\/uploads\/2025\/01\/Cambridge-768x357.jpg 768w\" sizes=\"(max-width: 1025px) 100vw, 1025px\" \/><figcaption class=\"wp-element-caption\">Capela do Kings College Cambridge<\/figcaption><\/figure>\n\n<div style=\"height:10px\" aria-hidden=\"true\" class=\"wp-block-spacer\"><\/div>\n\n<h2 class=\"wp-block-heading\">Porqu\u00ea visitar Cambridge?<\/h2>\n\n<p>Cambridge \u00e9 uma cidade com uma atmosfera \u00fanica, que combina tradi\u00e7\u00f5es acad\u00e9micas e modernidade. Os seus prestigiados col\u00e9gios, bibliotecas hist\u00f3ricas e paisagens pitorescas fazem dela um destino cativante. Quer queiras explorar museus fascinantes, remar no rio Cam ou passear por ruas estreitas repletas de hist\u00f3ria, Cambridge tem algo para todos.  <\/p>\n\n<div style=\"height:10px\" aria-hidden=\"true\" class=\"wp-block-spacer\"><\/div>\n\n<h2 class=\"wp-block-heading\">O que tens de ter<\/h2>\n\n<ul class=\"wp-block-list\">\n<li><a href=\"https:\/\/www.cam.ac.uk\/\">Universidade de Cambridge<\/a>: Explora col\u00e9gios famosos como o King&#8217;s College, o Trinity College e o St John&#8217;s College.<\/li>\n\n\n\n<li><a href=\"https:\/\/www.kings.cam.ac.uk\/chapel\">King&#8217;s College Chapel<\/a>: Uma obra-prima da arquitetura g\u00f3tica, conhecida pelos seus magn\u00edficos vitrais.<\/li>\n\n\n\n<li><a href=\"https:\/\/www.fitzmuseum.cam.ac.uk\/\">Fitzwilliam Museum<\/a>: Um museu de arte e antiguidades com colec\u00e7\u00f5es impressionantes.<\/li>\n\n\n\n<li><a href=\"https:\/\/puntcambridge.co.uk\/cambridge-backs\/\">As Costas<\/a>: Desfruta de vistas espl\u00eandidas sobre as faculdades a partir destes jardins ribeirinhos.<\/li>\n\n\n\n<li><a href=\"https:\/\/www.botanic.cam.ac.uk\/\">Jardim Bot\u00e2nico da Universidade de Cambridge<\/a>: Um ref\u00fagio de paz com uma vasta cole\u00e7\u00e3o de plantas de todo o mundo.<\/li>\n\n\n\n<li><a href=\"https:\/\/www.visitcambridge.org\/place-categories\/punting\/\">Punting no River Cam<\/a>: Uma atividade ic\u00f3nica para admirar Cambridge a partir da \u00e1gua.<\/li>\n<\/ul>\n\n<div style=\"height:10px\" aria-hidden=\"true\" class=\"wp-block-spacer\"><\/div>\n\n<h2 class=\"wp-block-heading\">Bairros a explorar<\/h2>\n\n<ul class=\"wp-block-list\">\n<li><strong>Centro da cidade<\/strong>: O cora\u00e7\u00e3o hist\u00f3rico de Cambridge, com as suas lojas, caf\u00e9s e mercados.<\/li>\n\n\n\n<li><strong>Mill Road<\/strong>: Um bairro ecl\u00e9tico e multicultural, ideal para restaurantes e lojas independentes.<\/li>\n\n\n\n<li><strong>Newnham<\/strong>: uma zona tranquila com passeios \u00e0 beira-rio e espa\u00e7os verdes.<\/li>\n\n\n\n<li><strong>Chesterton<\/strong>: Perfeito para descobrir uma atmosfera local aut\u00eantica e pubs tradicionais.<\/li>\n<\/ul>\n\n<div style=\"height:10px\" aria-hidden=\"true\" class=\"wp-block-spacer\"><\/div>\n\n<h2 class=\"wp-block-heading\">Dicas pr\u00e1ticas para visitar Cambridge<\/h2>\n\n<figure class=\"wp-block-table\"><table><tbody><tr><th>Aspeto<\/th><th>Detalhes<\/th><\/tr><tr><td><strong>Transporte<\/strong><\/td><td>Acess\u00edvel por comboio a partir de Londres, podes explorar a cidade a p\u00e9 ou de bicicleta.<\/td><\/tr><tr><td><strong>Alojamento<\/strong><\/td><td>As op\u00e7\u00f5es v\u00e3o desde encantadores B&amp;Bs a hot\u00e9is topo de gama.<\/td><\/tr><tr><td><strong>Moeda<\/strong><\/td><td>Libra esterlina (\u00a3). Os pagamentos sem contacto s\u00e3o aceites em quase todo o lado. <\/td><\/tr><tr><td><strong>L\u00edngua<\/strong><\/td><td>Ingl\u00eas.<\/td><\/tr><tr><td><strong>Tempo<\/strong><\/td><td>Traz um guarda-chuva para o caso de chover com frequ\u00eancia.<\/td><\/tr><tr><td><strong>Visto<\/strong><\/td><td>N\u00e3o te esque\u00e7as de verificar se precisas de um <a href=\"https:\/\/uk-gb.net\/pt-pt\/visto-cambridge\/\" type=\"page\" id=\"710\">visto de Cambridge<\/a> para viajar.<\/td><\/tr><\/tbody><\/table><\/figure>\n\n<div style=\"height:10px\" aria-hidden=\"true\" class=\"wp-block-spacer\"><\/div>\n\n<h2 class=\"wp-block-heading\">Onde vais comer?<\/h2>\n\n<ul class=\"wp-block-list\">\n<li><a href=\"https:\/\/midsummerhouse.co.uk\/\">Midsummer House<\/a>: Um restaurante com estrela Michelin que oferece uma cozinha requintada.<\/li>\n\n\n\n<li><a href=\"https:\/\/www.greeneking.co.uk\/pubs\/cambridgeshire\/eagle\">The Eagle<\/a>: Um pub hist\u00f3rico onde os cientistas Watson e Crick anunciaram a sua descoberta do ADN.<\/li>\n\n\n\n<li><a href=\"https:\/\/www.fitzbillies.com\/\">Fitzbillies<\/a>: Famoso pelos seus deliciosos p\u00e3es de Chelsea.<\/li>\n\n\n\n<li><a href=\"https:\/\/www.theorchardteagarden.co.uk\/\">The Orchard Tea Garden<\/a>: Um local pitoresco para desfrutar de uma ch\u00e1vena de ch\u00e1 tradicional.<\/li>\n\n\n\n<li><a href=\"https:\/\/cambridgechophouse.co.uk\/\">St John&#8217;s Chop House<\/a>: Perfeito para saborear pratos cl\u00e1ssicos brit\u00e2nicos num ambiente acolhedor.<\/li>\n<\/ul>\n\n<div style=\"height:10px\" aria-hidden=\"true\" class=\"wp-block-spacer\"><\/div>\n\n<h2 class=\"wp-block-heading\">Quando ir?<\/h2>\n\n<p>Cambridge \u00e9 um destino agrad\u00e1vel durante todo o ano, mas a primavera e o ver\u00e3o s\u00e3o particularmente ideais. A primavera revela os jardins em plena flora\u00e7\u00e3o, enquanto o ver\u00e3o \u00e9 perfeito para actividades ao ar livre, como o punting. O outono oferece uma atmosfera pac\u00edfica e cores magn\u00edficas, enquanto o inverno traz uma atmosfera calma e festiva, ideal para descobrir os mercados de Natal.  <\/p>\n\n<div style=\"height:10px\" aria-hidden=\"true\" class=\"wp-block-spacer\"><\/div>\n\n<h2 class=\"wp-block-heading\">Conclus\u00e3o<\/h2>\n\n<p><a href=\"https:\/\/en.wikipedia.org\/wiki\/Cambridge\">Cambridge<\/a> \u00e9 uma cidade fascinante que combina hist\u00f3ria, cultura e natureza. Com os seus majestosos col\u00e9gios, museus impressionantes e um cen\u00e1rio encantador, oferece uma escapadela memor\u00e1vel a todos os visitantes. Prepara-te para explorar esta joia inglesa e descobrir o seu encanto \u00fanico!<\/p>\n\n<p>Para mais conselhos ou recomenda\u00e7\u00f5es personalizadas, n\u00e3o hesites em consultar os nossos outros guias sobre as principais cidades inglesas. As nossas fichas de informa\u00e7\u00e3o cobrem <a href=\"https:\/\/uk-gb.net\/pt-pt\/londres\/\">Londres<\/a>, <a href=\"https:\/\/uk-gb.net\/pt-pt\/oxford\/\">Oxford<\/a>, <a href=\"https:\/\/uk-gb.net\/pt-pt\/liverpool\/\">Liverpool<\/a> e <a href=\"https:\/\/uk-gb.net\/pt-pt\/manchester\/\">Manchester<\/a>. N\u00e3o te esque\u00e7as que deves preparar as <a href=\"https:\/\/uk-gb.net\/pt-pt\/visto-reino-unido\/\">formalidades para viajar para o Reino Unido<\/a> antes de partires para Cambridge.  <\/p>\n\n<p><\/p>\n","protected":false},"excerpt":{"rendered":"<p>Visita Cambridge no Leste de Inglaterra Cambridge, no leste de Inglaterra, \u00e9 uma cidade famosa pela sua universidade de renome mundial e pela sua arquitetura medieval. Com os seus majestosos col\u00e9gios, jardins tranquilos e actividades culturais variadas, Cambridge \u00e9 um destino obrigat\u00f3rio para os amantes da hist\u00f3ria, do conhecimento e da beleza natural. Porqu\u00ea visitar [&hellip;]<\/p>\n","protected":false},"author":1,"featured_media":0,"parent":0,"menu_order":0,"comment_status":"closed","ping_status":"closed","template":"","meta":{"footnotes":""},"class_list":["post-4572","page","type-page","status-publish","hentry"],"yoast_head":"<!-- This site is optimized with the Yoast SEO plugin v27.3 - https:\/\/yoast.com\/product\/yoast-seo-wordpress\/ -->\n<title>Visita Cambridge e a sua arquitetura medieval - UK GB<\/title>\n<meta name=\"description\" content=\"Visita a cidade hist\u00f3rica de Cambridge, no Leste de Inglaterra, numas f\u00e9rias no Reino Unido\" \/>\n<meta name=\"robots\" content=\"index, follow, max-snippet:-1, max-image-preview:large, max-video-preview:-1\" \/>\n<link rel=\"canonical\" href=\"https:\/\/uk-gb.net\/pt-pt\/cambridge\/\" \/>\n<meta property=\"og:locale\" content=\"pt_PT\" \/>\n<meta property=\"og:type\" content=\"article\" \/>\n<meta property=\"og:title\" content=\"Visita Cambridge e a sua arquitetura medieval - UK GB\" \/>\n<meta property=\"og:description\" content=\"Visita a cidade hist\u00f3rica de Cambridge, no Leste de Inglaterra, numas f\u00e9rias no Reino Unido\" \/>\n<meta property=\"og:url\" content=\"https:\/\/uk-gb.net\/pt-pt\/cambridge\/\" \/>\n<meta property=\"og:site_name\" content=\"UK GB\" \/>\n<meta property=\"article:modified_time\" content=\"2026-02-06T12:28:32+00:00\" \/>\n<meta property=\"og:image\" content=\"https:\/\/uk-gb.net\/wp-content\/uploads\/2025\/01\/Cambridge.jpg\" \/>\n\t<meta property=\"og:image:width\" content=\"1025\" \/>\n\t<meta property=\"og:image:height\" content=\"476\" \/>\n\t<meta property=\"og:image:type\" content=\"image\/jpeg\" \/>\n<meta name=\"twitter:card\" content=\"summary_large_image\" \/>\n<meta name=\"twitter:label1\" content=\"Tempo estimado de leitura\" \/>\n\t<meta name=\"twitter:data1\" content=\"3 minutos\" \/>\n<script type=\"application\/ld+json\" class=\"yoast-schema-graph\">{\"@context\":\"https:\\\/\\\/schema.org\",\"@graph\":[{\"@type\":\"WebPage\",\"@id\":\"https:\\\/\\\/uk-gb.net\\\/pt-pt\\\/cambridge\\\/\",\"url\":\"https:\\\/\\\/uk-gb.net\\\/pt-pt\\\/cambridge\\\/\",\"name\":\"Visita Cambridge e a sua arquitetura medieval - UK GB\",\"isPartOf\":{\"@id\":\"https:\\\/\\\/uk-gb.net\\\/pt-pt\\\/#website\"},\"primaryImageOfPage\":{\"@id\":\"https:\\\/\\\/uk-gb.net\\\/pt-pt\\\/cambridge\\\/#primaryimage\"},\"image\":{\"@id\":\"https:\\\/\\\/uk-gb.net\\\/pt-pt\\\/cambridge\\\/#primaryimage\"},\"thumbnailUrl\":\"https:\\\/\\\/uk-gb.net\\\/wp-content\\\/uploads\\\/2025\\\/01\\\/Cambridge.jpg\",\"datePublished\":\"2025-01-15T13:03:38+00:00\",\"dateModified\":\"2026-02-06T12:28:32+00:00\",\"description\":\"Visita a cidade hist\u00f3rica de Cambridge, no Leste de Inglaterra, numas f\u00e9rias no Reino Unido\",\"inLanguage\":\"pt-PT\",\"potentialAction\":[{\"@type\":\"ReadAction\",\"target\":[\"https:\\\/\\\/uk-gb.net\\\/pt-pt\\\/cambridge\\\/\"]}]},{\"@type\":\"ImageObject\",\"inLanguage\":\"pt-PT\",\"@id\":\"https:\\\/\\\/uk-gb.net\\\/pt-pt\\\/cambridge\\\/#primaryimage\",\"url\":\"https:\\\/\\\/uk-gb.net\\\/wp-content\\\/uploads\\\/2025\\\/01\\\/Cambridge.jpg\",\"contentUrl\":\"https:\\\/\\\/uk-gb.net\\\/wp-content\\\/uploads\\\/2025\\\/01\\\/Cambridge.jpg\"},{\"@type\":\"WebSite\",\"@id\":\"https:\\\/\\\/uk-gb.net\\\/pt-pt\\\/#website\",\"url\":\"https:\\\/\\\/uk-gb.net\\\/pt-pt\\\/\",\"name\":\"UK GB\",\"description\":\"Travel to the UK\",\"potentialAction\":[{\"@type\":\"SearchAction\",\"target\":{\"@type\":\"EntryPoint\",\"urlTemplate\":\"https:\\\/\\\/uk-gb.net\\\/pt-pt\\\/?s={search_term_string}\"},\"query-input\":{\"@type\":\"PropertyValueSpecification\",\"valueRequired\":true,\"valueName\":\"search_term_string\"}}],\"inLanguage\":\"pt-PT\"}]}<\/script>\n<!-- \/ Yoast SEO plugin. -->","yoast_head_json":{"title":"Visita Cambridge e a sua arquitetura medieval - UK GB","description":"Visita a cidade hist\u00f3rica de Cambridge, no Leste de Inglaterra, numas f\u00e9rias no Reino Unido","robots":{"index":"index","follow":"follow","max-snippet":"max-snippet:-1","max-image-preview":"max-image-preview:large","max-video-preview":"max-video-preview:-1"},"canonical":"https:\/\/uk-gb.net\/pt-pt\/cambridge\/","og_locale":"pt_PT","og_type":"article","og_title":"Visita Cambridge e a sua arquitetura medieval - UK GB","og_description":"Visita a cidade hist\u00f3rica de Cambridge, no Leste de Inglaterra, numas f\u00e9rias no Reino Unido","og_url":"https:\/\/uk-gb.net\/pt-pt\/cambridge\/","og_site_name":"UK GB","article_modified_time":"2026-02-06T12:28:32+00:00","og_image":[{"width":1025,"height":476,"url":"https:\/\/uk-gb.net\/wp-content\/uploads\/2025\/01\/Cambridge.jpg","type":"image\/jpeg"}],"twitter_card":"summary_large_image","twitter_misc":{"Tempo estimado de leitura":"3 minutos"},"schema":{"@context":"https:\/\/schema.org","@graph":[{"@type":"WebPage","@id":"https:\/\/uk-gb.net\/pt-pt\/cambridge\/","url":"https:\/\/uk-gb.net\/pt-pt\/cambridge\/","name":"Visita Cambridge e a sua arquitetura medieval - UK GB","isPartOf":{"@id":"https:\/\/uk-gb.net\/pt-pt\/#website"},"primaryImageOfPage":{"@id":"https:\/\/uk-gb.net\/pt-pt\/cambridge\/#primaryimage"},"image":{"@id":"https:\/\/uk-gb.net\/pt-pt\/cambridge\/#primaryimage"},"thumbnailUrl":"https:\/\/uk-gb.net\/wp-content\/uploads\/2025\/01\/Cambridge.jpg","datePublished":"2025-01-15T13:03:38+00:00","dateModified":"2026-02-06T12:28:32+00:00","description":"Visita a cidade hist\u00f3rica de Cambridge, no Leste de Inglaterra, numas f\u00e9rias no Reino Unido","inLanguage":"pt-PT","potentialAction":[{"@type":"ReadAction","target":["https:\/\/uk-gb.net\/pt-pt\/cambridge\/"]}]},{"@type":"ImageObject","inLanguage":"pt-PT","@id":"https:\/\/uk-gb.net\/pt-pt\/cambridge\/#primaryimage","url":"https:\/\/uk-gb.net\/wp-content\/uploads\/2025\/01\/Cambridge.jpg","contentUrl":"https:\/\/uk-gb.net\/wp-content\/uploads\/2025\/01\/Cambridge.jpg"},{"@type":"WebSite","@id":"https:\/\/uk-gb.net\/pt-pt\/#website","url":"https:\/\/uk-gb.net\/pt-pt\/","name":"UK GB","description":"Travel to the UK","potentialAction":[{"@type":"SearchAction","target":{"@type":"EntryPoint","urlTemplate":"https:\/\/uk-gb.net\/pt-pt\/?s={search_term_string}"},"query-input":{"@type":"PropertyValueSpecification","valueRequired":true,"valueName":"search_term_string"}}],"inLanguage":"pt-PT"}]}},"_links":{"self":[{"href":"https:\/\/uk-gb.net\/pt-pt\/wp-json\/wp\/v2\/pages\/4572","targetHints":{"allow":["GET"]}}],"collection":[{"href":"https:\/\/uk-gb.net\/pt-pt\/wp-json\/wp\/v2\/pages"}],"about":[{"href":"https:\/\/uk-gb.net\/pt-pt\/wp-json\/wp\/v2\/types\/page"}],"author":[{"embeddable":true,"href":"https:\/\/uk-gb.net\/pt-pt\/wp-json\/wp\/v2\/users\/1"}],"replies":[{"embeddable":true,"href":"https:\/\/uk-gb.net\/pt-pt\/wp-json\/wp\/v2\/comments?post=4572"}],"version-history":[{"count":0,"href":"https:\/\/uk-gb.net\/pt-pt\/wp-json\/wp\/v2\/pages\/4572\/revisions"}],"wp:attachment":[{"href":"https:\/\/uk-gb.net\/pt-pt\/wp-json\/wp\/v2\/media?parent=4572"}],"curies":[{"name":"wp","href":"https:\/\/api.w.org\/{rel}","templated":true}]}}