{"id":4161,"date":"2025-01-11T14:38:52","date_gmt":"2025-01-11T14:38:52","guid":{"rendered":"https:\/\/uk-gb.net\/liverpool\/"},"modified":"2025-06-12T09:26:41","modified_gmt":"2025-06-12T08:26:41","slug":"liverpool","status":"publish","type":"page","link":"https:\/\/uk-gb.net\/pt-pt\/liverpool\/","title":{"rendered":"Guia da cidade de Liverpool"},"content":{"rendered":"\n<h1 class=\"wp-block-heading\">Visita Liverpool no Noroeste de Inglaterra<\/h1>\n\n<p>Liverpool \u00e9 uma cidade portu\u00e1ria no noroeste de Inglaterra. Liverpool \u00e9 um importante destino cultural, conhecido em todo o mundo como o local de nascimento dos Beatles. Repleta de hist\u00f3ria, orgulhosa da sua identidade mar\u00edtima e apaixonada por arte, m\u00fasica e futebol, Liverpool \u00e9 uma cidade animada, simp\u00e1tica e excitante para explorar.  <\/p>\n\n<figure class=\"wp-block-image size-large\"><img fetchpriority=\"high\" decoding=\"async\" width=\"1024\" height=\"386\" src=\"https:\/\/uk-gb.net\/wp-content\/uploads\/2025\/01\/Liverpool-1024x386.jpg\" alt=\"\" class=\"wp-image-4137\" srcset=\"https:\/\/uk-gb.net\/wp-content\/uploads\/2025\/01\/Liverpool-1024x386.jpg 1024w, https:\/\/uk-gb.net\/wp-content\/uploads\/2025\/01\/Liverpool-300x113.jpg 300w, https:\/\/uk-gb.net\/wp-content\/uploads\/2025\/01\/Liverpool-768x289.jpg 768w, https:\/\/uk-gb.net\/wp-content\/uploads\/2025\/01\/Liverpool-1536x578.jpg 1536w, https:\/\/uk-gb.net\/wp-content\/uploads\/2025\/01\/Liverpool.jpg 2013w\" sizes=\"(max-width: 1024px) 100vw, 1024px\" \/><figcaption class=\"wp-element-caption\">Catedral de Liverpool<\/figcaption><\/figure>\n\n<div style=\"height:10px\" aria-hidden=\"true\" class=\"wp-block-spacer\"><\/div>\n\n<h2 class=\"wp-block-heading\">Porqu\u00ea visitar Liverpool?<\/h2>\n\n<p>Liverpool \u00e9 uma cidade com uma atmosfera \u00fanica. O seu passado mar\u00edtimo, vis\u00edvel nas suas docas reabilitadas, a sua riqueza cultural, com os seus muitos museus, e a atmosfera musical que permeia as suas ruas, contribuem para o seu atrativo. Desde galerias de arte e est\u00e1dios lend\u00e1rios a cruzeiros no Mersey, Liverpool oferece uma experi\u00eancia urbana que \u00e9 simultaneamente din\u00e2mica e profundamente enraizada na hist\u00f3ria brit\u00e2nica.  <\/p>\n\n<div style=\"height:10px\" aria-hidden=\"true\" class=\"wp-block-spacer\"><\/div>\n\n<h2 class=\"wp-block-heading\">O que tens de ter<\/h2>\n\n<ul class=\"wp-block-list\">\n<li><a href=\"https:\/\/www.beatlesstory.com\/\">The Beatles Story<\/a>: Um museu interativo que tra\u00e7a a hist\u00f3ria da lend\u00e1ria banda.<\/li>\n\n\n\n<li><a href=\"https:\/\/albertdock.com\/\">Royal Albert Dock<\/a>: Um antigo porto transformado numa zona cultural com museus, lojas e restaurantes.<\/li>\n\n\n\n<li><a href=\"https:\/\/liverpoolcathedral.org.uk\/\">Catedral de Liverpool<\/a>: Uma das maiores catedrais do mundo, com uma arquitetura impressionante.<\/li>\n\n\n\n<li><a href=\"https:\/\/www.tate.org.uk\/visit\/tate-liverpool\">Tate Liverpool<\/a>: Uma filial do museu de arte contempor\u00e2nea situada nas docas.<\/li>\n\n\n\n<li><a href=\"https:\/\/www.liverpoolfc.com\/info\/anfield\">Est\u00e1dio de Anfield<\/a>: o lend\u00e1rio est\u00e1dio do Liverpool FC, um local de peregrina\u00e7\u00e3o para os adeptos de futebol.<\/li>\n\n\n\n<li><a href=\"https:\/\/liverbuildingtour.com\/\">Royal Liver Building<\/a>: Uma obra-prima da arquitetura eduardiana e um s\u00edmbolo da cidade.<\/li>\n<\/ul>\n\n<div style=\"height:10px\" aria-hidden=\"true\" class=\"wp-block-spacer\"><\/div>\n\n<h2 class=\"wp-block-heading\">Bairros a explorar<\/h2>\n\n<ul class=\"wp-block-list\">\n<li><strong>O Bairro Georgiano<\/strong>: Um bairro hist\u00f3rico com ruas elegantes e belos edif\u00edcios antigos.<\/li>\n\n\n\n<li><strong>Tri\u00e2ngulo B\u00e1ltico<\/strong>: Uma zona moderna e em r\u00e1pida mudan\u00e7a, popular pela sua arte de rua, bares e eventos culturais.<\/li>\n\n\n\n<li><strong>Ropewalks<\/strong>: Uma zona animada com caf\u00e9s, restaurantes e discotecas independentes.<\/li>\n\n\n\n<li><strong><strong>\u00c0 beira-mar<\/strong><\/strong> Ao longo do Mersey, um espa\u00e7o aberto que combina hist\u00f3ria e modernidade.<\/li>\n<\/ul>\n\n<div style=\"height:10px\" aria-hidden=\"true\" class=\"wp-block-spacer\"><\/div>\n\n<h2 class=\"wp-block-heading\">Conselhos pr\u00e1ticos<\/h2>\n\n<figure class=\"wp-block-table is-style-regular\"><table><tbody><tr><td><strong>Transporte<\/strong><\/td><td>A cidade \u00e9 bem servida por comboios e autocarros, e o centro \u00e9 facilmente acess\u00edvel a p\u00e9.<\/td><\/tr><tr><td><strong>Alojamento<\/strong><\/td><td>Hot\u00e9is para todos os or\u00e7amentos, especialmente perto das docas ou do centro hist\u00f3rico.<\/td><\/tr><tr><td><strong>Moeda<\/strong><\/td><td>Libra esterlina (\u00a3). Os pagamentos sem contacto s\u00e3o amplamente aceites. <\/td><\/tr><tr><td><strong>L\u00edngua<\/strong><\/td><td>Ingl\u00eas, com um sotaque local pronunciado e altamente identific\u00e1vel.<\/td><\/tr><tr><td><strong>Formalidades<\/strong><\/td><td>Tens de obter uma <a href=\"https:\/\/uk-gb.net\/pt-pt\/eta-inglaterra-reino-unido\/\">ETA do Reino Unido<\/a> ou um <a href=\"https:\/\/uk-gb.net\/pt-pt\/visto-para-liverpool\/\">visto para Liverpool<\/a><\/td><\/tr><tr><td><strong>Tempo<\/strong><\/td><td>Clima oce\u00e2nico, muitas vezes vari\u00e1vel; traz um mackintosh.<\/td><\/tr><\/tbody><\/table><\/figure>\n\n<div style=\"height:10px\" aria-hidden=\"true\" class=\"wp-block-spacer\"><\/div>\n\n<h2 class=\"wp-block-heading\">Onde vais comer?<\/h2>\n\n<ul class=\"wp-block-list\">\n<li><a href=\"https:\/\/www.mowglistreetfood.com\/restaurants\/liverpool-water-street\/\">Mowgli Street Food<\/a>: Oferece uma experi\u00eancia culin\u00e1ria indiana moderna e deliciosa.<\/li>\n\n\n\n<li><a href=\"https:\/\/www.panoramic34.com\/\">Panoramic 34<\/a>: Restaurante panor\u00e2mico com vista para a cidade e para o Mersey.<\/li>\n\n\n\n<li><a href=\"https:\/\/www.cavernclub.com\/\">The Cavern Club<\/a>: Para uma bebida num local de m\u00fasica lend\u00e1rio.<\/li>\n\n\n\n<li><a href=\"https:\/\/theartschoolrestaurant.co.uk\/\">The Art School<\/a>: gastronomia requintada num ambiente chique e \u00edntimo.<\/li>\n\n\n\n<li><a href=\"https:\/\/lunya.co.uk\/liverpool\/\">Lunya<\/a>: Tapas e produtos catal\u00e3es num ambiente acolhedor.<\/li>\n<\/ul>\n\n<div style=\"height:10px\" aria-hidden=\"true\" class=\"wp-block-spacer\"><\/div>\n\n<h2 class=\"wp-block-heading\">Quando ir?<\/h2>\n\n<p>Liverpool \u00e9 um \u00f3timo local para visitar entre a primavera e o outono. O ver\u00e3o \u00e9 perfeito para festivais e passeios ao longo do Mersey. A primavera oferece um clima ameno, ideal para visitas culturais, enquanto o outono faz as del\u00edcias dos amantes de museus e de ambientes acolhedores. No inverno, os mercados de Natal e as decora\u00e7\u00f5es festivas d\u00e3o um toque m\u00e1gico.   <\/p>\n\n<div style=\"height:10px\" aria-hidden=\"true\" class=\"wp-block-spacer\"><\/div>\n\n<h2 class=\"wp-block-heading\">Quais s\u00e3o as formalidades para visitar Liverpool?<\/h2>\n\n<p>Tal como acontece com qualquer entrada no Reino Unido, as formalidades para visitar Liverpool dependem da tua nacionalidade. Os nacionais da Uni\u00e3o Europeia, dos Estados Unidos, do Canad\u00e1 e de muitos outros pa\u00edses devem agora obter <a href=\"https:\/\/uk-gb.net\/pt-pt\/eta-inglaterra-reino-unido\/\">uma autoriza\u00e7\u00e3o ETA<\/a> se n\u00e3o tiverem um visto. <\/p>\n\n<p>Esta medida aplica-se a estadias tur\u00edsticas de menos de seis meses. O <a href=\"https:\/\/uk-gb.net\/pt-pt\/formulario-visto-eta-online-inglaterra\/\">formul\u00e1rio ETA pode ser preenchido em linha<\/a> ou atrav\u00e9s de uma <a href=\"https:\/\/uk-gb.net\/pt-pt\/aplicativo-iphone-visto-eta-inglaterra\/\">aplica\u00e7\u00e3o digital ETA do Reino Unido<\/a>. Esta medida n\u00e3o se aplica a cidad\u00e3os irlandeses ou residentes no Reino Unido. Certifica-te de que verificas as condi\u00e7\u00f5es antes de partires para evitares surpresas desagrad\u00e1veis.   <\/p>\n\n<p>Para mais conselhos ou recomenda\u00e7\u00f5es personalizadas, n\u00e3o hesites em consultar os nossos outros guias sobre as principais cidades inglesas. Os nossos guias cobrem <a href=\"https:\/\/uk-gb.net\/pt-pt\/londres\/\">Londres<\/a>, <a href=\"https:\/\/uk-gb.net\/pt-pt\/oxford\/\">Oxford<\/a> e <a href=\"https:\/\/uk-gb.net\/pt-pt\/manchester\/\">Manchester<\/a>. <\/p>\n","protected":false},"excerpt":{"rendered":"<p>Visita Liverpool no Noroeste de Inglaterra Liverpool \u00e9 uma cidade portu\u00e1ria no noroeste de Inglaterra. Liverpool \u00e9 um importante destino cultural, conhecido em todo o mundo como o local de nascimento dos Beatles. Repleta de hist\u00f3ria, orgulhosa da sua identidade mar\u00edtima e apaixonada por arte, m\u00fasica e futebol, Liverpool \u00e9 uma cidade animada, simp\u00e1tica e [&hellip;]<\/p>\n","protected":false},"author":1,"featured_media":0,"parent":0,"menu_order":0,"comment_status":"closed","ping_status":"closed","template":"","meta":{"footnotes":""},"class_list":["post-4161","page","type-page","status-publish","hentry"],"yoast_head":"<!-- This site is optimized with the Yoast SEO plugin v27.3 - https:\/\/yoast.com\/product\/yoast-seo-wordpress\/ -->\n<title>Guia da cidade de Liverpool - UK GB<\/title>\n<meta name=\"description\" content=\"Descobre a m\u00e1gica cidade inglesa de Liverpool. Todos os melhores lugares listados para uma \u00f3ptima estadia em Liverpool.\" \/>\n<meta name=\"robots\" content=\"index, follow, max-snippet:-1, max-image-preview:large, max-video-preview:-1\" \/>\n<link rel=\"canonical\" href=\"https:\/\/uk-gb.net\/pt-pt\/liverpool\/\" \/>\n<meta property=\"og:locale\" content=\"pt_PT\" \/>\n<meta property=\"og:type\" content=\"article\" \/>\n<meta property=\"og:title\" content=\"Guia da cidade de Liverpool - UK GB\" \/>\n<meta property=\"og:description\" content=\"Descobre a m\u00e1gica cidade inglesa de Liverpool. Todos os melhores lugares listados para uma \u00f3ptima estadia em Liverpool.\" \/>\n<meta property=\"og:url\" content=\"https:\/\/uk-gb.net\/pt-pt\/liverpool\/\" \/>\n<meta property=\"og:site_name\" content=\"UK GB\" \/>\n<meta property=\"article:modified_time\" content=\"2025-06-12T08:26:41+00:00\" \/>\n<meta property=\"og:image\" content=\"https:\/\/uk-gb.net\/wp-content\/uploads\/2025\/01\/Liverpool.jpg\" \/>\n\t<meta property=\"og:image:width\" content=\"2013\" \/>\n\t<meta property=\"og:image:height\" content=\"758\" \/>\n\t<meta property=\"og:image:type\" content=\"image\/jpeg\" \/>\n<meta name=\"twitter:card\" content=\"summary_large_image\" \/>\n<meta name=\"twitter:label1\" content=\"Tempo estimado de leitura\" \/>\n\t<meta name=\"twitter:data1\" content=\"3 minutos\" \/>\n<script type=\"application\/ld+json\" class=\"yoast-schema-graph\">{\"@context\":\"https:\\\/\\\/schema.org\",\"@graph\":[{\"@type\":\"WebPage\",\"@id\":\"https:\\\/\\\/uk-gb.net\\\/pt-pt\\\/liverpool\\\/\",\"url\":\"https:\\\/\\\/uk-gb.net\\\/pt-pt\\\/liverpool\\\/\",\"name\":\"Guia da cidade de Liverpool - UK GB\",\"isPartOf\":{\"@id\":\"https:\\\/\\\/uk-gb.net\\\/pt-pt\\\/#website\"},\"primaryImageOfPage\":{\"@id\":\"https:\\\/\\\/uk-gb.net\\\/pt-pt\\\/liverpool\\\/#primaryimage\"},\"image\":{\"@id\":\"https:\\\/\\\/uk-gb.net\\\/pt-pt\\\/liverpool\\\/#primaryimage\"},\"thumbnailUrl\":\"https:\\\/\\\/uk-gb.net\\\/wp-content\\\/uploads\\\/2025\\\/01\\\/Liverpool-1024x386.jpg\",\"datePublished\":\"2025-01-11T14:38:52+00:00\",\"dateModified\":\"2025-06-12T08:26:41+00:00\",\"description\":\"Descobre a m\u00e1gica cidade inglesa de Liverpool. Todos os melhores lugares listados para uma \u00f3ptima estadia em Liverpool.\",\"inLanguage\":\"pt-PT\",\"potentialAction\":[{\"@type\":\"ReadAction\",\"target\":[\"https:\\\/\\\/uk-gb.net\\\/pt-pt\\\/liverpool\\\/\"]}]},{\"@type\":\"ImageObject\",\"inLanguage\":\"pt-PT\",\"@id\":\"https:\\\/\\\/uk-gb.net\\\/pt-pt\\\/liverpool\\\/#primaryimage\",\"url\":\"https:\\\/\\\/uk-gb.net\\\/wp-content\\\/uploads\\\/2025\\\/01\\\/Liverpool-1024x386.jpg\",\"contentUrl\":\"https:\\\/\\\/uk-gb.net\\\/wp-content\\\/uploads\\\/2025\\\/01\\\/Liverpool-1024x386.jpg\"},{\"@type\":\"WebSite\",\"@id\":\"https:\\\/\\\/uk-gb.net\\\/pt-pt\\\/#website\",\"url\":\"https:\\\/\\\/uk-gb.net\\\/pt-pt\\\/\",\"name\":\"UK GB\",\"description\":\"Travel to the UK\",\"potentialAction\":[{\"@type\":\"SearchAction\",\"target\":{\"@type\":\"EntryPoint\",\"urlTemplate\":\"https:\\\/\\\/uk-gb.net\\\/pt-pt\\\/?s={search_term_string}\"},\"query-input\":{\"@type\":\"PropertyValueSpecification\",\"valueRequired\":true,\"valueName\":\"search_term_string\"}}],\"inLanguage\":\"pt-PT\"}]}<\/script>\n<!-- \/ Yoast SEO plugin. -->","yoast_head_json":{"title":"Guia da cidade de Liverpool - UK GB","description":"Descobre a m\u00e1gica cidade inglesa de Liverpool. Todos os melhores lugares listados para uma \u00f3ptima estadia em Liverpool.","robots":{"index":"index","follow":"follow","max-snippet":"max-snippet:-1","max-image-preview":"max-image-preview:large","max-video-preview":"max-video-preview:-1"},"canonical":"https:\/\/uk-gb.net\/pt-pt\/liverpool\/","og_locale":"pt_PT","og_type":"article","og_title":"Guia da cidade de Liverpool - UK GB","og_description":"Descobre a m\u00e1gica cidade inglesa de Liverpool. Todos os melhores lugares listados para uma \u00f3ptima estadia em Liverpool.","og_url":"https:\/\/uk-gb.net\/pt-pt\/liverpool\/","og_site_name":"UK GB","article_modified_time":"2025-06-12T08:26:41+00:00","og_image":[{"width":2013,"height":758,"url":"https:\/\/uk-gb.net\/wp-content\/uploads\/2025\/01\/Liverpool.jpg","type":"image\/jpeg"}],"twitter_card":"summary_large_image","twitter_misc":{"Tempo estimado de leitura":"3 minutos"},"schema":{"@context":"https:\/\/schema.org","@graph":[{"@type":"WebPage","@id":"https:\/\/uk-gb.net\/pt-pt\/liverpool\/","url":"https:\/\/uk-gb.net\/pt-pt\/liverpool\/","name":"Guia da cidade de Liverpool - UK GB","isPartOf":{"@id":"https:\/\/uk-gb.net\/pt-pt\/#website"},"primaryImageOfPage":{"@id":"https:\/\/uk-gb.net\/pt-pt\/liverpool\/#primaryimage"},"image":{"@id":"https:\/\/uk-gb.net\/pt-pt\/liverpool\/#primaryimage"},"thumbnailUrl":"https:\/\/uk-gb.net\/wp-content\/uploads\/2025\/01\/Liverpool-1024x386.jpg","datePublished":"2025-01-11T14:38:52+00:00","dateModified":"2025-06-12T08:26:41+00:00","description":"Descobre a m\u00e1gica cidade inglesa de Liverpool. Todos os melhores lugares listados para uma \u00f3ptima estadia em Liverpool.","inLanguage":"pt-PT","potentialAction":[{"@type":"ReadAction","target":["https:\/\/uk-gb.net\/pt-pt\/liverpool\/"]}]},{"@type":"ImageObject","inLanguage":"pt-PT","@id":"https:\/\/uk-gb.net\/pt-pt\/liverpool\/#primaryimage","url":"https:\/\/uk-gb.net\/wp-content\/uploads\/2025\/01\/Liverpool-1024x386.jpg","contentUrl":"https:\/\/uk-gb.net\/wp-content\/uploads\/2025\/01\/Liverpool-1024x386.jpg"},{"@type":"WebSite","@id":"https:\/\/uk-gb.net\/pt-pt\/#website","url":"https:\/\/uk-gb.net\/pt-pt\/","name":"UK GB","description":"Travel to the UK","potentialAction":[{"@type":"SearchAction","target":{"@type":"EntryPoint","urlTemplate":"https:\/\/uk-gb.net\/pt-pt\/?s={search_term_string}"},"query-input":{"@type":"PropertyValueSpecification","valueRequired":true,"valueName":"search_term_string"}}],"inLanguage":"pt-PT"}]}},"_links":{"self":[{"href":"https:\/\/uk-gb.net\/pt-pt\/wp-json\/wp\/v2\/pages\/4161","targetHints":{"allow":["GET"]}}],"collection":[{"href":"https:\/\/uk-gb.net\/pt-pt\/wp-json\/wp\/v2\/pages"}],"about":[{"href":"https:\/\/uk-gb.net\/pt-pt\/wp-json\/wp\/v2\/types\/page"}],"author":[{"embeddable":true,"href":"https:\/\/uk-gb.net\/pt-pt\/wp-json\/wp\/v2\/users\/1"}],"replies":[{"embeddable":true,"href":"https:\/\/uk-gb.net\/pt-pt\/wp-json\/wp\/v2\/comments?post=4161"}],"version-history":[{"count":0,"href":"https:\/\/uk-gb.net\/pt-pt\/wp-json\/wp\/v2\/pages\/4161\/revisions"}],"wp:attachment":[{"href":"https:\/\/uk-gb.net\/pt-pt\/wp-json\/wp\/v2\/media?parent=4161"}],"curies":[{"name":"wp","href":"https:\/\/api.w.org\/{rel}","templated":true}]}}