{"id":413,"date":"2023-11-13T17:36:02","date_gmt":"2023-11-13T17:36:02","guid":{"rendered":"https:\/\/uk-gb.net\/aviso-legal\/"},"modified":"2025-07-17T15:18:18","modified_gmt":"2025-07-17T14:18:18","slug":"aviso-legal","status":"publish","type":"page","link":"https:\/\/uk-gb.net\/pt-pt\/aviso-legal\/","title":{"rendered":"Informa\u00e7\u00e3o jur\u00eddica"},"content":{"rendered":"\n<h1 class=\"wp-block-heading\">Legal<\/h1>\n\n<p>Publicamos um s\u00edtio Web de informa\u00e7\u00e3o sobre estadias tur\u00edsticas no Reino Unido. O s\u00edtio Web e a empresa operadora s\u00e3o independentes de qualquer administra\u00e7\u00e3o p\u00fablica. N\u00e3o t\u00eam qualquer liga\u00e7\u00e3o com a administra\u00e7\u00e3o brit\u00e2nica.  <\/p>\n\n<h2 class=\"wp-block-heading\">Editor do s\u00edtio Web<\/h2>\n\n<p>O s\u00edtio \u00e9 publicado por uma empresa de consultoria registada em Malta, na Comunidade Europeia. O nosso diretor de publica\u00e7\u00e3o \u00e9 Manuel Borg.  Para nos contactar, utilize o <a href=\"https:\/\/uk-gb.net\/pt-pt\/contact\/\">formul\u00e1rio de contacto<\/a>.<\/p>\n\n<p>Somos um s\u00edtio Web privado dedicado a fornecer informa\u00e7\u00f5es.\nO s\u00edtio Web n\u00e3o oferece quaisquer servi\u00e7os comerciais em linha. <\/p>\n\n<p>O site cont\u00e9m hiperliga\u00e7\u00f5es publicit\u00e1rias que podem encaminhar os utilizadores para sites externos de terceiros: n\u00e3o somos respons\u00e1veis pelas suas pol\u00edticas de confidencialidade ou pelas suas pr\u00e1ticas comerciais.<\/p>\n\n<h2 class=\"wp-block-heading\">Processamento de dados pessoais<\/h2>\n\n<p>N\u00e3o recolhemos quaisquer dados pessoais atrav\u00e9s de formul\u00e1rios em linha.\nO \u00fanico formul\u00e1rio no nosso site \u00e9 um simples formul\u00e1rio de contacto.\nAs informa\u00e7\u00f5es introduzidas para nos contactar s\u00e3o regularmente apagadas.\nOs visitantes t\u00eam o direito de aceder, alterar, retificar e apagar estes dados.    Para exercer este direito, contacte-nos atrav\u00e9s do <a href=\"https:\/\/uk-gb.net\/pt-pt\/contact\/\">formul\u00e1rio de contacto<\/a>.<\/p>\n","protected":false},"excerpt":{"rendered":"<p>Legal Publicamos um s\u00edtio Web de informa\u00e7\u00e3o sobre estadias tur\u00edsticas no Reino Unido. O s\u00edtio Web e a empresa operadora s\u00e3o independentes de qualquer administra\u00e7\u00e3o p\u00fablica. N\u00e3o t\u00eam qualquer liga\u00e7\u00e3o com a administra\u00e7\u00e3o brit\u00e2nica. Editor do s\u00edtio Web O s\u00edtio \u00e9 publicado por uma empresa de consultoria registada em Malta, na Comunidade Europeia. O nosso [&hellip;]<\/p>\n","protected":false},"author":1,"featured_media":0,"parent":0,"menu_order":0,"comment_status":"closed","ping_status":"closed","template":"","meta":{"footnotes":""},"class_list":["post-413","page","type-page","status-publish","hentry"],"yoast_head":"<!-- This site is optimized with the Yoast SEO plugin v27.3 - https:\/\/yoast.com\/product\/yoast-seo-wordpress\/ -->\n<title>Informa\u00e7\u00e3o jur\u00eddica - UK GB<\/title>\n<meta name=\"description\" content=\"Aviso legal para o s\u00edtio web uk-gb.net\" \/>\n<meta name=\"robots\" content=\"noindex, nofollow\" \/>\n<meta property=\"og:locale\" content=\"pt_PT\" \/>\n<meta property=\"og:type\" content=\"article\" \/>\n<meta property=\"og:title\" content=\"Informa\u00e7\u00e3o jur\u00eddica - UK GB\" \/>\n<meta property=\"og:description\" content=\"Aviso legal para o s\u00edtio web uk-gb.net\" \/>\n<meta property=\"og:url\" content=\"https:\/\/uk-gb.net\/pt-pt\/aviso-legal\/\" \/>\n<meta property=\"og:site_name\" content=\"UK GB\" \/>\n<meta property=\"article:modified_time\" content=\"2025-07-17T14:18:18+00:00\" \/>\n<meta name=\"twitter:card\" content=\"summary_large_image\" \/>\n<meta name=\"twitter:label1\" content=\"Tempo estimado de leitura\" \/>\n\t<meta name=\"twitter:data1\" content=\"1 minuto\" \/>\n<script type=\"application\/ld+json\" class=\"yoast-schema-graph\">{\"@context\":\"https:\\\/\\\/schema.org\",\"@graph\":[{\"@type\":\"WebPage\",\"@id\":\"https:\\\/\\\/uk-gb.net\\\/pt-pt\\\/aviso-legal\\\/\",\"url\":\"https:\\\/\\\/uk-gb.net\\\/pt-pt\\\/aviso-legal\\\/\",\"name\":\"Informa\u00e7\u00e3o jur\u00eddica - UK GB\",\"isPartOf\":{\"@id\":\"https:\\\/\\\/uk-gb.net\\\/pt-pt\\\/#website\"},\"datePublished\":\"2023-11-13T17:36:02+00:00\",\"dateModified\":\"2025-07-17T14:18:18+00:00\",\"description\":\"Aviso legal para o s\u00edtio web uk-gb.net\",\"inLanguage\":\"pt-PT\",\"potentialAction\":[{\"@type\":\"ReadAction\",\"target\":[\"https:\\\/\\\/uk-gb.net\\\/pt-pt\\\/aviso-legal\\\/\"]}]},{\"@type\":\"WebSite\",\"@id\":\"https:\\\/\\\/uk-gb.net\\\/pt-pt\\\/#website\",\"url\":\"https:\\\/\\\/uk-gb.net\\\/pt-pt\\\/\",\"name\":\"UK GB\",\"description\":\"Travel to the UK\",\"potentialAction\":[{\"@type\":\"SearchAction\",\"target\":{\"@type\":\"EntryPoint\",\"urlTemplate\":\"https:\\\/\\\/uk-gb.net\\\/pt-pt\\\/?s={search_term_string}\"},\"query-input\":{\"@type\":\"PropertyValueSpecification\",\"valueRequired\":true,\"valueName\":\"search_term_string\"}}],\"inLanguage\":\"pt-PT\"}]}<\/script>\n<!-- \/ Yoast SEO plugin. -->","yoast_head_json":{"title":"Informa\u00e7\u00e3o jur\u00eddica - UK GB","description":"Aviso legal para o s\u00edtio web uk-gb.net","robots":{"index":"noindex","follow":"nofollow"},"og_locale":"pt_PT","og_type":"article","og_title":"Informa\u00e7\u00e3o jur\u00eddica - UK GB","og_description":"Aviso legal para o s\u00edtio web uk-gb.net","og_url":"https:\/\/uk-gb.net\/pt-pt\/aviso-legal\/","og_site_name":"UK GB","article_modified_time":"2025-07-17T14:18:18+00:00","twitter_card":"summary_large_image","twitter_misc":{"Tempo estimado de leitura":"1 minuto"},"schema":{"@context":"https:\/\/schema.org","@graph":[{"@type":"WebPage","@id":"https:\/\/uk-gb.net\/pt-pt\/aviso-legal\/","url":"https:\/\/uk-gb.net\/pt-pt\/aviso-legal\/","name":"Informa\u00e7\u00e3o jur\u00eddica - UK GB","isPartOf":{"@id":"https:\/\/uk-gb.net\/pt-pt\/#website"},"datePublished":"2023-11-13T17:36:02+00:00","dateModified":"2025-07-17T14:18:18+00:00","description":"Aviso legal para o s\u00edtio web uk-gb.net","inLanguage":"pt-PT","potentialAction":[{"@type":"ReadAction","target":["https:\/\/uk-gb.net\/pt-pt\/aviso-legal\/"]}]},{"@type":"WebSite","@id":"https:\/\/uk-gb.net\/pt-pt\/#website","url":"https:\/\/uk-gb.net\/pt-pt\/","name":"UK GB","description":"Travel to the UK","potentialAction":[{"@type":"SearchAction","target":{"@type":"EntryPoint","urlTemplate":"https:\/\/uk-gb.net\/pt-pt\/?s={search_term_string}"},"query-input":{"@type":"PropertyValueSpecification","valueRequired":true,"valueName":"search_term_string"}}],"inLanguage":"pt-PT"}]}},"_links":{"self":[{"href":"https:\/\/uk-gb.net\/pt-pt\/wp-json\/wp\/v2\/pages\/413","targetHints":{"allow":["GET"]}}],"collection":[{"href":"https:\/\/uk-gb.net\/pt-pt\/wp-json\/wp\/v2\/pages"}],"about":[{"href":"https:\/\/uk-gb.net\/pt-pt\/wp-json\/wp\/v2\/types\/page"}],"author":[{"embeddable":true,"href":"https:\/\/uk-gb.net\/pt-pt\/wp-json\/wp\/v2\/users\/1"}],"replies":[{"embeddable":true,"href":"https:\/\/uk-gb.net\/pt-pt\/wp-json\/wp\/v2\/comments?post=413"}],"version-history":[{"count":0,"href":"https:\/\/uk-gb.net\/pt-pt\/wp-json\/wp\/v2\/pages\/413\/revisions"}],"wp:attachment":[{"href":"https:\/\/uk-gb.net\/pt-pt\/wp-json\/wp\/v2\/media?parent=413"}],"curies":[{"name":"wp","href":"https:\/\/api.w.org\/{rel}","templated":true}]}}