{"id":4092,"date":"2025-01-11T11:44:15","date_gmt":"2025-01-11T11:44:15","guid":{"rendered":"https:\/\/uk-gb.net\/manchester\/"},"modified":"2025-11-04T10:47:21","modified_gmt":"2025-11-04T10:47:21","slug":"manchester","status":"publish","type":"page","link":"https:\/\/uk-gb.net\/pt-pt\/manchester\/","title":{"rendered":"Visita Manchester"},"content":{"rendered":"\n<h1 class=\"wp-block-heading\">Visita a cidade de Manchester, no norte de Inglaterra<\/h1>\n\n<p>Manchester, uma antiga cidade industrial transformada num importante centro cultural, \u00e9 atualmente uma das cidades mais din\u00e2micas de Inglaterra. Conhecida pela sua heran\u00e7a oper\u00e1ria, pelo seu amor pelo futebol, pela sua lend\u00e1ria cena musical e pela sua energia criativa, a cidade atrai viajantes em busca de autenticidade e de uma atmosfera urbana contempor\u00e2nea. Moderna, jovem e cheia de contrastes, Manchester n\u00e3o deixa ningu\u00e9m indiferente.  <\/p>\n\n<figure class=\"wp-block-image size-large\"><img decoding=\"async\" src=\"https:\/\/uk-gb.net\/wp-content\/uploads\/2025\/01\/Manchester-1024x405.jpg\" alt=\"Cidade de North Manchester\" class=\"wp-image-4058\"\/><figcaption class=\"wp-element-caption\">Cidade de Manchester, no norte de Inglaterra  <\/figcaption><\/figure>\n\n<h2 class=\"wp-block-heading\">Porqu\u00ea visitar Manchester?<\/h2>\n\n<p>Manchester \u00e9 uma cidade com car\u00e1cter, misturando corajosamente o seu passado industrial com um renascimento art\u00edstico. Os seus museus interactivos, os bairros da moda, os caf\u00e9s independentes e o ambiente descontra\u00eddo s\u00e3o todos muito apelativos. Quer venhas descobrir as ra\u00edzes do rock brit\u00e2nico, visitar os lend\u00e1rios est\u00e1dios ou explorar os antigos armaz\u00e9ns transformados em galerias, Manchester \u00e9 um local de visita obrigat\u00f3ria em qualquer <a href=\"https:\/\/uk-gb.net\/pt-pt\/\">viagem ao Reino Unido<\/a>.  <\/p>\n\n<h2 class=\"wp-block-heading\">O que tens de ver em Manchester<\/h2>\n\n<ul class=\"wp-block-list\">\n<li><a href=\"https:\/\/www.museum.manchester.ac.uk\/\">Manchester Museum<\/a>: Um museu completo que combina hist\u00f3ria natural, cultura e ci\u00eancia.<\/li>\n\n\n\n<li><a href=\"https:\/\/www.scienceandindustrymuseum.org.uk\/\">Museu da Ci\u00eancia e da Ind\u00fastria<\/a>: Uma vis\u00e3o fascinante da hist\u00f3ria industrial da cidade.<\/li>\n\n\n\n<li><a href=\"https:\/\/www.library.manchester.ac.uk\/rylands\/visit\/\">Biblioteca John Rylands<\/a>: Uma magn\u00edfica biblioteca neo-g\u00f3tica digna de um cen\u00e1rio de filme.<\/li>\n\n\n\n<li><a href=\"https:\/\/www.manutd.com\/en\/visit-old-trafford\">Est\u00e1dio Old Trafford<\/a>: o emblem\u00e1tico est\u00e1dio de futebol do Manchester United.<\/li>\n\n\n\n<li><a href=\"https:\/\/www.mancity.com\/etihad-stadium\">Est\u00e1dio Etihad<\/a>: A casa da outra grande equipa do clube de futebol Manchester City.<\/li>\n\n\n\n<li><a href=\"https:\/\/northernquartermanchester.com\/\">Northern Quarter<\/a>: Um bairro criativo conhecido pelos seus murais, lojas de artigos usados e lojas de discos.<\/li>\n<\/ul>\n\n<div style=\"height:10px\" aria-hidden=\"true\" class=\"wp-block-spacer\"><\/div>\n\n<h2 class=\"wp-block-heading\">Bairros a explorar<\/h2>\n\n<ul class=\"wp-block-list\">\n<li><strong>Bairro Norte<\/strong>: Um local moderno com um ambiente art\u00edstico alternativo.<\/li>\n\n\n\n<li><strong>Ancoats<\/strong>: Bairro renovado, popular pelos seus restaurantes, caf\u00e9s e lofts.<\/li>\n\n\n\n<li><strong>Castlefield <\/strong>: Um bairro hist\u00f3rico \u00e0 beira do canal, calmo e arborizado.<\/li>\n\n\n\n<li><strong>Spinningfields<\/strong>: moderno bairro comercial com restaurantes, bares chiques e boutiques.<\/li>\n\n\n\n<li><strong>Chinatown<\/strong>: Uma das maiores e mais coloridas Chinatowns do Reino Unido.<\/li>\n<\/ul>\n\n<div style=\"height:10px\" aria-hidden=\"true\" class=\"wp-block-spacer\"><\/div>\n\n<h2 class=\"wp-block-heading\">Dicas pr\u00e1ticas para visitar Manchester<\/h2>\n\n<figure class=\"wp-block-table is-style-regular\"><table><tbody><tr><td><strong>Transporte<\/strong><\/td><td>Com boas liga\u00e7\u00f5es de el\u00e9ctricos, autocarros e comboios; o centro da cidade fica a uma curta dist\u00e2ncia a p\u00e9.<\/td><\/tr><tr><td><strong>Alojamento<\/strong><\/td><td>Uma vasta gama de op\u00e7\u00f5es, desde o or\u00e7amento ao luxo, em todos os bairros centrais.<\/td><\/tr><tr><td><strong>Moeda<\/strong><\/td><td>Libra esterlina (\u00a3). Pagamento sem contacto generalizado. <\/td><\/tr><tr><td><strong>Visto<\/strong><\/td><td>N\u00e3o \u00e9 necess\u00e1rio um <a href=\"https:\/\/uk-gb.net\/pt-pt\/visto-para-manchester\/\">visto para Manchester<\/a> para uma visita tur\u00edstica<\/td><\/tr><tr><td><strong>Tempo<\/strong><\/td><td>Clima h\u00famido; traz um mackintosh mesmo no ver\u00e3o.<\/td><\/tr><\/tbody><\/table><\/figure>\n\n<div style=\"height:10px\" aria-hidden=\"true\" class=\"wp-block-spacer\"><\/div>\n\n<h2 class=\"wp-block-heading\">Onde comer em Manchester?<\/h2>\n\n<ul class=\"wp-block-list\">\n<li><a href=\"https:\/\/www.rudyspizza.co.uk\/\">Rudy&#8217;s Neapolitan Pizza<\/a>: Para os amantes da verdadeira pizza napolitana, n\u00e3o podes perder.<\/li>\n\n\n\n<li><a href=\"https:\/\/www.refugemcr.co.uk\/\">O Ref\u00fagio<\/a>: Cozinha criativa num magn\u00edfico cen\u00e1rio Art Deco.<\/li>\n\n\n\n<li><a href=\"https:\/\/www.instagram.com\/mackiemayor\/?hl=en\">Mackie Mayor<\/a>: uma moderna sala de restaura\u00e7\u00e3o com uma grande variedade de bancas.<\/li>\n\n\n\n<li><a href=\"https:\/\/tattu.co.uk\/locations\/manchester\/\">Tattu<\/a>: Cozinha asi\u00e1tica contempor\u00e2nea num cen\u00e1rio espetacular.<\/li>\n\n\n\n<li><a href=\"https:\/\/bundobust.com\/manchester\/\">Bundobust<\/a>: comida de rua vegetariana indiana num ambiente descontra\u00eddo.<\/li>\n<\/ul>\n\n<div style=\"height:10px\" aria-hidden=\"true\" class=\"wp-block-spacer\"><\/div>\n\n<h2 class=\"wp-block-heading\">Quando ir?<\/h2>\n\n<p>Manchester pode ser visitada durante todo o ano, mas a primavera e o ver\u00e3o s\u00e3o ideais para desfrutar de festivais e actividades ao ar livre. O outono \u00e9 perfeito para explorar os seus museus e bairros pitorescos, enquanto o inverno oferece uma atmosfera quente, especialmente nos famosos mercados de Natal da cidade. <\/p>\n\n<h2 class=\"wp-block-heading\">Tem em aten\u00e7\u00e3o<\/h2>\n\n<p>As formalidades para visitar Manchester dependem da tua nacionalidade. Os cidad\u00e3os da Uni\u00e3o Europeia, dos Estados Unidos, do Canad\u00e1 e de muitos outros pa\u00edses devem agora obter uma <a href=\"https:\/\/uk-gb.net\/pt-pt\/eta-inglaterra-reino-unido\/\">autoriza\u00e7\u00e3o eletr\u00f3nica de viagem (ETA)<\/a> se n\u00e3o tiverem um <a href=\"https:\/\/uk-gb.net\/pt-pt\/visto-reino-unido\/\">visto para Inglaterra<\/a>. <\/p>\n\n<p>A ETA para o Reino Unido pode ser pedida em linha ou atrav\u00e9s da <a href=\"https:\/\/uk-gb.net\/pt-pt\/aplicativo-iphone-visto-eta-inglaterra\/\">aplica\u00e7\u00e3o oficial para o iPhone<\/a>. Os cidad\u00e3os irlandeses e os residentes no Reino Unido n\u00e3o s\u00e3o afectados.<\/p>\n\n<p>Para mais conselhos ou recomenda\u00e7\u00f5es personalizadas, n\u00e3o hesites em consultar os nossos outros guias sobre as principais cidades inglesas. Os nossos guias cobrem <a href=\"https:\/\/uk-gb.net\/pt-pt\/londres\/\">Londres<\/a>, <a href=\"https:\/\/uk-gb.net\/pt-pt\/oxford\/\">Oxford<\/a> e <a href=\"https:\/\/uk-gb.net\/pt-pt\/liverpool\/\">Liverpool<\/a>. <\/p>\n\n<p><\/p>\n","protected":false},"excerpt":{"rendered":"<p>Visita a cidade de Manchester, no norte de Inglaterra Manchester, uma antiga cidade industrial transformada num importante centro cultural, \u00e9 atualmente uma das cidades mais din\u00e2micas de Inglaterra. Conhecida pela sua heran\u00e7a oper\u00e1ria, pelo seu amor pelo futebol, pela sua lend\u00e1ria cena musical e pela sua energia criativa, a cidade atrai viajantes em busca de [&hellip;]<\/p>\n","protected":false},"author":1,"featured_media":0,"parent":0,"menu_order":0,"comment_status":"closed","ping_status":"closed","template":"","meta":{"footnotes":""},"class_list":["post-4092","page","type-page","status-publish","hentry"],"yoast_head":"<!-- This site is optimized with the Yoast SEO plugin v27.3 - https:\/\/yoast.com\/product\/yoast-seo-wordpress\/ -->\n<title>Visita Manchester - UK GB<\/title>\n<meta name=\"description\" content=\"Descobre a cidade inglesa de Manchester, com o seu passado industrial e o seu renascimento art\u00edstico na moda.\" \/>\n<meta name=\"robots\" content=\"index, follow, max-snippet:-1, max-image-preview:large, max-video-preview:-1\" \/>\n<link rel=\"canonical\" href=\"https:\/\/uk-gb.net\/pt-pt\/manchester\/\" \/>\n<meta property=\"og:locale\" content=\"pt_PT\" \/>\n<meta property=\"og:type\" content=\"article\" \/>\n<meta property=\"og:title\" content=\"Visita Manchester - UK GB\" \/>\n<meta property=\"og:description\" content=\"Descobre a cidade inglesa de Manchester, com o seu passado industrial e o seu renascimento art\u00edstico na moda.\" \/>\n<meta property=\"og:url\" content=\"https:\/\/uk-gb.net\/pt-pt\/manchester\/\" \/>\n<meta property=\"og:site_name\" content=\"UK GB\" \/>\n<meta property=\"article:modified_time\" content=\"2025-11-04T10:47:21+00:00\" \/>\n<meta property=\"og:image\" content=\"https:\/\/uk-gb.net\/wp-content\/uploads\/2025\/01\/Manchester-e1747991434136.jpg\" \/>\n\t<meta property=\"og:image:width\" content=\"1455\" \/>\n\t<meta property=\"og:image:height\" content=\"640\" \/>\n\t<meta property=\"og:image:type\" content=\"image\/jpeg\" \/>\n<meta name=\"twitter:card\" content=\"summary_large_image\" \/>\n<meta name=\"twitter:label1\" content=\"Tempo estimado de leitura\" \/>\n\t<meta name=\"twitter:data1\" content=\"3 minutos\" \/>\n<script type=\"application\/ld+json\" class=\"yoast-schema-graph\">{\"@context\":\"https:\\\/\\\/schema.org\",\"@graph\":[{\"@type\":\"WebPage\",\"@id\":\"https:\\\/\\\/uk-gb.net\\\/pt-pt\\\/manchester\\\/\",\"url\":\"https:\\\/\\\/uk-gb.net\\\/pt-pt\\\/manchester\\\/\",\"name\":\"Visita Manchester - UK GB\",\"isPartOf\":{\"@id\":\"https:\\\/\\\/uk-gb.net\\\/pt-pt\\\/#website\"},\"primaryImageOfPage\":{\"@id\":\"https:\\\/\\\/uk-gb.net\\\/pt-pt\\\/manchester\\\/#primaryimage\"},\"image\":{\"@id\":\"https:\\\/\\\/uk-gb.net\\\/pt-pt\\\/manchester\\\/#primaryimage\"},\"thumbnailUrl\":\"https:\\\/\\\/uk-gb.net\\\/wp-content\\\/uploads\\\/2025\\\/01\\\/Manchester-1024x405.jpg\",\"datePublished\":\"2025-01-11T11:44:15+00:00\",\"dateModified\":\"2025-11-04T10:47:21+00:00\",\"description\":\"Descobre a cidade inglesa de Manchester, com o seu passado industrial e o seu renascimento art\u00edstico na moda.\",\"inLanguage\":\"pt-PT\",\"potentialAction\":[{\"@type\":\"ReadAction\",\"target\":[\"https:\\\/\\\/uk-gb.net\\\/pt-pt\\\/manchester\\\/\"]}]},{\"@type\":\"ImageObject\",\"inLanguage\":\"pt-PT\",\"@id\":\"https:\\\/\\\/uk-gb.net\\\/pt-pt\\\/manchester\\\/#primaryimage\",\"url\":\"https:\\\/\\\/uk-gb.net\\\/wp-content\\\/uploads\\\/2025\\\/01\\\/Manchester-1024x405.jpg\",\"contentUrl\":\"https:\\\/\\\/uk-gb.net\\\/wp-content\\\/uploads\\\/2025\\\/01\\\/Manchester-1024x405.jpg\"},{\"@type\":\"WebSite\",\"@id\":\"https:\\\/\\\/uk-gb.net\\\/pt-pt\\\/#website\",\"url\":\"https:\\\/\\\/uk-gb.net\\\/pt-pt\\\/\",\"name\":\"UK GB\",\"description\":\"Travel to the UK\",\"potentialAction\":[{\"@type\":\"SearchAction\",\"target\":{\"@type\":\"EntryPoint\",\"urlTemplate\":\"https:\\\/\\\/uk-gb.net\\\/pt-pt\\\/?s={search_term_string}\"},\"query-input\":{\"@type\":\"PropertyValueSpecification\",\"valueRequired\":true,\"valueName\":\"search_term_string\"}}],\"inLanguage\":\"pt-PT\"}]}<\/script>\n<!-- \/ Yoast SEO plugin. -->","yoast_head_json":{"title":"Visita Manchester - UK GB","description":"Descobre a cidade inglesa de Manchester, com o seu passado industrial e o seu renascimento art\u00edstico na moda.","robots":{"index":"index","follow":"follow","max-snippet":"max-snippet:-1","max-image-preview":"max-image-preview:large","max-video-preview":"max-video-preview:-1"},"canonical":"https:\/\/uk-gb.net\/pt-pt\/manchester\/","og_locale":"pt_PT","og_type":"article","og_title":"Visita Manchester - UK GB","og_description":"Descobre a cidade inglesa de Manchester, com o seu passado industrial e o seu renascimento art\u00edstico na moda.","og_url":"https:\/\/uk-gb.net\/pt-pt\/manchester\/","og_site_name":"UK GB","article_modified_time":"2025-11-04T10:47:21+00:00","og_image":[{"width":1455,"height":640,"url":"https:\/\/uk-gb.net\/wp-content\/uploads\/2025\/01\/Manchester-e1747991434136.jpg","type":"image\/jpeg"}],"twitter_card":"summary_large_image","twitter_misc":{"Tempo estimado de leitura":"3 minutos"},"schema":{"@context":"https:\/\/schema.org","@graph":[{"@type":"WebPage","@id":"https:\/\/uk-gb.net\/pt-pt\/manchester\/","url":"https:\/\/uk-gb.net\/pt-pt\/manchester\/","name":"Visita Manchester - UK GB","isPartOf":{"@id":"https:\/\/uk-gb.net\/pt-pt\/#website"},"primaryImageOfPage":{"@id":"https:\/\/uk-gb.net\/pt-pt\/manchester\/#primaryimage"},"image":{"@id":"https:\/\/uk-gb.net\/pt-pt\/manchester\/#primaryimage"},"thumbnailUrl":"https:\/\/uk-gb.net\/wp-content\/uploads\/2025\/01\/Manchester-1024x405.jpg","datePublished":"2025-01-11T11:44:15+00:00","dateModified":"2025-11-04T10:47:21+00:00","description":"Descobre a cidade inglesa de Manchester, com o seu passado industrial e o seu renascimento art\u00edstico na moda.","inLanguage":"pt-PT","potentialAction":[{"@type":"ReadAction","target":["https:\/\/uk-gb.net\/pt-pt\/manchester\/"]}]},{"@type":"ImageObject","inLanguage":"pt-PT","@id":"https:\/\/uk-gb.net\/pt-pt\/manchester\/#primaryimage","url":"https:\/\/uk-gb.net\/wp-content\/uploads\/2025\/01\/Manchester-1024x405.jpg","contentUrl":"https:\/\/uk-gb.net\/wp-content\/uploads\/2025\/01\/Manchester-1024x405.jpg"},{"@type":"WebSite","@id":"https:\/\/uk-gb.net\/pt-pt\/#website","url":"https:\/\/uk-gb.net\/pt-pt\/","name":"UK GB","description":"Travel to the UK","potentialAction":[{"@type":"SearchAction","target":{"@type":"EntryPoint","urlTemplate":"https:\/\/uk-gb.net\/pt-pt\/?s={search_term_string}"},"query-input":{"@type":"PropertyValueSpecification","valueRequired":true,"valueName":"search_term_string"}}],"inLanguage":"pt-PT"}]}},"_links":{"self":[{"href":"https:\/\/uk-gb.net\/pt-pt\/wp-json\/wp\/v2\/pages\/4092","targetHints":{"allow":["GET"]}}],"collection":[{"href":"https:\/\/uk-gb.net\/pt-pt\/wp-json\/wp\/v2\/pages"}],"about":[{"href":"https:\/\/uk-gb.net\/pt-pt\/wp-json\/wp\/v2\/types\/page"}],"author":[{"embeddable":true,"href":"https:\/\/uk-gb.net\/pt-pt\/wp-json\/wp\/v2\/users\/1"}],"replies":[{"embeddable":true,"href":"https:\/\/uk-gb.net\/pt-pt\/wp-json\/wp\/v2\/comments?post=4092"}],"version-history":[{"count":0,"href":"https:\/\/uk-gb.net\/pt-pt\/wp-json\/wp\/v2\/pages\/4092\/revisions"}],"wp:attachment":[{"href":"https:\/\/uk-gb.net\/pt-pt\/wp-json\/wp\/v2\/media?parent=4092"}],"curies":[{"name":"wp","href":"https:\/\/api.w.org\/{rel}","templated":true}]}}