{"id":3920,"date":"2025-01-11T11:00:01","date_gmt":"2025-01-11T11:00:01","guid":{"rendered":"https:\/\/uk-gb.net\/londres\/"},"modified":"2025-06-09T09:27:42","modified_gmt":"2025-06-09T08:27:42","slug":"londres","status":"publish","type":"page","link":"https:\/\/uk-gb.net\/pt-pt\/londres\/","title":{"rendered":"Guia de viagem para Londres"},"content":{"rendered":"\n<h1 class=\"wp-block-heading\">Visita a cidade de Londres, no Reino de Inglaterra<\/h1>\n\n<p>Uma capital vibrante e influente, Londres \u00e9 uma encruzilhada cultural e hist\u00f3rica. Uma cidade de muitas facetas, que mistura corajosamente a heran\u00e7a real com a criatividade contempor\u00e2nea. Desde marcos ic\u00f3nicos como o Big Ben e a Torre de Londres a galerias de arte de vanguarda e bairros cosmopolitas, a capital brit\u00e2nica cativa tanto pela sua diversidade como pela sua energia. Quer sejas um amante da hist\u00f3ria, dos museus, da gastronomia ou do entretenimento, Londres promete uma experi\u00eancia rica e inesgot\u00e1vel.   <\/p>\n\n<figure class=\"wp-block-image size-large\"><img decoding=\"async\" src=\"https:\/\/uk-gb.net\/wp-content\/uploads\/2025\/01\/London-1024x469.jpeg\" alt=\"Cidade de Londres\" class=\"wp-image-3893\"\/><figcaption class=\"wp-element-caption\">Cidade de Londres, Inglaterra<\/figcaption><\/figure>\n\n<h2 class=\"wp-block-heading\">Porqu\u00ea visitar Londres?<\/h2>\n\n<p>Londres \u00e9 um destino de classe pr\u00f3pria, oferecendo uma variedade de experi\u00eancias em cada esquina. Encanta os aficionados por hist\u00f3ria com os seus pal\u00e1cios e museus, atrai os compradores com os seus mercados e grandes armaz\u00e9ns, e delicia os gourmets com a sua cena culin\u00e1ria ultra-diversificada. Quer sejas uma fam\u00edlia, um casal ou um viajante a solo, Londres \u00e9 uma cidade onde regressas sempre com a sensa\u00e7\u00e3o de que viste apenas uma parte do que tem para oferecer.  <\/p>\n\n<h2 class=\"wp-block-heading\">Visita obrigat\u00f3ria em Londres<\/h2>\n\n<ul class=\"wp-block-list\">\n<li><a href=\"https:\/\/www.rct.uk\/visit\/buckingham-palace\">Pal\u00e1cio de Buckingham<\/a>: resid\u00eancia oficial da monarquia brit\u00e2nica.<\/li>\n\n\n\n<li><a href=\"https:\/\/www.parliament.uk\/about\/living-heritage\/building\/palace\/big-ben\/\">O Big Ben<\/a> e o <a href=\"https:\/\/www.parliament.uk\/about\/living-heritage\/building\/palace\/\">Pal\u00e1cio de Westminster<\/a>: Um dos s\u00edmbolos mais conhecidos da cidade.<\/li>\n\n\n\n<li><a href=\"https:\/\/www.hrp.org.uk\/tower-of-london\/#gs.j42e6u\">A Torre de Londres<\/a>: Uma fortaleza com mil anos que alberga as j\u00f3ias da coroa.<\/li>\n\n\n\n<li><a href=\"https:\/\/www.westminster-abbey.org\/fr\/visit-us\/\">Abadia de Westminster<\/a>: Esta antiga abadia \u00e9 um marco na hist\u00f3ria brit\u00e2nica.<\/li>\n\n\n\n<li><a href=\"https:\/\/www.londoneye.com\/\">London Eye<\/a>: Uma roda gigante ic\u00f3nica que oferece vistas panor\u00e2micas da cidade.<\/li>\n\n\n\n<li><a href=\"https:\/\/www.britishmuseum.org\/\">Museu Brit\u00e2nico<\/a>: Um museu gratuito com colec\u00e7\u00f5es impressionantes de todo o mundo.<\/li>\n<\/ul>\n\n<div style=\"height:10px\" aria-hidden=\"true\" class=\"wp-block-spacer\"><\/div>\n\n<h2 class=\"wp-block-heading\">Bairros a explorar<\/h2>\n\n<ul class=\"wp-block-list\">\n<li><strong>Notting Hill<\/strong>: Um bairro colorido e pitoresco, famoso pelo seu mercado de Portobello Road.<\/li>\n\n\n\n<li><strong>Camden<\/strong>: Um bairro alternativo com mercados da moda e uma cena musical underground.<\/li>\n\n\n\n<li><strong>South Bank<\/strong>: margem cultural do rio com o Shakespeare&#8217;s Globe, o London Eye e o Tate Modern.<\/li>\n\n\n\n<li><strong>Soho<\/strong>: O cora\u00e7\u00e3o da vida nocturna de Londres, com os seus teatros e bares da moda.<\/li>\n\n\n\n<li><strong>Covent Garden<\/strong>: Conhecido pelos seus artistas de rua, boutiques \u00fanicas e atmosfera animada.<\/li>\n<\/ul>\n\n<div style=\"height:10px\" aria-hidden=\"true\" class=\"wp-block-spacer\"><\/div>\n\n<h2 class=\"wp-block-heading\">Dicas pr\u00e1ticas para visitar Londres<\/h2>\n\n<figure class=\"wp-block-table is-style-regular\"><table><tbody><tr><th>Aspeto<\/th><th>Detalhes<\/th><\/tr><tr><td><strong>Transporte<\/strong><\/td><td>Rede de metro, autocarros vermelhos, comboios e bicicletas self-service. Recomenda-se <a href=\"https:\/\/oyster.tfl.gov.uk\/oyster\/entry.do\">o cart\u00e3o Oyster<\/a>.<\/td><\/tr><tr><td><strong>Alojamento<\/strong><\/td><td>Uma grande variedade de op\u00e7\u00f5es: hostels, hot\u00e9is boutique, estabelecimentos de luxo.<\/td><\/tr><tr><td><strong>Moeda<\/strong><\/td><td>Libra esterlina (\u00a3). Os pagamentos sem contacto est\u00e3o generalizados. <\/td><\/tr><tr><td><strong>Visto<\/strong><\/td><td>Verifica se precisas de uma <a href=\"https:\/\/uk-gb.net\/pt-pt\/eta-inglaterra-reino-unido\/\">ETA brit\u00e2nica<\/a> ou de um <a href=\"https:\/\/uk-gb.net\/pt-pt\/visto-para-londres\/\">visto para Londres<\/a><\/td><\/tr><tr><td><strong>Tomadas el\u00e9ctricas<\/strong><\/td><td>Tipo G (recomenda-se um adaptador).<\/td><\/tr><tr><td><strong>Tempo<\/strong><\/td><td>Traz roupa adequada \u00e0 chuva, que \u00e9 comum durante todo o ano.<\/td><\/tr><\/tbody><\/table><\/figure>\n\n<div style=\"height:10px\" aria-hidden=\"true\" class=\"wp-block-spacer\"><\/div>\n\n<h2 class=\"wp-block-heading\">Onde comer em Londres?<\/h2>\n\n<ul class=\"wp-block-list\">\n<li><a href=\"https:\/\/www.thewolseley.com\/\">The Wolseley<\/a>: institui\u00e7\u00e3o londrina para o pequeno-almo\u00e7o ou para o ch\u00e1 da tarde.<\/li>\n\n\n\n<li><a href=\"https:\/\/sketch.london\/\">Sketch<\/a>: Gastronomia e arte contempor\u00e2nea num ambiente \u00fanico.<\/li>\n\n\n\n<li><a href=\"https:\/\/flatironsteak.co.uk\/\">Flat Iron<\/a>: Um local popular para saborear um bife de qualidade a um pre\u00e7o razo\u00e1vel.<\/li>\n\n\n\n<li><a href=\"https:\/\/boroughmarket.org.uk\/\">Borough Market<\/a>: Templo da comida de rua e dos produtos artesanais.<\/li>\n\n\n\n<li><a href=\"https:\/\/www.dishoom.com\/\">Dishoom<\/a>: Um restaurante indiano popular, uma homenagem aos caf\u00e9s de Bombaim.<\/li>\n<\/ul>\n\n<div style=\"height:10px\" aria-hidden=\"true\" class=\"wp-block-spacer\"><\/div>\n\n<h2 class=\"wp-block-heading\">Quando ires a Londres?<\/h2>\n\n<p>Londres pode ser visitada em qualquer esta\u00e7\u00e3o do ano. A primavera \u00e9 encantadora com os seus parques em flor, enquanto o ver\u00e3o oferece festivais, esplanadas e eventos ao ar livre. O outono revela cores sublimes nos Jardins Reais. O inverno \u00e9 m\u00e1gico com as luzes de Natal, os mercados festivos e as montras dos grandes armaz\u00e9ns.   <\/p>\n\n<h2 class=\"wp-block-heading\">Conclus\u00e3o<\/h2>\n\n<p><a href=\"https:\/\/www.london.gov.uk\/\">Londres<\/a> \u00e9 uma cidade mundial, em constante movimento, que oferece uma gama infinita de experi\u00eancias culturais, hist\u00f3ricas e humanas. Maior e mais diversificada do que cidades como <a href=\"https:\/\/uk-gb.net\/pt-pt\/oxford\/\">Oxford<\/a> ou Cambridge, mais internacional do que <a href=\"https:\/\/uk-gb.net\/pt-pt\/manchester\/\">Manchester<\/a> ou Edimburgo, encarna a ess\u00eancia do Reino Unido contempor\u00e2neo. Prepara a tua estadia, porque Londres n\u00e3o \u00e9 um lugar para visitar: \u00e9 um lugar para viver.  <\/p>\n\n<p>As formalidades para visitar Londres dependem da tua nacionalidade. Os cidad\u00e3os da Uni\u00e3o Europeia e de muitos outros pa\u00edses devem obter uma <a href=\"https:\/\/uk-gb.net\/pt-pt\/eta-inglaterra-reino-unido\/\">autoriza\u00e7\u00e3o eletr\u00f3nica de viagem (ETA)<\/a> se n\u00e3o tiverem um <a href=\"https:\/\/uk-gb.net\/pt-pt\/visto-para-londres\/\">visto para Londres<\/a>. <\/p>\n\n<p>A ETA para o Reino Unido deve ser solicitada em linha atrav\u00e9s da <a href=\"https:\/\/uk-gb.net\/pt-pt\/aplicativo-iphone-visto-eta-inglaterra\/\">aplica\u00e7\u00e3o oficial IPhone<\/a>. Os cidad\u00e3os irlandeses e os residentes no Reino Unido n\u00e3o s\u00e3o abrangidos. <\/p>\n","protected":false},"excerpt":{"rendered":"<p>Visita a cidade de Londres, no Reino de Inglaterra Uma capital vibrante e influente, Londres \u00e9 uma encruzilhada cultural e hist\u00f3rica. Uma cidade de muitas facetas, que mistura corajosamente a heran\u00e7a real com a criatividade contempor\u00e2nea. Desde marcos ic\u00f3nicos como o Big Ben e a Torre de Londres a galerias de arte de vanguarda e [&hellip;]<\/p>\n","protected":false},"author":1,"featured_media":0,"parent":0,"menu_order":0,"comment_status":"closed","ping_status":"closed","template":"","meta":{"footnotes":""},"class_list":["post-3920","page","type-page","status-publish","hentry"],"yoast_head":"<!-- This site is optimized with the Yoast SEO plugin v27.3 - https:\/\/yoast.com\/product\/yoast-seo-wordpress\/ -->\n<title>Guia de viagem para Londres - UK GB<\/title>\n<meta name=\"description\" content=\"Todas as informa\u00e7\u00f5es tur\u00edsticas de que precisas sobre Londres para aproveitares ao m\u00e1ximo a tua estadia nesta capital cultural e hist\u00f3rica.\" \/>\n<meta name=\"robots\" content=\"index, follow, max-snippet:-1, max-image-preview:large, max-video-preview:-1\" \/>\n<link rel=\"canonical\" href=\"https:\/\/uk-gb.net\/pt-pt\/londres\/\" \/>\n<meta property=\"og:locale\" content=\"pt_PT\" \/>\n<meta property=\"og:type\" content=\"article\" \/>\n<meta property=\"og:title\" content=\"Guia de viagem para Londres - UK GB\" \/>\n<meta property=\"og:description\" content=\"Todas as informa\u00e7\u00f5es tur\u00edsticas de que precisas sobre Londres para aproveitares ao m\u00e1ximo a tua estadia nesta capital cultural e hist\u00f3rica.\" \/>\n<meta property=\"og:url\" content=\"https:\/\/uk-gb.net\/pt-pt\/londres\/\" \/>\n<meta property=\"og:site_name\" content=\"UK GB\" \/>\n<meta property=\"article:modified_time\" content=\"2025-06-09T08:27:42+00:00\" \/>\n<meta property=\"og:image\" content=\"https:\/\/uk-gb.net\/wp-content\/uploads\/2025\/01\/London-scaled-e1747988544474.jpeg\" \/>\n\t<meta property=\"og:image:width\" content=\"2103\" \/>\n\t<meta property=\"og:image:height\" content=\"1028\" \/>\n\t<meta property=\"og:image:type\" content=\"image\/jpeg\" \/>\n<meta name=\"twitter:card\" content=\"summary_large_image\" \/>\n<meta name=\"twitter:label1\" content=\"Tempo estimado de leitura\" \/>\n\t<meta name=\"twitter:data1\" content=\"3 minutos\" \/>\n<script type=\"application\/ld+json\" class=\"yoast-schema-graph\">{\"@context\":\"https:\\\/\\\/schema.org\",\"@graph\":[{\"@type\":\"WebPage\",\"@id\":\"https:\\\/\\\/uk-gb.net\\\/pt-pt\\\/londres\\\/\",\"url\":\"https:\\\/\\\/uk-gb.net\\\/pt-pt\\\/londres\\\/\",\"name\":\"Guia de viagem para Londres - UK GB\",\"isPartOf\":{\"@id\":\"https:\\\/\\\/uk-gb.net\\\/pt-pt\\\/#website\"},\"primaryImageOfPage\":{\"@id\":\"https:\\\/\\\/uk-gb.net\\\/pt-pt\\\/londres\\\/#primaryimage\"},\"image\":{\"@id\":\"https:\\\/\\\/uk-gb.net\\\/pt-pt\\\/londres\\\/#primaryimage\"},\"thumbnailUrl\":\"https:\\\/\\\/uk-gb.net\\\/wp-content\\\/uploads\\\/2025\\\/01\\\/London-1024x469.jpeg\",\"datePublished\":\"2025-01-11T11:00:01+00:00\",\"dateModified\":\"2025-06-09T08:27:42+00:00\",\"description\":\"Todas as informa\u00e7\u00f5es tur\u00edsticas de que precisas sobre Londres para aproveitares ao m\u00e1ximo a tua estadia nesta capital cultural e hist\u00f3rica.\",\"inLanguage\":\"pt-PT\",\"potentialAction\":[{\"@type\":\"ReadAction\",\"target\":[\"https:\\\/\\\/uk-gb.net\\\/pt-pt\\\/londres\\\/\"]}]},{\"@type\":\"ImageObject\",\"inLanguage\":\"pt-PT\",\"@id\":\"https:\\\/\\\/uk-gb.net\\\/pt-pt\\\/londres\\\/#primaryimage\",\"url\":\"https:\\\/\\\/uk-gb.net\\\/wp-content\\\/uploads\\\/2025\\\/01\\\/London-1024x469.jpeg\",\"contentUrl\":\"https:\\\/\\\/uk-gb.net\\\/wp-content\\\/uploads\\\/2025\\\/01\\\/London-1024x469.jpeg\"},{\"@type\":\"WebSite\",\"@id\":\"https:\\\/\\\/uk-gb.net\\\/pt-pt\\\/#website\",\"url\":\"https:\\\/\\\/uk-gb.net\\\/pt-pt\\\/\",\"name\":\"UK GB\",\"description\":\"Travel to the UK\",\"potentialAction\":[{\"@type\":\"SearchAction\",\"target\":{\"@type\":\"EntryPoint\",\"urlTemplate\":\"https:\\\/\\\/uk-gb.net\\\/pt-pt\\\/?s={search_term_string}\"},\"query-input\":{\"@type\":\"PropertyValueSpecification\",\"valueRequired\":true,\"valueName\":\"search_term_string\"}}],\"inLanguage\":\"pt-PT\"}]}<\/script>\n<!-- \/ Yoast SEO plugin. -->","yoast_head_json":{"title":"Guia de viagem para Londres - UK GB","description":"Todas as informa\u00e7\u00f5es tur\u00edsticas de que precisas sobre Londres para aproveitares ao m\u00e1ximo a tua estadia nesta capital cultural e hist\u00f3rica.","robots":{"index":"index","follow":"follow","max-snippet":"max-snippet:-1","max-image-preview":"max-image-preview:large","max-video-preview":"max-video-preview:-1"},"canonical":"https:\/\/uk-gb.net\/pt-pt\/londres\/","og_locale":"pt_PT","og_type":"article","og_title":"Guia de viagem para Londres - UK GB","og_description":"Todas as informa\u00e7\u00f5es tur\u00edsticas de que precisas sobre Londres para aproveitares ao m\u00e1ximo a tua estadia nesta capital cultural e hist\u00f3rica.","og_url":"https:\/\/uk-gb.net\/pt-pt\/londres\/","og_site_name":"UK GB","article_modified_time":"2025-06-09T08:27:42+00:00","og_image":[{"width":2103,"height":1028,"url":"https:\/\/uk-gb.net\/wp-content\/uploads\/2025\/01\/London-scaled-e1747988544474.jpeg","type":"image\/jpeg"}],"twitter_card":"summary_large_image","twitter_misc":{"Tempo estimado de leitura":"3 minutos"},"schema":{"@context":"https:\/\/schema.org","@graph":[{"@type":"WebPage","@id":"https:\/\/uk-gb.net\/pt-pt\/londres\/","url":"https:\/\/uk-gb.net\/pt-pt\/londres\/","name":"Guia de viagem para Londres - UK GB","isPartOf":{"@id":"https:\/\/uk-gb.net\/pt-pt\/#website"},"primaryImageOfPage":{"@id":"https:\/\/uk-gb.net\/pt-pt\/londres\/#primaryimage"},"image":{"@id":"https:\/\/uk-gb.net\/pt-pt\/londres\/#primaryimage"},"thumbnailUrl":"https:\/\/uk-gb.net\/wp-content\/uploads\/2025\/01\/London-1024x469.jpeg","datePublished":"2025-01-11T11:00:01+00:00","dateModified":"2025-06-09T08:27:42+00:00","description":"Todas as informa\u00e7\u00f5es tur\u00edsticas de que precisas sobre Londres para aproveitares ao m\u00e1ximo a tua estadia nesta capital cultural e hist\u00f3rica.","inLanguage":"pt-PT","potentialAction":[{"@type":"ReadAction","target":["https:\/\/uk-gb.net\/pt-pt\/londres\/"]}]},{"@type":"ImageObject","inLanguage":"pt-PT","@id":"https:\/\/uk-gb.net\/pt-pt\/londres\/#primaryimage","url":"https:\/\/uk-gb.net\/wp-content\/uploads\/2025\/01\/London-1024x469.jpeg","contentUrl":"https:\/\/uk-gb.net\/wp-content\/uploads\/2025\/01\/London-1024x469.jpeg"},{"@type":"WebSite","@id":"https:\/\/uk-gb.net\/pt-pt\/#website","url":"https:\/\/uk-gb.net\/pt-pt\/","name":"UK GB","description":"Travel to the UK","potentialAction":[{"@type":"SearchAction","target":{"@type":"EntryPoint","urlTemplate":"https:\/\/uk-gb.net\/pt-pt\/?s={search_term_string}"},"query-input":{"@type":"PropertyValueSpecification","valueRequired":true,"valueName":"search_term_string"}}],"inLanguage":"pt-PT"}]}},"_links":{"self":[{"href":"https:\/\/uk-gb.net\/pt-pt\/wp-json\/wp\/v2\/pages\/3920","targetHints":{"allow":["GET"]}}],"collection":[{"href":"https:\/\/uk-gb.net\/pt-pt\/wp-json\/wp\/v2\/pages"}],"about":[{"href":"https:\/\/uk-gb.net\/pt-pt\/wp-json\/wp\/v2\/types\/page"}],"author":[{"embeddable":true,"href":"https:\/\/uk-gb.net\/pt-pt\/wp-json\/wp\/v2\/users\/1"}],"replies":[{"embeddable":true,"href":"https:\/\/uk-gb.net\/pt-pt\/wp-json\/wp\/v2\/comments?post=3920"}],"version-history":[{"count":0,"href":"https:\/\/uk-gb.net\/pt-pt\/wp-json\/wp\/v2\/pages\/3920\/revisions"}],"wp:attachment":[{"href":"https:\/\/uk-gb.net\/pt-pt\/wp-json\/wp\/v2\/media?parent=3920"}],"curies":[{"name":"wp","href":"https:\/\/api.w.org\/{rel}","templated":true}]}}