{"id":379,"date":"2023-11-13T16:38:13","date_gmt":"2023-11-13T16:38:13","guid":{"rendered":"https:\/\/uk-gb.net\/visto-reino-unido\/"},"modified":"2026-03-03T08:38:23","modified_gmt":"2026-03-03T08:38:23","slug":"visto-reino-unido","status":"publish","type":"page","link":"https:\/\/uk-gb.net\/pt-pt\/visto-reino-unido\/","title":{"rendered":"Formalidades de viagem para o Reino Unido"},"content":{"rendered":"\n<h1 class=\"wp-block-heading\">Formalidades de entrada no Reino Unido para viajantes internacionais<\/h1>\n\n<p>O Reino Unido introduziu um sistema de<strong>autoriza\u00e7\u00e3o eletr\u00f3nica de viagem (ETA)<\/strong> para os nacionais de determinados pa\u00edses isentos de visto. Este procedimento simplificado permite que as pessoas entrem no Reino Unido para uma estadia curta sem um visto tradicional. A ETA \u00e9 necess\u00e1ria nos seguintes casos: Estadias tur\u00edsticas, visitas a familiares, viagens de neg\u00f3cios, estudos de curta dura\u00e7\u00e3o ou escalas no Reino Unido.  <\/p>\n\n<p><strong>Para te candidatares em <strong>apenas alguns minutos<\/strong><\/strong>, basta preencheres o <a href=\"https:\/\/uk-gb.net\/pt-pt\/formulario-visto-eta-online-inglaterra\/\">formul\u00e1rio ETA em linha<\/a>.<\/p>\n\n<div style=\"height:10px\" aria-hidden=\"true\" class=\"wp-block-spacer\"><\/div>\n\n<h2 class=\"wp-block-heading\">Quem \u00e9 afetado pela ETA do Reino Unido?<\/h2>\n\n<p>O n\u00famero de <a href=\"https:\/\/uk-gb.net\/pt-pt\/paises-que-podem-solicitar-eta-reino-unido\/\">pa\u00edses eleg\u00edveis para a ETA do Reino Unido<\/a> est\u00e1 a aumentar gradualmente.<\/p>\n\n<p>O programa foi implementado pela primeira vez no M\u00e9dio Oriente, com as seguintes fases iniciais:<\/p>\n\n<ul class=\"wp-block-list\">\n<li>Desde 2023, a ETA permite que os cidad\u00e3os do Qatar evitem solicitar um visto para a Inglaterra a partir do Qatar.<\/li>\n\n\n\n<li>Desde fevereiro de 2024: <a href=\"https:\/\/uk-gb.net\/pt-pt\/visto-para-inglaterra-da-arabia-saudita\/\">os cidad\u00e3os sauditas podem obter uma ETA<\/a> em vez de um visto para o Reino Unido.<\/li>\n<\/ul>\n\n<div style=\"height:10px\" aria-hidden=\"true\" class=\"wp-block-spacer\"><\/div>\n\n<p>Todos os pa\u00edses europeus foram acrescentados ao sistema ETA do Reino Unido. Os cidad\u00e3os europeus podem agora <a href=\"https:\/\/uk-gb.net\/pt-pt\/formulario-visto-eta-online-inglaterra\/\">solicitar a ETA em linha<\/a> antes de viajarem para o Reino Unido. <\/p>\n\n<h2 class=\"wp-block-heading\">Que vistos e autoriza\u00e7\u00f5es s\u00e3o necess\u00e1rios para viajar para o Reino Unido?<\/h2>\n\n<p>O Reino Unido oferece <a href=\"https:\/\/uk-gb.net\/pt-pt\/diferentes-tipos-de-vistos-britanicos\/\">v\u00e1rios tipos de vistos<\/a> ou autoriza\u00e7\u00f5es em fun\u00e7\u00e3o do perfil do viajante, do motivo da estada e da sua dura\u00e7\u00e3o. Para estadias de curta dura\u00e7\u00e3o, alguns cidad\u00e3os podem evitar o procedimento tradicional de visto utilizando a autoriza\u00e7\u00e3o eletr\u00f3nica ETA. Aqui tens um guia claro sobre as op\u00e7\u00f5es dispon\u00edveis.  <\/p>\n\n<h3 class=\"wp-block-heading\">Preciso de um visto para viajar para o Reino Unido?<\/h3>\n\n<p>Tudo depende da tua nacionalidade e do objetivo da tua viagem. Apresentamos-te os principais cen\u00e1rios: <\/p>\n\n<ul class=\"wp-block-list\">\n<li><strong>Se fores cidad\u00e3o irland\u00eas<\/strong>: N\u00e3o \u00e9 necess\u00e1rio visto nem ETA.<\/li>\n\n\n\n<li><strong>\u00c9s cidad\u00e3o de um pa\u00eds que estava isento da obriga\u00e7\u00e3o de visto<\/strong>: \u00c9 o caso dos cidad\u00e3os da Europa, dos Estados Unidos e de outros pa\u00edses parceiros. Desde 2025, \u00e9 necess\u00e1ria uma <a href=\"https:\/\/uk-gb.net\/pt-pt\/eta-inglaterra-reino-unido\/\">ETA do Reino Unido<\/a> para entrares no Reino Unido.   <\/li>\n\n\n\n<li><strong>\u00c9s oriundo de um pa\u00eds que j\u00e1 faz parte do sistema ETA (Qatar, Ar\u00e1bia Saudita, etc.)<\/strong>: Tens de <a href=\"https:\/\/uk-gb.net\/pt-pt\/formulario-visto-eta-online-inglaterra\/\">pedir uma ETA em linha<\/a>.<\/li>\n\n\n\n<li>Se <strong>\u00e9 cidad\u00e3o de um pa\u00eds que necessita de visto<\/strong>: deve solicitar um <a href=\"https:\/\/uk-gb.net\/pt-pt\/visto-turista-inglaterra-reino-unido\/\">visto de turista<\/a> em linha e depois finalizar o seu pedido numa <a href=\"https:\/\/uk-gb.net\/pt-pt\/nomeacao-de-visto-embaixada-inglaterra\/\">marca\u00e7\u00e3o na embaixada brit\u00e2nica<\/a>.<\/li>\n\n\n\n<li><strong>Exemplo<\/strong>: <a href=\"https:\/\/uk-gb.net\/pt-pt\/visto-para-inglaterra-vindo-de-portugal\/\" type=\"page\" id=\"972\">eTA de Portugal<\/a>.<\/li>\n<\/ul>\n\n<div style=\"height:10px\" aria-hidden=\"true\" class=\"wp-block-spacer\"><\/div>\n\n<h3 class=\"wp-block-heading\">Que tipos de vistos est\u00e3o dispon\u00edveis para o Reino Unido?<\/h3>\n\n<p>O tipo de visto depende do motivo da tua visita:<\/p>\n\n<figure class=\"wp-block-table\"><table><thead><tr><th>Tipo de visto<\/th><th>Aplica\u00e7\u00e3o principal<\/th><\/tr><\/thead><tbody><tr><td><a href=\"https:\/\/uk-gb.net\/pt-pt\/visto-turista-inglaterra-reino-unido\/\">Visto de turista<\/a><\/td><td>Viagens de lazer ou visitas a familiares<\/td><\/tr><tr><td><a href=\"https:\/\/uk-gb.net\/pt-pt\/visto-de-negocios-para-inglaterra-reino-unido\/\">Visto de neg\u00f3cios<\/a><\/td><td>Reuni\u00f5es, confer\u00eancias, miss\u00f5es profissionais<\/td><\/tr><tr><td><a href=\"https:\/\/uk-gb.net\/pt-pt\/visto-de-estudante-para-inglaterra\/\">Visto de estudante<\/a><\/td><td>Estudos de longa dura\u00e7\u00e3o ou forma\u00e7\u00e3o espec\u00edfica<\/td><\/tr><tr><td><a href=\"https:\/\/uk-gb.net\/pt-pt\/visto-de-transito-na-inglaterra-reino-unido\/\">Visto de tr\u00e2nsito<\/a><\/td><td>Passa temporariamente por um aeroporto brit\u00e2nico<\/td><\/tr><tr><td><a href=\"https:\/\/uk-gb.net\/pt-pt\/visto-de-familia-para-inglaterra\/\">Visto de fam\u00edlia<\/a><\/td><td>Viaja em fam\u00edlia no Reino Unido<\/td><\/tr><\/tbody><\/table><\/figure>\n\n<h3 class=\"wp-block-heading\">Tr\u00e2nsito no Reino Unido: ETA ou visto?<\/h3>\n\n<p>Mesmo que <strong>s\u00f3 fa\u00e7as uma paragem num aeroporto<\/strong>, <strong>necessitar\u00e1s de<\/strong> uma <strong>autoriza\u00e7\u00e3o de viagem<\/strong>. Dependendo da tua nacionalidade, pode ser uma <a href=\"https:\/\/uk-gb.net\/pt-pt\/eta-inglaterra-reino-unido\/\">ETA do Reino Unido<\/a> ou um <a href=\"https:\/\/uk-gb.net\/pt-pt\/visto-de-transito-na-inglaterra-reino-unido\/\">visto de tr\u00e2nsito<\/a>. Este requisito aplica-se mesmo que n\u00e3o passes pelo controlo fronteiri\u00e7o.  <\/p>\n\n<h3 class=\"wp-block-heading\">Posso viajar com uma ETA em vez de um visto?<\/h3>\n\n<p>A<strong>autoriza\u00e7\u00e3o eletr\u00f3nica ETA<\/strong> \u00e9 suficiente se a tua estadia preencher estas condi\u00e7\u00f5es:<\/p>\n\n<p>\u2705 Estadia tur\u00edstica, visita familiar, estudos de curta dura\u00e7\u00e3o, viagem de neg\u00f3cios<br\/>\u2705 Dura\u00e7\u00e3o m\u00e1xima de 6 meses<br\/>\u2705 Tr\u00e2nsito pelo Reino Unido<br\/>\u2705 Miss\u00e3o art\u00edstica remunerada de menos de 3 meses (em certos casos espec\u00edficos)<\/p>\n\n<h3 class=\"wp-block-heading\">Os limites da autoriza\u00e7\u00e3o ETA<\/h3>\n\n<p>\u274c O ETA n\u00e3o permite :<\/p>\n\n<ul class=\"wp-block-list\">\n<li>Permanece por mais de 6 meses<\/li>\n\n\n\n<li>Trabalhar para uma empresa brit\u00e2nica<\/li>\n\n\n\n<li>Criar uma empresa ou trabalhar por conta pr\u00f3pria<\/li>\n\n\n\n<li>Recebe financiamento p\u00fablico<\/li>\n\n\n\n<li>Para casar ou registar uma uni\u00e3o civil<\/li>\n\n\n\n<li>Para configurar permanentemente<\/li>\n<\/ul>\n\n<p>Em todos estes casos, \u00e9 necess\u00e1rio um <a href=\"https:\/\/uk-gb.net\/pt-pt\/diferentes-tipos-de-vistos-britanicos\/\">visto para o Reino Unido<\/a>.<\/p>\n\n<h3 class=\"wp-block-heading\">Quais s\u00e3o os destinos mais populares para os pedidos de visto?<\/h3>\n\n<p>Londres continua a ser a principal porta de entrada do pa\u00eds, mas outras cidades tamb\u00e9m atraem muitos visitantes. Os viajantes pedem um <a href=\"https:\/\/uk-gb.net\/pt-pt\/visto-para-londres\/\">visto para Londres<\/a> para aterrar em Inglaterra. Os turistas estrangeiros tamb\u00e9m visitam as outras principais cidades de Inglaterra, solicitando um <a href=\"https:\/\/uk-gb.net\/pt-pt\/visto-para-liverpool\/\">visto para Liverpool<\/a>. Tamb\u00e9m h\u00e1 muitos pedidos de visto <a href=\"https:\/\/uk-gb.net\/pt-pt\/visto-para-manchester\/\">para Manchester<\/a>.   <\/p>\n\n<p>As principais cidades universit\u00e1rias de Inglaterra tamb\u00e9m atraem muitos turistas para estadias acad\u00e9micas, sendo que <a href=\"https:\/\/uk-gb.net\/pt-pt\/visto-para-oxford\/\">Oxford necessita de um visto<\/a> e Cambridge fica mais a norte de Londres.<\/p>\n\n<p>No norte do Reino Unido, os viajantes pedem um visto para Birmingham. Alguns viajam ainda mais para norte, para a Esc\u00f3cia, pedindo um visto para Edimburgo ou um <a href=\"https:\/\/uk-gb.net\/pt-pt\/visto-para-glasgow\/\">visto para Glasgow<\/a>. <\/p>\n\n<p>O Pa\u00eds de Gales \u00e9 tamb\u00e9m um destino popular para os viajantes estrangeiros. Os turistas precisam de um visto para entrar em Cardiff. <\/p>\n","protected":false},"excerpt":{"rendered":"<p>Formalidades de entrada no Reino Unido para viajantes internacionais O Reino Unido introduziu um sistema deautoriza\u00e7\u00e3o eletr\u00f3nica de viagem (ETA) para os nacionais de determinados pa\u00edses isentos de visto. Este procedimento simplificado permite que as pessoas entrem no Reino Unido para uma estadia curta sem um visto tradicional. A ETA \u00e9 necess\u00e1ria nos seguintes casos: [&hellip;]<\/p>\n","protected":false},"author":1,"featured_media":0,"parent":0,"menu_order":0,"comment_status":"closed","ping_status":"closed","template":"","meta":{"footnotes":""},"class_list":["post-379","page","type-page","status-publish","hentry"],"yoast_head":"<!-- This site is optimized with the Yoast SEO plugin v27.3 - https:\/\/yoast.com\/product\/yoast-seo-wordpress\/ -->\n<title>Formalidades de viagem para o Reino Unido<\/title>\n<meta name=\"description\" content=\"As regras para os viajantes estrangeiros que entram no Reino Unido foram alteradas com a introdu\u00e7\u00e3o de uma eTA no Reino Unido.\" \/>\n<meta name=\"robots\" content=\"index, follow, max-snippet:-1, max-image-preview:large, max-video-preview:-1\" \/>\n<link rel=\"canonical\" href=\"https:\/\/uk-gb.net\/pt-pt\/visto-reino-unido\/\" \/>\n<meta property=\"og:locale\" content=\"pt_PT\" \/>\n<meta property=\"og:type\" content=\"article\" \/>\n<meta property=\"og:title\" content=\"Formalidades de viagem para o Reino Unido\" \/>\n<meta property=\"og:description\" content=\"As regras para os viajantes estrangeiros que entram no Reino Unido foram alteradas com a introdu\u00e7\u00e3o de uma eTA no Reino Unido.\" \/>\n<meta property=\"og:url\" content=\"https:\/\/uk-gb.net\/pt-pt\/visto-reino-unido\/\" \/>\n<meta property=\"og:site_name\" content=\"UK GB\" \/>\n<meta property=\"article:modified_time\" content=\"2026-03-03T08:38:23+00:00\" \/>\n<meta name=\"twitter:card\" content=\"summary_large_image\" \/>\n<meta name=\"twitter:label1\" content=\"Tempo estimado de leitura\" \/>\n\t<meta name=\"twitter:data1\" content=\"4 minutos\" \/>\n<script type=\"application\/ld+json\" class=\"yoast-schema-graph\">{\"@context\":\"https:\\\/\\\/schema.org\",\"@graph\":[{\"@type\":\"WebPage\",\"@id\":\"https:\\\/\\\/uk-gb.net\\\/pt-pt\\\/visto-reino-unido\\\/\",\"url\":\"https:\\\/\\\/uk-gb.net\\\/pt-pt\\\/visto-reino-unido\\\/\",\"name\":\"Formalidades de viagem para o Reino Unido\",\"isPartOf\":{\"@id\":\"https:\\\/\\\/uk-gb.net\\\/pt-pt\\\/#website\"},\"datePublished\":\"2023-11-13T16:38:13+00:00\",\"dateModified\":\"2026-03-03T08:38:23+00:00\",\"description\":\"As regras para os viajantes estrangeiros que entram no Reino Unido foram alteradas com a introdu\u00e7\u00e3o de uma eTA no Reino Unido.\",\"inLanguage\":\"pt-PT\",\"potentialAction\":[{\"@type\":\"ReadAction\",\"target\":[\"https:\\\/\\\/uk-gb.net\\\/pt-pt\\\/visto-reino-unido\\\/\"]}]},{\"@type\":\"WebSite\",\"@id\":\"https:\\\/\\\/uk-gb.net\\\/pt-pt\\\/#website\",\"url\":\"https:\\\/\\\/uk-gb.net\\\/pt-pt\\\/\",\"name\":\"UK GB\",\"description\":\"Travel to the UK\",\"potentialAction\":[{\"@type\":\"SearchAction\",\"target\":{\"@type\":\"EntryPoint\",\"urlTemplate\":\"https:\\\/\\\/uk-gb.net\\\/pt-pt\\\/?s={search_term_string}\"},\"query-input\":{\"@type\":\"PropertyValueSpecification\",\"valueRequired\":true,\"valueName\":\"search_term_string\"}}],\"inLanguage\":\"pt-PT\"}]}<\/script>\n<!-- \/ Yoast SEO plugin. -->","yoast_head_json":{"title":"Formalidades de viagem para o Reino Unido","description":"As regras para os viajantes estrangeiros que entram no Reino Unido foram alteradas com a introdu\u00e7\u00e3o de uma eTA no Reino Unido.","robots":{"index":"index","follow":"follow","max-snippet":"max-snippet:-1","max-image-preview":"max-image-preview:large","max-video-preview":"max-video-preview:-1"},"canonical":"https:\/\/uk-gb.net\/pt-pt\/visto-reino-unido\/","og_locale":"pt_PT","og_type":"article","og_title":"Formalidades de viagem para o Reino Unido","og_description":"As regras para os viajantes estrangeiros que entram no Reino Unido foram alteradas com a introdu\u00e7\u00e3o de uma eTA no Reino Unido.","og_url":"https:\/\/uk-gb.net\/pt-pt\/visto-reino-unido\/","og_site_name":"UK GB","article_modified_time":"2026-03-03T08:38:23+00:00","twitter_card":"summary_large_image","twitter_misc":{"Tempo estimado de leitura":"4 minutos"},"schema":{"@context":"https:\/\/schema.org","@graph":[{"@type":"WebPage","@id":"https:\/\/uk-gb.net\/pt-pt\/visto-reino-unido\/","url":"https:\/\/uk-gb.net\/pt-pt\/visto-reino-unido\/","name":"Formalidades de viagem para o Reino Unido","isPartOf":{"@id":"https:\/\/uk-gb.net\/pt-pt\/#website"},"datePublished":"2023-11-13T16:38:13+00:00","dateModified":"2026-03-03T08:38:23+00:00","description":"As regras para os viajantes estrangeiros que entram no Reino Unido foram alteradas com a introdu\u00e7\u00e3o de uma eTA no Reino Unido.","inLanguage":"pt-PT","potentialAction":[{"@type":"ReadAction","target":["https:\/\/uk-gb.net\/pt-pt\/visto-reino-unido\/"]}]},{"@type":"WebSite","@id":"https:\/\/uk-gb.net\/pt-pt\/#website","url":"https:\/\/uk-gb.net\/pt-pt\/","name":"UK GB","description":"Travel to the UK","potentialAction":[{"@type":"SearchAction","target":{"@type":"EntryPoint","urlTemplate":"https:\/\/uk-gb.net\/pt-pt\/?s={search_term_string}"},"query-input":{"@type":"PropertyValueSpecification","valueRequired":true,"valueName":"search_term_string"}}],"inLanguage":"pt-PT"}]}},"_links":{"self":[{"href":"https:\/\/uk-gb.net\/pt-pt\/wp-json\/wp\/v2\/pages\/379","targetHints":{"allow":["GET"]}}],"collection":[{"href":"https:\/\/uk-gb.net\/pt-pt\/wp-json\/wp\/v2\/pages"}],"about":[{"href":"https:\/\/uk-gb.net\/pt-pt\/wp-json\/wp\/v2\/types\/page"}],"author":[{"embeddable":true,"href":"https:\/\/uk-gb.net\/pt-pt\/wp-json\/wp\/v2\/users\/1"}],"replies":[{"embeddable":true,"href":"https:\/\/uk-gb.net\/pt-pt\/wp-json\/wp\/v2\/comments?post=379"}],"version-history":[{"count":0,"href":"https:\/\/uk-gb.net\/pt-pt\/wp-json\/wp\/v2\/pages\/379\/revisions"}],"wp:attachment":[{"href":"https:\/\/uk-gb.net\/pt-pt\/wp-json\/wp\/v2\/media?parent=379"}],"curies":[{"name":"wp","href":"https:\/\/api.w.org\/{rel}","templated":true}]}}