{"id":1265,"date":"2024-02-25T10:29:22","date_gmt":"2024-02-25T10:29:22","guid":{"rendered":"https:\/\/uk-gb.net\/preco-eta-reino-unido\/"},"modified":"2026-04-02T11:11:48","modified_gmt":"2026-04-02T10:11:48","slug":"preco-eta-reino-unido","status":"publish","type":"page","link":"https:\/\/uk-gb.net\/pt-pt\/preco-eta-reino-unido\/","title":{"rendered":"Pr\u00e9mio ETA para o Reino Unido"},"content":{"rendered":"\n<h1 class=\"wp-block-heading\">Quanto custa uma autoriza\u00e7\u00e3o ETA para o Reino Unido?<\/h1>\n\n<p>Se fores nacional de um pa\u00eds eleg\u00edvel para o <strong>programa de isen\u00e7\u00e3o de vistos<\/strong> do Reino Unido, podes <a href=\"https:\/\/uk-gb.net\/pt-pt\/formulario-visto-eta-online-inglaterra\/\">pedir uma ETA<\/a> para entrar no <a href=\"https:\/\/uk-gb.net\/pt-pt\/diferentes-tipos-de-vistos-britanicos\/\">Reino Unido sem visto<\/a>. <\/p>\n\n<p><strong>O procedimento \u00e9 r\u00e1pido e 100% em linha<\/strong>, preenchendo o <a href=\"https:\/\/uk-gb.net\/pt-pt\/formulario-visto-eta-online-inglaterra\/\">formul\u00e1rio ETA em linha<\/a>.<\/p>\n\n<div style=\"height:10px\" aria-hidden=\"true\" class=\"wp-block-spacer\"><\/div>\n\n<h2 class=\"wp-block-heading\">Tarifa ETA para o Reino Unido<\/h2>\n\n<p>O pre\u00e7o oficial de uma ETA \u00e9 de <strong>20 libras esterlinas<\/strong> desde 8 de abril de 2026, ou seja, cerca de <strong>23 euros<\/strong>. Trata-se de uma <strong>taxa fixa<\/strong>, id\u00eantica para todos os requerentes, independentemente da sua idade ou pa\u00eds de origem. <\/p>\n\n<p>Este valor \u00e9 consideravelmente inferior ao custo de um <a href=\"https:\/\/uk-gb.net\/pt-pt\/visto-turista-inglaterra-reino-unido\/\">visto de turista<\/a>, que custa, no m\u00ednimo, <strong>115 libras<\/strong> para uma estadia de curta dura\u00e7\u00e3o.<\/p>\n\n<h2 class=\"wp-block-heading\">Como \u00e9 que defino a ETA?<\/h2>\n\n<p>O pagamento \u00e9 efectuado <strong>diretamente em linha<\/strong> no momento do pedido, por cart\u00e3o de cr\u00e9dito (Visa, Mastercard, etc.). O pagamento \u00e9 <strong>obrigat\u00f3rio<\/strong> para que o pedido seja tido em conta: o tratamento n\u00e3o ser\u00e1 iniciado enquanto o pagamento n\u00e3o for validado. <\/p>\n\n<p>Uma vez efectuado o pagamento, o sistema come\u00e7a imediatamente a analisar o teu ficheiro e a resposta \u00e9 geralmente enviada por correio eletr\u00f3nico no prazo de algumas horas (ou at\u00e9 3 dias, se for necess\u00e1ria uma an\u00e1lise mais aprofundada).<\/p>\n\n<h2 class=\"wp-block-heading\">N\u00e3o podes ser reembolsado<\/h2>\n\n<p>O montante pago por uma ETA n\u00e3o \u00e9 <strong>reembols\u00e1vel<\/strong>, mesmo que o teu pedido seja recusado, anulado ou que alteres os teus planos de viagem. Por conseguinte, \u00e9 essencial verificar a tua <strong>elegibilidade<\/strong> antes de iniciar o processo, nomeadamente se mudares de passaporte ou se n\u00e3o fores nacional de um <a href=\"https:\/\/uk-gb.net\/pt-pt\/paises-que-podem-solicitar-eta-reino-unido\/\">pa\u00eds eleg\u00edvel para o programa ETA<\/a>. <\/p>\n\n<h2 class=\"wp-block-heading\">A ETA \u00e9 v\u00e1lida por 2 anos<\/h2>\n\n<p>A ETA \u00e9 <strong>v\u00e1lida por 2 anos<\/strong> ou at\u00e9 \u00e0 expira\u00e7\u00e3o do teu passaporte, consoante o que ocorrer primeiro. Permite-te entrar no Reino Unido v\u00e1rias vezes durante este per\u00edodo, para estadias <strong>inferiores a 6 meses<\/strong> de cada vez. <\/p>\n","protected":false},"excerpt":{"rendered":"<p>Quanto custa uma autoriza\u00e7\u00e3o ETA para o Reino Unido? Se fores nacional de um pa\u00eds eleg\u00edvel para o programa de isen\u00e7\u00e3o de vistos do Reino Unido, podes pedir uma ETA para entrar no Reino Unido sem visto. O procedimento \u00e9 r\u00e1pido e 100% em linha, preenchendo o formul\u00e1rio ETA em linha. Tarifa ETA para o [&hellip;]<\/p>\n","protected":false},"author":1,"featured_media":0,"parent":0,"menu_order":0,"comment_status":"closed","ping_status":"closed","template":"","meta":{"footnotes":""},"class_list":["post-1265","page","type-page","status-publish","hentry"],"yoast_head":"<!-- This site is optimized with the Yoast SEO plugin v27.4 - https:\/\/yoast.com\/product\/yoast-seo-wordpress\/ -->\n<title>Pr\u00e9mio ETA para o Reino Unido - UK GB<\/title>\n<meta name=\"description\" content=\"Qual \u00e9 a taxa administrativa a pagar em linha para validar um pedido de autoriza\u00e7\u00e3o eletr\u00f3nica de viagem ETA?\" \/>\n<meta name=\"robots\" content=\"index, follow, max-snippet:-1, max-image-preview:large, max-video-preview:-1\" \/>\n<link rel=\"canonical\" href=\"https:\/\/uk-gb.net\/pt-pt\/preco-eta-reino-unido\/\" \/>\n<meta property=\"og:locale\" content=\"pt_PT\" \/>\n<meta property=\"og:type\" content=\"article\" \/>\n<meta property=\"og:title\" content=\"Pr\u00e9mio ETA para o Reino Unido - UK GB\" \/>\n<meta property=\"og:description\" content=\"Qual \u00e9 a taxa administrativa a pagar em linha para validar um pedido de autoriza\u00e7\u00e3o eletr\u00f3nica de viagem ETA?\" \/>\n<meta property=\"og:url\" content=\"https:\/\/uk-gb.net\/pt-pt\/preco-eta-reino-unido\/\" \/>\n<meta property=\"og:site_name\" content=\"UK GB\" \/>\n<meta property=\"article:modified_time\" content=\"2026-04-02T10:11:48+00:00\" \/>\n<meta name=\"twitter:card\" content=\"summary_large_image\" \/>\n<meta name=\"twitter:label1\" content=\"Tempo estimado de leitura\" \/>\n\t<meta name=\"twitter:data1\" content=\"2 minutos\" \/>\n<script type=\"application\/ld+json\" class=\"yoast-schema-graph\">{\"@context\":\"https:\\\/\\\/schema.org\",\"@graph\":[{\"@type\":\"WebPage\",\"@id\":\"https:\\\/\\\/uk-gb.net\\\/pt-pt\\\/preco-eta-reino-unido\\\/\",\"url\":\"https:\\\/\\\/uk-gb.net\\\/pt-pt\\\/preco-eta-reino-unido\\\/\",\"name\":\"Pr\u00e9mio ETA para o Reino Unido - UK GB\",\"isPartOf\":{\"@id\":\"https:\\\/\\\/uk-gb.net\\\/pt-pt\\\/#website\"},\"datePublished\":\"2024-02-25T10:29:22+00:00\",\"dateModified\":\"2026-04-02T10:11:48+00:00\",\"description\":\"Qual \u00e9 a taxa administrativa a pagar em linha para validar um pedido de autoriza\u00e7\u00e3o eletr\u00f3nica de viagem ETA?\",\"inLanguage\":\"pt-PT\",\"potentialAction\":[{\"@type\":\"ReadAction\",\"target\":[\"https:\\\/\\\/uk-gb.net\\\/pt-pt\\\/preco-eta-reino-unido\\\/\"]}]},{\"@type\":\"WebSite\",\"@id\":\"https:\\\/\\\/uk-gb.net\\\/pt-pt\\\/#website\",\"url\":\"https:\\\/\\\/uk-gb.net\\\/pt-pt\\\/\",\"name\":\"UK GB\",\"description\":\"Travel to the UK\",\"potentialAction\":[{\"@type\":\"SearchAction\",\"target\":{\"@type\":\"EntryPoint\",\"urlTemplate\":\"https:\\\/\\\/uk-gb.net\\\/pt-pt\\\/?s={search_term_string}\"},\"query-input\":{\"@type\":\"PropertyValueSpecification\",\"valueRequired\":true,\"valueName\":\"search_term_string\"}}],\"inLanguage\":\"pt-PT\"}]}<\/script>\n<!-- \/ Yoast SEO plugin. -->","yoast_head_json":{"title":"Pr\u00e9mio ETA para o Reino Unido - UK GB","description":"Qual \u00e9 a taxa administrativa a pagar em linha para validar um pedido de autoriza\u00e7\u00e3o eletr\u00f3nica de viagem ETA?","robots":{"index":"index","follow":"follow","max-snippet":"max-snippet:-1","max-image-preview":"max-image-preview:large","max-video-preview":"max-video-preview:-1"},"canonical":"https:\/\/uk-gb.net\/pt-pt\/preco-eta-reino-unido\/","og_locale":"pt_PT","og_type":"article","og_title":"Pr\u00e9mio ETA para o Reino Unido - UK GB","og_description":"Qual \u00e9 a taxa administrativa a pagar em linha para validar um pedido de autoriza\u00e7\u00e3o eletr\u00f3nica de viagem ETA?","og_url":"https:\/\/uk-gb.net\/pt-pt\/preco-eta-reino-unido\/","og_site_name":"UK GB","article_modified_time":"2026-04-02T10:11:48+00:00","twitter_card":"summary_large_image","twitter_misc":{"Tempo estimado de leitura":"2 minutos"},"schema":{"@context":"https:\/\/schema.org","@graph":[{"@type":"WebPage","@id":"https:\/\/uk-gb.net\/pt-pt\/preco-eta-reino-unido\/","url":"https:\/\/uk-gb.net\/pt-pt\/preco-eta-reino-unido\/","name":"Pr\u00e9mio ETA para o Reino Unido - UK GB","isPartOf":{"@id":"https:\/\/uk-gb.net\/pt-pt\/#website"},"datePublished":"2024-02-25T10:29:22+00:00","dateModified":"2026-04-02T10:11:48+00:00","description":"Qual \u00e9 a taxa administrativa a pagar em linha para validar um pedido de autoriza\u00e7\u00e3o eletr\u00f3nica de viagem ETA?","inLanguage":"pt-PT","potentialAction":[{"@type":"ReadAction","target":["https:\/\/uk-gb.net\/pt-pt\/preco-eta-reino-unido\/"]}]},{"@type":"WebSite","@id":"https:\/\/uk-gb.net\/pt-pt\/#website","url":"https:\/\/uk-gb.net\/pt-pt\/","name":"UK GB","description":"Travel to the UK","potentialAction":[{"@type":"SearchAction","target":{"@type":"EntryPoint","urlTemplate":"https:\/\/uk-gb.net\/pt-pt\/?s={search_term_string}"},"query-input":{"@type":"PropertyValueSpecification","valueRequired":true,"valueName":"search_term_string"}}],"inLanguage":"pt-PT"}]}},"_links":{"self":[{"href":"https:\/\/uk-gb.net\/pt-pt\/wp-json\/wp\/v2\/pages\/1265","targetHints":{"allow":["GET"]}}],"collection":[{"href":"https:\/\/uk-gb.net\/pt-pt\/wp-json\/wp\/v2\/pages"}],"about":[{"href":"https:\/\/uk-gb.net\/pt-pt\/wp-json\/wp\/v2\/types\/page"}],"author":[{"embeddable":true,"href":"https:\/\/uk-gb.net\/pt-pt\/wp-json\/wp\/v2\/users\/1"}],"replies":[{"embeddable":true,"href":"https:\/\/uk-gb.net\/pt-pt\/wp-json\/wp\/v2\/comments?post=1265"}],"version-history":[{"count":0,"href":"https:\/\/uk-gb.net\/pt-pt\/wp-json\/wp\/v2\/pages\/1265\/revisions"}],"wp:attachment":[{"href":"https:\/\/uk-gb.net\/pt-pt\/wp-json\/wp\/v2\/media?parent=1265"}],"curies":[{"name":"wp","href":"https:\/\/api.w.org\/{rel}","templated":true}]}}