{"id":1033,"date":"2023-12-31T15:10:49","date_gmt":"2023-12-31T15:10:49","guid":{"rendered":"https:\/\/uk-gb.net\/visto-para-inglaterra-vindo-de-portugal\/"},"modified":"2026-03-02T14:14:37","modified_gmt":"2026-03-02T14:14:37","slug":"visto-para-inglaterra-vindo-de-portugal","status":"publish","type":"page","link":"https:\/\/uk-gb.net\/pt-pt\/visto-para-inglaterra-vindo-de-portugal\/","title":{"rendered":"Visto de Portugal para Inglaterra"},"content":{"rendered":"\n<h1 class=\"wp-block-heading\">Formalidades para viajar para Inglaterra a partir de Portugal<\/h1>\n\n<h2 class=\"wp-block-heading\">Os cidad\u00e3os portugu\u00eas precisam de um visto para viajar para Inglaterra?<\/h2>\n\n<p><strong>Um cidad\u00e3o portugu\u00eas n\u00e3o necessita de visto para o Reino Unido para uma estadia inferior a 6 meses<\/strong> gra\u00e7as ao programa de isen\u00e7\u00e3o de vistos do Reino Unido. Tudo o que tens de fazer \u00e9 solicitar uma autoriza\u00e7\u00e3o eletr\u00f3nica de viagem, preenchendo o <a href=\"https:\/\/uk-gb.net\/pt-pt\/formulario-visto-eta-online-inglaterra\/\">formul\u00e1rio eTA UK em linha<\/a>.<\/p>\n\n<div style=\"height:20px\" aria-hidden=\"true\" class=\"wp-block-spacer\"><\/div>\n\n<h2 class=\"wp-block-heading\">Os cidad\u00e3os estrangeiros que vivem em Portugal precisam de um visto para o Reino Unido?<\/h2>\n\n<p>As formalidades necess\u00e1rias para entrar no Reino Unido dependem da nacionalidade do viajante:<\/p>\n\n<ul class=\"wp-block-list\">\n<li>Se o estrangeiro residente em Portugal for cidad\u00e3o de um <a href=\"https:\/\/uk-gb.net\/pt-pt\/paises-que-podem-solicitar-eta-reino-unido\/\">pa\u00eds que beneficia do programa de isen\u00e7\u00e3o de vistos<\/a>, pode solicitar uma <a href=\"https:\/\/uk-gb.net\/pt-pt\/eta-inglaterra-reino-unido\/\">ETA do Reino Unido<\/a> para uma estadia inferior a 6 meses.<\/li>\n\n\n\n<li>Caso contr\u00e1rio, ter\u00e3o de obter um <a href=\"https:\/\/uk-gb.net\/pt-pt\/diferentes-tipos-de-vistos-britanicos\/\">visto para viajar para Inglaterra<\/a>.<\/li>\n<\/ul>\n\n<p>Assim, um estrangeiro residente em Portugal pode obter uma ETA se o seu pa\u00eds de origem beneficiar da isen\u00e7\u00e3o de visto brit\u00e2nica.<\/p>\n\n<h2 class=\"wp-block-heading\">Como posso requerer um visto para Inglaterra a partir de Portugal?<\/h2>\n\n<p>Para obter um visto para o Reino Unido, deve preencher o formul\u00e1rio em linha no s\u00edtio Web da UK Border Agency. O processo desenrola-se em v\u00e1rias fases, inteiramente em linha. <\/p>\n\n<p>O processo de obten\u00e7\u00e3o de um <a href=\"https:\/\/uk-gb.net\/pt-pt\/preco-do-visto-para-inglaterra\/\">visto e os emolumentos a pagar<\/a> dependem do motivo da sua estadia no Reino Unido.<\/p>\n\n<h3 class=\"wp-block-heading\">Como solicitar um visto de turista para a Inglaterra em Portugal?<\/h3>\n\n<p>Se a sua estadia no Reino Unido for superior a 6 meses, ter\u00e1 de requerer um <a href=\"https:\/\/uk-gb.net\/pt-pt\/visto-turista-inglaterra-reino-unido\/\">visto de turista no Reino Unido<\/a>. A sua candidatura ser\u00e1 tratada pela<a href=\"https:\/\/uk-gb.net\/pt-pt\/embaixada-britanica-em-portugal\/\">Embaixada do Reino Unido<\/a>. <\/p>\n\n<h3 class=\"wp-block-heading\">Como \u00e9 que um cidad\u00e3o portugu\u00eas pode obter um visto de trabalho para Inglaterra?<\/h3>\n\n<p>Para obter um visto de trabalho para o Reino Unido, deve primeiro obter uma oferta de emprego de uma empresa brit\u00e2nica. Esta empresa ter\u00e1 ent\u00e3o de obter a certifica\u00e7\u00e3o da sua miss\u00e3o e patrocinar o seu visto para o Reino Unido. <\/p>\n\n<h3 class=\"wp-block-heading\">Como posso obter uma marca\u00e7\u00e3o para um visto para o Reino Unido?<\/h3>\n\n<p>Se o seu pedido exigir um processo diferente, poder\u00e1 conseguir uma <a href=\"https:\/\/uk-gb.net\/pt-pt\/nomeacao-de-visto-embaixada-inglaterra\/\">marca\u00e7\u00e3o na Embaixada do Reino Unido<\/a>.<\/p>\n\n<p><\/p>\n","protected":false},"excerpt":{"rendered":"<p>Formalidades para viajar para Inglaterra a partir de Portugal Os cidad\u00e3os portugu\u00eas precisam de um visto para viajar para Inglaterra? Um cidad\u00e3o portugu\u00eas n\u00e3o necessita de visto para o Reino Unido para uma estadia inferior a 6 meses gra\u00e7as ao programa de isen\u00e7\u00e3o de vistos do Reino Unido. Tudo o que tens de fazer \u00e9 [&hellip;]<\/p>\n","protected":false},"author":1,"featured_media":0,"parent":0,"menu_order":0,"comment_status":"closed","ping_status":"closed","template":"","meta":{"footnotes":""},"class_list":["post-1033","page","type-page","status-publish","hentry"],"yoast_head":"<!-- This site is optimized with the Yoast SEO plugin v27.4 - https:\/\/yoast.com\/product\/yoast-seo-wordpress\/ -->\n<title>Visto de Portugal para Inglaterra - UK GB<\/title>\n<meta name=\"description\" content=\"Como obter um visto em linha para viajar para o Reino Unido a partir de Portugal em apenas alguns minutos utilizando o seu passaporte\" \/>\n<meta name=\"robots\" content=\"index, follow, max-snippet:-1, max-image-preview:large, max-video-preview:-1\" \/>\n<link rel=\"canonical\" href=\"https:\/\/uk-gb.net\/pt-pt\/visto-para-inglaterra-vindo-de-portugal\/\" \/>\n<meta property=\"og:locale\" content=\"pt_PT\" \/>\n<meta property=\"og:type\" content=\"article\" \/>\n<meta property=\"og:title\" content=\"Visto de Portugal para Inglaterra - UK GB\" \/>\n<meta property=\"og:description\" content=\"Como obter um visto em linha para viajar para o Reino Unido a partir de Portugal em apenas alguns minutos utilizando o seu passaporte\" \/>\n<meta property=\"og:url\" content=\"https:\/\/uk-gb.net\/pt-pt\/visto-para-inglaterra-vindo-de-portugal\/\" \/>\n<meta property=\"og:site_name\" content=\"UK GB\" \/>\n<meta property=\"article:modified_time\" content=\"2026-03-02T14:14:37+00:00\" \/>\n<meta name=\"twitter:card\" content=\"summary_large_image\" \/>\n<meta name=\"twitter:label1\" content=\"Tempo estimado de leitura\" \/>\n\t<meta name=\"twitter:data1\" content=\"2 minutos\" \/>\n<script type=\"application\/ld+json\" class=\"yoast-schema-graph\">{\"@context\":\"https:\\\/\\\/schema.org\",\"@graph\":[{\"@type\":\"WebPage\",\"@id\":\"https:\\\/\\\/uk-gb.net\\\/pt-pt\\\/visto-para-inglaterra-vindo-de-portugal\\\/\",\"url\":\"https:\\\/\\\/uk-gb.net\\\/pt-pt\\\/visto-para-inglaterra-vindo-de-portugal\\\/\",\"name\":\"Visto de Portugal para Inglaterra - UK GB\",\"isPartOf\":{\"@id\":\"https:\\\/\\\/uk-gb.net\\\/pt-pt\\\/#website\"},\"datePublished\":\"2023-12-31T15:10:49+00:00\",\"dateModified\":\"2026-03-02T14:14:37+00:00\",\"description\":\"Como obter um visto em linha para viajar para o Reino Unido a partir de Portugal em apenas alguns minutos utilizando o seu passaporte\",\"inLanguage\":\"pt-PT\",\"potentialAction\":[{\"@type\":\"ReadAction\",\"target\":[\"https:\\\/\\\/uk-gb.net\\\/pt-pt\\\/visto-para-inglaterra-vindo-de-portugal\\\/\"]}]},{\"@type\":\"WebSite\",\"@id\":\"https:\\\/\\\/uk-gb.net\\\/pt-pt\\\/#website\",\"url\":\"https:\\\/\\\/uk-gb.net\\\/pt-pt\\\/\",\"name\":\"UK GB\",\"description\":\"Travel to the UK\",\"potentialAction\":[{\"@type\":\"SearchAction\",\"target\":{\"@type\":\"EntryPoint\",\"urlTemplate\":\"https:\\\/\\\/uk-gb.net\\\/pt-pt\\\/?s={search_term_string}\"},\"query-input\":{\"@type\":\"PropertyValueSpecification\",\"valueRequired\":true,\"valueName\":\"search_term_string\"}}],\"inLanguage\":\"pt-PT\"}]}<\/script>\n<!-- \/ Yoast SEO plugin. -->","yoast_head_json":{"title":"Visto de Portugal para Inglaterra - UK GB","description":"Como obter um visto em linha para viajar para o Reino Unido a partir de Portugal em apenas alguns minutos utilizando o seu passaporte","robots":{"index":"index","follow":"follow","max-snippet":"max-snippet:-1","max-image-preview":"max-image-preview:large","max-video-preview":"max-video-preview:-1"},"canonical":"https:\/\/uk-gb.net\/pt-pt\/visto-para-inglaterra-vindo-de-portugal\/","og_locale":"pt_PT","og_type":"article","og_title":"Visto de Portugal para Inglaterra - UK GB","og_description":"Como obter um visto em linha para viajar para o Reino Unido a partir de Portugal em apenas alguns minutos utilizando o seu passaporte","og_url":"https:\/\/uk-gb.net\/pt-pt\/visto-para-inglaterra-vindo-de-portugal\/","og_site_name":"UK GB","article_modified_time":"2026-03-02T14:14:37+00:00","twitter_card":"summary_large_image","twitter_misc":{"Tempo estimado de leitura":"2 minutos"},"schema":{"@context":"https:\/\/schema.org","@graph":[{"@type":"WebPage","@id":"https:\/\/uk-gb.net\/pt-pt\/visto-para-inglaterra-vindo-de-portugal\/","url":"https:\/\/uk-gb.net\/pt-pt\/visto-para-inglaterra-vindo-de-portugal\/","name":"Visto de Portugal para Inglaterra - UK GB","isPartOf":{"@id":"https:\/\/uk-gb.net\/pt-pt\/#website"},"datePublished":"2023-12-31T15:10:49+00:00","dateModified":"2026-03-02T14:14:37+00:00","description":"Como obter um visto em linha para viajar para o Reino Unido a partir de Portugal em apenas alguns minutos utilizando o seu passaporte","inLanguage":"pt-PT","potentialAction":[{"@type":"ReadAction","target":["https:\/\/uk-gb.net\/pt-pt\/visto-para-inglaterra-vindo-de-portugal\/"]}]},{"@type":"WebSite","@id":"https:\/\/uk-gb.net\/pt-pt\/#website","url":"https:\/\/uk-gb.net\/pt-pt\/","name":"UK GB","description":"Travel to the UK","potentialAction":[{"@type":"SearchAction","target":{"@type":"EntryPoint","urlTemplate":"https:\/\/uk-gb.net\/pt-pt\/?s={search_term_string}"},"query-input":{"@type":"PropertyValueSpecification","valueRequired":true,"valueName":"search_term_string"}}],"inLanguage":"pt-PT"}]}},"_links":{"self":[{"href":"https:\/\/uk-gb.net\/pt-pt\/wp-json\/wp\/v2\/pages\/1033","targetHints":{"allow":["GET"]}}],"collection":[{"href":"https:\/\/uk-gb.net\/pt-pt\/wp-json\/wp\/v2\/pages"}],"about":[{"href":"https:\/\/uk-gb.net\/pt-pt\/wp-json\/wp\/v2\/types\/page"}],"author":[{"embeddable":true,"href":"https:\/\/uk-gb.net\/pt-pt\/wp-json\/wp\/v2\/users\/1"}],"replies":[{"embeddable":true,"href":"https:\/\/uk-gb.net\/pt-pt\/wp-json\/wp\/v2\/comments?post=1033"}],"version-history":[{"count":0,"href":"https:\/\/uk-gb.net\/pt-pt\/wp-json\/wp\/v2\/pages\/1033\/revisions"}],"wp:attachment":[{"href":"https:\/\/uk-gb.net\/pt-pt\/wp-json\/wp\/v2\/media?parent=1033"}],"curies":[{"name":"wp","href":"https:\/\/api.w.org\/{rel}","templated":true}]}}