{"id":9901,"date":"2026-02-25T16:17:50","date_gmt":"2026-02-25T16:17:50","guid":{"rendered":"https:\/\/uk-gb.net\/causeway-coastal-route-pl\/"},"modified":"2026-03-02T15:20:52","modified_gmt":"2026-03-02T15:20:52","slug":"causeway-coastal-route-pl","status":"publish","type":"page","link":"https:\/\/uk-gb.net\/pl\/causeway-coastal-route-pl\/","title":{"rendered":"Causeway Coastal Route: pe\u0142na trasa w Irlandii P\u00f3\u0142nocnej, mapa i porady"},"content":{"rendered":"\n<h1 class=\"wp-block-heading\">Odkryj przybrze\u017cny szlak Causeway w Irlandii P\u00f3\u0142nocnej<\/h1>\n\n<p>Causeway Coastal Route to jedna z najpi\u0119kniejszych tras w Europie. Pomi\u0119dzy spektakularnymi klifami, zrujnowanymi zamkami, dzikimi pla\u017cami i malowniczymi wioskami, trasa ta \u0142\u0105czy <a href=\"https:\/\/uk-gb.net\/pl\/belfast\/\" type=\"page\" id=\"5344\">Belfast<\/a> z Derry (Londonderry) na d\u0142ugo\u015bci oko\u0142o 200 km. <\/p>\n\n<p>To pozycja obowi\u0105zkowa, je\u015bli chcesz <strong>odkry\u0107 Irlandi\u0119 P\u00f3\u0142nocn\u0105<\/strong>.<\/p>\n\n<figure class=\"wp-block-image size-large\"><img fetchpriority=\"high\" decoding=\"async\" width=\"1024\" height=\"458\" src=\"https:\/\/uk-gb.net\/wp-content\/uploads\/2026\/02\/causeway-carrick-a-rede-rope-bridge-1024x458.jpg\" alt=\"\" class=\"wp-image-9843\" srcset=\"https:\/\/uk-gb.net\/wp-content\/uploads\/2026\/02\/causeway-carrick-a-rede-rope-bridge-1024x458.jpg 1024w, https:\/\/uk-gb.net\/wp-content\/uploads\/2026\/02\/causeway-carrick-a-rede-rope-bridge-300x134.jpg 300w, https:\/\/uk-gb.net\/wp-content\/uploads\/2026\/02\/causeway-carrick-a-rede-rope-bridge-768x344.jpg 768w, https:\/\/uk-gb.net\/wp-content\/uploads\/2026\/02\/causeway-carrick-a-rede-rope-bridge.jpg 1050w\" sizes=\"(max-width: 1024px) 100vw, 1024px\" \/><\/figure>\n\n<h2 class=\"wp-block-heading\">Trasa przybrze\u017cnego szlaku Causeway<\/h2>\n\n<p>Trasa biegnie wzd\u0142u\u017c p\u00f3\u0142nocnego wybrze\u017ca Irlandii P\u00f3\u0142nocnej i mo\u017cna j\u0105 pokona\u0107 w ci\u0105gu 1 do 3 dni, w zale\u017cno\u015bci od tempa.<\/p>\n\n<p>G\u0142\u00f3wne kroki:<\/p>\n\n<ol class=\"wp-block-list\">\n<li>Belfast &#8211; punkt pocz\u0105tkowy<\/li>\n\n\n\n<li>Zamek Carrickfergus<\/li>\n\n\n\n<li>Carnlough &#8211; autentyczna wioska<\/li>\n\n\n\n<li>Most linowy Carrick-a-Rede<\/li>\n\n\n\n<li>Grobla Olbrzyma (obiekt UNESCO)<\/li>\n\n\n\n<li>Zamek Dunluce<\/li>\n\n\n\n<li>Portrush &amp; Portstewart<\/li>\n\n\n\n<li>\u015awi\u0105tynia Mussenden<\/li>\n\n\n\n<li>Derry \/ Londonderry<\/li>\n<\/ol>\n\n<div style=\"height:10px\" aria-hidden=\"true\" class=\"wp-block-spacer\"><\/div>\n\n<h2 class=\"wp-block-heading\">Punkty obowi\u0105zkowe<\/h2>\n\n<p><strong>Grobla Olbrzyma<\/strong>: To wpisane na List\u0119 \u015awiatowego Dziedzictwa UNESCO miejsce s\u0142ynie z sze\u015bciok\u0105tnych bazaltowych kolumn powsta\u0142ych w wyniku erupcji wulkanu. Jest to unikalne na skal\u0119 \u015bwiatow\u0105 naturalne miejsce, sk\u0142adaj\u0105ce si\u0119 z 40 000 bazaltowych kolumn powsta\u0142ych w wyniku staro\u017cytnej aktywno\u015bci wulkanicznej. Poznaj szlaki turystyczne, podziwiaj formacje skalne i odwied\u017a centrum dla zwiedzaj\u0105cych, aby dowiedzie\u0107 si\u0119 wi\u0119cej o legendzie otaczaj\u0105cej to miejsce.  <\/p>\n\n<figure class=\"wp-block-gallery has-nested-images columns-default is-cropped wp-block-gallery-1 is-layout-flex wp-block-gallery-is-layout-flex\">\n<figure class=\"wp-block-image size-large\"><img decoding=\"async\" width=\"1024\" height=\"566\" data-id=\"9845\" src=\"https:\/\/uk-gb.net\/wp-content\/uploads\/2026\/02\/giant-causeway-1-1024x566.jpg\" alt=\"\" class=\"wp-image-9845\" srcset=\"https:\/\/uk-gb.net\/wp-content\/uploads\/2026\/02\/giant-causeway-1-1024x566.jpg 1024w, https:\/\/uk-gb.net\/wp-content\/uploads\/2026\/02\/giant-causeway-1-300x166.jpg 300w, https:\/\/uk-gb.net\/wp-content\/uploads\/2026\/02\/giant-causeway-1-768x424.jpg 768w, https:\/\/uk-gb.net\/wp-content\/uploads\/2026\/02\/giant-causeway-1-1536x849.jpg 1536w, https:\/\/uk-gb.net\/wp-content\/uploads\/2026\/02\/giant-causeway-1.jpg 1549w\" sizes=\"(max-width: 1024px) 100vw, 1024px\" \/><figcaption class=\"wp-element-caption\"><strong>Grobla Olbrzyma<\/strong><\/figcaption><\/figure>\n<\/figure>\n\n<p><strong>Carrick-a-Rede Rope Bridge<\/strong>: Ten wisz\u0105cy most oferuje spektakularne widoki na morze i okoliczne klify. Przejd\u017a przez most, aby poczu\u0107 przyp\u0142yw adrenaliny i cieszy\u0107 si\u0119 naturalnym pi\u0119knem okolicy. <\/p>\n\n<figure class=\"wp-block-image size-full\"><img decoding=\"async\" width=\"964\" height=\"522\" src=\"https:\/\/uk-gb.net\/wp-content\/uploads\/2026\/03\/carrick-a-rede-rope-bridge.jpg\" alt=\"\" class=\"wp-image-9849\" srcset=\"https:\/\/uk-gb.net\/wp-content\/uploads\/2026\/03\/carrick-a-rede-rope-bridge.jpg 964w, https:\/\/uk-gb.net\/wp-content\/uploads\/2026\/03\/carrick-a-rede-rope-bridge-300x162.jpg 300w, https:\/\/uk-gb.net\/wp-content\/uploads\/2026\/03\/carrick-a-rede-rope-bridge-768x416.jpg 768w\" sizes=\"(max-width: 964px) 100vw, 964px\" \/><figcaption class=\"wp-element-caption\"><strong>Most linowy Carrick-a-Rede<\/strong><\/figcaption><\/figure>\n\n<p><strong>Zamek Dunluce<\/strong>: Po\u0142o\u017cony na klifach \u015bredniowieczny zamek oferuje zapieraj\u0105ce dech w piersiach widoki na Ocean Atlantycki. Odwied\u017a ruiny, odkryj jego fascynuj\u0105c\u0105 histori\u0119 i ciesz si\u0119 otaczaj\u0105c\u0105 przyrod\u0105. <\/p>\n\n<figure class=\"wp-block-image size-large\"><img loading=\"lazy\" decoding=\"async\" width=\"1024\" height=\"509\" src=\"https:\/\/uk-gb.net\/wp-content\/uploads\/2026\/03\/Dunluce-castle-1024x509.jpg\" alt=\"\" class=\"wp-image-9848\" srcset=\"https:\/\/uk-gb.net\/wp-content\/uploads\/2026\/03\/Dunluce-castle-1024x509.jpg 1024w, https:\/\/uk-gb.net\/wp-content\/uploads\/2026\/03\/Dunluce-castle-300x149.jpg 300w, https:\/\/uk-gb.net\/wp-content\/uploads\/2026\/03\/Dunluce-castle-768x382.jpg 768w, https:\/\/uk-gb.net\/wp-content\/uploads\/2026\/03\/Dunluce-castle.jpg 1142w\" sizes=\"(max-width: 1024px) 100vw, 1024px\" \/><figcaption class=\"wp-element-caption\"><strong>Zamek Dunluce<\/strong><\/figcaption><\/figure>\n\n<p>Praktyczne porady dotycz\u0105ce podr\u00f3\u017cy<\/p>\n\n<ul class=\"wp-block-list\">\n<li><strong>Najlepszy czas na wizyt\u0119<\/strong>: Od maja do wrze\u015bnia klimat jest \u0142agodniejszy, a dni d\u0142u\u017csze.<\/li>\n\n\n\n<li><strong>Wynajem samochodu<\/strong>: Wybierz wygodny samoch\u00f3d, aby w pe\u0142ni wykorzysta\u0107 sceneri\u0119. Pami\u0119taj, aby dokona\u0107 rezerwacji z wyprzedzeniem, zw\u0142aszcza w sezonie. <\/li>\n\n\n\n<li><strong>Zakwaterowanie<\/strong>: Wybierz spo\u015br\u00f3d pensjonat\u00f3w, hoteli lub kemping\u00f3w wzd\u0142u\u017c trasy, aby uzyska\u0107 autentyczne wra\u017cenia.<\/li>\n\n\n\n<li><strong>Szanuj \u015brodowisko<\/strong>: Dbaj o odwiedzane miejsca, zabieraj ze sob\u0105 \u015bmieci i szanuj lokaln\u0105 przyrod\u0119.<\/li>\n\n\n\n<li><strong>Formalno\u015bci zwi\u0105zane z podr\u00f3\u017c\u0105<\/strong>: Pami\u0119taj, aby przewidzie\u0107 <a href=\"https:\/\/uk-gb.net\/pl\/wiza-zjednoczone-krolestwo\/\" type=\"page\" id=\"373\">formalno\u015bci zwi\u0105zane z podr\u00f3\u017c\u0105 do Wielkiej Brytanii<\/a>.<\/li>\n<\/ul>\n\n<div style=\"height:10px\" aria-hidden=\"true\" class=\"wp-block-spacer\"><\/div>\n\n<h2 class=\"wp-block-heading\">Dlaczego warto wybra\u0107 Causeway Coastal Route?<\/h2>\n\n<p>Wycieczka wzd\u0142u\u017c Causeway Coastal Route to niezapomniane prze\u017cycie, kt\u00f3re \u0142\u0105czy w sobie naturalne pi\u0119kno, histori\u0119 i przygod\u0119. Niezale\u017cnie od tego, czy chcesz odkrywa\u0107 kultowe miejsca, czy po prostu cieszy\u0107 si\u0119 sceneri\u0105, ta trasa jest obowi\u0105zkowa podczas wizyty w Irlandii P\u00f3\u0142nocnej.   <\/p>\n\n<p>Zaplanuj tras\u0119, chwy\u0107 aparat i wyrusz na odkrycie tego ukrytego skarbu.<\/p>\n","protected":false},"excerpt":{"rendered":"<p>Odkryj przybrze\u017cny szlak Causeway w Irlandii P\u00f3\u0142nocnej Causeway Coastal Route to jedna z najpi\u0119kniejszych tras w Europie. Pomi\u0119dzy spektakularnymi klifami, zrujnowanymi zamkami, dzikimi pla\u017cami i malowniczymi wioskami, trasa ta \u0142\u0105czy Belfast z Derry (Londonderry) na d\u0142ugo\u015bci oko\u0142o 200 km. To pozycja obowi\u0105zkowa, je\u015bli chcesz odkry\u0107 Irlandi\u0119 P\u00f3\u0142nocn\u0105. Trasa przybrze\u017cnego szlaku Causeway Trasa biegnie wzd\u0142u\u017c p\u00f3\u0142nocnego [&hellip;]<\/p>\n","protected":false},"author":1,"featured_media":0,"parent":0,"menu_order":0,"comment_status":"closed","ping_status":"closed","template":"","meta":{"footnotes":""},"class_list":["post-9901","page","type-page","status-publish","hentry"],"yoast_head":"<!-- This site is optimized with the Yoast SEO plugin v27.4 - https:\/\/yoast.com\/product\/yoast-seo-wordpress\/ -->\n<title>Causeway Coastal Route: pe\u0142na trasa w Irlandii P\u00f3\u0142nocnej, mapa i porady - UK GB<\/title>\n<meta name=\"description\" content=\"Causeway Coastal Route w Irlandii P\u00f3\u0142nocnej: szczeg\u00f3\u0142owy plan podr\u00f3\u017cy, mapa, najwa\u017cniejsze etapy i miejsca do zobaczenia mi\u0119dzy Belfastem a Derry.\" \/>\n<meta name=\"robots\" content=\"index, follow, max-snippet:-1, max-image-preview:large, max-video-preview:-1\" \/>\n<link rel=\"canonical\" href=\"https:\/\/uk-gb.net\/pl\/causeway-coastal-route-pl\/\" \/>\n<meta property=\"og:locale\" content=\"pl_PL\" \/>\n<meta property=\"og:type\" content=\"article\" \/>\n<meta property=\"og:title\" content=\"Causeway Coastal Route: pe\u0142na trasa w Irlandii P\u00f3\u0142nocnej, mapa i porady - UK GB\" \/>\n<meta property=\"og:description\" content=\"Causeway Coastal Route w Irlandii P\u00f3\u0142nocnej: szczeg\u00f3\u0142owy plan podr\u00f3\u017cy, mapa, najwa\u017cniejsze etapy i miejsca do zobaczenia mi\u0119dzy Belfastem a Derry.\" \/>\n<meta property=\"og:url\" content=\"https:\/\/uk-gb.net\/pl\/causeway-coastal-route-pl\/\" \/>\n<meta property=\"og:site_name\" content=\"UK GB\" \/>\n<meta property=\"article:modified_time\" content=\"2026-03-02T15:20:52+00:00\" \/>\n<meta property=\"og:image\" content=\"https:\/\/uk-gb.net\/wp-content\/uploads\/2026\/02\/causeway-carrick-a-rede-rope-bridge.jpg\" \/>\n\t<meta property=\"og:image:width\" content=\"1050\" \/>\n\t<meta property=\"og:image:height\" content=\"470\" \/>\n\t<meta property=\"og:image:type\" content=\"image\/jpeg\" \/>\n<meta name=\"twitter:card\" content=\"summary_large_image\" \/>\n<meta name=\"twitter:label1\" content=\"Szacowany czas czytania\" \/>\n\t<meta name=\"twitter:data1\" content=\"2 minuty\" \/>\n<script type=\"application\/ld+json\" class=\"yoast-schema-graph\">{\"@context\":\"https:\\\/\\\/schema.org\",\"@graph\":[{\"@type\":\"WebPage\",\"@id\":\"https:\\\/\\\/uk-gb.net\\\/pl\\\/causeway-coastal-route-pl\\\/\",\"url\":\"https:\\\/\\\/uk-gb.net\\\/pl\\\/causeway-coastal-route-pl\\\/\",\"name\":\"Causeway Coastal Route: pe\u0142na trasa w Irlandii P\u00f3\u0142nocnej, mapa i porady - UK GB\",\"isPartOf\":{\"@id\":\"https:\\\/\\\/uk-gb.net\\\/pl\\\/#website\"},\"primaryImageOfPage\":{\"@id\":\"https:\\\/\\\/uk-gb.net\\\/pl\\\/causeway-coastal-route-pl\\\/#primaryimage\"},\"image\":{\"@id\":\"https:\\\/\\\/uk-gb.net\\\/pl\\\/causeway-coastal-route-pl\\\/#primaryimage\"},\"thumbnailUrl\":\"https:\\\/\\\/uk-gb.net\\\/wp-content\\\/uploads\\\/2026\\\/02\\\/causeway-carrick-a-rede-rope-bridge-1024x458.jpg\",\"datePublished\":\"2026-02-25T16:17:50+00:00\",\"dateModified\":\"2026-03-02T15:20:52+00:00\",\"description\":\"Causeway Coastal Route w Irlandii P\u00f3\u0142nocnej: szczeg\u00f3\u0142owy plan podr\u00f3\u017cy, mapa, najwa\u017cniejsze etapy i miejsca do zobaczenia mi\u0119dzy Belfastem a Derry.\",\"inLanguage\":\"pl-PL\",\"potentialAction\":[{\"@type\":\"ReadAction\",\"target\":[\"https:\\\/\\\/uk-gb.net\\\/pl\\\/causeway-coastal-route-pl\\\/\"]}]},{\"@type\":\"ImageObject\",\"inLanguage\":\"pl-PL\",\"@id\":\"https:\\\/\\\/uk-gb.net\\\/pl\\\/causeway-coastal-route-pl\\\/#primaryimage\",\"url\":\"https:\\\/\\\/uk-gb.net\\\/wp-content\\\/uploads\\\/2026\\\/02\\\/causeway-carrick-a-rede-rope-bridge-1024x458.jpg\",\"contentUrl\":\"https:\\\/\\\/uk-gb.net\\\/wp-content\\\/uploads\\\/2026\\\/02\\\/causeway-carrick-a-rede-rope-bridge-1024x458.jpg\"},{\"@type\":\"WebSite\",\"@id\":\"https:\\\/\\\/uk-gb.net\\\/pl\\\/#website\",\"url\":\"https:\\\/\\\/uk-gb.net\\\/pl\\\/\",\"name\":\"UK GB\",\"description\":\"Travel to the UK\",\"potentialAction\":[{\"@type\":\"SearchAction\",\"target\":{\"@type\":\"EntryPoint\",\"urlTemplate\":\"https:\\\/\\\/uk-gb.net\\\/pl\\\/?s={search_term_string}\"},\"query-input\":{\"@type\":\"PropertyValueSpecification\",\"valueRequired\":true,\"valueName\":\"search_term_string\"}}],\"inLanguage\":\"pl-PL\"}]}<\/script>\n<!-- \/ Yoast SEO plugin. -->","yoast_head_json":{"title":"Causeway Coastal Route: pe\u0142na trasa w Irlandii P\u00f3\u0142nocnej, mapa i porady - UK GB","description":"Causeway Coastal Route w Irlandii P\u00f3\u0142nocnej: szczeg\u00f3\u0142owy plan podr\u00f3\u017cy, mapa, najwa\u017cniejsze etapy i miejsca do zobaczenia mi\u0119dzy Belfastem a Derry.","robots":{"index":"index","follow":"follow","max-snippet":"max-snippet:-1","max-image-preview":"max-image-preview:large","max-video-preview":"max-video-preview:-1"},"canonical":"https:\/\/uk-gb.net\/pl\/causeway-coastal-route-pl\/","og_locale":"pl_PL","og_type":"article","og_title":"Causeway Coastal Route: pe\u0142na trasa w Irlandii P\u00f3\u0142nocnej, mapa i porady - UK GB","og_description":"Causeway Coastal Route w Irlandii P\u00f3\u0142nocnej: szczeg\u00f3\u0142owy plan podr\u00f3\u017cy, mapa, najwa\u017cniejsze etapy i miejsca do zobaczenia mi\u0119dzy Belfastem a Derry.","og_url":"https:\/\/uk-gb.net\/pl\/causeway-coastal-route-pl\/","og_site_name":"UK GB","article_modified_time":"2026-03-02T15:20:52+00:00","og_image":[{"width":1050,"height":470,"url":"https:\/\/uk-gb.net\/wp-content\/uploads\/2026\/02\/causeway-carrick-a-rede-rope-bridge.jpg","type":"image\/jpeg"}],"twitter_card":"summary_large_image","twitter_misc":{"Szacowany czas czytania":"2 minuty"},"schema":{"@context":"https:\/\/schema.org","@graph":[{"@type":"WebPage","@id":"https:\/\/uk-gb.net\/pl\/causeway-coastal-route-pl\/","url":"https:\/\/uk-gb.net\/pl\/causeway-coastal-route-pl\/","name":"Causeway Coastal Route: pe\u0142na trasa w Irlandii P\u00f3\u0142nocnej, mapa i porady - UK GB","isPartOf":{"@id":"https:\/\/uk-gb.net\/pl\/#website"},"primaryImageOfPage":{"@id":"https:\/\/uk-gb.net\/pl\/causeway-coastal-route-pl\/#primaryimage"},"image":{"@id":"https:\/\/uk-gb.net\/pl\/causeway-coastal-route-pl\/#primaryimage"},"thumbnailUrl":"https:\/\/uk-gb.net\/wp-content\/uploads\/2026\/02\/causeway-carrick-a-rede-rope-bridge-1024x458.jpg","datePublished":"2026-02-25T16:17:50+00:00","dateModified":"2026-03-02T15:20:52+00:00","description":"Causeway Coastal Route w Irlandii P\u00f3\u0142nocnej: szczeg\u00f3\u0142owy plan podr\u00f3\u017cy, mapa, najwa\u017cniejsze etapy i miejsca do zobaczenia mi\u0119dzy Belfastem a Derry.","inLanguage":"pl-PL","potentialAction":[{"@type":"ReadAction","target":["https:\/\/uk-gb.net\/pl\/causeway-coastal-route-pl\/"]}]},{"@type":"ImageObject","inLanguage":"pl-PL","@id":"https:\/\/uk-gb.net\/pl\/causeway-coastal-route-pl\/#primaryimage","url":"https:\/\/uk-gb.net\/wp-content\/uploads\/2026\/02\/causeway-carrick-a-rede-rope-bridge-1024x458.jpg","contentUrl":"https:\/\/uk-gb.net\/wp-content\/uploads\/2026\/02\/causeway-carrick-a-rede-rope-bridge-1024x458.jpg"},{"@type":"WebSite","@id":"https:\/\/uk-gb.net\/pl\/#website","url":"https:\/\/uk-gb.net\/pl\/","name":"UK GB","description":"Travel to the UK","potentialAction":[{"@type":"SearchAction","target":{"@type":"EntryPoint","urlTemplate":"https:\/\/uk-gb.net\/pl\/?s={search_term_string}"},"query-input":{"@type":"PropertyValueSpecification","valueRequired":true,"valueName":"search_term_string"}}],"inLanguage":"pl-PL"}]}},"_links":{"self":[{"href":"https:\/\/uk-gb.net\/pl\/wp-json\/wp\/v2\/pages\/9901","targetHints":{"allow":["GET"]}}],"collection":[{"href":"https:\/\/uk-gb.net\/pl\/wp-json\/wp\/v2\/pages"}],"about":[{"href":"https:\/\/uk-gb.net\/pl\/wp-json\/wp\/v2\/types\/page"}],"author":[{"embeddable":true,"href":"https:\/\/uk-gb.net\/pl\/wp-json\/wp\/v2\/users\/1"}],"replies":[{"embeddable":true,"href":"https:\/\/uk-gb.net\/pl\/wp-json\/wp\/v2\/comments?post=9901"}],"version-history":[{"count":0,"href":"https:\/\/uk-gb.net\/pl\/wp-json\/wp\/v2\/pages\/9901\/revisions"}],"wp:attachment":[{"href":"https:\/\/uk-gb.net\/pl\/wp-json\/wp\/v2\/media?parent=9901"}],"curies":[{"name":"wp","href":"https:\/\/api.w.org\/{rel}","templated":true}]}}