{"id":921,"date":"2023-12-07T16:52:56","date_gmt":"2023-12-07T16:52:56","guid":{"rendered":"https:\/\/uk-gb.net\/wiza-do-londynu\/"},"modified":"2025-08-27T10:34:50","modified_gmt":"2025-08-27T09:34:50","slug":"wiza-do-londynu","status":"publish","type":"page","link":"https:\/\/uk-gb.net\/pl\/wiza-do-londynu\/","title":{"rendered":"Wiza na podr\u00f3\u017c do Londynu lub mi\u0119dzyl\u0105dowanie"},"content":{"rendered":"\n<h1 class=\"wp-block-heading\">Wiza na podr\u00f3\u017c lub pobyt w Londynie<\/h1>\n\n<p><a href=\"https:\/\/uk-gb.net\/pl\/londyn\/\">Londyn<\/a> jest g\u0142\u00f3wn\u0105 bram\u0105 do Wielkiej Brytanii dla turyst\u00f3w, student\u00f3w, profesjonalist\u00f3w i os\u00f3b podr\u00f3\u017cuj\u0105cych tranzytem. Odk\u0105d Wielka Brytania opu\u015bci\u0142a Uni\u0119 Europejsk\u0105, <a href=\"https:\/\/uk-gb.net\/pl\/wiza-zjednoczone-krolestwo\/\">formalno\u015bci zwi\u0105zane z wjazdem do Wielkiej Brytanii<\/a> uleg\u0142y zmianie. W zale\u017cno\u015bci od narodowo\u015bci, d\u0142ugo\u015bci pobytu lub powodu podr\u00f3\u017cy, mo\u017cesz potrzebowa\u0107 wizy lub ETA. Oto wszystko, co musisz wiedzie\u0107, aby legalnie podr\u00f3\u017cowa\u0107 lub zatrzyma\u0107 si\u0119 w Londynie.   <\/p>\n\n<h2 class=\"wp-block-heading\">Czy potrzebuj\u0119 wizy do Londynu?<\/h2>\n\n<p>To, czy potrzebujesz wizy, aby odwiedzi\u0107 Londyn, zale\u017cy od Twojej narodowo\u015bci i powodu wizyty.<\/p>\n\n<p><strong>Nie potrzebujesz wizy, je\u015bli<\/strong>:<\/p>\n\n<ul class=\"wp-block-list\">\n<li>Jeste\u015b obywatelem Irlandii.<\/li>\n\n\n\n<li>Jeste\u015b obywatelem kraju zwolnionego z obowi\u0105zku wizowego, a Tw\u00f3j pobyt jest kr\u00f3tki (poni\u017cej 6 miesi\u0119cy) w celach turystycznych, wizyty rodzinnej, kr\u00f3tkiej misji biznesowej lub studi\u00f3w kr\u00f3tkoterminowych. <\/li>\n<\/ul>\n\n<p>Od 2025 r. podr\u00f3\u017cni ci musz\u0105 uzyska\u0107 elektroniczne zezwolenie na podr\u00f3\u017c, wype\u0142niaj\u0105c <a href=\"https:\/\/uk-gb.net\/pl\/wiza-online-eta-anglii\/\">formularz ETA online<\/a>.<\/p>\n\n<p><strong>Potrzebujesz wizy, je\u015bli<\/strong>:<\/p>\n\n<ul class=\"wp-block-list\">\n<li>Jeste\u015b obywatelem kraju, kt\u00f3ry nie wymaga wizy, w tym na pobyt kr\u00f3tkoterminowy.<\/li>\n\n\n\n<li>Chcesz pracowa\u0107, studiowa\u0107 d\u0142ugoterminowo, osiedli\u0107 si\u0119 lub wzi\u0105\u0107 \u015blub w Wielkiej Brytanii.<\/li>\n\n\n\n<li>Chcesz do\u0142\u0105czy\u0107 do cz\u0142onka swojej rodziny w Londynie na d\u0142u\u017cszy okres.<\/li>\n<\/ul>\n\n<p>Tury\u015bci chc\u0105cy pozosta\u0107 w Wielkiej Brytanii d\u0142u\u017cej ni\u017c 6 miesi\u0119cy musz\u0105 uzyska\u0107 <a href=\"https:\/\/uk-gb.net\/pl\/wiza-turystyczna-anglia-wielka-brytania\/\">angielsk\u0105 wiz\u0119 turystyczn\u0105<\/a>.<\/p>\n\n<div style=\"height:10px\" aria-hidden=\"true\" class=\"wp-block-spacer\"><\/div>\n\n<h2 class=\"wp-block-heading\">ETA: alternatywa dla wizy na wizyt\u0119 w Londynie<\/h2>\n\n<p><a href=\"https:\/\/uk-gb.net\/pl\/eta-anglia-wielka-brytania\/\">Elektroniczne zezwolenie na podr\u00f3\u017c<\/a> (ETA) to obowi\u0105zkowe zezwolenie na podr\u00f3\u017c dla obywateli niekt\u00f3rych kraj\u00f3w zwolnionych z obowi\u0105zku wizowego podczas wizyty w Wielkiej Brytanii.<\/p>\n\n<ul class=\"wp-block-list\">\n<li><a href=\"https:\/\/uk-gb.net\/pl\/cena-eta-wielkiej-brytanii\/\">Cena ETA<\/a>: 16 funt\u00f3w (oko\u0142o 19 euro)<\/li>\n\n\n\n<li>Wa\u017cno\u015b\u0107: 2 lata lub do wyga\u015bni\u0119cia wa\u017cno\u015bci paszportu<\/li>\n\n\n\n<li>Maksymalny czas pobytu: 6 miesi\u0119cy<\/li>\n\n\n\n<li>Zastosowanie: turystyka, biznes, kr\u00f3tkie studia lub tranzyt<\/li>\n<\/ul>\n\n<p>Od kwietnia 2025 r. obywatele europejscy maj\u0105 obowi\u0105zek uzyskania <strong>ETA dla Londynu przed wyjazdem<\/strong>.<\/p>\n\n<h2 class=\"wp-block-heading\">Czy potrzebuj\u0119 wizy, aby zatrzyma\u0107 si\u0119 w Londynie?<\/h2>\n\n<p>Je\u015bli masz mi\u0119dzyl\u0105dowanie na lotnisku w Londynie (Heathrow, Gatwick, Stansted, Luton), formalno\u015bci r\u00f3\u017cni\u0105 si\u0119 w zale\u017cno\u015bci od tego, czy przechodzisz przez brytyjsk\u0105 kontrol\u0119 graniczn\u0105.<\/p>\n\n<h3 class=\"wp-block-heading\">Przypadek 1: tranzyt bez wyj\u015bcia z lotniska<\/h3>\n\n<p>Je\u015bli przebywasz w strefie mi\u0119dzynarodowej i nie zmieniasz lotniska: Je\u015bli jeste\u015b obywatelem <a href=\"https:\/\/uk-gb.net\/pl\/kraje-ktore-mogaubiegac-eta-wielka-brytania\/\">kraju, kt\u00f3ry jest cz\u0142onkiem brytyjskiego programu bezwizowego<\/a>, mo\u017cesz ubiega\u0107 si\u0119 o brytyjski ETA, aby zatrzyma\u0107 si\u0119 w Londynie bez wizy.<\/p>\n\n<h3 class=\"wp-block-heading\">Przypadek 2: tranzyt z przekroczeniem granicy<\/h3>\n\n<p>Je\u015bli musisz zmieni\u0107 lotnisko lub przej\u015b\u0107 przez odpraw\u0119 celn\u0105 (np. w przypadku d\u0142ugiego mi\u0119dzyl\u0105dowania): b\u0119dziesz potrzebowa\u0107 <a href=\"https:\/\/uk-gb.net\/pl\/postoj-z-wiza-tranzytowa-w-anglii\/\">wizy tranzytowej<\/a> lub ETA, w zale\u017cno\u015bci od narodowo\u015bci.<\/p>\n\n<p>Warto wiedzie\u0107: nawet w przypadku zwyk\u0142ego tranzytu niekt\u00f3rzy obywatele musz\u0105 uzyska\u0107 brytyjsk\u0105 wiz\u0119 tranzytow\u0105 (Visitor in Transit Visa).<\/p>\n\n<div style=\"height:10px\" aria-hidden=\"true\" class=\"wp-block-spacer\"><\/div>\n\n<h2 class=\"wp-block-heading\">Jak uzyska\u0107 wiz\u0119 lub ETA do Londynu?<\/h2>\n\n<p>Poni\u017cej znajduje si\u0119 uproszczone podsumowanie procedury w zale\u017cno\u015bci od sytuacji podr\u00f3\u017cnego.<\/p>\n\n<figure class=\"wp-block-table\"><table class=\"has-fixed-layout\"><thead><tr><th>Sytuacja<\/th><th class=\"has-text-align-center\" data-align=\"center\">Rodzaj wymaganego dokumentu<\/th><th class=\"has-text-align-left\" data-align=\"left\">Procedura<\/th><\/tr><\/thead><tbody><tr><td>Kr\u00f3tkie przerwy na turystyk\u0119, biznes lub nauk\u0119<\/td><td class=\"has-text-align-center\" data-align=\"center\">ETA<\/td><td class=\"has-text-align-left\" data-align=\"left\">Wniosek online na stronie <a href=\"https:\/\/www.gov.uk\/eta\">gov.<\/a>uk, p\u0142atno\u015b\u0107 kart\u0105 kredytow\u0105<\/td><\/tr><tr><td>Pobyt przez ponad 6 miesi\u0119cy, praca, \u0142\u0105czenie rodzin<\/td><td class=\"has-text-align-center\" data-align=\"center\">Wiza brytyjska<\/td><td class=\"has-text-align-left\" data-align=\"left\">Aplikacja online + spotkanie w ambasadzie<\/td><\/tr><tr><td>Tranzyt z wyj\u015bciem ze strefy mi\u0119dzynarodowej<\/td><td class=\"has-text-align-center\" data-align=\"center\">ETA lub wiza tranzytowa<\/td><td class=\"has-text-align-left\" data-align=\"left\">W zale\u017cno\u015bci od narodowo\u015bci i lotniska<\/td><\/tr><\/tbody><\/table><\/figure>\n\n<p>Aby uzyska\u0107 wiz\u0119 do Londynu, obcokrajowcy musz\u0105 przej\u015b\u0107 <a href=\"https:\/\/uk-gb.net\/pl\/procedura-wize-wielkiej-brytanii\/\">procedur\u0119 ubiegania si\u0119 o wiz\u0119 online<\/a>. Proces ten sk\u0142ada si\u0119 z kilku etap\u00f3w:<\/p>\n\n<ul class=\"wp-block-list\">\n<li>Wybierz rodzaj wizy w zale\u017cno\u015bci od powodu podr\u00f3\u017cy;<\/li>\n\n\n\n<li>Zbierz niezb\u0119dne dokumenty uzupe\u0142niaj\u0105ce;<\/li>\n\n\n\n<li>Wype\u0142nij internetowy formularz wniosku wizowego;<\/li>\n\n\n\n<li>Ui\u015bci\u0107 <a href=\"https:\/\/uk-gb.net\/pl\/cena-wizy-do-anglii\/\">op\u0142at\u0119 wizow\u0105<\/a>;<\/li>\n\n\n\n<li>Um\u00f3w si\u0119 na spotkanie w <a href=\"https:\/\/uk-gb.net\/pl\/ambasada-wielkiej-brytanii-polsce\/\">ambasadzie brytyjskiej<\/a>;<\/li>\n\n\n\n<li>Z\u0142o\u017cenie dokument\u00f3w w celu sfinalizowania wniosku wizowego;<\/li>\n\n\n\n<li>We\u017a udzia\u0142 w <a href=\"https:\/\/uk-gb.net\/pl\/ambasada-ds-wiz-w-anglii\/\">rozmowie wizowej<\/a>, je\u015bli Tw\u00f3j wniosek tego wymaga.<\/li>\n<\/ul>\n\n<div style=\"height:10px\" aria-hidden=\"true\" class=\"wp-block-spacer\"><\/div>\n\n<h2 class=\"wp-block-heading\">Jakich dokument\u00f3w potrzebuj\u0119, aby podr\u00f3\u017cowa\u0107 do Londynu?<\/h2>\n\n<p>Oto najcz\u0119stsze dokumenty wymagane po przyje\u017adzie do Wielkiej Brytanii:<\/p>\n\n<ul class=\"wp-block-list\">\n<li><strong>Wa\u017cny paszport<\/strong> sta\u0142 si\u0119 ponownie obowi\u0105zkowy po Brexicie;<\/li>\n\n\n\n<li>Wa\u017cny <strong>ETA lub wiza<\/strong>;<\/li>\n\n\n\n<li><strong>Dow\u00f3d posiadania wystarczaj\u0105cych \u015brodk\u00f3w<\/strong> na pobyt;<\/li>\n\n\n\n<li><strong>Dow\u00f3d zakwaterowania<\/strong>, np. rezerwacja hotelowa lub zaproszenie;<\/li>\n\n\n\n<li><strong>Bilet powrotny lub bilet na dalsz\u0105<\/strong> podr\u00f3\u017c w przypadku tranzytu.<\/li>\n<\/ul>\n\n<div style=\"height:10px\" aria-hidden=\"true\" class=\"wp-block-spacer\"><\/div>\n\n<h2 class=\"wp-block-heading\">Wnioski<\/h2>\n\n<p>Je\u015bli podr\u00f3\u017cujesz do lub przez Londyn, musisz dok\u0142adnie sprawdzi\u0107 swoj\u0105 sytuacj\u0119 osobist\u0105. <strong>ETA jest obecnie obowi\u0105zkowa<\/strong> dla wielu podr\u00f3\u017cnych, nawet Europejczyk\u00f3w, podczas gdy inni b\u0119d\u0105 musieli przej\u015b\u0107 przez tradycyjn\u0105 <a href=\"https:\/\/uk-gb.net\/pl\/rozne-rodzaje-wiz-brytyjskich\/\">brytyjsk\u0105 \u015bcie\u017ck\u0119 wizow\u0105<\/a>. W razie w\u0105tpliwo\u015bci najlepiej przeprowadzi\u0107 symulacj\u0119 na <a href=\"https:\/\/www.gov.uk\/check-uk-visa\">oficjalnej stronie rz\u0105du Wielkiej Brytanii<\/a>.  <\/p>\n","protected":false},"excerpt":{"rendered":"<p>Wiza na podr\u00f3\u017c lub pobyt w Londynie Londyn jest g\u0142\u00f3wn\u0105 bram\u0105 do Wielkiej Brytanii dla turyst\u00f3w, student\u00f3w, profesjonalist\u00f3w i os\u00f3b podr\u00f3\u017cuj\u0105cych tranzytem. Odk\u0105d Wielka Brytania opu\u015bci\u0142a Uni\u0119 Europejsk\u0105, formalno\u015bci zwi\u0105zane z wjazdem do Wielkiej Brytanii uleg\u0142y zmianie. W zale\u017cno\u015bci od narodowo\u015bci, d\u0142ugo\u015bci pobytu lub powodu podr\u00f3\u017cy, mo\u017cesz potrzebowa\u0107 wizy lub ETA. Oto wszystko, co musisz [&hellip;]<\/p>\n","protected":false},"author":1,"featured_media":0,"parent":0,"menu_order":0,"comment_status":"closed","ping_status":"closed","template":"","meta":{"footnotes":""},"class_list":["post-921","page","type-page","status-publish","hentry"],"yoast_head":"<!-- This site is optimized with the Yoast SEO plugin v27.3 - https:\/\/yoast.com\/product\/yoast-seo-wordpress\/ -->\n<title>Wiza na podr\u00f3\u017c do Londynu lub mi\u0119dzyl\u0105dowanie - UK GB<\/title>\n<meta name=\"description\" content=\"Aby podr\u00f3\u017cowa\u0107 do Wielkiej Brytanii po wyl\u0105dowaniu w Londynie, nale\u017cy uzyska\u0107 wiz\u0119 lub dokument podr\u00f3\u017cy do Londynu.\" \/>\n<meta name=\"robots\" content=\"index, follow, max-snippet:-1, max-image-preview:large, max-video-preview:-1\" \/>\n<link rel=\"canonical\" href=\"https:\/\/uk-gb.net\/pl\/wiza-do-londynu\/\" \/>\n<meta property=\"og:locale\" content=\"pl_PL\" \/>\n<meta property=\"og:type\" content=\"article\" \/>\n<meta property=\"og:title\" content=\"Wiza na podr\u00f3\u017c do Londynu lub mi\u0119dzyl\u0105dowanie - UK GB\" \/>\n<meta property=\"og:description\" content=\"Aby podr\u00f3\u017cowa\u0107 do Wielkiej Brytanii po wyl\u0105dowaniu w Londynie, nale\u017cy uzyska\u0107 wiz\u0119 lub dokument podr\u00f3\u017cy do Londynu.\" \/>\n<meta property=\"og:url\" content=\"https:\/\/uk-gb.net\/pl\/wiza-do-londynu\/\" \/>\n<meta property=\"og:site_name\" content=\"UK GB\" \/>\n<meta property=\"article:modified_time\" content=\"2025-08-27T09:34:50+00:00\" \/>\n<meta name=\"twitter:card\" content=\"summary_large_image\" \/>\n<meta name=\"twitter:label1\" content=\"Szacowany czas czytania\" \/>\n\t<meta name=\"twitter:data1\" content=\"4 minuty\" \/>\n<script type=\"application\/ld+json\" class=\"yoast-schema-graph\">{\"@context\":\"https:\\\/\\\/schema.org\",\"@graph\":[{\"@type\":\"WebPage\",\"@id\":\"https:\\\/\\\/uk-gb.net\\\/pl\\\/wiza-do-londynu\\\/\",\"url\":\"https:\\\/\\\/uk-gb.net\\\/pl\\\/wiza-do-londynu\\\/\",\"name\":\"Wiza na podr\u00f3\u017c do Londynu lub mi\u0119dzyl\u0105dowanie - UK GB\",\"isPartOf\":{\"@id\":\"https:\\\/\\\/uk-gb.net\\\/pl\\\/#website\"},\"datePublished\":\"2023-12-07T16:52:56+00:00\",\"dateModified\":\"2025-08-27T09:34:50+00:00\",\"description\":\"Aby podr\u00f3\u017cowa\u0107 do Wielkiej Brytanii po wyl\u0105dowaniu w Londynie, nale\u017cy uzyska\u0107 wiz\u0119 lub dokument podr\u00f3\u017cy do Londynu.\",\"inLanguage\":\"pl-PL\",\"potentialAction\":[{\"@type\":\"ReadAction\",\"target\":[\"https:\\\/\\\/uk-gb.net\\\/pl\\\/wiza-do-londynu\\\/\"]}]},{\"@type\":\"WebSite\",\"@id\":\"https:\\\/\\\/uk-gb.net\\\/pl\\\/#website\",\"url\":\"https:\\\/\\\/uk-gb.net\\\/pl\\\/\",\"name\":\"UK GB\",\"description\":\"Travel to the UK\",\"potentialAction\":[{\"@type\":\"SearchAction\",\"target\":{\"@type\":\"EntryPoint\",\"urlTemplate\":\"https:\\\/\\\/uk-gb.net\\\/pl\\\/?s={search_term_string}\"},\"query-input\":{\"@type\":\"PropertyValueSpecification\",\"valueRequired\":true,\"valueName\":\"search_term_string\"}}],\"inLanguage\":\"pl-PL\"}]}<\/script>\n<!-- \/ Yoast SEO plugin. -->","yoast_head_json":{"title":"Wiza na podr\u00f3\u017c do Londynu lub mi\u0119dzyl\u0105dowanie - UK GB","description":"Aby podr\u00f3\u017cowa\u0107 do Wielkiej Brytanii po wyl\u0105dowaniu w Londynie, nale\u017cy uzyska\u0107 wiz\u0119 lub dokument podr\u00f3\u017cy do Londynu.","robots":{"index":"index","follow":"follow","max-snippet":"max-snippet:-1","max-image-preview":"max-image-preview:large","max-video-preview":"max-video-preview:-1"},"canonical":"https:\/\/uk-gb.net\/pl\/wiza-do-londynu\/","og_locale":"pl_PL","og_type":"article","og_title":"Wiza na podr\u00f3\u017c do Londynu lub mi\u0119dzyl\u0105dowanie - UK GB","og_description":"Aby podr\u00f3\u017cowa\u0107 do Wielkiej Brytanii po wyl\u0105dowaniu w Londynie, nale\u017cy uzyska\u0107 wiz\u0119 lub dokument podr\u00f3\u017cy do Londynu.","og_url":"https:\/\/uk-gb.net\/pl\/wiza-do-londynu\/","og_site_name":"UK GB","article_modified_time":"2025-08-27T09:34:50+00:00","twitter_card":"summary_large_image","twitter_misc":{"Szacowany czas czytania":"4 minuty"},"schema":{"@context":"https:\/\/schema.org","@graph":[{"@type":"WebPage","@id":"https:\/\/uk-gb.net\/pl\/wiza-do-londynu\/","url":"https:\/\/uk-gb.net\/pl\/wiza-do-londynu\/","name":"Wiza na podr\u00f3\u017c do Londynu lub mi\u0119dzyl\u0105dowanie - UK GB","isPartOf":{"@id":"https:\/\/uk-gb.net\/pl\/#website"},"datePublished":"2023-12-07T16:52:56+00:00","dateModified":"2025-08-27T09:34:50+00:00","description":"Aby podr\u00f3\u017cowa\u0107 do Wielkiej Brytanii po wyl\u0105dowaniu w Londynie, nale\u017cy uzyska\u0107 wiz\u0119 lub dokument podr\u00f3\u017cy do Londynu.","inLanguage":"pl-PL","potentialAction":[{"@type":"ReadAction","target":["https:\/\/uk-gb.net\/pl\/wiza-do-londynu\/"]}]},{"@type":"WebSite","@id":"https:\/\/uk-gb.net\/pl\/#website","url":"https:\/\/uk-gb.net\/pl\/","name":"UK GB","description":"Travel to the UK","potentialAction":[{"@type":"SearchAction","target":{"@type":"EntryPoint","urlTemplate":"https:\/\/uk-gb.net\/pl\/?s={search_term_string}"},"query-input":{"@type":"PropertyValueSpecification","valueRequired":true,"valueName":"search_term_string"}}],"inLanguage":"pl-PL"}]}},"_links":{"self":[{"href":"https:\/\/uk-gb.net\/pl\/wp-json\/wp\/v2\/pages\/921","targetHints":{"allow":["GET"]}}],"collection":[{"href":"https:\/\/uk-gb.net\/pl\/wp-json\/wp\/v2\/pages"}],"about":[{"href":"https:\/\/uk-gb.net\/pl\/wp-json\/wp\/v2\/types\/page"}],"author":[{"embeddable":true,"href":"https:\/\/uk-gb.net\/pl\/wp-json\/wp\/v2\/users\/1"}],"replies":[{"embeddable":true,"href":"https:\/\/uk-gb.net\/pl\/wp-json\/wp\/v2\/comments?post=921"}],"version-history":[{"count":0,"href":"https:\/\/uk-gb.net\/pl\/wp-json\/wp\/v2\/pages\/921\/revisions"}],"wp:attachment":[{"href":"https:\/\/uk-gb.net\/pl\/wp-json\/wp\/v2\/media?parent=921"}],"curies":[{"name":"wp","href":"https:\/\/api.w.org\/{rel}","templated":true}]}}