{"id":915,"date":"2023-12-07T17:06:53","date_gmt":"2023-12-07T17:06:53","guid":{"rendered":"https:\/\/uk-gb.net\/wiza-do-liverpoolu\/"},"modified":"2025-08-27T10:28:02","modified_gmt":"2025-08-27T09:28:02","slug":"wiza-do-liverpoolu","status":"publish","type":"page","link":"https:\/\/uk-gb.net\/pl\/wiza-do-liverpoolu\/","title":{"rendered":"Wiza na podr\u00f3\u017c do Liverpoolu"},"content":{"rendered":"\n<h1 class=\"wp-block-heading\">Wizy na podr\u00f3\u017c do lub z mi\u0119dzyl\u0105dowaniem w Liverpoolu<\/h1>\n\n<p><a href=\"https:\/\/uk-gb.net\/pl\/liverpool\/\">Liverpool<\/a>, s\u0142yn\u0105cy z historii morskiej, zabytk\u00f3w kultury i dziedzictwa muzycznego, przyci\u0105ga co roku wielu mi\u0119dzynarodowych turyst\u00f3w. Niezale\u017cnie od tego, czy odkrywasz miasto Beatles\u00f3w, uczestniczysz w wydarzeniu sportowym, czy po prostu zatrzymujesz si\u0119 na lotnisku w Liverpoolu, wa\u017cne jest, aby zapozna\u0107 si\u0119 z formalno\u015bciami wjazdowymi. W zale\u017cno\u015bci od narodowo\u015bci i celu wizyty, b\u0119dziesz potrzebowa\u0107 <a href=\"https:\/\/uk-gb.net\/pl\/wiza-turystyczna-anglia-wielka-brytania\/\">wizy brytyjskiej<\/a> lub <a href=\"https:\/\/uk-gb.net\/pl\/eta-anglia-wielka-brytania\/\">elektronicznego zezwolenia na podr\u00f3\u017c<\/a> (ETA).  <\/p>\n\n<p><strong>W przypadku pobyt\u00f3w kr\u00f3tszych ni\u017c 6 miesi\u0119cy<\/strong>: Uzyskanie wizy turystycznej do Liverpoolu nie jest konieczne. Obywatele kraj\u00f3w europejskich zwolnionych z obowi\u0105zku wizowego musz\u0105 po prostu uzyska\u0107 zezwolenie na podr\u00f3\u017c, wype\u0142niaj\u0105c <a href=\"https:\/\/uk-gb.net\/pl\/wiza-online-eta-anglii\/\">formularz ETA online<\/a>. <\/p>\n\n<h2 class=\"wp-block-heading\">Czy potrzebuj\u0119 wizy, aby podr\u00f3\u017cowa\u0107 do Liverpoolu?<\/h2>\n\n<h3 class=\"wp-block-heading\">Nie potrzebujesz wizy, je\u015bli :<\/h3>\n\n<ul class=\"wp-block-list\">\n<li>Jeste\u015b <strong>obywatelem Irlandii<\/strong>;<\/li>\n\n\n\n<li>Jeste\u015b obywatelem <strong>kraju zwolnionego z obowi\u0105zku wizowego<\/strong> na pobyt kr\u00f3tkoterminowy (turystyka, biznes, wizyta rodzinna lub kr\u00f3tkie studia trwaj\u0105ce kr\u00f3cej ni\u017c 6 miesi\u0119cy).<br\/>Od 2025 r. podr\u00f3\u017cni ci musz\u0105 uzyska\u0107 <a href=\"https:\/\/uk-gb.net\/pl\/eta-anglia-wielka-brytania\/\">zezwolenie ETA<\/a> przed wyjazdem.<\/li>\n<\/ul>\n\n<h3 class=\"wp-block-heading\">Potrzebujesz wizy, je\u015bli :<\/h3>\n\n<ul class=\"wp-block-list\">\n<li>Jeste\u015b obywatelem kraju podlegaj\u0105cego obowi\u0105zkowi wizowemu, takiego jak Indie, Chiny, Algieria, Nigeria, Pakistan&#8230; ;<\/li>\n\n\n\n<li>Chcesz <strong>pracowa\u0107<\/strong>, <strong>studiowa\u0107 przez d\u0142u\u017cszy czas<\/strong> lub <strong>osiedli\u0107 si\u0119 w<\/strong> Liverpoolu?<\/li>\n\n\n\n<li>Przyje\u017cd\u017casz, aby do\u0142\u0105czy\u0107 do cz\u0142onka swojej rodziny w Wielkiej Brytanii w celu d\u0142ugoterminowej przeprowadzki.<\/li>\n<\/ul>\n\n<div style=\"height:10px\" aria-hidden=\"true\" class=\"wp-block-spacer\"><\/div>\n\n<h2 class=\"wp-block-heading\">ETA: uproszczone zezwolenie na podr\u00f3\u017c do Liverpoolu<\/h2>\n\n<p><a href=\"https:\/\/uk-gb.net\/pl\/eta-anglia-wielka-brytania\/\">ETA<\/a> jest obowi\u0105zkowym zezwoleniem na podr\u00f3\u017c <a href=\"https:\/\/uk-gb.net\/pl\/kraje-ktore-mogaubiegac-eta-wielka-brytania\/\">do Wielkiej Brytanii dla obywateli niekt\u00f3rych kraj\u00f3w zwolnionych z obowi\u0105zku wizowego<\/a>.<\/p>\n\n<ul class=\"wp-block-list\">\n<li><a href=\"https:\/\/uk-gb.net\/pl\/cena-eta-wielkiej-brytanii\/\">Cena ETA<\/a>: 16 funt\u00f3w (oko\u0142o 19 euro)<\/li>\n\n\n\n<li>Wa\u017cno\u015b\u0107: 2 lata lub do wyga\u015bni\u0119cia wa\u017cno\u015bci paszportu<\/li>\n\n\n\n<li>Maksymalny czas pobytu: 6 miesi\u0119cy<\/li>\n\n\n\n<li>Zastosowanie: turystyka, biznes, kr\u00f3tkie studia lub tranzyt<\/li>\n<\/ul>\n\n<p>Od kwietnia 2025 r. obywatele UE musz\u0105 uzyska\u0107 <strong>ETA dla Liverpoolu przed wej\u015bciem na pok\u0142ad<\/strong>.<\/p>\n\n<h2 class=\"wp-block-heading\">Czy potrzebuj\u0119 wizy, aby zatrzyma\u0107 si\u0119 w Liverpoolu?<\/h2>\n\n<p><a href=\"https:\/\/uk-gb.net\/pl\/liverpool\/\">Liverpool<\/a> posiada mi\u0119dzynarodowe lotnisko (Liverpool John Lennon Airport), ale niekt\u00f3rzy pasa\u017cerowie korzystaj\u0105 r\u00f3wnie\u017c z pobliskiego lotniska w Manchesterze.<\/p>\n\n<h3 class=\"wp-block-heading\">Tranzyt bez przekraczania granicy brytyjskiej:<\/h3>\n\n<ul class=\"wp-block-list\">\n<li>Je\u015bli przebywasz w mi\u0119dzynarodowej strefie tranzytowej i nie przechodzisz przez kontrol\u0119 graniczn\u0105, w niekt\u00f3rych przypadkach mo\u017cesz by\u0107 zwolniony z obowi\u0105zku wizowego.<\/li>\n\n\n\n<li>Jednak w wi\u0119kszo\u015bci przypadk\u00f3w wymagany <strong>jest ETA,<\/strong> nawet w przypadku zwyk\u0142ego tranzytu.<\/li>\n<\/ul>\n\n<h3 class=\"wp-block-heading\">Tranzyt z przekroczeniem granicy (zmiana lotniska lub d\u0142u\u017cszy post\u00f3j) :<\/h3>\n\n<ul class=\"wp-block-list\">\n<li><a href=\"https:\/\/uk-gb.net\/pl\/postoj-z-wiza-tranzytowa-w-anglii\/\">W zale\u017cno\u015bci od narodowo\u015bci i planu podr\u00f3\u017cy wymagana b\u0119dzie brytyjska wiza tranzytowa<\/a> lub <strong>ETA<\/strong>. Zasady s\u0105 surowe, nawet w przypadku kr\u00f3tkich tranzyt\u00f3w. Zawsze nale\u017cy sprawdzi\u0107 swoj\u0105 sytuacj\u0119 przed wyjazdem.  <\/li>\n<\/ul>\n\n<div style=\"height:10px\" aria-hidden=\"true\" class=\"wp-block-spacer\"><\/div>\n\n<h2 class=\"wp-block-heading\">Ceny r\u00f3\u017cnych wiz do Liverpoolu?<\/h2>\n\n<p>Cena wizy do Liverpoolu zale\u017cy od rodzaju wizy potrzebnej do podr\u00f3\u017cy do Wielkiej Brytanii. W przypadku d\u0142u\u017cszych pobyt\u00f3w <a href=\"https:\/\/uk-gb.net\/pl\/cena-wizy-do-anglii\/\">koszty administracyjne wizy<\/a> s\u0105 wy\u017csze. Je\u015bli podr\u00f3\u017cny kwalifikuje si\u0119 do uzyskania <a href=\"https:\/\/uk-gb.net\/pl\/eta-anglia-wielka-brytania\/\">ETA dla Wielkiej Brytanii<\/a>, cena b\u0119dzie ni\u017csza: <a href=\"https:\/\/uk-gb.net\/pl\/cena-eta-wielkiej-brytanii\/\">Cena ETA<\/a> wynosi 16 GBP.  <\/p>\n\n<figure class=\"wp-block-table\"><table><thead><tr><th class=\"has-text-align-center\" data-align=\"center\">Rodzaj dokumentu<\/th><th class=\"has-text-align-center\" data-align=\"center\">Stawka<\/th><\/tr><\/thead><tbody><tr><td class=\"has-text-align-center\" data-align=\"center\">ETA<\/td><td class=\"has-text-align-center\" data-align=\"center\">16 \u00a3<\/td><\/tr><tr><td class=\"has-text-align-center\" data-align=\"center\">Wiza turystyczna (6 miesi\u0119cy)<\/td><td class=\"has-text-align-center\" data-align=\"center\">115 \u00a3<\/td><\/tr><tr><td class=\"has-text-align-center\" data-align=\"center\">Wiza tranzytowa<\/td><td class=\"has-text-align-center\" data-align=\"center\">64 \u00a3<\/td><\/tr><tr><td class=\"has-text-align-center\" data-align=\"center\">Wiza studencka<\/td><td class=\"has-text-align-center\" data-align=\"center\">od \u00a3490<\/td><\/tr><tr><td class=\"has-text-align-center\" data-align=\"center\">Wiza pracownicza lub rodzinna<\/td><td class=\"has-text-align-center\" data-align=\"center\">od \u00a31,846<\/td><\/tr><\/tbody><\/table><\/figure>\n\n<h2 class=\"wp-block-heading\">Jak ubiega\u0107 si\u0119 o wiz\u0119 do Liverpoolu?<\/h2>\n\n<p>Aby uzyska\u0107 wiz\u0119 do <a href=\"https:\/\/uk-gb.net\/pl\/liverpool\/\">Liverpoolu<\/a>, obcokrajowcy musz\u0105 przej\u015b\u0107 <a href=\"https:\/\/uk-gb.net\/pl\/procedura-wize-wielkiej-brytanii\/\">procedur\u0119 ubiegania si\u0119 o wiz\u0119 online<\/a>. Proces ten sk\u0142ada si\u0119 z kilku etap\u00f3w:<\/p>\n\n<ul class=\"wp-block-list\">\n<li>Wybierz rodzaj wizy w zale\u017cno\u015bci od powodu podr\u00f3\u017cy;<\/li>\n\n\n\n<li>Zbierz niezb\u0119dne dokumenty uzupe\u0142niaj\u0105ce;<\/li>\n\n\n\n<li>Wype\u0142nij formularz wniosku wizowego online na stronie <a href=\"https:\/\/www.gov.uk\/standard-visitor\/apply-standard-visitor-visa\">gov.uk<\/a>;<\/li>\n\n\n\n<li>Ui\u015bci\u0107 <a href=\"https:\/\/uk-gb.net\/pl\/cena-wizy-do-anglii\/\">op\u0142at\u0119 wizow\u0105<\/a>;<\/li>\n\n\n\n<li>Um\u00f3w si\u0119 na spotkanie w <a href=\"https:\/\/uk-gb.net\/pl\/ambasada-wielkiej-brytanii-polsce\/\">ambasadzie brytyjskiej<\/a>;<\/li>\n\n\n\n<li>Z\u0142o\u017cenie dokument\u00f3w w celu sfinalizowania wniosku wizowego;<\/li>\n\n\n\n<li>We\u017a udzia\u0142 w <a href=\"https:\/\/uk-gb.net\/pl\/ambasada-ds-wiz-w-anglii\/\">rozmowie wizowej<\/a>, je\u015bli Tw\u00f3j wniosek tego wymaga.<\/li>\n<\/ul>\n\n<div style=\"height:10px\" aria-hidden=\"true\" class=\"wp-block-spacer\"><\/div>\n\n<h2 class=\"wp-block-heading\">Podsumowanie<\/h2>\n\n<p>Od czasu reformy formalno\u015bci wjazdowych niezb\u0119dne jest staranne przygotowanie wniosku przed podr\u00f3\u017c\u0105 do Liverpoolu. <strong>ETA jest obecnie obowi\u0105zkowa<\/strong> dla wi\u0119kszo\u015bci obywateli zwolnionych z obowi\u0105zku wizowego. Je\u015bli nie spe\u0142niasz warunk\u00f3w ETA, b\u0119dziesz potrzebowa\u0107 standardowej wizy.  <\/p>\n\n<p>Przed wyjazdem do Liverpoolu sprawd\u017a sw\u00f3j oficjalny status na stronie internetowej rz\u0105du Wielkiej Brytanii: <a href=\"https:\/\/www.gov.uk\/check-uk-visa\">gov.uk\/check-uk-visa<\/a>.<\/p>\n\n<p><\/p>\n","protected":false},"excerpt":{"rendered":"<p>Wizy na podr\u00f3\u017c do lub z mi\u0119dzyl\u0105dowaniem w Liverpoolu Liverpool, s\u0142yn\u0105cy z historii morskiej, zabytk\u00f3w kultury i dziedzictwa muzycznego, przyci\u0105ga co roku wielu mi\u0119dzynarodowych turyst\u00f3w. Niezale\u017cnie od tego, czy odkrywasz miasto Beatles\u00f3w, uczestniczysz w wydarzeniu sportowym, czy po prostu zatrzymujesz si\u0119 na lotnisku w Liverpoolu, wa\u017cne jest, aby zapozna\u0107 si\u0119 z formalno\u015bciami wjazdowymi. W zale\u017cno\u015bci [&hellip;]<\/p>\n","protected":false},"author":1,"featured_media":0,"parent":0,"menu_order":0,"comment_status":"closed","ping_status":"closed","template":"","meta":{"footnotes":""},"class_list":["post-915","page","type-page","status-publish","hentry"],"yoast_head":"<!-- This site is optimized with the Yoast SEO plugin v27.3 - https:\/\/yoast.com\/product\/yoast-seo-wordpress\/ -->\n<title>Wiza na podr\u00f3\u017c do Liverpoolu - UK GB<\/title>\n<meta name=\"description\" content=\"Czy potrzebujesz wizy lub dokumentu podr\u00f3\u017cy, aby podr\u00f3\u017cowa\u0107 do Liverpoolu? Przyjrzymy si\u0119 zwi\u0105zanym z tym formalno\u015bciom\" \/>\n<meta name=\"robots\" content=\"index, follow, max-snippet:-1, max-image-preview:large, max-video-preview:-1\" \/>\n<link rel=\"canonical\" href=\"https:\/\/uk-gb.net\/pl\/wiza-do-liverpoolu\/\" \/>\n<meta property=\"og:locale\" content=\"pl_PL\" \/>\n<meta property=\"og:type\" content=\"article\" \/>\n<meta property=\"og:title\" content=\"Wiza na podr\u00f3\u017c do Liverpoolu - UK GB\" \/>\n<meta property=\"og:description\" content=\"Czy potrzebujesz wizy lub dokumentu podr\u00f3\u017cy, aby podr\u00f3\u017cowa\u0107 do Liverpoolu? Przyjrzymy si\u0119 zwi\u0105zanym z tym formalno\u015bciom\" \/>\n<meta property=\"og:url\" content=\"https:\/\/uk-gb.net\/pl\/wiza-do-liverpoolu\/\" \/>\n<meta property=\"og:site_name\" content=\"UK GB\" \/>\n<meta property=\"article:modified_time\" content=\"2025-08-27T09:28:02+00:00\" \/>\n<meta name=\"twitter:card\" content=\"summary_large_image\" \/>\n<meta name=\"twitter:label1\" content=\"Szacowany czas czytania\" \/>\n\t<meta name=\"twitter:data1\" content=\"3 minuty\" \/>\n<script type=\"application\/ld+json\" class=\"yoast-schema-graph\">{\"@context\":\"https:\\\/\\\/schema.org\",\"@graph\":[{\"@type\":\"WebPage\",\"@id\":\"https:\\\/\\\/uk-gb.net\\\/pl\\\/wiza-do-liverpoolu\\\/\",\"url\":\"https:\\\/\\\/uk-gb.net\\\/pl\\\/wiza-do-liverpoolu\\\/\",\"name\":\"Wiza na podr\u00f3\u017c do Liverpoolu - UK GB\",\"isPartOf\":{\"@id\":\"https:\\\/\\\/uk-gb.net\\\/pl\\\/#website\"},\"datePublished\":\"2023-12-07T17:06:53+00:00\",\"dateModified\":\"2025-08-27T09:28:02+00:00\",\"description\":\"Czy potrzebujesz wizy lub dokumentu podr\u00f3\u017cy, aby podr\u00f3\u017cowa\u0107 do Liverpoolu? Przyjrzymy si\u0119 zwi\u0105zanym z tym formalno\u015bciom\",\"inLanguage\":\"pl-PL\",\"potentialAction\":[{\"@type\":\"ReadAction\",\"target\":[\"https:\\\/\\\/uk-gb.net\\\/pl\\\/wiza-do-liverpoolu\\\/\"]}]},{\"@type\":\"WebSite\",\"@id\":\"https:\\\/\\\/uk-gb.net\\\/pl\\\/#website\",\"url\":\"https:\\\/\\\/uk-gb.net\\\/pl\\\/\",\"name\":\"UK GB\",\"description\":\"Travel to the UK\",\"potentialAction\":[{\"@type\":\"SearchAction\",\"target\":{\"@type\":\"EntryPoint\",\"urlTemplate\":\"https:\\\/\\\/uk-gb.net\\\/pl\\\/?s={search_term_string}\"},\"query-input\":{\"@type\":\"PropertyValueSpecification\",\"valueRequired\":true,\"valueName\":\"search_term_string\"}}],\"inLanguage\":\"pl-PL\"}]}<\/script>\n<!-- \/ Yoast SEO plugin. -->","yoast_head_json":{"title":"Wiza na podr\u00f3\u017c do Liverpoolu - UK GB","description":"Czy potrzebujesz wizy lub dokumentu podr\u00f3\u017cy, aby podr\u00f3\u017cowa\u0107 do Liverpoolu? Przyjrzymy si\u0119 zwi\u0105zanym z tym formalno\u015bciom","robots":{"index":"index","follow":"follow","max-snippet":"max-snippet:-1","max-image-preview":"max-image-preview:large","max-video-preview":"max-video-preview:-1"},"canonical":"https:\/\/uk-gb.net\/pl\/wiza-do-liverpoolu\/","og_locale":"pl_PL","og_type":"article","og_title":"Wiza na podr\u00f3\u017c do Liverpoolu - UK GB","og_description":"Czy potrzebujesz wizy lub dokumentu podr\u00f3\u017cy, aby podr\u00f3\u017cowa\u0107 do Liverpoolu? Przyjrzymy si\u0119 zwi\u0105zanym z tym formalno\u015bciom","og_url":"https:\/\/uk-gb.net\/pl\/wiza-do-liverpoolu\/","og_site_name":"UK GB","article_modified_time":"2025-08-27T09:28:02+00:00","twitter_card":"summary_large_image","twitter_misc":{"Szacowany czas czytania":"3 minuty"},"schema":{"@context":"https:\/\/schema.org","@graph":[{"@type":"WebPage","@id":"https:\/\/uk-gb.net\/pl\/wiza-do-liverpoolu\/","url":"https:\/\/uk-gb.net\/pl\/wiza-do-liverpoolu\/","name":"Wiza na podr\u00f3\u017c do Liverpoolu - UK GB","isPartOf":{"@id":"https:\/\/uk-gb.net\/pl\/#website"},"datePublished":"2023-12-07T17:06:53+00:00","dateModified":"2025-08-27T09:28:02+00:00","description":"Czy potrzebujesz wizy lub dokumentu podr\u00f3\u017cy, aby podr\u00f3\u017cowa\u0107 do Liverpoolu? Przyjrzymy si\u0119 zwi\u0105zanym z tym formalno\u015bciom","inLanguage":"pl-PL","potentialAction":[{"@type":"ReadAction","target":["https:\/\/uk-gb.net\/pl\/wiza-do-liverpoolu\/"]}]},{"@type":"WebSite","@id":"https:\/\/uk-gb.net\/pl\/#website","url":"https:\/\/uk-gb.net\/pl\/","name":"UK GB","description":"Travel to the UK","potentialAction":[{"@type":"SearchAction","target":{"@type":"EntryPoint","urlTemplate":"https:\/\/uk-gb.net\/pl\/?s={search_term_string}"},"query-input":{"@type":"PropertyValueSpecification","valueRequired":true,"valueName":"search_term_string"}}],"inLanguage":"pl-PL"}]}},"_links":{"self":[{"href":"https:\/\/uk-gb.net\/pl\/wp-json\/wp\/v2\/pages\/915","targetHints":{"allow":["GET"]}}],"collection":[{"href":"https:\/\/uk-gb.net\/pl\/wp-json\/wp\/v2\/pages"}],"about":[{"href":"https:\/\/uk-gb.net\/pl\/wp-json\/wp\/v2\/types\/page"}],"author":[{"embeddable":true,"href":"https:\/\/uk-gb.net\/pl\/wp-json\/wp\/v2\/users\/1"}],"replies":[{"embeddable":true,"href":"https:\/\/uk-gb.net\/pl\/wp-json\/wp\/v2\/comments?post=915"}],"version-history":[{"count":0,"href":"https:\/\/uk-gb.net\/pl\/wp-json\/wp\/v2\/pages\/915\/revisions"}],"wp:attachment":[{"href":"https:\/\/uk-gb.net\/pl\/wp-json\/wp\/v2\/media?parent=915"}],"curies":[{"name":"wp","href":"https:\/\/api.w.org\/{rel}","templated":true}]}}