{"id":905,"date":"2023-12-07T17:29:32","date_gmt":"2023-12-07T17:29:32","guid":{"rendered":"https:\/\/uk-gb.net\/wiza-do-glasgow\/"},"modified":"2025-08-27T17:00:02","modified_gmt":"2025-08-27T16:00:02","slug":"wiza-do-glasgow","status":"publish","type":"page","link":"https:\/\/uk-gb.net\/pl\/wiza-do-glasgow\/","title":{"rendered":"Wiza na podr\u00f3\u017c do Glasgow"},"content":{"rendered":"\n<h1 class=\"wp-block-heading\">Czy potrzebujesz wizy, aby podr\u00f3\u017cowa\u0107 do Glasgow?<\/h1>\n\n<p>Glasgow to miasto po\u0142o\u017cone w zachodniej Szkocji, nad brzegiem rzeki Clyde. Obcokrajowcy chc\u0105cy podr\u00f3\u017cowa\u0107 do Glasgow musz\u0105 posiada\u0107 brytyjskie zezwolenie na podr\u00f3\u017c. Istnieje kilka rodzaj\u00f3w zezwole\u0144 na podr\u00f3\u017c do Glasgow. Przyjrzyjmy si\u0119 r\u00f3\u017cnym opcjom.<\/p>\n\n<h2 class=\"wp-block-heading\">Jakiego rodzaju zezwolenia na podr\u00f3\u017c potrzebuj\u0119 w Glasgow?<\/h2>\n\n<p><a href=\"https:\/\/www.visitscotland.com\/places-to-go\/glasgow\">Glasgow<\/a> jest stolic\u0105 Szkocji, wi\u0119c wszyscy obcokrajowcy chc\u0105cy wjecha\u0107 do Wielkiej Brytanii przez Glasgow musz\u0105 posiada\u0107 wa\u017cne zezwolenie na podr\u00f3\u017c. W zale\u017cno\u015bci od celu pobytu w Glasgow, odwiedzaj\u0105cy mog\u0105 ubiega\u0107 si\u0119 o <a href=\"https:\/\/uk-gb.net\/pl\/wiza-turystyczna-anglia-wielka-brytania\/\">wiz\u0119 turystyczn\u0105<\/a>.<\/p>\n\n<p><strong>W przypadku pobyt\u00f3w kr\u00f3tszych ni\u017c 6 miesi\u0119cy<\/strong>: Nie musisz uzyskiwa\u0107 wizy do Glasgow, poniewa\u017c wi\u0119kszo\u015b\u0107 kraj\u00f3w europejskich zwalnia swoich obywateli z obowi\u0105zku wizowego. Jednak od marca 2025 r. obywatele zwolnieni z obowi\u0105zku wizowego s\u0105 zobowi\u0105zani do uzyskania <a href=\"https:\/\/uk-gb.net\/pl\/wiza-online-eta-anglii\/\">zezwolenia ETA online<\/a> przed wyruszeniem do Wielkiej Brytanii.<\/p>\n\n<div style=\"height:10px\" aria-hidden=\"true\" class=\"wp-block-spacer\"><\/div>\n\n<h2 class=\"wp-block-heading\">Czy potrzebuj\u0119 wizy, aby zatrzyma\u0107 si\u0119 w Glasgow?<\/h2>\n\n<p>Istniej\u0105 dwa sposoby na zatrzymanie si\u0119 w Glasgow:<\/p>\n\n<ul class=\"wp-block-list\">\n<li>Podr\u00f3\u017cni mog\u0105 ubiega\u0107 si\u0119 o <a href=\"https:\/\/uk-gb.net\/pl\/postoj-z-wiza-tranzytowa-w-anglii\/\">wiz\u0119 tranzytow\u0105<\/a> na post\u00f3j w Glasgow;<\/li>\n\n\n\n<li>Je\u015bli podr\u00f3\u017cny jest obywatelem <a href=\"https:\/\/uk-gb.net\/pl\/kraje-ktore-mogaubiegac-eta-wielka-brytania\/\">kraju obj\u0119tego brytyjskim programem bezwizowym<\/a>, mo\u017ce <a href=\"https:\/\/uk-gb.net\/pl\/wiza-online-eta-anglii\/\">ubiega\u0107 si\u0119 o brytyjski ETA<\/a>, aby zatrzyma\u0107 si\u0119 w Glasgow bez wizy.<\/li>\n<\/ul>\n\n<div style=\"height:10px\" aria-hidden=\"true\" class=\"wp-block-spacer\"><\/div>\n\n<h2 class=\"wp-block-heading\">Ile kosztuje wiza do Glasgow?<\/h2>\n\n<p>Cena wizy do Glasgow zale\u017cy od rodzaju wizy potrzebnej do podr\u00f3\u017cy do Wielkiej Brytanii. Op\u0142ata administracyjna za wiz\u0119 turystyczn\u0105 na okres do 6 miesi\u0119cy wynosi 115 GBP. W przypadku d\u0142u\u017cszych pobyt\u00f3w <a href=\"https:\/\/uk-gb.net\/pl\/cena-wizy-do-anglii\/\">koszty administracyjne wizy<\/a> s\u0105 wy\u017csze. Je\u015bli podr\u00f3\u017cny kwalifikuje si\u0119 do uzyskania <a href=\"https:\/\/uk-gb.net\/pl\/eta-anglia-wielka-brytania\/\">ETA dla Wielkiej Brytanii<\/a>, cena b\u0119dzie ni\u017csza: <a href=\"https:\/\/uk-gb.net\/pl\/cena-eta-wielkiej-brytanii\/\">Cena ETA<\/a> wynosi 16 GBP (oko\u0142o 19 EUR) za osob\u0119.<\/p>\n\n<h2 class=\"wp-block-heading\">Jak uzyska\u0107 wiz\u0119 do Glasgow?<\/h2>\n\n<p>Aby uzyska\u0107 wiz\u0119 do Glasgow, obcokrajowcy musz\u0105 przej\u015b\u0107 <a href=\"https:\/\/uk-gb.net\/pl\/procedura-wize-wielkiej-brytanii\/\">procedur\u0119 ubiegania si\u0119 o wiz\u0119 online<\/a>. Proces ten sk\u0142ada si\u0119 z kilku etap\u00f3w:<\/p>\n\n<ul class=\"wp-block-list\">\n<li>Wybierz rodzaj wizy w zale\u017cno\u015bci od powodu podr\u00f3\u017cy;<\/li>\n\n\n\n<li>Zbierz niezb\u0119dne dokumenty uzupe\u0142niaj\u0105ce;<\/li>\n\n\n\n<li>Wype\u0142nij internetowy formularz wniosku wizowego;<\/li>\n\n\n\n<li>Ui\u015bci\u0107 <a href=\"https:\/\/uk-gb.net\/pl\/cena-wizy-do-anglii\/\">op\u0142at\u0119 wizow\u0105<\/a>;<\/li>\n\n\n\n<li>Um\u00f3w si\u0119 na spotkanie w <a href=\"https:\/\/uk-gb.net\/pl\/ambasada-wielkiej-brytanii-polsce\/\">ambasadzie brytyjskiej<\/a>;<\/li>\n\n\n\n<li>Z\u0142o\u017cenie dokument\u00f3w w celu sfinalizowania wniosku wizowego;<\/li>\n\n\n\n<li>We\u017a udzia\u0142 w <a href=\"https:\/\/uk-gb.net\/pl\/ambasada-ds-wiz-w-anglii\/\">rozmowie wizowej<\/a>, je\u015bli Tw\u00f3j wniosek tego wymaga.<\/li>\n<\/ul>\n\n<div style=\"height:10px\" aria-hidden=\"true\" class=\"wp-block-spacer\"><\/div>\n\n<h2 class=\"wp-block-heading\">Skorzystaj z autoryzacji ETA, aby podr\u00f3\u017cowa\u0107 do Glasgow<\/h2>\n\n<p>Kwalifikuj\u0105cy si\u0119 cudzoziemiec mo\u017ce ubiega\u0107 si\u0119 o ETA na podr\u00f3\u017c do Glasgow. Jego uzyskanie zajmuje bardzo ma\u0142o czasu. ETA dla Glasgow jest wa\u017cny przez 2 lata dla pobyt\u00f3w do 6 kolejnych miesi\u0119cy w Wielkiej Brytanii.  <\/p>\n\n<p><\/p>\n","protected":false},"excerpt":{"rendered":"<p>Czy potrzebujesz wizy, aby podr\u00f3\u017cowa\u0107 do Glasgow? Glasgow to miasto po\u0142o\u017cone w zachodniej Szkocji, nad brzegiem rzeki Clyde. Obcokrajowcy chc\u0105cy podr\u00f3\u017cowa\u0107 do Glasgow musz\u0105 posiada\u0107 brytyjskie zezwolenie na podr\u00f3\u017c. Istnieje kilka rodzaj\u00f3w zezwole\u0144 na podr\u00f3\u017c do Glasgow. Przyjrzyjmy si\u0119 r\u00f3\u017cnym opcjom. Jakiego rodzaju zezwolenia na podr\u00f3\u017c potrzebuj\u0119 w Glasgow? Glasgow jest stolic\u0105 Szkocji, wi\u0119c wszyscy [&hellip;]<\/p>\n","protected":false},"author":1,"featured_media":0,"parent":0,"menu_order":0,"comment_status":"closed","ping_status":"closed","template":"","meta":{"footnotes":""},"class_list":["post-905","page","type-page","status-publish","hentry"],"yoast_head":"<!-- This site is optimized with the Yoast SEO plugin v27.4 - https:\/\/yoast.com\/product\/yoast-seo-wordpress\/ -->\n<title>Wiza na podr\u00f3\u017c do Glasgow - UK GB<\/title>\n<meta name=\"description\" content=\"Uzyskanie wizy podr\u00f3\u017cnej do Glasgow. Aby podr\u00f3\u017cowa\u0107 do Glasgow lub zatrzyma\u0107 si\u0119 w tym mie\u015bcie, wymagane jest zezwolenie na podr\u00f3\u017c.\" \/>\n<meta name=\"robots\" content=\"index, follow, max-snippet:-1, max-image-preview:large, max-video-preview:-1\" \/>\n<link rel=\"canonical\" href=\"https:\/\/uk-gb.net\/pl\/wiza-do-glasgow\/\" \/>\n<meta property=\"og:locale\" content=\"pl_PL\" \/>\n<meta property=\"og:type\" content=\"article\" \/>\n<meta property=\"og:title\" content=\"Wiza na podr\u00f3\u017c do Glasgow - UK GB\" \/>\n<meta property=\"og:description\" content=\"Uzyskanie wizy podr\u00f3\u017cnej do Glasgow. Aby podr\u00f3\u017cowa\u0107 do Glasgow lub zatrzyma\u0107 si\u0119 w tym mie\u015bcie, wymagane jest zezwolenie na podr\u00f3\u017c.\" \/>\n<meta property=\"og:url\" content=\"https:\/\/uk-gb.net\/pl\/wiza-do-glasgow\/\" \/>\n<meta property=\"og:site_name\" content=\"UK GB\" \/>\n<meta property=\"article:modified_time\" content=\"2025-08-27T16:00:02+00:00\" \/>\n<meta name=\"twitter:card\" content=\"summary_large_image\" \/>\n<meta name=\"twitter:label1\" content=\"Szacowany czas czytania\" \/>\n\t<meta name=\"twitter:data1\" content=\"2 minuty\" \/>\n<script type=\"application\/ld+json\" class=\"yoast-schema-graph\">{\"@context\":\"https:\\\/\\\/schema.org\",\"@graph\":[{\"@type\":\"WebPage\",\"@id\":\"https:\\\/\\\/uk-gb.net\\\/pl\\\/wiza-do-glasgow\\\/\",\"url\":\"https:\\\/\\\/uk-gb.net\\\/pl\\\/wiza-do-glasgow\\\/\",\"name\":\"Wiza na podr\u00f3\u017c do Glasgow - UK GB\",\"isPartOf\":{\"@id\":\"https:\\\/\\\/uk-gb.net\\\/pl\\\/#website\"},\"datePublished\":\"2023-12-07T17:29:32+00:00\",\"dateModified\":\"2025-08-27T16:00:02+00:00\",\"description\":\"Uzyskanie wizy podr\u00f3\u017cnej do Glasgow. Aby podr\u00f3\u017cowa\u0107 do Glasgow lub zatrzyma\u0107 si\u0119 w tym mie\u015bcie, wymagane jest zezwolenie na podr\u00f3\u017c.\",\"inLanguage\":\"pl-PL\",\"potentialAction\":[{\"@type\":\"ReadAction\",\"target\":[\"https:\\\/\\\/uk-gb.net\\\/pl\\\/wiza-do-glasgow\\\/\"]}]},{\"@type\":\"WebSite\",\"@id\":\"https:\\\/\\\/uk-gb.net\\\/pl\\\/#website\",\"url\":\"https:\\\/\\\/uk-gb.net\\\/pl\\\/\",\"name\":\"UK GB\",\"description\":\"Travel to the UK\",\"potentialAction\":[{\"@type\":\"SearchAction\",\"target\":{\"@type\":\"EntryPoint\",\"urlTemplate\":\"https:\\\/\\\/uk-gb.net\\\/pl\\\/?s={search_term_string}\"},\"query-input\":{\"@type\":\"PropertyValueSpecification\",\"valueRequired\":true,\"valueName\":\"search_term_string\"}}],\"inLanguage\":\"pl-PL\"}]}<\/script>\n<!-- \/ Yoast SEO plugin. -->","yoast_head_json":{"title":"Wiza na podr\u00f3\u017c do Glasgow - UK GB","description":"Uzyskanie wizy podr\u00f3\u017cnej do Glasgow. Aby podr\u00f3\u017cowa\u0107 do Glasgow lub zatrzyma\u0107 si\u0119 w tym mie\u015bcie, wymagane jest zezwolenie na podr\u00f3\u017c.","robots":{"index":"index","follow":"follow","max-snippet":"max-snippet:-1","max-image-preview":"max-image-preview:large","max-video-preview":"max-video-preview:-1"},"canonical":"https:\/\/uk-gb.net\/pl\/wiza-do-glasgow\/","og_locale":"pl_PL","og_type":"article","og_title":"Wiza na podr\u00f3\u017c do Glasgow - UK GB","og_description":"Uzyskanie wizy podr\u00f3\u017cnej do Glasgow. Aby podr\u00f3\u017cowa\u0107 do Glasgow lub zatrzyma\u0107 si\u0119 w tym mie\u015bcie, wymagane jest zezwolenie na podr\u00f3\u017c.","og_url":"https:\/\/uk-gb.net\/pl\/wiza-do-glasgow\/","og_site_name":"UK GB","article_modified_time":"2025-08-27T16:00:02+00:00","twitter_card":"summary_large_image","twitter_misc":{"Szacowany czas czytania":"2 minuty"},"schema":{"@context":"https:\/\/schema.org","@graph":[{"@type":"WebPage","@id":"https:\/\/uk-gb.net\/pl\/wiza-do-glasgow\/","url":"https:\/\/uk-gb.net\/pl\/wiza-do-glasgow\/","name":"Wiza na podr\u00f3\u017c do Glasgow - UK GB","isPartOf":{"@id":"https:\/\/uk-gb.net\/pl\/#website"},"datePublished":"2023-12-07T17:29:32+00:00","dateModified":"2025-08-27T16:00:02+00:00","description":"Uzyskanie wizy podr\u00f3\u017cnej do Glasgow. Aby podr\u00f3\u017cowa\u0107 do Glasgow lub zatrzyma\u0107 si\u0119 w tym mie\u015bcie, wymagane jest zezwolenie na podr\u00f3\u017c.","inLanguage":"pl-PL","potentialAction":[{"@type":"ReadAction","target":["https:\/\/uk-gb.net\/pl\/wiza-do-glasgow\/"]}]},{"@type":"WebSite","@id":"https:\/\/uk-gb.net\/pl\/#website","url":"https:\/\/uk-gb.net\/pl\/","name":"UK GB","description":"Travel to the UK","potentialAction":[{"@type":"SearchAction","target":{"@type":"EntryPoint","urlTemplate":"https:\/\/uk-gb.net\/pl\/?s={search_term_string}"},"query-input":{"@type":"PropertyValueSpecification","valueRequired":true,"valueName":"search_term_string"}}],"inLanguage":"pl-PL"}]}},"_links":{"self":[{"href":"https:\/\/uk-gb.net\/pl\/wp-json\/wp\/v2\/pages\/905","targetHints":{"allow":["GET"]}}],"collection":[{"href":"https:\/\/uk-gb.net\/pl\/wp-json\/wp\/v2\/pages"}],"about":[{"href":"https:\/\/uk-gb.net\/pl\/wp-json\/wp\/v2\/types\/page"}],"author":[{"embeddable":true,"href":"https:\/\/uk-gb.net\/pl\/wp-json\/wp\/v2\/users\/1"}],"replies":[{"embeddable":true,"href":"https:\/\/uk-gb.net\/pl\/wp-json\/wp\/v2\/comments?post=905"}],"version-history":[{"count":0,"href":"https:\/\/uk-gb.net\/pl\/wp-json\/wp\/v2\/pages\/905\/revisions"}],"wp:attachment":[{"href":"https:\/\/uk-gb.net\/pl\/wp-json\/wp\/v2\/media?parent=905"}],"curies":[{"name":"wp","href":"https:\/\/api.w.org\/{rel}","templated":true}]}}