{"id":882,"date":"2023-12-19T15:52:54","date_gmt":"2023-12-19T15:52:54","guid":{"rendered":"https:\/\/uk-gb.net\/wiza-cambridge\/"},"modified":"2026-02-05T13:19:15","modified_gmt":"2026-02-05T13:19:15","slug":"wiza-cambridge","status":"publish","type":"page","link":"https:\/\/uk-gb.net\/pl\/wiza-cambridge\/","title":{"rendered":"Wiza na podr\u00f3\u017c do Cambridge w Wielkiej Brytanii"},"content":{"rendered":"\n<h1 class=\"wp-block-heading\">Wizy dla os\u00f3b podr\u00f3\u017cuj\u0105cych do lub zatrzymuj\u0105cych si\u0119 w Cambridge  <\/h1>\n\n<p><a href=\"https:\/\/uk-gb.net\/pl\/cambridge\/\" type=\"page\" id=\"4530\">Cambridge <\/a>to miasto we wschodniej Anglii, nad brzegiem rzeki Cam. Znane ze swojego presti\u017cowego uniwersytetu, za\u0142o\u017conego w 1209 roku, odegra\u0142o kluczow\u0105 rol\u0119 w historii edukacji, bada\u0144 i innowacji w Wielkiej Brytanii. <\/p>\n\n<p>Obcokrajowcy chc\u0105cy podr\u00f3\u017cowa\u0107 do Cambridge musz\u0105 posiada\u0107 pozwolenie na podr\u00f3\u017c wydane przez Wielk\u0105 Brytani\u0119. Istnieje kilka rodzaj\u00f3w zezwole\u0144 na podr\u00f3\u017c do Cambridge. <\/p>\n\n<h2 class=\"wp-block-heading\">Czy potrzebuj\u0119 wizy do Cambridge?<\/h2>\n\n<p>Cambridge jest g\u0142\u00f3wnym miastem w Anglii, wi\u0119c wszyscy obcokrajowcy chc\u0105cy wjecha\u0107 do Wielkiej Brytanii przez Cambridge musz\u0105 posiada\u0107 pozwolenie na pobyt. W zale\u017cno\u015bci od celu pobytu w Cambridge, odwiedzaj\u0105cy mog\u0105 ubiega\u0107 si\u0119 o <a href=\"https:\/\/uk-gb.net\/pl\/wiza-turystyczna-anglia-wielka-brytania\/\">angielsk\u0105 wiz\u0119 turystyczn\u0105<\/a>. <\/p>\n\n<p><strong>W przypadku pobyt\u00f3w kr\u00f3tszych ni\u017c 6 miesi\u0119cy<\/strong>: Nie musisz uzyskiwa\u0107 wizy do Cambridge, poniewa\u017c wi\u0119kszo\u015b\u0107 kraj\u00f3w europejskich zwalnia swoich obywateli z obowi\u0105zku wizowego. Od niedawna niekt\u00f3re kraje Bliskiego Wschodu mog\u0105 r\u00f3wnie\u017c uzyska\u0107 <a href=\"https:\/\/uk-gb.net\/pl\/wiza-online-eta-anglii\/\">zezwolenie na podr\u00f3\u017c ETA<\/a> w prosty i \u0142atwy spos\u00f3b online. <\/p>\n\n<div style=\"height:10px\" aria-hidden=\"true\" class=\"wp-block-spacer\"><\/div>\n\n<h2 class=\"wp-block-heading\">Czy potrzebuj\u0119 wizy na mi\u0119dzyl\u0105dowanie w Cambridge?<\/h2>\n\n<p>Istniej\u0105 dwa sposoby na zatrzymanie si\u0119 w Cambridge:<\/p>\n\n<ul class=\"wp-block-list\">\n<li>Podr\u00f3\u017cni mog\u0105 ubiega\u0107 si\u0119 o <a href=\"https:\/\/uk-gb.net\/pl\/postoj-z-wiza-tranzytowa-w-anglii\/\">wiz\u0119 tranzytow\u0105<\/a> na post\u00f3j w <a href=\"https:\/\/uk-gb.net\/pl\/cambridge\/\" type=\"page\" id=\"4530\">Cambridge<\/a>;<\/li>\n\n\n\n<li>Je\u015bli podr\u00f3\u017cny jest obywatelem <a href=\"https:\/\/uk-gb.net\/pl\/kraje-ktore-mogaubiegac-eta-wielka-brytania\/\">kraju, kt\u00f3ry jest cz\u0142onkiem brytyjskiego programu bezwizowego<\/a>, mo\u017ce <a href=\"https:\/\/uk-gb.net\/pl\/wiza-online-eta-anglii\/\">ubiega\u0107 si\u0119 o brytyjski ETA<\/a>, aby odwiedzi\u0107 Cambridge bez wizy.<\/li>\n<\/ul>\n\n<div style=\"height:10px\" aria-hidden=\"true\" class=\"wp-block-spacer\"><\/div>\n\n<h2 class=\"wp-block-heading\">Ile kosztuje wiza do Cambridge?<\/h2>\n\n<p>Cena wizy do <a href=\"https:\/\/uk-gb.net\/pl\/cambridge\/\" type=\"page\" id=\"4530\">Cambridge<\/a> zale\u017cy od rodzaju wizy potrzebnej do podr\u00f3\u017cy do Wielkiej Brytanii. Op\u0142ata administracyjna za wiz\u0119 turystyczn\u0105 na okres do 6 miesi\u0119cy wynosi 115 GBP. W przypadku d\u0142u\u017cszych pobyt\u00f3w <a href=\"https:\/\/uk-gb.net\/pl\/cena-wizy-do-anglii\/\">koszty administracyjne wizy<\/a> s\u0105 wy\u017csze. Je\u015bli podr\u00f3\u017cny kwalifikuje si\u0119 do uzyskania <a href=\"https:\/\/uk-gb.net\/pl\/eta-anglia-wielka-brytania\/\">ETA dla Wielkiej Brytanii<\/a>, cena b\u0119dzie ni\u017csza: <a href=\"https:\/\/uk-gb.net\/pl\/cena-eta-wielkiej-brytanii\/\">ETA kosztuje<\/a> minimum 10 GBP.<\/p>\n\n<h2 class=\"wp-block-heading\">Jak uzyska\u0107 wiz\u0119 do Cambridge?<\/h2>\n\n<p>Aby uzyska\u0107 wiz\u0119 do Cambridge, obcokrajowcy musz\u0105 przej\u015b\u0107 <a href=\"https:\/\/uk-gb.net\/pl\/procedura-wize-wielkiej-brytanii\/\">procedur\u0119 ubiegania si\u0119 o wiz\u0119 online<\/a>. Proces ten sk\u0142ada si\u0119 z kilku etap\u00f3w:<\/p>\n\n<ul class=\"wp-block-list\">\n<li>Wybierz rodzaj wizy w zale\u017cno\u015bci od powodu podr\u00f3\u017cy;<\/li>\n\n\n\n<li>Zbierz niezb\u0119dne dokumenty uzupe\u0142niaj\u0105ce;<\/li>\n\n\n\n<li>Wype\u0142nij internetowy formularz wniosku wizowego;<\/li>\n\n\n\n<li>Ui\u015bci\u0107 <a href=\"https:\/\/uk-gb.net\/pl\/cena-wizy-do-anglii\/\">op\u0142at\u0119 wizow\u0105<\/a>;<\/li>\n\n\n\n<li>Um\u00f3w si\u0119 na spotkanie w <a href=\"https:\/\/uk-gb.net\/pl\/ambasada-wielkiej-brytanii-polsce\/\">ambasadzie brytyjskiej<\/a>;<\/li>\n\n\n\n<li>Z\u0142o\u017cenie dokument\u00f3w w celu sfinalizowania wniosku wizowego;<\/li>\n\n\n\n<li>We\u017a udzia\u0142 w <a href=\"https:\/\/uk-gb.net\/pl\/ambasada-ds-wiz-w-anglii\/\">rozmowie wizowej<\/a>, je\u015bli Tw\u00f3j wniosek tego wymaga.<\/li>\n<\/ul>\n\n<div style=\"height:10px\" aria-hidden=\"true\" class=\"wp-block-spacer\"><\/div>\n\n<h2 class=\"wp-block-heading\">Czy potrzebuj\u0119 autoryzacji ETA dla Cambridge?<\/h2>\n\n<p>Kwalifikuj\u0105cy si\u0119 cudzoziemiec mo\u017ce ubiega\u0107 si\u0119 o ETA dla Cambridge. Jego uzyskanie zajmuje bardzo ma\u0142o czasu. ETA dla Oxfordu jest wa\u017cny przez 2 lata na pobyty do 6 kolejnych miesi\u0119cy w Wielkiej Brytanii.  <\/p>\n\n<h2 class=\"wp-block-heading\">Obraz wizy dla Cambridge w Wielkiej Brytanii<\/h2>\n\n<p>To jest zdj\u0119cie wizy do Anglii. Wiza ta umo\u017cliwia wjazd do Wielkiej Brytanii przez miasto Cambridge. <\/p>\n\n<figure class=\"wp-block-image size-full\"><img fetchpriority=\"high\" decoding=\"async\" width=\"564\" height=\"338\" src=\"https:\/\/uk-gb.net\/wp-content\/uploads\/2024\/03\/UK-visa-C.jpg\" alt=\"wiza turystyczna Wielka Brytania\" class=\"wp-image-1890\" srcset=\"https:\/\/uk-gb.net\/wp-content\/uploads\/2024\/03\/UK-visa-C.jpg 564w, https:\/\/uk-gb.net\/wp-content\/uploads\/2024\/03\/UK-visa-C-300x180.jpg 300w\" sizes=\"(max-width: 564px) 100vw, 564px\" \/><figcaption class=\"wp-element-caption\">Fotograficzna <a href=\"https:\/\/uk-gb.net\/pl\/wiza-turystyczna-anglia-wielka-brytania\/\">wiza turystyczna Anglia<\/a><\/figcaption><\/figure>\n\n<p><\/p>\n","protected":false},"excerpt":{"rendered":"<p>Wizy dla os\u00f3b podr\u00f3\u017cuj\u0105cych do lub zatrzymuj\u0105cych si\u0119 w Cambridge Cambridge to miasto we wschodniej Anglii, nad brzegiem rzeki Cam. Znane ze swojego presti\u017cowego uniwersytetu, za\u0142o\u017conego w 1209 roku, odegra\u0142o kluczow\u0105 rol\u0119 w historii edukacji, bada\u0144 i innowacji w Wielkiej Brytanii. Obcokrajowcy chc\u0105cy podr\u00f3\u017cowa\u0107 do Cambridge musz\u0105 posiada\u0107 pozwolenie na podr\u00f3\u017c wydane przez Wielk\u0105 Brytani\u0119. [&hellip;]<\/p>\n","protected":false},"author":1,"featured_media":0,"parent":0,"menu_order":0,"comment_status":"closed","ping_status":"closed","template":"","meta":{"footnotes":""},"class_list":["post-882","page","type-page","status-publish","hentry"],"yoast_head":"<!-- This site is optimized with the Yoast SEO plugin v27.3 - https:\/\/yoast.com\/product\/yoast-seo-wordpress\/ -->\n<title>Wiza na podr\u00f3\u017c do Cambridge w Wielkiej Brytanii - UK GB<\/title>\n<meta name=\"description\" content=\"Uzyskaj wiz\u0119 lub za\u015bwiadczenie o podr\u00f3\u017cy do Cambridge. Wymagana jest zgoda na podr\u00f3\u017c do Cambridge lub zatrzymanie si\u0119 w tym mie\u015bcie.\" \/>\n<meta name=\"robots\" content=\"index, follow, max-snippet:-1, max-image-preview:large, max-video-preview:-1\" \/>\n<link rel=\"canonical\" href=\"https:\/\/uk-gb.net\/pl\/wiza-cambridge\/\" \/>\n<meta property=\"og:locale\" content=\"pl_PL\" \/>\n<meta property=\"og:type\" content=\"article\" \/>\n<meta property=\"og:title\" content=\"Wiza na podr\u00f3\u017c do Cambridge w Wielkiej Brytanii - UK GB\" \/>\n<meta property=\"og:description\" content=\"Uzyskaj wiz\u0119 lub za\u015bwiadczenie o podr\u00f3\u017cy do Cambridge. Wymagana jest zgoda na podr\u00f3\u017c do Cambridge lub zatrzymanie si\u0119 w tym mie\u015bcie.\" \/>\n<meta property=\"og:url\" content=\"https:\/\/uk-gb.net\/pl\/wiza-cambridge\/\" \/>\n<meta property=\"og:site_name\" content=\"UK GB\" \/>\n<meta property=\"article:modified_time\" content=\"2026-02-05T13:19:15+00:00\" \/>\n<meta property=\"og:image\" content=\"https:\/\/uk-gb.net\/wp-content\/uploads\/2024\/03\/UK-visa-C.jpg\" \/>\n\t<meta property=\"og:image:width\" content=\"564\" \/>\n\t<meta property=\"og:image:height\" content=\"338\" \/>\n\t<meta property=\"og:image:type\" content=\"image\/jpeg\" \/>\n<meta name=\"twitter:card\" content=\"summary_large_image\" \/>\n<meta name=\"twitter:label1\" content=\"Szacowany czas czytania\" \/>\n\t<meta name=\"twitter:data1\" content=\"2 minuty\" \/>\n<script type=\"application\/ld+json\" class=\"yoast-schema-graph\">{\"@context\":\"https:\\\/\\\/schema.org\",\"@graph\":[{\"@type\":\"WebPage\",\"@id\":\"https:\\\/\\\/uk-gb.net\\\/pl\\\/wiza-cambridge\\\/\",\"url\":\"https:\\\/\\\/uk-gb.net\\\/pl\\\/wiza-cambridge\\\/\",\"name\":\"Wiza na podr\u00f3\u017c do Cambridge w Wielkiej Brytanii - UK GB\",\"isPartOf\":{\"@id\":\"https:\\\/\\\/uk-gb.net\\\/pl\\\/#website\"},\"primaryImageOfPage\":{\"@id\":\"https:\\\/\\\/uk-gb.net\\\/pl\\\/wiza-cambridge\\\/#primaryimage\"},\"image\":{\"@id\":\"https:\\\/\\\/uk-gb.net\\\/pl\\\/wiza-cambridge\\\/#primaryimage\"},\"thumbnailUrl\":\"https:\\\/\\\/uk-gb.net\\\/wp-content\\\/uploads\\\/2024\\\/03\\\/UK-visa-C.jpg\",\"datePublished\":\"2023-12-19T15:52:54+00:00\",\"dateModified\":\"2026-02-05T13:19:15+00:00\",\"description\":\"Uzyskaj wiz\u0119 lub za\u015bwiadczenie o podr\u00f3\u017cy do Cambridge. Wymagana jest zgoda na podr\u00f3\u017c do Cambridge lub zatrzymanie si\u0119 w tym mie\u015bcie.\",\"inLanguage\":\"pl-PL\",\"potentialAction\":[{\"@type\":\"ReadAction\",\"target\":[\"https:\\\/\\\/uk-gb.net\\\/pl\\\/wiza-cambridge\\\/\"]}]},{\"@type\":\"ImageObject\",\"inLanguage\":\"pl-PL\",\"@id\":\"https:\\\/\\\/uk-gb.net\\\/pl\\\/wiza-cambridge\\\/#primaryimage\",\"url\":\"https:\\\/\\\/uk-gb.net\\\/wp-content\\\/uploads\\\/2024\\\/03\\\/UK-visa-C.jpg\",\"contentUrl\":\"https:\\\/\\\/uk-gb.net\\\/wp-content\\\/uploads\\\/2024\\\/03\\\/UK-visa-C.jpg\"},{\"@type\":\"WebSite\",\"@id\":\"https:\\\/\\\/uk-gb.net\\\/pl\\\/#website\",\"url\":\"https:\\\/\\\/uk-gb.net\\\/pl\\\/\",\"name\":\"UK GB\",\"description\":\"Travel to the UK\",\"potentialAction\":[{\"@type\":\"SearchAction\",\"target\":{\"@type\":\"EntryPoint\",\"urlTemplate\":\"https:\\\/\\\/uk-gb.net\\\/pl\\\/?s={search_term_string}\"},\"query-input\":{\"@type\":\"PropertyValueSpecification\",\"valueRequired\":true,\"valueName\":\"search_term_string\"}}],\"inLanguage\":\"pl-PL\"}]}<\/script>\n<!-- \/ Yoast SEO plugin. -->","yoast_head_json":{"title":"Wiza na podr\u00f3\u017c do Cambridge w Wielkiej Brytanii - UK GB","description":"Uzyskaj wiz\u0119 lub za\u015bwiadczenie o podr\u00f3\u017cy do Cambridge. Wymagana jest zgoda na podr\u00f3\u017c do Cambridge lub zatrzymanie si\u0119 w tym mie\u015bcie.","robots":{"index":"index","follow":"follow","max-snippet":"max-snippet:-1","max-image-preview":"max-image-preview:large","max-video-preview":"max-video-preview:-1"},"canonical":"https:\/\/uk-gb.net\/pl\/wiza-cambridge\/","og_locale":"pl_PL","og_type":"article","og_title":"Wiza na podr\u00f3\u017c do Cambridge w Wielkiej Brytanii - UK GB","og_description":"Uzyskaj wiz\u0119 lub za\u015bwiadczenie o podr\u00f3\u017cy do Cambridge. Wymagana jest zgoda na podr\u00f3\u017c do Cambridge lub zatrzymanie si\u0119 w tym mie\u015bcie.","og_url":"https:\/\/uk-gb.net\/pl\/wiza-cambridge\/","og_site_name":"UK GB","article_modified_time":"2026-02-05T13:19:15+00:00","og_image":[{"width":564,"height":338,"url":"https:\/\/uk-gb.net\/wp-content\/uploads\/2024\/03\/UK-visa-C.jpg","type":"image\/jpeg"}],"twitter_card":"summary_large_image","twitter_misc":{"Szacowany czas czytania":"2 minuty"},"schema":{"@context":"https:\/\/schema.org","@graph":[{"@type":"WebPage","@id":"https:\/\/uk-gb.net\/pl\/wiza-cambridge\/","url":"https:\/\/uk-gb.net\/pl\/wiza-cambridge\/","name":"Wiza na podr\u00f3\u017c do Cambridge w Wielkiej Brytanii - UK GB","isPartOf":{"@id":"https:\/\/uk-gb.net\/pl\/#website"},"primaryImageOfPage":{"@id":"https:\/\/uk-gb.net\/pl\/wiza-cambridge\/#primaryimage"},"image":{"@id":"https:\/\/uk-gb.net\/pl\/wiza-cambridge\/#primaryimage"},"thumbnailUrl":"https:\/\/uk-gb.net\/wp-content\/uploads\/2024\/03\/UK-visa-C.jpg","datePublished":"2023-12-19T15:52:54+00:00","dateModified":"2026-02-05T13:19:15+00:00","description":"Uzyskaj wiz\u0119 lub za\u015bwiadczenie o podr\u00f3\u017cy do Cambridge. Wymagana jest zgoda na podr\u00f3\u017c do Cambridge lub zatrzymanie si\u0119 w tym mie\u015bcie.","inLanguage":"pl-PL","potentialAction":[{"@type":"ReadAction","target":["https:\/\/uk-gb.net\/pl\/wiza-cambridge\/"]}]},{"@type":"ImageObject","inLanguage":"pl-PL","@id":"https:\/\/uk-gb.net\/pl\/wiza-cambridge\/#primaryimage","url":"https:\/\/uk-gb.net\/wp-content\/uploads\/2024\/03\/UK-visa-C.jpg","contentUrl":"https:\/\/uk-gb.net\/wp-content\/uploads\/2024\/03\/UK-visa-C.jpg"},{"@type":"WebSite","@id":"https:\/\/uk-gb.net\/pl\/#website","url":"https:\/\/uk-gb.net\/pl\/","name":"UK GB","description":"Travel to the UK","potentialAction":[{"@type":"SearchAction","target":{"@type":"EntryPoint","urlTemplate":"https:\/\/uk-gb.net\/pl\/?s={search_term_string}"},"query-input":{"@type":"PropertyValueSpecification","valueRequired":true,"valueName":"search_term_string"}}],"inLanguage":"pl-PL"}]}},"_links":{"self":[{"href":"https:\/\/uk-gb.net\/pl\/wp-json\/wp\/v2\/pages\/882","targetHints":{"allow":["GET"]}}],"collection":[{"href":"https:\/\/uk-gb.net\/pl\/wp-json\/wp\/v2\/pages"}],"about":[{"href":"https:\/\/uk-gb.net\/pl\/wp-json\/wp\/v2\/types\/page"}],"author":[{"embeddable":true,"href":"https:\/\/uk-gb.net\/pl\/wp-json\/wp\/v2\/users\/1"}],"replies":[{"embeddable":true,"href":"https:\/\/uk-gb.net\/pl\/wp-json\/wp\/v2\/comments?post=882"}],"version-history":[{"count":0,"href":"https:\/\/uk-gb.net\/pl\/wp-json\/wp\/v2\/pages\/882\/revisions"}],"wp:attachment":[{"href":"https:\/\/uk-gb.net\/pl\/wp-json\/wp\/v2\/media?parent=882"}],"curies":[{"name":"wp","href":"https:\/\/api.w.org\/{rel}","templated":true}]}}