{"id":868,"date":"2023-12-19T16:05:55","date_gmt":"2023-12-19T16:05:55","guid":{"rendered":"https:\/\/uk-gb.net\/wiza-do-anglii-z-arabii-saudyjskiej\/"},"modified":"2025-11-17T17:42:49","modified_gmt":"2025-11-17T17:42:49","slug":"wiza-do-anglii-z-arabii-saudyjskiej","status":"publish","type":"page","link":"https:\/\/uk-gb.net\/pl\/wiza-do-anglii-z-arabii-saudyjskiej\/","title":{"rendered":"Wiza do Wielkiej Brytanii z Arabii Saudyjskiej"},"content":{"rendered":"\n<h1 class=\"wp-block-heading\">Wiza podr\u00f3\u017cna do Wielkiej Brytanii dla obywateli Arabii Saudyjskiej<\/h1>\n\n<p>Jeste\u015b obywatelem lub rezydentem Arabii Saudyjskiej i chcia\u0142by\u015b podr\u00f3\u017cowa\u0107 do Wielkiej Brytanii? Dowiedz si\u0119 o formalno\u015bciach, kt\u00f3re nale\u017cy spe\u0142ni\u0107, systemie ETA, dost\u0119pnych rodzajach wiz i krokach zwi\u0105zanych ze z\u0142o\u017ceniem wniosku. <\/p>\n\n<h2 class=\"wp-block-heading\">Czy potrzebuj\u0119 wizy, aby podr\u00f3\u017cowa\u0107 z Arabii Saudyjskiej do Wielkiej Brytanii?<\/h2>\n\n<p>Od <strong>22 lutego 2024<\/strong> r. obywatele Arabii Saudyjskiej nie potrzebuj\u0105 ju\u017c <a href=\"https:\/\/uk-gb.net\/pl\/wiza-turystyczna-anglia-wielka-brytania\/\">brytyjskiej wizy turystycznej<\/a>, aby podr\u00f3\u017cowa\u0107 do Wielkiej Brytanii. Obywatele Arabii Saudyjskiej mog\u0105 uzyska\u0107 elektroniczne zezwolenie na podr\u00f3\u017c, kt\u00f3re umo\u017cliwia im pobyt w Wielkiej Brytanii przez okres do <strong>6 miesi\u0119cy<\/strong>.<\/p>\n\n<p><strong>Aby uzyska\u0107 zezwolenie na podr\u00f3\u017c w zaledwie kilka minut<\/strong>, wype\u0142nij <a href=\"https:\/\/uk-gb.net\/pl\/wiza-online-eta-anglii\/\">formularz ETA online<\/a>.<\/p>\n\n<div style=\"height:10px\" aria-hidden=\"true\" class=\"wp-block-spacer\"><\/div>\n\n<p>To elektroniczne zezwolenie na podr\u00f3\u017c umo\u017cliwia pobyt w Wielkiej Brytanii przez :<\/p>\n\n<ul class=\"wp-block-list\">\n<li>wycieczka turystyczna,<\/li>\n\n\n\n<li>podr\u00f3\u017c s\u0142u\u017cbowa,<\/li>\n\n\n\n<li>wizyta rodzinna,<\/li>\n\n\n\n<li>kr\u00f3tki pobyt studyjny,<\/li>\n\n\n\n<li>lub transport lotniskowy.<\/li>\n<\/ul>\n\n<div style=\"height:10px\" aria-hidden=\"true\" class=\"wp-block-spacer\"><\/div>\n\n<h2 class=\"wp-block-heading\">Jak z\u0142o\u017cy\u0107 wniosek o ETA do Wielkiej Brytanii z Arabii Saudyjskiej?<\/h2>\n\n<p>Ubieganie si\u0119 o <a href=\"https:\/\/uk-gb.net\/pl\/eta-anglia-wielka-brytania\/\">brytyjski ETA<\/a> jest proste i w 100% online:<\/p>\n\n<ol class=\"wp-block-list\">\n<li><strong>Odwied\u017a oficjalny portal<\/strong>: <a>gov.uk\/eta<\/a><\/li>\n\n\n\n<li><strong>Wype\u0142nij formularz<\/strong> danymi osobowymi podr\u00f3\u017cnego.<\/li>\n\n\n\n<li>Prze\u015blij <strong>zdj\u0119cie<\/strong> (np. selfie) bezpo\u015brednio przez formularz lub aplikacj\u0119 mobiln\u0105.<\/li>\n\n\n\n<li><strong>Op\u0142at\u0119<\/strong> w wysoko\u015bci oko\u0142o <strong>16 GBP (19 EUR)<\/strong> nale\u017cy ui\u015bci\u0107 kart\u0105 kredytow\u0105.<\/li>\n\n\n\n<li><strong>Otrzymaj ETA poczt\u0105 elektroniczn\u0105<\/strong> w ci\u0105gu kilku minut do maksymalnie 3 dni.<\/li>\n<\/ol>\n\n<p>ETA jest <strong>wa\u017cny przez 2 lata<\/strong> lub do momentu wyga\u015bni\u0119cia wa\u017cno\u015bci paszportu. Zezwala na <strong>wielokrotny wjazd<\/strong> do Wielkiej Brytanii w tym okresie. <\/p>\n\n<h2 class=\"wp-block-heading\">Kto mo\u017ce ubiega\u0107 si\u0119 o ETA z Arabii Saudyjskiej?<\/h2>\n\n<p>ETA jest dost\u0119pna tylko dla <strong>obywateli Arabii Saudyjskiej<\/strong> posiadaj\u0105cych <strong>paszport biometryczny<\/strong>. Zagraniczni mieszka\u0144cy Arabii Saudyjskiej, kt\u00f3rzy nie s\u0105 obywatelami kwalifikuj\u0105cego si\u0119 kraju, musz\u0105 <a href=\"https:\/\/uk-gb.net\/pl\/procedura-wize-wielkiej-brytanii\/\">ubiega\u0107 si\u0119 o brytyjsk\u0105 wiz\u0119<\/a> w <a href=\"https:\/\/uk-gb.net\/pl\/ambasada-wielkiej-brytanii-polsce\/\">brytyjskim konsulacie<\/a>. <\/p>\n\n<h2 class=\"wp-block-heading\">Czy potrzebuj\u0119 wizy, je\u015bli nie spe\u0142niam warunk\u00f3w ETA?<\/h2>\n\n<p>Tak, je\u015bli : <\/p>\n\n<ul class=\"wp-block-list\">\n<li>Nie jest obywatelem <a href=\"https:\/\/uk-gb.net\/pl\/kraje-ktore-mogaubiegac-eta-wielka-brytania\/\">kraju kwalifikuj\u0105cego si\u0119 do ETA<\/a>,<\/li>\n\n\n\n<li>Lub je\u015bli chcesz pozosta\u0107 w Wielkiej Brytanii <strong>d\u0142u\u017cej ni\u017c 6 miesi\u0119cy<\/strong>,<\/li>\n\n\n\n<li>Lub je\u015bli przyje\u017cd\u017casz do <strong>pracy, bierzesz \u015blub lub studiujesz przez d\u0142ugi czas<\/strong>,<\/li>\n<\/ul>\n\n<p>nale\u017cy <strong>ubiega\u0107 si\u0119 o standardow\u0105 wiz\u0119 brytyjsk\u0105<\/strong>.<\/p>\n\n<h2 class=\"wp-block-heading\">Gdzie mog\u0119 ubiega\u0107 si\u0119 o wiz\u0119 brytyjsk\u0105 z Arabii Saudyjskiej?<\/h2>\n\n<p>Wnioski wizowe mo\u017cna sk\u0142ada\u0107 na oficjalnej stronie internetowej <a class=\"\" href=\"https:\/\/www.gov.uk\">www.gov.uk.<\/a> Po przes\u0142aniu formularza i dokonaniu p\u0142atno\u015bci nale\u017cy <strong>um\u00f3wi\u0107 si\u0119 na spotkanie w centrum TLScontact<\/strong> lub <strong>VFS Global<\/strong> pod adresem :<\/p>\n\n<ul class=\"wp-block-list\">\n<li>Rijad<\/li>\n\n\n\n<li>Jeddah<\/li>\n\n\n\n<li>lub Al Khobar<\/li>\n<\/ul>\n\n<p>Konieczne b\u0119dzie przedstawienie oryginalnych dokument\u00f3w i pobranie <strong>biometrycznych odcisk\u00f3w palc\u00f3w<\/strong>.<\/p>\n\n<h2 class=\"wp-block-heading\">Jakie rodzaje wiz s\u0105 dost\u0119pne?<\/h2>\n\n<p>Je\u015bli nie mo\u017cesz uzyska\u0107 ETA, mo\u017cesz ubiega\u0107 si\u0119 o jedn\u0105 z poni\u017cszych wiz:<\/p>\n\n<ul class=\"wp-block-list\">\n<li><a href=\"https:\/\/uk-gb.net\/pl\/wiza-turystyczna-anglia-wielka-brytania\/\">Wiza turystyczna<\/a><\/li>\n\n\n\n<li><a href=\"https:\/\/uk-gb.net\/pl\/wiza-studencka-do-anglii\/\">Wiza studencka<\/a><\/li>\n\n\n\n<li><a href=\"https:\/\/uk-gb.net\/pl\/wiza-biznesowa-do-anglii-wielkiej-brytanii\/\">Wiza biznesowa<\/a><\/li>\n\n\n\n<li><strong>Wiza rodzinna<\/strong><\/li>\n\n\n\n<li><strong>Wiza pracownicza<\/strong><\/li>\n\n\n\n<li><a href=\"https:\/\/uk-gb.net\/pl\/postoj-z-wiza-tranzytowa-w-anglii\/\">Wiza tranzytowa<\/a><\/li>\n<\/ul>\n\n<div style=\"height:10px\" aria-hidden=\"true\" class=\"wp-block-spacer\"><\/div>\n\n<h2 class=\"wp-block-heading\">Czy mog\u0119 podr\u00f3\u017cowa\u0107 do Wielkiej Brytanii z Arabii Saudyjskiej bez wizy?<\/h2>\n\n<p>Nie, nawet w przypadku zwyk\u0142ego <strong>tranzytu przez lotnisko bez wyjazdu<\/strong>, obywatele Arabii Saudyjskiej musz\u0105 uzyska\u0107 <strong>zezwolenie ETA<\/strong> przed wyjazdem do miejsca docelowego przez Wielk\u0105 Brytani\u0119.<\/p>\n\n<p>Obywatele Arabii Saudyjskiej mog\u0105 zatrzyma\u0107 si\u0119 w Wielkiej Brytanii na dwa sposoby:<\/p>\n\n<ul class=\"wp-block-list\">\n<li>Saudyjscy podr\u00f3\u017cni mog\u0105 ubiega\u0107 si\u0119 o <a href=\"https:\/\/uk-gb.net\/pl\/postoj-z-wiza-tranzytowa-w-anglii\/\">wiz\u0119 tranzytow\u0105<\/a> w celu zatrzymania si\u0119;<\/li>\n\n\n\n<li>Podr\u00f3\u017cni z Arabii Saudyjskiej mog\u0105 teraz podr\u00f3\u017cowa\u0107 z upowa\u017cnieniem <a href=\"https:\/\/uk-gb.net\/pl\/eta-anglia-wielka-brytania\/\">ETA UK<\/a>, aby zatrzyma\u0107 si\u0119 w Anglii bez wizy.<\/li>\n<\/ul>\n","protected":false},"excerpt":{"rendered":"<p>Wiza podr\u00f3\u017cna do Wielkiej Brytanii dla obywateli Arabii Saudyjskiej Jeste\u015b obywatelem lub rezydentem Arabii Saudyjskiej i chcia\u0142by\u015b podr\u00f3\u017cowa\u0107 do Wielkiej Brytanii? Dowiedz si\u0119 o formalno\u015bciach, kt\u00f3re nale\u017cy spe\u0142ni\u0107, systemie ETA, dost\u0119pnych rodzajach wiz i krokach zwi\u0105zanych ze z\u0142o\u017ceniem wniosku. Czy potrzebuj\u0119 wizy, aby podr\u00f3\u017cowa\u0107 z Arabii Saudyjskiej do Wielkiej Brytanii? Od 22 lutego 2024 r. [&hellip;]<\/p>\n","protected":false},"author":1,"featured_media":0,"parent":0,"menu_order":0,"comment_status":"closed","ping_status":"closed","template":"","meta":{"footnotes":""},"class_list":["post-868","page","type-page","status-publish","hentry"],"yoast_head":"<!-- This site is optimized with the Yoast SEO plugin v27.3 - https:\/\/yoast.com\/product\/yoast-seo-wordpress\/ -->\n<title>Wiza do Wielkiej Brytanii z Arabii Saudyjskiej - UK GB<\/title>\n<meta name=\"description\" content=\"Jakie s\u0105 formalno\u015bci administracyjne dla obywatela Arabii Saudyjskiej, kt\u00f3ry chce podr\u00f3\u017cowa\u0107 do Wielkiej Brytanii?\" \/>\n<meta name=\"robots\" content=\"index, follow, max-snippet:-1, max-image-preview:large, max-video-preview:-1\" \/>\n<link rel=\"canonical\" href=\"https:\/\/uk-gb.net\/pl\/wiza-do-anglii-z-arabii-saudyjskiej\/\" \/>\n<meta property=\"og:locale\" content=\"pl_PL\" \/>\n<meta property=\"og:type\" content=\"article\" \/>\n<meta property=\"og:title\" content=\"Wiza do Wielkiej Brytanii z Arabii Saudyjskiej - UK GB\" \/>\n<meta property=\"og:description\" content=\"Jakie s\u0105 formalno\u015bci administracyjne dla obywatela Arabii Saudyjskiej, kt\u00f3ry chce podr\u00f3\u017cowa\u0107 do Wielkiej Brytanii?\" \/>\n<meta property=\"og:url\" content=\"https:\/\/uk-gb.net\/pl\/wiza-do-anglii-z-arabii-saudyjskiej\/\" \/>\n<meta property=\"og:site_name\" content=\"UK GB\" \/>\n<meta property=\"article:modified_time\" content=\"2025-11-17T17:42:49+00:00\" \/>\n<meta name=\"twitter:card\" content=\"summary_large_image\" \/>\n<meta name=\"twitter:label1\" content=\"Szacowany czas czytania\" \/>\n\t<meta name=\"twitter:data1\" content=\"3 minuty\" \/>\n<script type=\"application\/ld+json\" class=\"yoast-schema-graph\">{\"@context\":\"https:\\\/\\\/schema.org\",\"@graph\":[{\"@type\":\"WebPage\",\"@id\":\"https:\\\/\\\/uk-gb.net\\\/pl\\\/wiza-do-anglii-z-arabii-saudyjskiej\\\/\",\"url\":\"https:\\\/\\\/uk-gb.net\\\/pl\\\/wiza-do-anglii-z-arabii-saudyjskiej\\\/\",\"name\":\"Wiza do Wielkiej Brytanii z Arabii Saudyjskiej - UK GB\",\"isPartOf\":{\"@id\":\"https:\\\/\\\/uk-gb.net\\\/pl\\\/#website\"},\"datePublished\":\"2023-12-19T16:05:55+00:00\",\"dateModified\":\"2025-11-17T17:42:49+00:00\",\"description\":\"Jakie s\u0105 formalno\u015bci administracyjne dla obywatela Arabii Saudyjskiej, kt\u00f3ry chce podr\u00f3\u017cowa\u0107 do Wielkiej Brytanii?\",\"inLanguage\":\"pl-PL\",\"potentialAction\":[{\"@type\":\"ReadAction\",\"target\":[\"https:\\\/\\\/uk-gb.net\\\/pl\\\/wiza-do-anglii-z-arabii-saudyjskiej\\\/\"]}]},{\"@type\":\"WebSite\",\"@id\":\"https:\\\/\\\/uk-gb.net\\\/pl\\\/#website\",\"url\":\"https:\\\/\\\/uk-gb.net\\\/pl\\\/\",\"name\":\"UK GB\",\"description\":\"Travel to the UK\",\"potentialAction\":[{\"@type\":\"SearchAction\",\"target\":{\"@type\":\"EntryPoint\",\"urlTemplate\":\"https:\\\/\\\/uk-gb.net\\\/pl\\\/?s={search_term_string}\"},\"query-input\":{\"@type\":\"PropertyValueSpecification\",\"valueRequired\":true,\"valueName\":\"search_term_string\"}}],\"inLanguage\":\"pl-PL\"}]}<\/script>\n<!-- \/ Yoast SEO plugin. -->","yoast_head_json":{"title":"Wiza do Wielkiej Brytanii z Arabii Saudyjskiej - UK GB","description":"Jakie s\u0105 formalno\u015bci administracyjne dla obywatela Arabii Saudyjskiej, kt\u00f3ry chce podr\u00f3\u017cowa\u0107 do Wielkiej Brytanii?","robots":{"index":"index","follow":"follow","max-snippet":"max-snippet:-1","max-image-preview":"max-image-preview:large","max-video-preview":"max-video-preview:-1"},"canonical":"https:\/\/uk-gb.net\/pl\/wiza-do-anglii-z-arabii-saudyjskiej\/","og_locale":"pl_PL","og_type":"article","og_title":"Wiza do Wielkiej Brytanii z Arabii Saudyjskiej - UK GB","og_description":"Jakie s\u0105 formalno\u015bci administracyjne dla obywatela Arabii Saudyjskiej, kt\u00f3ry chce podr\u00f3\u017cowa\u0107 do Wielkiej Brytanii?","og_url":"https:\/\/uk-gb.net\/pl\/wiza-do-anglii-z-arabii-saudyjskiej\/","og_site_name":"UK GB","article_modified_time":"2025-11-17T17:42:49+00:00","twitter_card":"summary_large_image","twitter_misc":{"Szacowany czas czytania":"3 minuty"},"schema":{"@context":"https:\/\/schema.org","@graph":[{"@type":"WebPage","@id":"https:\/\/uk-gb.net\/pl\/wiza-do-anglii-z-arabii-saudyjskiej\/","url":"https:\/\/uk-gb.net\/pl\/wiza-do-anglii-z-arabii-saudyjskiej\/","name":"Wiza do Wielkiej Brytanii z Arabii Saudyjskiej - UK GB","isPartOf":{"@id":"https:\/\/uk-gb.net\/pl\/#website"},"datePublished":"2023-12-19T16:05:55+00:00","dateModified":"2025-11-17T17:42:49+00:00","description":"Jakie s\u0105 formalno\u015bci administracyjne dla obywatela Arabii Saudyjskiej, kt\u00f3ry chce podr\u00f3\u017cowa\u0107 do Wielkiej Brytanii?","inLanguage":"pl-PL","potentialAction":[{"@type":"ReadAction","target":["https:\/\/uk-gb.net\/pl\/wiza-do-anglii-z-arabii-saudyjskiej\/"]}]},{"@type":"WebSite","@id":"https:\/\/uk-gb.net\/pl\/#website","url":"https:\/\/uk-gb.net\/pl\/","name":"UK GB","description":"Travel to the UK","potentialAction":[{"@type":"SearchAction","target":{"@type":"EntryPoint","urlTemplate":"https:\/\/uk-gb.net\/pl\/?s={search_term_string}"},"query-input":{"@type":"PropertyValueSpecification","valueRequired":true,"valueName":"search_term_string"}}],"inLanguage":"pl-PL"}]}},"_links":{"self":[{"href":"https:\/\/uk-gb.net\/pl\/wp-json\/wp\/v2\/pages\/868","targetHints":{"allow":["GET"]}}],"collection":[{"href":"https:\/\/uk-gb.net\/pl\/wp-json\/wp\/v2\/pages"}],"about":[{"href":"https:\/\/uk-gb.net\/pl\/wp-json\/wp\/v2\/types\/page"}],"author":[{"embeddable":true,"href":"https:\/\/uk-gb.net\/pl\/wp-json\/wp\/v2\/users\/1"}],"replies":[{"embeddable":true,"href":"https:\/\/uk-gb.net\/pl\/wp-json\/wp\/v2\/comments?post=868"}],"version-history":[{"count":0,"href":"https:\/\/uk-gb.net\/pl\/wp-json\/wp\/v2\/pages\/868\/revisions"}],"wp:attachment":[{"href":"https:\/\/uk-gb.net\/pl\/wp-json\/wp\/v2\/media?parent=868"}],"curies":[{"name":"wp","href":"https:\/\/api.w.org\/{rel}","templated":true}]}}