{"id":860,"date":"2023-12-07T16:36:32","date_gmt":"2023-12-07T16:36:32","guid":{"rendered":"https:\/\/uk-gb.net\/wiza-dziecieca-do-anglii\/"},"modified":"2026-01-05T15:27:35","modified_gmt":"2026-01-05T15:27:35","slug":"wiza-dziecieca-do-anglii","status":"publish","type":"page","link":"https:\/\/uk-gb.net\/pl\/wiza-dziecieca-do-anglii\/","title":{"rendered":"Wiza dla dziecka na podr\u00f3\u017c do Anglii i Wielkiej Brytanii"},"content":{"rendered":"\n<p>Dzieci, podobnie jak doro\u015bli, potrzebuj\u0105 wizy, aby wjecha\u0107 do Anglii, je\u015bli nie s\u0105 obywatelami kraju zwolnionego z obowi\u0105zku wizowego. Wymagania mog\u0105 si\u0119 r\u00f3\u017cni\u0107 w zale\u017cno\u015bci od narodowo\u015bci dziecka i d\u0142ugo\u015bci planowanego pobytu. <\/p>\n\n<p><strong>W przypadku kr\u00f3tkoterminowego pobytu w Wielkiej Brytanii<\/strong>: nie musisz uzyskiwa\u0107 wizy dla dziecka, je\u015bli jeste\u015b obywatelem <a href=\"https:\/\/uk-gb.net\/pl\/kraje-ktore-mogaubiegac-eta-wielka-brytania\/\">kraju kwalifikuj\u0105cego si\u0119 do brytyjskiego ETA<\/a>. Po prostu wype\u0142nij <a href=\"https:\/\/uk-gb.net\/pl\/wiza-online-eta-anglii\/\">internetowy formularz eTA<\/a> w imieniu swojego dziecka.<\/p>\n\n<div style=\"height:10px\" aria-hidden=\"true\" class=\"wp-block-spacer\"><\/div>\n\n<h2 class=\"wp-block-heading\">Jakie rodzaje wiz brytyjskich s\u0105 dost\u0119pne dla dzieci?<\/h2>\n\n<h3 class=\"wp-block-heading\">Wiza turystyczna dla dzieci<\/h3>\n\n<p><a href=\"https:\/\/uk-gb.net\/pl\/wiza-turystyczna-anglia-wielka-brytania\/\">Wiza turystyczna do Wielkiej Brytanii<\/a> jest najpopularniejszym rodzajem wizy dla dzieci podr\u00f3\u017cuj\u0105cych do Anglii na wakacje lub w celu odwiedzenia przyjaci\u00f3\u0142 i rodziny. Wiza ta pozwala na pobyt przez sze\u015b\u0107 miesi\u0119cy.<\/p>\n\n<h3 class=\"wp-block-heading\">Wiza studencka dla dziecka<\/h3>\n\n<p>Je\u015bli Twoje dziecko planuje studiowa\u0107 w Anglii, b\u0119dzie potrzebowa\u0107 <a href=\"https:\/\/uk-gb.net\/pl\/wiza-studencka-do-anglii\/\">brytyjskiej wizy studenckiej<\/a>. Istniej\u0105 r\u00f3\u017cne rodzaje wiz studenckich, w zale\u017cno\u015bci od wieku dziecka i d\u0142ugo\u015bci studi\u00f3w.<\/p>\n\n<h3 class=\"wp-block-heading\">Wiza rodzinna umo\u017cliwiaj\u0105ca dziecku podr\u00f3\u017c do Wielkiej Brytanii<\/h3>\n\n<p>W przypadku dzieci do\u0142\u0105czaj\u0105cych do rodzic\u00f3w lub opiekun\u00f3w mieszkaj\u0105cych w Anglii mo\u017ce by\u0107 wymagana <a href=\"https:\/\/uk-gb.net\/pl\/wiza-rodzinna-do-anglii\/\">angielska wiza rodzinna<\/a>. Ten rodzaj wizy jest zazwyczaj wykorzystywany w przypadku pobyt\u00f3w d\u0142ugoterminowych.<\/p>\n\n<h2 class=\"wp-block-heading\">Procedura ubiegania si\u0119 o wiz\u0119 dla ma\u0142oletniego dziecka<\/h2>\n\n<h3 class=\"wp-block-heading\">Dokumenty wymagane do ubiegania si\u0119 o wiz\u0119 dla dzieci<\/h3>\n\n<p>Oto lista dokument\u00f3w wymaganych przy ubieganiu si\u0119 o wiz\u0119 dla ma\u0142oletniego dziecka:<\/p>\n\n<ul class=\"wp-block-list\">\n<li>Wa\u017cny paszport dla dziecka.<\/li>\n\n\n\n<li>Aktualne zdj\u0119cie paszportowe.<\/li>\n\n\n\n<li>Wype\u0142niony formularz wniosku wizowego.<\/li>\n\n\n\n<li>Dow\u00f3d posiadania wystarczaj\u0105cych \u015brodk\u00f3w finansowych.<\/li>\n\n\n\n<li>List z zaproszeniem (je\u015bli dotyczy).<\/li>\n\n\n\n<li>Dow\u00f3d zapisu do szko\u0142y (w przypadku wiz studenckich).<\/li>\n<\/ul>\n\n<div style=\"height:10px\" aria-hidden=\"true\" class=\"wp-block-spacer\"><\/div>\n\n<h3 class=\"wp-block-heading\">Etapy ubiegania si\u0119 o wiz\u0119 dla dziecka<\/h3>\n\n<ul class=\"wp-block-list\">\n<li>Wype\u0142nij internetowy formularz wniosku wizowego na stronie rz\u0105du Wielkiej Brytanii.<\/li>\n\n\n\n<li><a href=\"https:\/\/uk-gb.net\/pl\/ambasada-ds-wiz-w-anglii\/\">Um\u00f3wi\u0107 si\u0119 na wizyt\u0119 w centrum wizowym<\/a> w celu z\u0142o\u017cenia wymaganych dokument\u00f3w i podania danych biometrycznych dziecka.<\/li>\n\n\n\n<li>Ui\u015bci\u0107 <a href=\"https:\/\/uk-gb.net\/pl\/cena-wizy-do-anglii\/\">op\u0142aty wizowe<\/a> zgodnie z rodzajem wizy i d\u0142ugo\u015bci\u0105 pobytu.<\/li>\n\n\n\n<li>Poczekaj kilka tygodni na rozpatrzenie wniosk\u00f3w wizowych przed uzyskaniem ostatecznej decyzji.<\/li>\n<\/ul>\n\n<div style=\"height:10px\" aria-hidden=\"true\" class=\"wp-block-spacer\"><\/div>\n\n<div style=\"height:10px\" aria-hidden=\"true\" class=\"wp-block-spacer\"><\/div>\n","protected":false},"excerpt":{"rendered":"<p>Dzieci, podobnie jak doro\u015bli, potrzebuj\u0105 wizy, aby wjecha\u0107 do Anglii, je\u015bli nie s\u0105 obywatelami kraju zwolnionego z obowi\u0105zku wizowego. Wymagania mog\u0105 si\u0119 r\u00f3\u017cni\u0107 w zale\u017cno\u015bci od narodowo\u015bci dziecka i d\u0142ugo\u015bci planowanego pobytu. W przypadku kr\u00f3tkoterminowego pobytu w Wielkiej Brytanii: nie musisz uzyskiwa\u0107 wizy dla dziecka, je\u015bli jeste\u015b obywatelem kraju kwalifikuj\u0105cego si\u0119 do brytyjskiego ETA. Po [&hellip;]<\/p>\n","protected":false},"author":1,"featured_media":0,"parent":0,"menu_order":0,"comment_status":"closed","ping_status":"closed","template":"","meta":{"footnotes":""},"class_list":["post-860","page","type-page","status-publish","hentry"],"yoast_head":"<!-- This site is optimized with the Yoast SEO plugin v27.3 - https:\/\/yoast.com\/product\/yoast-seo-wordpress\/ -->\n<title>Wiza dla dziecka na podr\u00f3\u017c do Anglii i Wielkiej Brytanii - UK GB<\/title>\n<meta name=\"description\" content=\"Uzyskanie wizy turystycznej dla dziecka do Anglii umo\u017cliwia podr\u00f3\u017cowanie do Wielkiej Brytanii przez okre\u015blony czas.\" \/>\n<meta name=\"robots\" content=\"index, follow, max-snippet:-1, max-image-preview:large, max-video-preview:-1\" \/>\n<link rel=\"canonical\" href=\"https:\/\/uk-gb.net\/pl\/wiza-dziecieca-do-anglii\/\" \/>\n<meta property=\"og:locale\" content=\"pl_PL\" \/>\n<meta property=\"og:type\" content=\"article\" \/>\n<meta property=\"og:title\" content=\"Wiza dla dziecka na podr\u00f3\u017c do Anglii i Wielkiej Brytanii - UK GB\" \/>\n<meta property=\"og:description\" content=\"Uzyskanie wizy turystycznej dla dziecka do Anglii umo\u017cliwia podr\u00f3\u017cowanie do Wielkiej Brytanii przez okre\u015blony czas.\" \/>\n<meta property=\"og:url\" content=\"https:\/\/uk-gb.net\/pl\/wiza-dziecieca-do-anglii\/\" \/>\n<meta property=\"og:site_name\" content=\"UK GB\" \/>\n<meta property=\"article:modified_time\" content=\"2026-01-05T15:27:35+00:00\" \/>\n<meta name=\"twitter:card\" content=\"summary_large_image\" \/>\n<meta name=\"twitter:label1\" content=\"Szacowany czas czytania\" \/>\n\t<meta name=\"twitter:data1\" content=\"2 minuty\" \/>\n<script type=\"application\/ld+json\" class=\"yoast-schema-graph\">{\"@context\":\"https:\\\/\\\/schema.org\",\"@graph\":[{\"@type\":\"WebPage\",\"@id\":\"https:\\\/\\\/uk-gb.net\\\/pl\\\/wiza-dziecieca-do-anglii\\\/\",\"url\":\"https:\\\/\\\/uk-gb.net\\\/pl\\\/wiza-dziecieca-do-anglii\\\/\",\"name\":\"Wiza dla dziecka na podr\u00f3\u017c do Anglii i Wielkiej Brytanii - UK GB\",\"isPartOf\":{\"@id\":\"https:\\\/\\\/uk-gb.net\\\/pl\\\/#website\"},\"datePublished\":\"2023-12-07T16:36:32+00:00\",\"dateModified\":\"2026-01-05T15:27:35+00:00\",\"description\":\"Uzyskanie wizy turystycznej dla dziecka do Anglii umo\u017cliwia podr\u00f3\u017cowanie do Wielkiej Brytanii przez okre\u015blony czas.\",\"inLanguage\":\"pl-PL\",\"potentialAction\":[{\"@type\":\"ReadAction\",\"target\":[\"https:\\\/\\\/uk-gb.net\\\/pl\\\/wiza-dziecieca-do-anglii\\\/\"]}]},{\"@type\":\"WebSite\",\"@id\":\"https:\\\/\\\/uk-gb.net\\\/pl\\\/#website\",\"url\":\"https:\\\/\\\/uk-gb.net\\\/pl\\\/\",\"name\":\"UK GB\",\"description\":\"Travel to the UK\",\"potentialAction\":[{\"@type\":\"SearchAction\",\"target\":{\"@type\":\"EntryPoint\",\"urlTemplate\":\"https:\\\/\\\/uk-gb.net\\\/pl\\\/?s={search_term_string}\"},\"query-input\":{\"@type\":\"PropertyValueSpecification\",\"valueRequired\":true,\"valueName\":\"search_term_string\"}}],\"inLanguage\":\"pl-PL\"}]}<\/script>\n<!-- \/ Yoast SEO plugin. -->","yoast_head_json":{"title":"Wiza dla dziecka na podr\u00f3\u017c do Anglii i Wielkiej Brytanii - UK GB","description":"Uzyskanie wizy turystycznej dla dziecka do Anglii umo\u017cliwia podr\u00f3\u017cowanie do Wielkiej Brytanii przez okre\u015blony czas.","robots":{"index":"index","follow":"follow","max-snippet":"max-snippet:-1","max-image-preview":"max-image-preview:large","max-video-preview":"max-video-preview:-1"},"canonical":"https:\/\/uk-gb.net\/pl\/wiza-dziecieca-do-anglii\/","og_locale":"pl_PL","og_type":"article","og_title":"Wiza dla dziecka na podr\u00f3\u017c do Anglii i Wielkiej Brytanii - UK GB","og_description":"Uzyskanie wizy turystycznej dla dziecka do Anglii umo\u017cliwia podr\u00f3\u017cowanie do Wielkiej Brytanii przez okre\u015blony czas.","og_url":"https:\/\/uk-gb.net\/pl\/wiza-dziecieca-do-anglii\/","og_site_name":"UK GB","article_modified_time":"2026-01-05T15:27:35+00:00","twitter_card":"summary_large_image","twitter_misc":{"Szacowany czas czytania":"2 minuty"},"schema":{"@context":"https:\/\/schema.org","@graph":[{"@type":"WebPage","@id":"https:\/\/uk-gb.net\/pl\/wiza-dziecieca-do-anglii\/","url":"https:\/\/uk-gb.net\/pl\/wiza-dziecieca-do-anglii\/","name":"Wiza dla dziecka na podr\u00f3\u017c do Anglii i Wielkiej Brytanii - UK GB","isPartOf":{"@id":"https:\/\/uk-gb.net\/pl\/#website"},"datePublished":"2023-12-07T16:36:32+00:00","dateModified":"2026-01-05T15:27:35+00:00","description":"Uzyskanie wizy turystycznej dla dziecka do Anglii umo\u017cliwia podr\u00f3\u017cowanie do Wielkiej Brytanii przez okre\u015blony czas.","inLanguage":"pl-PL","potentialAction":[{"@type":"ReadAction","target":["https:\/\/uk-gb.net\/pl\/wiza-dziecieca-do-anglii\/"]}]},{"@type":"WebSite","@id":"https:\/\/uk-gb.net\/pl\/#website","url":"https:\/\/uk-gb.net\/pl\/","name":"UK GB","description":"Travel to the UK","potentialAction":[{"@type":"SearchAction","target":{"@type":"EntryPoint","urlTemplate":"https:\/\/uk-gb.net\/pl\/?s={search_term_string}"},"query-input":{"@type":"PropertyValueSpecification","valueRequired":true,"valueName":"search_term_string"}}],"inLanguage":"pl-PL"}]}},"_links":{"self":[{"href":"https:\/\/uk-gb.net\/pl\/wp-json\/wp\/v2\/pages\/860","targetHints":{"allow":["GET"]}}],"collection":[{"href":"https:\/\/uk-gb.net\/pl\/wp-json\/wp\/v2\/pages"}],"about":[{"href":"https:\/\/uk-gb.net\/pl\/wp-json\/wp\/v2\/types\/page"}],"author":[{"embeddable":true,"href":"https:\/\/uk-gb.net\/pl\/wp-json\/wp\/v2\/users\/1"}],"replies":[{"embeddable":true,"href":"https:\/\/uk-gb.net\/pl\/wp-json\/wp\/v2\/comments?post=860"}],"version-history":[{"count":0,"href":"https:\/\/uk-gb.net\/pl\/wp-json\/wp\/v2\/pages\/860\/revisions"}],"wp:attachment":[{"href":"https:\/\/uk-gb.net\/pl\/wp-json\/wp\/v2\/media?parent=860"}],"curies":[{"name":"wp","href":"https:\/\/api.w.org\/{rel}","templated":true}]}}