{"id":8553,"date":"2025-09-05T14:11:50","date_gmt":"2025-09-05T13:11:50","guid":{"rendered":"https:\/\/uk-gb.net\/road-trip-cotswolds-road\/"},"modified":"2025-09-06T13:02:59","modified_gmt":"2025-09-06T12:02:59","slug":"road-trip-cotswolds-road","status":"publish","type":"page","link":"https:\/\/uk-gb.net\/pl\/road-trip-cotswolds-road\/","title":{"rendered":"Wycieczka po Cotswolds z Oksfordu: miejscowo\u015bci i plan podr\u00f3\u017cy"},"content":{"rendered":"\n<h1 class=\"wp-block-heading\">Wycieczka po Cotswolds z Oksfordu<\/h1>\n\n<p>Po\u0142o\u017cony zaledwie dwie godziny od <a href=\"https:\/\/uk-gb.net\/pl\/londyn\/\">Londynu<\/a> <a href=\"https:\/\/uk-gb.net\/pl\/oxford\/\">Oxford<\/a> jest idealn\u0105 baz\u0105 wypadow\u0105 do odkrywania Cotswolds, obszaru o wyj\u0105tkowych walorach przyrodniczych. Dzi\u0119ki malowniczym miodowym wioskom, zielonym wzg\u00f3rzom i kr\u0119tym drogom, trasa Cotswolds jest jedn\u0105 z najlepszych wycieczek samochodowych w Wielkiej Brytanii. Trasa ta jest idealna na d\u0142ugi weekend lub kilkudniow\u0105 wycieczk\u0119 po angielskiej wsi.  <\/p>\n\n<h2 class=\"wp-block-heading\">Dlaczego warto wybra\u0107 Cotswolds na wycieczk\u0119 samochodow\u0105?<\/h2>\n\n<p>Region urzeka ponadczasow\u0105 atmosfer\u0105 i bogatym dziedzictwem. Podr\u00f3\u017c do Cotswolds oznacza cieszenie si\u0119 : <\/p>\n\n<ul class=\"wp-block-list\">\n<li>kultowe wioski, takie jak Bibury, <a href=\"https:\/\/bourtoninfo.com\/\">Bourton-on-the-Water<\/a> i Stow-on-the-Wold<\/li>\n\n\n\n<li>historyczne dwory, zamki i \u015bredniowieczne opactwa<\/li>\n\n\n\n<li>Pofa\u0142dowana okolica idealna na piesze w\u0119dr\u00f3wki i sesje zdj\u0119ciowe<\/li>\n\n\n\n<li>typowo angielski styl \u017cycia, z tradycyjnymi pubami, herbaciarniami i lokalnymi targami<\/li>\n<\/ul>\n\n<p>To idealne miejsce dla mi\u0142o\u015bnik\u00f3w przyrody, historii i brytyjskiego uroku.<\/p>\n\n<figure class=\"wp-block-image size-large\"><img decoding=\"async\" src=\"https:\/\/uk-gb.net\/wp-content\/uploads\/2025\/06\/cotswolds-road-1024x695.jpg\" alt=\"Zdj&#x119;cie z wycieczki po Cotswolds\" class=\"wp-image-7731\"\/><figcaption class=\"wp-element-caption\">Zdj\u0119cie z podr\u00f3\u017cy drog\u0105 Cotswolds<\/figcaption><\/figure>\n\n<h2 class=\"wp-block-heading\">Plan podr\u00f3\u017cy z Oksfordu<\/h2>\n\n<p>Z Oksfordu prowadzi kilka tras przez Cotswolds. Klasyczna trasa na 3 do 5 dni obejmuje: <\/p>\n\n<ol class=\"wp-block-list\">\n<li>Oxford \u2192 Burford: pierwszy przystanek w wiosce nazywanej &#8222;Bram\u0105 do Cotswolds&#8221;, z kamiennymi domami i sklepami z antykami.<\/li>\n\n\n\n<li>Bibury: uwa\u017cana za najpi\u0119kniejsz\u0105 wiosk\u0119 w Anglii, wraz z Arlington Row.<\/li>\n\n\n\n<li><a href=\"https:\/\/bourtoninfo.com\/\">Bourton-on-the-Water<\/a>: nazywane &#8222;Wenecj\u0105 Cotswolds&#8221;, poprzecinane uroczymi mostkami.<\/li>\n\n\n\n<li>Stow-on-the-Wold: dawne \u015bredniowieczne miasteczko targowe, s\u0142yn\u0105ce z ko\u015bcio\u0142a i antyk\u00f3w.<\/li>\n\n\n\n<li>Broadway i Chipping Campden: historyczne wioski z typowymi domkami i punktem wyj\u015bcia do zwiedzania Broadway Tower.<\/li>\n\n\n\n<li>Powr\u00f3t do Oksfordu przez mniej znane, ale r\u00f3wnie malownicze wioski.<\/li>\n<\/ol>\n\n<div style=\"height:10px\" aria-hidden=\"true\" class=\"wp-block-spacer\"><\/div>\n\n<h2 class=\"wp-block-heading\">Kiedy wybra\u0107 si\u0119 do Cotswolds?<\/h2>\n\n<ul class=\"wp-block-list\">\n<li><strong>Wiosna<\/strong>: idealna do podziwiania kwitn\u0105cych ogrod\u00f3w, p\u00f3l rzepaku i cieszenia si\u0119 \u0142agodnym klimatem.<\/li>\n\n\n\n<li><strong>Lato<\/strong>: najbardziej ruchliwy sezon, idealny na festiwale i targi, ale wioski mog\u0105 by\u0107 bardzo turystyczne.<\/li>\n\n\n\n<li><strong>Jesie\u0144<\/strong>: wspania\u0142a pora roku, z jaskrawymi kolorami drzew i spokojniejsz\u0105 atmosfer\u0105.<\/li>\n\n\n\n<li><strong>Zima<\/strong>: romantyczna atmosfera, idealna do pub\u00f3w przy kominku, ale niekt\u00f3re atrakcje turystyczne s\u0105 zamkni\u0119te.<\/li>\n<\/ul>\n\n<div style=\"height:10px\" aria-hidden=\"true\" class=\"wp-block-spacer\"><\/div>\n\n<h2 class=\"wp-block-heading\">Praktyczne porady dotycz\u0105ce udanej podr\u00f3\u017cy<\/h2>\n\n<p>Sukces wycieczki samochodowej w Cotswolds zale\u017cy w r\u00f3wnym stopniu od wyboru trasy, jak i od przygotowania. Je\u015bli chodzi o transport, warto zdecydowa\u0107 si\u0119 na ma\u0142y samoch\u00f3d, aby \u0142atwo porusza\u0107 si\u0119 po w\u0105skich, kr\u0119tych drogach angielskiej wsi. Jazda w Cotswolds jest dost\u0119pna i mniej wymagaj\u0105ca ni\u017c na niekt\u00f3rych bardziej dzikich trasach, takich jak <a href=\"https:\/\/uk-gb.net\/pl\/north-coast-500-road-trip\/\">North Coast 500 w Szkocji<\/a>, co czyni j\u0105 idealn\u0105 tras\u0105 na pierwsz\u0105 podr\u00f3\u017c po Wielkiej Brytanii.  <\/p>\n\n<p>Zakwaterowanie r\u00f3wnie\u017c odgrywa kluczow\u0105 rol\u0119 w tym do\u015bwiadczeniu. W wioskach znajduje si\u0119 wiele pensjonat\u00f3w, typowych domk\u00f3w i uroczych hoteli. W szczycie sezonu liczba turyst\u00f3w jest wysoka, wi\u0119c najlepiej zarezerwowa\u0107 nocleg z wyprzedzeniem, aby zagwarantowa\u0107 sobie najlepsze adresy i unikn\u0105\u0107 nieprzyjemnych niespodzianek. Zaplanowanie kilku strategicznych przystank\u00f3w pozwala zr\u00f3wnowa\u017cy\u0107 wizyty kulturalne, przerwy na \u0142onie natury i chwile relaksu w tradycyjnych pubach, kt\u00f3re s\u0105 sercem brytyjskiego stylu \u017cycia.   <\/p>\n\n<p>Wreszcie, dobre przygotowanie zapewnia bezstresow\u0105 podr\u00f3\u017c. Cotswolds mo\u017cna r\u00f3wnie\u017c zwiedza\u0107 pieszo, wi\u0119c dobrym pomys\u0142em jest spakowanie wygodnych but\u00f3w do zwiedzania wiosek i cieszenia si\u0119 spacerami. Pogoda mo\u017ce by\u0107 kapry\u015bna, wi\u0119c najlepiej spakowa\u0107 ubrania odpowiednie na ka\u017cd\u0105 por\u0119 roku, nawet lato. Poniewa\u017c zasi\u0119g sieci nie zawsze jest niezawodny na niekt\u00f3rych obszarach wiejskich, zaleca si\u0119 zabranie ze sob\u0105 GPS lub pobranie mapy offline. Aby zapewni\u0107 sobie bezproblemowy wyjazd, nie zapomnij sprawdzi\u0107 z wyprzedzeniem <a href=\"https:\/\/uk-gb.net\/pl\/wiza-zjednoczone-krolestwo\/\">formalno\u015bci wizowych do Wielkiej Brytanii<\/a>, kt\u00f3re s\u0105 obowi\u0105zkowe dla niekt\u00f3rych podr\u00f3\u017cnych w zale\u017cno\u015bci od ich narodowo\u015bci.    <\/p>\n\n<h2 class=\"wp-block-heading\">Obowi\u0105zkowe miejsca na szlaku Cotswolds<\/h2>\n\n<ul class=\"wp-block-list\">\n<li><a href=\"https:\/\/www.bibury.com\/arlington-row\/\">Arlington Row w Bibury<\/a>, symboliczny obraz Cotswolds<\/li>\n\n\n\n<li>Urocza miejscowo\u015b\u0107 <a href=\"https:\/\/bourtoninfo.com\/\">Bourton-on-the-Water<\/a><\/li>\n\n\n\n<li><a href=\"https:\/\/broadwaytower.co.uk\/\">Broadway Tower<\/a>, wznosz\u0105ca si\u0119 na szczycie wzg\u00f3rza i oferuj\u0105ca panoramiczne widoki<\/li>\n\n\n\n<li>Zadaszony rynek <a href=\"https:\/\/en.wikipedia.org\/wiki\/Chipping_Campden\">w Chipping Campden<\/a><\/li>\n\n\n\n<li>Szlaki turystyczne, takie jak <a href=\"https:\/\/www.nationaltrail.co.uk\/en_GB\/trails\/cotswold-way\/\">Cotswold<\/a> Way<\/li>\n<\/ul>\n\n<div style=\"height:10px\" aria-hidden=\"true\" class=\"wp-block-spacer\"><\/div>\n\n<h2 class=\"wp-block-heading\">W skr\u00f3cie<\/h2>\n\n<p>Wycieczka samochodowa do Cotswolds z Oksfordu to zanurzenie si\u0119 w poczt\u00f3wkowej Anglii. Dzi\u0119ki malowniczym wioskom, pofa\u0142dowanym krajobrazom i historycznemu dziedzictwu, trasa ta oferuje autentyczn\u0105 ucieczk\u0119 pe\u0142n\u0105 uroku. Czy to na kilka dni, czy na tydzie\u0144, jest to niezapomniana podr\u00f3\u017c przez jeden z najpi\u0119kniejszych region\u00f3w Wielkiej Brytanii.  <\/p>\n","protected":false},"excerpt":{"rendered":"<p>Wycieczka po Cotswolds z Oksfordu Po\u0142o\u017cony zaledwie dwie godziny od Londynu Oxford jest idealn\u0105 baz\u0105 wypadow\u0105 do odkrywania Cotswolds, obszaru o wyj\u0105tkowych walorach przyrodniczych. Dzi\u0119ki malowniczym miodowym wioskom, zielonym wzg\u00f3rzom i kr\u0119tym drogom, trasa Cotswolds jest jedn\u0105 z najlepszych wycieczek samochodowych w Wielkiej Brytanii. Trasa ta jest idealna na d\u0142ugi weekend lub kilkudniow\u0105 wycieczk\u0119 po [&hellip;]<\/p>\n","protected":false},"author":1,"featured_media":0,"parent":0,"menu_order":0,"comment_status":"closed","ping_status":"closed","template":"","meta":{"footnotes":""},"class_list":["post-8553","page","type-page","status-publish","hentry"],"yoast_head":"<!-- This site is optimized with the Yoast SEO plugin v27.4 - https:\/\/yoast.com\/product\/yoast-seo-wordpress\/ -->\n<title>Wycieczka po Cotswolds z Oksfordu: miejscowo\u015bci i plan podr\u00f3\u017cy - UK GB<\/title>\n<meta name=\"description\" content=\"Wyjed\u017a z Oksfordu na wycieczk\u0119 po Cotswolds. Odkryj Bibury, Bourton-on-the-Water, Stow-on-the-Wold i najpi\u0119kniejsze wioski.\" \/>\n<meta name=\"robots\" content=\"index, follow, max-snippet:-1, max-image-preview:large, max-video-preview:-1\" \/>\n<link rel=\"canonical\" href=\"https:\/\/uk-gb.net\/pl\/road-trip-cotswolds-road\/\" \/>\n<meta property=\"og:locale\" content=\"pl_PL\" \/>\n<meta property=\"og:type\" content=\"article\" \/>\n<meta property=\"og:title\" content=\"Wycieczka po Cotswolds z Oksfordu: miejscowo\u015bci i plan podr\u00f3\u017cy - UK GB\" \/>\n<meta property=\"og:description\" content=\"Wyjed\u017a z Oksfordu na wycieczk\u0119 po Cotswolds. Odkryj Bibury, Bourton-on-the-Water, Stow-on-the-Wold i najpi\u0119kniejsze wioski.\" \/>\n<meta property=\"og:url\" content=\"https:\/\/uk-gb.net\/pl\/road-trip-cotswolds-road\/\" \/>\n<meta property=\"og:site_name\" content=\"UK GB\" \/>\n<meta property=\"article:modified_time\" content=\"2025-09-06T12:02:59+00:00\" \/>\n<meta property=\"og:image\" content=\"https:\/\/uk-gb.net\/wp-content\/uploads\/2025\/06\/cotswolds-road-e1750836905787.jpg\" \/>\n\t<meta property=\"og:image:width\" content=\"1200\" \/>\n\t<meta property=\"og:image:height\" content=\"698\" \/>\n\t<meta property=\"og:image:type\" content=\"image\/jpeg\" \/>\n<meta name=\"twitter:card\" content=\"summary_large_image\" \/>\n<meta name=\"twitter:label1\" content=\"Szacowany czas czytania\" \/>\n\t<meta name=\"twitter:data1\" content=\"3 minuty\" \/>\n<script type=\"application\/ld+json\" class=\"yoast-schema-graph\">{\"@context\":\"https:\\\/\\\/schema.org\",\"@graph\":[{\"@type\":\"WebPage\",\"@id\":\"https:\\\/\\\/uk-gb.net\\\/pl\\\/road-trip-cotswolds-road\\\/\",\"url\":\"https:\\\/\\\/uk-gb.net\\\/pl\\\/road-trip-cotswolds-road\\\/\",\"name\":\"Wycieczka po Cotswolds z Oksfordu: miejscowo\u015bci i plan podr\u00f3\u017cy - UK GB\",\"isPartOf\":{\"@id\":\"https:\\\/\\\/uk-gb.net\\\/pl\\\/#website\"},\"primaryImageOfPage\":{\"@id\":\"https:\\\/\\\/uk-gb.net\\\/pl\\\/road-trip-cotswolds-road\\\/#primaryimage\"},\"image\":{\"@id\":\"https:\\\/\\\/uk-gb.net\\\/pl\\\/road-trip-cotswolds-road\\\/#primaryimage\"},\"thumbnailUrl\":\"https:\\\/\\\/uk-gb.net\\\/wp-content\\\/uploads\\\/2025\\\/06\\\/cotswolds-road-1024x695.jpg\",\"datePublished\":\"2025-09-05T13:11:50+00:00\",\"dateModified\":\"2025-09-06T12:02:59+00:00\",\"description\":\"Wyjed\u017a z Oksfordu na wycieczk\u0119 po Cotswolds. Odkryj Bibury, Bourton-on-the-Water, Stow-on-the-Wold i najpi\u0119kniejsze wioski.\",\"inLanguage\":\"pl-PL\",\"potentialAction\":[{\"@type\":\"ReadAction\",\"target\":[\"https:\\\/\\\/uk-gb.net\\\/pl\\\/road-trip-cotswolds-road\\\/\"]}]},{\"@type\":\"ImageObject\",\"inLanguage\":\"pl-PL\",\"@id\":\"https:\\\/\\\/uk-gb.net\\\/pl\\\/road-trip-cotswolds-road\\\/#primaryimage\",\"url\":\"https:\\\/\\\/uk-gb.net\\\/wp-content\\\/uploads\\\/2025\\\/06\\\/cotswolds-road-1024x695.jpg\",\"contentUrl\":\"https:\\\/\\\/uk-gb.net\\\/wp-content\\\/uploads\\\/2025\\\/06\\\/cotswolds-road-1024x695.jpg\"},{\"@type\":\"WebSite\",\"@id\":\"https:\\\/\\\/uk-gb.net\\\/pl\\\/#website\",\"url\":\"https:\\\/\\\/uk-gb.net\\\/pl\\\/\",\"name\":\"UK GB\",\"description\":\"Travel to the UK\",\"potentialAction\":[{\"@type\":\"SearchAction\",\"target\":{\"@type\":\"EntryPoint\",\"urlTemplate\":\"https:\\\/\\\/uk-gb.net\\\/pl\\\/?s={search_term_string}\"},\"query-input\":{\"@type\":\"PropertyValueSpecification\",\"valueRequired\":true,\"valueName\":\"search_term_string\"}}],\"inLanguage\":\"pl-PL\"}]}<\/script>\n<!-- \/ Yoast SEO plugin. -->","yoast_head_json":{"title":"Wycieczka po Cotswolds z Oksfordu: miejscowo\u015bci i plan podr\u00f3\u017cy - UK GB","description":"Wyjed\u017a z Oksfordu na wycieczk\u0119 po Cotswolds. Odkryj Bibury, Bourton-on-the-Water, Stow-on-the-Wold i najpi\u0119kniejsze wioski.","robots":{"index":"index","follow":"follow","max-snippet":"max-snippet:-1","max-image-preview":"max-image-preview:large","max-video-preview":"max-video-preview:-1"},"canonical":"https:\/\/uk-gb.net\/pl\/road-trip-cotswolds-road\/","og_locale":"pl_PL","og_type":"article","og_title":"Wycieczka po Cotswolds z Oksfordu: miejscowo\u015bci i plan podr\u00f3\u017cy - UK GB","og_description":"Wyjed\u017a z Oksfordu na wycieczk\u0119 po Cotswolds. Odkryj Bibury, Bourton-on-the-Water, Stow-on-the-Wold i najpi\u0119kniejsze wioski.","og_url":"https:\/\/uk-gb.net\/pl\/road-trip-cotswolds-road\/","og_site_name":"UK GB","article_modified_time":"2025-09-06T12:02:59+00:00","og_image":[{"width":1200,"height":698,"url":"https:\/\/uk-gb.net\/wp-content\/uploads\/2025\/06\/cotswolds-road-e1750836905787.jpg","type":"image\/jpeg"}],"twitter_card":"summary_large_image","twitter_misc":{"Szacowany czas czytania":"3 minuty"},"schema":{"@context":"https:\/\/schema.org","@graph":[{"@type":"WebPage","@id":"https:\/\/uk-gb.net\/pl\/road-trip-cotswolds-road\/","url":"https:\/\/uk-gb.net\/pl\/road-trip-cotswolds-road\/","name":"Wycieczka po Cotswolds z Oksfordu: miejscowo\u015bci i plan podr\u00f3\u017cy - UK GB","isPartOf":{"@id":"https:\/\/uk-gb.net\/pl\/#website"},"primaryImageOfPage":{"@id":"https:\/\/uk-gb.net\/pl\/road-trip-cotswolds-road\/#primaryimage"},"image":{"@id":"https:\/\/uk-gb.net\/pl\/road-trip-cotswolds-road\/#primaryimage"},"thumbnailUrl":"https:\/\/uk-gb.net\/wp-content\/uploads\/2025\/06\/cotswolds-road-1024x695.jpg","datePublished":"2025-09-05T13:11:50+00:00","dateModified":"2025-09-06T12:02:59+00:00","description":"Wyjed\u017a z Oksfordu na wycieczk\u0119 po Cotswolds. Odkryj Bibury, Bourton-on-the-Water, Stow-on-the-Wold i najpi\u0119kniejsze wioski.","inLanguage":"pl-PL","potentialAction":[{"@type":"ReadAction","target":["https:\/\/uk-gb.net\/pl\/road-trip-cotswolds-road\/"]}]},{"@type":"ImageObject","inLanguage":"pl-PL","@id":"https:\/\/uk-gb.net\/pl\/road-trip-cotswolds-road\/#primaryimage","url":"https:\/\/uk-gb.net\/wp-content\/uploads\/2025\/06\/cotswolds-road-1024x695.jpg","contentUrl":"https:\/\/uk-gb.net\/wp-content\/uploads\/2025\/06\/cotswolds-road-1024x695.jpg"},{"@type":"WebSite","@id":"https:\/\/uk-gb.net\/pl\/#website","url":"https:\/\/uk-gb.net\/pl\/","name":"UK GB","description":"Travel to the UK","potentialAction":[{"@type":"SearchAction","target":{"@type":"EntryPoint","urlTemplate":"https:\/\/uk-gb.net\/pl\/?s={search_term_string}"},"query-input":{"@type":"PropertyValueSpecification","valueRequired":true,"valueName":"search_term_string"}}],"inLanguage":"pl-PL"}]}},"_links":{"self":[{"href":"https:\/\/uk-gb.net\/pl\/wp-json\/wp\/v2\/pages\/8553","targetHints":{"allow":["GET"]}}],"collection":[{"href":"https:\/\/uk-gb.net\/pl\/wp-json\/wp\/v2\/pages"}],"about":[{"href":"https:\/\/uk-gb.net\/pl\/wp-json\/wp\/v2\/types\/page"}],"author":[{"embeddable":true,"href":"https:\/\/uk-gb.net\/pl\/wp-json\/wp\/v2\/users\/1"}],"replies":[{"embeddable":true,"href":"https:\/\/uk-gb.net\/pl\/wp-json\/wp\/v2\/comments?post=8553"}],"version-history":[{"count":0,"href":"https:\/\/uk-gb.net\/pl\/wp-json\/wp\/v2\/pages\/8553\/revisions"}],"wp:attachment":[{"href":"https:\/\/uk-gb.net\/pl\/wp-json\/wp\/v2\/media?parent=8553"}],"curies":[{"name":"wp","href":"https:\/\/api.w.org\/{rel}","templated":true}]}}