{"id":853,"date":"2023-12-07T15:10:50","date_gmt":"2023-12-07T15:10:50","guid":{"rendered":"https:\/\/uk-gb.net\/wiza-rodzinna-do-anglii\/"},"modified":"2026-01-06T14:17:45","modified_gmt":"2026-01-06T14:17:45","slug":"wiza-rodzinna-do-anglii","status":"publish","type":"page","link":"https:\/\/uk-gb.net\/pl\/wiza-rodzinna-do-anglii\/","title":{"rendered":"Wiza rodzinna do Wielkiej Brytanii"},"content":{"rendered":"\n<h1 class=\"wp-block-heading\">Wizy rodzinne na podr\u00f3\u017c do Wielkiej Brytanii<\/h1>\n\n<p>Brytyjska wiza rodzinna pozwala cudzoziemcowi do\u0142\u0105czy\u0107 do cz\u0142onka rodziny mieszkaj\u0105cego legalnie w Wielkiej Brytanii. Wiza ta dotyczy ma\u0142\u017conk\u00f3w, dzieci, rodzic\u00f3w i innych bliskich cz\u0142onk\u00f3w rodziny. Poni\u017cej znajduje si\u0119 pe\u0142ny przewodnik po warunkach, procedurach i rodzajach wiz rodzinnych dost\u0119pnych przy przyje\u017adzie do Wielkiej Brytanii.  <\/p>\n\n<p><strong>W przypadku kr\u00f3tkich pobyt\u00f3w <\/strong>: Nie ma potrzeby uzyskiwania wizy; wystarczy wype\u0142ni\u0107 <a href=\"https:\/\/uk-gb.net\/pl\/wiza-online-eta-anglii\/\">formularz ETA online<\/a>.<\/p>\n\n<div style=\"height:10px\" aria-hidden=\"true\" class=\"wp-block-spacer\"><\/div>\n\n<h2 class=\"wp-block-heading\">Kto mo\u017ce ubiega\u0107 si\u0119 o wiz\u0119 rodzinn\u0105 do Wielkiej Brytanii?<\/h2>\n\n<p>Wiza rodzinna ma zastosowanie w kilku sytuacjach. Mo\u017cesz ubiega\u0107 si\u0119 o ni\u0105, je\u015bli chcesz : <\/p>\n\n<ul class=\"wp-block-list\">\n<li>Do\u0142\u0105czenie do wsp\u00f3\u0142ma\u0142\u017conka lub partnera cywilnego mieszkaj\u0105cego w Wielkiej Brytanii ;<\/li>\n\n\n\n<li>Mieszkanie z brytyjskim rodzicem lub dzieckiem lub legalny pobyt w Wielkiej Brytanii;<\/li>\n\n\n\n<li>Do\u0142\u0105cz do partnera stanu wolnego, je\u015bli jeste\u015b w sta\u0142ym zwi\u0105zku od co najmniej 2 lat;<\/li>\n\n\n\n<li>Towarzyszenie cz\u0142onkowi rodziny posiadaj\u0105cemu status uchod\u017acy lub ochron\u0119 humanitarn\u0105 w Wielkiej Brytanii.<\/li>\n<\/ul>\n\n<p>Cz\u0142onek rodziny, do kt\u00f3rego do\u0142\u0105czasz, musi by\u0107 obywatelem brytyjskim, posiada\u0107 status sta\u0142ego rezydenta (ILR) lub status uchod\u017acy.<\/p>\n\n<div style=\"height:10px\" aria-hidden=\"true\" class=\"wp-block-spacer\"><\/div>\n\n<p>Od 2024 r. Wielka Brytania wdro\u017cy\u0142a <a href=\"https:\/\/uk-gb.net\/pl\/eta-anglia-wielka-brytania\/\">brytyjski system ETA.<\/a> Kwalifikuj\u0105cy si\u0119 zagraniczni podr\u00f3\u017cni mog\u0105 teraz podr\u00f3\u017cowa\u0107 <a href=\"https:\/\/uk-gb.net\/pl\/rozne-rodzaje-wiz-brytyjskich\/\">bez wiz do Wielkiej Brytanii<\/a>.<\/p>\n\n<p><strong>Aby z\u0142o\u017cy\u0107 wniosek o ETA online<\/strong>, wystarczy wype\u0142ni\u0107 <a href=\"https:\/\/uk-gb.net\/pl\/wiza-online-eta-anglii\/\">formularz ETA online<\/a>.<\/p>\n\n<div style=\"height:10px\" aria-hidden=\"true\" class=\"wp-block-spacer\"><\/div>\n\n<h2 class=\"wp-block-heading\">Kryteria kwalifikowalno\u015bci dla wiz rodzinnych<\/h2>\n\n<p>Aby kwalifikowa\u0107 si\u0119 do otrzymania <a href=\"https:\/\/www.gov.uk\/uk-family-visa\">brytyjskiej wizy rodzinnej<\/a>, nale\u017cy spe\u0142ni\u0107 co najmniej nast\u0119puj\u0105ce warunki:<\/p>\n\n<ul class=\"wp-block-list\">\n<li>Pozostawa\u0107 w prawdziwym i uznanym zwi\u0105zku z obywatelem brytyjskim lub sta\u0142ym rezydentem.<\/li>\n\n\n\n<li>Udowodnij, \u017ce posiadasz wystarczaj\u0105ce \u015brodki finansowe, aby zaspokoi\u0107 swoje potrzeby bez korzystania z funduszy publicznych.<\/li>\n\n\n\n<li>Odpowiednia znajomo\u015b\u0107 j\u0119zyka angielskiego.<\/li>\n\n\n\n<li>Przedstawi\u0107 dow\u00f3d zakwaterowania w Anglii.<\/li>\n<\/ul>\n\n<div style=\"height:10px\" aria-hidden=\"true\" class=\"wp-block-spacer\"><\/div>\n\n<h2 class=\"wp-block-heading\">Etapy ubiegania si\u0119 o wiz\u0119 rodzinn\u0105<\/h2>\n\n<ol class=\"wp-block-list\">\n<li>Wype\u0142nij <a href=\"https:\/\/uk-gb.net\/pl\/procedura-wize-wielkiej-brytanii\/\">internetowy formularz wniosku wizowego<\/a> na stronie rz\u0105du Wielkiej Brytanii.<\/li>\n\n\n\n<li>Przygotuj wszystkie niezb\u0119dne dokumenty, w tym dow\u00f3d pokrewie\u0144stwa, dowody finansowe i wyniki test\u00f3w j\u0119zykowych.<\/li>\n\n\n\n<li>Z\u0142o\u017cy\u0107 wniosek online i ui\u015bci\u0107 odpowiedni\u0105 <a href=\"https:\/\/uk-gb.net\/pl\/cena-wizy-do-anglii\/\">op\u0142at\u0119 wizow\u0105<\/a>.<\/li>\n\n\n\n<li>Um\u00f3w si\u0119 na spotkanie w centrum sk\u0142adania wniosk\u00f3w wizowych, aby z\u0142o\u017cy\u0107 odciski palc\u00f3w i zdj\u0119cie.<\/li>\n<\/ol>\n\n<div style=\"height:10px\" aria-hidden=\"true\" class=\"wp-block-spacer\"><\/div>\n\n<p>Rozpatrzenie wniosku wizowego i podj\u0119cie decyzji mo\u017ce zaj\u0105\u0107 kilka tygodni.<\/p>\n\n<h2 class=\"wp-block-heading\">Dokumenty, kt\u00f3re nale\u017cy dostarczy\u0107 podczas ubiegania si\u0119 o wiz\u0119<\/h2>\n\n<p>Minimalne dokumenty wymagane do ubiegania si\u0119 o wiz\u0119 rodzinn\u0105 to :<\/p>\n\n<ul class=\"wp-block-list\">\n<li>Wa\u017cny paszport.<\/li>\n\n\n\n<li>Dow\u00f3d pokrewie\u0144stwa (akt ma\u0142\u017ce\u0144stwa, akt urodzenia itp.).<\/li>\n\n\n\n<li>Dow\u00f3d posiadania \u015brodk\u00f3w finansowych (wyci\u0105gi bankowe, pisma od pracodawcy).<\/li>\n\n\n\n<li>Test z j\u0119zyka angielskiego (je\u015bli dotyczy).<\/li>\n\n\n\n<li>Dow\u00f3d zakwaterowania w Anglii.<\/li>\n<\/ul>\n","protected":false},"excerpt":{"rendered":"<p>Wizy rodzinne na podr\u00f3\u017c do Wielkiej Brytanii Brytyjska wiza rodzinna pozwala cudzoziemcowi do\u0142\u0105czy\u0107 do cz\u0142onka rodziny mieszkaj\u0105cego legalnie w Wielkiej Brytanii. Wiza ta dotyczy ma\u0142\u017conk\u00f3w, dzieci, rodzic\u00f3w i innych bliskich cz\u0142onk\u00f3w rodziny. Poni\u017cej znajduje si\u0119 pe\u0142ny przewodnik po warunkach, procedurach i rodzajach wiz rodzinnych dost\u0119pnych przy przyje\u017adzie do Wielkiej Brytanii. W przypadku kr\u00f3tkich pobyt\u00f3w : [&hellip;]<\/p>\n","protected":false},"author":1,"featured_media":0,"parent":0,"menu_order":0,"comment_status":"closed","ping_status":"closed","template":"","meta":{"footnotes":""},"class_list":["post-853","page","type-page","status-publish","hentry"],"yoast_head":"<!-- This site is optimized with the Yoast SEO plugin v27.3 - https:\/\/yoast.com\/product\/yoast-seo-wordpress\/ -->\n<title>Wiza rodzinna do Wielkiej Brytanii - UK GB<\/title>\n<meta name=\"description\" content=\"Uzyska\u0107 wiz\u0119 rodzinn\u0105 na pobyt w Anglii i Zjednoczonym Kr\u00f3lestwie na okres wa\u017cno\u015bci uzyskanej wizy\" \/>\n<meta name=\"robots\" content=\"index, follow, max-snippet:-1, max-image-preview:large, max-video-preview:-1\" \/>\n<link rel=\"canonical\" href=\"https:\/\/uk-gb.net\/pl\/wiza-rodzinna-do-anglii\/\" \/>\n<meta property=\"og:locale\" content=\"pl_PL\" \/>\n<meta property=\"og:type\" content=\"article\" \/>\n<meta property=\"og:title\" content=\"Wiza rodzinna do Wielkiej Brytanii - UK GB\" \/>\n<meta property=\"og:description\" content=\"Uzyska\u0107 wiz\u0119 rodzinn\u0105 na pobyt w Anglii i Zjednoczonym Kr\u00f3lestwie na okres wa\u017cno\u015bci uzyskanej wizy\" \/>\n<meta property=\"og:url\" content=\"https:\/\/uk-gb.net\/pl\/wiza-rodzinna-do-anglii\/\" \/>\n<meta property=\"og:site_name\" content=\"UK GB\" \/>\n<meta property=\"article:modified_time\" content=\"2026-01-06T14:17:45+00:00\" \/>\n<meta name=\"twitter:card\" content=\"summary_large_image\" \/>\n<meta name=\"twitter:label1\" content=\"Szacowany czas czytania\" \/>\n\t<meta name=\"twitter:data1\" content=\"2 minuty\" \/>\n<script type=\"application\/ld+json\" class=\"yoast-schema-graph\">{\"@context\":\"https:\\\/\\\/schema.org\",\"@graph\":[{\"@type\":\"WebPage\",\"@id\":\"https:\\\/\\\/uk-gb.net\\\/pl\\\/wiza-rodzinna-do-anglii\\\/\",\"url\":\"https:\\\/\\\/uk-gb.net\\\/pl\\\/wiza-rodzinna-do-anglii\\\/\",\"name\":\"Wiza rodzinna do Wielkiej Brytanii - UK GB\",\"isPartOf\":{\"@id\":\"https:\\\/\\\/uk-gb.net\\\/pl\\\/#website\"},\"datePublished\":\"2023-12-07T15:10:50+00:00\",\"dateModified\":\"2026-01-06T14:17:45+00:00\",\"description\":\"Uzyska\u0107 wiz\u0119 rodzinn\u0105 na pobyt w Anglii i Zjednoczonym Kr\u00f3lestwie na okres wa\u017cno\u015bci uzyskanej wizy\",\"inLanguage\":\"pl-PL\",\"potentialAction\":[{\"@type\":\"ReadAction\",\"target\":[\"https:\\\/\\\/uk-gb.net\\\/pl\\\/wiza-rodzinna-do-anglii\\\/\"]}]},{\"@type\":\"WebSite\",\"@id\":\"https:\\\/\\\/uk-gb.net\\\/pl\\\/#website\",\"url\":\"https:\\\/\\\/uk-gb.net\\\/pl\\\/\",\"name\":\"UK GB\",\"description\":\"Travel to the UK\",\"potentialAction\":[{\"@type\":\"SearchAction\",\"target\":{\"@type\":\"EntryPoint\",\"urlTemplate\":\"https:\\\/\\\/uk-gb.net\\\/pl\\\/?s={search_term_string}\"},\"query-input\":{\"@type\":\"PropertyValueSpecification\",\"valueRequired\":true,\"valueName\":\"search_term_string\"}}],\"inLanguage\":\"pl-PL\"}]}<\/script>\n<!-- \/ Yoast SEO plugin. -->","yoast_head_json":{"title":"Wiza rodzinna do Wielkiej Brytanii - UK GB","description":"Uzyska\u0107 wiz\u0119 rodzinn\u0105 na pobyt w Anglii i Zjednoczonym Kr\u00f3lestwie na okres wa\u017cno\u015bci uzyskanej wizy","robots":{"index":"index","follow":"follow","max-snippet":"max-snippet:-1","max-image-preview":"max-image-preview:large","max-video-preview":"max-video-preview:-1"},"canonical":"https:\/\/uk-gb.net\/pl\/wiza-rodzinna-do-anglii\/","og_locale":"pl_PL","og_type":"article","og_title":"Wiza rodzinna do Wielkiej Brytanii - UK GB","og_description":"Uzyska\u0107 wiz\u0119 rodzinn\u0105 na pobyt w Anglii i Zjednoczonym Kr\u00f3lestwie na okres wa\u017cno\u015bci uzyskanej wizy","og_url":"https:\/\/uk-gb.net\/pl\/wiza-rodzinna-do-anglii\/","og_site_name":"UK GB","article_modified_time":"2026-01-06T14:17:45+00:00","twitter_card":"summary_large_image","twitter_misc":{"Szacowany czas czytania":"2 minuty"},"schema":{"@context":"https:\/\/schema.org","@graph":[{"@type":"WebPage","@id":"https:\/\/uk-gb.net\/pl\/wiza-rodzinna-do-anglii\/","url":"https:\/\/uk-gb.net\/pl\/wiza-rodzinna-do-anglii\/","name":"Wiza rodzinna do Wielkiej Brytanii - UK GB","isPartOf":{"@id":"https:\/\/uk-gb.net\/pl\/#website"},"datePublished":"2023-12-07T15:10:50+00:00","dateModified":"2026-01-06T14:17:45+00:00","description":"Uzyska\u0107 wiz\u0119 rodzinn\u0105 na pobyt w Anglii i Zjednoczonym Kr\u00f3lestwie na okres wa\u017cno\u015bci uzyskanej wizy","inLanguage":"pl-PL","potentialAction":[{"@type":"ReadAction","target":["https:\/\/uk-gb.net\/pl\/wiza-rodzinna-do-anglii\/"]}]},{"@type":"WebSite","@id":"https:\/\/uk-gb.net\/pl\/#website","url":"https:\/\/uk-gb.net\/pl\/","name":"UK GB","description":"Travel to the UK","potentialAction":[{"@type":"SearchAction","target":{"@type":"EntryPoint","urlTemplate":"https:\/\/uk-gb.net\/pl\/?s={search_term_string}"},"query-input":{"@type":"PropertyValueSpecification","valueRequired":true,"valueName":"search_term_string"}}],"inLanguage":"pl-PL"}]}},"_links":{"self":[{"href":"https:\/\/uk-gb.net\/pl\/wp-json\/wp\/v2\/pages\/853","targetHints":{"allow":["GET"]}}],"collection":[{"href":"https:\/\/uk-gb.net\/pl\/wp-json\/wp\/v2\/pages"}],"about":[{"href":"https:\/\/uk-gb.net\/pl\/wp-json\/wp\/v2\/types\/page"}],"author":[{"embeddable":true,"href":"https:\/\/uk-gb.net\/pl\/wp-json\/wp\/v2\/users\/1"}],"replies":[{"embeddable":true,"href":"https:\/\/uk-gb.net\/pl\/wp-json\/wp\/v2\/comments?post=853"}],"version-history":[{"count":0,"href":"https:\/\/uk-gb.net\/pl\/wp-json\/wp\/v2\/pages\/853\/revisions"}],"wp:attachment":[{"href":"https:\/\/uk-gb.net\/pl\/wp-json\/wp\/v2\/media?parent=853"}],"curies":[{"name":"wp","href":"https:\/\/api.w.org\/{rel}","templated":true}]}}