{"id":845,"date":"2023-12-07T15:07:43","date_gmt":"2023-12-07T15:07:43","guid":{"rendered":"https:\/\/uk-gb.net\/wiza-studencka-do-anglii\/"},"modified":"2025-08-27T10:22:42","modified_gmt":"2025-08-27T09:22:42","slug":"wiza-studencka-do-anglii","status":"publish","type":"page","link":"https:\/\/uk-gb.net\/pl\/wiza-studencka-do-anglii\/","title":{"rendered":"Wiza studencka do Wielkiej Brytanii"},"content":{"rendered":"\n<h1 class=\"wp-block-heading\">Wiza na studia w Wielkiej Brytanii<\/h1>\n\n<p><strong>Brytyjska wiza studenc<\/strong>ka, oficjalnie znana jako <strong>wiza studencka<\/strong>, jest obowi\u0105zkowa dla wszystkich student\u00f3w zagranicznych, kt\u00f3rzy chc\u0105 studiowa\u0107 w Wielkiej Brytanii przez ponad 6 miesi\u0119cy. Studia w Anglii, Szkocji, Walii lub Irlandii P\u00f3\u0142nocnej daj\u0105 mo\u017cliwo\u015b\u0107 studiowania na \u015bwiatowej s\u0142awy uniwersytetach, takich jak Oxford, Cambridge, Edynburg czy UCL. <\/p>\n\n<p><strong>W przypadku pobytu w szkole kr\u00f3tszego ni\u017c 6 miesi\u0119cy<\/strong>: Nie musisz uzyskiwa\u0107 brytyjskiej wizy studenckiej; wystarczy, \u017ce z\u0142o\u017cysz wniosek o zezwolenie na podr\u00f3\u017c, wype\u0142niaj\u0105c <a href=\"https:\/\/uk-gb.net\/pl\/wiza-online-eta-anglii\/\">formularz ETA online<\/a>.<\/p>\n\n<div style=\"height:10px\" aria-hidden=\"true\" class=\"wp-block-spacer\"><\/div>\n\n<h2 class=\"wp-block-heading\">Kto potrzebuje wizy studenckiej do Wielkiej Brytanii?<\/h2>\n\n<p>Musisz ubiega\u0107 si\u0119 o wiz\u0119 studenck\u0105, je\u015bli :<\/p>\n\n<ul class=\"wp-block-list\">\n<li>Maj\u0105 co najmniej 16 lat<\/li>\n\n\n\n<li>Zosta\u0107 przyj\u0119tym do akredytowanej instytucji edukacyjnej w Wielkiej Brytanii<\/li>\n\n\n\n<li>Ch\u0119\u0107 uczestniczenia w <strong>programie studi\u00f3w trwaj\u0105cym d\u0142u\u017cej ni\u017c 6 miesi\u0119cy<\/strong><\/li>\n\n\n\n<li><strong>Nie s\u0105 obywatelami Wielkiej Brytanii lub Irlandii<\/strong><\/li>\n\n\n\n<li>Nie kwalifikuj\u0105 si\u0119 do <a href=\"https:\/\/uk-gb.net\/pl\/eta-anglia-wielka-brytania\/\">brytyjskiego ETA<\/a><\/li>\n<\/ul>\n\n<blockquote class=\"wp-block-quote is-layout-flow wp-block-quote-is-layout-flow\">\n<p>Obywatele UE musz\u0105 r\u00f3wnie\u017c ubiega\u0107 si\u0119 o wiz\u0119 studenck\u0105 po wyj\u015bciu Wielkiej Brytanii z UE.<\/p>\n<\/blockquote>\n\n<h2 class=\"wp-block-heading\">Warunki uzyskania brytyjskiej wizy studenckiej<\/h2>\n\n<p>Aby Twoje zg\u0142oszenie zosta\u0142o zaakceptowane, musisz :<\/p>\n\n<p>\u2705 Otrzymanie <strong>potwierdzenia przyj\u0119cia na studia (CAS)<\/strong>, wydanego przez uniwersytet lub instytucj\u0119<br\/>\u2705 Udowodnienie, \u017ce posiada si\u0119 <strong>wystarczaj\u0105cy poziom znajomo\u015bci j\u0119zyka angielskiego<\/strong> (zazwyczaj poziom B2 dla szkolnictwa wy\u017cszego)<br\/>\u2705 Udowodnienie, \u017ce posiada si\u0119 wystarczaj\u0105ce <strong>\u015brodki finansowe<\/strong> na pokrycie koszt\u00f3w nauki, zakwaterowania i utrzymania w miejscu docelowym<br\/>\u2705 Uiszczenie <strong>imigracyjnej op\u0142aty zdrowotnej<\/strong> w celu korzystania z NHS podczas studi\u00f3w.<\/p>\n\n<div style=\"height:10px\" aria-hidden=\"true\" class=\"wp-block-spacer\"><\/div>\n\n<h2 class=\"wp-block-heading\">Okres wa\u017cno\u015bci wizy studenckiej<\/h2>\n\n<p>Okres wa\u017cno\u015bci wizy zale\u017cy od d\u0142ugo\u015bci programu szkolnego:<\/p>\n\n<ul class=\"wp-block-list\">\n<li><strong>W przypadku kurs\u00f3w trwaj\u0105cych od 6 do 11 miesi\u0119cy<\/strong>: wiza o r\u00f3wnowa\u017cnym czasie trwania<\/li>\n\n\n\n<li><strong>Studia licencjackie, magisterskie lub doktoranckie<\/strong>: czas trwania programu + 1 do 2 dodatkowych miesi\u0119cy<\/li>\n\n\n\n<li>Mo\u017cliwo\u015b\u0107 przed\u0142u\u017cenia lub odnowienia wizy w przypadku dalszej nauki lub zmiany miejsca zamieszkania<\/li>\n<\/ul>\n\n<p>Absolwenci mog\u0105 nast\u0119pnie ubiega\u0107 si\u0119 o <strong>wiz\u0119 dla absolwent\u00f3w<\/strong>, aby pozosta\u0107 do 2 lat po uko\u0144czeniu studi\u00f3w (3 lata w przypadku doktoratu).<\/p>\n\n<h2 class=\"wp-block-heading\">Ile kosztuje wiza studencka do Wielkiej Brytanii?<\/h2>\n\n<figure class=\"wp-block-table\"><table><tbody><tr><td>Wiza studencka (standardowa)<\/td><td>490 \u00a3<\/td><\/tr><tr><td>Imigracyjna dop\u0142ata zdrowotna (IHS)<\/td><td>776 rocznie (lub 388 GBP za 6 miesi\u0119cy)<\/td><\/tr><\/tbody><\/table><\/figure>\n\n<p><a href=\"https:\/\/uk-gb.net\/pl\/cena-wizy-do-anglii\/\">Op\u0142ata wizowa<\/a> jest uiszczana online w momencie sk\u0142adania wniosku. Op\u0142ata ta <strong>nie podlega zwrotowi<\/strong>, nawet w przypadku odmowy. <\/p>\n\n<h2 class=\"wp-block-heading\">Jak ubiega\u0107 si\u0119 o wiz\u0119 studenck\u0105<\/h2>\n\n<ol class=\"wp-block-list\">\n<li><strong>Otrzyma\u0107 CAS<\/strong> od wybranej instytucji<\/li>\n\n\n\n<li><strong>Utw\u00f3rz konto na stronie gov.uk<\/strong> i wype\u0142nij formularz zg\u0142oszeniowy.<\/li>\n\n\n\n<li><strong>Op\u0142aty wizowe + IHS<\/strong><\/li>\n\n\n\n<li><strong>Um\u00f3w si\u0119 na wizyt\u0119 w centrum sk\u0142adania wniosk\u00f3w wizowych<\/strong> w celu uzyskania danych biometrycznych<\/li>\n\n\n\n<li><strong>Sk\u0142adanie<\/strong> dokument\u00f3w uzupe\u0142niaj\u0105cych<\/li>\n\n\n\n<li>Oczekiwanie na decyzj\u0119<\/li>\n<\/ol>\n\n<blockquote class=\"wp-block-quote is-layout-flow wp-block-quote-is-layout-flow\">\n<p>Po zatwierdzeniu Twoja wiza pozwoli Ci <strong>pracowa\u0107 do 20 godzin tygodniowo<\/strong> w okresach kurs\u00f3w i w pe\u0142nym wymiarze godzin podczas wakacji.<\/p>\n<\/blockquote>\n\n<h2 class=\"wp-block-heading\">Czy mog\u0119 studiowa\u0107 w Wielkiej Brytanii z ETA i bez wizy?<\/h2>\n\n<p>Tak, <strong>w niekt\u00f3rych przypadkach<\/strong> wizyta szkolna w Wielkiej Brytanii trwaj\u0105ca kilka miesi\u0119cy mo\u017ce odby\u0107 si\u0119 z <a href=\"https:\/\/uk-gb.net\/pl\/eta-anglia-wielka-brytania\/\">ETA dla Wielkiej Brytanii<\/a>, ale zale\u017cy to od dok\u0142adnego charakteru wizyty. Oto szczeg\u00f3\u0142y: <\/p>\n\n<ul class=\"wp-block-list\">\n<li>Pobyt jest <strong>kr\u00f3tszy ni\u017c 6 miesi\u0119cy<\/strong><\/li>\n\n\n\n<li>Jest to <strong>wymiana szkolna<\/strong> lub program <strong>nieodp\u0142atny<\/strong><\/li>\n\n\n\n<li>Plac\u00f3wka przyjmuj\u0105ca jest <strong>akredytowana<\/strong> w Wielkiej Brytanii<\/li>\n\n\n\n<li>Student jest obywatelem <a href=\"https:\/\/uk-gb.net\/pl\/kraje-ktore-mogaubiegac-eta-wielka-brytania\/\">kraju kwalifikuj\u0105cego si\u0119 do ETA<\/a> (UE, Kanada, Japonia itp.).<\/li>\n\n\n\n<li>Program nie obejmuje <strong>pracy, p\u0142atnych sta\u017cy ani d\u0142ugoterminowej edukacji formalnej.<\/strong><\/li>\n<\/ul>\n\n<blockquote class=\"wp-block-quote is-layout-flow wp-block-quote-is-layout-flow\">\n<p>Przyk\u0142ad: ucze\u0144 z Europy wyje\u017cd\u017ca do brytyjskiej szko\u0142y na jeden semestr w ramach programu wymiany \u2192 wystarczy ETA.<\/p>\n<\/blockquote>\n","protected":false},"excerpt":{"rendered":"<p>Wiza na studia w Wielkiej Brytanii Brytyjska wiza studencka, oficjalnie znana jako wiza studencka, jest obowi\u0105zkowa dla wszystkich student\u00f3w zagranicznych, kt\u00f3rzy chc\u0105 studiowa\u0107 w Wielkiej Brytanii przez ponad 6 miesi\u0119cy. Studia w Anglii, Szkocji, Walii lub Irlandii P\u00f3\u0142nocnej daj\u0105 mo\u017cliwo\u015b\u0107 studiowania na \u015bwiatowej s\u0142awy uniwersytetach, takich jak Oxford, Cambridge, Edynburg czy UCL. W przypadku pobytu [&hellip;]<\/p>\n","protected":false},"author":1,"featured_media":0,"parent":0,"menu_order":0,"comment_status":"closed","ping_status":"closed","template":"","meta":{"footnotes":""},"class_list":["post-845","page","type-page","status-publish","hentry"],"yoast_head":"<!-- This site is optimized with the Yoast SEO plugin v27.3 - https:\/\/yoast.com\/product\/yoast-seo-wordpress\/ -->\n<title>Wiza studencka do Wielkiej Brytanii - UK GB<\/title>\n<meta name=\"description\" content=\"Poni\u017cej znajduj\u0105 si\u0119 g\u0142\u00f3wne informacje na temat wiz studenckich na studia i pobyt w Wielkiej Brytanii w ramach studi\u00f3w.\" \/>\n<meta name=\"robots\" content=\"index, follow, max-snippet:-1, max-image-preview:large, max-video-preview:-1\" \/>\n<link rel=\"canonical\" href=\"https:\/\/uk-gb.net\/pl\/wiza-studencka-do-anglii\/\" \/>\n<meta property=\"og:locale\" content=\"pl_PL\" \/>\n<meta property=\"og:type\" content=\"article\" \/>\n<meta property=\"og:title\" content=\"Wiza studencka do Wielkiej Brytanii - UK GB\" \/>\n<meta property=\"og:description\" content=\"Poni\u017cej znajduj\u0105 si\u0119 g\u0142\u00f3wne informacje na temat wiz studenckich na studia i pobyt w Wielkiej Brytanii w ramach studi\u00f3w.\" \/>\n<meta property=\"og:url\" content=\"https:\/\/uk-gb.net\/pl\/wiza-studencka-do-anglii\/\" \/>\n<meta property=\"og:site_name\" content=\"UK GB\" \/>\n<meta property=\"article:modified_time\" content=\"2025-08-27T09:22:42+00:00\" \/>\n<meta name=\"twitter:card\" content=\"summary_large_image\" \/>\n<meta name=\"twitter:label1\" content=\"Szacowany czas czytania\" \/>\n\t<meta name=\"twitter:data1\" content=\"3 minuty\" \/>\n<script type=\"application\/ld+json\" class=\"yoast-schema-graph\">{\"@context\":\"https:\\\/\\\/schema.org\",\"@graph\":[{\"@type\":\"WebPage\",\"@id\":\"https:\\\/\\\/uk-gb.net\\\/pl\\\/wiza-studencka-do-anglii\\\/\",\"url\":\"https:\\\/\\\/uk-gb.net\\\/pl\\\/wiza-studencka-do-anglii\\\/\",\"name\":\"Wiza studencka do Wielkiej Brytanii - UK GB\",\"isPartOf\":{\"@id\":\"https:\\\/\\\/uk-gb.net\\\/pl\\\/#website\"},\"datePublished\":\"2023-12-07T15:07:43+00:00\",\"dateModified\":\"2025-08-27T09:22:42+00:00\",\"description\":\"Poni\u017cej znajduj\u0105 si\u0119 g\u0142\u00f3wne informacje na temat wiz studenckich na studia i pobyt w Wielkiej Brytanii w ramach studi\u00f3w.\",\"inLanguage\":\"pl-PL\",\"potentialAction\":[{\"@type\":\"ReadAction\",\"target\":[\"https:\\\/\\\/uk-gb.net\\\/pl\\\/wiza-studencka-do-anglii\\\/\"]}]},{\"@type\":\"WebSite\",\"@id\":\"https:\\\/\\\/uk-gb.net\\\/pl\\\/#website\",\"url\":\"https:\\\/\\\/uk-gb.net\\\/pl\\\/\",\"name\":\"UK GB\",\"description\":\"Travel to the UK\",\"potentialAction\":[{\"@type\":\"SearchAction\",\"target\":{\"@type\":\"EntryPoint\",\"urlTemplate\":\"https:\\\/\\\/uk-gb.net\\\/pl\\\/?s={search_term_string}\"},\"query-input\":{\"@type\":\"PropertyValueSpecification\",\"valueRequired\":true,\"valueName\":\"search_term_string\"}}],\"inLanguage\":\"pl-PL\"}]}<\/script>\n<!-- \/ Yoast SEO plugin. -->","yoast_head_json":{"title":"Wiza studencka do Wielkiej Brytanii - UK GB","description":"Poni\u017cej znajduj\u0105 si\u0119 g\u0142\u00f3wne informacje na temat wiz studenckich na studia i pobyt w Wielkiej Brytanii w ramach studi\u00f3w.","robots":{"index":"index","follow":"follow","max-snippet":"max-snippet:-1","max-image-preview":"max-image-preview:large","max-video-preview":"max-video-preview:-1"},"canonical":"https:\/\/uk-gb.net\/pl\/wiza-studencka-do-anglii\/","og_locale":"pl_PL","og_type":"article","og_title":"Wiza studencka do Wielkiej Brytanii - UK GB","og_description":"Poni\u017cej znajduj\u0105 si\u0119 g\u0142\u00f3wne informacje na temat wiz studenckich na studia i pobyt w Wielkiej Brytanii w ramach studi\u00f3w.","og_url":"https:\/\/uk-gb.net\/pl\/wiza-studencka-do-anglii\/","og_site_name":"UK GB","article_modified_time":"2025-08-27T09:22:42+00:00","twitter_card":"summary_large_image","twitter_misc":{"Szacowany czas czytania":"3 minuty"},"schema":{"@context":"https:\/\/schema.org","@graph":[{"@type":"WebPage","@id":"https:\/\/uk-gb.net\/pl\/wiza-studencka-do-anglii\/","url":"https:\/\/uk-gb.net\/pl\/wiza-studencka-do-anglii\/","name":"Wiza studencka do Wielkiej Brytanii - UK GB","isPartOf":{"@id":"https:\/\/uk-gb.net\/pl\/#website"},"datePublished":"2023-12-07T15:07:43+00:00","dateModified":"2025-08-27T09:22:42+00:00","description":"Poni\u017cej znajduj\u0105 si\u0119 g\u0142\u00f3wne informacje na temat wiz studenckich na studia i pobyt w Wielkiej Brytanii w ramach studi\u00f3w.","inLanguage":"pl-PL","potentialAction":[{"@type":"ReadAction","target":["https:\/\/uk-gb.net\/pl\/wiza-studencka-do-anglii\/"]}]},{"@type":"WebSite","@id":"https:\/\/uk-gb.net\/pl\/#website","url":"https:\/\/uk-gb.net\/pl\/","name":"UK GB","description":"Travel to the UK","potentialAction":[{"@type":"SearchAction","target":{"@type":"EntryPoint","urlTemplate":"https:\/\/uk-gb.net\/pl\/?s={search_term_string}"},"query-input":{"@type":"PropertyValueSpecification","valueRequired":true,"valueName":"search_term_string"}}],"inLanguage":"pl-PL"}]}},"_links":{"self":[{"href":"https:\/\/uk-gb.net\/pl\/wp-json\/wp\/v2\/pages\/845","targetHints":{"allow":["GET"]}}],"collection":[{"href":"https:\/\/uk-gb.net\/pl\/wp-json\/wp\/v2\/pages"}],"about":[{"href":"https:\/\/uk-gb.net\/pl\/wp-json\/wp\/v2\/types\/page"}],"author":[{"embeddable":true,"href":"https:\/\/uk-gb.net\/pl\/wp-json\/wp\/v2\/users\/1"}],"replies":[{"embeddable":true,"href":"https:\/\/uk-gb.net\/pl\/wp-json\/wp\/v2\/comments?post=845"}],"version-history":[{"count":0,"href":"https:\/\/uk-gb.net\/pl\/wp-json\/wp\/v2\/pages\/845\/revisions"}],"wp:attachment":[{"href":"https:\/\/uk-gb.net\/pl\/wp-json\/wp\/v2\/media?parent=845"}],"curies":[{"name":"wp","href":"https:\/\/api.w.org\/{rel}","templated":true}]}}