{"id":839,"date":"2023-12-07T16:39:43","date_gmt":"2023-12-07T16:39:43","guid":{"rendered":"https:\/\/uk-gb.net\/postoj-z-wiza-tranzytowa-w-anglii\/"},"modified":"2025-08-27T10:22:08","modified_gmt":"2025-08-27T09:22:08","slug":"postoj-z-wiza-tranzytowa-w-anglii","status":"publish","type":"page","link":"https:\/\/uk-gb.net\/pl\/postoj-z-wiza-tranzytowa-w-anglii\/","title":{"rendered":"Wiza tranzytowa do Wielkiej Brytanii"},"content":{"rendered":"\n<h1 class=\"wp-block-heading\">Formalno\u015bci tranzytowe w Wielkiej Brytanii<\/h1>\n\n<p>Je\u015bli podr\u00f3\u017cujesz do kraju trzeciego z mi\u0119dzyl\u0105dowaniem w Wielkiej Brytanii, mo\u017cesz potrzebowa\u0107 <strong>wizy tranzytowej<\/strong>. Ten rodzaj wizy umo\u017cliwia pasa\u017cerom przesiadaj\u0105cym si\u0119 przej\u015bcie przez lotnisko lub zmian\u0119 terminalu bez pozostawania w Wielkiej Brytanii. <\/p>\n\n<p><strong>W przypadku zwyk\u0142ego tranzytu przez Wielk\u0105 Brytani\u0119<\/strong> w wi\u0119kszo\u015bci przypadk\u00f3w nie jest konieczne uzyskanie wizy tranzytowej. Mo\u017cesz ubiega\u0107 si\u0119 o elektroniczne zezwolenie na podr\u00f3\u017c, wype\u0142niaj\u0105c <a href=\"https:\/\/uk-gb.net\/pl\/wiza-online-eta-anglii\/\">formularz ETA online<\/a>. <\/p>\n\n<div style=\"height:10px\" aria-hidden=\"true\" class=\"wp-block-spacer\"><\/div>\n\n<h2 class=\"wp-block-heading\">Czym jest wiza tranzytowa na mi\u0119dzyl\u0105dowanie w Wielkiej Brytanii?<\/h2>\n\n<p>Brytyjska wiza tranzytowa jest oficjalnym dokumentem, kt\u00f3ry pozwala obcokrajowcom na tranzyt przez Wielk\u0105 Brytani\u0119 bez sta\u0142ego pobytu. Jest ona obowi\u0105zkowa <strong>dla niekt\u00f3rych pasa\u017cer\u00f3w<\/strong>, w zale\u017cno\u015bci od ich narodowo\u015bci, trasy i rodzaju tranzytu. <\/p>\n\n<h2 class=\"wp-block-heading\">Dwa rodzaje brytyjskiej wizy tranzytowej<\/h2>\n\n<h3 class=\"wp-block-heading\">Wiza bezpo\u015bredniego tranzytu lotniczego (DATV)<\/h3>\n\n<p>Wiza ta jest wymagana w przypadku :<\/p>\n\n<ul class=\"wp-block-list\">\n<li>Pobyt w strefie mi\u0119dzynarodowej lotniska w Wielkiej Brytanii<\/li>\n\n\n\n<li>Nie przechod\u017a przez kontrol\u0119 imigracyjn\u0105<\/li>\n\n\n\n<li>Lot z przesiadk\u0105 w ci\u0105gu 24 godzin<\/li>\n\n\n\n<li>Nie trzeba odbiera\u0107 baga\u017cu ani zmienia\u0107 lotniska<\/li>\n<\/ul>\n\n<div style=\"height:10px\" aria-hidden=\"true\" class=\"wp-block-spacer\"><\/div>\n\n<h3 class=\"wp-block-heading\">Wiza dla os\u00f3b podr\u00f3\u017cuj\u0105cych tranzytem<\/h3>\n\n<p>Wiza ta jest wymagana w przypadku :<\/p>\n\n<ul class=\"wp-block-list\">\n<li>Konieczno\u015b\u0107 opuszczenia strefy mi\u0119dzynarodowej (zmiana terminalu, lotniska, odbi\u00f3r baga\u017cu&#8230;)<\/li>\n\n\n\n<li>Tranzyt przez Wielk\u0105 Brytani\u0119 przez mniej ni\u017c 48 godzin<\/li>\n\n\n\n<li>Ch\u0119\u0107 kr\u00f3tkiego mi\u0119dzyl\u0105dowania (szybka wizyta w mie\u015bcie mi\u0119dzy dwoma lotami)<\/li>\n<\/ul>\n\n<div style=\"height:10px\" aria-hidden=\"true\" class=\"wp-block-spacer\"><\/div>\n\n<h2 class=\"wp-block-heading\">Ile kosztuj\u0105 r\u00f3\u017cne wizy tranzytowe?<\/h2>\n\n<p>Op\u0142aty za brytyjsk\u0105 wiz\u0119 tranzytow\u0105 r\u00f3\u017cni\u0105 si\u0119 w zale\u017cno\u015bci od wielu czynnik\u00f3w, w tym miejsca zamieszkania i rodzaju wizy, o kt\u00f3r\u0105 si\u0119 ubiegasz. <a href=\"https:\/\/uk-gb.net\/pl\/cena-wizy-do-anglii\/\">Op\u0142aty wizowe<\/a> i d\u0142ugo\u015b\u0107 pobytu wynosz\u0105 : <\/p>\n\n<figure class=\"wp-block-table\"><table><tbody><tr><td class=\"has-text-align-center\" data-align=\"center\"><strong>Rodzaj brytyjskiej wizy tranzytowej<\/strong><\/td><td class=\"has-text-align-center\" data-align=\"center\"><strong>Op\u0142aty p\u0142atne w 2025 r.<\/strong><\/td><td class=\"has-text-align-center\" data-align=\"center\"><strong>Maksymalna d\u0142ugo\u015b\u0107 pobytu<\/strong><\/td><\/tr><tr><td class=\"has-text-align-center\" data-align=\"center\">Wiza bezpo\u015bredniego tranzytu lotniczego (DATV)<\/td><td class=\"has-text-align-center\" data-align=\"center\">\u00a3 39<\/td><td class=\"has-text-align-center\" data-align=\"center\">24 godziny<\/td><\/tr><tr><td class=\"has-text-align-center\" data-align=\"center\">Wiza dla os\u00f3b podr\u00f3\u017cuj\u0105cych tranzytem<\/td><td class=\"has-text-align-center\" data-align=\"center\">\u00a3 64<\/td><td class=\"has-text-align-center\" data-align=\"center\">48 godzin<\/td><\/tr><\/tbody><\/table><figcaption class=\"wp-element-caption\">Op\u0142aty za wiz\u0119 tranzytow\u0105<\/figcaption><\/figure>\n\n<h2 class=\"wp-block-heading\">Kto potrzebuje brytyjskiej wizy tranzytowej?<\/h2>\n\n<p>Potrzeba uzyskania wizy zale\u017cy od szeregu kryteri\u00f3w:<\/p>\n\n<p>\u2705 <strong>Wiza tranzytowa NIE jest wymagana<\/strong>, je\u015bli :<\/p>\n\n<ul class=\"wp-block-list\">\n<li>Jeste\u015b obywatelem kraju zwolnionego z obowi\u0105zku wizowego (np. UE, USA, Kanada, Australia itp.).<\/li>\n\n\n\n<li>Posiadasz wa\u017cn\u0105 <a href=\"https:\/\/uk-gb.net\/pl\/rozne-rodzaje-wiz-brytyjskich\/\">wiz\u0119 brytyjsk\u0105<\/a> lub <strong>pozwolenie na pobyt<\/strong> w USA, Kanadzie, Nowej Zelandii, Australii lub kraju UE\/EOG i <strong>podr\u00f3\u017cujesz do lub z tego kraju<\/strong>.<\/li>\n\n\n\n<li>W niekt\u00f3rych przypadkach posiadasz <a href=\"https:\/\/uk-gb.net\/pl\/eta-anglia-wielka-brytania\/\">elektroniczne zezwolenie na podr\u00f3\u017c ETA<\/a><\/li>\n<\/ul>\n\n<p>\u274c Potrzebujesz <strong>wizy tranzytowej<\/strong>, je\u015bli :<\/p>\n\n<ul class=\"wp-block-list\">\n<li>Jeste\u015b obywatelem kraju wymagaj\u0105cego wizy (np. Indie, Pakistan, Nigeria, Ghana, Egipt itp.).<\/li>\n\n\n\n<li>Nie spe\u0142niasz powy\u017cszych warunk\u00f3w zwolnienia<\/li>\n\n\n\n<li>Tw\u00f3j tranzyt obejmuje zmian\u0119 lotniska lub opuszczenie strefy mi\u0119dzynarodowej.<\/li>\n<\/ul>\n\n<div style=\"height:10px\" aria-hidden=\"true\" class=\"wp-block-spacer\"><\/div>\n\n<p>Odwied\u017a oficjaln\u0105 stron\u0119 <a>gov.uk\/check-uk-visa<\/a>, aby sprawdzi\u0107 swoj\u0105 sytuacj\u0119.<\/p>\n\n<h2 class=\"wp-block-heading\">Jak d\u0142ugo trwa uzyskanie wizy tranzytowej do Wielkiej Brytanii?<\/h2>\n\n<p>Rozpatrzenie wniosku o wiz\u0119 tranzytow\u0105 trwa zazwyczaj <strong>oko\u0142o 3 tygodni<\/strong> po wizycie biometrycznej. Zaleca si\u0119 z\u0142o\u017cenie wniosku<strong>co najmniej miesi\u0105c przed podr\u00f3\u017c\u0105<\/strong>.   <\/p>\n","protected":false},"excerpt":{"rendered":"<p>Formalno\u015bci tranzytowe w Wielkiej Brytanii Je\u015bli podr\u00f3\u017cujesz do kraju trzeciego z mi\u0119dzyl\u0105dowaniem w Wielkiej Brytanii, mo\u017cesz potrzebowa\u0107 wizy tranzytowej. Ten rodzaj wizy umo\u017cliwia pasa\u017cerom przesiadaj\u0105cym si\u0119 przej\u015bcie przez lotnisko lub zmian\u0119 terminalu bez pozostawania w Wielkiej Brytanii. W przypadku zwyk\u0142ego tranzytu przez Wielk\u0105 Brytani\u0119 w wi\u0119kszo\u015bci przypadk\u00f3w nie jest konieczne uzyskanie wizy tranzytowej. Mo\u017cesz ubiega\u0107 [&hellip;]<\/p>\n","protected":false},"author":1,"featured_media":0,"parent":0,"menu_order":0,"comment_status":"closed","ping_status":"closed","template":"","meta":{"footnotes":""},"class_list":["post-839","page","type-page","status-publish","hentry"],"yoast_head":"<!-- This site is optimized with the Yoast SEO plugin v27.3 - https:\/\/yoast.com\/product\/yoast-seo-wordpress\/ -->\n<title>Wiza tranzytowa do Wielkiej Brytanii - UK GB<\/title>\n<meta name=\"description\" content=\"Opisujemy obowi\u0105zuj\u0105ce zasady dotycz\u0105ce konieczno\u015bci posiadania wizy tranzytowej w Wielkiej Brytanii\" \/>\n<meta name=\"robots\" content=\"index, follow, max-snippet:-1, max-image-preview:large, max-video-preview:-1\" \/>\n<link rel=\"canonical\" href=\"https:\/\/uk-gb.net\/pl\/postoj-z-wiza-tranzytowa-w-anglii\/\" \/>\n<meta property=\"og:locale\" content=\"pl_PL\" \/>\n<meta property=\"og:type\" content=\"article\" \/>\n<meta property=\"og:title\" content=\"Wiza tranzytowa do Wielkiej Brytanii - UK GB\" \/>\n<meta property=\"og:description\" content=\"Opisujemy obowi\u0105zuj\u0105ce zasady dotycz\u0105ce konieczno\u015bci posiadania wizy tranzytowej w Wielkiej Brytanii\" \/>\n<meta property=\"og:url\" content=\"https:\/\/uk-gb.net\/pl\/postoj-z-wiza-tranzytowa-w-anglii\/\" \/>\n<meta property=\"og:site_name\" content=\"UK GB\" \/>\n<meta property=\"article:modified_time\" content=\"2025-08-27T09:22:08+00:00\" \/>\n<meta name=\"twitter:card\" content=\"summary_large_image\" \/>\n<meta name=\"twitter:label1\" content=\"Szacowany czas czytania\" \/>\n\t<meta name=\"twitter:data1\" content=\"2 minuty\" \/>\n<script type=\"application\/ld+json\" class=\"yoast-schema-graph\">{\"@context\":\"https:\\\/\\\/schema.org\",\"@graph\":[{\"@type\":\"WebPage\",\"@id\":\"https:\\\/\\\/uk-gb.net\\\/pl\\\/postoj-z-wiza-tranzytowa-w-anglii\\\/\",\"url\":\"https:\\\/\\\/uk-gb.net\\\/pl\\\/postoj-z-wiza-tranzytowa-w-anglii\\\/\",\"name\":\"Wiza tranzytowa do Wielkiej Brytanii - UK GB\",\"isPartOf\":{\"@id\":\"https:\\\/\\\/uk-gb.net\\\/pl\\\/#website\"},\"datePublished\":\"2023-12-07T16:39:43+00:00\",\"dateModified\":\"2025-08-27T09:22:08+00:00\",\"description\":\"Opisujemy obowi\u0105zuj\u0105ce zasady dotycz\u0105ce konieczno\u015bci posiadania wizy tranzytowej w Wielkiej Brytanii\",\"inLanguage\":\"pl-PL\",\"potentialAction\":[{\"@type\":\"ReadAction\",\"target\":[\"https:\\\/\\\/uk-gb.net\\\/pl\\\/postoj-z-wiza-tranzytowa-w-anglii\\\/\"]}]},{\"@type\":\"WebSite\",\"@id\":\"https:\\\/\\\/uk-gb.net\\\/pl\\\/#website\",\"url\":\"https:\\\/\\\/uk-gb.net\\\/pl\\\/\",\"name\":\"UK GB\",\"description\":\"Travel to the UK\",\"potentialAction\":[{\"@type\":\"SearchAction\",\"target\":{\"@type\":\"EntryPoint\",\"urlTemplate\":\"https:\\\/\\\/uk-gb.net\\\/pl\\\/?s={search_term_string}\"},\"query-input\":{\"@type\":\"PropertyValueSpecification\",\"valueRequired\":true,\"valueName\":\"search_term_string\"}}],\"inLanguage\":\"pl-PL\"}]}<\/script>\n<!-- \/ Yoast SEO plugin. -->","yoast_head_json":{"title":"Wiza tranzytowa do Wielkiej Brytanii - UK GB","description":"Opisujemy obowi\u0105zuj\u0105ce zasady dotycz\u0105ce konieczno\u015bci posiadania wizy tranzytowej w Wielkiej Brytanii","robots":{"index":"index","follow":"follow","max-snippet":"max-snippet:-1","max-image-preview":"max-image-preview:large","max-video-preview":"max-video-preview:-1"},"canonical":"https:\/\/uk-gb.net\/pl\/postoj-z-wiza-tranzytowa-w-anglii\/","og_locale":"pl_PL","og_type":"article","og_title":"Wiza tranzytowa do Wielkiej Brytanii - UK GB","og_description":"Opisujemy obowi\u0105zuj\u0105ce zasady dotycz\u0105ce konieczno\u015bci posiadania wizy tranzytowej w Wielkiej Brytanii","og_url":"https:\/\/uk-gb.net\/pl\/postoj-z-wiza-tranzytowa-w-anglii\/","og_site_name":"UK GB","article_modified_time":"2025-08-27T09:22:08+00:00","twitter_card":"summary_large_image","twitter_misc":{"Szacowany czas czytania":"2 minuty"},"schema":{"@context":"https:\/\/schema.org","@graph":[{"@type":"WebPage","@id":"https:\/\/uk-gb.net\/pl\/postoj-z-wiza-tranzytowa-w-anglii\/","url":"https:\/\/uk-gb.net\/pl\/postoj-z-wiza-tranzytowa-w-anglii\/","name":"Wiza tranzytowa do Wielkiej Brytanii - UK GB","isPartOf":{"@id":"https:\/\/uk-gb.net\/pl\/#website"},"datePublished":"2023-12-07T16:39:43+00:00","dateModified":"2025-08-27T09:22:08+00:00","description":"Opisujemy obowi\u0105zuj\u0105ce zasady dotycz\u0105ce konieczno\u015bci posiadania wizy tranzytowej w Wielkiej Brytanii","inLanguage":"pl-PL","potentialAction":[{"@type":"ReadAction","target":["https:\/\/uk-gb.net\/pl\/postoj-z-wiza-tranzytowa-w-anglii\/"]}]},{"@type":"WebSite","@id":"https:\/\/uk-gb.net\/pl\/#website","url":"https:\/\/uk-gb.net\/pl\/","name":"UK GB","description":"Travel to the UK","potentialAction":[{"@type":"SearchAction","target":{"@type":"EntryPoint","urlTemplate":"https:\/\/uk-gb.net\/pl\/?s={search_term_string}"},"query-input":{"@type":"PropertyValueSpecification","valueRequired":true,"valueName":"search_term_string"}}],"inLanguage":"pl-PL"}]}},"_links":{"self":[{"href":"https:\/\/uk-gb.net\/pl\/wp-json\/wp\/v2\/pages\/839","targetHints":{"allow":["GET"]}}],"collection":[{"href":"https:\/\/uk-gb.net\/pl\/wp-json\/wp\/v2\/pages"}],"about":[{"href":"https:\/\/uk-gb.net\/pl\/wp-json\/wp\/v2\/types\/page"}],"author":[{"embeddable":true,"href":"https:\/\/uk-gb.net\/pl\/wp-json\/wp\/v2\/users\/1"}],"replies":[{"embeddable":true,"href":"https:\/\/uk-gb.net\/pl\/wp-json\/wp\/v2\/comments?post=839"}],"version-history":[{"count":0,"href":"https:\/\/uk-gb.net\/pl\/wp-json\/wp\/v2\/pages\/839\/revisions"}],"wp:attachment":[{"href":"https:\/\/uk-gb.net\/pl\/wp-json\/wp\/v2\/media?parent=839"}],"curies":[{"name":"wp","href":"https:\/\/api.w.org\/{rel}","templated":true}]}}