{"id":832,"date":"2023-12-07T14:57:24","date_gmt":"2023-12-07T14:57:24","guid":{"rendered":"https:\/\/uk-gb.net\/wiza-biznesowa-do-anglii-wielkiej-brytanii\/"},"modified":"2025-08-27T10:21:11","modified_gmt":"2025-08-27T09:21:11","slug":"wiza-biznesowa-do-anglii-wielkiej-brytanii","status":"publish","type":"page","link":"https:\/\/uk-gb.net\/pl\/wiza-biznesowa-do-anglii-wielkiej-brytanii\/","title":{"rendered":"Brytyjska wiza biznesowa na pobyt w Wielkiej Brytanii"},"content":{"rendered":"\n<h1 class=\"wp-block-heading\">Wiza biznesowa do Wielkiej Brytanii<\/h1>\n\n<p><strong>Brytyjska wiza biznesowa<\/strong> (Standard Visitor Visa &#8211; Business category) pozwala zagranicznym profesjonalistom na tymczasowy pobyt w Wielkiej Brytanii w celach biznesowych, akademickich lub wsp\u00f3\u0142pracy. Nie zezwala ona posiadaczowi na prac\u0119 dla brytyjskiej firmy, ale upowa\u017cnia do wykonywania pewnych \u015bci\u015ble okre\u015blonych zada\u0144. <\/p>\n\n<p><strong>W przypadku pobytu kr\u00f3tszego ni\u017c 6 miesi\u0119cy<\/strong>: Nie musisz uzyskiwa\u0107 wizy biznesowej; po prostu z\u0142\u00f3\u017c wniosek o ETA (elektroniczne zezwolenie na podr\u00f3\u017c), wype\u0142niaj\u0105c <a href=\"https:\/\/uk-gb.net\/pl\/wiza-online-eta-anglii\/\">formularz ETA online<\/a>.<\/p>\n\n<div style=\"height:10px\" aria-hidden=\"true\" class=\"wp-block-spacer\"><\/div>\n\n<h2 class=\"wp-block-heading\">Jaki jest cel brytyjskiej wizy biznesowej?<\/h2>\n\n<p>Wiza biznesowa jest przeznaczona dla os\u00f3b, kt\u00f3re chc\u0105 odwiedzi\u0107 Wielk\u0105 Brytani\u0119 w celach <strong>zawodowych<\/strong>, bez podejmowania p\u0142atnej pracy na miejscu. Przeznaczona jest dla dyrektor\u00f3w firm, przedstawicieli, badaczy, wyk\u0142adowc\u00f3w, inwestor\u00f3w lub cz\u0142onk\u00f3w zagranicznej firmy powi\u0105zanych z podmiotami brytyjskimi. <\/p>\n\n<p>W szczeg\u00f3lno\u015bci umo\u017cliwia :<\/p>\n\n<ul class=\"wp-block-list\">\n<li>Udzia\u0142 w <strong>spotkaniach<\/strong>, <strong>konferencjach<\/strong> lub <strong>targach<\/strong><\/li>\n\n\n\n<li>Podpisywanie <strong>um\u00f3w handlowych<\/strong><\/li>\n\n\n\n<li>Przeprowadzanie <strong>audyt\u00f3w<\/strong>, <strong>inspekcji<\/strong> i <strong>negocjacji<\/strong><\/li>\n\n\n\n<li>Wyg\u0142oszenie <strong>wyk\u0142adu<\/strong> lub wzi\u0119cie udzia\u0142u w seminarium<\/li>\n\n\n\n<li>Wzi\u0105\u0107 udzia\u0142 w <strong>kr\u00f3tkim kursie<\/strong> (nieodp\u0142atnym przez brytyjskiego pracodawc\u0119)<\/li>\n\n\n\n<li>Wykonywanie okre\u015blonych <strong>zada\u0144 naukowych lub akademickich<\/strong> dla uznanych uniwersytet\u00f3w lub instytut\u00f3w<\/li>\n<\/ul>\n\n<div style=\"height:10px\" aria-hidden=\"true\" class=\"wp-block-spacer\"><\/div>\n\n<h2 class=\"wp-block-heading\">Kto mo\u017ce ubiega\u0107 si\u0119 o wiz\u0119 biznesow\u0105 do Wielkiej Brytanii?<\/h2>\n\n<p>Wiza biznesowa jest dost\u0119pna dla ka\u017cdego cudzoziemca, kt\u00f3ry nie kwalifikuje si\u0119 do uzyskania <a href=\"https:\/\/uk-gb.net\/pl\/eta-anglia-wielka-brytania\/\">elektronicznego zezwolenia na podr\u00f3\u017c ETA<\/a> lub kt\u00f3ry chce zapewni\u0107 ramy prawne dla okre\u015blonej dzia\u0142alno\u015bci gospodarczej.<\/p>\n\n<p>Obywatele Unii Europejskiej, Stan\u00f3w Zjednoczonych, Kanady i innych kraj\u00f3w zwolnionych z obowi\u0105zku wizowego mog\u0105 w niekt\u00f3rych przypadkach wjecha\u0107 bez wizy w celu prowadzenia ograniczonej dzia\u0142alno\u015bci biznesowej, ale <strong>wiza jest zalec<\/strong> ana w przypadku powtarzaj\u0105cych si\u0119, d\u0142ugotrwa\u0142ych lub wra\u017cliwych misji.<\/p>\n\n<h2 class=\"wp-block-heading\">Jak z\u0142o\u017cy\u0107 wniosek?<\/h2>\n\n<p>G\u0142\u00f3wne etapy <a href=\"https:\/\/uk-gb.net\/pl\/procedura-wize-wielkiej-brytanii\/\">procedury wizowej do Wielkiej Brytanii<\/a> s\u0105 nast\u0119puj\u0105ce:<\/p>\n\n<ol class=\"wp-block-list\">\n<li>Odwied\u017a oficjaln\u0105 stron\u0119 <a href=\"https:\/\/www.gov.uk\/uk-expansion-worker-visa\">gov.uk<\/a><\/li>\n\n\n\n<li>Wype\u0142nij <strong>formularz online<\/strong><\/li>\n\n\n\n<li><a href=\"https:\/\/uk-gb.net\/pl\/cena-wizy-do-anglii\/\">Uiszczanie op\u0142at wizowych<\/a> online<\/li>\n\n\n\n<li>Um\u00f3w si\u0119 <strong>na spotkanie w centrum sk\u0142adania wniosk\u00f3w wizowych<\/strong> w celu rejestracji biometrycznej.<\/li>\n\n\n\n<li>Dostarczenie <strong>dokument\u00f3w potwierdzaj\u0105cych<\/strong><\/li>\n\n\n\n<li>\u015aled\u017a swoj\u0105 aplikacj\u0119 a\u017c do ostatecznej decyzji<\/li>\n<\/ol>\n\n<div style=\"height:10px\" aria-hidden=\"true\" class=\"wp-block-spacer\"><\/div>\n\n<h2 class=\"wp-block-heading\">Koszt wizy biznesowej do Wielkiej Brytanii<\/h2>\n\n<figure class=\"wp-block-table\"><table><tbody><tr><td><strong>Standardowa wiza turystyczna<\/strong><\/td><td class=\"has-text-align-center\" data-align=\"center\"><strong>Op\u0142aty wizowe<\/strong><\/td><\/tr><tr><td>Wiza na pobyt do 6 miesi\u0119cy<\/td><td class=\"has-text-align-center\" data-align=\"center\">115 \u00a3<\/td><\/tr><tr><td>Wiza na 2 lata<\/td><td class=\"has-text-align-center\" data-align=\"center\">400 \u00a3<\/td><\/tr><tr><td>Wiza na 5 lat<\/td><td class=\"has-text-align-center\" data-align=\"center\">771 \u00a3<\/td><\/tr><tr><td>Wiza na 10 lat<\/td><td class=\"has-text-align-center\" data-align=\"center\">963 \u00a3<\/td><\/tr><\/tbody><\/table><figcaption class=\"wp-element-caption\">Tabela op\u0142at za wizy biznesowe<\/figcaption><\/figure>\n\n<p>Wi\u0119cej informacji mo\u017cna znale\u017a\u0107 na naszej stronie z pe\u0142n\u0105 list\u0105 <a href=\"https:\/\/uk-gb.net\/pl\/cena-wizy-do-anglii\/\">op\u0142at wizowych w Wielkiej Brytanii<\/a>.<\/p>\n\n<h2 class=\"wp-block-heading\">Czy mog\u0119 pracowa\u0107 w Wielkiej Brytanii na podstawie wizy biznesowej?<\/h2>\n\n<p>Wiza biznesowa nie upowa\u017cnia do <strong>p\u0142atnego zatrudnienia<\/strong> w brytyjskiej firmie. Nie pozwala r\u00f3wnie\u017c na poszukiwanie pracy lub osiedlenie si\u0119 na sta\u0142e w Wielkiej Brytanii.  <\/p>\n\n<p>Nale\u017cy uzyska\u0107 specjaln\u0105 <strong>wiz\u0119 pracownicz\u0105<\/strong> (np. wiz\u0119 dla pracownik\u00f3w wykwalifikowanych) w celu podj\u0119cia regularnej, p\u0142atnej lub d\u0142ugotrwa\u0142ej dzia\u0142alno\u015bci zawodowej.<\/p>\n\n<h2 class=\"wp-block-heading\">Czym jest system wiz punktowych PBS?<\/h2>\n\n<p>Brytyjski <a href=\"https:\/\/uk-gb.net\/pl\/system-punktow-wizowych-dla-anglii-pbs\/\">system punktowy<\/a> (PBS) jest skierowany przede wszystkim do <strong>wykwalifikowanych pracownik\u00f3w<\/strong>, <strong>student\u00f3w zagranicznych<\/strong> i <strong>innowacyjnych profili<\/strong> zdolnych do zaspokojenia potrzeb gospodarczych Wielkiej Brytanii. Nie pozwala on osobom na przyjazd w celu podj\u0119cia pracy niewymagaj\u0105cej kwalifikacji lub przed\u0142u\u017cenia pobytu bez potwierdzonej oferty pracy. <\/p>\n\n<p>Przed z\u0142o\u017ceniem wniosku nale\u017cy :<\/p>\n\n<ul class=\"wp-block-list\">\n<li>Przewidywanie czasu i koszt\u00f3w zwi\u0105zanych z ubieganiem si\u0119 o wiz\u0119<\/li>\n\n\n\n<li>Sprawd\u017a, czy osi\u0105gn\u0105\u0142e\u015b minimum 70 punkt\u00f3w.<\/li>\n\n\n\n<li>Skonsultuj si\u0119 z doradc\u0105 imigracyjnym, je\u015bli Twoja sytuacja jest skomplikowana.<\/li>\n<\/ul>\n\n<div style=\"height:10px\" aria-hidden=\"true\" class=\"wp-block-spacer\"><\/div>\n\n<p><\/p>\n","protected":false},"excerpt":{"rendered":"<p>Wiza biznesowa do Wielkiej Brytanii Brytyjska wiza biznesowa (Standard Visitor Visa &#8211; Business category) pozwala zagranicznym profesjonalistom na tymczasowy pobyt w Wielkiej Brytanii w celach biznesowych, akademickich lub wsp\u00f3\u0142pracy. Nie zezwala ona posiadaczowi na prac\u0119 dla brytyjskiej firmy, ale upowa\u017cnia do wykonywania pewnych \u015bci\u015ble okre\u015blonych zada\u0144. W przypadku pobytu kr\u00f3tszego ni\u017c 6 miesi\u0119cy: Nie musisz [&hellip;]<\/p>\n","protected":false},"author":1,"featured_media":0,"parent":0,"menu_order":0,"comment_status":"closed","ping_status":"closed","template":"","meta":{"footnotes":""},"class_list":["post-832","page","type-page","status-publish","hentry"],"yoast_head":"<!-- This site is optimized with the Yoast SEO plugin v27.3 - https:\/\/yoast.com\/product\/yoast-seo-wordpress\/ -->\n<title>Brytyjska wiza biznesowa na pobyt w Wielkiej Brytanii - UK GB<\/title>\n<meta name=\"description\" content=\"Jakie s\u0105 warunki uzyskania wizy biznesowej na podr\u00f3\u017c do Wielkiej Brytanii w celach biznesowych?\" \/>\n<meta name=\"robots\" content=\"index, follow, max-snippet:-1, max-image-preview:large, max-video-preview:-1\" \/>\n<link rel=\"canonical\" href=\"https:\/\/uk-gb.net\/pl\/wiza-biznesowa-do-anglii-wielkiej-brytanii\/\" \/>\n<meta property=\"og:locale\" content=\"pl_PL\" \/>\n<meta property=\"og:type\" content=\"article\" \/>\n<meta property=\"og:title\" content=\"Brytyjska wiza biznesowa na pobyt w Wielkiej Brytanii - UK GB\" \/>\n<meta property=\"og:description\" content=\"Jakie s\u0105 warunki uzyskania wizy biznesowej na podr\u00f3\u017c do Wielkiej Brytanii w celach biznesowych?\" \/>\n<meta property=\"og:url\" content=\"https:\/\/uk-gb.net\/pl\/wiza-biznesowa-do-anglii-wielkiej-brytanii\/\" \/>\n<meta property=\"og:site_name\" content=\"UK GB\" \/>\n<meta property=\"article:modified_time\" content=\"2025-08-27T09:21:11+00:00\" \/>\n<meta name=\"twitter:card\" content=\"summary_large_image\" \/>\n<meta name=\"twitter:label1\" content=\"Szacowany czas czytania\" \/>\n\t<meta name=\"twitter:data1\" content=\"3 minuty\" \/>\n<script type=\"application\/ld+json\" class=\"yoast-schema-graph\">{\"@context\":\"https:\\\/\\\/schema.org\",\"@graph\":[{\"@type\":\"WebPage\",\"@id\":\"https:\\\/\\\/uk-gb.net\\\/pl\\\/wiza-biznesowa-do-anglii-wielkiej-brytanii\\\/\",\"url\":\"https:\\\/\\\/uk-gb.net\\\/pl\\\/wiza-biznesowa-do-anglii-wielkiej-brytanii\\\/\",\"name\":\"Brytyjska wiza biznesowa na pobyt w Wielkiej Brytanii - UK GB\",\"isPartOf\":{\"@id\":\"https:\\\/\\\/uk-gb.net\\\/pl\\\/#website\"},\"datePublished\":\"2023-12-07T14:57:24+00:00\",\"dateModified\":\"2025-08-27T09:21:11+00:00\",\"description\":\"Jakie s\u0105 warunki uzyskania wizy biznesowej na podr\u00f3\u017c do Wielkiej Brytanii w celach biznesowych?\",\"inLanguage\":\"pl-PL\",\"potentialAction\":[{\"@type\":\"ReadAction\",\"target\":[\"https:\\\/\\\/uk-gb.net\\\/pl\\\/wiza-biznesowa-do-anglii-wielkiej-brytanii\\\/\"]}]},{\"@type\":\"WebSite\",\"@id\":\"https:\\\/\\\/uk-gb.net\\\/pl\\\/#website\",\"url\":\"https:\\\/\\\/uk-gb.net\\\/pl\\\/\",\"name\":\"UK GB\",\"description\":\"Travel to the UK\",\"potentialAction\":[{\"@type\":\"SearchAction\",\"target\":{\"@type\":\"EntryPoint\",\"urlTemplate\":\"https:\\\/\\\/uk-gb.net\\\/pl\\\/?s={search_term_string}\"},\"query-input\":{\"@type\":\"PropertyValueSpecification\",\"valueRequired\":true,\"valueName\":\"search_term_string\"}}],\"inLanguage\":\"pl-PL\"}]}<\/script>\n<!-- \/ Yoast SEO plugin. -->","yoast_head_json":{"title":"Brytyjska wiza biznesowa na pobyt w Wielkiej Brytanii - UK GB","description":"Jakie s\u0105 warunki uzyskania wizy biznesowej na podr\u00f3\u017c do Wielkiej Brytanii w celach biznesowych?","robots":{"index":"index","follow":"follow","max-snippet":"max-snippet:-1","max-image-preview":"max-image-preview:large","max-video-preview":"max-video-preview:-1"},"canonical":"https:\/\/uk-gb.net\/pl\/wiza-biznesowa-do-anglii-wielkiej-brytanii\/","og_locale":"pl_PL","og_type":"article","og_title":"Brytyjska wiza biznesowa na pobyt w Wielkiej Brytanii - UK GB","og_description":"Jakie s\u0105 warunki uzyskania wizy biznesowej na podr\u00f3\u017c do Wielkiej Brytanii w celach biznesowych?","og_url":"https:\/\/uk-gb.net\/pl\/wiza-biznesowa-do-anglii-wielkiej-brytanii\/","og_site_name":"UK GB","article_modified_time":"2025-08-27T09:21:11+00:00","twitter_card":"summary_large_image","twitter_misc":{"Szacowany czas czytania":"3 minuty"},"schema":{"@context":"https:\/\/schema.org","@graph":[{"@type":"WebPage","@id":"https:\/\/uk-gb.net\/pl\/wiza-biznesowa-do-anglii-wielkiej-brytanii\/","url":"https:\/\/uk-gb.net\/pl\/wiza-biznesowa-do-anglii-wielkiej-brytanii\/","name":"Brytyjska wiza biznesowa na pobyt w Wielkiej Brytanii - UK GB","isPartOf":{"@id":"https:\/\/uk-gb.net\/pl\/#website"},"datePublished":"2023-12-07T14:57:24+00:00","dateModified":"2025-08-27T09:21:11+00:00","description":"Jakie s\u0105 warunki uzyskania wizy biznesowej na podr\u00f3\u017c do Wielkiej Brytanii w celach biznesowych?","inLanguage":"pl-PL","potentialAction":[{"@type":"ReadAction","target":["https:\/\/uk-gb.net\/pl\/wiza-biznesowa-do-anglii-wielkiej-brytanii\/"]}]},{"@type":"WebSite","@id":"https:\/\/uk-gb.net\/pl\/#website","url":"https:\/\/uk-gb.net\/pl\/","name":"UK GB","description":"Travel to the UK","potentialAction":[{"@type":"SearchAction","target":{"@type":"EntryPoint","urlTemplate":"https:\/\/uk-gb.net\/pl\/?s={search_term_string}"},"query-input":{"@type":"PropertyValueSpecification","valueRequired":true,"valueName":"search_term_string"}}],"inLanguage":"pl-PL"}]}},"_links":{"self":[{"href":"https:\/\/uk-gb.net\/pl\/wp-json\/wp\/v2\/pages\/832","targetHints":{"allow":["GET"]}}],"collection":[{"href":"https:\/\/uk-gb.net\/pl\/wp-json\/wp\/v2\/pages"}],"about":[{"href":"https:\/\/uk-gb.net\/pl\/wp-json\/wp\/v2\/types\/page"}],"author":[{"embeddable":true,"href":"https:\/\/uk-gb.net\/pl\/wp-json\/wp\/v2\/users\/1"}],"replies":[{"embeddable":true,"href":"https:\/\/uk-gb.net\/pl\/wp-json\/wp\/v2\/comments?post=832"}],"version-history":[{"count":0,"href":"https:\/\/uk-gb.net\/pl\/wp-json\/wp\/v2\/pages\/832\/revisions"}],"wp:attachment":[{"href":"https:\/\/uk-gb.net\/pl\/wp-json\/wp\/v2\/media?parent=832"}],"curies":[{"name":"wp","href":"https:\/\/api.w.org\/{rel}","templated":true}]}}