{"id":8299,"date":"2025-08-27T10:56:06","date_gmt":"2025-08-27T09:56:06","guid":{"rendered":"https:\/\/uk-gb.net\/north-coast-500-road-trip\/"},"modified":"2025-08-27T12:00:12","modified_gmt":"2025-08-27T11:00:12","slug":"north-coast-500-road-trip","status":"publish","type":"page","link":"https:\/\/uk-gb.net\/pl\/north-coast-500-road-trip\/","title":{"rendered":"North Coast 500: kompletny przewodnik po Szkocji"},"content":{"rendered":"\n<h1 class=\"wp-block-heading\">Brytyjska wyprawa drogowa North Coast 500<\/h1>\n\n<p>North Coast 500, cz\u0119sto nazywana &#8222;szkock\u0105 Route 66&#8221;, to jedna z najpi\u0119kniejszych tras wycieczkowych w Europie. Ta 830-kilometrowa trasa okr\u0105\u017ca Highlands w p\u00f3\u0142nocnej Szkocji, zaczynaj\u0105c w <a href=\"https:\/\/uk-gb.net\/pl\/odwiedz-inverness\/\">Inverness<\/a> i pod\u0105\u017caj\u0105c wzd\u0142u\u017c dzikich wybrze\u017cy, tajemniczych jezior i historycznych zamk\u00f3w. Dla podr\u00f3\u017cnik\u00f3w poszukuj\u0105cych przyg\u00f3d, osza\u0142amiaj\u0105cych krajobraz\u00f3w i szkockiej autentyczno\u015bci, NC500 sta\u0142a si\u0119 obowi\u0105zkow\u0105 tras\u0105.  <\/p>\n\n<h2 class=\"wp-block-heading\">Dlaczego warto wybra\u0107 North Coast 500?<\/h2>\n\n<p>Ta podr\u00f3\u017c jest wyj\u0105tkowa, poniewa\u017c \u0142\u0105czy w sobie kilka do\u015bwiadcze\u0144 w jednej podr\u00f3\u017cy:<\/p>\n\n<ul class=\"wp-block-list\">\n<li>spektakularne panoramy z klifami, bia\u0142ymi piaszczystymi pla\u017cami i majestatycznymi g\u00f3rami<\/li>\n\n\n\n<li>Kr\u0119te drogi idealne dla entuzjast\u00f3w jazdy<\/li>\n\n\n\n<li>przystanki kulturalne z zamkami, destylarniami whisky i wioskami rybackimi<\/li>\n\n\n\n<li>mo\u017cliwo\u015b\u0107 obserwowania rzadkich gatunk\u00f3w dzikich zwierz\u0105t: jeleni, delfin\u00f3w, fok, a czasem nawet or\u0142\u00f3w przednich<\/li>\n<\/ul>\n\n<p>To trasa, kt\u00f3ra spodoba si\u0119 zar\u00f3wno entuzjastom przyrody, jak i mi\u0142o\u015bnikom lokalnej historii i tradycji.<\/p>\n\n<figure class=\"wp-block-image size-large\"><img decoding=\"async\" src=\"https:\/\/uk-gb.net\/wp-content\/uploads\/2025\/06\/north-coast-500-road-trip-1024x576.jpeg\" alt=\"Wycieczka samochodowa North Coast 500\" class=\"wp-image-7715\"\/><figcaption class=\"wp-element-caption\">Zdj\u0119cie z podr\u00f3\u017cy North Coast 500<\/figcaption><\/figure>\n\n<h2 class=\"wp-block-heading\">Szczeg\u00f3\u0142owy plan podr\u00f3\u017cy<\/h2>\n\n<p>Punktem wyj\u015bcia jest zazwyczaj <a href=\"https:\/\/uk-gb.net\/pl\/odwiedz-inverness\/\">Inverness<\/a>, stolica Highlands. Stamt\u0105d trasa przybiera form\u0119 p\u0119tli: <\/p>\n\n<ul class=\"wp-block-list\">\n<li><strong>Wschodnie wybrze\u017ce<\/strong>: <a href=\"https:\/\/www.dunrobincastle.co.uk\/\">zamki Dunrobin<\/a>, strome klify i wioski rybackie<\/li>\n\n\n\n<li><strong>P\u00f3\u0142nocne wybrze\u017ce<\/strong>: dzikie krajobrazy, zaciszne pla\u017ce i drogi o ma\u0142ym nat\u0119\u017ceniu ruchu<\/li>\n\n\n\n<li><strong>Zachodnie wybrze\u017ce<\/strong>: g\u00f3ry, jeziora, w\u0105skie drogi i spektakularne widoki<\/li>\n\n\n\n<li><strong>Powr\u00f3t do Inverness<\/strong>: przez <a href=\"https:\/\/www.akissfromuk.com\/visiter-torridon-wester-ross-ecosse\">region Torridon<\/a> i jego imponuj\u0105cy krajobraz<\/li>\n<\/ul>\n\n<p>\u015arednio, aby w pe\u0142ni cieszy\u0107 si\u0119 North Coast 500, nale\u017cy przeznaczy\u0107 od <strong>7 do 10 dni<\/strong>, cho\u0107 niekt\u00f3rzy podr\u00f3\u017cnicy decyduj\u0105 si\u0119 na zwiedzanie w ci\u0105gu dw\u00f3ch tygodni, aby zrobi\u0107 jak najwi\u0119cej przystank\u00f3w.<\/p>\n\n<h2 class=\"wp-block-heading\">Kiedy warto zabra\u0107 NC500 w podr\u00f3\u017c?<\/h2>\n\n<p>Idealny okres zale\u017cy od rodzaju do\u015bwiadczenia, kt\u00f3rego szukasz:<\/p>\n\n<ul class=\"wp-block-list\">\n<li><strong>Lato<\/strong>: jest to szczyt sezonu turystycznego, z d\u0142ugimi dniami (do 18 godzin \u015bwiat\u0142a dziennego w czerwcu) i przyjemnymi temperaturami. To idealny czas na piesze w\u0119dr\u00f3wki, sporty wodne i cieszenie si\u0119 przyrod\u0105 w pe\u0142ni. Z drugiej strony, drogi i zakwaterowanie s\u0105 bardziej zat\u0142oczone.  <\/li>\n\n\n\n<li><strong>Kwiecie\u0144 i pa\u017adziernik<\/strong>: te miesi\u0105ce w \u015brodku sezonu stanowi\u0105 \u015bwietn\u0105 alternatyw\u0119, z mniejsz\u0105 liczb\u0105 ludzi i bardziej dzik\u0105 atmosfer\u0105. Jesienne kolory pa\u017adziernika dodaj\u0105 Highlands szczeg\u00f3lnego uroku. Klimat mo\u017ce by\u0107 jednak niestabilny, z wi\u0119ksz\u0105 ilo\u015bci\u0105 deszczu i wiatru.  <\/li>\n\n\n\n<li><strong>Zima<\/strong>: dni s\u0105 kr\u00f3tkie, a niekt\u00f3re drogi mog\u0105 by\u0107 trudne, ale do\u015bwiadczenie jest wyj\u0105tkowe dla tych, kt\u00f3rzy kochaj\u0105 samotno\u015b\u0107 i o\u015bnie\u017cone krajobrazy. Jest to r\u00f3wnie\u017c \u015bwietny czas, aby zobaczy\u0107 zorz\u0119 polarn\u0105 na p\u00f3\u0142nocy Szkocji, pod warunkiem, \u017ce jeste\u015b dobrze przygotowany. <\/li>\n<\/ul>\n\n<h2 class=\"wp-block-heading\">Koniecznie trzeba zobaczy\u0107 North Coast 500<\/h2>\n\n<p>W\u015br\u00f3d wielu mo\u017cliwych etap\u00f3w, niekt\u00f3rych absolutnie nie mo\u017cna przegapi\u0107:<\/p>\n\n<ul class=\"wp-block-list\">\n<li><a href=\"https:\/\/www.dunrobincastle.co.uk\/\">Zamek Dunrobin<\/a> i jego ogrody inspirowane Wersalem<\/li>\n\n\n\n<li><a href=\"https:\/\/scotland.nordicvisitor.com\/travel-guide\/attractions\/northern-highlands\/durness-beach\/\">Bia\u0142e piaszczyste pla\u017ce w Durness<\/a><\/li>\n\n\n\n<li>Malownicza miejscowo\u015b\u0107 <a href=\"https:\/\/www.ullapool.com\/\">Ullapool<\/a><\/li>\n\n\n\n<li>Spektakularne drogi <a href=\"https:\/\/en.wikipedia.org\/wiki\/Bealach_na_B%C3%A0\">Bealach na B\u00e0<\/a> (Applecross Pass)<\/li>\n\n\n\n<li>Destylarnie szkockiej whisky na wschodnim wybrze\u017cu<\/li>\n<\/ul>\n\n<div style=\"height:10px\" aria-hidden=\"true\" class=\"wp-block-spacer\"><\/div>\n\n<h2 class=\"wp-block-heading\">Praktyczne porady dotycz\u0105ce udanej podr\u00f3\u017cy<\/h2>\n\n<p>Podr\u00f3\u017c drog\u0105 North Coast 500 wymaga minimum organizacji, aby jak najlepiej j\u0105 wykorzysta\u0107. Oto kilka przydatnych zalece\u0144: <\/p>\n\n<ol class=\"wp-block-list\">\n<li><strong>Wyb\u00f3r odpowiedniego pojazdu<\/strong>: konwencjonalny samoch\u00f3d jest wystarczaj\u0105cy, ale van lub samoch\u00f3d kempingowy daje wi\u0119cej swobody. Nale\u017cy pami\u0119ta\u0107, \u017ce niekt\u00f3re drogi s\u0105 bardzo w\u0105skie i kr\u0119te. <\/li>\n\n\n\n<li><strong>W szczycie sezonu warto zarezerwowa\u0107 nocleg z wyprzedzeniem<\/strong>: latem miejsca noclegowe (hotele, pensjonaty, hostele) szybko si\u0119 wyprzedaj\u0105. Dla wi\u0119kszej elastyczno\u015bci dobr\u0105 alternatyw\u0105 s\u0105 kempingi i parki dla kamper\u00f3w. <\/li>\n\n\n\n<li><strong>Upewnij si\u0119, \u017ce masz po\u0142\u0105czenie offline<\/strong>: niekt\u00f3re obszary Highlands nie maj\u0105 zasi\u0119gu sieci. Pobierz mapy GPS z wyprzedzeniem lub zabierz ze sob\u0105 map\u0119 papierow\u0105. <\/li>\n\n\n\n<li>We\u017a <strong>ze sob\u0105 odpowiedni\u0105 odzie\u017c<\/strong>: szkocki klimat jest nieprzewidywalny. Nierzadko mo\u017cna do\u015bwiadczy\u0107 wszystkich czterech p\u00f3r roku w ci\u0105gu jednego dnia. Odzie\u017c przeciwdeszczowa, polary i buty turystyczne s\u0105 niezb\u0119dne.  <\/li>\n\n\n\n<li><strong>Nie<\/strong> spiesz si\u0119: niekt\u00f3re drogi s\u0105 jednopasmowe, z miejscami do wymijania innych pojazd\u00f3w. Najlepiej jecha\u0107 powoli i cieszy\u0107 si\u0119 widokami. <\/li>\n\n\n\n<li><strong>Szanuj przyrod\u0119 i lokaln\u0105 ludno\u015b\u0107<\/strong>: NC500 przebiega przez wra\u017cliwe obszary i lokalne spo\u0142eczno\u015bci. Zbieraj \u015bmieci, unikaj nieautoryzowanego biwakowania i zachowaj szacunek w ma\u0142ych wioskach. <\/li>\n\n\n\n<li><strong>Formalno\u015bci zwi\u0105zane z podr\u00f3\u017c\u0105<\/strong>: Podr\u00f3\u017cni musz\u0105 przedstawi\u0107 wiz\u0119 lub uzyska\u0107 <a href=\"https:\/\/uk-gb.net\/pl\/eta-anglia-wielka-brytania\/\">ETA dla Wielkiej Brytanii<\/a> przed wej\u015bciem na pok\u0142ad.<\/li>\n<\/ol>\n\n<p><\/p>\n","protected":false},"excerpt":{"rendered":"<p>Brytyjska wyprawa drogowa North Coast 500 North Coast 500, cz\u0119sto nazywana &#8222;szkock\u0105 Route 66&#8221;, to jedna z najpi\u0119kniejszych tras wycieczkowych w Europie. Ta 830-kilometrowa trasa okr\u0105\u017ca Highlands w p\u00f3\u0142nocnej Szkocji, zaczynaj\u0105c w Inverness i pod\u0105\u017caj\u0105c wzd\u0142u\u017c dzikich wybrze\u017cy, tajemniczych jezior i historycznych zamk\u00f3w. Dla podr\u00f3\u017cnik\u00f3w poszukuj\u0105cych przyg\u00f3d, osza\u0142amiaj\u0105cych krajobraz\u00f3w i szkockiej autentyczno\u015bci, NC500 sta\u0142a si\u0119 [&hellip;]<\/p>\n","protected":false},"author":1,"featured_media":0,"parent":0,"menu_order":0,"comment_status":"closed","ping_status":"closed","template":"","meta":{"footnotes":""},"class_list":["post-8299","page","type-page","status-publish","hentry"],"yoast_head":"<!-- This site is optimized with the Yoast SEO plugin v27.3 - https:\/\/yoast.com\/product\/yoast-seo-wordpress\/ -->\n<title>North Coast 500: kompletny przewodnik po Szkocji - UK GB<\/title>\n<meta name=\"description\" content=\"Odkryj North Coast 500, legendarn\u0105 wypraw\u0119 przez szkockie Highlands. Plan podr\u00f3\u017cy i praktyczne porady dotycz\u0105ce udanej wyprawy.\" \/>\n<meta name=\"robots\" content=\"index, follow, max-snippet:-1, max-image-preview:large, max-video-preview:-1\" \/>\n<link rel=\"canonical\" href=\"https:\/\/uk-gb.net\/pl\/north-coast-500-road-trip\/\" \/>\n<meta property=\"og:locale\" content=\"pl_PL\" \/>\n<meta property=\"og:type\" content=\"article\" \/>\n<meta property=\"og:title\" content=\"North Coast 500: kompletny przewodnik po Szkocji - UK GB\" \/>\n<meta property=\"og:description\" content=\"Odkryj North Coast 500, legendarn\u0105 wypraw\u0119 przez szkockie Highlands. Plan podr\u00f3\u017cy i praktyczne porady dotycz\u0105ce udanej wyprawy.\" \/>\n<meta property=\"og:url\" content=\"https:\/\/uk-gb.net\/pl\/north-coast-500-road-trip\/\" \/>\n<meta property=\"og:site_name\" content=\"UK GB\" \/>\n<meta property=\"article:modified_time\" content=\"2025-08-27T11:00:12+00:00\" \/>\n<meta property=\"og:image\" content=\"https:\/\/uk-gb.net\/wp-content\/uploads\/2025\/06\/north-coast-500-road-trip-e1750836403638.jpeg\" \/>\n\t<meta property=\"og:image:width\" content=\"1103\" \/>\n\t<meta property=\"og:image:height\" content=\"553\" \/>\n\t<meta property=\"og:image:type\" content=\"image\/jpeg\" \/>\n<meta name=\"twitter:card\" content=\"summary_large_image\" \/>\n<meta name=\"twitter:label1\" content=\"Szacowany czas czytania\" \/>\n\t<meta name=\"twitter:data1\" content=\"4 minuty\" \/>\n<script type=\"application\/ld+json\" class=\"yoast-schema-graph\">{\"@context\":\"https:\\\/\\\/schema.org\",\"@graph\":[{\"@type\":\"WebPage\",\"@id\":\"https:\\\/\\\/uk-gb.net\\\/pl\\\/north-coast-500-road-trip\\\/\",\"url\":\"https:\\\/\\\/uk-gb.net\\\/pl\\\/north-coast-500-road-trip\\\/\",\"name\":\"North Coast 500: kompletny przewodnik po Szkocji - UK GB\",\"isPartOf\":{\"@id\":\"https:\\\/\\\/uk-gb.net\\\/pl\\\/#website\"},\"primaryImageOfPage\":{\"@id\":\"https:\\\/\\\/uk-gb.net\\\/pl\\\/north-coast-500-road-trip\\\/#primaryimage\"},\"image\":{\"@id\":\"https:\\\/\\\/uk-gb.net\\\/pl\\\/north-coast-500-road-trip\\\/#primaryimage\"},\"thumbnailUrl\":\"https:\\\/\\\/uk-gb.net\\\/wp-content\\\/uploads\\\/2025\\\/06\\\/north-coast-500-road-trip-1024x576.jpeg\",\"datePublished\":\"2025-08-27T09:56:06+00:00\",\"dateModified\":\"2025-08-27T11:00:12+00:00\",\"description\":\"Odkryj North Coast 500, legendarn\u0105 wypraw\u0119 przez szkockie Highlands. Plan podr\u00f3\u017cy i praktyczne porady dotycz\u0105ce udanej wyprawy.\",\"inLanguage\":\"pl-PL\",\"potentialAction\":[{\"@type\":\"ReadAction\",\"target\":[\"https:\\\/\\\/uk-gb.net\\\/pl\\\/north-coast-500-road-trip\\\/\"]}]},{\"@type\":\"ImageObject\",\"inLanguage\":\"pl-PL\",\"@id\":\"https:\\\/\\\/uk-gb.net\\\/pl\\\/north-coast-500-road-trip\\\/#primaryimage\",\"url\":\"https:\\\/\\\/uk-gb.net\\\/wp-content\\\/uploads\\\/2025\\\/06\\\/north-coast-500-road-trip-1024x576.jpeg\",\"contentUrl\":\"https:\\\/\\\/uk-gb.net\\\/wp-content\\\/uploads\\\/2025\\\/06\\\/north-coast-500-road-trip-1024x576.jpeg\"},{\"@type\":\"WebSite\",\"@id\":\"https:\\\/\\\/uk-gb.net\\\/pl\\\/#website\",\"url\":\"https:\\\/\\\/uk-gb.net\\\/pl\\\/\",\"name\":\"UK GB\",\"description\":\"Travel to the UK\",\"potentialAction\":[{\"@type\":\"SearchAction\",\"target\":{\"@type\":\"EntryPoint\",\"urlTemplate\":\"https:\\\/\\\/uk-gb.net\\\/pl\\\/?s={search_term_string}\"},\"query-input\":{\"@type\":\"PropertyValueSpecification\",\"valueRequired\":true,\"valueName\":\"search_term_string\"}}],\"inLanguage\":\"pl-PL\"}]}<\/script>\n<!-- \/ Yoast SEO plugin. -->","yoast_head_json":{"title":"North Coast 500: kompletny przewodnik po Szkocji - UK GB","description":"Odkryj North Coast 500, legendarn\u0105 wypraw\u0119 przez szkockie Highlands. Plan podr\u00f3\u017cy i praktyczne porady dotycz\u0105ce udanej wyprawy.","robots":{"index":"index","follow":"follow","max-snippet":"max-snippet:-1","max-image-preview":"max-image-preview:large","max-video-preview":"max-video-preview:-1"},"canonical":"https:\/\/uk-gb.net\/pl\/north-coast-500-road-trip\/","og_locale":"pl_PL","og_type":"article","og_title":"North Coast 500: kompletny przewodnik po Szkocji - UK GB","og_description":"Odkryj North Coast 500, legendarn\u0105 wypraw\u0119 przez szkockie Highlands. Plan podr\u00f3\u017cy i praktyczne porady dotycz\u0105ce udanej wyprawy.","og_url":"https:\/\/uk-gb.net\/pl\/north-coast-500-road-trip\/","og_site_name":"UK GB","article_modified_time":"2025-08-27T11:00:12+00:00","og_image":[{"width":1103,"height":553,"url":"https:\/\/uk-gb.net\/wp-content\/uploads\/2025\/06\/north-coast-500-road-trip-e1750836403638.jpeg","type":"image\/jpeg"}],"twitter_card":"summary_large_image","twitter_misc":{"Szacowany czas czytania":"4 minuty"},"schema":{"@context":"https:\/\/schema.org","@graph":[{"@type":"WebPage","@id":"https:\/\/uk-gb.net\/pl\/north-coast-500-road-trip\/","url":"https:\/\/uk-gb.net\/pl\/north-coast-500-road-trip\/","name":"North Coast 500: kompletny przewodnik po Szkocji - UK GB","isPartOf":{"@id":"https:\/\/uk-gb.net\/pl\/#website"},"primaryImageOfPage":{"@id":"https:\/\/uk-gb.net\/pl\/north-coast-500-road-trip\/#primaryimage"},"image":{"@id":"https:\/\/uk-gb.net\/pl\/north-coast-500-road-trip\/#primaryimage"},"thumbnailUrl":"https:\/\/uk-gb.net\/wp-content\/uploads\/2025\/06\/north-coast-500-road-trip-1024x576.jpeg","datePublished":"2025-08-27T09:56:06+00:00","dateModified":"2025-08-27T11:00:12+00:00","description":"Odkryj North Coast 500, legendarn\u0105 wypraw\u0119 przez szkockie Highlands. Plan podr\u00f3\u017cy i praktyczne porady dotycz\u0105ce udanej wyprawy.","inLanguage":"pl-PL","potentialAction":[{"@type":"ReadAction","target":["https:\/\/uk-gb.net\/pl\/north-coast-500-road-trip\/"]}]},{"@type":"ImageObject","inLanguage":"pl-PL","@id":"https:\/\/uk-gb.net\/pl\/north-coast-500-road-trip\/#primaryimage","url":"https:\/\/uk-gb.net\/wp-content\/uploads\/2025\/06\/north-coast-500-road-trip-1024x576.jpeg","contentUrl":"https:\/\/uk-gb.net\/wp-content\/uploads\/2025\/06\/north-coast-500-road-trip-1024x576.jpeg"},{"@type":"WebSite","@id":"https:\/\/uk-gb.net\/pl\/#website","url":"https:\/\/uk-gb.net\/pl\/","name":"UK GB","description":"Travel to the UK","potentialAction":[{"@type":"SearchAction","target":{"@type":"EntryPoint","urlTemplate":"https:\/\/uk-gb.net\/pl\/?s={search_term_string}"},"query-input":{"@type":"PropertyValueSpecification","valueRequired":true,"valueName":"search_term_string"}}],"inLanguage":"pl-PL"}]}},"_links":{"self":[{"href":"https:\/\/uk-gb.net\/pl\/wp-json\/wp\/v2\/pages\/8299","targetHints":{"allow":["GET"]}}],"collection":[{"href":"https:\/\/uk-gb.net\/pl\/wp-json\/wp\/v2\/pages"}],"about":[{"href":"https:\/\/uk-gb.net\/pl\/wp-json\/wp\/v2\/types\/page"}],"author":[{"embeddable":true,"href":"https:\/\/uk-gb.net\/pl\/wp-json\/wp\/v2\/users\/1"}],"replies":[{"embeddable":true,"href":"https:\/\/uk-gb.net\/pl\/wp-json\/wp\/v2\/comments?post=8299"}],"version-history":[{"count":0,"href":"https:\/\/uk-gb.net\/pl\/wp-json\/wp\/v2\/pages\/8299\/revisions"}],"wp:attachment":[{"href":"https:\/\/uk-gb.net\/pl\/wp-json\/wp\/v2\/media?parent=8299"}],"curies":[{"name":"wp","href":"https:\/\/api.w.org\/{rel}","templated":true}]}}