{"id":826,"date":"2023-12-07T14:52:18","date_gmt":"2023-12-07T14:52:18","guid":{"rendered":"https:\/\/uk-gb.net\/system-punktow-wizowych-dla-anglii-pbs\/"},"modified":"2025-08-27T10:19:18","modified_gmt":"2025-08-27T09:19:18","slug":"system-punktow-wizowych-dla-anglii-pbs","status":"publish","type":"page","link":"https:\/\/uk-gb.net\/pl\/system-punktow-wizowych-dla-anglii-pbs\/","title":{"rendered":"System punktowy PBS umo\u017cliwiaj\u0105cy uzyskanie wizy do Anglii"},"content":{"rendered":"\n<h1 class=\"wp-block-heading\">System punkt\u00f3w PBS umo\u017cliwiaj\u0105cy uzyskanie wizy brytyjskiej<\/h1>\n\n<p>Od czasu opuszczenia Unii Europejskiej Wielka Brytania wprowadzi\u0142a <strong>system imigracyjny oparty na punktach<\/strong>, znany r\u00f3wnie\u017c jako <strong>PBS (Points-Based System)<\/strong>. PBS wzmacnia <a href=\"https:\/\/uk-gb.net\/pl\/procedura-wize-wielkiej-brytanii\/\">brytyjski proces ubiegania si\u0119 o wiz\u0119<\/a>. System ma zastosowanie do obcokrajowc\u00f3w pragn\u0105cych pracowa\u0107, studiowa\u0107 lub mieszka\u0107 w Wielkiej Brytanii, niezale\u017cnie od ich narodowo\u015bci.  <\/p>\n\n<h2 class=\"wp-block-heading\">Czym jest brytyjski system punktowy?<\/h2>\n\n<p><a href=\"https:\/\/www.gov.uk\/government\/publications\/uk-points-based-immigration-system-employer-information\/the-uks-points-based-immigration-system-an-introduction-for-employers\">System punktowy PBS<\/a> to system oceny, kt\u00f3ry przydziela liczb\u0119 punkt\u00f3w ka\u017cdemu wnioskodawcy ubiegaj\u0105cemu si\u0119 o <a href=\"https:\/\/uk-gb.net\/pl\/rozne-rodzaje-wiz-brytyjskich\/\">wiz\u0119 brytyjsk\u0105<\/a> zgodnie z jasno okre\u015blonymi kryteriami. Aby uzyska\u0107 wiz\u0119, wnioskodawcy musz\u0105 osi\u0105gn\u0105\u0107 <strong>minimalny pr\u00f3g punktowy<\/strong>, zazwyczaj ustalony na <strong>70 punkt\u00f3w<\/strong>. <\/p>\n\n<p>Celem tego systemu jest zach\u0119canie do tworzenia wykwalifikowanych, niezale\u017cnych profili, kt\u00f3re odpowiadaj\u0105 potrzebom gospodarczym kraju, szczeg\u00f3lnie w sektorach, kt\u00f3rych brakuje (zdrowie, technologia, in\u017cynieria itp.).<\/p>\n\n<h2 class=\"wp-block-heading\">Kogo dotyczy system PBS?<\/h2>\n\n<p>System punktowy ma zastosowanie do kilku rodzaj\u00f3w wiz, w tym :<\/p>\n\n<ul class=\"wp-block-list\">\n<li>Wiza dla pracownik\u00f3w <strong>wykwalifikowanych<\/strong> <\/li>\n\n\n\n<li><strong>Globalna wiza dla talent\u00f3w<\/strong><\/li>\n\n\n\n<li><strong>Wiza studencka<\/strong><\/li>\n\n\n\n<li><strong>Wiza za\u0142o\u017cycielska dla innowator\u00f3w<\/strong><\/li>\n\n\n\n<li>Wiza dla pracownika <strong>tymczasowego<\/strong> <\/li>\n<\/ul>\n\n<div style=\"height:10px\" aria-hidden=\"true\" class=\"wp-block-spacer\"><\/div>\n\n<p>Ka\u017cdy rodzaj wizy ma swoje w\u0142asne kryteria i progi punktowe.<\/p>\n\n<h2 class=\"wp-block-heading\">Jak przyznawane s\u0105 punkty?<\/h2>\n\n<p>Punkty przyznawane s\u0105 na podstawie szeregu czynnik\u00f3w, w tym :<\/p>\n\n<figure class=\"wp-block-table\"><table><thead><tr><th class=\"has-text-align-left\" data-align=\"left\"><strong>Kryteria<\/strong><\/th><th class=\"has-text-align-center\" data-align=\"center\"><strong>Liczba punkt\u00f3w<\/strong><\/th><th class=\"has-text-align-center\" data-align=\"center\"><strong>Czy jest to obowi\u0105zkowe?<\/strong><\/th><\/tr><\/thead><tbody><tr><td class=\"has-text-align-left\" data-align=\"left\">Oferta pracy potwierdzona przez sponsora<\/td><td class=\"has-text-align-center\" data-align=\"center\">20 punkt\u00f3w<\/td><td class=\"has-text-align-center\" data-align=\"center\">Tak<\/td><\/tr><tr><td class=\"has-text-align-left\" data-align=\"left\">Poziom kwalifikacji zawodowych<\/td><td class=\"has-text-align-center\" data-align=\"center\">20 punkt\u00f3w<\/td><td class=\"has-text-align-center\" data-align=\"center\">Tak<\/td><\/tr><tr><td class=\"has-text-align-left\" data-align=\"left\">Znajomo\u015b\u0107 j\u0119zyka angielskiego (poziom B1)<\/td><td class=\"has-text-align-center\" data-align=\"center\">10 punkt\u00f3w<\/td><td class=\"has-text-align-center\" data-align=\"center\">Tak<\/td><\/tr><tr><td class=\"has-text-align-left\" data-align=\"left\">Roczne wynagrodzenie w wysoko\u015bci 26 200 GBP lub wi\u0119cej<\/td><td class=\"has-text-align-center\" data-align=\"center\">20 punkt\u00f3w<\/td><td class=\"has-text-align-center\" data-align=\"center\">Tak (z pewnymi wyj\u0105tkami)<\/td><\/tr><tr><td class=\"has-text-align-left\" data-align=\"left\">Zaw\u00f3d deficytowy<\/td><td class=\"has-text-align-center\" data-align=\"center\">20 punkt\u00f3w<\/td><td class=\"has-text-align-center\" data-align=\"center\">Nie<\/td><\/tr><tr><td class=\"has-text-align-left\" data-align=\"left\">Doktorat (STEM)<\/td><td class=\"has-text-align-center\" data-align=\"center\">10 do 20 punkt\u00f3w<\/td><td class=\"has-text-align-center\" data-align=\"center\">Nie<\/td><\/tr><\/tbody><\/table><figcaption class=\"wp-element-caption\">Przyk\u0142ad: Wykwalifikowany pracownik z ofert\u0105 pracy w szybko rozwijaj\u0105cym si\u0119 zawodzie, dobrym poziomem j\u0119zyka angielskiego i pensj\u0105 ponad 26 200 funt\u00f3w z \u0142atwo\u015bci\u0105 osi\u0105ga wymagane 70 punkt\u00f3w.<\/figcaption><\/figure>\n\n<h2 class=\"wp-block-heading\">Jakie s\u0105 etapy sk\u0142adania wniosku za po\u015brednictwem systemu PBS?<\/h2>\n\n<ol class=\"wp-block-list\">\n<li>Okre\u015bl <a href=\"https:\/\/uk-gb.net\/pl\/rozne-rodzaje-wiz-brytyjskich\/\">typ wizy brytyjskiej<\/a>, kt\u00f3ry pasuje do Twojego profilu<\/li>\n\n\n\n<li>Sprawd\u017a kryteria kwalifikacji i oblicz swoje punkty<\/li>\n\n\n\n<li>Uzyskanie sponsora lub listu sponsoruj\u0105cego (pracodawca, uniwersytet itp.).<\/li>\n\n\n\n<li>Zbierz niezb\u0119dne dokumenty potwierdzaj\u0105ce (umowa o prac\u0119, certyfikat znajomo\u015bci j\u0119zyka angielskiego, dowody finansowe itp.)<\/li>\n\n\n\n<li>Wype\u0142nij formularz online na stronie <a href=\"https:\/\/www.gov.uk\/\">gov.uk<\/a><\/li>\n\n\n\n<li><a href=\"https:\/\/uk-gb.net\/pl\/cena-wizy-do-anglii\/\">Op\u0142aty wizowe<\/a> i op\u0142ata zdrowotna (IHS)<\/li>\n\n\n\n<li>Um\u00f3w si\u0119 <a href=\"https:\/\/uk-gb.net\/pl\/ambasada-ds-wiz-w-anglii\/\">na rozmow\u0119 kwalifikacyjn\u0105 w ambasadzie<\/a><\/li>\n<\/ol>\n\n<div style=\"height:10px\" aria-hidden=\"true\" class=\"wp-block-spacer\"><\/div>\n\n<h2 class=\"wp-block-heading\">Specyfika wizy studenckiej w systemie PBS<\/h2>\n\n<p>W przypadku <a href=\"https:\/\/uk-gb.net\/pl\/wiza-studencka-do-anglii\/\">wizy studenckiej<\/a> punkty przyznawane s\u0105 w nast\u0119puj\u0105cy spos\u00f3b:<\/p>\n\n<ul class=\"wp-block-list\">\n<li>50 punkt\u00f3w: potwierdzenie przyj\u0119cia na studia (CAS) przez akredytowan\u0105 instytucj\u0119<\/li>\n\n\n\n<li>10 punkt\u00f3w: dow\u00f3d posiadania wystarczaj\u0105cych \u015brodk\u00f3w finansowych<\/li>\n\n\n\n<li>10 punkt\u00f3w: bieg\u0142a znajomo\u015b\u0107 j\u0119zyka angielskiego (w wi\u0119kszo\u015bci przypadk\u00f3w minimum B2)<\/li>\n<\/ul>\n\n<div style=\"height:10px\" aria-hidden=\"true\" class=\"wp-block-spacer\"><\/div>\n\n<p>Aby otrzyma\u0107 wiz\u0119 studenck\u0105, nale\u017cy r\u00f3wnie\u017c uzyska\u0107 <strong>70 punkt\u00f3w<\/strong>.<\/p>\n","protected":false},"excerpt":{"rendered":"<p>System punkt\u00f3w PBS umo\u017cliwiaj\u0105cy uzyskanie wizy brytyjskiej Od czasu opuszczenia Unii Europejskiej Wielka Brytania wprowadzi\u0142a system imigracyjny oparty na punktach, znany r\u00f3wnie\u017c jako PBS (Points-Based System). PBS wzmacnia brytyjski proces ubiegania si\u0119 o wiz\u0119. System ma zastosowanie do obcokrajowc\u00f3w pragn\u0105cych pracowa\u0107, studiowa\u0107 lub mieszka\u0107 w Wielkiej Brytanii, niezale\u017cnie od ich narodowo\u015bci. Czym jest brytyjski system [&hellip;]<\/p>\n","protected":false},"author":1,"featured_media":0,"parent":0,"menu_order":0,"comment_status":"closed","ping_status":"closed","template":"","meta":{"footnotes":""},"class_list":["post-826","page","type-page","status-publish","hentry"],"yoast_head":"<!-- This site is optimized with the Yoast SEO plugin v27.3 - https:\/\/yoast.com\/product\/yoast-seo-wordpress\/ -->\n<title>System punktowy PBS umo\u017cliwiaj\u0105cy uzyskanie wizy do Anglii - UK GB<\/title>\n<meta name=\"description\" content=\"System PBS jest skierowany do wykwalifikowanych pracownik\u00f3w, mi\u0119dzynarodowych student\u00f3w i innowacyjnych profili, kt\u00f3rzy chc\u0105 pracowa\u0107 w Wielkiej Brytanii.\" \/>\n<meta name=\"robots\" content=\"index, follow, max-snippet:-1, max-image-preview:large, max-video-preview:-1\" \/>\n<link rel=\"canonical\" href=\"https:\/\/uk-gb.net\/pl\/system-punktow-wizowych-dla-anglii-pbs\/\" \/>\n<meta property=\"og:locale\" content=\"pl_PL\" \/>\n<meta property=\"og:type\" content=\"article\" \/>\n<meta property=\"og:title\" content=\"System punktowy PBS umo\u017cliwiaj\u0105cy uzyskanie wizy do Anglii - UK GB\" \/>\n<meta property=\"og:description\" content=\"System PBS jest skierowany do wykwalifikowanych pracownik\u00f3w, mi\u0119dzynarodowych student\u00f3w i innowacyjnych profili, kt\u00f3rzy chc\u0105 pracowa\u0107 w Wielkiej Brytanii.\" \/>\n<meta property=\"og:url\" content=\"https:\/\/uk-gb.net\/pl\/system-punktow-wizowych-dla-anglii-pbs\/\" \/>\n<meta property=\"og:site_name\" content=\"UK GB\" \/>\n<meta property=\"article:modified_time\" content=\"2025-08-27T09:19:18+00:00\" \/>\n<meta name=\"twitter:card\" content=\"summary_large_image\" \/>\n<meta name=\"twitter:label1\" content=\"Szacowany czas czytania\" \/>\n\t<meta name=\"twitter:data1\" content=\"2 minuty\" \/>\n<script type=\"application\/ld+json\" class=\"yoast-schema-graph\">{\"@context\":\"https:\\\/\\\/schema.org\",\"@graph\":[{\"@type\":\"WebPage\",\"@id\":\"https:\\\/\\\/uk-gb.net\\\/pl\\\/system-punktow-wizowych-dla-anglii-pbs\\\/\",\"url\":\"https:\\\/\\\/uk-gb.net\\\/pl\\\/system-punktow-wizowych-dla-anglii-pbs\\\/\",\"name\":\"System punktowy PBS umo\u017cliwiaj\u0105cy uzyskanie wizy do Anglii - UK GB\",\"isPartOf\":{\"@id\":\"https:\\\/\\\/uk-gb.net\\\/pl\\\/#website\"},\"datePublished\":\"2023-12-07T14:52:18+00:00\",\"dateModified\":\"2025-08-27T09:19:18+00:00\",\"description\":\"System PBS jest skierowany do wykwalifikowanych pracownik\u00f3w, mi\u0119dzynarodowych student\u00f3w i innowacyjnych profili, kt\u00f3rzy chc\u0105 pracowa\u0107 w Wielkiej Brytanii.\",\"inLanguage\":\"pl-PL\",\"potentialAction\":[{\"@type\":\"ReadAction\",\"target\":[\"https:\\\/\\\/uk-gb.net\\\/pl\\\/system-punktow-wizowych-dla-anglii-pbs\\\/\"]}]},{\"@type\":\"WebSite\",\"@id\":\"https:\\\/\\\/uk-gb.net\\\/pl\\\/#website\",\"url\":\"https:\\\/\\\/uk-gb.net\\\/pl\\\/\",\"name\":\"UK GB\",\"description\":\"Travel to the UK\",\"potentialAction\":[{\"@type\":\"SearchAction\",\"target\":{\"@type\":\"EntryPoint\",\"urlTemplate\":\"https:\\\/\\\/uk-gb.net\\\/pl\\\/?s={search_term_string}\"},\"query-input\":{\"@type\":\"PropertyValueSpecification\",\"valueRequired\":true,\"valueName\":\"search_term_string\"}}],\"inLanguage\":\"pl-PL\"}]}<\/script>\n<!-- \/ Yoast SEO plugin. -->","yoast_head_json":{"title":"System punktowy PBS umo\u017cliwiaj\u0105cy uzyskanie wizy do Anglii - UK GB","description":"System PBS jest skierowany do wykwalifikowanych pracownik\u00f3w, mi\u0119dzynarodowych student\u00f3w i innowacyjnych profili, kt\u00f3rzy chc\u0105 pracowa\u0107 w Wielkiej Brytanii.","robots":{"index":"index","follow":"follow","max-snippet":"max-snippet:-1","max-image-preview":"max-image-preview:large","max-video-preview":"max-video-preview:-1"},"canonical":"https:\/\/uk-gb.net\/pl\/system-punktow-wizowych-dla-anglii-pbs\/","og_locale":"pl_PL","og_type":"article","og_title":"System punktowy PBS umo\u017cliwiaj\u0105cy uzyskanie wizy do Anglii - UK GB","og_description":"System PBS jest skierowany do wykwalifikowanych pracownik\u00f3w, mi\u0119dzynarodowych student\u00f3w i innowacyjnych profili, kt\u00f3rzy chc\u0105 pracowa\u0107 w Wielkiej Brytanii.","og_url":"https:\/\/uk-gb.net\/pl\/system-punktow-wizowych-dla-anglii-pbs\/","og_site_name":"UK GB","article_modified_time":"2025-08-27T09:19:18+00:00","twitter_card":"summary_large_image","twitter_misc":{"Szacowany czas czytania":"2 minuty"},"schema":{"@context":"https:\/\/schema.org","@graph":[{"@type":"WebPage","@id":"https:\/\/uk-gb.net\/pl\/system-punktow-wizowych-dla-anglii-pbs\/","url":"https:\/\/uk-gb.net\/pl\/system-punktow-wizowych-dla-anglii-pbs\/","name":"System punktowy PBS umo\u017cliwiaj\u0105cy uzyskanie wizy do Anglii - UK GB","isPartOf":{"@id":"https:\/\/uk-gb.net\/pl\/#website"},"datePublished":"2023-12-07T14:52:18+00:00","dateModified":"2025-08-27T09:19:18+00:00","description":"System PBS jest skierowany do wykwalifikowanych pracownik\u00f3w, mi\u0119dzynarodowych student\u00f3w i innowacyjnych profili, kt\u00f3rzy chc\u0105 pracowa\u0107 w Wielkiej Brytanii.","inLanguage":"pl-PL","potentialAction":[{"@type":"ReadAction","target":["https:\/\/uk-gb.net\/pl\/system-punktow-wizowych-dla-anglii-pbs\/"]}]},{"@type":"WebSite","@id":"https:\/\/uk-gb.net\/pl\/#website","url":"https:\/\/uk-gb.net\/pl\/","name":"UK GB","description":"Travel to the UK","potentialAction":[{"@type":"SearchAction","target":{"@type":"EntryPoint","urlTemplate":"https:\/\/uk-gb.net\/pl\/?s={search_term_string}"},"query-input":{"@type":"PropertyValueSpecification","valueRequired":true,"valueName":"search_term_string"}}],"inLanguage":"pl-PL"}]}},"_links":{"self":[{"href":"https:\/\/uk-gb.net\/pl\/wp-json\/wp\/v2\/pages\/826","targetHints":{"allow":["GET"]}}],"collection":[{"href":"https:\/\/uk-gb.net\/pl\/wp-json\/wp\/v2\/pages"}],"about":[{"href":"https:\/\/uk-gb.net\/pl\/wp-json\/wp\/v2\/types\/page"}],"author":[{"embeddable":true,"href":"https:\/\/uk-gb.net\/pl\/wp-json\/wp\/v2\/users\/1"}],"replies":[{"embeddable":true,"href":"https:\/\/uk-gb.net\/pl\/wp-json\/wp\/v2\/comments?post=826"}],"version-history":[{"count":0,"href":"https:\/\/uk-gb.net\/pl\/wp-json\/wp\/v2\/pages\/826\/revisions"}],"wp:attachment":[{"href":"https:\/\/uk-gb.net\/pl\/wp-json\/wp\/v2\/media?parent=826"}],"curies":[{"name":"wp","href":"https:\/\/api.w.org\/{rel}","templated":true}]}}