{"id":818,"date":"2023-12-07T16:48:46","date_gmt":"2023-12-07T16:48:46","guid":{"rendered":"https:\/\/uk-gb.net\/ambasada-ds-wiz-w-anglii\/"},"modified":"2025-11-28T11:06:47","modified_gmt":"2025-11-28T11:06:47","slug":"ambasada-ds-wiz-w-anglii","status":"publish","type":"page","link":"https:\/\/uk-gb.net\/pl\/ambasada-ds-wiz-w-anglii\/","title":{"rendered":"Rozmowa kwalifikacyjna w ambasadzie Wielkiej Brytanii w celu ubiegania si\u0119 o wiz\u0119"},"content":{"rendered":"\n<h1 class=\"wp-block-heading\">Wizyta w ambasadzie brytyjskiej w celu ubiegania si\u0119 o wiz\u0119<\/h1>\n\n<p>Obcokrajowcy chc\u0105cy podr\u00f3\u017cowa\u0107 do Wielkiej Brytanii, kt\u00f3rzy nie kwalifikuj\u0105 si\u0119 do ETA, musz\u0105 uzyska\u0107 wiz\u0119. Zazwyczaj wi\u0105\u017ce si\u0119 to z <g id=\"gid_0\">rozmow\u0105 konsularn\u0105<\/g>. Odbywa si\u0119 ona w <strong>zatwierdzonym centrum sk\u0142adania wniosk\u00f3w wizowych<\/strong> lub bezpo\u015brednio w <a href=\"https:\/\/uk-gb.net\/pl\/ambasada-wielkiej-brytanii-polsce\/\">ambasadzie brytyjskiej<\/a>, w zale\u017cno\u015bci od kraju zamieszkania.   Mo\u017cesz zapozna\u0107 si\u0119 z <a href=\"https:\/\/www.gov.uk\/find-a-visa-application-centre\">list\u0105 centr\u00f3w sk\u0142adania wniosk\u00f3w wizowych wed\u0142ug kraju<\/a>, aby um\u00f3wi\u0107 si\u0119 na wizyt\u0119 w najbli\u017cszym centrum.<\/p>\n\n<p><strong>W przypadku pobytu kr\u00f3tkoterminowego<\/strong>: Nie ma potrzeby uzyskiwania wizy; wystarczy wype\u0142ni\u0107 <a href=\"https:\/\/uk-gb.net\/pl\/wiza-online-eta-anglii\/\">formularz ETA online<\/a>.<\/p>\n\n<div style=\"height:10px\" aria-hidden=\"true\" class=\"wp-block-spacer\"><\/div>\n\n<h2 class=\"wp-block-heading\">Dlaczego konserwacja jest konieczna?<\/h2>\n\n<p>Rozmowa konsularna jest kluczowym etapem w procesie ubiegania si\u0119 o wiz\u0119. Umo\u017cliwia ona brytyjskim w\u0142adzom : <\/p>\n\n<ul class=\"wp-block-list\">\n<li>Sprawdzenie to\u017csamo\u015bci wnioskodawcy<\/li>\n\n\n\n<li>Ocena szczero\u015bci plan\u00f3w podr\u00f3\u017cy<\/li>\n\n\n\n<li>Upewni\u0107 si\u0119, \u017ce wnioskodawca spe\u0142nia warunki wjazdu i opu\u015bci Wielk\u0105 Brytani\u0119 po wyga\u015bni\u0119ciu wizy.<\/li>\n<\/ul>\n\n<p>Rozmowa ta pomaga <strong>zapobiega\u0107 oszustwom<\/strong> i zapewni\u0107, \u017ce tylko osoby spe\u0142niaj\u0105ce kryteria kwalifikowalno\u015bci otrzymaj\u0105 wiz\u0119.<\/p>\n\n<h2 class=\"wp-block-heading\">Dokumenty, kt\u00f3re nale\u017cy zabra\u0107 ze sob\u0105 w dniu rozmowy kwalifikacyjnej<\/h2>\n\n<p>W dniu wizyty nale\u017cy zabra\u0107 ze sob\u0105 nast\u0119puj\u0105ce dokumenty:<\/p>\n\n<ul class=\"wp-block-list\">\n<li><strong>Wydrukowane potwierdzenie spotkania<\/strong> otrzymane poczt\u0105 elektroniczn\u0105<\/li>\n\n\n\n<li><strong>Potwierdzenie uiszczenia<\/strong> <a href=\"https:\/\/uk-gb.net\/pl\/cena-wizy-do-anglii\/\">op\u0142aty za wniosek wizowy<\/a><\/li>\n\n\n\n<li><strong>Wa\u017cny paszport<\/strong> (lub orygina\u0142 dokumentu pobytowego, je\u015bli dotyczy)<\/li>\n\n\n\n<li>Wszystkie <strong>wymagane dokumenty uzupe\u0142niaj\u0105ce<\/strong> wraz z kopiami do akt sprawy<\/li>\n\n\n\n<li>Wydrukowana <strong>strona tytu\u0142owa formularza wniosku wizowego<\/strong> <\/li>\n<\/ul>\n\n<div style=\"height:10px\" aria-hidden=\"true\" class=\"wp-block-spacer\"><\/div>\n\n<p>Upewnij si\u0119, \u017ce wszystkie dokumenty s\u0105 <strong>oryginalne<\/strong>, czytelne i aktualne. Brakuj\u0105ce dokumenty mog\u0105 op\u00f3\u017ani\u0107 lub nawet anulowa\u0107 procedur\u0119. <\/p>\n\n<h2 class=\"wp-block-heading\">Jak przebiega spotkanie w ambasadzie?<\/h2>\n\n<p>Zaleca si\u0119 przybycie do centrum <strong>co najmniej 15 minut przed um\u00f3wion\u0105 godzin\u0105<\/strong> spotkania, aby przej\u015b\u0107 przez kontrol\u0119 bezpiecze\u0144stwa. Po wej\u015bciu do centrum nale\u017cy wykona\u0107 nast\u0119puj\u0105ce czynno\u015bci: <\/p>\n\n<ol class=\"wp-block-list\">\n<li><strong>Sprawdzanie to\u017csamo\u015bci i dokument\u00f3w<\/strong><\/li>\n\n\n\n<li><strong>Pobieranie odcisk\u00f3w palc\u00f3w i fotografia biometryczna<\/strong><\/li>\n\n\n\n<li><strong>Rozmowa z urz\u0119dnikiem konsularnym<\/strong><\/li>\n<\/ol>\n\n<div style=\"height:10px\" aria-hidden=\"true\" class=\"wp-block-spacer\"><\/div>\n\n<p>Rozmowa jest zazwyczaj prowadzona w j\u0119zyku <strong>angielskim<\/strong>. W niekt\u00f3rych przypadkach agent mo\u017ce wypowiada\u0107 si\u0119 w lokalnym j\u0119zyku, je\u015bli go zna. Zadawane pytania maj\u0105 na celu wyja\u015bnienie :  <\/p>\n\n<ul class=\"wp-block-list\">\n<li><strong>Pow\u00f3d pobytu<\/strong> w Zjednoczonym Kr\u00f3lestwie<\/li>\n\n\n\n<li><strong>Program podr\u00f3\u017cy<\/strong>: daty, lokalizacje, zakwaterowanie<\/li>\n\n\n\n<li><strong>Zdolno\u015b\u0107 finans<\/strong> owa do pokrycia koszt\u00f3w pobytu i podr\u00f3\u017cy powrotnej<\/li>\n<\/ul>\n\n<div style=\"height:10px\" aria-hidden=\"true\" class=\"wp-block-spacer\"><\/div>\n\n<h2 class=\"wp-block-heading\">Jak d\u0142ugo trwa rozmowa kwalifikacyjna?<\/h2>\n\n<p>Przeci\u0119tna rozmowa o wiz\u0119 brytyjsk\u0105 trwa oko\u0142o <strong>30 minut<\/strong>, ale mo\u017ce si\u0119 r\u00f3\u017cni\u0107 w zale\u017cno\u015bci od z\u0142o\u017cono\u015bci sprawy. Je\u015bli urz\u0119dnik konsularny uzna za konieczne bardziej szczeg\u00f3\u0142owe om\u00f3wienie niekt\u00f3rych kwestii, rozmowa mo\u017ce trwa\u0107 nawet <strong>godzin\u0119 lub d\u0142u\u017cej<\/strong>. <\/p>\n\n<h2 class=\"wp-block-heading\">A po spotkaniu?<\/h2>\n\n<p>Po zako\u0144czeniu rozmowy centrum zatrzyma paszport na czas rozpatrywania wniosku. Otrzymasz <g id=\"gid_0\">powiadomienie e-mailem lub SMS-em<\/g>, gdy tylko decyzja zostanie podj\u0119ta. Paszport zostanie nast\u0119pnie odes\u0142any poczt\u0105 lub odebrany z centrum, w zale\u017cno\u015bci od opcji wybranej podczas rezerwacji spotkania.  <\/p>\n\n<p><strong>Uwaga<\/strong>: W nag\u0142ych przypadkach lub w kr\u00f3tkich terminach niekt\u00f3re centra oferuj\u0105 <strong>przyspieszone us\u0142ugi<\/strong> za dodatkow\u0105 op\u0142at\u0105.<\/p>\n","protected":false},"excerpt":{"rendered":"<p>Wizyta w ambasadzie brytyjskiej w celu ubiegania si\u0119 o wiz\u0119 Obcokrajowcy chc\u0105cy podr\u00f3\u017cowa\u0107 do Wielkiej Brytanii, kt\u00f3rzy nie kwalifikuj\u0105 si\u0119 do ETA, musz\u0105 uzyska\u0107 wiz\u0119. Zazwyczaj wi\u0105\u017ce si\u0119 to z rozmow\u0105 konsularn\u0105. Odbywa si\u0119 ona w zatwierdzonym centrum sk\u0142adania wniosk\u00f3w wizowych lub bezpo\u015brednio w ambasadzie brytyjskiej, w zale\u017cno\u015bci od kraju zamieszkania. Mo\u017cesz zapozna\u0107 si\u0119 z [&hellip;]<\/p>\n","protected":false},"author":1,"featured_media":0,"parent":0,"menu_order":0,"comment_status":"closed","ping_status":"closed","template":"","meta":{"footnotes":""},"class_list":["post-818","page","type-page","status-publish","hentry"],"yoast_head":"<!-- This site is optimized with the Yoast SEO plugin v27.3 - https:\/\/yoast.com\/product\/yoast-seo-wordpress\/ -->\n<title>Rozmowa kwalifikacyjna w ambasadzie Wielkiej Brytanii w celu ubiegania si\u0119 o wiz\u0119 - UK GB<\/title>\n<meta name=\"description\" content=\"Jak um\u00f3wi\u0107 si\u0119 na spotkanie w ambasadzie brytyjskiej w celu sfinalizowania wniosku wizowego do Wielkiej Brytanii?\" \/>\n<meta name=\"robots\" content=\"index, follow, max-snippet:-1, max-image-preview:large, max-video-preview:-1\" \/>\n<link rel=\"canonical\" href=\"https:\/\/uk-gb.net\/pl\/ambasada-ds-wiz-w-anglii\/\" \/>\n<meta property=\"og:locale\" content=\"pl_PL\" \/>\n<meta property=\"og:type\" content=\"article\" \/>\n<meta property=\"og:title\" content=\"Rozmowa kwalifikacyjna w ambasadzie Wielkiej Brytanii w celu ubiegania si\u0119 o wiz\u0119 - UK GB\" \/>\n<meta property=\"og:description\" content=\"Jak um\u00f3wi\u0107 si\u0119 na spotkanie w ambasadzie brytyjskiej w celu sfinalizowania wniosku wizowego do Wielkiej Brytanii?\" \/>\n<meta property=\"og:url\" content=\"https:\/\/uk-gb.net\/pl\/ambasada-ds-wiz-w-anglii\/\" \/>\n<meta property=\"og:site_name\" content=\"UK GB\" \/>\n<meta property=\"article:modified_time\" content=\"2025-11-28T11:06:47+00:00\" \/>\n<meta name=\"twitter:card\" content=\"summary_large_image\" \/>\n<meta name=\"twitter:label1\" content=\"Szacowany czas czytania\" \/>\n\t<meta name=\"twitter:data1\" content=\"2 minuty\" \/>\n<script type=\"application\/ld+json\" class=\"yoast-schema-graph\">{\"@context\":\"https:\\\/\\\/schema.org\",\"@graph\":[{\"@type\":\"WebPage\",\"@id\":\"https:\\\/\\\/uk-gb.net\\\/pl\\\/ambasada-ds-wiz-w-anglii\\\/\",\"url\":\"https:\\\/\\\/uk-gb.net\\\/pl\\\/ambasada-ds-wiz-w-anglii\\\/\",\"name\":\"Rozmowa kwalifikacyjna w ambasadzie Wielkiej Brytanii w celu ubiegania si\u0119 o wiz\u0119 - UK GB\",\"isPartOf\":{\"@id\":\"https:\\\/\\\/uk-gb.net\\\/pl\\\/#website\"},\"datePublished\":\"2023-12-07T16:48:46+00:00\",\"dateModified\":\"2025-11-28T11:06:47+00:00\",\"description\":\"Jak um\u00f3wi\u0107 si\u0119 na spotkanie w ambasadzie brytyjskiej w celu sfinalizowania wniosku wizowego do Wielkiej Brytanii?\",\"inLanguage\":\"pl-PL\",\"potentialAction\":[{\"@type\":\"ReadAction\",\"target\":[\"https:\\\/\\\/uk-gb.net\\\/pl\\\/ambasada-ds-wiz-w-anglii\\\/\"]}]},{\"@type\":\"WebSite\",\"@id\":\"https:\\\/\\\/uk-gb.net\\\/pl\\\/#website\",\"url\":\"https:\\\/\\\/uk-gb.net\\\/pl\\\/\",\"name\":\"UK GB\",\"description\":\"Travel to the UK\",\"potentialAction\":[{\"@type\":\"SearchAction\",\"target\":{\"@type\":\"EntryPoint\",\"urlTemplate\":\"https:\\\/\\\/uk-gb.net\\\/pl\\\/?s={search_term_string}\"},\"query-input\":{\"@type\":\"PropertyValueSpecification\",\"valueRequired\":true,\"valueName\":\"search_term_string\"}}],\"inLanguage\":\"pl-PL\"}]}<\/script>\n<!-- \/ Yoast SEO plugin. -->","yoast_head_json":{"title":"Rozmowa kwalifikacyjna w ambasadzie Wielkiej Brytanii w celu ubiegania si\u0119 o wiz\u0119 - UK GB","description":"Jak um\u00f3wi\u0107 si\u0119 na spotkanie w ambasadzie brytyjskiej w celu sfinalizowania wniosku wizowego do Wielkiej Brytanii?","robots":{"index":"index","follow":"follow","max-snippet":"max-snippet:-1","max-image-preview":"max-image-preview:large","max-video-preview":"max-video-preview:-1"},"canonical":"https:\/\/uk-gb.net\/pl\/ambasada-ds-wiz-w-anglii\/","og_locale":"pl_PL","og_type":"article","og_title":"Rozmowa kwalifikacyjna w ambasadzie Wielkiej Brytanii w celu ubiegania si\u0119 o wiz\u0119 - UK GB","og_description":"Jak um\u00f3wi\u0107 si\u0119 na spotkanie w ambasadzie brytyjskiej w celu sfinalizowania wniosku wizowego do Wielkiej Brytanii?","og_url":"https:\/\/uk-gb.net\/pl\/ambasada-ds-wiz-w-anglii\/","og_site_name":"UK GB","article_modified_time":"2025-11-28T11:06:47+00:00","twitter_card":"summary_large_image","twitter_misc":{"Szacowany czas czytania":"2 minuty"},"schema":{"@context":"https:\/\/schema.org","@graph":[{"@type":"WebPage","@id":"https:\/\/uk-gb.net\/pl\/ambasada-ds-wiz-w-anglii\/","url":"https:\/\/uk-gb.net\/pl\/ambasada-ds-wiz-w-anglii\/","name":"Rozmowa kwalifikacyjna w ambasadzie Wielkiej Brytanii w celu ubiegania si\u0119 o wiz\u0119 - UK GB","isPartOf":{"@id":"https:\/\/uk-gb.net\/pl\/#website"},"datePublished":"2023-12-07T16:48:46+00:00","dateModified":"2025-11-28T11:06:47+00:00","description":"Jak um\u00f3wi\u0107 si\u0119 na spotkanie w ambasadzie brytyjskiej w celu sfinalizowania wniosku wizowego do Wielkiej Brytanii?","inLanguage":"pl-PL","potentialAction":[{"@type":"ReadAction","target":["https:\/\/uk-gb.net\/pl\/ambasada-ds-wiz-w-anglii\/"]}]},{"@type":"WebSite","@id":"https:\/\/uk-gb.net\/pl\/#website","url":"https:\/\/uk-gb.net\/pl\/","name":"UK GB","description":"Travel to the UK","potentialAction":[{"@type":"SearchAction","target":{"@type":"EntryPoint","urlTemplate":"https:\/\/uk-gb.net\/pl\/?s={search_term_string}"},"query-input":{"@type":"PropertyValueSpecification","valueRequired":true,"valueName":"search_term_string"}}],"inLanguage":"pl-PL"}]}},"_links":{"self":[{"href":"https:\/\/uk-gb.net\/pl\/wp-json\/wp\/v2\/pages\/818","targetHints":{"allow":["GET"]}}],"collection":[{"href":"https:\/\/uk-gb.net\/pl\/wp-json\/wp\/v2\/pages"}],"about":[{"href":"https:\/\/uk-gb.net\/pl\/wp-json\/wp\/v2\/types\/page"}],"author":[{"embeddable":true,"href":"https:\/\/uk-gb.net\/pl\/wp-json\/wp\/v2\/users\/1"}],"replies":[{"embeddable":true,"href":"https:\/\/uk-gb.net\/pl\/wp-json\/wp\/v2\/comments?post=818"}],"version-history":[{"count":0,"href":"https:\/\/uk-gb.net\/pl\/wp-json\/wp\/v2\/pages\/818\/revisions"}],"wp:attachment":[{"href":"https:\/\/uk-gb.net\/pl\/wp-json\/wp\/v2\/media?parent=818"}],"curies":[{"name":"wp","href":"https:\/\/api.w.org\/{rel}","templated":true}]}}