{"id":808,"date":"2023-12-07T16:41:44","date_gmt":"2023-12-07T16:41:44","guid":{"rendered":"https:\/\/uk-gb.net\/cena-wizy-do-anglii\/"},"modified":"2025-11-17T16:53:48","modified_gmt":"2025-11-17T16:53:48","slug":"cena-wizy-do-anglii","status":"publish","type":"page","link":"https:\/\/uk-gb.net\/pl\/cena-wizy-do-anglii\/","title":{"rendered":"Koszt uzyskania wizy na podr\u00f3\u017c do Anglii"},"content":{"rendered":"\n<h1 class=\"wp-block-heading\">Ile kosztuje wiza na podr\u00f3\u017c do Wielkiej Brytanii?<\/h1>\n\n<p>Wszystkie wnioski wizowe do Wielkiej Brytanii podlegaj\u0105 obowi\u0105zkowej op\u0142acie. Op\u0142ata ta pokrywa koszty administracyjne zwi\u0105zane z rozpatrywaniem wniosk\u00f3w. Op\u0142ata r\u00f3\u017cni si\u0119 w zale\u017cno\u015bci od <strong>rodzaju wizy, o kt\u00f3r\u0105 ubiega<\/strong> <strong>si\u0119 wnioskodawca<\/strong>, <strong>d\u0142ugo\u015bci pobytu<\/strong> i <strong>kraju zamieszkania wnioskodawcy<\/strong>.  <\/p>\n\n<p><strong>W przypadku pobytu turystycznego <\/strong>: Nie ma potrzeby uzyskiwania wizy; wystarczy wype\u0142ni\u0107 <a href=\"https:\/\/uk-gb.net\/pl\/wiza-online-eta-anglii\/\">formularz ETA online<\/a>.<\/p>\n\n<div style=\"height:10px\" aria-hidden=\"true\" class=\"wp-block-spacer\"><\/div>\n\n<p>Oto kilka orientacyjnych przyk\u0142ad\u00f3w na rok <strong>2025<\/strong>:<\/p>\n\n<figure class=\"wp-block-table\"><table><tbody><tr><td><strong>Visa turystyczna<\/strong><\/td><td class=\"has-text-align-center\" data-align=\"center\"><strong>Op\u0142aty wizowe<\/strong><\/td><\/tr><tr><td>Kr\u00f3tkoterminowa <a href=\"https:\/\/uk-gb.net\/pl\/wiza-turystyczna-anglia-wielka-brytania\/\">wiza turystyczna<\/a> na okres do 6 miesi\u0119cy<\/td><td class=\"has-text-align-center\" data-align=\"center\">\u00a3 115<\/td><\/tr><tr><td>Wiza d\u0142ugoterminowa (2 lata)<\/td><td class=\"has-text-align-center\" data-align=\"center\">\u00a3 400<\/td><\/tr><tr><td>Wiza d\u0142ugoterminowa (5 lat)<\/td><td class=\"has-text-align-center\" data-align=\"center\">\u00a3 771<\/td><\/tr><tr><td>Wiza d\u0142ugoterminowa (10 lat)<\/td><td class=\"has-text-align-center\" data-align=\"center\">\u00a3 963<\/td><\/tr><\/tbody><\/table><figcaption class=\"wp-element-caption\">Tabela op\u0142at wizowych dla turyst\u00f3w<\/figcaption><\/figure>\n\n<figure class=\"wp-block-table\"><table><tbody><tr><td><strong>Wiza tranzytowa<\/strong><\/td><td class=\"has-text-align-center\" data-align=\"center\"><strong><strong>Op\u0142aty wizowe<\/strong><\/strong><\/td><\/tr><tr><td>Direct Airside Transit Visa (DATV) dla pasa\u017cer\u00f3w przebywaj\u0105cych w strefie mi\u0119dzynarodowej<\/td><td class=\"has-text-align-center\" data-align=\"center\">\u00a3 39<\/td><\/tr><tr><td>Visitor in Transit Visa: dla pasa\u017cer\u00f3w, kt\u00f3rzy musz\u0105 przej\u015b\u0107 przez kontrol\u0119 graniczn\u0105.<\/td><td class=\"has-text-align-center\" data-align=\"center\">\u00a3 64<\/td><\/tr><\/tbody><\/table><figcaption class=\"wp-element-caption\">Wizy te pozwalaj\u0105 na maksymalnie 48-godzinny pobyt w Wielkiej Brytanii.<\/figcaption><\/figure>\n\n<div style=\"height:10px\" aria-hidden=\"true\" class=\"wp-block-spacer\"><\/div>\n\n<h2 class=\"wp-block-heading\">Op\u0142aty za wiz\u0119 studenck\u0105 do Wielkiej Brytanii<\/h2>\n\n<p>Studenci zagraniczni chc\u0105cy studiowa\u0107 w Wielkiej Brytanii musz\u0105 uzyska\u0107 <a href=\"https:\/\/uk-gb.net\/pl\/wiza-studencka-do-anglii\/\">wiz\u0119 studenck\u0105<\/a>.<\/p>\n\n<figure class=\"wp-block-table\"><table><tbody><tr><td><strong>Kr\u00f3tkoterminowa wiza studencka<\/strong><\/td><td class=\"has-text-align-center\" data-align=\"center\"><strong><strong>Op\u0142aty wizowe<\/strong><\/strong><\/td><\/tr><tr><td>Op\u0142ata za wniosek wizowy<\/td><td class=\"has-text-align-center\" data-align=\"center\">\u00a3 524<\/td><\/tr><tr><td>Imigracyjna dop\u0142ata zdrowotna rocznie<\/td><td class=\"has-text-align-center\" data-align=\"center\">\u00a3 776<\/td><\/tr><\/tbody><\/table><figcaption class=\"wp-element-caption\">Op\u0142acenie IHS jest obowi\u0105zkowe i zapewnia dost\u0119p do krajowej s\u0142u\u017cby zdrowia na czas pobytu.<\/figcaption><\/figure>\n\n<div style=\"height:10px\" aria-hidden=\"true\" class=\"wp-block-spacer\"><\/div>\n\n<h2 class=\"wp-block-heading\">Czy op\u0142aty za wiz\u0119 brytyjsk\u0105 mo\u017cna ui\u015bci\u0107 w lokalnej walucie?<\/h2>\n\n<p>Op\u0142aty wizowe s\u0105 ustalane w <strong>funtach szterlingach (GBP)<\/strong>. P\u0142atno\u015bci mo\u017cna jednak zazwyczaj dokona\u0107 w <g id=\"gid_1\">lokalnej walucie<\/g> kraju zamieszkania, w oparciu o kurs wymiany stosowany przez rz\u0105d Wielkiej Brytanii. Kurs ten jest regularnie aktualizowany i jest automatycznie stosowany podczas p\u0142atno\u015bci online.  <\/p>\n","protected":false},"excerpt":{"rendered":"<p>Ile kosztuje wiza na podr\u00f3\u017c do Wielkiej Brytanii? Wszystkie wnioski wizowe do Wielkiej Brytanii podlegaj\u0105 obowi\u0105zkowej op\u0142acie. Op\u0142ata ta pokrywa koszty administracyjne zwi\u0105zane z rozpatrywaniem wniosk\u00f3w. Op\u0142ata r\u00f3\u017cni si\u0119 w zale\u017cno\u015bci od rodzaju wizy, o kt\u00f3r\u0105 ubiega si\u0119 wnioskodawca, d\u0142ugo\u015bci pobytu i kraju zamieszkania wnioskodawcy. W przypadku pobytu turystycznego : Nie ma potrzeby uzyskiwania wizy; [&hellip;]<\/p>\n","protected":false},"author":1,"featured_media":0,"parent":0,"menu_order":0,"comment_status":"closed","ping_status":"closed","template":"","meta":{"footnotes":""},"class_list":["post-808","page","type-page","status-publish","hentry"],"yoast_head":"<!-- This site is optimized with the Yoast SEO plugin v27.4 - https:\/\/yoast.com\/product\/yoast-seo-wordpress\/ -->\n<title>Koszt uzyskania wizy na podr\u00f3\u017c do Anglii - UK GB<\/title>\n<meta name=\"description\" content=\"Jakie s\u0105 op\u0142aty administracyjne za ubieganie si\u0119 o wiz\u0119 w celu podr\u00f3\u017cowania po Wielkiej Brytanii?\" \/>\n<meta name=\"robots\" content=\"index, follow, max-snippet:-1, max-image-preview:large, max-video-preview:-1\" \/>\n<link rel=\"canonical\" href=\"https:\/\/uk-gb.net\/pl\/cena-wizy-do-anglii\/\" \/>\n<meta property=\"og:locale\" content=\"pl_PL\" \/>\n<meta property=\"og:type\" content=\"article\" \/>\n<meta property=\"og:title\" content=\"Koszt uzyskania wizy na podr\u00f3\u017c do Anglii - UK GB\" \/>\n<meta property=\"og:description\" content=\"Jakie s\u0105 op\u0142aty administracyjne za ubieganie si\u0119 o wiz\u0119 w celu podr\u00f3\u017cowania po Wielkiej Brytanii?\" \/>\n<meta property=\"og:url\" content=\"https:\/\/uk-gb.net\/pl\/cena-wizy-do-anglii\/\" \/>\n<meta property=\"og:site_name\" content=\"UK GB\" \/>\n<meta property=\"article:modified_time\" content=\"2025-11-17T16:53:48+00:00\" \/>\n<meta name=\"twitter:card\" content=\"summary_large_image\" \/>\n<meta name=\"twitter:label1\" content=\"Szacowany czas czytania\" \/>\n\t<meta name=\"twitter:data1\" content=\"1 minuta\" \/>\n<script type=\"application\/ld+json\" class=\"yoast-schema-graph\">{\"@context\":\"https:\\\/\\\/schema.org\",\"@graph\":[{\"@type\":\"WebPage\",\"@id\":\"https:\\\/\\\/uk-gb.net\\\/pl\\\/cena-wizy-do-anglii\\\/\",\"url\":\"https:\\\/\\\/uk-gb.net\\\/pl\\\/cena-wizy-do-anglii\\\/\",\"name\":\"Koszt uzyskania wizy na podr\u00f3\u017c do Anglii - UK GB\",\"isPartOf\":{\"@id\":\"https:\\\/\\\/uk-gb.net\\\/pl\\\/#website\"},\"datePublished\":\"2023-12-07T16:41:44+00:00\",\"dateModified\":\"2025-11-17T16:53:48+00:00\",\"description\":\"Jakie s\u0105 op\u0142aty administracyjne za ubieganie si\u0119 o wiz\u0119 w celu podr\u00f3\u017cowania po Wielkiej Brytanii?\",\"inLanguage\":\"pl-PL\",\"potentialAction\":[{\"@type\":\"ReadAction\",\"target\":[\"https:\\\/\\\/uk-gb.net\\\/pl\\\/cena-wizy-do-anglii\\\/\"]}]},{\"@type\":\"WebSite\",\"@id\":\"https:\\\/\\\/uk-gb.net\\\/pl\\\/#website\",\"url\":\"https:\\\/\\\/uk-gb.net\\\/pl\\\/\",\"name\":\"UK GB\",\"description\":\"Travel to the UK\",\"potentialAction\":[{\"@type\":\"SearchAction\",\"target\":{\"@type\":\"EntryPoint\",\"urlTemplate\":\"https:\\\/\\\/uk-gb.net\\\/pl\\\/?s={search_term_string}\"},\"query-input\":{\"@type\":\"PropertyValueSpecification\",\"valueRequired\":true,\"valueName\":\"search_term_string\"}}],\"inLanguage\":\"pl-PL\"}]}<\/script>\n<!-- \/ Yoast SEO plugin. -->","yoast_head_json":{"title":"Koszt uzyskania wizy na podr\u00f3\u017c do Anglii - UK GB","description":"Jakie s\u0105 op\u0142aty administracyjne za ubieganie si\u0119 o wiz\u0119 w celu podr\u00f3\u017cowania po Wielkiej Brytanii?","robots":{"index":"index","follow":"follow","max-snippet":"max-snippet:-1","max-image-preview":"max-image-preview:large","max-video-preview":"max-video-preview:-1"},"canonical":"https:\/\/uk-gb.net\/pl\/cena-wizy-do-anglii\/","og_locale":"pl_PL","og_type":"article","og_title":"Koszt uzyskania wizy na podr\u00f3\u017c do Anglii - UK GB","og_description":"Jakie s\u0105 op\u0142aty administracyjne za ubieganie si\u0119 o wiz\u0119 w celu podr\u00f3\u017cowania po Wielkiej Brytanii?","og_url":"https:\/\/uk-gb.net\/pl\/cena-wizy-do-anglii\/","og_site_name":"UK GB","article_modified_time":"2025-11-17T16:53:48+00:00","twitter_card":"summary_large_image","twitter_misc":{"Szacowany czas czytania":"1 minuta"},"schema":{"@context":"https:\/\/schema.org","@graph":[{"@type":"WebPage","@id":"https:\/\/uk-gb.net\/pl\/cena-wizy-do-anglii\/","url":"https:\/\/uk-gb.net\/pl\/cena-wizy-do-anglii\/","name":"Koszt uzyskania wizy na podr\u00f3\u017c do Anglii - UK GB","isPartOf":{"@id":"https:\/\/uk-gb.net\/pl\/#website"},"datePublished":"2023-12-07T16:41:44+00:00","dateModified":"2025-11-17T16:53:48+00:00","description":"Jakie s\u0105 op\u0142aty administracyjne za ubieganie si\u0119 o wiz\u0119 w celu podr\u00f3\u017cowania po Wielkiej Brytanii?","inLanguage":"pl-PL","potentialAction":[{"@type":"ReadAction","target":["https:\/\/uk-gb.net\/pl\/cena-wizy-do-anglii\/"]}]},{"@type":"WebSite","@id":"https:\/\/uk-gb.net\/pl\/#website","url":"https:\/\/uk-gb.net\/pl\/","name":"UK GB","description":"Travel to the UK","potentialAction":[{"@type":"SearchAction","target":{"@type":"EntryPoint","urlTemplate":"https:\/\/uk-gb.net\/pl\/?s={search_term_string}"},"query-input":{"@type":"PropertyValueSpecification","valueRequired":true,"valueName":"search_term_string"}}],"inLanguage":"pl-PL"}]}},"_links":{"self":[{"href":"https:\/\/uk-gb.net\/pl\/wp-json\/wp\/v2\/pages\/808","targetHints":{"allow":["GET"]}}],"collection":[{"href":"https:\/\/uk-gb.net\/pl\/wp-json\/wp\/v2\/pages"}],"about":[{"href":"https:\/\/uk-gb.net\/pl\/wp-json\/wp\/v2\/types\/page"}],"author":[{"embeddable":true,"href":"https:\/\/uk-gb.net\/pl\/wp-json\/wp\/v2\/users\/1"}],"replies":[{"embeddable":true,"href":"https:\/\/uk-gb.net\/pl\/wp-json\/wp\/v2\/comments?post=808"}],"version-history":[{"count":0,"href":"https:\/\/uk-gb.net\/pl\/wp-json\/wp\/v2\/pages\/808\/revisions"}],"wp:attachment":[{"href":"https:\/\/uk-gb.net\/pl\/wp-json\/wp\/v2\/media?parent=808"}],"curies":[{"name":"wp","href":"https:\/\/api.w.org\/{rel}","templated":true}]}}