{"id":783,"date":"2023-12-19T19:58:55","date_gmt":"2023-12-19T19:58:55","guid":{"rendered":"https:\/\/uk-gb.net\/kraje-ktore-mogaubiegac-eta-wielka-brytania\/"},"modified":"2025-08-27T09:23:09","modified_gmt":"2025-08-27T08:23:09","slug":"kraje-ktore-mogaubiegac-eta-wielka-brytania","status":"publish","type":"page","link":"https:\/\/uk-gb.net\/pl\/kraje-ktore-mogaubiegac-eta-wielka-brytania\/","title":{"rendered":"Kraje kwalifikuj\u0105ce si\u0119 do ETA w Wielkiej Brytanii"},"content":{"rendered":"\n<h1 class=\"wp-block-heading\">Obywatele kt\u00f3rych kraj\u00f3w mog\u0105 uzyska\u0107 ETA Wielka Brytania<\/h1>\n\n<p>Poni\u017cej znajduje si\u0119 lista kraj\u00f3w, kt\u00f3rych obywatele kwalifikuj\u0105 si\u0119 do ETA, aby podr\u00f3\u017cowa\u0107 do Wielkiej Brytanii, wraz z kluczowymi datami wprowadzenia programu:<\/p>\n\n<figure class=\"wp-block-table\"><table><tbody><tr><td><strong>Kraje kwalifikuj\u0105ce si\u0119 do ETA i daty sk\u0142adania wniosk\u00f3w<\/strong><\/td><td><strong>Data rozpocz\u0119cia wymogu posiadania ETA na podr\u00f3\u017c<\/strong><\/td><\/tr><tr><td>Katar<\/td><td>15 listopada 2023 r.<\/td><\/tr><tr><td>Arabia Saudyjska, Bahrajn, Zjednoczone Emiraty Arabskie, Kuwejt, Oman<\/td><td>22 lutego 2024 r.<\/td><\/tr><tr><td>Antigua i Barbuda, Argentyna, Australia, Bahamy, Barbados, Belize, Botswana, Brazylia, Brunei, Kanada, Chile, Kostaryka, Grenada, Gwatemala, Gujana, Hongkong, Izrael, Japonia, Kiribati, Makau, Malezja, Malediwy, Wyspy Marshalla, Mauritius, Meksyk, Sfederowane Stany Mikronezji, Nauru, Nowa Zelandia, Nikaragua, Palau, Panama, Papua Nowa Gwinea, Paragwaj, Peru, Samoa, Seszele, Singapur, Wyspy Salomona, Korea Po\u0142udniowa, Saint Kitts i Nevis, Saint Lucia, Saint Vincent i Grenadyny, Tajwan, Tonga, Trynidad i Tobago, Tuvalu, Stany Zjednoczone, Urugwaj.<\/td><td>8 stycznia 2025 r.<\/td><\/tr><tr><td><strong>Kraje<\/strong> europejskie : Andora, Austria, Belgia, Bu\u0142garia, Chorwacja, Cypr, Czechy, Dania, Estonia, Finlandia, Francja, Niemcy, Grecja, W\u0119gry, Islandia, W\u0142ochy, \u0141otwa, Liechtenstein, Litwa, Luksemburg, Malta, Monako, Holandia, Norwegia, Polska, Portugalia, Rumunia, San Marino, S\u0142owacja, S\u0142owenia, Hiszpania, Szwecja, Szwajcaria, Watykan.<\/td><td>2 kwietnia 2025 r.<\/td><\/tr><\/tbody><\/table><figcaption class=\"wp-element-caption\">Lista kraj\u00f3w upowa\u017cnionych do ubiegania si\u0119 o ETA dla Wielkiej Brytanii<\/figcaption><\/figure>\n\n<p>Obywatele UE musz\u0105 zatem podr\u00f3\u017cowa\u0107 z brytyjskim ETA od 2 kwietnia 2025 r. Musz\u0105 <a href=\"https:\/\/uk-gb.net\/pl\/wiza-online-eta-anglii\/\">z\u0142o\u017cy\u0107 wniosek o brytyjski ETA online<\/a>. <\/p>\n\n<h2 class=\"wp-block-heading\">Zwolnienia z ETA<\/h2>\n\n<p>Nast\u0119puj\u0105ce osoby nie musz\u0105 ubiega\u0107 si\u0119 o ETA:<\/p>\n\n<ul class=\"wp-block-list\">\n<li>Obywatele brytyjscy lub irlandzcy<\/li>\n\n\n\n<li>Posiadacz wa\u017cnej wizy brytyjskiej<\/li>\n\n\n\n<li>Stali lub tymczasowi rezydenci w Wielkiej Brytanii (status osoby osiedlonej lub wst\u0119pnie osiedlonej)<\/li>\n\n\n\n<li>Legalni mieszka\u0144cy Irlandii podr\u00f3\u017cuj\u0105cy z Irlandii lub Wysp Normandzkich<\/li>\n\n\n\n<li>Dzieci poni\u017cej 18 roku \u017cycia bior\u0105ce udzia\u0142 w zorganizowanej wycieczce szkolnej (pod pewnymi warunkami)<\/li>\n<\/ul>\n","protected":false},"excerpt":{"rendered":"<p>Obywatele kt\u00f3rych kraj\u00f3w mog\u0105 uzyska\u0107 ETA Wielka Brytania Poni\u017cej znajduje si\u0119 lista kraj\u00f3w, kt\u00f3rych obywatele kwalifikuj\u0105 si\u0119 do ETA, aby podr\u00f3\u017cowa\u0107 do Wielkiej Brytanii, wraz z kluczowymi datami wprowadzenia programu: Obywatele UE musz\u0105 zatem podr\u00f3\u017cowa\u0107 z brytyjskim ETA od 2 kwietnia 2025 r. Musz\u0105 z\u0142o\u017cy\u0107 wniosek o brytyjski ETA online. Zwolnienia z ETA Nast\u0119puj\u0105ce osoby [&hellip;]<\/p>\n","protected":false},"author":1,"featured_media":0,"parent":0,"menu_order":0,"comment_status":"closed","ping_status":"closed","template":"","meta":{"footnotes":""},"class_list":["post-783","page","type-page","status-publish","hentry"],"yoast_head":"<!-- This site is optimized with the Yoast SEO plugin v27.3 - https:\/\/yoast.com\/product\/yoast-seo-wordpress\/ -->\n<title>Kraje kwalifikuj\u0105ce si\u0119 do ETA w Wielkiej Brytanii - UK GB<\/title>\n<meta name=\"description\" content=\"Oto lista kraj\u00f3w, kt\u00f3rych obywatele mog\u0105 ubiega\u0107 si\u0119 o ETA, aby podr\u00f3\u017cowa\u0107 do Wielkiej Brytanii bez konieczno\u015bci posiadania wizy\" \/>\n<meta name=\"robots\" content=\"index, follow, max-snippet:-1, max-image-preview:large, max-video-preview:-1\" \/>\n<link rel=\"canonical\" href=\"https:\/\/uk-gb.net\/pl\/kraje-ktore-mogaubiegac-eta-wielka-brytania\/\" \/>\n<meta property=\"og:locale\" content=\"pl_PL\" \/>\n<meta property=\"og:type\" content=\"article\" \/>\n<meta property=\"og:title\" content=\"Kraje kwalifikuj\u0105ce si\u0119 do ETA w Wielkiej Brytanii - UK GB\" \/>\n<meta property=\"og:description\" content=\"Oto lista kraj\u00f3w, kt\u00f3rych obywatele mog\u0105 ubiega\u0107 si\u0119 o ETA, aby podr\u00f3\u017cowa\u0107 do Wielkiej Brytanii bez konieczno\u015bci posiadania wizy\" \/>\n<meta property=\"og:url\" content=\"https:\/\/uk-gb.net\/pl\/kraje-ktore-mogaubiegac-eta-wielka-brytania\/\" \/>\n<meta property=\"og:site_name\" content=\"UK GB\" \/>\n<meta property=\"article:modified_time\" content=\"2025-08-27T08:23:09+00:00\" \/>\n<meta name=\"twitter:card\" content=\"summary_large_image\" \/>\n<meta name=\"twitter:label1\" content=\"Szacowany czas czytania\" \/>\n\t<meta name=\"twitter:data1\" content=\"1 minuta\" \/>\n<script type=\"application\/ld+json\" class=\"yoast-schema-graph\">{\"@context\":\"https:\\\/\\\/schema.org\",\"@graph\":[{\"@type\":\"WebPage\",\"@id\":\"https:\\\/\\\/uk-gb.net\\\/pl\\\/kraje-ktore-mogaubiegac-eta-wielka-brytania\\\/\",\"url\":\"https:\\\/\\\/uk-gb.net\\\/pl\\\/kraje-ktore-mogaubiegac-eta-wielka-brytania\\\/\",\"name\":\"Kraje kwalifikuj\u0105ce si\u0119 do ETA w Wielkiej Brytanii - UK GB\",\"isPartOf\":{\"@id\":\"https:\\\/\\\/uk-gb.net\\\/pl\\\/#website\"},\"datePublished\":\"2023-12-19T19:58:55+00:00\",\"dateModified\":\"2025-08-27T08:23:09+00:00\",\"description\":\"Oto lista kraj\u00f3w, kt\u00f3rych obywatele mog\u0105 ubiega\u0107 si\u0119 o ETA, aby podr\u00f3\u017cowa\u0107 do Wielkiej Brytanii bez konieczno\u015bci posiadania wizy\",\"inLanguage\":\"pl-PL\",\"potentialAction\":[{\"@type\":\"ReadAction\",\"target\":[\"https:\\\/\\\/uk-gb.net\\\/pl\\\/kraje-ktore-mogaubiegac-eta-wielka-brytania\\\/\"]}]},{\"@type\":\"WebSite\",\"@id\":\"https:\\\/\\\/uk-gb.net\\\/pl\\\/#website\",\"url\":\"https:\\\/\\\/uk-gb.net\\\/pl\\\/\",\"name\":\"UK GB\",\"description\":\"Travel to the UK\",\"potentialAction\":[{\"@type\":\"SearchAction\",\"target\":{\"@type\":\"EntryPoint\",\"urlTemplate\":\"https:\\\/\\\/uk-gb.net\\\/pl\\\/?s={search_term_string}\"},\"query-input\":{\"@type\":\"PropertyValueSpecification\",\"valueRequired\":true,\"valueName\":\"search_term_string\"}}],\"inLanguage\":\"pl-PL\"}]}<\/script>\n<!-- \/ Yoast SEO plugin. -->","yoast_head_json":{"title":"Kraje kwalifikuj\u0105ce si\u0119 do ETA w Wielkiej Brytanii - UK GB","description":"Oto lista kraj\u00f3w, kt\u00f3rych obywatele mog\u0105 ubiega\u0107 si\u0119 o ETA, aby podr\u00f3\u017cowa\u0107 do Wielkiej Brytanii bez konieczno\u015bci posiadania wizy","robots":{"index":"index","follow":"follow","max-snippet":"max-snippet:-1","max-image-preview":"max-image-preview:large","max-video-preview":"max-video-preview:-1"},"canonical":"https:\/\/uk-gb.net\/pl\/kraje-ktore-mogaubiegac-eta-wielka-brytania\/","og_locale":"pl_PL","og_type":"article","og_title":"Kraje kwalifikuj\u0105ce si\u0119 do ETA w Wielkiej Brytanii - UK GB","og_description":"Oto lista kraj\u00f3w, kt\u00f3rych obywatele mog\u0105 ubiega\u0107 si\u0119 o ETA, aby podr\u00f3\u017cowa\u0107 do Wielkiej Brytanii bez konieczno\u015bci posiadania wizy","og_url":"https:\/\/uk-gb.net\/pl\/kraje-ktore-mogaubiegac-eta-wielka-brytania\/","og_site_name":"UK GB","article_modified_time":"2025-08-27T08:23:09+00:00","twitter_card":"summary_large_image","twitter_misc":{"Szacowany czas czytania":"1 minuta"},"schema":{"@context":"https:\/\/schema.org","@graph":[{"@type":"WebPage","@id":"https:\/\/uk-gb.net\/pl\/kraje-ktore-mogaubiegac-eta-wielka-brytania\/","url":"https:\/\/uk-gb.net\/pl\/kraje-ktore-mogaubiegac-eta-wielka-brytania\/","name":"Kraje kwalifikuj\u0105ce si\u0119 do ETA w Wielkiej Brytanii - UK GB","isPartOf":{"@id":"https:\/\/uk-gb.net\/pl\/#website"},"datePublished":"2023-12-19T19:58:55+00:00","dateModified":"2025-08-27T08:23:09+00:00","description":"Oto lista kraj\u00f3w, kt\u00f3rych obywatele mog\u0105 ubiega\u0107 si\u0119 o ETA, aby podr\u00f3\u017cowa\u0107 do Wielkiej Brytanii bez konieczno\u015bci posiadania wizy","inLanguage":"pl-PL","potentialAction":[{"@type":"ReadAction","target":["https:\/\/uk-gb.net\/pl\/kraje-ktore-mogaubiegac-eta-wielka-brytania\/"]}]},{"@type":"WebSite","@id":"https:\/\/uk-gb.net\/pl\/#website","url":"https:\/\/uk-gb.net\/pl\/","name":"UK GB","description":"Travel to the UK","potentialAction":[{"@type":"SearchAction","target":{"@type":"EntryPoint","urlTemplate":"https:\/\/uk-gb.net\/pl\/?s={search_term_string}"},"query-input":{"@type":"PropertyValueSpecification","valueRequired":true,"valueName":"search_term_string"}}],"inLanguage":"pl-PL"}]}},"_links":{"self":[{"href":"https:\/\/uk-gb.net\/pl\/wp-json\/wp\/v2\/pages\/783","targetHints":{"allow":["GET"]}}],"collection":[{"href":"https:\/\/uk-gb.net\/pl\/wp-json\/wp\/v2\/pages"}],"about":[{"href":"https:\/\/uk-gb.net\/pl\/wp-json\/wp\/v2\/types\/page"}],"author":[{"embeddable":true,"href":"https:\/\/uk-gb.net\/pl\/wp-json\/wp\/v2\/users\/1"}],"replies":[{"embeddable":true,"href":"https:\/\/uk-gb.net\/pl\/wp-json\/wp\/v2\/comments?post=783"}],"version-history":[{"count":0,"href":"https:\/\/uk-gb.net\/pl\/wp-json\/wp\/v2\/pages\/783\/revisions"}],"wp:attachment":[{"href":"https:\/\/uk-gb.net\/pl\/wp-json\/wp\/v2\/media?parent=783"}],"curies":[{"name":"wp","href":"https:\/\/api.w.org\/{rel}","templated":true}]}}