{"id":761,"date":"2023-12-07T16:45:33","date_gmt":"2023-12-07T16:45:33","guid":{"rendered":"https:\/\/uk-gb.net\/ambasada-wielkiej-brytanii-polsce\/"},"modified":"2025-08-27T09:08:51","modified_gmt":"2025-08-27T08:08:51","slug":"ambasada-wielkiej-brytanii-polsce","status":"publish","type":"page","link":"https:\/\/uk-gb.net\/pl\/ambasada-wielkiej-brytanii-polsce\/","title":{"rendered":"Ambasada Zjednoczonego Kr\u00f3lestwa w Polsce"},"content":{"rendered":"\n<h1 class=\"wp-block-heading\">Czym jest ambasada Zjednoczonego Kr\u00f3lestwa?<\/h1>\n\n<p>Ambasady Wielkiej Brytanii, kt\u00f3re s\u0105 obecne w wi\u0119kszo\u015bci kraj\u00f3w, zapewniaj\u0105 oficjaln\u0105 reprezentacj\u0119 brytyjskich interes\u00f3w za granic\u0105. Ich g\u0142\u00f3wn\u0105 misj\u0105 jest ochrona obywateli brytyjskich za granic\u0105, przy jednoczesnym promowaniu priorytet\u00f3w dyplomatycznych, gospodarczych i kulturalnych Wielkiej Brytanii. Zapewniaj\u0105 r\u00f3wnie\u017c wsparcie konsularne obywatelom podr\u00f3\u017cuj\u0105cym lub mieszkaj\u0105cym za granic\u0105.  <\/p>\n\n<p>Pod wzgl\u0119dem mobilno\u015bci przedstawicielstwa te odgrywaj\u0105 kluczow\u0105 rol\u0119 w rozpatrywaniu <a href=\"https:\/\/uk-gb.net\/pl\/procedura-wize-wielkiej-brytanii\/\">wniosk\u00f3w wizowych<\/a> dla os\u00f3b pragn\u0105cych podr\u00f3\u017cowa\u0107 do Wielkiej Brytanii. Jednak od 2024 r. obywatele niekt\u00f3rych <a href=\"https:\/\/uk-gb.net\/pl\/kraje-ktore-mogaubiegac-eta-wielka-brytania\/\">kraj\u00f3w kwalifikuj\u0105cych si\u0119 do programu bezwizowego<\/a> nie musz\u0105 ju\u017c ubiega\u0107 si\u0119 o <a href=\"https:\/\/uk-gb.net\/pl\/wiza-turystyczna-anglia-wielka-brytania\/\">wiz\u0119 turystyczn\u0105<\/a> na kr\u00f3tkie pobyty. <\/p>\n\n<p><strong>Mo\u017cesz uzyska\u0107<\/strong> <a href=\"https:\/\/uk-gb.net\/pl\/eta-anglia-wielka-brytania\/\">eTA do Wielkiej Brytanii<\/a> <strong>online<\/strong> na pobyt turystyczny kr\u00f3tszy ni\u017c 6 miesi\u0119cy.<\/p>\n\n<div style=\"height:10px\" aria-hidden=\"true\" class=\"wp-block-spacer\"><\/div>\n\n<h2 class=\"wp-block-heading\">Gdzie znajduje si\u0119 ambasada Wielkiej Brytanii?<\/h2>\n\n<p>Aby zlokalizowa\u0107 najbli\u017csz\u0105 brytyjsk\u0105 ambasad\u0119 lub konsulat, mo\u017cesz odwiedzi\u0107 <a href=\"https:\/\/www.gov.uk\/world\/embassies\">t\u0119 dedykowan\u0105 stron\u0119<\/a>, kt\u00f3ra zawiera list\u0119 wszystkich przedstawicielstw dyplomatycznych Wielkiej Brytanii na ca\u0142ym \u015bwiecie.<\/p>\n\n<p><strong>Ambasada Zjednoczonego Kr\u00f3lestwa w Polsce znajduje si\u0119 pod adresem Kawalerii 12, 00-468 Warszawa. <\/strong><\/p>\n\n<h2 class=\"wp-block-heading\">Jak um\u00f3wi\u0107 si\u0119 na spotkanie w ambasadzie brytyjskiej?<\/h2>\n\n<p>Ubiegaj\u0105c si\u0119 o wiz\u0119 do Wielkiej Brytanii, wnioskodawcy s\u0105 zwykle zobowi\u0105zani do wzi\u0119cia udzia\u0142u w rozmowie konsularnej. Aby zarezerwowa\u0107 takie spotkanie, wnioskodawcy powinni odwiedzi\u0107 oficjaln\u0105 stron\u0119 rz\u0105du Wielkiej Brytanii (gov.uk) i wybra\u0107 <a href=\"https:\/\/uk-gb.net\/pl\/ambasada-ds-wiz-w-anglii\/\">dat\u0119 rozmowy w odpowiedniej ambasadzie<\/a> lub centrum sk\u0142adania wniosk\u00f3w wizowych. <\/p>\n\n<p>Po potwierdzeniu spotkania mo\u017cna pobra\u0107 oficjalne zaproszenie. Dokument ten nale\u017cy wydrukowa\u0107 i przedstawi\u0107 wraz ze wszystkimi dokumentami uzupe\u0142niaj\u0105cymi wymaganymi podczas rozmowy kwalifikacyjnej. <\/p>\n","protected":false},"excerpt":{"rendered":"<p>Czym jest ambasada Zjednoczonego Kr\u00f3lestwa? Ambasady Wielkiej Brytanii, kt\u00f3re s\u0105 obecne w wi\u0119kszo\u015bci kraj\u00f3w, zapewniaj\u0105 oficjaln\u0105 reprezentacj\u0119 brytyjskich interes\u00f3w za granic\u0105. Ich g\u0142\u00f3wn\u0105 misj\u0105 jest ochrona obywateli brytyjskich za granic\u0105, przy jednoczesnym promowaniu priorytet\u00f3w dyplomatycznych, gospodarczych i kulturalnych Wielkiej Brytanii. Zapewniaj\u0105 r\u00f3wnie\u017c wsparcie konsularne obywatelom podr\u00f3\u017cuj\u0105cym lub mieszkaj\u0105cym za granic\u0105. Pod wzgl\u0119dem mobilno\u015bci przedstawicielstwa te [&hellip;]<\/p>\n","protected":false},"author":1,"featured_media":0,"parent":0,"menu_order":0,"comment_status":"closed","ping_status":"closed","template":"","meta":{"footnotes":""},"class_list":["post-761","page","type-page","status-publish","hentry"],"yoast_head":"<!-- This site is optimized with the Yoast SEO plugin v27.3 - https:\/\/yoast.com\/product\/yoast-seo-wordpress\/ -->\n<title>Ambasada Zjednoczonego Kr\u00f3lestwa w Polsce - UK GB<\/title>\n<meta name=\"description\" content=\"Skontaktuj si\u0119 z ambasad\u0105 Wielkiej Brytanii lub brytyjskim konsulatem w kraju zamieszkania.\" \/>\n<meta name=\"robots\" content=\"index, follow, max-snippet:-1, max-image-preview:large, max-video-preview:-1\" \/>\n<link rel=\"canonical\" href=\"https:\/\/uk-gb.net\/pl\/ambasada-wielkiej-brytanii-polsce\/\" \/>\n<meta property=\"og:locale\" content=\"pl_PL\" \/>\n<meta property=\"og:type\" content=\"article\" \/>\n<meta property=\"og:title\" content=\"Ambasada Zjednoczonego Kr\u00f3lestwa w Polsce - UK GB\" \/>\n<meta property=\"og:description\" content=\"Skontaktuj si\u0119 z ambasad\u0105 Wielkiej Brytanii lub brytyjskim konsulatem w kraju zamieszkania.\" \/>\n<meta property=\"og:url\" content=\"https:\/\/uk-gb.net\/pl\/ambasada-wielkiej-brytanii-polsce\/\" \/>\n<meta property=\"og:site_name\" content=\"UK GB\" \/>\n<meta property=\"article:modified_time\" content=\"2025-08-27T08:08:51+00:00\" \/>\n<meta name=\"twitter:card\" content=\"summary_large_image\" \/>\n<meta name=\"twitter:label1\" content=\"Szacowany czas czytania\" \/>\n\t<meta name=\"twitter:data1\" content=\"1 minuta\" \/>\n<script type=\"application\/ld+json\" class=\"yoast-schema-graph\">{\"@context\":\"https:\\\/\\\/schema.org\",\"@graph\":[{\"@type\":\"WebPage\",\"@id\":\"https:\\\/\\\/uk-gb.net\\\/pl\\\/ambasada-wielkiej-brytanii-polsce\\\/\",\"url\":\"https:\\\/\\\/uk-gb.net\\\/pl\\\/ambasada-wielkiej-brytanii-polsce\\\/\",\"name\":\"Ambasada Zjednoczonego Kr\u00f3lestwa w Polsce - UK GB\",\"isPartOf\":{\"@id\":\"https:\\\/\\\/uk-gb.net\\\/pl\\\/#website\"},\"datePublished\":\"2023-12-07T16:45:33+00:00\",\"dateModified\":\"2025-08-27T08:08:51+00:00\",\"description\":\"Skontaktuj si\u0119 z ambasad\u0105 Wielkiej Brytanii lub brytyjskim konsulatem w kraju zamieszkania.\",\"inLanguage\":\"pl-PL\",\"potentialAction\":[{\"@type\":\"ReadAction\",\"target\":[\"https:\\\/\\\/uk-gb.net\\\/pl\\\/ambasada-wielkiej-brytanii-polsce\\\/\"]}]},{\"@type\":\"WebSite\",\"@id\":\"https:\\\/\\\/uk-gb.net\\\/pl\\\/#website\",\"url\":\"https:\\\/\\\/uk-gb.net\\\/pl\\\/\",\"name\":\"UK GB\",\"description\":\"Travel to the UK\",\"potentialAction\":[{\"@type\":\"SearchAction\",\"target\":{\"@type\":\"EntryPoint\",\"urlTemplate\":\"https:\\\/\\\/uk-gb.net\\\/pl\\\/?s={search_term_string}\"},\"query-input\":{\"@type\":\"PropertyValueSpecification\",\"valueRequired\":true,\"valueName\":\"search_term_string\"}}],\"inLanguage\":\"pl-PL\"}]}<\/script>\n<!-- \/ Yoast SEO plugin. -->","yoast_head_json":{"title":"Ambasada Zjednoczonego Kr\u00f3lestwa w Polsce - UK GB","description":"Skontaktuj si\u0119 z ambasad\u0105 Wielkiej Brytanii lub brytyjskim konsulatem w kraju zamieszkania.","robots":{"index":"index","follow":"follow","max-snippet":"max-snippet:-1","max-image-preview":"max-image-preview:large","max-video-preview":"max-video-preview:-1"},"canonical":"https:\/\/uk-gb.net\/pl\/ambasada-wielkiej-brytanii-polsce\/","og_locale":"pl_PL","og_type":"article","og_title":"Ambasada Zjednoczonego Kr\u00f3lestwa w Polsce - UK GB","og_description":"Skontaktuj si\u0119 z ambasad\u0105 Wielkiej Brytanii lub brytyjskim konsulatem w kraju zamieszkania.","og_url":"https:\/\/uk-gb.net\/pl\/ambasada-wielkiej-brytanii-polsce\/","og_site_name":"UK GB","article_modified_time":"2025-08-27T08:08:51+00:00","twitter_card":"summary_large_image","twitter_misc":{"Szacowany czas czytania":"1 minuta"},"schema":{"@context":"https:\/\/schema.org","@graph":[{"@type":"WebPage","@id":"https:\/\/uk-gb.net\/pl\/ambasada-wielkiej-brytanii-polsce\/","url":"https:\/\/uk-gb.net\/pl\/ambasada-wielkiej-brytanii-polsce\/","name":"Ambasada Zjednoczonego Kr\u00f3lestwa w Polsce - UK GB","isPartOf":{"@id":"https:\/\/uk-gb.net\/pl\/#website"},"datePublished":"2023-12-07T16:45:33+00:00","dateModified":"2025-08-27T08:08:51+00:00","description":"Skontaktuj si\u0119 z ambasad\u0105 Wielkiej Brytanii lub brytyjskim konsulatem w kraju zamieszkania.","inLanguage":"pl-PL","potentialAction":[{"@type":"ReadAction","target":["https:\/\/uk-gb.net\/pl\/ambasada-wielkiej-brytanii-polsce\/"]}]},{"@type":"WebSite","@id":"https:\/\/uk-gb.net\/pl\/#website","url":"https:\/\/uk-gb.net\/pl\/","name":"UK GB","description":"Travel to the UK","potentialAction":[{"@type":"SearchAction","target":{"@type":"EntryPoint","urlTemplate":"https:\/\/uk-gb.net\/pl\/?s={search_term_string}"},"query-input":{"@type":"PropertyValueSpecification","valueRequired":true,"valueName":"search_term_string"}}],"inLanguage":"pl-PL"}]}},"_links":{"self":[{"href":"https:\/\/uk-gb.net\/pl\/wp-json\/wp\/v2\/pages\/761","targetHints":{"allow":["GET"]}}],"collection":[{"href":"https:\/\/uk-gb.net\/pl\/wp-json\/wp\/v2\/pages"}],"about":[{"href":"https:\/\/uk-gb.net\/pl\/wp-json\/wp\/v2\/types\/page"}],"author":[{"embeddable":true,"href":"https:\/\/uk-gb.net\/pl\/wp-json\/wp\/v2\/users\/1"}],"replies":[{"embeddable":true,"href":"https:\/\/uk-gb.net\/pl\/wp-json\/wp\/v2\/comments?post=761"}],"version-history":[{"count":0,"href":"https:\/\/uk-gb.net\/pl\/wp-json\/wp\/v2\/pages\/761\/revisions"}],"wp:attachment":[{"href":"https:\/\/uk-gb.net\/pl\/wp-json\/wp\/v2\/media?parent=761"}],"curies":[{"name":"wp","href":"https:\/\/api.w.org\/{rel}","templated":true}]}}