{"id":753,"date":"2023-12-19T16:07:33","date_gmt":"2023-12-19T16:07:33","guid":{"rendered":"https:\/\/uk-gb.net\/aplikacja-iphone-uzyskania-wizy-eta-england\/"},"modified":"2025-11-13T17:22:26","modified_gmt":"2025-11-13T17:22:26","slug":"aplikacja-iphone-uzyskania-wizy-eta-england","status":"publish","type":"page","link":"https:\/\/uk-gb.net\/pl\/aplikacja-iphone-uzyskania-wizy-eta-england\/","title":{"rendered":"Oficjalny wniosek o brytyjski ETA"},"content":{"rendered":"\n<h1 class=\"wp-block-heading\">Aplikacja ETA Wielka Brytania<\/h1>\n\n<p>Wielka Brytania uruchomi\u0142a aplikacj\u0119 mobiln\u0105 przeznaczon\u0105 do zarz\u0105dzania wnioskami o <a href=\"https:\/\/uk-gb.net\/pl\/eta-anglia-wielka-brytania\/\">eTA dla Wielkiej Brytanii<\/a>. Ta cyfrowa aplikacja oferuje praktyczne i wydajne rozwi\u0105zanie dla podr\u00f3\u017cnych z <a href=\"https:\/\/uk-gb.net\/pl\/kraje-ktore-mogaubiegac-eta-wielka-brytania\/\">kraj\u00f3w kwalifikuj\u0105cych si\u0119 do uzyskania eTA do Wielkiej Brytanii<\/a>.<\/p>\n\n<p><strong>Aby uzyska\u0107 zezwolenie na podr\u00f3\u017c w zaledwie kilka minut<\/strong>, wype\u0142nij <a href=\"https:\/\/uk-gb.net\/pl\/wiza-online-eta-anglii\/\">formularz ETA online<\/a>.<\/p>\n\n<h2 class=\"wp-block-heading\">Czym jest aplikacja UK ETA?<\/h2>\n\n<p>Aplikacja zosta\u0142a stworzona przez rz\u0105d Wielkiej Brytanii, aby u\u0142atwi\u0107 ubieganie si\u0119 o ETA na wjazd do Wielkiej Brytanii. Jest skierowana do <g id=\"gid_0\">podr\u00f3\u017cnych, kt\u00f3rzy kwalifikuj\u0105 si\u0119 do zniesienia wiz<\/g> i chc\u0105 pozosta\u0107 w Wielkiej Brytanii przez kr\u00f3tki okres. \u0141atwa w u\u017cyciu i w 100% mobilna aplikacja zosta\u0142a uruchomiona w 2024 roku.  <\/p>\n\n<h2 class=\"wp-block-heading\">Jak dzia\u0142a aplikacja o brytyjski ETA?<\/h2>\n\n<p>Aplikacj\u0119 mo\u017cna pobra\u0107 bezp\u0142atnie ze sklep\u00f3w Android i iOS. Umo\u017cliwia ona z\u0142o\u017cenie wniosku o zezwolenie na podr\u00f3\u017c w zaledwie kilka minut. Podr\u00f3\u017cni musz\u0105 :  <\/p>\n\n<ul class=\"wp-block-list\">\n<li>Podaj swoje dane osobowe i informacje paszportowe.<\/li>\n\n\n\n<li>Odpowiedz na kr\u00f3tki kwestionariusz bezpiecze\u0144stwa<\/li>\n\n\n\n<li>Bezpieczna p\u0142atno\u015b\u0107 op\u0142at ETA<\/li>\n<\/ul>\n\n<div style=\"height:10px\" aria-hidden=\"true\" class=\"wp-block-spacer\"><\/div>\n\n<p>Po zatwierdzeniu wniosku ETA jest zazwyczaj <strong>wydawany w ci\u0105gu trzech dni roboczych<\/strong> i do\u0142\u0105czany elektronicznie do paszportu podr\u00f3\u017cnego. Nie s\u0105 wymagane \u017cadne dokumenty papierowe. <\/p>\n\n<h2 class=\"wp-block-heading\">Jakie s\u0105 zalety aplikacji UK ETA?<\/h2>\n\n<p>Aplikacja UK ETA jest szybka, intuicyjna i ca\u0142kowicie pozbawiona dokument\u00f3w papierowych. Pozwala unikn\u0105\u0107 czasoch\u0142onnych procedur zwi\u0105zanych z uzyskaniem <a href=\"https:\/\/uk-gb.net\/pl\/wiza-turystyczna-anglia-wielka-brytania\/\">brytyjskiej wizy turystycznej<\/a>.   <\/p>\n\n<p>Podr\u00f3\u017cni mog\u0105 \u015bledzi\u0107 status swojego wniosku w czasie rzeczywistym, otrzymywa\u0107 powiadomienia i prowadzi\u0107 cyfrowy rejestr swoich zezwole\u0144 na podr\u00f3\u017c. Znacznie skraca to czas oczekiwania i upraszcza <a href=\"https:\/\/uk-gb.net\/pl\/wiza-zjednoczone-krolestwo\/\">formalno\u015bci zwi\u0105zane z wjazdem do Wielkiej Brytanii<\/a>. <\/p>\n\n<h2 class=\"wp-block-heading\">Czy dost\u0119pna jest obs\u0142uga klienta online?<\/h2>\n\n<p>Aplikacja oferuje wsparcie online, aby pom\u00f3c u\u017cytkownikom na ka\u017cdym etapie procesu. Zintegrowany FAQ odpowiada na najcz\u0119\u015bciej zadawane pytania, a chatbot jest dost\u0119pny, aby zapewni\u0107 natychmiastowe odpowiedzi w czasie rzeczywistym. <\/p>\n\n<p>Funkcje te sprawiaj\u0105, \u017ce aplikacja eTA jest niezb\u0119dnym narz\u0119dziem dla podr\u00f3\u017cnych, upraszczaj\u0105c proces sk\u0142adania wniosk\u00f3w i zapewniaj\u0105c bezpieczne i wydajne do\u015bwiadczenie u\u017cytkownika. Jest to znacznie prostsze ni\u017c <a href=\"https:\/\/uk-gb.net\/pl\/procedura-wize-wielkiej-brytanii\/\">ubieganie si\u0119 o wiz\u0119 brytyjsk\u0105<\/a>. <\/p>\n\n<h2 class=\"wp-block-heading\">Aplikacja UK eTA w sklepie Apple App Store<\/h2>\n\n<p>Jest to oficjalna aplikacja w\u0142adz Wielkiej Brytanii umo\u017cliwiaj\u0105ca podr\u00f3\u017cnym ubieganie si\u0119 o eTA na telefonie kom\u00f3rkowym.<\/p>\n\n<figure class=\"wp-block-image size-full\"><img fetchpriority=\"high\" decoding=\"async\" width=\"486\" height=\"822\" src=\"https:\/\/uk-gb.net\/wp-content\/uploads\/2024\/05\/uk-esta-app.jpg\" alt=\"Aplikacja eTA UK na iPhone'a\" class=\"wp-image-2351\" srcset=\"https:\/\/uk-gb.net\/wp-content\/uploads\/2024\/05\/uk-esta-app.jpg 486w, https:\/\/uk-gb.net\/wp-content\/uploads\/2024\/05\/uk-esta-app-177x300.jpg 177w\" sizes=\"(max-width: 486px) 100vw, 486px\" \/><figcaption class=\"wp-element-caption\">Obraz aplikacji na iPhone&#8217;a w App Store do ubiegania si\u0119 o eTA UK<\/figcaption><\/figure>\n\n<p><\/p>\n","protected":false},"excerpt":{"rendered":"<p>Aplikacja ETA Wielka Brytania Wielka Brytania uruchomi\u0142a aplikacj\u0119 mobiln\u0105 przeznaczon\u0105 do zarz\u0105dzania wnioskami o eTA dla Wielkiej Brytanii. Ta cyfrowa aplikacja oferuje praktyczne i wydajne rozwi\u0105zanie dla podr\u00f3\u017cnych z kraj\u00f3w kwalifikuj\u0105cych si\u0119 do uzyskania eTA do Wielkiej Brytanii. Aby uzyska\u0107 zezwolenie na podr\u00f3\u017c w zaledwie kilka minut, wype\u0142nij formularz ETA online. Czym jest aplikacja UK [&hellip;]<\/p>\n","protected":false},"author":1,"featured_media":0,"parent":0,"menu_order":0,"comment_status":"closed","ping_status":"closed","template":"","meta":{"footnotes":""},"class_list":["post-753","page","type-page","status-publish","hentry"],"yoast_head":"<!-- This site is optimized with the Yoast SEO plugin v27.3 - https:\/\/yoast.com\/product\/yoast-seo-wordpress\/ -->\n<title>Oficjalny wniosek o brytyjski ETA - UK GB<\/title>\n<meta name=\"description\" content=\"Odkryj aplikacj\u0119 na iPhone&#039;a, kt\u00f3ra pozwala zarz\u0105dza\u0107 wnioskiem o eTA na podr\u00f3\u017c do Wielkiej Brytanii\" \/>\n<meta name=\"robots\" content=\"index, follow, max-snippet:-1, max-image-preview:large, max-video-preview:-1\" \/>\n<link rel=\"canonical\" href=\"https:\/\/uk-gb.net\/pl\/aplikacja-iphone-uzyskania-wizy-eta-england\/\" \/>\n<meta property=\"og:locale\" content=\"pl_PL\" \/>\n<meta property=\"og:type\" content=\"article\" \/>\n<meta property=\"og:title\" content=\"Oficjalny wniosek o brytyjski ETA - UK GB\" \/>\n<meta property=\"og:description\" content=\"Odkryj aplikacj\u0119 na iPhone&#039;a, kt\u00f3ra pozwala zarz\u0105dza\u0107 wnioskiem o eTA na podr\u00f3\u017c do Wielkiej Brytanii\" \/>\n<meta property=\"og:url\" content=\"https:\/\/uk-gb.net\/pl\/aplikacja-iphone-uzyskania-wizy-eta-england\/\" \/>\n<meta property=\"og:site_name\" content=\"UK GB\" \/>\n<meta property=\"article:modified_time\" content=\"2025-11-13T17:22:26+00:00\" \/>\n<meta property=\"og:image\" content=\"https:\/\/uk-gb.net\/wp-content\/uploads\/2024\/05\/uk-esta-app.jpg\" \/>\n\t<meta property=\"og:image:width\" content=\"486\" \/>\n\t<meta property=\"og:image:height\" content=\"822\" \/>\n\t<meta property=\"og:image:type\" content=\"image\/jpeg\" \/>\n<meta name=\"twitter:card\" content=\"summary_large_image\" \/>\n<meta name=\"twitter:label1\" content=\"Szacowany czas czytania\" \/>\n\t<meta name=\"twitter:data1\" content=\"2 minuty\" \/>\n<script type=\"application\/ld+json\" class=\"yoast-schema-graph\">{\"@context\":\"https:\\\/\\\/schema.org\",\"@graph\":[{\"@type\":\"WebPage\",\"@id\":\"https:\\\/\\\/uk-gb.net\\\/pl\\\/aplikacja-iphone-uzyskania-wizy-eta-england\\\/\",\"url\":\"https:\\\/\\\/uk-gb.net\\\/pl\\\/aplikacja-iphone-uzyskania-wizy-eta-england\\\/\",\"name\":\"Oficjalny wniosek o brytyjski ETA - UK GB\",\"isPartOf\":{\"@id\":\"https:\\\/\\\/uk-gb.net\\\/pl\\\/#website\"},\"primaryImageOfPage\":{\"@id\":\"https:\\\/\\\/uk-gb.net\\\/pl\\\/aplikacja-iphone-uzyskania-wizy-eta-england\\\/#primaryimage\"},\"image\":{\"@id\":\"https:\\\/\\\/uk-gb.net\\\/pl\\\/aplikacja-iphone-uzyskania-wizy-eta-england\\\/#primaryimage\"},\"thumbnailUrl\":\"https:\\\/\\\/uk-gb.net\\\/wp-content\\\/uploads\\\/2024\\\/05\\\/uk-esta-app.jpg\",\"datePublished\":\"2023-12-19T16:07:33+00:00\",\"dateModified\":\"2025-11-13T17:22:26+00:00\",\"description\":\"Odkryj aplikacj\u0119 na iPhone'a, kt\u00f3ra pozwala zarz\u0105dza\u0107 wnioskiem o eTA na podr\u00f3\u017c do Wielkiej Brytanii\",\"inLanguage\":\"pl-PL\",\"potentialAction\":[{\"@type\":\"ReadAction\",\"target\":[\"https:\\\/\\\/uk-gb.net\\\/pl\\\/aplikacja-iphone-uzyskania-wizy-eta-england\\\/\"]}]},{\"@type\":\"ImageObject\",\"inLanguage\":\"pl-PL\",\"@id\":\"https:\\\/\\\/uk-gb.net\\\/pl\\\/aplikacja-iphone-uzyskania-wizy-eta-england\\\/#primaryimage\",\"url\":\"https:\\\/\\\/uk-gb.net\\\/wp-content\\\/uploads\\\/2024\\\/05\\\/uk-esta-app.jpg\",\"contentUrl\":\"https:\\\/\\\/uk-gb.net\\\/wp-content\\\/uploads\\\/2024\\\/05\\\/uk-esta-app.jpg\"},{\"@type\":\"WebSite\",\"@id\":\"https:\\\/\\\/uk-gb.net\\\/pl\\\/#website\",\"url\":\"https:\\\/\\\/uk-gb.net\\\/pl\\\/\",\"name\":\"UK GB\",\"description\":\"Travel to the UK\",\"potentialAction\":[{\"@type\":\"SearchAction\",\"target\":{\"@type\":\"EntryPoint\",\"urlTemplate\":\"https:\\\/\\\/uk-gb.net\\\/pl\\\/?s={search_term_string}\"},\"query-input\":{\"@type\":\"PropertyValueSpecification\",\"valueRequired\":true,\"valueName\":\"search_term_string\"}}],\"inLanguage\":\"pl-PL\"}]}<\/script>\n<!-- \/ Yoast SEO plugin. -->","yoast_head_json":{"title":"Oficjalny wniosek o brytyjski ETA - UK GB","description":"Odkryj aplikacj\u0119 na iPhone'a, kt\u00f3ra pozwala zarz\u0105dza\u0107 wnioskiem o eTA na podr\u00f3\u017c do Wielkiej Brytanii","robots":{"index":"index","follow":"follow","max-snippet":"max-snippet:-1","max-image-preview":"max-image-preview:large","max-video-preview":"max-video-preview:-1"},"canonical":"https:\/\/uk-gb.net\/pl\/aplikacja-iphone-uzyskania-wizy-eta-england\/","og_locale":"pl_PL","og_type":"article","og_title":"Oficjalny wniosek o brytyjski ETA - UK GB","og_description":"Odkryj aplikacj\u0119 na iPhone'a, kt\u00f3ra pozwala zarz\u0105dza\u0107 wnioskiem o eTA na podr\u00f3\u017c do Wielkiej Brytanii","og_url":"https:\/\/uk-gb.net\/pl\/aplikacja-iphone-uzyskania-wizy-eta-england\/","og_site_name":"UK GB","article_modified_time":"2025-11-13T17:22:26+00:00","og_image":[{"width":486,"height":822,"url":"https:\/\/uk-gb.net\/wp-content\/uploads\/2024\/05\/uk-esta-app.jpg","type":"image\/jpeg"}],"twitter_card":"summary_large_image","twitter_misc":{"Szacowany czas czytania":"2 minuty"},"schema":{"@context":"https:\/\/schema.org","@graph":[{"@type":"WebPage","@id":"https:\/\/uk-gb.net\/pl\/aplikacja-iphone-uzyskania-wizy-eta-england\/","url":"https:\/\/uk-gb.net\/pl\/aplikacja-iphone-uzyskania-wizy-eta-england\/","name":"Oficjalny wniosek o brytyjski ETA - UK GB","isPartOf":{"@id":"https:\/\/uk-gb.net\/pl\/#website"},"primaryImageOfPage":{"@id":"https:\/\/uk-gb.net\/pl\/aplikacja-iphone-uzyskania-wizy-eta-england\/#primaryimage"},"image":{"@id":"https:\/\/uk-gb.net\/pl\/aplikacja-iphone-uzyskania-wizy-eta-england\/#primaryimage"},"thumbnailUrl":"https:\/\/uk-gb.net\/wp-content\/uploads\/2024\/05\/uk-esta-app.jpg","datePublished":"2023-12-19T16:07:33+00:00","dateModified":"2025-11-13T17:22:26+00:00","description":"Odkryj aplikacj\u0119 na iPhone'a, kt\u00f3ra pozwala zarz\u0105dza\u0107 wnioskiem o eTA na podr\u00f3\u017c do Wielkiej Brytanii","inLanguage":"pl-PL","potentialAction":[{"@type":"ReadAction","target":["https:\/\/uk-gb.net\/pl\/aplikacja-iphone-uzyskania-wizy-eta-england\/"]}]},{"@type":"ImageObject","inLanguage":"pl-PL","@id":"https:\/\/uk-gb.net\/pl\/aplikacja-iphone-uzyskania-wizy-eta-england\/#primaryimage","url":"https:\/\/uk-gb.net\/wp-content\/uploads\/2024\/05\/uk-esta-app.jpg","contentUrl":"https:\/\/uk-gb.net\/wp-content\/uploads\/2024\/05\/uk-esta-app.jpg"},{"@type":"WebSite","@id":"https:\/\/uk-gb.net\/pl\/#website","url":"https:\/\/uk-gb.net\/pl\/","name":"UK GB","description":"Travel to the UK","potentialAction":[{"@type":"SearchAction","target":{"@type":"EntryPoint","urlTemplate":"https:\/\/uk-gb.net\/pl\/?s={search_term_string}"},"query-input":{"@type":"PropertyValueSpecification","valueRequired":true,"valueName":"search_term_string"}}],"inLanguage":"pl-PL"}]}},"_links":{"self":[{"href":"https:\/\/uk-gb.net\/pl\/wp-json\/wp\/v2\/pages\/753","targetHints":{"allow":["GET"]}}],"collection":[{"href":"https:\/\/uk-gb.net\/pl\/wp-json\/wp\/v2\/pages"}],"about":[{"href":"https:\/\/uk-gb.net\/pl\/wp-json\/wp\/v2\/types\/page"}],"author":[{"embeddable":true,"href":"https:\/\/uk-gb.net\/pl\/wp-json\/wp\/v2\/users\/1"}],"replies":[{"embeddable":true,"href":"https:\/\/uk-gb.net\/pl\/wp-json\/wp\/v2\/comments?post=753"}],"version-history":[{"count":0,"href":"https:\/\/uk-gb.net\/pl\/wp-json\/wp\/v2\/pages\/753\/revisions"}],"wp:attachment":[{"href":"https:\/\/uk-gb.net\/pl\/wp-json\/wp\/v2\/media?parent=753"}],"curies":[{"name":"wp","href":"https:\/\/api.w.org\/{rel}","templated":true}]}}