{"id":543,"date":"2023-11-21T14:15:17","date_gmt":"2023-11-21T14:15:17","guid":{"rendered":"https:\/\/uk-gb.net\/eta-anglia-wielka-brytania\/"},"modified":"2026-04-02T11:54:31","modified_gmt":"2026-04-02T10:54:31","slug":"eta-anglia-wielka-brytania","status":"publish","type":"page","link":"https:\/\/uk-gb.net\/pl\/eta-anglia-wielka-brytania\/","title":{"rendered":"ETA Anglia dla podr\u00f3\u017cy do Wielkiej Brytanii"},"content":{"rendered":"\n<h1 class=\"wp-block-heading\">ETA Brytyjskie elektroniczne zezwolenie na podr\u00f3\u017c<\/h1>\n\n<p>Elektroniczne zezwolenie na podr\u00f3\u017c (ETA) to system wprowadzony przez Wielk\u0105 Brytani\u0119 w celu umo\u017cliwienia niekt\u00f3rym cudzoziemcom pobytu w kraju bez konieczno\u015bci posiadania tradycyjnej wizy. Przeznaczony na kr\u00f3tkie pobyty, ETA jest skierowany do podr\u00f3\u017cnych z kraj\u00f3w korzystaj\u0105cych ze zwolnienia z obowi\u0105zku wizowego. <\/p>\n\n<p><strong>Aby uzyska\u0107 zezwolenie na podr\u00f3\u017c w zaledwie kilka minut<\/strong>, wype\u0142nij <a href=\"https:\/\/uk-gb.net\/pl\/wiza-online-eta-anglii\/\">formularz ETA online<\/a>.<\/p>\n\n<div style=\"height:10px\" aria-hidden=\"true\" class=\"wp-block-spacer\"><\/div>\n\n<h2 class=\"wp-block-heading\">Co ETA oznacza dla Wielkiej Brytanii?<\/h2>\n\n<p>ETA to cyfrowe zezwolenie, kt\u00f3re jest obowi\u0105zkowe dla obywateli niekt\u00f3rych kraj\u00f3w, kt\u00f3rzy chc\u0105 odwiedzi\u0107 Wielk\u0105 Brytani\u0119 w celach turystycznych, biznesowych lub w ramach mi\u0119dzyl\u0105dowania. Zezwolenie to, wa\u017cne na kr\u00f3tkie pobyty, cz\u0119\u015bciowo zast\u0119puje tradycyjne procedury wizowe. Wniosek sk\u0142ada si\u0119 online za po\u015brednictwem bezpiecznego portalu i zapewnia szybk\u0105 odpowied\u017a, upraszczaj\u0105c formalno\u015bci zwi\u0105zane z wjazdem do Wielkiej Brytanii.  <\/p>\n\n<h2 class=\"wp-block-heading\">Kto mo\u017ce uzyska\u0107 ETA dla Wielkiej Brytanii?<\/h2>\n\n<p>ETA jest skierowana do obywateli kraj\u00f3w, kt\u00f3re s\u0105 zwolnione z obowi\u0105zku wizowego przy wje\u017adzie do Wielkiej Brytanii. <a href=\"https:\/\/uk-gb.net\/pl\/kraje-ktore-mogaubiegac-eta-wielka-brytania\/\">Lista kwalifikuj\u0105cych si\u0119 kraj\u00f3w<\/a> jest regularnie aktualizowana przez w\u0142adze Wielkiej Brytanii. Dlatego przed zaplanowaniem pobytu nale\u017cy sprawdzi\u0107, czy posiadane obywatelstwo pozwala na ubieganie si\u0119 o ETA.  <\/p>\n\n<p>Ka\u017cdy pasa\u017cer musi z\u0142o\u017cy\u0107 wniosek indywidualnie, w tym osoby niepe\u0142noletnie i niemowl\u0119ta. \u017baden pasa\u017cer nie mo\u017ce wej\u015b\u0107 na pok\u0142ad bez uprzedniej zgody. <\/p>\n\n<h2 class=\"wp-block-heading\">Jak ubiega\u0107 si\u0119 o brytyjski ETA?<\/h2>\n\n<p>Wniosek o ETA mo\u017cna z\u0142o\u017cy\u0107 online za po\u015brednictwem <a href=\"https:\/\/www.gov.uk\/guidance\/apply-for-an-electronic-travel-authorisation-eta\">oficjalnej strony internetowej rz\u0105du Wielkiej Brytanii<\/a>. Formularz musi by\u0107 starannie wype\u0142niony i zawiera\u0107 nast\u0119puj\u0105ce informacje: <\/p>\n\n<ul class=\"wp-block-list\">\n<li>Dane osobowe (imi\u0119 i nazwisko, data urodzenia itp.)<\/li>\n\n\n\n<li>Szczeg\u00f3\u0142y paszportu u\u017cytego do podr\u00f3\u017cy<\/li>\n\n\n\n<li>Informacje o pobycie (cel, czas trwania itp.)<\/li>\n<\/ul>\n\n<p>Po przes\u0142aniu <a href=\"https:\/\/uk-gb.net\/pl\/wiza-online-eta-anglii\/\">formularza<\/a> online wymagane jest uiszczenie op\u0142aty w celu zatwierdzenia wniosku.<\/p>\n\n<h2 class=\"wp-block-heading\">Pobra\u0107 aplikacj\u0119 ETA na iPhone&#8217;a?<\/h2>\n\n<p>Aby u\u0142atwi\u0107 ten proces, rz\u0105d Wielkiej Brytanii uruchomi\u0142 <a href=\"https:\/\/uk-gb.net\/pl\/aplikacja-iphone-uzyskania-wizy-eta-england\/\">specjaln\u0105 aplikacj\u0119 mobiln\u0105 ETA<\/a>, dost\u0119pn\u0105 w<strong>App Store (iOS)<\/strong> w krajach kwalifikuj\u0105cych si\u0119 do programu bezwizowego.  <\/p>\n\n<p>Aplikacja umo\u017cliwia wype\u0142nienie, przes\u0142anie i \u015bledzenie wniosku bezpo\u015brednio z telefonu, przy zachowaniu pe\u0142nego bezpiecze\u0144stwa. Wystarczy wyszuka\u0107 &#8222;UK ETA&#8221; w App Store i zainstalowa\u0107 j\u0105 bezp\u0142atnie, aby rozpocz\u0105\u0107 procedur\u0119 z iPhone&#8217;a. <\/p>\n\n<h2 class=\"wp-block-heading\">Kiedy nale\u017cy z\u0142o\u017cy\u0107 wniosek online?<\/h2>\n\n<p>Niezb\u0119dne jest z\u0142o\u017cenie wniosku o ETA <strong>przed wyjazdem<\/strong> do Wielkiej Brytanii. Chocia\u017c wi\u0119kszo\u015b\u0107 wniosk\u00f3w jest rozpatrywana w ci\u0105gu kilku godzin, w\u0142adze zalecaj\u0105 z\u0142o\u017cenie wniosku <strong>co najmniej 3 dni przed podr\u00f3\u017c\u0105<\/strong>. Ma to na celu uwzgl\u0119dnienie ewentualnych op\u00f3\u017anie\u0144 w przetwarzaniu.  <\/p>\n\n<p>Teoretycznie mo\u017cliwe jest podr\u00f3\u017cowanie w trakcie sk\u0142adania wniosku, pod warunkiem, \u017ce zosta\u0142 on prawid\u0142owo z\u0142o\u017cony przed wej\u015bciem na pok\u0142ad. Istnieje jednak ryzyko op\u00f3\u017anienia lub odmowy wydania zezwolenia. <\/p>\n\n<h2 class=\"wp-block-heading\">Ile kosztuje brytyjski ETA?<\/h2>\n\n<p>Koszt ETA do Wielkiej Brytanii jest sta\u0142y, niezale\u017cnie od wieku podr\u00f3\u017cnego. Op\u0142ata pokrywa koszty administracyjne i musi zosta\u0107 uiszczona bezpo\u015brednio na oficjalnej stronie internetowej w momencie sk\u0142adania wniosku. <\/p>\n\n<p>Cena, kt\u00f3r\u0105 p\u0142acisz, zmienia si\u0119 regularnie, wi\u0119c sprawd\u017a najnowsz\u0105 <a href=\"https:\/\/uk-gb.net\/pl\/cena-eta-wielkiej-brytanii\/\">cen\u0119 ETA UK.<\/a><\/p>\n\n<p>Op\u0142ata ta jest znacznie ni\u017csza ni\u017c w przypadku <a href=\"https:\/\/uk-gb.net\/pl\/cena-wizy-do-anglii\/\">wizy brytyjskiej<\/a>, dzi\u0119ki czemu ETA jest bardziej dost\u0119pna w przypadku kr\u00f3tkoterminowych pobyt\u00f3w turystycznych lub biznesowych.<\/p>\n\n<h2 class=\"wp-block-heading\">Jak d\u0142ugo trwa uzyskanie ETA?<\/h2>\n\n<p>Aplikacje ETA s\u0105 zazwyczaj szybko przetwarzane. W wi\u0119kszo\u015bci przypadk\u00f3w odpowied\u017a jest wysy\u0142ana w ci\u0105gu kilku godzin od przes\u0142ania <a href=\"https:\/\/uk-gb.net\/pl\/wiza-online-eta-anglii\/\">formularza ETA online<\/a>. Niekt\u00f3re wnioski mog\u0105 jednak wymaga\u0107 dalszej analizy. Dlatego zaleca si\u0119 z\u0142o\u017cenie wniosku <strong>co najmniej 72 godziny przed wyjazdem<\/strong>, aby ograniczy\u0107 ryzyko op\u00f3\u017anie\u0144 lub odmowy w ostatniej chwili.   <\/p>\n\n<h2 class=\"wp-block-heading\">Co powinienem zrobi\u0107, je\u015bli m\u00f3j ETA zostanie odrzucony?<\/h2>\n\n<p>Je\u015bli wniosek o ETA zostanie odrzucony, mo\u017ce to by\u0107 spowodowane b\u0142\u0119dem w dostarczonych informacjach. W takim przypadku mo\u017cna z\u0142o\u017cy\u0107 <strong>nowy, poprawiony wniosek<\/strong>. <\/p>\n\n<p>Je\u015bli jednak <strong>nie<\/strong> kwalifikujesz si\u0119 do programu ETA, b\u0119dziesz musia\u0142 ubiega\u0107 si\u0119 o <a href=\"https:\/\/uk-gb.net\/pl\/wiza-turystyczna-anglia-wielka-brytania\/\">wiz\u0119 brytyjsk\u0105<\/a>. Jest to d\u0142u\u017cszy proces i obejmuje <a href=\"https:\/\/uk-gb.net\/pl\/ambasada-ds-wiz-w-anglii\/\">obowi\u0105zkow\u0105 rozmow\u0119 konsularn\u0105<\/a> w najbli\u017cszej ambasadzie brytyjskiej lub centrum sk\u0142adania wniosk\u00f3w wizowych. <\/p>\n","protected":false},"excerpt":{"rendered":"<p>ETA Brytyjskie elektroniczne zezwolenie na podr\u00f3\u017c Elektroniczne zezwolenie na podr\u00f3\u017c (ETA) to system wprowadzony przez Wielk\u0105 Brytani\u0119 w celu umo\u017cliwienia niekt\u00f3rym cudzoziemcom pobytu w kraju bez konieczno\u015bci posiadania tradycyjnej wizy. Przeznaczony na kr\u00f3tkie pobyty, ETA jest skierowany do podr\u00f3\u017cnych z kraj\u00f3w korzystaj\u0105cych ze zwolnienia z obowi\u0105zku wizowego. Aby uzyska\u0107 zezwolenie na podr\u00f3\u017c w zaledwie kilka [&hellip;]<\/p>\n","protected":false},"author":1,"featured_media":0,"parent":0,"menu_order":0,"comment_status":"closed","ping_status":"closed","template":"","meta":{"footnotes":""},"class_list":["post-543","page","type-page","status-publish","hentry"],"yoast_head":"<!-- This site is optimized with the Yoast SEO plugin v27.3 - https:\/\/yoast.com\/product\/yoast-seo-wordpress\/ -->\n<title>ETA Anglia dla podr\u00f3\u017cy do Wielkiej Brytanii<\/title>\n<meta name=\"description\" content=\"Z\u0142\u00f3\u017c wniosek o ETA online, aby szybko uzyska\u0107 zezwolenie na podr\u00f3\u017c do Wielkiej Brytanii\" \/>\n<meta name=\"robots\" content=\"index, follow, max-snippet:-1, max-image-preview:large, max-video-preview:-1\" \/>\n<link rel=\"canonical\" href=\"https:\/\/uk-gb.net\/pl\/eta-anglia-wielka-brytania\/\" \/>\n<meta property=\"og:locale\" content=\"pl_PL\" \/>\n<meta property=\"og:type\" content=\"article\" \/>\n<meta property=\"og:title\" content=\"ETA Anglia dla podr\u00f3\u017cy do Wielkiej Brytanii\" \/>\n<meta property=\"og:description\" content=\"Z\u0142\u00f3\u017c wniosek o ETA online, aby szybko uzyska\u0107 zezwolenie na podr\u00f3\u017c do Wielkiej Brytanii\" \/>\n<meta property=\"og:url\" content=\"https:\/\/uk-gb.net\/pl\/eta-anglia-wielka-brytania\/\" \/>\n<meta property=\"og:site_name\" content=\"UK GB\" \/>\n<meta property=\"article:modified_time\" content=\"2026-04-02T10:54:31+00:00\" \/>\n<meta name=\"twitter:card\" content=\"summary_large_image\" \/>\n<meta name=\"twitter:label1\" content=\"Szacowany czas czytania\" \/>\n\t<meta name=\"twitter:data1\" content=\"3 minuty\" \/>\n<script type=\"application\/ld+json\" class=\"yoast-schema-graph\">{\"@context\":\"https:\\\/\\\/schema.org\",\"@graph\":[{\"@type\":\"WebPage\",\"@id\":\"https:\\\/\\\/uk-gb.net\\\/pl\\\/eta-anglia-wielka-brytania\\\/\",\"url\":\"https:\\\/\\\/uk-gb.net\\\/pl\\\/eta-anglia-wielka-brytania\\\/\",\"name\":\"ETA Anglia dla podr\u00f3\u017cy do Wielkiej Brytanii\",\"isPartOf\":{\"@id\":\"https:\\\/\\\/uk-gb.net\\\/pl\\\/#website\"},\"datePublished\":\"2023-11-21T14:15:17+00:00\",\"dateModified\":\"2026-04-02T10:54:31+00:00\",\"description\":\"Z\u0142\u00f3\u017c wniosek o ETA online, aby szybko uzyska\u0107 zezwolenie na podr\u00f3\u017c do Wielkiej Brytanii\",\"inLanguage\":\"pl-PL\",\"potentialAction\":[{\"@type\":\"ReadAction\",\"target\":[\"https:\\\/\\\/uk-gb.net\\\/pl\\\/eta-anglia-wielka-brytania\\\/\"]}]},{\"@type\":\"WebSite\",\"@id\":\"https:\\\/\\\/uk-gb.net\\\/pl\\\/#website\",\"url\":\"https:\\\/\\\/uk-gb.net\\\/pl\\\/\",\"name\":\"UK GB\",\"description\":\"Travel to the UK\",\"potentialAction\":[{\"@type\":\"SearchAction\",\"target\":{\"@type\":\"EntryPoint\",\"urlTemplate\":\"https:\\\/\\\/uk-gb.net\\\/pl\\\/?s={search_term_string}\"},\"query-input\":{\"@type\":\"PropertyValueSpecification\",\"valueRequired\":true,\"valueName\":\"search_term_string\"}}],\"inLanguage\":\"pl-PL\"}]}<\/script>\n<!-- \/ Yoast SEO plugin. -->","yoast_head_json":{"title":"ETA Anglia dla podr\u00f3\u017cy do Wielkiej Brytanii","description":"Z\u0142\u00f3\u017c wniosek o ETA online, aby szybko uzyska\u0107 zezwolenie na podr\u00f3\u017c do Wielkiej Brytanii","robots":{"index":"index","follow":"follow","max-snippet":"max-snippet:-1","max-image-preview":"max-image-preview:large","max-video-preview":"max-video-preview:-1"},"canonical":"https:\/\/uk-gb.net\/pl\/eta-anglia-wielka-brytania\/","og_locale":"pl_PL","og_type":"article","og_title":"ETA Anglia dla podr\u00f3\u017cy do Wielkiej Brytanii","og_description":"Z\u0142\u00f3\u017c wniosek o ETA online, aby szybko uzyska\u0107 zezwolenie na podr\u00f3\u017c do Wielkiej Brytanii","og_url":"https:\/\/uk-gb.net\/pl\/eta-anglia-wielka-brytania\/","og_site_name":"UK GB","article_modified_time":"2026-04-02T10:54:31+00:00","twitter_card":"summary_large_image","twitter_misc":{"Szacowany czas czytania":"3 minuty"},"schema":{"@context":"https:\/\/schema.org","@graph":[{"@type":"WebPage","@id":"https:\/\/uk-gb.net\/pl\/eta-anglia-wielka-brytania\/","url":"https:\/\/uk-gb.net\/pl\/eta-anglia-wielka-brytania\/","name":"ETA Anglia dla podr\u00f3\u017cy do Wielkiej Brytanii","isPartOf":{"@id":"https:\/\/uk-gb.net\/pl\/#website"},"datePublished":"2023-11-21T14:15:17+00:00","dateModified":"2026-04-02T10:54:31+00:00","description":"Z\u0142\u00f3\u017c wniosek o ETA online, aby szybko uzyska\u0107 zezwolenie na podr\u00f3\u017c do Wielkiej Brytanii","inLanguage":"pl-PL","potentialAction":[{"@type":"ReadAction","target":["https:\/\/uk-gb.net\/pl\/eta-anglia-wielka-brytania\/"]}]},{"@type":"WebSite","@id":"https:\/\/uk-gb.net\/pl\/#website","url":"https:\/\/uk-gb.net\/pl\/","name":"UK GB","description":"Travel to the UK","potentialAction":[{"@type":"SearchAction","target":{"@type":"EntryPoint","urlTemplate":"https:\/\/uk-gb.net\/pl\/?s={search_term_string}"},"query-input":{"@type":"PropertyValueSpecification","valueRequired":true,"valueName":"search_term_string"}}],"inLanguage":"pl-PL"}]}},"_links":{"self":[{"href":"https:\/\/uk-gb.net\/pl\/wp-json\/wp\/v2\/pages\/543","targetHints":{"allow":["GET"]}}],"collection":[{"href":"https:\/\/uk-gb.net\/pl\/wp-json\/wp\/v2\/pages"}],"about":[{"href":"https:\/\/uk-gb.net\/pl\/wp-json\/wp\/v2\/types\/page"}],"author":[{"embeddable":true,"href":"https:\/\/uk-gb.net\/pl\/wp-json\/wp\/v2\/users\/1"}],"replies":[{"embeddable":true,"href":"https:\/\/uk-gb.net\/pl\/wp-json\/wp\/v2\/comments?post=543"}],"version-history":[{"count":0,"href":"https:\/\/uk-gb.net\/pl\/wp-json\/wp\/v2\/pages\/543\/revisions"}],"wp:attachment":[{"href":"https:\/\/uk-gb.net\/pl\/wp-json\/wp\/v2\/media?parent=543"}],"curies":[{"name":"wp","href":"https:\/\/api.w.org\/{rel}","templated":true}]}}