{"id":528,"date":"2023-11-21T12:31:09","date_gmt":"2023-11-21T12:31:09","guid":{"rendered":"https:\/\/uk-gb.net\/wiza-turystyczna-anglia-wielka-brytania\/"},"modified":"2025-08-27T10:40:17","modified_gmt":"2025-08-27T09:40:17","slug":"wiza-turystyczna-anglia-wielka-brytania","status":"publish","type":"page","link":"https:\/\/uk-gb.net\/pl\/wiza-turystyczna-anglia-wielka-brytania\/","title":{"rendered":"Wiza turystyczna do Wielkiej Brytanii"},"content":{"rendered":"\n<h1 class=\"wp-block-heading\">Wiza turystyczna na podr\u00f3\u017c do Anglii<\/h1>\n\n<p>Je\u015bli chcesz odwiedzi\u0107 <a href=\"https:\/\/uk-gb.net\/pl\/londyn\/\">Londyn<\/a>, <a href=\"https:\/\/uk-gb.net\/pl\/manchester\/\">Manchester<\/a>, <a href=\"https:\/\/uk-gb.net\/pl\/glasgow\/\">Glasgow<\/a> lub zwiedzi\u0107 wiejskie tereny Walii, mo\u017cesz potrzebowa\u0107 <strong>wizy turystycznej do Wielkiej Brytanii<\/strong>. Wiza ta pozwala podr\u00f3\u017cnym na tymczasowy pobyt w Wielkiej Brytanii w celu sp\u0119dzenia wakacji, odwiedzenia krewnych lub wizyt kulturalnych lub medycznych. <\/p>\n\n<p><strong>W przypadku pobytu turystycznego kr\u00f3tszego ni\u017c 6 miesi\u0119cy<\/strong>: uzyskanie brytyjskiej wizy turystycznej nie jest konieczne. Wystarczy z\u0142o\u017cy\u0107 wniosek o elektroniczne zezwolenie na podr\u00f3\u017c (ETA), wype\u0142niaj\u0105c <a href=\"https:\/\/uk-gb.net\/pl\/wiza-online-eta-anglii\/\">formularz ETA online<\/a>.<\/p>\n\n<div style=\"height:10px\" aria-hidden=\"true\" class=\"wp-block-spacer\"><\/div>\n\n<h2 class=\"wp-block-heading\">Czym jest wiza turystyczna do Wielkiej Brytanii?<\/h2>\n\n<p>Wiza turystyczna, oficjalnie znana jako <strong>Standard Visitor Visa<\/strong>, jest przeznaczona dla os\u00f3b, kt\u00f3re chc\u0105 wjecha\u0107 do Wielkiej Brytanii w celu :<\/p>\n\n<ul class=\"wp-block-list\">\n<li><strong>wakacje<\/strong> lub <strong>turystyka<\/strong><\/li>\n\n\n\n<li><strong>odwiedzi\u0107 krewnych lub przyjaci\u00f3\u0142<\/strong><\/li>\n\n\n\n<li>udzia\u0142 w <strong>wydarzeniu kulturalnym, muzycznym lub sportowym<\/strong><\/li>\n\n\n\n<li>otrzyma\u0107 <strong>pomoc medyczn\u0105<\/strong> w nag\u0142ych wypadkach<\/li>\n\n\n\n<li>przej\u015b\u0107 <strong>kr\u00f3tki<\/strong> kurs (maksymalnie 30 dni)<\/li>\n<\/ul>\n\n<div style=\"height:10px\" aria-hidden=\"true\" class=\"wp-block-spacer\"><\/div>\n\n<p>Wiza ta nie uprawnia do <strong>pracy<\/strong>, d\u0142ugoterminowych studi\u00f3w ani sta\u0142ego pobytu w Wielkiej Brytanii.<\/p>\n\n<h2 class=\"wp-block-heading\">Czy potrzebujesz wizy turystycznej?<\/h2>\n\n<p>To, czy potrzebujesz wizy turystycznej do Wielkiej Brytanii, zale\u017cy od <strong>Twojego obywatelstwa<\/strong>:<\/p>\n\n<p><strong>Nie potrzebujesz wizy turystycznej<\/strong>: Je\u015bli jeste\u015b obywatelem <a href=\"https:\/\/uk-gb.net\/pl\/kraje-ktore-mogaubiegac-eta-wielka-brytania\/\">kraju kwalifikuj\u0105cego si\u0119 do elektronicznego zezwolenia na podr\u00f3\u017c ETA<\/a>, na przyk\u0142ad: Kanada, USA, Japonia, Australia i kraje UE.<\/p>\n\n<p>Potrzebujesz <strong>wizy turystycznej<\/strong>, je\u015bli :<\/p>\n\n<ul class=\"wp-block-list\">\n<li>jeste\u015b obywatelem kraju wymagaj\u0105cego wizy (np. Indie, Maroko, Algieria, Tunezja, Chiny, Pakistan itp.)<\/li>\n\n\n\n<li>Nie spe\u0142niasz warunk\u00f3w zwolnienia<\/li>\n\n\n\n<li>Nie mo\u017cesz ubiega\u0107 si\u0119 o ETA lub otrzyma\u0142e\u015b ju\u017c decyzj\u0119 odmown\u0105.<\/li>\n<\/ul>\n\n<blockquote class=\"wp-block-quote is-layout-flow wp-block-quote-is-layout-flow\">\n<p>Aby sprawdzi\u0107, czy potrzebujesz wizy lub ETA, odwied\u017a oficjaln\u0105 stron\u0119 <a href=\"https:\/\/www.gov.uk\/check-uk-visa\">gov.uk\/check-uk-visa<\/a><\/p>\n<\/blockquote>\n\n<h2 class=\"wp-block-heading\">Jak ubiega\u0107 si\u0119 o wiz\u0119 brytyjsk\u0105?<\/h2>\n\n<p><a href=\"https:\/\/uk-gb.net\/pl\/procedura-wize-wielkiej-brytanii\/\">Proces ubiegania si\u0119 o wiz\u0119<\/a> odbywa si\u0119 online na stronie UK Border Agency. Oto kroki zwi\u0105zane z ubieganiem si\u0119 o wiz\u0119 brytyjsk\u0105 online:<\/p>\n\n<ol class=\"wp-block-list\">\n<li>Odwied\u017a oficjaln\u0105 stron\u0119 <a href=\"http:\/\/www.gov.uk\">www.gov.uk<\/a><\/li>\n\n\n\n<li>Wybierz rodzaj wizy<\/li>\n\n\n\n<li>Utw\u00f3rz konto i wype\u0142nij formularz online<\/li>\n\n\n\n<li>Uiszczenie <a href=\"https:\/\/uk-gb.net\/pl\/cena-wizy-do-anglii\/\">op\u0142aty wizowej<\/a><\/li>\n\n\n\n<li>Um\u00f3w si\u0119 na wizyt\u0119 w zatwierdzonym o\u015brodku w celu podania danych biometrycznych.<\/li>\n\n\n\n<li>Prze\u015blij dokumenty uzupe\u0142niaj\u0105ce i czekaj na decyzj\u0119<\/li>\n<\/ol>\n\n<div style=\"height:10px\" aria-hidden=\"true\" class=\"wp-block-spacer\"><\/div>\n\n<h2 class=\"wp-block-heading\">Ile kosztuje wiza turystyczna do Wielkiej Brytanii?<\/h2>\n\n<p>Op\u0142ata administracyjna za uzyskanie wizy brytyjskiej wynosi :<\/p>\n\n<figure class=\"wp-block-table\"><table><tbody><tr><td><strong>Rodzaj wizy brytyjskiej<\/strong><\/td><td class=\"has-text-align-center\" data-align=\"center\"><strong>Nale\u017cne op\u0142aty<\/strong><\/td><\/tr><tr><td>Wiza standardowa do 6 miesi\u0119cy<\/td><td class=\"has-text-align-center\" data-align=\"center\">\u00a3 115<\/td><\/tr><tr><td>Wiza wielokrotnego wjazdu (2 lata), ale maksymalnie 6 miesi\u0119cy na pobyt<\/td><td class=\"has-text-align-center\" data-align=\"center\">\u00a3 400<\/td><\/tr><tr><td>Wiza wielokrotnego wjazdu (5 lat), ale maksymalnie 6 miesi\u0119cy na pobyt<\/td><td class=\"has-text-align-center\" data-align=\"center\">\u00a3 771<\/td><\/tr><tr><td>Wiza wielokrotnego wjazdu (10 lat), ale maksymalnie 6 miesi\u0119cy na pobyt<\/td><td class=\"has-text-align-center\" data-align=\"center\">\u00a3 963<\/td><\/tr><\/tbody><\/table><figcaption class=\"wp-element-caption\">Op\u0142aty za wizy turystyczne<\/figcaption><\/figure>\n\n<h2 class=\"wp-block-heading\">ETA czy wiza turystyczna: jaka jest r\u00f3\u017cnica?<\/h2>\n\n<figure class=\"wp-block-table\"><table class=\"has-fixed-layout\"><thead><tr><th class=\"has-text-align-center\" data-align=\"center\">Kryteria<\/th><th class=\"has-text-align-center\" data-align=\"center\">ETA<\/th><th class=\"has-text-align-center\" data-align=\"center\">Wiza turystyczna<\/th><\/tr><\/thead><tbody><tr><td class=\"has-text-align-center\" data-align=\"center\">Koszt<\/td><td class=\"has-text-align-center\" data-align=\"center\">16 \u00a3<\/td><td class=\"has-text-align-center\" data-align=\"center\">Od 115<\/td><\/tr><tr><td class=\"has-text-align-center\" data-align=\"center\">Termin<\/td><td class=\"has-text-align-center\" data-align=\"center\">Odpowied\u017a w ci\u0105gu 72 godzin<\/td><td class=\"has-text-align-center\" data-align=\"center\">Oko\u0142o 3 tygodnie<\/td><\/tr><tr><td class=\"has-text-align-center\" data-align=\"center\">Okres wa\u017cno\u015bci<\/td><td class=\"has-text-align-center\" data-align=\"center\">2 lata<\/td><td class=\"has-text-align-center\" data-align=\"center\">Do 10 lat (wielokrotne wej\u015bcie)<\/td><\/tr><tr><td class=\"has-text-align-center\" data-align=\"center\">Procedura<\/td><td class=\"has-text-align-center\" data-align=\"center\">100% online<\/td><td class=\"has-text-align-center\" data-align=\"center\">Online + spotkanie konsularne<\/td><\/tr><tr><td class=\"has-text-align-center\" data-align=\"center\">Zainteresowane narodowo\u015bci<\/td><td class=\"has-text-align-center\" data-align=\"center\">Kraje obj\u0119te ruchem bezwizowym<\/td><td class=\"has-text-align-center\" data-align=\"center\">Kraje obj\u0119te obowi\u0105zkiem wizowym<\/td><\/tr><\/tbody><\/table><\/figure>\n\n<h2 class=\"wp-block-heading\">Jak d\u0142ugo trwa ubieganie si\u0119 o wiz\u0119 brytyjsk\u0105?<\/h2>\n\n<ul class=\"wp-block-list\">\n<li>\u015aredni czas przetwarzania wynosi <strong>3 tygodnie<\/strong> od wizyty biometrycznej.<\/li>\n\n\n\n<li>W niekt\u00f3rych krajach dost\u0119pna jest <strong>us\u0142uga szybkiej \u015bcie\u017cki<\/strong> (Priority Visa) umo\u017cliwiaj\u0105ca uzyskanie odpowiedzi w ci\u0105gu 5 dni lub kr\u00f3cej (za dodatkow\u0105 op\u0142at\u0105).<\/li>\n<\/ul>\n\n<div style=\"height:10px\" aria-hidden=\"true\" class=\"wp-block-spacer\"><\/div>\n\n<h2 class=\"wp-block-heading\">Obraz wizy turystycznej do Wielkiej Brytanii<\/h2>\n\n<p>Wiza turystyczna do Wielkiej Brytanii ma form\u0119 strony paszportowej ze zdj\u0119ciem posiadacza, kt\u00f3ra spe\u0142nia okre\u015blone wymiary. Zdj\u0119cie paszportowe musi by\u0107 starsze ni\u017c 6 miesi\u0119cy w momencie sk\u0142adania wniosku wizowego. <\/p>\n\n<figure class=\"wp-block-image size-full is-resized\" id=\"image-visa-uk-c\"><img fetchpriority=\"high\" decoding=\"async\" width=\"564\" height=\"338\" src=\"https:\/\/uk-gb.net\/wp-content\/uploads\/2024\/03\/UK-visa-C.jpg\" alt=\"Wiza fotograficzna Wielka Brytania\" class=\"wp-image-1890\" style=\"width:800px;height:auto\" title=\"Wizerunek wizy brytyjskiej\" srcset=\"https:\/\/uk-gb.net\/wp-content\/uploads\/2024\/03\/UK-visa-C.jpg 564w, https:\/\/uk-gb.net\/wp-content\/uploads\/2024\/03\/UK-visa-C-300x180.jpg 300w\" sizes=\"(max-width: 564px) 100vw, 564px\" \/><\/figure>\n","protected":false},"excerpt":{"rendered":"<p>Wiza turystyczna na podr\u00f3\u017c do Anglii Je\u015bli chcesz odwiedzi\u0107 Londyn, Manchester, Glasgow lub zwiedzi\u0107 wiejskie tereny Walii, mo\u017cesz potrzebowa\u0107 wizy turystycznej do Wielkiej Brytanii. Wiza ta pozwala podr\u00f3\u017cnym na tymczasowy pobyt w Wielkiej Brytanii w celu sp\u0119dzenia wakacji, odwiedzenia krewnych lub wizyt kulturalnych lub medycznych. W przypadku pobytu turystycznego kr\u00f3tszego ni\u017c 6 miesi\u0119cy: uzyskanie brytyjskiej [&hellip;]<\/p>\n","protected":false},"author":1,"featured_media":0,"parent":0,"menu_order":0,"comment_status":"closed","ping_status":"closed","template":"","meta":{"footnotes":""},"class_list":["post-528","page","type-page","status-publish","hentry"],"yoast_head":"<!-- This site is optimized with the Yoast SEO plugin v27.3 - https:\/\/yoast.com\/product\/yoast-seo-wordpress\/ -->\n<title>Wiza turystyczna do Wielkiej Brytanii<\/title>\n<meta name=\"description\" content=\"Poznaj wszystkie zasady uzyskania wizy turystycznej do Wielkiej Brytanii\" \/>\n<meta name=\"robots\" content=\"index, follow, max-snippet:-1, max-image-preview:large, max-video-preview:-1\" \/>\n<link rel=\"canonical\" href=\"https:\/\/uk-gb.net\/pl\/wiza-turystyczna-anglia-wielka-brytania\/\" \/>\n<meta property=\"og:locale\" content=\"pl_PL\" \/>\n<meta property=\"og:type\" content=\"article\" \/>\n<meta property=\"og:title\" content=\"Wiza turystyczna do Wielkiej Brytanii\" \/>\n<meta property=\"og:description\" content=\"Poznaj wszystkie zasady uzyskania wizy turystycznej do Wielkiej Brytanii\" \/>\n<meta property=\"og:url\" content=\"https:\/\/uk-gb.net\/pl\/wiza-turystyczna-anglia-wielka-brytania\/\" \/>\n<meta property=\"og:site_name\" content=\"UK GB\" \/>\n<meta property=\"article:modified_time\" content=\"2025-08-27T09:40:17+00:00\" \/>\n<meta property=\"og:image\" content=\"https:\/\/uk-gb.net\/wp-content\/uploads\/2024\/03\/UK-visa-C.jpg\" \/>\n\t<meta property=\"og:image:width\" content=\"564\" \/>\n\t<meta property=\"og:image:height\" content=\"338\" \/>\n\t<meta property=\"og:image:type\" content=\"image\/jpeg\" \/>\n<meta name=\"twitter:card\" content=\"summary_large_image\" \/>\n<meta name=\"twitter:label1\" content=\"Szacowany czas czytania\" \/>\n\t<meta name=\"twitter:data1\" content=\"3 minuty\" \/>\n<script type=\"application\/ld+json\" class=\"yoast-schema-graph\">{\"@context\":\"https:\\\/\\\/schema.org\",\"@graph\":[{\"@type\":\"WebPage\",\"@id\":\"https:\\\/\\\/uk-gb.net\\\/pl\\\/wiza-turystyczna-anglia-wielka-brytania\\\/\",\"url\":\"https:\\\/\\\/uk-gb.net\\\/pl\\\/wiza-turystyczna-anglia-wielka-brytania\\\/\",\"name\":\"Wiza turystyczna do Wielkiej Brytanii\",\"isPartOf\":{\"@id\":\"https:\\\/\\\/uk-gb.net\\\/pl\\\/#website\"},\"primaryImageOfPage\":{\"@id\":\"https:\\\/\\\/uk-gb.net\\\/pl\\\/wiza-turystyczna-anglia-wielka-brytania\\\/#primaryimage\"},\"image\":{\"@id\":\"https:\\\/\\\/uk-gb.net\\\/pl\\\/wiza-turystyczna-anglia-wielka-brytania\\\/#primaryimage\"},\"thumbnailUrl\":\"https:\\\/\\\/uk-gb.net\\\/wp-content\\\/uploads\\\/2024\\\/03\\\/UK-visa-C.jpg\",\"datePublished\":\"2023-11-21T12:31:09+00:00\",\"dateModified\":\"2025-08-27T09:40:17+00:00\",\"description\":\"Poznaj wszystkie zasady uzyskania wizy turystycznej do Wielkiej Brytanii\",\"inLanguage\":\"pl-PL\",\"potentialAction\":[{\"@type\":\"ReadAction\",\"target\":[\"https:\\\/\\\/uk-gb.net\\\/pl\\\/wiza-turystyczna-anglia-wielka-brytania\\\/\"]}]},{\"@type\":\"ImageObject\",\"inLanguage\":\"pl-PL\",\"@id\":\"https:\\\/\\\/uk-gb.net\\\/pl\\\/wiza-turystyczna-anglia-wielka-brytania\\\/#primaryimage\",\"url\":\"https:\\\/\\\/uk-gb.net\\\/wp-content\\\/uploads\\\/2024\\\/03\\\/UK-visa-C.jpg\",\"contentUrl\":\"https:\\\/\\\/uk-gb.net\\\/wp-content\\\/uploads\\\/2024\\\/03\\\/UK-visa-C.jpg\"},{\"@type\":\"WebSite\",\"@id\":\"https:\\\/\\\/uk-gb.net\\\/pl\\\/#website\",\"url\":\"https:\\\/\\\/uk-gb.net\\\/pl\\\/\",\"name\":\"UK GB\",\"description\":\"Travel to the UK\",\"potentialAction\":[{\"@type\":\"SearchAction\",\"target\":{\"@type\":\"EntryPoint\",\"urlTemplate\":\"https:\\\/\\\/uk-gb.net\\\/pl\\\/?s={search_term_string}\"},\"query-input\":{\"@type\":\"PropertyValueSpecification\",\"valueRequired\":true,\"valueName\":\"search_term_string\"}}],\"inLanguage\":\"pl-PL\"}]}<\/script>\n<!-- \/ Yoast SEO plugin. -->","yoast_head_json":{"title":"Wiza turystyczna do Wielkiej Brytanii","description":"Poznaj wszystkie zasady uzyskania wizy turystycznej do Wielkiej Brytanii","robots":{"index":"index","follow":"follow","max-snippet":"max-snippet:-1","max-image-preview":"max-image-preview:large","max-video-preview":"max-video-preview:-1"},"canonical":"https:\/\/uk-gb.net\/pl\/wiza-turystyczna-anglia-wielka-brytania\/","og_locale":"pl_PL","og_type":"article","og_title":"Wiza turystyczna do Wielkiej Brytanii","og_description":"Poznaj wszystkie zasady uzyskania wizy turystycznej do Wielkiej Brytanii","og_url":"https:\/\/uk-gb.net\/pl\/wiza-turystyczna-anglia-wielka-brytania\/","og_site_name":"UK GB","article_modified_time":"2025-08-27T09:40:17+00:00","og_image":[{"width":564,"height":338,"url":"https:\/\/uk-gb.net\/wp-content\/uploads\/2024\/03\/UK-visa-C.jpg","type":"image\/jpeg"}],"twitter_card":"summary_large_image","twitter_misc":{"Szacowany czas czytania":"3 minuty"},"schema":{"@context":"https:\/\/schema.org","@graph":[{"@type":"WebPage","@id":"https:\/\/uk-gb.net\/pl\/wiza-turystyczna-anglia-wielka-brytania\/","url":"https:\/\/uk-gb.net\/pl\/wiza-turystyczna-anglia-wielka-brytania\/","name":"Wiza turystyczna do Wielkiej Brytanii","isPartOf":{"@id":"https:\/\/uk-gb.net\/pl\/#website"},"primaryImageOfPage":{"@id":"https:\/\/uk-gb.net\/pl\/wiza-turystyczna-anglia-wielka-brytania\/#primaryimage"},"image":{"@id":"https:\/\/uk-gb.net\/pl\/wiza-turystyczna-anglia-wielka-brytania\/#primaryimage"},"thumbnailUrl":"https:\/\/uk-gb.net\/wp-content\/uploads\/2024\/03\/UK-visa-C.jpg","datePublished":"2023-11-21T12:31:09+00:00","dateModified":"2025-08-27T09:40:17+00:00","description":"Poznaj wszystkie zasady uzyskania wizy turystycznej do Wielkiej Brytanii","inLanguage":"pl-PL","potentialAction":[{"@type":"ReadAction","target":["https:\/\/uk-gb.net\/pl\/wiza-turystyczna-anglia-wielka-brytania\/"]}]},{"@type":"ImageObject","inLanguage":"pl-PL","@id":"https:\/\/uk-gb.net\/pl\/wiza-turystyczna-anglia-wielka-brytania\/#primaryimage","url":"https:\/\/uk-gb.net\/wp-content\/uploads\/2024\/03\/UK-visa-C.jpg","contentUrl":"https:\/\/uk-gb.net\/wp-content\/uploads\/2024\/03\/UK-visa-C.jpg"},{"@type":"WebSite","@id":"https:\/\/uk-gb.net\/pl\/#website","url":"https:\/\/uk-gb.net\/pl\/","name":"UK GB","description":"Travel to the UK","potentialAction":[{"@type":"SearchAction","target":{"@type":"EntryPoint","urlTemplate":"https:\/\/uk-gb.net\/pl\/?s={search_term_string}"},"query-input":{"@type":"PropertyValueSpecification","valueRequired":true,"valueName":"search_term_string"}}],"inLanguage":"pl-PL"}]}},"_links":{"self":[{"href":"https:\/\/uk-gb.net\/pl\/wp-json\/wp\/v2\/pages\/528","targetHints":{"allow":["GET"]}}],"collection":[{"href":"https:\/\/uk-gb.net\/pl\/wp-json\/wp\/v2\/pages"}],"about":[{"href":"https:\/\/uk-gb.net\/pl\/wp-json\/wp\/v2\/types\/page"}],"author":[{"embeddable":true,"href":"https:\/\/uk-gb.net\/pl\/wp-json\/wp\/v2\/users\/1"}],"replies":[{"embeddable":true,"href":"https:\/\/uk-gb.net\/pl\/wp-json\/wp\/v2\/comments?post=528"}],"version-history":[{"count":0,"href":"https:\/\/uk-gb.net\/pl\/wp-json\/wp\/v2\/pages\/528\/revisions"}],"wp:attachment":[{"href":"https:\/\/uk-gb.net\/pl\/wp-json\/wp\/v2\/media?parent=528"}],"curies":[{"name":"wp","href":"https:\/\/api.w.org\/{rel}","templated":true}]}}