{"id":5054,"date":"2025-01-23T11:10:46","date_gmt":"2025-01-23T11:10:46","guid":{"rendered":"https:\/\/uk-gb.net\/glasgow\/"},"modified":"2025-08-27T17:25:07","modified_gmt":"2025-08-27T16:25:07","slug":"glasgow","status":"publish","type":"page","link":"https:\/\/uk-gb.net\/pl\/glasgow\/","title":{"rendered":"Odwied\u017a Glasgow w Szkocji"},"content":{"rendered":"\n<h1 class=\"wp-block-heading\">Odkryj miasto Glasgow<\/h1>\n\n<p>Glasgow urzeka kreatywn\u0105 energi\u0105, majestatyczn\u0105 wiktoria\u0144sk\u0105 architektur\u0105 i ciep\u0142\u0105 atmosfer\u0105. Miasto, w kt\u00f3rym narodzi\u0142o si\u0119 wa\u017cne dziedzictwo przemys\u0142owe i artystyczne, jest obecnie wyl\u0119garni\u0105 kultury, muzyki i designu. Jest to niezb\u0119dny punkt wypadowy do odkrywania Szkocji, kt\u00f3ra jest nowoczesna, t\u0119tni\u0105ca \u017cyciem i g\u0142\u0119boko autentyczna.  <\/p>\n\n<figure class=\"wp-block-image size-large\"><img fetchpriority=\"high\" decoding=\"async\" width=\"1024\" height=\"535\" src=\"https:\/\/uk-gb.net\/wp-content\/uploads\/2025\/01\/Glasgow-1024x535.jpg\" alt=\"\" class=\"wp-image-5016\" srcset=\"https:\/\/uk-gb.net\/wp-content\/uploads\/2025\/01\/Glasgow-1024x535.jpg 1024w, https:\/\/uk-gb.net\/wp-content\/uploads\/2025\/01\/Glasgow-300x157.jpg 300w, https:\/\/uk-gb.net\/wp-content\/uploads\/2025\/01\/Glasgow-768x401.jpg 768w, https:\/\/uk-gb.net\/wp-content\/uploads\/2025\/01\/Glasgow.jpg 1339w\" sizes=\"(max-width: 1024px) 100vw, 1024px\" \/><figcaption class=\"wp-element-caption\">Glasgow, Szkocja<\/figcaption><\/figure>\n\n<h2 class=\"wp-block-heading\">Dlaczego warto odwiedzi\u0107 Glasgow?<\/h2>\n\n<p><a href=\"https:\/\/en.wikipedia.org\/wiki\/Glasgow\">Glasgow<\/a> s\u0142ynie ze \u015bwiatowej s\u0142awy muze\u00f3w, wiktoria\u0144skich budynk\u00f3w i sceny artystycznej. Niezale\u017cnie od tego, czy jeste\u015b mi\u0142o\u015bnikiem historii, muzyki czy zakup\u00f3w, Glasgow jest pe\u0142ne ekscytuj\u0105cych atrakcji. Ka\u017cda dzielnica odkrywa wyj\u0105tkowe oblicze miasta, zawsze wzmocnione ciep\u0142em i autentyczno\u015bci\u0105 jego mieszka\u0144c\u00f3w.  <\/p>\n\n<h2 class=\"wp-block-heading\">Obowi\u0105zkowe miejsca w Glasgow<\/h2>\n\n<ul class=\"wp-block-list\">\n<li><a href=\"https:\/\/www.historicenvironment.scot\/visit-a-place\/places\/glasgow-cathedral\/\">Katedra w Glasgow<\/a>: Wspania\u0142a \u015bredniowieczna katedra z XII wieku, rzadki przyk\u0142ad szkockiego gotyku, kt\u00f3ry wci\u0105\u017c pozostaje nienaruszony.<\/li>\n\n\n\n<li><a href=\"https:\/\/www.glasgowsciencecentre.org\/\">Glasgow Science Centre<\/a>: interaktywne centrum nauki z zabawnymi wystawami, planetarium i kinem IMAX. Idealna rodzinna wycieczka. <\/li>\n\n\n\n<li><a href=\"https:\/\/www.visitscotland.com\/info\/towns-villages\/george-square-p1976921\">George Square<\/a>: centralny plac miasta, otoczony majestatycznymi budynkami i t\u0119tni\u0105cy \u017cyciem przez ca\u0142y rok.<\/li>\n\n\n\n<li><a href=\"https:\/\/www.glasgowlife.org.uk\/museums\/venues\/kelvingrove-art-gallery-and-museum\">Kelvingrove Art Gallery and Museum<\/a>: to kultowe muzeum gromadzi dzie\u0142a sztuki, historyczne artefakty i ciekawostki w niezwyk\u0142ym otoczeniu architektonicznym.<\/li>\n\n\n\n<li><a href=\"https:\/\/www.glasgowlife.org.uk\/museums\/venues\/riverside-museum\">Muzeum Riverside<\/a>: wielokrotnie nagradzane muzeum po\u015bwi\u0119cone transportowi i pomys\u0142owo\u015bci technologicznej, idealne zar\u00f3wno dla m\u0142odych, jak i starszych.<\/li>\n\n\n\n<li><a href=\"https:\/\/glasgowshops.com\/buchanan-street\/\">Buchanan Street<\/a>: Najbardziej t\u0119tni\u0105ca \u017cyciem ulica handlowa w Glasgow, z mieszank\u0105 butik\u00f3w projektant\u00f3w, znanych marek i artyst\u00f3w ulicznych.<\/li>\n<\/ul>\n\n<div style=\"height:10px\" aria-hidden=\"true\" class=\"wp-block-spacer\"><\/div>\n\n<h2 class=\"wp-block-heading\">Dzielnice, kt\u00f3rych nie mo\u017cna przegapi\u0107<\/h2>\n\n<ul class=\"wp-block-list\">\n<li><strong>Merchant City<\/strong>: Modna, elegancka i t\u0119tni\u0105ca \u017cyciem dzielnica z mieszank\u0105 galerii sztuki, nowoczesnych restauracji i designerskich bar\u00f3w.<\/li>\n\n\n\n<li><strong>West End<\/strong>: zielona, artystyczna dzielnica s\u0142yn\u0105ca z park\u00f3w, ksi\u0119garni, kawiarni i Uniwersytetu Glasgow.<\/li>\n\n\n\n<li><strong>Glasgow Green<\/strong>: Jeden z najstarszych park\u00f3w publicznych w mie\u015bcie, idealny na spacer nad rzek\u0105 lub piknik.<\/li>\n\n\n\n<li><strong>Finnieston<\/strong>: epicentrum kreatywnego jedzenia w Glasgow z kwitn\u0105c\u0105 scen\u0105 artystyczn\u0105.<\/li>\n<\/ul>\n\n<div style=\"height:10px\" aria-hidden=\"true\" class=\"wp-block-spacer\"><\/div>\n\n<h2 class=\"wp-block-heading\">Praktyczne wskaz\u00f3wki dotycz\u0105ce pobytu w Glasgow<\/h2>\n\n<figure class=\"wp-block-table\"><table><tbody><tr><td><strong>Transport<\/strong><\/td><td>Wydajna sie\u0107 autobus\u00f3w i metra. Dla odwiedzaj\u0105cych dost\u0119pne s\u0105 bilety jednodniowe. <\/td><\/tr><tr><td><strong>Zakwaterowanie<\/strong><\/td><td>Szeroki wyb\u00f3r hoteli, pensjonat\u00f3w i hosteli na ka\u017cd\u0105 kiesze\u0144.<\/td><\/tr><tr><td><strong>Waluta<\/strong><\/td><td>Funt szterling (\u00a3). P\u0142atno\u015bci kart\u0105 s\u0105 akceptowane niemal wsz\u0119dzie. <\/td><\/tr><tr><td><strong>J\u0119zyk<\/strong><\/td><td>Angielski, z silnym, ale ciep\u0142ym szkockim akcentem.<\/td><\/tr><tr><td><strong>Pogoda<\/strong><\/td><td>Zmienna pogoda. Nale\u017cy zabra\u0107 ze sob\u0105 mackintosh lub parasol. <\/td><\/tr><tr><td><strong>Wisa<\/strong><\/td><td>Przed wyjazdem sprawd\u017a, czy potrzebujesz <a href=\"https:\/\/uk-gb.net\/pl\/wiza-do-glasgow\/\">wizy do Glasgow<\/a> lub <a href=\"https:\/\/uk-gb.net\/pl\/eta-anglia-wielka-brytania\/\">autoryzacji ETA.<\/a><\/td><\/tr><\/tbody><\/table><\/figure>\n\n<div style=\"height:10px\" aria-hidden=\"true\" class=\"wp-block-spacer\"><\/div>\n\n<h2 class=\"wp-block-heading\">Gdzie zje\u015b\u0107?<\/h2>\n\n<ul class=\"wp-block-list\">\n<li><a href=\"https:\/\/www.willowtearooms.co.uk\/\">The Willow Tea Rooms<\/a>: kultowa herbaciarnia zaprojektowana przez Charlesa Rennie Mackintosha, idealna na typowy szkocki podwieczorek.<\/li>\n\n\n\n<li><a href=\"https:\/\/www.thegannetgla.com\/\">The Gannet<\/a>: wielokrotnie nagradzana restauracja dla smakoszy oferuj\u0105ca lokalne produkty w eleganckiej atmosferze.<\/li>\n\n\n\n<li><a href=\"https:\/\/ubiquitouschip.co.uk\/\">Ubiquitous Chip<\/a>: instytucja kulinarna na West Endzie oferuj\u0105ca nowoczesn\u0105 szkock\u0105 kuchni\u0119 w zielonym i przyjaznym otoczeniu.<\/li>\n\n\n\n<li><a href=\"https:\/\/www.oxandfinch.com\/\">Ox and Finch<\/a>: pomys\u0142owe ma\u0142e talerze do dzielenia si\u0119, w nowoczesnym i wyrafinowanym otoczeniu.<\/li>\n\n\n\n<li><a href=\"https:\/\/www.paesanopizza.co.uk\/\">Paesano Pizza<\/a>: Jedna z najlepszych pizzerii w mie\u015bcie, uwielbiana za przyst\u0119pne ceny i autentyczne neapolita\u0144skie smaki.<\/li>\n<\/ul>\n\n<h2 class=\"wp-block-heading\">Kiedy jecha\u0107 do Glasgow?<\/h2>\n\n<p><a href=\"https:\/\/www.visitglasgow.com\/\">Glasgow<\/a> mo\u017cna odwiedza\u0107 przez ca\u0142y rok, ale <strong>od maja do wrze\u015bnia to najlepsze miesi\u0105ce<\/strong>, aby cieszy\u0107 si\u0119 \u0142agodnymi temperaturami i dobr\u0105 pogod\u0105. Lato jest r\u00f3wnie\u017c naznaczone licznymi festiwalami kulturalnymi i koncertami na \u015bwie\u017cym powietrzu. Jesie\u0144 i zima s\u0105 bardziej wilgotne, ale atmosfera pozostaje ciep\u0142a, z muzeami, przytulnymi pubami i \u015bwi\u0105tecznymi iluminacjami w grudniu. Pami\u0119taj, aby spakowa\u0107 wodoodporn\u0105 odzie\u017c niezale\u017cnie od pory roku.   <\/p>\n\n<h2 class=\"wp-block-heading\">Wreszcie<\/h2>\n\n<p>W por\u00f3wnaniu z innymi du\u017cymi brytyjskimi miastami, <strong>Glasgow wyr\u00f3\u017cnia si\u0119 artystyczn\u0105 atmosfer\u0105, lokaln\u0105 autentyczno\u015bci\u0105 i legendarn\u0105 scen\u0105 muzyczn\u0105<\/strong>. Jest mniej turystyczne ni\u017c <a href=\"https:\/\/uk-gb.net\/pl\/londyn\/\">Londyn<\/a> czy Edynburg, ale jego kreatywna energia, przyja\u017ani ludzie i zmieniaj\u0105ce si\u0119 dzielnice z pewno\u015bci\u0105 Ci\u0119 przekonaj\u0105. <\/p>\n\n<p>Je\u015bli pokocha\u0142e\u015b historyczn\u0105 elegancj\u0119 Oxfordu, muzyczne dziedzictwo <a href=\"https:\/\/uk-gb.net\/pl\/liverpool\/\">Liverpoolu<\/a> lub emocje <a href=\"https:\/\/uk-gb.net\/pl\/manchester\/\">Manchesteru<\/a>, pokochasz t\u0119tni\u0105cy \u017cyciem, wci\u0105gaj\u0105cy charakter Glasgow.<\/p>\n\n<p>Formalno\u015bci zwi\u0105zane z wizyt\u0105 w Glasgow zale\u017c\u0105 od narodowo\u015bci podr\u00f3\u017cnego i d\u0142ugo\u015bci jego pobytu. W przypadku kr\u00f3tkich pobyt\u00f3w obywatele Unii Europejskiej, Stan\u00f3w Zjednoczonych, Kanady i wielu innych kraj\u00f3w musz\u0105 obecnie <a href=\"https:\/\/uk-gb.net\/pl\/wiza-online-eta-anglii\/\">uzyska\u0107 ETA<\/a>, je\u015bli nie maj\u0105 <a href=\"https:\/\/uk-gb.net\/pl\/wiza-zjednoczone-krolestwo\/\">wizy do Anglii<\/a>. <\/p>\n\n<p>O brytyjskie ETA mo\u017cna ubiega\u0107 si\u0119 za po\u015brednictwem <a href=\"https:\/\/uk-gb.net\/pl\/aplikacja-iphone-uzyskania-wizy-eta-england\/\">oficjalnej aplikacji UK ETA<\/a>. Nie dotyczy to mieszka\u0144c\u00f3w Wielkiej Brytanii i obywateli Irlandii. <\/p>\n","protected":false},"excerpt":{"rendered":"<p>Odkryj miasto Glasgow Glasgow urzeka kreatywn\u0105 energi\u0105, majestatyczn\u0105 wiktoria\u0144sk\u0105 architektur\u0105 i ciep\u0142\u0105 atmosfer\u0105. Miasto, w kt\u00f3rym narodzi\u0142o si\u0119 wa\u017cne dziedzictwo przemys\u0142owe i artystyczne, jest obecnie wyl\u0119garni\u0105 kultury, muzyki i designu. Jest to niezb\u0119dny punkt wypadowy do odkrywania Szkocji, kt\u00f3ra jest nowoczesna, t\u0119tni\u0105ca \u017cyciem i g\u0142\u0119boko autentyczna. Dlaczego warto odwiedzi\u0107 Glasgow? Glasgow s\u0142ynie ze \u015bwiatowej s\u0142awy [&hellip;]<\/p>\n","protected":false},"author":1,"featured_media":0,"parent":0,"menu_order":0,"comment_status":"closed","ping_status":"closed","template":"","meta":{"footnotes":""},"class_list":["post-5054","page","type-page","status-publish","hentry"],"yoast_head":"<!-- This site is optimized with the Yoast SEO plugin v27.3 - https:\/\/yoast.com\/product\/yoast-seo-wordpress\/ -->\n<title>Odwied\u017a Glasgow w Szkocji - UK GB<\/title>\n<meta name=\"description\" content=\"Odkryj Glasgow, jedno z g\u0142\u00f3wnych miast Szkocji, s\u0142yn\u0105ce z muze\u00f3w i zabytkowych wiktoria\u0144skich budynk\u00f3w.\" \/>\n<meta name=\"robots\" content=\"index, follow, max-snippet:-1, max-image-preview:large, max-video-preview:-1\" \/>\n<link rel=\"canonical\" href=\"https:\/\/uk-gb.net\/pl\/glasgow\/\" \/>\n<meta property=\"og:locale\" content=\"pl_PL\" \/>\n<meta property=\"og:type\" content=\"article\" \/>\n<meta property=\"og:title\" content=\"Odwied\u017a Glasgow w Szkocji - UK GB\" \/>\n<meta property=\"og:description\" content=\"Odkryj Glasgow, jedno z g\u0142\u00f3wnych miast Szkocji, s\u0142yn\u0105ce z muze\u00f3w i zabytkowych wiktoria\u0144skich budynk\u00f3w.\" \/>\n<meta property=\"og:url\" content=\"https:\/\/uk-gb.net\/pl\/glasgow\/\" \/>\n<meta property=\"og:site_name\" content=\"UK GB\" \/>\n<meta property=\"article:modified_time\" content=\"2025-08-27T16:25:07+00:00\" \/>\n<meta property=\"og:image\" content=\"https:\/\/uk-gb.net\/wp-content\/uploads\/2025\/01\/Glasgow.jpg\" \/>\n\t<meta property=\"og:image:width\" content=\"1339\" \/>\n\t<meta property=\"og:image:height\" content=\"699\" \/>\n\t<meta property=\"og:image:type\" content=\"image\/jpeg\" \/>\n<meta name=\"twitter:card\" content=\"summary_large_image\" \/>\n<meta name=\"twitter:label1\" content=\"Szacowany czas czytania\" \/>\n\t<meta name=\"twitter:data1\" content=\"3 minuty\" \/>\n<script type=\"application\/ld+json\" class=\"yoast-schema-graph\">{\"@context\":\"https:\\\/\\\/schema.org\",\"@graph\":[{\"@type\":\"WebPage\",\"@id\":\"https:\\\/\\\/uk-gb.net\\\/pl\\\/glasgow\\\/\",\"url\":\"https:\\\/\\\/uk-gb.net\\\/pl\\\/glasgow\\\/\",\"name\":\"Odwied\u017a Glasgow w Szkocji - UK GB\",\"isPartOf\":{\"@id\":\"https:\\\/\\\/uk-gb.net\\\/pl\\\/#website\"},\"primaryImageOfPage\":{\"@id\":\"https:\\\/\\\/uk-gb.net\\\/pl\\\/glasgow\\\/#primaryimage\"},\"image\":{\"@id\":\"https:\\\/\\\/uk-gb.net\\\/pl\\\/glasgow\\\/#primaryimage\"},\"thumbnailUrl\":\"https:\\\/\\\/uk-gb.net\\\/wp-content\\\/uploads\\\/2025\\\/01\\\/Glasgow-1024x535.jpg\",\"datePublished\":\"2025-01-23T11:10:46+00:00\",\"dateModified\":\"2025-08-27T16:25:07+00:00\",\"description\":\"Odkryj Glasgow, jedno z g\u0142\u00f3wnych miast Szkocji, s\u0142yn\u0105ce z muze\u00f3w i zabytkowych wiktoria\u0144skich budynk\u00f3w.\",\"inLanguage\":\"pl-PL\",\"potentialAction\":[{\"@type\":\"ReadAction\",\"target\":[\"https:\\\/\\\/uk-gb.net\\\/pl\\\/glasgow\\\/\"]}]},{\"@type\":\"ImageObject\",\"inLanguage\":\"pl-PL\",\"@id\":\"https:\\\/\\\/uk-gb.net\\\/pl\\\/glasgow\\\/#primaryimage\",\"url\":\"https:\\\/\\\/uk-gb.net\\\/wp-content\\\/uploads\\\/2025\\\/01\\\/Glasgow-1024x535.jpg\",\"contentUrl\":\"https:\\\/\\\/uk-gb.net\\\/wp-content\\\/uploads\\\/2025\\\/01\\\/Glasgow-1024x535.jpg\"},{\"@type\":\"WebSite\",\"@id\":\"https:\\\/\\\/uk-gb.net\\\/pl\\\/#website\",\"url\":\"https:\\\/\\\/uk-gb.net\\\/pl\\\/\",\"name\":\"UK GB\",\"description\":\"Travel to the UK\",\"potentialAction\":[{\"@type\":\"SearchAction\",\"target\":{\"@type\":\"EntryPoint\",\"urlTemplate\":\"https:\\\/\\\/uk-gb.net\\\/pl\\\/?s={search_term_string}\"},\"query-input\":{\"@type\":\"PropertyValueSpecification\",\"valueRequired\":true,\"valueName\":\"search_term_string\"}}],\"inLanguage\":\"pl-PL\"}]}<\/script>\n<!-- \/ Yoast SEO plugin. -->","yoast_head_json":{"title":"Odwied\u017a Glasgow w Szkocji - UK GB","description":"Odkryj Glasgow, jedno z g\u0142\u00f3wnych miast Szkocji, s\u0142yn\u0105ce z muze\u00f3w i zabytkowych wiktoria\u0144skich budynk\u00f3w.","robots":{"index":"index","follow":"follow","max-snippet":"max-snippet:-1","max-image-preview":"max-image-preview:large","max-video-preview":"max-video-preview:-1"},"canonical":"https:\/\/uk-gb.net\/pl\/glasgow\/","og_locale":"pl_PL","og_type":"article","og_title":"Odwied\u017a Glasgow w Szkocji - UK GB","og_description":"Odkryj Glasgow, jedno z g\u0142\u00f3wnych miast Szkocji, s\u0142yn\u0105ce z muze\u00f3w i zabytkowych wiktoria\u0144skich budynk\u00f3w.","og_url":"https:\/\/uk-gb.net\/pl\/glasgow\/","og_site_name":"UK GB","article_modified_time":"2025-08-27T16:25:07+00:00","og_image":[{"width":1339,"height":699,"url":"https:\/\/uk-gb.net\/wp-content\/uploads\/2025\/01\/Glasgow.jpg","type":"image\/jpeg"}],"twitter_card":"summary_large_image","twitter_misc":{"Szacowany czas czytania":"3 minuty"},"schema":{"@context":"https:\/\/schema.org","@graph":[{"@type":"WebPage","@id":"https:\/\/uk-gb.net\/pl\/glasgow\/","url":"https:\/\/uk-gb.net\/pl\/glasgow\/","name":"Odwied\u017a Glasgow w Szkocji - UK GB","isPartOf":{"@id":"https:\/\/uk-gb.net\/pl\/#website"},"primaryImageOfPage":{"@id":"https:\/\/uk-gb.net\/pl\/glasgow\/#primaryimage"},"image":{"@id":"https:\/\/uk-gb.net\/pl\/glasgow\/#primaryimage"},"thumbnailUrl":"https:\/\/uk-gb.net\/wp-content\/uploads\/2025\/01\/Glasgow-1024x535.jpg","datePublished":"2025-01-23T11:10:46+00:00","dateModified":"2025-08-27T16:25:07+00:00","description":"Odkryj Glasgow, jedno z g\u0142\u00f3wnych miast Szkocji, s\u0142yn\u0105ce z muze\u00f3w i zabytkowych wiktoria\u0144skich budynk\u00f3w.","inLanguage":"pl-PL","potentialAction":[{"@type":"ReadAction","target":["https:\/\/uk-gb.net\/pl\/glasgow\/"]}]},{"@type":"ImageObject","inLanguage":"pl-PL","@id":"https:\/\/uk-gb.net\/pl\/glasgow\/#primaryimage","url":"https:\/\/uk-gb.net\/wp-content\/uploads\/2025\/01\/Glasgow-1024x535.jpg","contentUrl":"https:\/\/uk-gb.net\/wp-content\/uploads\/2025\/01\/Glasgow-1024x535.jpg"},{"@type":"WebSite","@id":"https:\/\/uk-gb.net\/pl\/#website","url":"https:\/\/uk-gb.net\/pl\/","name":"UK GB","description":"Travel to the UK","potentialAction":[{"@type":"SearchAction","target":{"@type":"EntryPoint","urlTemplate":"https:\/\/uk-gb.net\/pl\/?s={search_term_string}"},"query-input":{"@type":"PropertyValueSpecification","valueRequired":true,"valueName":"search_term_string"}}],"inLanguage":"pl-PL"}]}},"_links":{"self":[{"href":"https:\/\/uk-gb.net\/pl\/wp-json\/wp\/v2\/pages\/5054","targetHints":{"allow":["GET"]}}],"collection":[{"href":"https:\/\/uk-gb.net\/pl\/wp-json\/wp\/v2\/pages"}],"about":[{"href":"https:\/\/uk-gb.net\/pl\/wp-json\/wp\/v2\/types\/page"}],"author":[{"embeddable":true,"href":"https:\/\/uk-gb.net\/pl\/wp-json\/wp\/v2\/users\/1"}],"replies":[{"embeddable":true,"href":"https:\/\/uk-gb.net\/pl\/wp-json\/wp\/v2\/comments?post=5054"}],"version-history":[{"count":0,"href":"https:\/\/uk-gb.net\/pl\/wp-json\/wp\/v2\/pages\/5054\/revisions"}],"wp:attachment":[{"href":"https:\/\/uk-gb.net\/pl\/wp-json\/wp\/v2\/media?parent=5054"}],"curies":[{"name":"wp","href":"https:\/\/api.w.org\/{rel}","templated":true}]}}