{"id":4974,"date":"2025-01-20T10:37:01","date_gmt":"2025-01-20T10:37:01","guid":{"rendered":"https:\/\/uk-gb.net\/edynburg\/"},"modified":"2026-04-02T11:43:55","modified_gmt":"2026-04-02T10:43:55","slug":"edynburg","status":"publish","type":"page","link":"https:\/\/uk-gb.net\/pl\/edynburg\/","title":{"rendered":"Odwied\u017a Edynburg w Szkocji"},"content":{"rendered":"\n<h1 class=\"wp-block-heading\">Zwiedzanie stolicy Szkocji<\/h1>\n\n<p>Edynburg, majestatyczna stolica Szkocji, urzeka wyj\u0105tkowym po\u0142\u0105czeniem historii, kultury i krajobrazu. Dzi\u0119ki \u015bredniowiecznemu zamkowi, znanym na ca\u0142ym \u015bwiecie festiwalom i zielonym wzg\u00f3rzom, miasto przyci\u0105ga miliony turyst\u00f3w ka\u017cdego roku. W tym przewodniku znajdziesz wszystko, co musisz wiedzie\u0107 o planowaniu pobytu w Edynburgu.  <\/p>\n\n<figure class=\"wp-block-image size-large\"><img fetchpriority=\"high\" decoding=\"async\" width=\"1024\" height=\"377\" src=\"https:\/\/uk-gb.net\/wp-content\/uploads\/2025\/01\/edimbourg-1024x377.jpg\" alt=\"\" class=\"wp-image-4936\"\/><figcaption class=\"wp-element-caption\">Fortyfikacje Edynburga<\/figcaption><\/figure>\n\n<div style=\"height:10px\" aria-hidden=\"true\" class=\"wp-block-spacer\"><\/div>\n\n<h2 class=\"wp-block-heading\">Dlaczego warto odwiedzi\u0107 Edynburg?<\/h2>\n\n<p>Edynburg to miasto na ludzk\u0105 skal\u0119, gdzie ka\u017cda ulica opowiada jak\u0105\u015b histori\u0119. S\u0142ynie z wpisanego na list\u0119 \u015bwiatowego dziedzictwa UNESCO centrum miasta, tajemniczej atmosfery i dynamizmu kulturowego. Pomi\u0119dzy \u015bredniowiecznym Starym Miastem a georgia\u0144skim Nowym Miastem, Edynburg jest zanurzony w wielowiekowej szkockiej historii.  <\/p>\n\n<p>Miasto jest tak\u017ce domem dla <strong>Edinburgh International Festival<\/strong> i Edinburgh <strong>Fringe<\/strong> Festival, najwi\u0119kszych wydarze\u0144 kulturalnych w Europie. Jest to idealne miejsce dla mi\u0142o\u015bnik\u00f3w sztuki, historii i literatury lub po prostu dla tych, kt\u00f3rzy szukaj\u0105 relaksuj\u0105cego wypadu do miasta. <\/p>\n\n<div style=\"height:10px\" aria-hidden=\"true\" class=\"wp-block-spacer\"><\/div>\n\n<h2 class=\"wp-block-heading\">Niezb\u0119dne rzeczy<\/h2>\n\n<ul class=\"wp-block-list\">\n<li><a href=\"https:\/\/www.edinburghcastle.scot\/\">Zamek w Edynburgu<\/a>: wznosz\u0105cy si\u0119 na wulkanicznej skale, ten kultowy zabytek oferuje zapieraj\u0105ce dech w piersiach widoki na miasto.<\/li>\n\n\n\n<li><a href=\"https:\/\/palaceofholyroodhouse.co.uk\/\">Pa\u0142ac Holyrood<\/a>: oficjalna rezydencja kr\u00f3la Szkocji, przesi\u0105kni\u0119ta histori\u0105.<\/li>\n\n\n\n<li><a href=\"https:\/\/edimbourgsite.fr\/old_town_royal_mile.html\">Royal Mile<\/a>: Brukowana ulica biegn\u0105ca przez stare miasto, pe\u0142na muze\u00f3w, pub\u00f3w i ma\u0142ych sklep\u00f3w.<\/li>\n\n\n\n<li><a href=\"https:\/\/edinburghtips.nl\/arthurs_seat.html\">Arthur&#8217;s Seat<\/a>: dawny wulkan przekszta\u0142cony w zielone wzg\u00f3rze, idealne na spacer z widokiem.<\/li>\n\n\n\n<li><a href=\"https:\/\/www.nms.ac.uk\/national-museum-of-scotland\">Muzeum Narodowe Szkocji<\/a>: bezp\u0142atne, fascynuj\u0105ce muzeum przedstawiaj\u0105ce szkock\u0105 histori\u0119.<\/li>\n\n\n\n<li><a href=\"https:\/\/fr.wikipedia.org\/wiki\/Scott_Monument\">Pomnik Scotta<\/a>: gotycka wie\u017ca po\u015bwi\u0119cona pisarzowi Walterowi Scottowi, na kt\u00f3r\u0105 mo\u017cna si\u0119 wspi\u0105\u0107, aby podziwia\u0107 miasto.<\/li>\n\n\n\n<li><a href=\"https:\/\/en.wikipedia.org\/wiki\/Princes_Street_Gardens\">Princes Street Gardens<\/a>: Kultowa zielona przestrze\u0144 u podn\u00f3\u017ca zamku.<\/li>\n<\/ul>\n\n<div style=\"height:10px\" aria-hidden=\"true\" class=\"wp-block-spacer\"><\/div>\n\n<h2 class=\"wp-block-heading\">Dzielnice do odkrycia<\/h2>\n\n<ul class=\"wp-block-list\">\n<li><strong>Stare Miasto<\/strong>: historyczne serce miasta ze \u015bredniowiecznymi uliczkami i legendami.<\/li>\n\n\n\n<li><strong>Nowe Miasto<\/strong>: Elegancka dzielnica z gruzi\u0144skimi fasadami, idealna na zakupy i do muze\u00f3w.<\/li>\n\n\n\n<li><strong>Leith<\/strong>: dawny port przekszta\u0142cony w modn\u0105 dzielnic\u0119 z restauracjami na nabrze\u017cu.<\/li>\n\n\n\n<li><strong>Stockbridge<\/strong>: Spokojna dzielnica mieszkalna, popularna ze wzgl\u0119du na targowiska i lokaln\u0105 atmosfer\u0119.<\/li>\n\n\n\n<li><strong>Bruntsfield i Morningside<\/strong>: idealne do odkrywania niezale\u017cnych kawiarni i butik\u00f3w z dala od t\u0142um\u00f3w.<\/li>\n<\/ul>\n\n<div style=\"height:10px\" aria-hidden=\"true\" class=\"wp-block-spacer\"><\/div>\n\n<h2 class=\"wp-block-heading\">Praktyczne wskaz\u00f3wki dotycz\u0105ce zwiedzania Edynburga<\/h2>\n\n<figure class=\"wp-block-table\"><table><tbody><tr><td><strong>Transport<\/strong><\/td><td>Miasto jest dobrze obs\u0142ugiwane pieszo, autobusem i tramwajem. Lotnisko znajduje si\u0119 30 minut od centrum. <\/td><\/tr><tr><td><strong>Wisa<\/strong><\/td><td>Wymagany mo\u017ce by\u0107 <a href=\"https:\/\/uk-gb.net\/pl\/wiza-online-eta-anglii\/\" type=\"page\" id=\"520\">brytyjski ETA<\/a> lub <a href=\"https:\/\/uk-gb.net\/pl\/wiza-dla-edynburga\/\" type=\"page\" id=\"683\">wiza do Edynburga<\/a>.<\/td><\/tr><tr><td><strong>Zakwaterowanie<\/strong><\/td><td>Zr\u00f3\u017cnicowany wyb\u00f3r: schroniska m\u0142odzie\u017cowe, designerskie hotele, zakwaterowanie u rodziny goszcz\u0105cej.<\/td><\/tr><tr><td><strong>Waluta<\/strong><\/td><td>Funt szterling (\u00a3). P\u0142atno\u015bci zbli\u017ceniowe s\u0105 powszechnie akceptowane. <\/td><\/tr><tr><td><strong>J\u0119zyk<\/strong><\/td><td>Angielski, ze szkockim akcentem.<\/td><\/tr><tr><td><strong>Pogoda<\/strong><\/td><td>Ch\u0142odno i zmiennie, upewnij si\u0119, \u017ce masz wodoodporn\u0105 kurtk\u0119 przez ca\u0142y rok.<\/td><\/tr><\/tbody><\/table><\/figure>\n\n<div style=\"height:10px\" aria-hidden=\"true\" class=\"wp-block-spacer\"><\/div>\n\n<h2 class=\"wp-block-heading\">Gdzie zje\u015b\u0107?<\/h2>\n\n<ul class=\"wp-block-list\">\n<li><a href=\"https:\/\/www.dishoom.com\/edinburgh\/\">Dishoom<\/a>: bardzo popularna kuchnia indo-perska w kolonialnej atmosferze.<\/li>\n\n\n\n<li><a href=\"https:\/\/scranandscallie.com\/\">The Scran &amp; Scallie<\/a>: przyjazny lokalny pub dla smakoszy.<\/li>\n\n\n\n<li><a href=\"https:\/\/www.thewitchery.com\/\">The Witchery by the Castle<\/a>: Wyrafinowana restauracja z gotyck\u0105 atmosfer\u0105.<\/li>\n\n\n\n<li><a href=\"https:\/\/thekitchin.com\/\">The Kitchin<\/a>: wykwintna restauracja oferuj\u0105ca produkty sezonowe.<\/li>\n\n\n\n<li><a href=\"https:\/\/elephanthouse.biz\/\">Elephant House<\/a>: kawiarnia, w kt\u00f3rej J.K. Rowling napisa\u0142a pierwsze rozdzia\u0142y Harry&#8217;ego Pottera.<\/li>\n<\/ul>\n\n<div style=\"height:10px\" aria-hidden=\"true\" class=\"wp-block-spacer\"><\/div>\n\n<h2 class=\"wp-block-heading\">Kiedy jecha\u0107 do Edynburga<\/h2>\n\n<p>Lato to idealna pora roku, aby cieszy\u0107 si\u0119 festiwalami i \u0142agodnym klimatem, nawet je\u015bli jest du\u017co t\u0142um\u00f3w. Wiosna i jesie\u0144 oferuj\u0105 doskona\u0142y kompromis mi\u0119dzy przyjemn\u0105 pogod\u0105 a spokojem. Zima jest spokojniejsza i ukazuje magiczne miasto, zw\u0142aszcza podczas obchod\u00f3w Nowego Roku z <strong>Hogmanay<\/strong>, s\u0142ynnym szkockim festiwalem.  <\/p>\n\n<h2 class=\"wp-block-heading\">Wnioski<\/h2>\n\n<p>Edynburg uosabia dusz\u0119 Szkocji: dumn\u0105, tajemnicz\u0105 i g\u0142\u0119boko kulturow\u0105. Jego bogata architektura, spektakularne widoki i wyj\u0105tkowa atmosfera sprawiaj\u0105, \u017ce jest to obowi\u0105zkowy cel podr\u00f3\u017cy w Wielkiej Brytanii. <\/p>\n\n<p>Je\u015bli lubisz uniwersytecki urok <a href=\"https:\/\/uk-gb.net\/pl\/oxford\/\">Oxfordu<\/a>, miejski zgie\u0142k <a href=\"https:\/\/uk-gb.net\/pl\/glasgow\/\">Glasgow<\/a> lub poezj\u0119 weekendu w <a href=\"https:\/\/uk-gb.net\/pl\/odwiedz-stirling\/\">Stirling<\/a>, Edynburg zaoferuje Ci intensywne i niezapomniane wra\u017cenia. Nie wahaj si\u0119 skonsultowa\u0107 z naszymi innymi przewodnikami po <a href=\"https:\/\/uk-gb.net\/pl\/londyn\/\">Londynie<\/a>, <a href=\"https:\/\/uk-gb.net\/pl\/liverpool\/\">Liverpoolu<\/a>, <a href=\"https:\/\/uk-gb.net\/pl\/belfast\/\">Belfa\u015bcie<\/a> lub <a href=\"https:\/\/uk-gb.net\/pl\/odwiedz-inverness\/\">Inverness<\/a>, aby zorganizowa\u0107 kompletn\u0105 wycieczk\u0119 po miastach Wielkiej Brytanii. <\/p>\n\n<p>Formalno\u015bci zwi\u0105zane z wizyt\u0105 w Edynburgu zale\u017c\u0105 od narodowo\u015bci. Obywatele Unii Europejskiej i wielu innych kraj\u00f3w musz\u0105 obecnie uzyska\u0107 <a href=\"https:\/\/uk-gb.net\/pl\/eta-anglia-wielka-brytania\/\">brytyjski ETA<\/a>, je\u015bli nie potrzebuj\u0105 wizy. <\/p>\n\n<p>\u015arodek ten ma zastosowanie do pobyt\u00f3w turystycznych kr\u00f3tszych ni\u017c sze\u015b\u0107 miesi\u0119cy. <a href=\"https:\/\/uk-gb.net\/pl\/wiza-online-eta-anglii\/\">Formularz ETA wype\u0142nia si\u0119 online<\/a> lub za po\u015brednictwem <a href=\"https:\/\/uk-gb.net\/pl\/aplikacja-iphone-uzyskania-wizy-eta-england\/\">aplikacji cyfrowej UK ETA<\/a>. Nie dotyczy to obywateli Irlandii ani mieszka\u0144c\u00f3w Wielkiej Brytanii. Upewnij si\u0119, \u017ce sprawdzi\u0142e\u015b warunki przed wyjazdem, aby unikn\u0105\u0107 nieprzyjemnych niespodzianek.   <\/p>\n\n<p><\/p>\n","protected":false},"excerpt":{"rendered":"<p>Zwiedzanie stolicy Szkocji Edynburg, majestatyczna stolica Szkocji, urzeka wyj\u0105tkowym po\u0142\u0105czeniem historii, kultury i krajobrazu. Dzi\u0119ki \u015bredniowiecznemu zamkowi, znanym na ca\u0142ym \u015bwiecie festiwalom i zielonym wzg\u00f3rzom, miasto przyci\u0105ga miliony turyst\u00f3w ka\u017cdego roku. W tym przewodniku znajdziesz wszystko, co musisz wiedzie\u0107 o planowaniu pobytu w Edynburgu. Dlaczego warto odwiedzi\u0107 Edynburg? Edynburg to miasto na ludzk\u0105 skal\u0119, gdzie [&hellip;]<\/p>\n","protected":false},"author":1,"featured_media":0,"parent":0,"menu_order":0,"comment_status":"closed","ping_status":"closed","template":"","meta":{"footnotes":""},"class_list":["post-4974","page","type-page","status-publish","hentry"],"yoast_head":"<!-- This site is optimized with the Yoast SEO plugin v27.3 - https:\/\/yoast.com\/product\/yoast-seo-wordpress\/ -->\n<title>Odwied\u017a Edynburg w Szkocji - UK GB<\/title>\n<meta name=\"description\" content=\"Odkryj szkockie miasto Edynburg podczas wakacji w Wielkiej Brytanii. Odwied\u017a \u015bredniowieczny zamek i muzea\" \/>\n<meta name=\"robots\" content=\"index, follow, max-snippet:-1, max-image-preview:large, max-video-preview:-1\" \/>\n<link rel=\"canonical\" href=\"https:\/\/uk-gb.net\/pl\/edynburg\/\" \/>\n<meta property=\"og:locale\" content=\"pl_PL\" \/>\n<meta property=\"og:type\" content=\"article\" \/>\n<meta property=\"og:title\" content=\"Odwied\u017a Edynburg w Szkocji - UK GB\" \/>\n<meta property=\"og:description\" content=\"Odkryj szkockie miasto Edynburg podczas wakacji w Wielkiej Brytanii. Odwied\u017a \u015bredniowieczny zamek i muzea\" \/>\n<meta property=\"og:url\" content=\"https:\/\/uk-gb.net\/pl\/edynburg\/\" \/>\n<meta property=\"og:site_name\" content=\"UK GB\" \/>\n<meta property=\"article:modified_time\" content=\"2026-04-02T10:43:55+00:00\" \/>\n<meta property=\"og:image\" content=\"https:\/\/uk-gb.net\/wp-content\/uploads\/2025\/01\/edimbourg-e1748002338562.jpg\" \/>\n\t<meta property=\"og:image:width\" content=\"963\" \/>\n\t<meta property=\"og:image:height\" content=\"398\" \/>\n\t<meta property=\"og:image:type\" content=\"image\/jpeg\" \/>\n<meta name=\"twitter:card\" content=\"summary_large_image\" \/>\n<meta name=\"twitter:label1\" content=\"Szacowany czas czytania\" \/>\n\t<meta name=\"twitter:data1\" content=\"3 minuty\" \/>\n<script type=\"application\/ld+json\" class=\"yoast-schema-graph\">{\"@context\":\"https:\\\/\\\/schema.org\",\"@graph\":[{\"@type\":\"WebPage\",\"@id\":\"https:\\\/\\\/uk-gb.net\\\/pl\\\/edynburg\\\/\",\"url\":\"https:\\\/\\\/uk-gb.net\\\/pl\\\/edynburg\\\/\",\"name\":\"Odwied\u017a Edynburg w Szkocji - UK GB\",\"isPartOf\":{\"@id\":\"https:\\\/\\\/uk-gb.net\\\/pl\\\/#website\"},\"primaryImageOfPage\":{\"@id\":\"https:\\\/\\\/uk-gb.net\\\/pl\\\/edynburg\\\/#primaryimage\"},\"image\":{\"@id\":\"https:\\\/\\\/uk-gb.net\\\/pl\\\/edynburg\\\/#primaryimage\"},\"thumbnailUrl\":\"https:\\\/\\\/uk-gb.net\\\/wp-content\\\/uploads\\\/2025\\\/01\\\/edimbourg-1024x377.jpg\",\"datePublished\":\"2025-01-20T10:37:01+00:00\",\"dateModified\":\"2026-04-02T10:43:55+00:00\",\"description\":\"Odkryj szkockie miasto Edynburg podczas wakacji w Wielkiej Brytanii. Odwied\u017a \u015bredniowieczny zamek i muzea\",\"inLanguage\":\"pl-PL\",\"potentialAction\":[{\"@type\":\"ReadAction\",\"target\":[\"https:\\\/\\\/uk-gb.net\\\/pl\\\/edynburg\\\/\"]}]},{\"@type\":\"ImageObject\",\"inLanguage\":\"pl-PL\",\"@id\":\"https:\\\/\\\/uk-gb.net\\\/pl\\\/edynburg\\\/#primaryimage\",\"url\":\"https:\\\/\\\/uk-gb.net\\\/wp-content\\\/uploads\\\/2025\\\/01\\\/edimbourg-1024x377.jpg\",\"contentUrl\":\"https:\\\/\\\/uk-gb.net\\\/wp-content\\\/uploads\\\/2025\\\/01\\\/edimbourg-1024x377.jpg\"},{\"@type\":\"WebSite\",\"@id\":\"https:\\\/\\\/uk-gb.net\\\/pl\\\/#website\",\"url\":\"https:\\\/\\\/uk-gb.net\\\/pl\\\/\",\"name\":\"UK GB\",\"description\":\"Travel to the UK\",\"potentialAction\":[{\"@type\":\"SearchAction\",\"target\":{\"@type\":\"EntryPoint\",\"urlTemplate\":\"https:\\\/\\\/uk-gb.net\\\/pl\\\/?s={search_term_string}\"},\"query-input\":{\"@type\":\"PropertyValueSpecification\",\"valueRequired\":true,\"valueName\":\"search_term_string\"}}],\"inLanguage\":\"pl-PL\"}]}<\/script>\n<!-- \/ Yoast SEO plugin. -->","yoast_head_json":{"title":"Odwied\u017a Edynburg w Szkocji - UK GB","description":"Odkryj szkockie miasto Edynburg podczas wakacji w Wielkiej Brytanii. Odwied\u017a \u015bredniowieczny zamek i muzea","robots":{"index":"index","follow":"follow","max-snippet":"max-snippet:-1","max-image-preview":"max-image-preview:large","max-video-preview":"max-video-preview:-1"},"canonical":"https:\/\/uk-gb.net\/pl\/edynburg\/","og_locale":"pl_PL","og_type":"article","og_title":"Odwied\u017a Edynburg w Szkocji - UK GB","og_description":"Odkryj szkockie miasto Edynburg podczas wakacji w Wielkiej Brytanii. Odwied\u017a \u015bredniowieczny zamek i muzea","og_url":"https:\/\/uk-gb.net\/pl\/edynburg\/","og_site_name":"UK GB","article_modified_time":"2026-04-02T10:43:55+00:00","og_image":[{"width":963,"height":398,"url":"https:\/\/uk-gb.net\/wp-content\/uploads\/2025\/01\/edimbourg-e1748002338562.jpg","type":"image\/jpeg"}],"twitter_card":"summary_large_image","twitter_misc":{"Szacowany czas czytania":"3 minuty"},"schema":{"@context":"https:\/\/schema.org","@graph":[{"@type":"WebPage","@id":"https:\/\/uk-gb.net\/pl\/edynburg\/","url":"https:\/\/uk-gb.net\/pl\/edynburg\/","name":"Odwied\u017a Edynburg w Szkocji - UK GB","isPartOf":{"@id":"https:\/\/uk-gb.net\/pl\/#website"},"primaryImageOfPage":{"@id":"https:\/\/uk-gb.net\/pl\/edynburg\/#primaryimage"},"image":{"@id":"https:\/\/uk-gb.net\/pl\/edynburg\/#primaryimage"},"thumbnailUrl":"https:\/\/uk-gb.net\/wp-content\/uploads\/2025\/01\/edimbourg-1024x377.jpg","datePublished":"2025-01-20T10:37:01+00:00","dateModified":"2026-04-02T10:43:55+00:00","description":"Odkryj szkockie miasto Edynburg podczas wakacji w Wielkiej Brytanii. Odwied\u017a \u015bredniowieczny zamek i muzea","inLanguage":"pl-PL","potentialAction":[{"@type":"ReadAction","target":["https:\/\/uk-gb.net\/pl\/edynburg\/"]}]},{"@type":"ImageObject","inLanguage":"pl-PL","@id":"https:\/\/uk-gb.net\/pl\/edynburg\/#primaryimage","url":"https:\/\/uk-gb.net\/wp-content\/uploads\/2025\/01\/edimbourg-1024x377.jpg","contentUrl":"https:\/\/uk-gb.net\/wp-content\/uploads\/2025\/01\/edimbourg-1024x377.jpg"},{"@type":"WebSite","@id":"https:\/\/uk-gb.net\/pl\/#website","url":"https:\/\/uk-gb.net\/pl\/","name":"UK GB","description":"Travel to the UK","potentialAction":[{"@type":"SearchAction","target":{"@type":"EntryPoint","urlTemplate":"https:\/\/uk-gb.net\/pl\/?s={search_term_string}"},"query-input":{"@type":"PropertyValueSpecification","valueRequired":true,"valueName":"search_term_string"}}],"inLanguage":"pl-PL"}]}},"_links":{"self":[{"href":"https:\/\/uk-gb.net\/pl\/wp-json\/wp\/v2\/pages\/4974","targetHints":{"allow":["GET"]}}],"collection":[{"href":"https:\/\/uk-gb.net\/pl\/wp-json\/wp\/v2\/pages"}],"about":[{"href":"https:\/\/uk-gb.net\/pl\/wp-json\/wp\/v2\/types\/page"}],"author":[{"embeddable":true,"href":"https:\/\/uk-gb.net\/pl\/wp-json\/wp\/v2\/users\/1"}],"replies":[{"embeddable":true,"href":"https:\/\/uk-gb.net\/pl\/wp-json\/wp\/v2\/comments?post=4974"}],"version-history":[{"count":0,"href":"https:\/\/uk-gb.net\/pl\/wp-json\/wp\/v2\/pages\/4974\/revisions"}],"wp:attachment":[{"href":"https:\/\/uk-gb.net\/pl\/wp-json\/wp\/v2\/media?parent=4974"}],"curies":[{"name":"wp","href":"https:\/\/api.w.org\/{rel}","templated":true}]}}