{"id":4574,"date":"2025-01-15T13:03:38","date_gmt":"2025-01-15T13:03:38","guid":{"rendered":"https:\/\/uk-gb.net\/cambridge\/"},"modified":"2026-02-06T12:32:15","modified_gmt":"2026-02-06T12:32:15","slug":"cambridge","status":"publish","type":"page","link":"https:\/\/uk-gb.net\/pl\/cambridge\/","title":{"rendered":"Odwied\u017a Cambridge i jego \u015bredniowieczn\u0105 architektur\u0119"},"content":{"rendered":"\n<h1 class=\"wp-block-heading\">Odwied\u017a Cambridge we wschodniej Anglii<\/h1>\n\n<p><a href=\"https:\/\/en.wikipedia.org\/wiki\/Cambridge\">Cambridge<\/a>, we wschodniej Anglii, to miasto s\u0142yn\u0105ce ze \u015bwiatowej s\u0142awy uniwersytetu i \u015bredniowiecznej architektury. Dzi\u0119ki majestatycznym kolegiom, spokojnym ogrodom i r\u00f3\u017cnorodnym atrakcjom kulturalnym, Cambridge jest obowi\u0105zkowym celem podr\u00f3\u017cy dla mi\u0142o\u015bnik\u00f3w historii, wiedzy i naturalnego pi\u0119kna.<\/p>\n\n<figure class=\"wp-block-image size-full\"><img fetchpriority=\"high\" decoding=\"async\" width=\"1025\" height=\"476\" src=\"https:\/\/uk-gb.net\/wp-content\/uploads\/2025\/01\/Cambridge.jpg\" alt=\"\" class=\"wp-image-4533\" srcset=\"https:\/\/uk-gb.net\/wp-content\/uploads\/2025\/01\/Cambridge.jpg 1025w, https:\/\/uk-gb.net\/wp-content\/uploads\/2025\/01\/Cambridge-300x139.jpg 300w, https:\/\/uk-gb.net\/wp-content\/uploads\/2025\/01\/Cambridge-768x357.jpg 768w\" sizes=\"(max-width: 1025px) 100vw, 1025px\" \/><figcaption class=\"wp-element-caption\">Kings College Chapel Cambridge<\/figcaption><\/figure>\n\n<div style=\"height:10px\" aria-hidden=\"true\" class=\"wp-block-spacer\"><\/div>\n\n<h2 class=\"wp-block-heading\">Dlaczego warto odwiedzi\u0107 Cambridge?<\/h2>\n\n<p>Cambridge to miasto o wyj\u0105tkowej atmosferze, \u0142\u0105cz\u0105ce tradycje akademickie z nowoczesno\u015bci\u0105. Jego presti\u017cowe uczelnie, historyczne biblioteki i malownicze krajobrazy sprawiaj\u0105, \u017ce jest to urzekaj\u0105ce miejsce. Niezale\u017cnie od tego, czy chcesz zwiedzi\u0107 fascynuj\u0105ce muzea, przep\u0142yn\u0105\u0107 rzek\u0119 Cam, czy w\u0119drowa\u0107 w\u0105skimi uliczkami przesi\u0105kni\u0119tymi histori\u0105, Cambridge ma co\u015b dla ka\u017cdego.  <\/p>\n\n<div style=\"height:10px\" aria-hidden=\"true\" class=\"wp-block-spacer\"><\/div>\n\n<h2 class=\"wp-block-heading\">Niezb\u0119dne rzeczy<\/h2>\n\n<ul class=\"wp-block-list\">\n<li><a href=\"https:\/\/www.cam.ac.uk\/\">Uniwersytet Cambridge<\/a>: Poznaj s\u0142ynne uczelnie, takie jak King&#8217;s College, Trinity College i St John&#8217;s College.<\/li>\n\n\n\n<li><a href=\"https:\/\/www.kings.cam.ac.uk\/chapel\">King&#8217;s College Chapel<\/a>: arcydzie\u0142o architektury gotyckiej, s\u0142yn\u0105ce ze wspania\u0142ych witra\u017cy.<\/li>\n\n\n\n<li><a href=\"https:\/\/www.fitzmuseum.cam.ac.uk\/\">Fitzwilliam Museum<\/a>: Muzeum sztuki i staro\u017cytno\u015bci z imponuj\u0105cymi zbiorami.<\/li>\n\n\n\n<li><a href=\"https:\/\/puntcambridge.co.uk\/cambridge-backs\/\">The Backs<\/a>: Ciesz si\u0119 wspania\u0142ymi widokami na kolegia z tych nadrzecznych ogrod\u00f3w.<\/li>\n\n\n\n<li><a href=\"https:\/\/www.botanic.cam.ac.uk\/\">Ogr\u00f3d Botaniczny Uniwersytetu Cambridge<\/a>: Oaza spokoju z ogromn\u0105 kolekcj\u0105 ro\u015blin z ca\u0142ego \u015bwiata.<\/li>\n\n\n\n<li><a href=\"https:\/\/www.visitcambridge.org\/place-categories\/punting\/\">Punting na rzece Cam<\/a>: kultowa aktywno\u015b\u0107 pozwalaj\u0105ca podziwia\u0107 Cambridge z wody.<\/li>\n<\/ul>\n\n<div style=\"height:10px\" aria-hidden=\"true\" class=\"wp-block-spacer\"><\/div>\n\n<h2 class=\"wp-block-heading\">Dzielnice do odkrycia<\/h2>\n\n<ul class=\"wp-block-list\">\n<li><strong>Centrum miasta<\/strong>: Historyczne serce Cambridge ze sklepami, kawiarniami i targami.<\/li>\n\n\n\n<li><strong>Mill Road<\/strong>: eklektyczna, wielokulturowa dzielnica, idealna dla restauracji i niezale\u017cnych sklep\u00f3w.<\/li>\n\n\n\n<li><strong>Newnham<\/strong>: Spokojna okolica ze spacerami nad rzek\u0105 i terenami zielonymi.<\/li>\n\n\n\n<li><strong>Chesterton<\/strong>: Idealne miejsce do odkrywania autentycznej lokalnej atmosfery i tradycyjnych pub\u00f3w.<\/li>\n<\/ul>\n\n<div style=\"height:10px\" aria-hidden=\"true\" class=\"wp-block-spacer\"><\/div>\n\n<h2 class=\"wp-block-heading\">Praktyczne wskaz\u00f3wki dotycz\u0105ce zwiedzania Cambridge<\/h2>\n\n<figure class=\"wp-block-table\"><table><tbody><tr><th>Aspekt<\/th><th>Szczeg\u00f3\u0142y<\/th><\/tr><tr><td><strong>Transport<\/strong><\/td><td>Do miasta mo\u017cna dojecha\u0107 poci\u0105giem z Londynu i zwiedza\u0107 je pieszo lub na rowerze.<\/td><\/tr><tr><td><strong>Zakwaterowanie<\/strong><\/td><td>Dost\u0119pne opcje obejmuj\u0105 zar\u00f3wno urocze pensjonaty B&amp;B, jak i hotele z najwy\u017cszej p\u00f3\u0142ki.<\/td><\/tr><tr><td><strong>Waluta<\/strong><\/td><td>Funt szterling (\u00a3). P\u0142atno\u015bci zbli\u017ceniowe s\u0105 akceptowane niemal wsz\u0119dzie. <\/td><\/tr><tr><td><strong>J\u0119zyk<\/strong><\/td><td>Angielski.<\/td><\/tr><tr><td><strong>Pogoda<\/strong><\/td><td>Warto zabra\u0107 ze sob\u0105 parasol na wypadek cz\u0119stych opad\u00f3w deszczu.<\/td><\/tr><tr><td><strong>Wisa<\/strong><\/td><td>Pami\u0119taj, aby sprawdzi\u0107, czy potrzebujesz <a href=\"https:\/\/uk-gb.net\/pl\/wiza-cambridge\/\" type=\"page\" id=\"710\">wizy Cambridge<\/a>, aby podr\u00f3\u017cowa\u0107.<\/td><\/tr><\/tbody><\/table><\/figure>\n\n<div style=\"height:10px\" aria-hidden=\"true\" class=\"wp-block-spacer\"><\/div>\n\n<h2 class=\"wp-block-heading\">Gdzie zje\u015b\u0107?<\/h2>\n\n<ul class=\"wp-block-list\">\n<li><a href=\"https:\/\/midsummerhouse.co.uk\/\">Midsummer House<\/a>: wyr\u00f3\u017cniona gwiazdk\u0105 Michelin restauracja oferuj\u0105ca wyrafinowan\u0105 kuchni\u0119.<\/li>\n\n\n\n<li><a href=\"https:\/\/www.greeneking.co.uk\/pubs\/cambridgeshire\/eagle\">The Eagle<\/a>: Historyczny pub, w kt\u00f3rym naukowcy Watson i Crick og\u0142osili odkrycie DNA.<\/li>\n\n\n\n<li><a href=\"https:\/\/www.fitzbillies.com\/\">Fitzbillies<\/a>: s\u0142ynie z pysznych bu\u0142eczek Chelsea.<\/li>\n\n\n\n<li><a href=\"https:\/\/www.theorchardteagarden.co.uk\/\">The Orchard Tea Garden<\/a>: malownicze miejsce, w kt\u00f3rym mo\u017cna delektowa\u0107 si\u0119 tradycyjn\u0105 fili\u017cank\u0105 herbaty.<\/li>\n\n\n\n<li><a href=\"https:\/\/cambridgechophouse.co.uk\/\">St John&#8217;s Chop House<\/a>: idealne miejsce na delektowanie si\u0119 klasycznymi brytyjskimi potrawami w przytulnej atmosferze.<\/li>\n<\/ul>\n\n<div style=\"height:10px\" aria-hidden=\"true\" class=\"wp-block-spacer\"><\/div>\n\n<h2 class=\"wp-block-heading\">Kiedy jecha\u0107?<\/h2>\n\n<p>Cambridge jest przyjemnym miejscem przez ca\u0142y rok, ale wiosna i lato s\u0105 szczeg\u00f3lnie idealne. Wiosna ukazuje ogrody w pe\u0142nym rozkwicie, podczas gdy lato jest idealne do aktywno\u015bci na \u015bwie\u017cym powietrzu, takich jak punting. Jesie\u0144 oferuje spokojn\u0105 atmosfer\u0119 i wspania\u0142e kolory, podczas gdy zima przynosi spokojn\u0105 i \u015bwi\u0105teczn\u0105 atmosfer\u0119, idealn\u0105 do odkrywania jarmark\u00f3w bo\u017conarodzeniowych.  <\/p>\n\n<div style=\"height:10px\" aria-hidden=\"true\" class=\"wp-block-spacer\"><\/div>\n\n<h2 class=\"wp-block-heading\">Wnioski<\/h2>\n\n<p><a href=\"https:\/\/en.wikipedia.org\/wiki\/Cambridge\">Cambridge<\/a> to fascynuj\u0105ce miasto, kt\u00f3re \u0142\u0105czy w sobie histori\u0119, kultur\u0119 i przyrod\u0119. Dzi\u0119ki majestatycznym kolegiom, imponuj\u0105cym muzeom i czaruj\u0105cej scenerii, oferuje niezapomniany wypoczynek dla wszystkich odwiedzaj\u0105cych. Przygotuj si\u0119 na zwiedzanie tego angielskiego klejnotu i odkryj jego wyj\u0105tkowy urok!<\/p>\n\n<p>Aby uzyska\u0107 wi\u0119cej porad lub spersonalizowanych rekomendacji, zapoznaj si\u0119 z naszymi innymi przewodnikami po g\u0142\u00f3wnych angielskich miastach. Nasze arkusze informacyjne obejmuj\u0105 <a href=\"https:\/\/uk-gb.net\/pl\/londyn\/\">Londyn<\/a>, <a href=\"https:\/\/uk-gb.net\/pl\/oxford\/\">Oxford<\/a>, <a href=\"https:\/\/uk-gb.net\/pl\/liverpool\/\">Liverpool<\/a> i <a href=\"https:\/\/uk-gb.net\/pl\/manchester\/\">Manchester<\/a>. Nie zapominaj, \u017ce zanim wyruszysz do Cambridge, musisz dope\u0142ni\u0107 <a href=\"https:\/\/uk-gb.net\/pl\/wiza-zjednoczone-krolestwo\/\">formalno\u015bci zwi\u0105zanych z podr\u00f3\u017c\u0105 do Wielkiej Brytanii<\/a>.  <\/p>\n\n<p><\/p>\n","protected":false},"excerpt":{"rendered":"<p>Odwied\u017a Cambridge we wschodniej Anglii Cambridge, we wschodniej Anglii, to miasto s\u0142yn\u0105ce ze \u015bwiatowej s\u0142awy uniwersytetu i \u015bredniowiecznej architektury. Dzi\u0119ki majestatycznym kolegiom, spokojnym ogrodom i r\u00f3\u017cnorodnym atrakcjom kulturalnym, Cambridge jest obowi\u0105zkowym celem podr\u00f3\u017cy dla mi\u0142o\u015bnik\u00f3w historii, wiedzy i naturalnego pi\u0119kna. Dlaczego warto odwiedzi\u0107 Cambridge? Cambridge to miasto o wyj\u0105tkowej atmosferze, \u0142\u0105cz\u0105ce tradycje akademickie z nowoczesno\u015bci\u0105. [&hellip;]<\/p>\n","protected":false},"author":1,"featured_media":0,"parent":0,"menu_order":0,"comment_status":"closed","ping_status":"closed","template":"","meta":{"footnotes":""},"class_list":["post-4574","page","type-page","status-publish","hentry"],"yoast_head":"<!-- This site is optimized with the Yoast SEO plugin v27.3 - https:\/\/yoast.com\/product\/yoast-seo-wordpress\/ -->\n<title>Odwied\u017a Cambridge i jego \u015bredniowieczn\u0105 architektur\u0119 - UK GB<\/title>\n<meta name=\"description\" content=\"Odwied\u017a historyczne miasto Cambridge we wschodniej Anglii podczas wakacji w Wielkiej Brytanii\" \/>\n<meta name=\"robots\" content=\"index, follow, max-snippet:-1, max-image-preview:large, max-video-preview:-1\" \/>\n<link rel=\"canonical\" href=\"https:\/\/uk-gb.net\/pl\/cambridge\/\" \/>\n<meta property=\"og:locale\" content=\"pl_PL\" \/>\n<meta property=\"og:type\" content=\"article\" \/>\n<meta property=\"og:title\" content=\"Odwied\u017a Cambridge i jego \u015bredniowieczn\u0105 architektur\u0119 - UK GB\" \/>\n<meta property=\"og:description\" content=\"Odwied\u017a historyczne miasto Cambridge we wschodniej Anglii podczas wakacji w Wielkiej Brytanii\" \/>\n<meta property=\"og:url\" content=\"https:\/\/uk-gb.net\/pl\/cambridge\/\" \/>\n<meta property=\"og:site_name\" content=\"UK GB\" \/>\n<meta property=\"article:modified_time\" content=\"2026-02-06T12:32:15+00:00\" \/>\n<meta property=\"og:image\" content=\"https:\/\/uk-gb.net\/wp-content\/uploads\/2025\/01\/Cambridge.jpg\" \/>\n\t<meta property=\"og:image:width\" content=\"1025\" \/>\n\t<meta property=\"og:image:height\" content=\"476\" \/>\n\t<meta property=\"og:image:type\" content=\"image\/jpeg\" \/>\n<meta name=\"twitter:card\" content=\"summary_large_image\" \/>\n<meta name=\"twitter:label1\" content=\"Szacowany czas czytania\" \/>\n\t<meta name=\"twitter:data1\" content=\"3 minuty\" \/>\n<script type=\"application\/ld+json\" class=\"yoast-schema-graph\">{\"@context\":\"https:\\\/\\\/schema.org\",\"@graph\":[{\"@type\":\"WebPage\",\"@id\":\"https:\\\/\\\/uk-gb.net\\\/pl\\\/cambridge\\\/\",\"url\":\"https:\\\/\\\/uk-gb.net\\\/pl\\\/cambridge\\\/\",\"name\":\"Odwied\u017a Cambridge i jego \u015bredniowieczn\u0105 architektur\u0119 - UK GB\",\"isPartOf\":{\"@id\":\"https:\\\/\\\/uk-gb.net\\\/pl\\\/#website\"},\"primaryImageOfPage\":{\"@id\":\"https:\\\/\\\/uk-gb.net\\\/pl\\\/cambridge\\\/#primaryimage\"},\"image\":{\"@id\":\"https:\\\/\\\/uk-gb.net\\\/pl\\\/cambridge\\\/#primaryimage\"},\"thumbnailUrl\":\"https:\\\/\\\/uk-gb.net\\\/wp-content\\\/uploads\\\/2025\\\/01\\\/Cambridge.jpg\",\"datePublished\":\"2025-01-15T13:03:38+00:00\",\"dateModified\":\"2026-02-06T12:32:15+00:00\",\"description\":\"Odwied\u017a historyczne miasto Cambridge we wschodniej Anglii podczas wakacji w Wielkiej Brytanii\",\"inLanguage\":\"pl-PL\",\"potentialAction\":[{\"@type\":\"ReadAction\",\"target\":[\"https:\\\/\\\/uk-gb.net\\\/pl\\\/cambridge\\\/\"]}]},{\"@type\":\"ImageObject\",\"inLanguage\":\"pl-PL\",\"@id\":\"https:\\\/\\\/uk-gb.net\\\/pl\\\/cambridge\\\/#primaryimage\",\"url\":\"https:\\\/\\\/uk-gb.net\\\/wp-content\\\/uploads\\\/2025\\\/01\\\/Cambridge.jpg\",\"contentUrl\":\"https:\\\/\\\/uk-gb.net\\\/wp-content\\\/uploads\\\/2025\\\/01\\\/Cambridge.jpg\"},{\"@type\":\"WebSite\",\"@id\":\"https:\\\/\\\/uk-gb.net\\\/pl\\\/#website\",\"url\":\"https:\\\/\\\/uk-gb.net\\\/pl\\\/\",\"name\":\"UK GB\",\"description\":\"Travel to the UK\",\"potentialAction\":[{\"@type\":\"SearchAction\",\"target\":{\"@type\":\"EntryPoint\",\"urlTemplate\":\"https:\\\/\\\/uk-gb.net\\\/pl\\\/?s={search_term_string}\"},\"query-input\":{\"@type\":\"PropertyValueSpecification\",\"valueRequired\":true,\"valueName\":\"search_term_string\"}}],\"inLanguage\":\"pl-PL\"}]}<\/script>\n<!-- \/ Yoast SEO plugin. -->","yoast_head_json":{"title":"Odwied\u017a Cambridge i jego \u015bredniowieczn\u0105 architektur\u0119 - UK GB","description":"Odwied\u017a historyczne miasto Cambridge we wschodniej Anglii podczas wakacji w Wielkiej Brytanii","robots":{"index":"index","follow":"follow","max-snippet":"max-snippet:-1","max-image-preview":"max-image-preview:large","max-video-preview":"max-video-preview:-1"},"canonical":"https:\/\/uk-gb.net\/pl\/cambridge\/","og_locale":"pl_PL","og_type":"article","og_title":"Odwied\u017a Cambridge i jego \u015bredniowieczn\u0105 architektur\u0119 - UK GB","og_description":"Odwied\u017a historyczne miasto Cambridge we wschodniej Anglii podczas wakacji w Wielkiej Brytanii","og_url":"https:\/\/uk-gb.net\/pl\/cambridge\/","og_site_name":"UK GB","article_modified_time":"2026-02-06T12:32:15+00:00","og_image":[{"width":1025,"height":476,"url":"https:\/\/uk-gb.net\/wp-content\/uploads\/2025\/01\/Cambridge.jpg","type":"image\/jpeg"}],"twitter_card":"summary_large_image","twitter_misc":{"Szacowany czas czytania":"3 minuty"},"schema":{"@context":"https:\/\/schema.org","@graph":[{"@type":"WebPage","@id":"https:\/\/uk-gb.net\/pl\/cambridge\/","url":"https:\/\/uk-gb.net\/pl\/cambridge\/","name":"Odwied\u017a Cambridge i jego \u015bredniowieczn\u0105 architektur\u0119 - UK GB","isPartOf":{"@id":"https:\/\/uk-gb.net\/pl\/#website"},"primaryImageOfPage":{"@id":"https:\/\/uk-gb.net\/pl\/cambridge\/#primaryimage"},"image":{"@id":"https:\/\/uk-gb.net\/pl\/cambridge\/#primaryimage"},"thumbnailUrl":"https:\/\/uk-gb.net\/wp-content\/uploads\/2025\/01\/Cambridge.jpg","datePublished":"2025-01-15T13:03:38+00:00","dateModified":"2026-02-06T12:32:15+00:00","description":"Odwied\u017a historyczne miasto Cambridge we wschodniej Anglii podczas wakacji w Wielkiej Brytanii","inLanguage":"pl-PL","potentialAction":[{"@type":"ReadAction","target":["https:\/\/uk-gb.net\/pl\/cambridge\/"]}]},{"@type":"ImageObject","inLanguage":"pl-PL","@id":"https:\/\/uk-gb.net\/pl\/cambridge\/#primaryimage","url":"https:\/\/uk-gb.net\/wp-content\/uploads\/2025\/01\/Cambridge.jpg","contentUrl":"https:\/\/uk-gb.net\/wp-content\/uploads\/2025\/01\/Cambridge.jpg"},{"@type":"WebSite","@id":"https:\/\/uk-gb.net\/pl\/#website","url":"https:\/\/uk-gb.net\/pl\/","name":"UK GB","description":"Travel to the UK","potentialAction":[{"@type":"SearchAction","target":{"@type":"EntryPoint","urlTemplate":"https:\/\/uk-gb.net\/pl\/?s={search_term_string}"},"query-input":{"@type":"PropertyValueSpecification","valueRequired":true,"valueName":"search_term_string"}}],"inLanguage":"pl-PL"}]}},"_links":{"self":[{"href":"https:\/\/uk-gb.net\/pl\/wp-json\/wp\/v2\/pages\/4574","targetHints":{"allow":["GET"]}}],"collection":[{"href":"https:\/\/uk-gb.net\/pl\/wp-json\/wp\/v2\/pages"}],"about":[{"href":"https:\/\/uk-gb.net\/pl\/wp-json\/wp\/v2\/types\/page"}],"author":[{"embeddable":true,"href":"https:\/\/uk-gb.net\/pl\/wp-json\/wp\/v2\/users\/1"}],"replies":[{"embeddable":true,"href":"https:\/\/uk-gb.net\/pl\/wp-json\/wp\/v2\/comments?post=4574"}],"version-history":[{"count":0,"href":"https:\/\/uk-gb.net\/pl\/wp-json\/wp\/v2\/pages\/4574\/revisions"}],"wp:attachment":[{"href":"https:\/\/uk-gb.net\/pl\/wp-json\/wp\/v2\/media?parent=4574"}],"curies":[{"name":"wp","href":"https:\/\/api.w.org\/{rel}","templated":true}]}}