{"id":4487,"date":"2025-01-14T10:24:28","date_gmt":"2025-01-14T10:24:28","guid":{"rendered":"https:\/\/uk-gb.net\/oxford\/"},"modified":"2025-08-28T16:22:26","modified_gmt":"2025-08-28T15:22:26","slug":"oxford","status":"publish","type":"page","link":"https:\/\/uk-gb.net\/pl\/oxford\/","title":{"rendered":"Odwied\u017a Oxford"},"content":{"rendered":"\n<h1 class=\"wp-block-heading\">Odwied\u017a miasto uniwersyteckie Oxford<\/h1>\n\n<p>Po\u0142o\u017cony w samym sercu Anglii Oxford jest znany na ca\u0142ym \u015bwiecie ze swojego presti\u017cowego uniwersytetu, bogatej architektury i intelektualnej atmosfery. Miasto w ludzkiej skali, \u0142\u0105czy w sobie histori\u0119, kultur\u0119 i ziele\u0144, oferuj\u0105c ucieczk\u0119, kt\u00f3ra jest r\u00f3wnie wzbogacaj\u0105ca, co egzotyczna, mniej ni\u017c dwie godziny od Londynu. <\/p>\n\n<h2 class=\"wp-block-heading\">Dlaczego warto odwiedzi\u0107 Oxford?<\/h2>\n\n<p>Oxford przyci\u0105ga turyst\u00f3w z ca\u0142ego \u015bwiata dzi\u0119ki swojemu 800-letniemu dziedzictwu uniwersyteckiemu. Miasto oferuje wyj\u0105tkowe wra\u017cenia: spacery po \u015bredniowiecznych uliczkach, zwiedzanie historycznych kolegi\u00f3w, odkrywanie wyj\u0105tkowych muze\u00f3w, a wszystko to w spokojnej i eleganckiej atmosferze. Oksford ma co\u015b dla ka\u017cdego, od mi\u0142o\u015bnik\u00f3w kultury po ciekawskich w poszukiwaniu historii lub malowniczych krajobraz\u00f3w.  <\/p>\n\n<h2 class=\"wp-block-heading\">Obowi\u0105zkowe miejsca w Oksfordzie<\/h2>\n\n<ul class=\"wp-block-list\">\n<li><a href=\"https:\/\/www.ox.ac.uk\/\">Uniwersytet Oksfordzki<\/a>: jeden z najstarszych uniwersytet\u00f3w na \u015bwiecie, sk\u0142adaj\u0105cy si\u0119 z kolegi\u00f3w o spektakularnej architekturze.<\/li>\n\n\n\n<li><a href=\"https:\/\/www.bodleian.ox.ac.uk\/home\">Bodleian Library<\/a>: zabytkowa biblioteka o niezr\u00f3wnanym uroku, cz\u0119sto wykorzystywana jako plan filmowy.<\/li>\n\n\n\n<li><a href=\"https:\/\/www.bodleian.ox.ac.uk\/libraries\/radcliffe-camera\">Radcliffe Camera<\/a>: Ikoniczny symbol miasta, ten okr\u0105g\u0142y budynek jest architektonicznym arcydzie\u0142em.<\/li>\n\n\n\n<li><a href=\"https:\/\/www.ashmolean.org\/\">Ashmolean Museum<\/a>: Wiod\u0105ce na \u015bwiecie muzeum uniwersyteckie z kolekcjami od staro\u017cytnego Egiptu po sztuk\u0119 wsp\u00f3\u0142czesn\u0105.<\/li>\n\n\n\n<li><a href=\"https:\/\/oxford-coveredmarket.co.uk\/\">Oxford Covered Market<\/a>: t\u0119tni\u0105cy \u017cyciem zadaszony rynek, idealny do degustacji lokalnych specja\u0142\u00f3w.<\/li>\n\n\n\n<li><a href=\"https:\/\/www.chch.ox.ac.uk\/cathedral\">Christ Church Cathedral<\/a>: s\u0142ynie z powi\u0105za\u0144 z <em>Harrym Potterem<\/em> i wspania\u0142ych ogrod\u00f3w.<\/li>\n\n\n\n<li><a href=\"https:\/\/www.magd.ox.ac.uk\/about-magdalen-college\/\">Magdalen College &amp; Deer Park<\/a>: Spokojne miejsce, w kt\u00f3rym \u0142\u0105czy si\u0119 natura, historia i lokalna przyroda.<\/li>\n<\/ul>\n\n<div style=\"height:10px\" aria-hidden=\"true\" class=\"wp-block-spacer\"><\/div>\n\n<h2 class=\"wp-block-heading\">Dzielnice do odkrycia<\/h2>\n\n<ul class=\"wp-block-list\">\n<li><strong>Centrum miasta<\/strong>: T\u0119tni\u0105ce \u017cyciem serce Oksfordu z ksi\u0119garniami, kawiarniami studenckimi i zabytkowymi budynkami.<\/li>\n\n\n\n<li><strong>Jerycho<\/strong>: artystyczna dzielnica z ma\u0142ymi teatrami, przytulnymi pubami i modnymi restauracjami.<\/li>\n\n\n\n<li><strong>Cowley Road<\/strong>: s\u0142ynie z r\u00f3\u017cnorodno\u015bci kulturowej i t\u0119tni\u0105cego \u017cycia nocnego.<\/li>\n\n\n\n<li><strong>North Oxford<\/strong>: zielona dzielnica mieszkalna, popularna w\u015br\u00f3d nauczycieli i rodzin.<\/li>\n<\/ul>\n\n<div style=\"height:10px\" aria-hidden=\"true\" class=\"wp-block-spacer\"><\/div>\n\n<h2 class=\"wp-block-heading\">Praktyczne wskaz\u00f3wki dotycz\u0105ce zwiedzania Oxfordu<\/h2>\n\n<figure class=\"wp-block-table\"><table><tbody><tr><td><strong>Transport<\/strong><\/td><td>\u0141atwy dojazd <a href=\"https:\/\/www.nationalrail.co.uk\/\">poci\u0105giem z Londynu<\/a>; korzystanie z autobus\u00f3w i rower\u00f3w do poruszania si\u0119 po mie\u015bcie.<\/td><\/tr><tr><td><strong>Zakwaterowanie<\/strong><\/td><td>R\u00f3\u017cnorodne opcje, od osobliwych pensjonat\u00f3w po luksusowe hotele.<\/td><\/tr><tr><td><strong>Waluta<\/strong><\/td><td>Funt szterling (\u00a3). P\u0142atno\u015bci zbli\u017ceniowe s\u0105 powszechnie akceptowane. <\/td><\/tr><tr><td><strong>J\u0119zyk<\/strong><\/td><td>Angielski.<\/td><\/tr><tr><td><strong>Pogoda<\/strong><\/td><td>We\u017a ze sob\u0105 parasol, poniewa\u017c deszcz jest cz\u0119stym zjawiskiem, niezale\u017cnie od pory roku.<\/td><\/tr><tr><td><strong>Formalno\u015bci<\/strong><\/td><td>Sprawd\u017a, czy potrzebujesz <a href=\"https:\/\/uk-gb.net\/pl\/wiza-do-oksfordu\/\">wizy oksfordzkiej<\/a> lub <a href=\"https:\/\/uk-gb.net\/pl\/eta-anglia-wielka-brytania\/\">brytyjskiego ETA<\/a>.<\/td><\/tr><\/tbody><\/table><\/figure>\n\n<h2 class=\"wp-block-heading\">Gdzie zje\u015b\u0107 w mie\u015bcie Oxford<\/h2>\n\n<ul class=\"wp-block-list\">\n<li><a href=\"https:\/\/www.handlebaroxford.co.uk\/\">The Handle Bar Caf\u00e9 &amp; Kitchen<\/a>: lokalna kuchnia, ekologiczne produkty, ciep\u0142a atmosfera.<\/li>\n\n\n\n<li><a href=\"https:\/\/oldbookbinders.co.uk\/\">The Old Bookbinders<\/a>: typowy francusko-brytyjski pub w dzielnicy Jericho.<\/li>\n\n\n\n<li><a href=\"https:\/\/www.thevaultsandgarden.com\/\">Vaults &amp; Garden Caf\u00e9<\/a>: Spokojny lunch w dawnym budynku uniwersyteckim.<\/li>\n\n\n\n<li><a href=\"https:\/\/www.quod.co.uk\/\">Quod Restaurant &amp; Bar<\/a>: elegancka restauracja mieszcz\u0105ca si\u0119 w dawnym banku.<\/li>\n\n\n\n<li><a href=\"https:\/\/www.gdcafe.com\/web\/\">G&amp;D&#8217;s Ice Cream Caf\u00e9<\/a>: lokalna instytucja serwuj\u0105ca domowe lody.<\/li>\n<\/ul>\n\n<div style=\"height:10px\" aria-hidden=\"true\" class=\"wp-block-spacer\"><\/div>\n\n<h2 class=\"wp-block-heading\">Kiedy warto odwiedzi\u0107 Oxford?<\/h2>\n\n<p>Najlepszy czas na wizyt\u0119 w Oksfordzie to okres od maja do wrze\u015bnia, kiedy temperatury s\u0105 przyjemne, a ogrody uniwersyteckie kwitn\u0105. Lato oferuje \u017cyw\u0105 atmosfer\u0119 dzi\u0119ki wydarzeniom studenckim, festiwalom kulturalnym i koncertom na \u015bwie\u017cym powietrzu. Wiosna i jesie\u0144 to r\u00f3wnie\u017c spokojniejszy czas na zwiedzanie, z mniejsz\u0105 liczb\u0105 turyst\u00f3w. B\u0105d\u017a przygotowany na zmienn\u0105 pogod\u0119, kt\u00f3ra jest typowa dla Anglii i nie zapomnij parasola!   <\/p>\n\n<h2 class=\"wp-block-heading\">Wnioski<\/h2>\n\n<p>Oksford to idealne miejsce dla tych, kt\u00f3rzy chc\u0105 po\u0142\u0105czy\u0107 kultur\u0119, histori\u0119 i spok\u00f3j w czaruj\u0105cym otoczeniu. Mniej zat\u0142oczony ni\u017c <a href=\"https:\/\/uk-gb.net\/pl\/londyn\/\">Londyn<\/a>, ale r\u00f3wnie bogaty w dziedzictwo, Oksford zachwyci Ci\u0119 swoj\u0105 elegancj\u0105, t\u0119tni\u0105cym \u017cyciem uniwersyteckim i bukolicznymi spacerami. Je\u015bli lubisz intelektualn\u0105 atmosfer\u0119 Cambridge, urok <a href=\"https:\/\/uk-gb.net\/pl\/manchester\/\">Manchesteru<\/a> lub wiejskie krajobrazy wok\u00f3\u0142 Edynburga, Oksford jest konieczno\u015bci\u0105.    <\/p>\n\n<p>Formalno\u015bci zwi\u0105zane z wizyt\u0105 w Oksfordzie zale\u017c\u0105 od narodowo\u015bci. Obywatele Unii Europejskiej i wielu innych kraj\u00f3w musz\u0105 obecnie uzyska\u0107 <a href=\"https:\/\/uk-gb.net\/pl\/eta-anglia-wielka-brytania\/\">elektroniczne zezwolenie na podr\u00f3\u017c (ETA)<\/a>, je\u015bli nie maj\u0105 <a href=\"https:\/\/uk-gb.net\/pl\/wiza-zjednoczone-krolestwo\/\">wizy do Anglii<\/a>. <\/p>\n\n<p>O ETA dla Wielkiej Brytanii nale\u017cy ubiega\u0107 si\u0119 online za po\u015brednictwem <a href=\"https:\/\/uk-gb.net\/pl\/aplikacja-iphone-uzyskania-wizy-eta-england\/\">oficjalnej aplikacji na iPhone&#8217;a<\/a>. Nie dotyczy to obywateli Irlandii i mieszka\u0144c\u00f3w Wielkiej Brytanii. <\/p>\n","protected":false},"excerpt":{"rendered":"<p>Odwied\u017a miasto uniwersyteckie Oxford Po\u0142o\u017cony w samym sercu Anglii Oxford jest znany na ca\u0142ym \u015bwiecie ze swojego presti\u017cowego uniwersytetu, bogatej architektury i intelektualnej atmosfery. Miasto w ludzkiej skali, \u0142\u0105czy w sobie histori\u0119, kultur\u0119 i ziele\u0144, oferuj\u0105c ucieczk\u0119, kt\u00f3ra jest r\u00f3wnie wzbogacaj\u0105ca, co egzotyczna, mniej ni\u017c dwie godziny od Londynu. Dlaczego warto odwiedzi\u0107 Oxford? Oxford przyci\u0105ga [&hellip;]<\/p>\n","protected":false},"author":1,"featured_media":0,"parent":0,"menu_order":0,"comment_status":"closed","ping_status":"closed","template":"","meta":{"footnotes":""},"class_list":["post-4487","page","type-page","status-publish","hentry"],"yoast_head":"<!-- This site is optimized with the Yoast SEO plugin v27.3 - https:\/\/yoast.com\/product\/yoast-seo-wordpress\/ -->\n<title>Odwied\u017a Oxford - UK GB<\/title>\n<meta name=\"description\" content=\"Kliknij tutaj, aby pozna\u0107 wszystkie nasze najlepsze wskaz\u00f3wki dotycz\u0105ce zwiedzania wspania\u0142ego angielskiego miasta Oxford podczas wakacji.\" \/>\n<meta name=\"robots\" content=\"index, follow, max-snippet:-1, max-image-preview:large, max-video-preview:-1\" \/>\n<link rel=\"canonical\" href=\"https:\/\/uk-gb.net\/pl\/oxford\/\" \/>\n<meta property=\"og:locale\" content=\"pl_PL\" \/>\n<meta property=\"og:type\" content=\"article\" \/>\n<meta property=\"og:title\" content=\"Odwied\u017a Oxford - UK GB\" \/>\n<meta property=\"og:description\" content=\"Kliknij tutaj, aby pozna\u0107 wszystkie nasze najlepsze wskaz\u00f3wki dotycz\u0105ce zwiedzania wspania\u0142ego angielskiego miasta Oxford podczas wakacji.\" \/>\n<meta property=\"og:url\" content=\"https:\/\/uk-gb.net\/pl\/oxford\/\" \/>\n<meta property=\"og:site_name\" content=\"UK GB\" \/>\n<meta property=\"article:modified_time\" content=\"2025-08-28T15:22:26+00:00\" \/>\n<meta name=\"twitter:card\" content=\"summary_large_image\" \/>\n<meta name=\"twitter:label1\" content=\"Szacowany czas czytania\" \/>\n\t<meta name=\"twitter:data1\" content=\"3 minuty\" \/>\n<script type=\"application\/ld+json\" class=\"yoast-schema-graph\">{\"@context\":\"https:\\\/\\\/schema.org\",\"@graph\":[{\"@type\":\"WebPage\",\"@id\":\"https:\\\/\\\/uk-gb.net\\\/pl\\\/oxford\\\/\",\"url\":\"https:\\\/\\\/uk-gb.net\\\/pl\\\/oxford\\\/\",\"name\":\"Odwied\u017a Oxford - UK GB\",\"isPartOf\":{\"@id\":\"https:\\\/\\\/uk-gb.net\\\/pl\\\/#website\"},\"datePublished\":\"2025-01-14T10:24:28+00:00\",\"dateModified\":\"2025-08-28T15:22:26+00:00\",\"description\":\"Kliknij tutaj, aby pozna\u0107 wszystkie nasze najlepsze wskaz\u00f3wki dotycz\u0105ce zwiedzania wspania\u0142ego angielskiego miasta Oxford podczas wakacji.\",\"inLanguage\":\"pl-PL\",\"potentialAction\":[{\"@type\":\"ReadAction\",\"target\":[\"https:\\\/\\\/uk-gb.net\\\/pl\\\/oxford\\\/\"]}]},{\"@type\":\"WebSite\",\"@id\":\"https:\\\/\\\/uk-gb.net\\\/pl\\\/#website\",\"url\":\"https:\\\/\\\/uk-gb.net\\\/pl\\\/\",\"name\":\"UK GB\",\"description\":\"Travel to the UK\",\"potentialAction\":[{\"@type\":\"SearchAction\",\"target\":{\"@type\":\"EntryPoint\",\"urlTemplate\":\"https:\\\/\\\/uk-gb.net\\\/pl\\\/?s={search_term_string}\"},\"query-input\":{\"@type\":\"PropertyValueSpecification\",\"valueRequired\":true,\"valueName\":\"search_term_string\"}}],\"inLanguage\":\"pl-PL\"}]}<\/script>\n<!-- \/ Yoast SEO plugin. -->","yoast_head_json":{"title":"Odwied\u017a Oxford - UK GB","description":"Kliknij tutaj, aby pozna\u0107 wszystkie nasze najlepsze wskaz\u00f3wki dotycz\u0105ce zwiedzania wspania\u0142ego angielskiego miasta Oxford podczas wakacji.","robots":{"index":"index","follow":"follow","max-snippet":"max-snippet:-1","max-image-preview":"max-image-preview:large","max-video-preview":"max-video-preview:-1"},"canonical":"https:\/\/uk-gb.net\/pl\/oxford\/","og_locale":"pl_PL","og_type":"article","og_title":"Odwied\u017a Oxford - UK GB","og_description":"Kliknij tutaj, aby pozna\u0107 wszystkie nasze najlepsze wskaz\u00f3wki dotycz\u0105ce zwiedzania wspania\u0142ego angielskiego miasta Oxford podczas wakacji.","og_url":"https:\/\/uk-gb.net\/pl\/oxford\/","og_site_name":"UK GB","article_modified_time":"2025-08-28T15:22:26+00:00","twitter_card":"summary_large_image","twitter_misc":{"Szacowany czas czytania":"3 minuty"},"schema":{"@context":"https:\/\/schema.org","@graph":[{"@type":"WebPage","@id":"https:\/\/uk-gb.net\/pl\/oxford\/","url":"https:\/\/uk-gb.net\/pl\/oxford\/","name":"Odwied\u017a Oxford - UK GB","isPartOf":{"@id":"https:\/\/uk-gb.net\/pl\/#website"},"datePublished":"2025-01-14T10:24:28+00:00","dateModified":"2025-08-28T15:22:26+00:00","description":"Kliknij tutaj, aby pozna\u0107 wszystkie nasze najlepsze wskaz\u00f3wki dotycz\u0105ce zwiedzania wspania\u0142ego angielskiego miasta Oxford podczas wakacji.","inLanguage":"pl-PL","potentialAction":[{"@type":"ReadAction","target":["https:\/\/uk-gb.net\/pl\/oxford\/"]}]},{"@type":"WebSite","@id":"https:\/\/uk-gb.net\/pl\/#website","url":"https:\/\/uk-gb.net\/pl\/","name":"UK GB","description":"Travel to the UK","potentialAction":[{"@type":"SearchAction","target":{"@type":"EntryPoint","urlTemplate":"https:\/\/uk-gb.net\/pl\/?s={search_term_string}"},"query-input":{"@type":"PropertyValueSpecification","valueRequired":true,"valueName":"search_term_string"}}],"inLanguage":"pl-PL"}]}},"_links":{"self":[{"href":"https:\/\/uk-gb.net\/pl\/wp-json\/wp\/v2\/pages\/4487","targetHints":{"allow":["GET"]}}],"collection":[{"href":"https:\/\/uk-gb.net\/pl\/wp-json\/wp\/v2\/pages"}],"about":[{"href":"https:\/\/uk-gb.net\/pl\/wp-json\/wp\/v2\/types\/page"}],"author":[{"embeddable":true,"href":"https:\/\/uk-gb.net\/pl\/wp-json\/wp\/v2\/users\/1"}],"replies":[{"embeddable":true,"href":"https:\/\/uk-gb.net\/pl\/wp-json\/wp\/v2\/comments?post=4487"}],"version-history":[{"count":0,"href":"https:\/\/uk-gb.net\/pl\/wp-json\/wp\/v2\/pages\/4487\/revisions"}],"wp:attachment":[{"href":"https:\/\/uk-gb.net\/pl\/wp-json\/wp\/v2\/media?parent=4487"}],"curies":[{"name":"wp","href":"https:\/\/api.w.org\/{rel}","templated":true}]}}