{"id":4165,"date":"2025-01-11T14:38:52","date_gmt":"2025-01-11T14:38:52","guid":{"rendered":"https:\/\/uk-gb.net\/liverpool\/"},"modified":"2025-08-27T09:18:17","modified_gmt":"2025-08-27T08:18:17","slug":"liverpool","status":"publish","type":"page","link":"https:\/\/uk-gb.net\/pl\/liverpool\/","title":{"rendered":"Przewodnik po mie\u015bcie Liverpool"},"content":{"rendered":"\n<h1 class=\"wp-block-heading\">Odwied\u017a Liverpool w p\u00f3\u0142nocno-zachodniej Anglii<\/h1>\n\n<p>Liverpool to miasto portowe w p\u00f3\u0142nocno-zachodniej Anglii. Liverpool jest wa\u017cnym o\u015brodkiem kulturalnym, znanym na ca\u0142ym \u015bwiecie jako miejsce narodzin Beatles\u00f3w. Przesi\u0105kni\u0119ty histori\u0105, dumny ze swojej morskiej to\u017csamo\u015bci, z pasj\u0105 do sztuki, muzyki i pi\u0142ki no\u017cnej, Liverpool jest t\u0119tni\u0105cym \u017cyciem, przyjaznym i ekscytuj\u0105cym miastem do odkrycia.  <\/p>\n\n<figure class=\"wp-block-image size-large\"><img fetchpriority=\"high\" decoding=\"async\" width=\"1024\" height=\"386\" src=\"https:\/\/uk-gb.net\/wp-content\/uploads\/2025\/01\/Liverpool-1024x386.jpg\" alt=\"\" class=\"wp-image-4137\" srcset=\"https:\/\/uk-gb.net\/wp-content\/uploads\/2025\/01\/Liverpool-1024x386.jpg 1024w, https:\/\/uk-gb.net\/wp-content\/uploads\/2025\/01\/Liverpool-300x113.jpg 300w, https:\/\/uk-gb.net\/wp-content\/uploads\/2025\/01\/Liverpool-768x289.jpg 768w, https:\/\/uk-gb.net\/wp-content\/uploads\/2025\/01\/Liverpool-1536x578.jpg 1536w, https:\/\/uk-gb.net\/wp-content\/uploads\/2025\/01\/Liverpool.jpg 2013w\" sizes=\"(max-width: 1024px) 100vw, 1024px\" \/><figcaption class=\"wp-element-caption\">Katedra w Liverpoolu<\/figcaption><\/figure>\n\n<div style=\"height:10px\" aria-hidden=\"true\" class=\"wp-block-spacer\"><\/div>\n\n<h2 class=\"wp-block-heading\">Dlaczego warto odwiedzi\u0107 Liverpool?<\/h2>\n\n<p>Liverpool to miasto o wyj\u0105tkowej atmosferze. Jego morska przesz\u0142o\u015b\u0107, widoczna w odrestaurowanych dokach, bogactwo kulturowe z licznymi muzeami i muzyczna atmosfera, kt\u00f3ra przenika jego ulice, dodaj\u0105 mu uroku. Od galerii sztuki i legendarnych stadion\u00f3w po rejsy po Mersey, Liverpool oferuje miejskie do\u015bwiadczenie, kt\u00f3re jest zar\u00f3wno dynamiczne, jak i g\u0142\u0119boko zakorzenione w brytyjskiej historii.  <\/p>\n\n<div style=\"height:10px\" aria-hidden=\"true\" class=\"wp-block-spacer\"><\/div>\n\n<h2 class=\"wp-block-heading\">Niezb\u0119dne rzeczy<\/h2>\n\n<ul class=\"wp-block-list\">\n<li><a href=\"https:\/\/www.beatlesstory.com\/\">The Beatles Story<\/a>: interaktywne muzeum przedstawiaj\u0105ce histori\u0119 legendarnego zespo\u0142u.<\/li>\n\n\n\n<li><a href=\"https:\/\/albertdock.com\/\">Royal Albert Dock<\/a>: dawny port przekszta\u0142cony w stref\u0119 kulturaln\u0105 z muzeami, sklepami i restauracjami.<\/li>\n\n\n\n<li><a href=\"https:\/\/liverpoolcathedral.org.uk\/\">Katedra w Liverpoolu<\/a>: jedna z najwi\u0119kszych katedr na \u015bwiecie o imponuj\u0105cej architekturze.<\/li>\n\n\n\n<li><a href=\"https:\/\/www.tate.org.uk\/visit\/tate-liverpool\">Tate Liverpool<\/a>: Oddzia\u0142 muzeum sztuki wsp\u00f3\u0142czesnej znajduj\u0105cy si\u0119 w dokach.<\/li>\n\n\n\n<li><a href=\"https:\/\/www.liverpoolfc.com\/info\/anfield\">Stadion Anfield<\/a>: legendarny stadion Liverpool FC, miejsce pielgrzymek fan\u00f3w pi\u0142ki no\u017cnej.<\/li>\n\n\n\n<li><a href=\"https:\/\/liverbuildingtour.com\/\">Royal Liver Building<\/a>: arcydzie\u0142o architektury edwardia\u0144skiej i symbol miasta.<\/li>\n<\/ul>\n\n<div style=\"height:10px\" aria-hidden=\"true\" class=\"wp-block-spacer\"><\/div>\n\n<h2 class=\"wp-block-heading\">Dzielnice do odkrycia<\/h2>\n\n<ul class=\"wp-block-list\">\n<li><strong>Georgian Quarter<\/strong>: historyczna dzielnica z eleganckimi ulicami i pi\u0119knymi starymi budynkami.<\/li>\n\n\n\n<li><strong>Tr\u00f3jk\u0105t Ba\u0142tycki<\/strong>: Modny, szybko zmieniaj\u0105cy si\u0119 obszar, popularny ze wzgl\u0119du na sztuk\u0119 uliczn\u0105, bary i wydarzenia kulturalne.<\/li>\n\n\n\n<li><strong>Ropewalks<\/strong>: T\u0119tni\u0105ca \u017cyciem okolica z niezale\u017cnymi kawiarniami, restauracjami i klubami.<\/li>\n\n\n\n<li><strong><strong>Waterfront<\/strong><\/strong> Wzd\u0142u\u017c rzeki Mersey, otwarta przestrze\u0144 \u0142\u0105cz\u0105ca histori\u0119 i nowoczesno\u015b\u0107.<\/li>\n<\/ul>\n\n<div style=\"height:10px\" aria-hidden=\"true\" class=\"wp-block-spacer\"><\/div>\n\n<h2 class=\"wp-block-heading\">Praktyczne porady<\/h2>\n\n<figure class=\"wp-block-table is-style-regular\"><table><tbody><tr><td><strong>Transport<\/strong><\/td><td>Miasto jest dobrze obs\u0142ugiwane przez poci\u0105gi i autobusy, a centrum jest \u0142atwo dost\u0119pne pieszo.<\/td><\/tr><tr><td><strong>Zakwaterowanie<\/strong><\/td><td>Hotele na ka\u017cd\u0105 kiesze\u0144, szczeg\u00f3lnie w okolicach dok\u00f3w lub historycznego centrum.<\/td><\/tr><tr><td><strong>Waluta<\/strong><\/td><td>Funt szterling (\u00a3). P\u0142atno\u015bci zbli\u017ceniowe s\u0105 powszechnie akceptowane. <\/td><\/tr><tr><td><strong>J\u0119zyk<\/strong><\/td><td>Angielski, z wyra\u017anym i bardzo rozpoznawalnym lokalnym akcentem.<\/td><\/tr><tr><td><strong>Formalno\u015bci<\/strong><\/td><td>Musisz uzyska\u0107 <a href=\"https:\/\/uk-gb.net\/pl\/eta-anglia-wielka-brytania\/\">brytyjski ETA<\/a> lub <a href=\"https:\/\/uk-gb.net\/pl\/wiza-do-liverpoolu\/\">wiz\u0119 do Liverpoolu<\/a><\/td><\/tr><tr><td><strong>Pogoda<\/strong><\/td><td>Klimat oceaniczny, cz\u0119sto zmienny; nale\u017cy zabra\u0107 ze sob\u0105 mackintosh.<\/td><\/tr><\/tbody><\/table><\/figure>\n\n<div style=\"height:10px\" aria-hidden=\"true\" class=\"wp-block-spacer\"><\/div>\n\n<h2 class=\"wp-block-heading\">Gdzie zje\u015b\u0107?<\/h2>\n\n<ul class=\"wp-block-list\">\n<li><a href=\"https:\/\/www.mowglistreetfood.com\/restaurants\/liverpool-water-street\/\">Mowgli Street Food<\/a>: oferuje nowoczesne i pyszne indyjskie doznania kulinarne.<\/li>\n\n\n\n<li><a href=\"https:\/\/www.panoramic34.com\/\">Panoramic 34<\/a>: panoramiczna restauracja z widokiem na miasto i rzek\u0119 Mersey.<\/li>\n\n\n\n<li><a href=\"https:\/\/www.cavernclub.com\/\">The Cavern Club<\/a>: na drinka w legendarnym miejscu muzycznym.<\/li>\n\n\n\n<li><a href=\"https:\/\/theartschoolrestaurant.co.uk\/\">The Art School<\/a>: wyrafinowana gastronomia w eleganckim, kameralnym otoczeniu.<\/li>\n\n\n\n<li><a href=\"https:\/\/lunya.co.uk\/liverpool\/\">Lunya<\/a>: Tapas i katalo\u0144skie produkty w ciep\u0142ej atmosferze.<\/li>\n<\/ul>\n\n<div style=\"height:10px\" aria-hidden=\"true\" class=\"wp-block-spacer\"><\/div>\n\n<h2 class=\"wp-block-heading\">Kiedy jecha\u0107?<\/h2>\n\n<p>Liverpool to \u015bwietne miejsce do odwiedzenia od wiosny do jesieni. Lato jest idealne na festiwale i spacery wzd\u0142u\u017c rzeki Mersey. Wiosna oferuje \u0142agodn\u0105 pogod\u0119 idealn\u0105 na wizyty kulturalne, podczas gdy jesie\u0144 zachwyca mi\u0142o\u015bnik\u00f3w muze\u00f3w i przytulnej atmosfery. Zim\u0105 jarmarki bo\u017conarodzeniowe i \u015bwi\u0105teczne dekoracje dodaj\u0105 magicznego charakteru.   <\/p>\n\n<div style=\"height:10px\" aria-hidden=\"true\" class=\"wp-block-spacer\"><\/div>\n\n<h2 class=\"wp-block-heading\">Jakie s\u0105 formalno\u015bci zwi\u0105zane z wizyt\u0105 w Liverpoolu?<\/h2>\n\n<p>Podobnie jak w przypadku ka\u017cdego wjazdu do Wielkiej Brytanii, formalno\u015bci zwi\u0105zane z wizyt\u0105 w Liverpoolu zale\u017c\u0105 od narodowo\u015bci. Obywatele Unii Europejskiej, Stan\u00f3w Zjednoczonych, Kanady i wielu innych kraj\u00f3w musz\u0105 obecnie uzyska\u0107 <a href=\"https:\/\/uk-gb.net\/pl\/eta-anglia-wielka-brytania\/\">zezwolenie ETA<\/a>, je\u015bli nie posiadaj\u0105 wizy. <\/p>\n\n<p>\u015arodek ten ma zastosowanie do pobyt\u00f3w turystycznych kr\u00f3tszych ni\u017c sze\u015b\u0107 miesi\u0119cy. <a href=\"https:\/\/uk-gb.net\/pl\/wiza-online-eta-anglii\/\">Formularz ETA mo\u017cna wype\u0142ni\u0107 online<\/a> lub za po\u015brednictwem <a href=\"https:\/\/uk-gb.net\/pl\/aplikacja-iphone-uzyskania-wizy-eta-england\/\">aplikacji cyfrowej UK ETA<\/a>. Nie dotyczy to obywateli Irlandii ani mieszka\u0144c\u00f3w Wielkiej Brytanii. Upewnij si\u0119, \u017ce sprawdzi\u0142e\u015b warunki przed wyjazdem, aby unikn\u0105\u0107 nieprzyjemnych niespodzianek.   <\/p>\n\n<p>Aby uzyska\u0107 wi\u0119cej porad lub spersonalizowanych rekomendacji, zapoznaj si\u0119 z naszymi innymi przewodnikami po g\u0142\u00f3wnych angielskich miastach. Nasze przewodniki obejmuj\u0105 <a href=\"https:\/\/uk-gb.net\/pl\/londyn\/\">Londyn<\/a>, <a href=\"https:\/\/uk-gb.net\/pl\/oxford\/\">Oxford<\/a> i <a href=\"https:\/\/uk-gb.net\/pl\/manchester\/\">Manchester<\/a>. <\/p>\n","protected":false},"excerpt":{"rendered":"<p>Odwied\u017a Liverpool w p\u00f3\u0142nocno-zachodniej Anglii Liverpool to miasto portowe w p\u00f3\u0142nocno-zachodniej Anglii. Liverpool jest wa\u017cnym o\u015brodkiem kulturalnym, znanym na ca\u0142ym \u015bwiecie jako miejsce narodzin Beatles\u00f3w. Przesi\u0105kni\u0119ty histori\u0105, dumny ze swojej morskiej to\u017csamo\u015bci, z pasj\u0105 do sztuki, muzyki i pi\u0142ki no\u017cnej, Liverpool jest t\u0119tni\u0105cym \u017cyciem, przyjaznym i ekscytuj\u0105cym miastem do odkrycia. Dlaczego warto odwiedzi\u0107 Liverpool? Liverpool [&hellip;]<\/p>\n","protected":false},"author":1,"featured_media":0,"parent":0,"menu_order":0,"comment_status":"closed","ping_status":"closed","template":"","meta":{"footnotes":""},"class_list":["post-4165","page","type-page","status-publish","hentry"],"yoast_head":"<!-- This site is optimized with the Yoast SEO plugin v27.3 - https:\/\/yoast.com\/product\/yoast-seo-wordpress\/ -->\n<title>Przewodnik po mie\u015bcie Liverpool - UK GB<\/title>\n<meta name=\"description\" content=\"Odkryj magiczne angielskie miasto Liverpool. Lista najlepszych miejsc na wspania\u0142y pobyt w Liverpoolu.\" \/>\n<meta name=\"robots\" content=\"index, follow, max-snippet:-1, max-image-preview:large, max-video-preview:-1\" \/>\n<link rel=\"canonical\" href=\"https:\/\/uk-gb.net\/pl\/liverpool\/\" \/>\n<meta property=\"og:locale\" content=\"pl_PL\" \/>\n<meta property=\"og:type\" content=\"article\" \/>\n<meta property=\"og:title\" content=\"Przewodnik po mie\u015bcie Liverpool - UK GB\" \/>\n<meta property=\"og:description\" content=\"Odkryj magiczne angielskie miasto Liverpool. Lista najlepszych miejsc na wspania\u0142y pobyt w Liverpoolu.\" \/>\n<meta property=\"og:url\" content=\"https:\/\/uk-gb.net\/pl\/liverpool\/\" \/>\n<meta property=\"og:site_name\" content=\"UK GB\" \/>\n<meta property=\"article:modified_time\" content=\"2025-08-27T08:18:17+00:00\" \/>\n<meta property=\"og:image\" content=\"https:\/\/uk-gb.net\/wp-content\/uploads\/2025\/01\/Liverpool.jpg\" \/>\n\t<meta property=\"og:image:width\" content=\"2013\" \/>\n\t<meta property=\"og:image:height\" content=\"758\" \/>\n\t<meta property=\"og:image:type\" content=\"image\/jpeg\" \/>\n<meta name=\"twitter:card\" content=\"summary_large_image\" \/>\n<meta name=\"twitter:label1\" content=\"Szacowany czas czytania\" \/>\n\t<meta name=\"twitter:data1\" content=\"3 minuty\" \/>\n<script type=\"application\/ld+json\" class=\"yoast-schema-graph\">{\"@context\":\"https:\\\/\\\/schema.org\",\"@graph\":[{\"@type\":\"WebPage\",\"@id\":\"https:\\\/\\\/uk-gb.net\\\/pl\\\/liverpool\\\/\",\"url\":\"https:\\\/\\\/uk-gb.net\\\/pl\\\/liverpool\\\/\",\"name\":\"Przewodnik po mie\u015bcie Liverpool - UK GB\",\"isPartOf\":{\"@id\":\"https:\\\/\\\/uk-gb.net\\\/pl\\\/#website\"},\"primaryImageOfPage\":{\"@id\":\"https:\\\/\\\/uk-gb.net\\\/pl\\\/liverpool\\\/#primaryimage\"},\"image\":{\"@id\":\"https:\\\/\\\/uk-gb.net\\\/pl\\\/liverpool\\\/#primaryimage\"},\"thumbnailUrl\":\"https:\\\/\\\/uk-gb.net\\\/wp-content\\\/uploads\\\/2025\\\/01\\\/Liverpool-1024x386.jpg\",\"datePublished\":\"2025-01-11T14:38:52+00:00\",\"dateModified\":\"2025-08-27T08:18:17+00:00\",\"description\":\"Odkryj magiczne angielskie miasto Liverpool. Lista najlepszych miejsc na wspania\u0142y pobyt w Liverpoolu.\",\"inLanguage\":\"pl-PL\",\"potentialAction\":[{\"@type\":\"ReadAction\",\"target\":[\"https:\\\/\\\/uk-gb.net\\\/pl\\\/liverpool\\\/\"]}]},{\"@type\":\"ImageObject\",\"inLanguage\":\"pl-PL\",\"@id\":\"https:\\\/\\\/uk-gb.net\\\/pl\\\/liverpool\\\/#primaryimage\",\"url\":\"https:\\\/\\\/uk-gb.net\\\/wp-content\\\/uploads\\\/2025\\\/01\\\/Liverpool-1024x386.jpg\",\"contentUrl\":\"https:\\\/\\\/uk-gb.net\\\/wp-content\\\/uploads\\\/2025\\\/01\\\/Liverpool-1024x386.jpg\"},{\"@type\":\"WebSite\",\"@id\":\"https:\\\/\\\/uk-gb.net\\\/pl\\\/#website\",\"url\":\"https:\\\/\\\/uk-gb.net\\\/pl\\\/\",\"name\":\"UK GB\",\"description\":\"Travel to the UK\",\"potentialAction\":[{\"@type\":\"SearchAction\",\"target\":{\"@type\":\"EntryPoint\",\"urlTemplate\":\"https:\\\/\\\/uk-gb.net\\\/pl\\\/?s={search_term_string}\"},\"query-input\":{\"@type\":\"PropertyValueSpecification\",\"valueRequired\":true,\"valueName\":\"search_term_string\"}}],\"inLanguage\":\"pl-PL\"}]}<\/script>\n<!-- \/ Yoast SEO plugin. -->","yoast_head_json":{"title":"Przewodnik po mie\u015bcie Liverpool - UK GB","description":"Odkryj magiczne angielskie miasto Liverpool. Lista najlepszych miejsc na wspania\u0142y pobyt w Liverpoolu.","robots":{"index":"index","follow":"follow","max-snippet":"max-snippet:-1","max-image-preview":"max-image-preview:large","max-video-preview":"max-video-preview:-1"},"canonical":"https:\/\/uk-gb.net\/pl\/liverpool\/","og_locale":"pl_PL","og_type":"article","og_title":"Przewodnik po mie\u015bcie Liverpool - UK GB","og_description":"Odkryj magiczne angielskie miasto Liverpool. Lista najlepszych miejsc na wspania\u0142y pobyt w Liverpoolu.","og_url":"https:\/\/uk-gb.net\/pl\/liverpool\/","og_site_name":"UK GB","article_modified_time":"2025-08-27T08:18:17+00:00","og_image":[{"width":2013,"height":758,"url":"https:\/\/uk-gb.net\/wp-content\/uploads\/2025\/01\/Liverpool.jpg","type":"image\/jpeg"}],"twitter_card":"summary_large_image","twitter_misc":{"Szacowany czas czytania":"3 minuty"},"schema":{"@context":"https:\/\/schema.org","@graph":[{"@type":"WebPage","@id":"https:\/\/uk-gb.net\/pl\/liverpool\/","url":"https:\/\/uk-gb.net\/pl\/liverpool\/","name":"Przewodnik po mie\u015bcie Liverpool - UK GB","isPartOf":{"@id":"https:\/\/uk-gb.net\/pl\/#website"},"primaryImageOfPage":{"@id":"https:\/\/uk-gb.net\/pl\/liverpool\/#primaryimage"},"image":{"@id":"https:\/\/uk-gb.net\/pl\/liverpool\/#primaryimage"},"thumbnailUrl":"https:\/\/uk-gb.net\/wp-content\/uploads\/2025\/01\/Liverpool-1024x386.jpg","datePublished":"2025-01-11T14:38:52+00:00","dateModified":"2025-08-27T08:18:17+00:00","description":"Odkryj magiczne angielskie miasto Liverpool. Lista najlepszych miejsc na wspania\u0142y pobyt w Liverpoolu.","inLanguage":"pl-PL","potentialAction":[{"@type":"ReadAction","target":["https:\/\/uk-gb.net\/pl\/liverpool\/"]}]},{"@type":"ImageObject","inLanguage":"pl-PL","@id":"https:\/\/uk-gb.net\/pl\/liverpool\/#primaryimage","url":"https:\/\/uk-gb.net\/wp-content\/uploads\/2025\/01\/Liverpool-1024x386.jpg","contentUrl":"https:\/\/uk-gb.net\/wp-content\/uploads\/2025\/01\/Liverpool-1024x386.jpg"},{"@type":"WebSite","@id":"https:\/\/uk-gb.net\/pl\/#website","url":"https:\/\/uk-gb.net\/pl\/","name":"UK GB","description":"Travel to the UK","potentialAction":[{"@type":"SearchAction","target":{"@type":"EntryPoint","urlTemplate":"https:\/\/uk-gb.net\/pl\/?s={search_term_string}"},"query-input":{"@type":"PropertyValueSpecification","valueRequired":true,"valueName":"search_term_string"}}],"inLanguage":"pl-PL"}]}},"_links":{"self":[{"href":"https:\/\/uk-gb.net\/pl\/wp-json\/wp\/v2\/pages\/4165","targetHints":{"allow":["GET"]}}],"collection":[{"href":"https:\/\/uk-gb.net\/pl\/wp-json\/wp\/v2\/pages"}],"about":[{"href":"https:\/\/uk-gb.net\/pl\/wp-json\/wp\/v2\/types\/page"}],"author":[{"embeddable":true,"href":"https:\/\/uk-gb.net\/pl\/wp-json\/wp\/v2\/users\/1"}],"replies":[{"embeddable":true,"href":"https:\/\/uk-gb.net\/pl\/wp-json\/wp\/v2\/comments?post=4165"}],"version-history":[{"count":0,"href":"https:\/\/uk-gb.net\/pl\/wp-json\/wp\/v2\/pages\/4165\/revisions"}],"wp:attachment":[{"href":"https:\/\/uk-gb.net\/pl\/wp-json\/wp\/v2\/media?parent=4165"}],"curies":[{"name":"wp","href":"https:\/\/api.w.org\/{rel}","templated":true}]}}