{"id":414,"date":"2023-11-13T17:36:02","date_gmt":"2023-11-13T17:36:02","guid":{"rendered":"https:\/\/uk-gb.net\/nota-prawna\/"},"modified":"2025-08-27T09:21:35","modified_gmt":"2025-08-27T08:21:35","slug":"nota-prawna","status":"publish","type":"page","link":"https:\/\/uk-gb.net\/pl\/nota-prawna\/","title":{"rendered":"Informacje prawne"},"content":{"rendered":"\n<h1 class=\"wp-block-heading\">Nota prawna<\/h1>\n\n<p>Publikujemy stron\u0119 informacyjn\u0105 na temat pobyt\u00f3w turystycznych w Wielkiej Brytanii. Strona internetowa i sp\u00f3\u0142ka operacyjna s\u0105 niezale\u017cne od jakiejkolwiek administracji publicznej. Nie maj\u0105 oni \u017cadnych powi\u0105za\u0144 z brytyjsk\u0105 administracj\u0105.  <\/p>\n\n<h2 class=\"wp-block-heading\">Edytor stron internetowych<\/h2>\n\n<p>Strona jest publikowana przez firm\u0119 konsultingow\u0105 zarejestrowan\u0105 na Malcie w ramach Wsp\u00f3lnoty Europejskiej. Naszym mened\u017cerem publikacji jest pan Manuel Borg.  Aby si\u0119 z nami skontaktowa\u0107, skorzystaj z <a href=\"https:\/\/uk-gb.net\/pl\/contact\/\">formularza kontaktowego<\/a>.<\/p>\n\n<p>Jeste\u015bmy prywatn\u0105 stron\u0105 internetow\u0105 po\u015bwi\u0119con\u0105 dostarczaniu informacji.\nWitryna nie oferuje \u017cadnych us\u0142ug handlowych online. <\/p>\n\n<p>Witryna zawiera hiper\u0142\u0105cza reklamowe, kt\u00f3re mog\u0105 kierowa\u0107 u\u017cytkownik\u00f3w do zewn\u0119trznych witryn internetowych os\u00f3b trzecich: nie ponosimy odpowiedzialno\u015bci za ich polityk\u0119 poufno\u015bci ani praktyki handlowe.<\/p>\n\n<h2 class=\"wp-block-heading\">Przetwarzanie danych osobowych<\/h2>\n\n<p>Nie gromadzimy \u017cadnych danych osobowych za po\u015brednictwem formularzy online. Jedynym formularzem na naszej stronie jest prosty formularz kontaktowy. Informacje wprowadzone w celu skontaktowania si\u0119 z nami s\u0105 regularnie usuwane. Odwiedzaj\u0105cy maj\u0105 prawo dost\u0119pu do tych danych, ich modyfikowania, poprawiania i usuwania.    Aby skorzysta\u0107 z tego prawa, nale\u017cy skontaktowa\u0107 si\u0119 z nami za pomoc\u0105 <a href=\"https:\/\/uk-gb.net\/pl\/contact\/\">formularza kontaktowego<\/a>.<\/p>\n","protected":false},"excerpt":{"rendered":"<p>Nota prawna Publikujemy stron\u0119 informacyjn\u0105 na temat pobyt\u00f3w turystycznych w Wielkiej Brytanii. Strona internetowa i sp\u00f3\u0142ka operacyjna s\u0105 niezale\u017cne od jakiejkolwiek administracji publicznej. Nie maj\u0105 oni \u017cadnych powi\u0105za\u0144 z brytyjsk\u0105 administracj\u0105. Edytor stron internetowych Strona jest publikowana przez firm\u0119 konsultingow\u0105 zarejestrowan\u0105 na Malcie w ramach Wsp\u00f3lnoty Europejskiej. Naszym mened\u017cerem publikacji jest pan Manuel Borg. Aby [&hellip;]<\/p>\n","protected":false},"author":1,"featured_media":0,"parent":0,"menu_order":0,"comment_status":"closed","ping_status":"closed","template":"","meta":{"footnotes":""},"class_list":["post-414","page","type-page","status-publish","hentry"],"yoast_head":"<!-- This site is optimized with the Yoast SEO plugin v27.3 - https:\/\/yoast.com\/product\/yoast-seo-wordpress\/ -->\n<title>Informacje prawne - UK GB<\/title>\n<meta name=\"description\" content=\"Nota prawna dotycz\u0105ca witryny uk-gb.net\" \/>\n<meta name=\"robots\" content=\"noindex, nofollow\" \/>\n<meta property=\"og:locale\" content=\"pl_PL\" \/>\n<meta property=\"og:type\" content=\"article\" \/>\n<meta property=\"og:title\" content=\"Informacje prawne - UK GB\" \/>\n<meta property=\"og:description\" content=\"Nota prawna dotycz\u0105ca witryny uk-gb.net\" \/>\n<meta property=\"og:url\" content=\"https:\/\/uk-gb.net\/pl\/nota-prawna\/\" \/>\n<meta property=\"og:site_name\" content=\"UK GB\" \/>\n<meta property=\"article:modified_time\" content=\"2025-08-27T08:21:35+00:00\" \/>\n<meta name=\"twitter:card\" content=\"summary_large_image\" \/>\n<meta name=\"twitter:label1\" content=\"Szacowany czas czytania\" \/>\n\t<meta name=\"twitter:data1\" content=\"1 minuta\" \/>\n<script type=\"application\/ld+json\" class=\"yoast-schema-graph\">{\"@context\":\"https:\\\/\\\/schema.org\",\"@graph\":[{\"@type\":\"WebPage\",\"@id\":\"https:\\\/\\\/uk-gb.net\\\/pl\\\/nota-prawna\\\/\",\"url\":\"https:\\\/\\\/uk-gb.net\\\/pl\\\/nota-prawna\\\/\",\"name\":\"Informacje prawne - UK GB\",\"isPartOf\":{\"@id\":\"https:\\\/\\\/uk-gb.net\\\/pl\\\/#website\"},\"datePublished\":\"2023-11-13T17:36:02+00:00\",\"dateModified\":\"2025-08-27T08:21:35+00:00\",\"description\":\"Nota prawna dotycz\u0105ca witryny uk-gb.net\",\"inLanguage\":\"pl-PL\",\"potentialAction\":[{\"@type\":\"ReadAction\",\"target\":[\"https:\\\/\\\/uk-gb.net\\\/pl\\\/nota-prawna\\\/\"]}]},{\"@type\":\"WebSite\",\"@id\":\"https:\\\/\\\/uk-gb.net\\\/pl\\\/#website\",\"url\":\"https:\\\/\\\/uk-gb.net\\\/pl\\\/\",\"name\":\"UK GB\",\"description\":\"Travel to the UK\",\"potentialAction\":[{\"@type\":\"SearchAction\",\"target\":{\"@type\":\"EntryPoint\",\"urlTemplate\":\"https:\\\/\\\/uk-gb.net\\\/pl\\\/?s={search_term_string}\"},\"query-input\":{\"@type\":\"PropertyValueSpecification\",\"valueRequired\":true,\"valueName\":\"search_term_string\"}}],\"inLanguage\":\"pl-PL\"}]}<\/script>\n<!-- \/ Yoast SEO plugin. -->","yoast_head_json":{"title":"Informacje prawne - UK GB","description":"Nota prawna dotycz\u0105ca witryny uk-gb.net","robots":{"index":"noindex","follow":"nofollow"},"og_locale":"pl_PL","og_type":"article","og_title":"Informacje prawne - UK GB","og_description":"Nota prawna dotycz\u0105ca witryny uk-gb.net","og_url":"https:\/\/uk-gb.net\/pl\/nota-prawna\/","og_site_name":"UK GB","article_modified_time":"2025-08-27T08:21:35+00:00","twitter_card":"summary_large_image","twitter_misc":{"Szacowany czas czytania":"1 minuta"},"schema":{"@context":"https:\/\/schema.org","@graph":[{"@type":"WebPage","@id":"https:\/\/uk-gb.net\/pl\/nota-prawna\/","url":"https:\/\/uk-gb.net\/pl\/nota-prawna\/","name":"Informacje prawne - UK GB","isPartOf":{"@id":"https:\/\/uk-gb.net\/pl\/#website"},"datePublished":"2023-11-13T17:36:02+00:00","dateModified":"2025-08-27T08:21:35+00:00","description":"Nota prawna dotycz\u0105ca witryny uk-gb.net","inLanguage":"pl-PL","potentialAction":[{"@type":"ReadAction","target":["https:\/\/uk-gb.net\/pl\/nota-prawna\/"]}]},{"@type":"WebSite","@id":"https:\/\/uk-gb.net\/pl\/#website","url":"https:\/\/uk-gb.net\/pl\/","name":"UK GB","description":"Travel to the UK","potentialAction":[{"@type":"SearchAction","target":{"@type":"EntryPoint","urlTemplate":"https:\/\/uk-gb.net\/pl\/?s={search_term_string}"},"query-input":{"@type":"PropertyValueSpecification","valueRequired":true,"valueName":"search_term_string"}}],"inLanguage":"pl-PL"}]}},"_links":{"self":[{"href":"https:\/\/uk-gb.net\/pl\/wp-json\/wp\/v2\/pages\/414","targetHints":{"allow":["GET"]}}],"collection":[{"href":"https:\/\/uk-gb.net\/pl\/wp-json\/wp\/v2\/pages"}],"about":[{"href":"https:\/\/uk-gb.net\/pl\/wp-json\/wp\/v2\/types\/page"}],"author":[{"embeddable":true,"href":"https:\/\/uk-gb.net\/pl\/wp-json\/wp\/v2\/users\/1"}],"replies":[{"embeddable":true,"href":"https:\/\/uk-gb.net\/pl\/wp-json\/wp\/v2\/comments?post=414"}],"version-history":[{"count":0,"href":"https:\/\/uk-gb.net\/pl\/wp-json\/wp\/v2\/pages\/414\/revisions"}],"wp:attachment":[{"href":"https:\/\/uk-gb.net\/pl\/wp-json\/wp\/v2\/media?parent=414"}],"curies":[{"name":"wp","href":"https:\/\/api.w.org\/{rel}","templated":true}]}}