{"id":3924,"date":"2025-01-11T11:00:01","date_gmt":"2025-01-11T11:00:01","guid":{"rendered":"https:\/\/uk-gb.net\/londres\/"},"modified":"2025-08-27T09:19:15","modified_gmt":"2025-08-27T08:19:15","slug":"londyn","status":"publish","type":"page","link":"https:\/\/uk-gb.net\/pl\/londyn\/","title":{"rendered":"Przewodnik turystyczny po Londynie"},"content":{"rendered":"\n<h1 class=\"wp-block-heading\">Odwied\u017a miasto Londyn w Kr\u00f3lestwie Anglii<\/h1>\n\n<p>Londyn, t\u0119tni\u0105ca \u017cyciem i wp\u0142ywowa stolica, jest kulturalnym i historycznym skrzy\u017cowaniem. To miasto o wielu obliczach, kt\u00f3re \u015bmia\u0142o \u0142\u0105czy kr\u00f3lewskie dziedzictwo ze wsp\u00f3\u0142czesn\u0105 kreatywno\u015bci\u0105. Od kultowych zabytk\u00f3w, takich jak Big Ben i Tower of London, po awangardowe galerie sztuki i kosmopolityczne dzielnice, brytyjska stolica urzeka zar\u00f3wno swoj\u0105 r\u00f3\u017cnorodno\u015bci\u0105, jak i energi\u0105. Niezale\u017cnie od tego, czy jeste\u015b mi\u0142o\u015bnikiem historii, muze\u00f3w, gastronomii czy rozrywki, Londyn obiecuje bogate i niewyczerpane do\u015bwiadczenie.   <\/p>\n\n<figure class=\"wp-block-image size-large\"><img decoding=\"async\" src=\"https:\/\/uk-gb.net\/wp-content\/uploads\/2025\/01\/London-1024x469.jpeg\" alt=\"City of London\" class=\"wp-image-3893\"\/><figcaption class=\"wp-element-caption\">Miasto Londyn, Anglia<\/figcaption><\/figure>\n\n<h2 class=\"wp-block-heading\">Dlaczego warto odwiedzi\u0107 Londyn?<\/h2>\n\n<p>Londyn jest klas\u0105 sam\u0105 w sobie, oferuj\u0105c r\u00f3\u017cnorodne do\u015bwiadczenia za ka\u017cdym rogiem. Urzeka mi\u0142o\u015bnik\u00f3w historii swoimi pa\u0142acami i muzeami, przyci\u0105ga kupuj\u0105cych swoimi targami i domami towarowymi oraz zachwyca smakoszy swoj\u0105 niezwykle zr\u00f3\u017cnicowan\u0105 scen\u0105 kulinarn\u0105. Niezale\u017cnie od tego, czy jeste\u015b rodzin\u0105, par\u0105 czy samotnym podr\u00f3\u017cnikiem, Londyn jest miastem, z kt\u00f3rego zawsze wracasz z poczuciem, \u017ce widzia\u0142e\u015b tylko cz\u0119\u015b\u0107 tego, co ma do zaoferowania.  <\/p>\n\n<h2 class=\"wp-block-heading\">Obowi\u0105zkowe miejsca w Londynie<\/h2>\n\n<ul class=\"wp-block-list\">\n<li><a href=\"https:\/\/www.rct.uk\/visit\/buckingham-palace\">Pa\u0142ac Buckingham<\/a>: Oficjalna rezydencja brytyjskiej monarchii.<\/li>\n\n\n\n<li><a href=\"https:\/\/www.parliament.uk\/about\/living-heritage\/building\/palace\/big-ben\/\">Big Ben<\/a> i <a href=\"https:\/\/www.parliament.uk\/about\/living-heritage\/building\/palace\/\">Pa\u0142ac Westminsterski<\/a>: Jeden z najbardziej rozpoznawalnych symboli miasta.<\/li>\n\n\n\n<li><a href=\"https:\/\/www.hrp.org.uk\/tower-of-london\/#gs.j42e6u\">Tower of London<\/a>: tysi\u0105cletnia forteca mieszcz\u0105ca klejnoty koronne.<\/li>\n\n\n\n<li><a href=\"https:\/\/www.westminster-abbey.org\/fr\/visit-us\/\">Opactwo Westminsterskie<\/a>: To staro\u017cytne opactwo jest punktem orientacyjnym w historii Wielkiej Brytanii.<\/li>\n\n\n\n<li><a href=\"https:\/\/www.londoneye.com\/\">London Eye<\/a>: kultowy diabelski m\u0142yn oferuj\u0105cy panoramiczne widoki na miasto.<\/li>\n\n\n\n<li><a href=\"https:\/\/www.britishmuseum.org\/\">British Museum<\/a>: bezp\u0142atne muzeum z imponuj\u0105cymi zbiorami z ca\u0142ego \u015bwiata.<\/li>\n<\/ul>\n\n<div style=\"height:10px\" aria-hidden=\"true\" class=\"wp-block-spacer\"><\/div>\n\n<h2 class=\"wp-block-heading\">Dzielnice do odkrycia<\/h2>\n\n<ul class=\"wp-block-list\">\n<li><strong>Notting Hill<\/strong>: Kolorowa i malownicza dzielnica, s\u0142yn\u0105ca z targu Portobello Road.<\/li>\n\n\n\n<li><strong>Camden<\/strong>: alternatywna dzielnica z modnymi targowiskami i undergroundow\u0105 scen\u0105 muzyczn\u0105.<\/li>\n\n\n\n<li><strong>South Bank<\/strong>: Kulturalne wybrze\u017ce rzeki z Shakespeare&#8217;s Globe, London Eye i Tate Modern.<\/li>\n\n\n\n<li><strong>Soho<\/strong>: serce nocnego \u017cycia Londynu, z teatrami i modnymi barami.<\/li>\n\n\n\n<li><strong>Covent Garden<\/strong>: Znany z ulicznych artyst\u00f3w, wyj\u0105tkowych butik\u00f3w i t\u0119tni\u0105cej \u017cyciem atmosfery.<\/li>\n<\/ul>\n\n<div style=\"height:10px\" aria-hidden=\"true\" class=\"wp-block-spacer\"><\/div>\n\n<h2 class=\"wp-block-heading\">Praktyczne wskaz\u00f3wki dotycz\u0105ce zwiedzania Londynu<\/h2>\n\n<figure class=\"wp-block-table is-style-regular\"><table><tbody><tr><th>Aspekt<\/th><th>Szczeg\u00f3\u0142y<\/th><\/tr><tr><td><strong>Transport<\/strong><\/td><td>Sie\u0107 metra, czerwone autobusy, poci\u0105gi i rowery samoobs\u0142ugowe. Zalecana <a href=\"https:\/\/oyster.tfl.gov.uk\/oyster\/entry.do\">karta Oyster Card<\/a>.<\/td><\/tr><tr><td><strong>Zakwaterowanie<\/strong><\/td><td>Szeroki wyb\u00f3r opcji: hostele, hotele butikowe, luksusowe obiekty.<\/td><\/tr><tr><td><strong>Waluta<\/strong><\/td><td>Funt szterling (\u00a3). P\u0142atno\u015bci zbli\u017ceniowe s\u0105 szeroko rozpowszechnione. <\/td><\/tr><tr><td><strong>Wisa<\/strong><\/td><td>Sprawd\u017a, czy potrzebujesz <a href=\"https:\/\/uk-gb.net\/pl\/eta-anglia-wielka-brytania\/\">brytyjskiego ETA<\/a> lub <a href=\"https:\/\/uk-gb.net\/pl\/wiza-do-londynu\/\">wizy do Londynu<\/a><\/td><\/tr><tr><td><strong>Gniazda elektryczne<\/strong><\/td><td>Typ G (zalecany adapter).<\/td><\/tr><tr><td><strong>Pogoda<\/strong><\/td><td>Nale\u017cy zabra\u0107 ze sob\u0105 odzie\u017c odpowiedni\u0105 na deszcz, kt\u00f3ry jest powszechny przez ca\u0142y rok.<\/td><\/tr><\/tbody><\/table><\/figure>\n\n<div style=\"height:10px\" aria-hidden=\"true\" class=\"wp-block-spacer\"><\/div>\n\n<h2 class=\"wp-block-heading\">Gdzie zje\u015b\u0107 w Londynie?<\/h2>\n\n<ul class=\"wp-block-list\">\n<li><a href=\"https:\/\/www.thewolseley.com\/\">The Wolseley<\/a>: londy\u0144ska instytucja na \u015bniadanie lub popo\u0142udniow\u0105 herbat\u0119.<\/li>\n\n\n\n<li><a href=\"https:\/\/sketch.london\/\">Szkic<\/a>: Gastronomia i sztuka wsp\u00f3\u0142czesna w wyj\u0105tkowym otoczeniu.<\/li>\n\n\n\n<li><a href=\"https:\/\/flatironsteak.co.uk\/\">Flat Iron<\/a>: Popularne miejsce, w kt\u00f3rym mo\u017cna zje\u015b\u0107 wysokiej jako\u015bci stek w rozs\u0105dnej cenie.<\/li>\n\n\n\n<li><a href=\"https:\/\/boroughmarket.org.uk\/\">Borough Market<\/a>: \u015bwi\u0105tynia ulicznego jedzenia i produkt\u00f3w rzemie\u015blniczych.<\/li>\n\n\n\n<li><a href=\"https:\/\/www.dishoom.com\/\">Dishoom<\/a>: popularna indyjska restauracja, b\u0119d\u0105ca ho\u0142dem dla kawiarni Bombaju.<\/li>\n<\/ul>\n\n<div style=\"height:10px\" aria-hidden=\"true\" class=\"wp-block-spacer\"><\/div>\n\n<h2 class=\"wp-block-heading\">Kiedy wybra\u0107 si\u0119 do Londynu?<\/h2>\n\n<p>Londyn mo\u017cna zwiedza\u0107 o ka\u017cdej porze roku. Wiosna zachwyca kwitn\u0105cymi parkami, a lato oferuje festiwale, tarasy i imprezy na \u015bwie\u017cym powietrzu. Jesie\u0144 ujawnia wysublimowane kolory w Ogrodach Kr\u00f3lewskich. Zima jest magiczna dzi\u0119ki \u015bwi\u0105tecznym lampkom, jarmarkom i witrynom dom\u00f3w towarowych.   <\/p>\n\n<h2 class=\"wp-block-heading\">Wnioski<\/h2>\n\n<p><a href=\"https:\/\/www.london.gov.uk\/\">Londyn<\/a> to miasto \u015bwiatowe, stale w ruchu, oferuj\u0105ce niesko\u0144czon\u0105 gam\u0119 kulturowych, historycznych i ludzkich do\u015bwiadcze\u0144. Wi\u0119kszy i bardziej zr\u00f3\u017cnicowany ni\u017c miasta takie jak <a href=\"https:\/\/uk-gb.net\/pl\/oxford\/\">Oxford<\/a> czy Cambridge, bardziej mi\u0119dzynarodowy ni\u017c <a href=\"https:\/\/uk-gb.net\/pl\/manchester\/\">Manchester<\/a> czy Edynburg, uosabia istot\u0119 wsp\u00f3\u0142czesnej Wielkiej Brytanii. Przygotuj si\u0119 na sw\u00f3j pobyt, poniewa\u017c Londyn to nie miejsce do odwiedzenia: to miejsce do prze\u017cycia.  <\/p>\n\n<p>Formalno\u015bci zwi\u0105zane z wizyt\u0105 w Londynie zale\u017c\u0105 od narodowo\u015bci. Obywatele Unii Europejskiej i wielu innych kraj\u00f3w musz\u0105 uzyska\u0107 <a href=\"https:\/\/uk-gb.net\/pl\/eta-anglia-wielka-brytania\/\">elektroniczne zezwolenie na podr\u00f3\u017c (ETA)<\/a>, je\u015bli nie posiadaj\u0105 <a href=\"https:\/\/uk-gb.net\/pl\/wiza-do-londynu\/\">wizy do Londynu<\/a>. <\/p>\n\n<p>O ETA dla Wielkiej Brytanii nale\u017cy ubiega\u0107 si\u0119 online za po\u015brednictwem <a href=\"https:\/\/uk-gb.net\/pl\/aplikacja-iphone-uzyskania-wizy-eta-england\/\">oficjalnej aplikacji na iPhone&#8217;a<\/a>. Nie dotyczy to obywateli Irlandii i mieszka\u0144c\u00f3w Wielkiej Brytanii. <\/p>\n","protected":false},"excerpt":{"rendered":"<p>Odwied\u017a miasto Londyn w Kr\u00f3lestwie Anglii Londyn, t\u0119tni\u0105ca \u017cyciem i wp\u0142ywowa stolica, jest kulturalnym i historycznym skrzy\u017cowaniem. To miasto o wielu obliczach, kt\u00f3re \u015bmia\u0142o \u0142\u0105czy kr\u00f3lewskie dziedzictwo ze wsp\u00f3\u0142czesn\u0105 kreatywno\u015bci\u0105. Od kultowych zabytk\u00f3w, takich jak Big Ben i Tower of London, po awangardowe galerie sztuki i kosmopolityczne dzielnice, brytyjska stolica urzeka zar\u00f3wno swoj\u0105 r\u00f3\u017cnorodno\u015bci\u0105, jak [&hellip;]<\/p>\n","protected":false},"author":1,"featured_media":0,"parent":0,"menu_order":0,"comment_status":"closed","ping_status":"closed","template":"","meta":{"footnotes":""},"class_list":["post-3924","page","type-page","status-publish","hentry"],"yoast_head":"<!-- This site is optimized with the Yoast SEO plugin v27.3 - https:\/\/yoast.com\/product\/yoast-seo-wordpress\/ -->\n<title>Przewodnik turystyczny po Londynie - UK GB<\/title>\n<meta name=\"description\" content=\"Wszystkie informacje turystyczne o Londynie, kt\u00f3rych potrzebujesz, aby jak najlepiej wykorzysta\u0107 sw\u00f3j pobyt w tej kulturalnej i historycznej stolicy.\" \/>\n<meta name=\"robots\" content=\"index, follow, max-snippet:-1, max-image-preview:large, max-video-preview:-1\" \/>\n<link rel=\"canonical\" href=\"https:\/\/uk-gb.net\/pl\/londyn\/\" \/>\n<meta property=\"og:locale\" content=\"pl_PL\" \/>\n<meta property=\"og:type\" content=\"article\" \/>\n<meta property=\"og:title\" content=\"Przewodnik turystyczny po Londynie - UK GB\" \/>\n<meta property=\"og:description\" content=\"Wszystkie informacje turystyczne o Londynie, kt\u00f3rych potrzebujesz, aby jak najlepiej wykorzysta\u0107 sw\u00f3j pobyt w tej kulturalnej i historycznej stolicy.\" \/>\n<meta property=\"og:url\" content=\"https:\/\/uk-gb.net\/pl\/londyn\/\" \/>\n<meta property=\"og:site_name\" content=\"UK GB\" \/>\n<meta property=\"article:modified_time\" content=\"2025-08-27T08:19:15+00:00\" \/>\n<meta property=\"og:image\" content=\"https:\/\/uk-gb.net\/wp-content\/uploads\/2025\/01\/London-scaled-e1747988544474.jpeg\" \/>\n\t<meta property=\"og:image:width\" content=\"2103\" \/>\n\t<meta property=\"og:image:height\" content=\"1028\" \/>\n\t<meta property=\"og:image:type\" content=\"image\/jpeg\" \/>\n<meta name=\"twitter:card\" content=\"summary_large_image\" \/>\n<meta name=\"twitter:label1\" content=\"Szacowany czas czytania\" \/>\n\t<meta name=\"twitter:data1\" content=\"3 minuty\" \/>\n<script type=\"application\/ld+json\" class=\"yoast-schema-graph\">{\"@context\":\"https:\\\/\\\/schema.org\",\"@graph\":[{\"@type\":\"WebPage\",\"@id\":\"https:\\\/\\\/uk-gb.net\\\/pl\\\/londyn\\\/\",\"url\":\"https:\\\/\\\/uk-gb.net\\\/pl\\\/londyn\\\/\",\"name\":\"Przewodnik turystyczny po Londynie - UK GB\",\"isPartOf\":{\"@id\":\"https:\\\/\\\/uk-gb.net\\\/pl\\\/#website\"},\"primaryImageOfPage\":{\"@id\":\"https:\\\/\\\/uk-gb.net\\\/pl\\\/londyn\\\/#primaryimage\"},\"image\":{\"@id\":\"https:\\\/\\\/uk-gb.net\\\/pl\\\/londyn\\\/#primaryimage\"},\"thumbnailUrl\":\"https:\\\/\\\/uk-gb.net\\\/wp-content\\\/uploads\\\/2025\\\/01\\\/London-1024x469.jpeg\",\"datePublished\":\"2025-01-11T11:00:01+00:00\",\"dateModified\":\"2025-08-27T08:19:15+00:00\",\"description\":\"Wszystkie informacje turystyczne o Londynie, kt\u00f3rych potrzebujesz, aby jak najlepiej wykorzysta\u0107 sw\u00f3j pobyt w tej kulturalnej i historycznej stolicy.\",\"inLanguage\":\"pl-PL\",\"potentialAction\":[{\"@type\":\"ReadAction\",\"target\":[\"https:\\\/\\\/uk-gb.net\\\/pl\\\/londyn\\\/\"]}]},{\"@type\":\"ImageObject\",\"inLanguage\":\"pl-PL\",\"@id\":\"https:\\\/\\\/uk-gb.net\\\/pl\\\/londyn\\\/#primaryimage\",\"url\":\"https:\\\/\\\/uk-gb.net\\\/wp-content\\\/uploads\\\/2025\\\/01\\\/London-1024x469.jpeg\",\"contentUrl\":\"https:\\\/\\\/uk-gb.net\\\/wp-content\\\/uploads\\\/2025\\\/01\\\/London-1024x469.jpeg\"},{\"@type\":\"WebSite\",\"@id\":\"https:\\\/\\\/uk-gb.net\\\/pl\\\/#website\",\"url\":\"https:\\\/\\\/uk-gb.net\\\/pl\\\/\",\"name\":\"UK GB\",\"description\":\"Travel to the UK\",\"potentialAction\":[{\"@type\":\"SearchAction\",\"target\":{\"@type\":\"EntryPoint\",\"urlTemplate\":\"https:\\\/\\\/uk-gb.net\\\/pl\\\/?s={search_term_string}\"},\"query-input\":{\"@type\":\"PropertyValueSpecification\",\"valueRequired\":true,\"valueName\":\"search_term_string\"}}],\"inLanguage\":\"pl-PL\"}]}<\/script>\n<!-- \/ Yoast SEO plugin. -->","yoast_head_json":{"title":"Przewodnik turystyczny po Londynie - UK GB","description":"Wszystkie informacje turystyczne o Londynie, kt\u00f3rych potrzebujesz, aby jak najlepiej wykorzysta\u0107 sw\u00f3j pobyt w tej kulturalnej i historycznej stolicy.","robots":{"index":"index","follow":"follow","max-snippet":"max-snippet:-1","max-image-preview":"max-image-preview:large","max-video-preview":"max-video-preview:-1"},"canonical":"https:\/\/uk-gb.net\/pl\/londyn\/","og_locale":"pl_PL","og_type":"article","og_title":"Przewodnik turystyczny po Londynie - UK GB","og_description":"Wszystkie informacje turystyczne o Londynie, kt\u00f3rych potrzebujesz, aby jak najlepiej wykorzysta\u0107 sw\u00f3j pobyt w tej kulturalnej i historycznej stolicy.","og_url":"https:\/\/uk-gb.net\/pl\/londyn\/","og_site_name":"UK GB","article_modified_time":"2025-08-27T08:19:15+00:00","og_image":[{"width":2103,"height":1028,"url":"https:\/\/uk-gb.net\/wp-content\/uploads\/2025\/01\/London-scaled-e1747988544474.jpeg","type":"image\/jpeg"}],"twitter_card":"summary_large_image","twitter_misc":{"Szacowany czas czytania":"3 minuty"},"schema":{"@context":"https:\/\/schema.org","@graph":[{"@type":"WebPage","@id":"https:\/\/uk-gb.net\/pl\/londyn\/","url":"https:\/\/uk-gb.net\/pl\/londyn\/","name":"Przewodnik turystyczny po Londynie - UK GB","isPartOf":{"@id":"https:\/\/uk-gb.net\/pl\/#website"},"primaryImageOfPage":{"@id":"https:\/\/uk-gb.net\/pl\/londyn\/#primaryimage"},"image":{"@id":"https:\/\/uk-gb.net\/pl\/londyn\/#primaryimage"},"thumbnailUrl":"https:\/\/uk-gb.net\/wp-content\/uploads\/2025\/01\/London-1024x469.jpeg","datePublished":"2025-01-11T11:00:01+00:00","dateModified":"2025-08-27T08:19:15+00:00","description":"Wszystkie informacje turystyczne o Londynie, kt\u00f3rych potrzebujesz, aby jak najlepiej wykorzysta\u0107 sw\u00f3j pobyt w tej kulturalnej i historycznej stolicy.","inLanguage":"pl-PL","potentialAction":[{"@type":"ReadAction","target":["https:\/\/uk-gb.net\/pl\/londyn\/"]}]},{"@type":"ImageObject","inLanguage":"pl-PL","@id":"https:\/\/uk-gb.net\/pl\/londyn\/#primaryimage","url":"https:\/\/uk-gb.net\/wp-content\/uploads\/2025\/01\/London-1024x469.jpeg","contentUrl":"https:\/\/uk-gb.net\/wp-content\/uploads\/2025\/01\/London-1024x469.jpeg"},{"@type":"WebSite","@id":"https:\/\/uk-gb.net\/pl\/#website","url":"https:\/\/uk-gb.net\/pl\/","name":"UK GB","description":"Travel to the UK","potentialAction":[{"@type":"SearchAction","target":{"@type":"EntryPoint","urlTemplate":"https:\/\/uk-gb.net\/pl\/?s={search_term_string}"},"query-input":{"@type":"PropertyValueSpecification","valueRequired":true,"valueName":"search_term_string"}}],"inLanguage":"pl-PL"}]}},"_links":{"self":[{"href":"https:\/\/uk-gb.net\/pl\/wp-json\/wp\/v2\/pages\/3924","targetHints":{"allow":["GET"]}}],"collection":[{"href":"https:\/\/uk-gb.net\/pl\/wp-json\/wp\/v2\/pages"}],"about":[{"href":"https:\/\/uk-gb.net\/pl\/wp-json\/wp\/v2\/types\/page"}],"author":[{"embeddable":true,"href":"https:\/\/uk-gb.net\/pl\/wp-json\/wp\/v2\/users\/1"}],"replies":[{"embeddable":true,"href":"https:\/\/uk-gb.net\/pl\/wp-json\/wp\/v2\/comments?post=3924"}],"version-history":[{"count":0,"href":"https:\/\/uk-gb.net\/pl\/wp-json\/wp\/v2\/pages\/3924\/revisions"}],"wp:attachment":[{"href":"https:\/\/uk-gb.net\/pl\/wp-json\/wp\/v2\/media?parent=3924"}],"curies":[{"name":"wp","href":"https:\/\/api.w.org\/{rel}","templated":true}]}}